{"id":21680,"date":"2023-12-29T21:26:23","date_gmt":"2023-12-29T13:26:23","guid":{"rendered":"http:\/\/stone-phoenix.com\/product\/marble-floor-tile-manufacturer-grey-wood-marble"},"modified":"2024-03-24T21:35:21","modified_gmt":"2024-03-24T13:35:21","slug":"marble-floor-tile-manufacturer-grey-wood-marble","status":"publish","type":"product","link":"https:\/\/stone-phoenix.com\/fr\/produit\/marble-floor-tile-manufacturer-grey-wood-marble","title":{"rendered":"Carreaux de sol en marbre Fabricant de carreaux de sol en bois gris"},"content":{"rendered":"<div id=\"tab-description\" class=\"woocommerce-Tabs-panel woocommerce-Tabs-panel--description panel entry-content wc-tab\" role=\"tabpanel\" aria-labelledby=\"tab-title-description\">\n<h2><span style=\"font-size: 18pt;\">Carreaux de sol en marbre Fabricant de carreaux de sol en bois gris<\/span><\/h2>\n<p>Les carreaux de sol en marbre sont fabriqu\u00e9s dans notre usine de fabrication de carreaux de sol en marbre, r\u00e9put\u00e9e pour sa beaut\u00e9 luxueuse et sa sophistication. Nos carreaux de sol en marbre sont fabriqu\u00e9s avec pr\u00e9cision et attention aux d\u00e9tails, en utilisant uniquement du marbre de la meilleure qualit\u00e9 provenant du monde entier.<\/p>\n<p>Notre collection de carreaux de sol en marbre offre une large gamme de couleurs, de motifs et de finitions \u00e9tonnants, vous permettant de cr\u00e9er une solution de rev\u00eatement de sol unique et captivante pour votre espace r\u00e9sidentiel ou commercial. Des marbres blancs et gris classiques avec des veines subtiles aux marbres richement color\u00e9s avec des motifs audacieux et frappants, nos carreaux de sol en marbre sont parfaits pour rehausser l'attrait esth\u00e9tique de n'importe quel style de d\u00e9coration d'int\u00e9rieur.<\/p>\n<p>L'un des principaux avantages des carreaux de sol en marbre est leur durabilit\u00e9 et leur long\u00e9vit\u00e9. Le marbre est une pierre naturelle connue pour sa r\u00e9sistance et sa r\u00e9silience, ce qui en fait un choix id\u00e9al pour les zones tr\u00e8s fr\u00e9quent\u00e9es de votre maison ou de votre espace commercial. Nos dalles de sol en marbre sont soigneusement s\u00e9lectionn\u00e9es, trait\u00e9es et finies pour r\u00e9pondre aux normes de qualit\u00e9 les plus \u00e9lev\u00e9es, ce qui leur permet de r\u00e9sister \u00e0 l'\u00e9preuve du temps et de conserver leur beaut\u00e9 intemporelle pendant des ann\u00e9es.<\/p>\n<p>Outre leur durabilit\u00e9, nos carreaux de sol en marbre offrent \u00e9galement une \u00e9l\u00e9gance et une polyvalence in\u00e9gal\u00e9es. Le marbre est un mat\u00e9riau classique et intemporel qui peut ajouter une touche de sophistication et d'opulence \u00e0 n'importe quel espace. Que vous am\u00e9nagiez un espace moderne et contemporain ou un int\u00e9rieur traditionnel et ancien, nos carreaux de sol en marbre peuvent rehausser l'esth\u00e9tique g\u00e9n\u00e9rale et cr\u00e9er une pi\u00e8ce qui ne manquera pas d'impressionner.<\/p>\n<p>Nos carreaux de sol en marbre sont disponibles dans une vari\u00e9t\u00e9 de finitions pour r\u00e9pondre \u00e0 vos pr\u00e9f\u00e9rences en mati\u00e8re de design. La finition polie offre un aspect brillant et lisse qui refl\u00e8te magnifiquement la lumi\u00e8re, cr\u00e9ant un aspect luxueux et haut de gamme. La finition adoucie offre une surface mate et lisse avec une brillance subtile, parfaite pour une esth\u00e9tique plus discr\u00e8te et raffin\u00e9e. En outre, nos carreaux de sol en marbre peuvent \u00e9galement \u00eatre personnalis\u00e9s avec des finitions uniques, telles que bross\u00e9 ou tambourin\u00e9, pour cr\u00e9er un aspect plus textur\u00e9 et rustique.<\/p>\n<p>En tant que fabricant de carreaux de sol en marbre de confiance, nous nous engageons \u00e0 fournir une qualit\u00e9 et un service exceptionnels. Nos artisans qualifi\u00e9s utilisent des technologies de pointe et des techniques traditionnelles pour produire des carreaux de sol en marbre qui r\u00e9pondent aux normes les plus \u00e9lev\u00e9es de l'industrie. Nous proposons \u00e9galement des options de prix comp\u00e9titives et un excellent service \u00e0 la client\u00e8le afin de garantir votre enti\u00e8re satisfaction avec nos produits.<\/p>\n<p>Rehaussez l'\u00e9l\u00e9gance et la beaut\u00e9 de vos espaces int\u00e9rieurs avec nos carreaux de sol en marbre. Explorez notre collection de carreaux de sol en marbre d\u00e8s aujourd'hui et d\u00e9couvrez le charme intemporel et la sophistication du marbre pour vos besoins en mati\u00e8re de rev\u00eatement de sol. Contactez-nous pour en savoir plus sur notre processus de fabrication de carreaux de sol en marbre et sur la fa\u00e7on dont nous pouvons donner vie \u00e0 votre vision du design gr\u00e2ce \u00e0 nos carreaux de sol en marbre de qualit\u00e9 sup\u00e9rieure.<\/p>\n<table style=\"height: 383px;\" width=\"1361\">\n<tbody>\n<tr>\n<td width=\"121\">Mat\u00e9riau<\/td>\n<td width=\"125\">Couleur primaire<\/td>\n<td width=\"193\">Produit<\/td>\n<td width=\"231\">Taille (cm)<\/td>\n<td width=\"156\">Finition<\/td>\n<td width=\"72\">Densit\u00e9<br \/>\n(g\/cm3)<\/td>\n<td width=\"116\">Absorption de l'eau<br \/>\n(%)<\/td>\n<\/tr>\n<tr>\n<td>Marbre de bois gris<\/td>\n<td>Gris<\/td>\n<td width=\"193\">Dalle<br \/>\nCarrelage<br \/>\nEscalier<br \/>\nColonne<br \/>\nPilier<br \/>\nAppui de fen\u00eatre<br \/>\nComptoir<br \/>\nEtc<\/td>\n<td width=\"231\">240up x120up x2\/3<br \/>\n60\u00d730\/60\u00d71\/1.5\/2\/3<br \/>\n100-160x34x3<br \/>\n100-160x15x2Etc<\/td>\n<td width=\"156\">Poli<br \/>\nHonor\u00e9<br \/>\nAntiquit\u00e9<br \/>\nEtc<\/td>\n<td>2.55<\/td>\n<td>0.46<\/td>\n<\/tr>\n<\/tbody>\n<\/table>\n<h2>S\u00e9rie Marbre de bois<\/h2>\n<table style=\"border-collapse: collapse; width: 162.03pt;\" border=\"0\" width=\"216\" cellspacing=\"0\" cellpadding=\"0\">\n<tbody>\n<tr style=\"height: 13.50pt;\">\n<td style=\"height: 13.50pt; width: 54.00pt;\" align=\"right\" width=\"72\" height=\"18\">\n<figure id=\"attachment_6316\" class=\"wp-caption aligncenter\" style=\"width: 400px;\" aria-describedby=\"caption-attachment-6316\"><img loading=\"lazy\" decoding=\"async\" class=\"alignnone size-full wp-image-21682\" src=\"http:\/\/stone-phoenix.com\/wp-content\/uploads\/2023\/12\/1703885184.jpg\" width=\"400\" height=\"400\" srcset=\"https:\/\/stone-phoenix.com\/wp-content\/uploads\/2023\/12\/1703885184.jpg 400w, https:\/\/stone-phoenix.com\/wp-content\/uploads\/2023\/12\/1703885184-300x300.jpg 300w, https:\/\/stone-phoenix.com\/wp-content\/uploads\/2023\/12\/1703885184-150x150.jpg 150w, https:\/\/stone-phoenix.com\/wp-content\/uploads\/2023\/12\/1703885184-12x12.jpg 12w\" sizes=\"(max-width: 400px) 100vw, 400px\" \/><figcaption id=\"caption-attachment-6316\" class=\"wp-caption-text\">Ath\u00e8nes Bois Marbre<\/figcaption><\/figure>\n<\/td>\n<td style=\"width: 54.00pt;\" align=\"right\" width=\"72\">\n<figure id=\"attachment_6317\" class=\"wp-caption aligncenter\" style=\"width: 400px;\" aria-describedby=\"caption-attachment-6317\"><img loading=\"lazy\" decoding=\"async\" class=\"alignnone size-full wp-image-21683\" src=\"http:\/\/stone-phoenix.com\/wp-content\/uploads\/2023\/12\/1703885185.jpg\" width=\"400\" height=\"400\" srcset=\"https:\/\/stone-phoenix.com\/wp-content\/uploads\/2023\/12\/1703885185.jpg 400w, https:\/\/stone-phoenix.com\/wp-content\/uploads\/2023\/12\/1703885185-300x300.jpg 300w, https:\/\/stone-phoenix.com\/wp-content\/uploads\/2023\/12\/1703885185-150x150.jpg 150w, https:\/\/stone-phoenix.com\/wp-content\/uploads\/2023\/12\/1703885185-12x12.jpg 12w\" sizes=\"(max-width: 400px) 100vw, 400px\" \/><figcaption id=\"caption-attachment-6317\" class=\"wp-caption-text\">Marbre de la for\u00eat noire<\/figcaption><\/figure>\n<\/td>\n<td style=\"width: 54.00pt;\" align=\"right\" width=\"72\">\n<figure id=\"attachment_6318\" class=\"wp-caption aligncenter\" style=\"width: 400px;\" aria-describedby=\"caption-attachment-6318\"><figcaption id=\"caption-attachment-6318\" class=\"wp-caption-text\">Marbre de bois bleu<\/figcaption><\/figure>\n<\/td>\n<\/tr>\n<tr style=\"height: 13.50pt;\">\n<td style=\"height: 13.50pt;\" align=\"right\" height=\"18\">\n<figure id=\"attachment_6319\" class=\"wp-caption aligncenter\" style=\"width: 400px;\" aria-describedby=\"caption-attachment-6319\"><img loading=\"lazy\" decoding=\"async\" class=\"alignnone size-full wp-image-21685\" src=\"http:\/\/stone-phoenix.com\/wp-content\/uploads\/2023\/12\/1703885187.jpg\" width=\"400\" height=\"400\" srcset=\"https:\/\/stone-phoenix.com\/wp-content\/uploads\/2023\/12\/1703885187.jpg 400w, https:\/\/stone-phoenix.com\/wp-content\/uploads\/2023\/12\/1703885187-300x300.jpg 300w, https:\/\/stone-phoenix.com\/wp-content\/uploads\/2023\/12\/1703885187-150x150.jpg 150w, https:\/\/stone-phoenix.com\/wp-content\/uploads\/2023\/12\/1703885187-12x12.jpg 12w\" sizes=\"(max-width: 400px) 100vw, 400px\" \/><figcaption id=\"caption-attachment-6319\" class=\"wp-caption-text\">Caf\u00e9 Bois Marbre<\/figcaption><\/figure>\n<\/td>\n<td align=\"right\">\n<figure id=\"attachment_6320\" class=\"wp-caption aligncenter\" style=\"width: 400px;\" aria-describedby=\"caption-attachment-6320\"><img loading=\"lazy\" decoding=\"async\" class=\"alignnone size-full wp-image-21686\" src=\"http:\/\/stone-phoenix.com\/wp-content\/uploads\/2023\/12\/1703885188.jpg\" width=\"400\" height=\"400\" srcset=\"https:\/\/stone-phoenix.com\/wp-content\/uploads\/2023\/12\/1703885188.jpg 400w, https:\/\/stone-phoenix.com\/wp-content\/uploads\/2023\/12\/1703885188-300x300.jpg 300w, https:\/\/stone-phoenix.com\/wp-content\/uploads\/2023\/12\/1703885188-150x150.jpg 150w, https:\/\/stone-phoenix.com\/wp-content\/uploads\/2023\/12\/1703885188-12x12.jpg 12w\" sizes=\"(max-width: 400px) 100vw, 400px\" \/><figcaption id=\"caption-attachment-6320\" class=\"wp-caption-text\">Marbre \u00e9b\u00e8ne<\/figcaption><\/figure>\n<\/td>\n<td align=\"right\">\n<figure id=\"attachment_6321\" class=\"wp-caption aligncenter\" style=\"width: 400px;\" aria-describedby=\"caption-attachment-6321\"><figcaption id=\"caption-attachment-6321\" class=\"wp-caption-text\">Marbre bois dor\u00e9<\/figcaption><\/figure>\n<\/td>\n<\/tr>\n<tr style=\"height: 13.50pt;\">\n<td style=\"height: 13.50pt;\" align=\"right\" height=\"18\">\n<figure id=\"attachment_6296\" class=\"wp-caption aligncenter\" style=\"width: 400px;\" aria-describedby=\"caption-attachment-6296\"><img loading=\"lazy\" decoding=\"async\" class=\"alignnone size-full wp-image-21688\" src=\"http:\/\/stone-phoenix.com\/wp-content\/uploads\/2023\/12\/1703885190.jpg\" width=\"400\" height=\"400\" srcset=\"https:\/\/stone-phoenix.com\/wp-content\/uploads\/2023\/12\/1703885190.jpg 400w, https:\/\/stone-phoenix.com\/wp-content\/uploads\/2023\/12\/1703885190-300x300.jpg 300w, https:\/\/stone-phoenix.com\/wp-content\/uploads\/2023\/12\/1703885190-150x150.jpg 150w, https:\/\/stone-phoenix.com\/wp-content\/uploads\/2023\/12\/1703885190-12x12.jpg 12w\" sizes=\"(max-width: 400px) 100vw, 400px\" \/><figcaption id=\"caption-attachment-6296\" class=\"wp-caption-text\">Marbre de bois gris<\/figcaption><\/figure>\n<\/td>\n<td align=\"right\">\n<figure id=\"attachment_6297\" class=\"wp-caption aligncenter\" style=\"width: 400px;\" aria-describedby=\"caption-attachment-6297\"><img loading=\"lazy\" decoding=\"async\" class=\"alignnone size-full wp-image-21689\" src=\"http:\/\/stone-phoenix.com\/wp-content\/uploads\/2023\/12\/1703885191.jpg\" width=\"400\" height=\"400\" srcset=\"https:\/\/stone-phoenix.com\/wp-content\/uploads\/2023\/12\/1703885191.jpg 400w, https:\/\/stone-phoenix.com\/wp-content\/uploads\/2023\/12\/1703885191-300x300.jpg 300w, https:\/\/stone-phoenix.com\/wp-content\/uploads\/2023\/12\/1703885191-150x150.jpg 150w, https:\/\/stone-phoenix.com\/wp-content\/uploads\/2023\/12\/1703885191-12x12.jpg 12w\" sizes=\"(max-width: 400px) 100vw, 400px\" \/><figcaption id=\"caption-attachment-6297\" class=\"wp-caption-text\">Marbre de bois imp\u00e9rial<\/figcaption><\/figure>\n<\/td>\n<td align=\"right\">\n<figure id=\"attachment_6298\" class=\"wp-caption aligncenter\" style=\"width: 400px;\" aria-describedby=\"caption-attachment-6298\">\n<table style=\"border-collapse: collapse; width: 100%;\">\n<tbody>\n<tr>\n<td style=\"width: 100%;\"><\/td>\n<\/tr>\n<\/tbody>\n<\/table><figcaption id=\"caption-attachment-6298\" class=\"wp-caption-text\">Bois blanc Marbre<\/figcaption><\/figure>\n<\/td>\n<\/tr>\n<\/tbody>\n<\/table>\n<\/div>","protected":false},"excerpt":{"rendered":"<p>Marble Floor Tile Manufacturer Grey Wood Marble Marble Floor Tile Manufacturer.Indulge in the luxurious beauty and sophistication of marble with<\/p>","protected":false},"featured_media":21681,"template":"","meta":[],"product_cat":[113],"product_tag":[],"_links":{"self":[{"href":"https:\/\/stone-phoenix.com\/fr\/wp-json\/wp\/v2\/product\/21680"}],"collection":[{"href":"https:\/\/stone-phoenix.com\/fr\/wp-json\/wp\/v2\/product"}],"about":[{"href":"https:\/\/stone-phoenix.com\/fr\/wp-json\/wp\/v2\/types\/product"}],"wp:featuredmedia":[{"embeddable":true,"href":"https:\/\/stone-phoenix.com\/fr\/wp-json\/wp\/v2\/media\/21681"}],"wp:attachment":[{"href":"https:\/\/stone-phoenix.com\/fr\/wp-json\/wp\/v2\/media?parent=21680"}],"wp:term":[{"taxonomy":"product_cat","embeddable":true,"href":"https:\/\/stone-phoenix.com\/fr\/wp-json\/wp\/v2\/product_cat?post=21680"},{"taxonomy":"product_tag","embeddable":true,"href":"https:\/\/stone-phoenix.com\/fr\/wp-json\/wp\/v2\/product_tag?post=21680"}],"curies":[{"name":"wp","href":"https:\/\/api.w.org\/{rel}","templated":true}]}}