{"id":21691,"date":"2023-12-29T21:26:52","date_gmt":"2023-12-29T13:26:52","guid":{"rendered":"http:\/\/stone-phoenix.com\/product\/high-polished-black-marble-console-jet-black-marble-pakistan-black-marble"},"modified":"2024-03-24T21:06:03","modified_gmt":"2024-03-24T13:06:03","slug":"high-polished-black-marble-console-jet-black-marble-pakistan-black-marble","status":"publish","type":"product","link":"https:\/\/stone-phoenix.com\/fr\/produit\/high-polished-black-marble-console-jet-black-marble-pakistan-black-marble","title":{"rendered":"Console en marbre noir hautement poli marbre noir de jais marbre noir du Pakistan"},"content":{"rendered":"<div id=\"tab-description\" class=\"woocommerce-Tabs-panel woocommerce-Tabs-panel--description panel entry-content wc-tab\" role=\"tabpanel\" aria-labelledby=\"tab-title-description\">\n<h2>Console en marbre noir hautement poli marbre noir de jais marbre noir du Pakistan<\/h2>\n<p>La console en marbre noir ajoute une touche de glamour \u00e0 n'importe quel espace. Son design moderne et magnifiquement travaill\u00e9 se d\u00e9cline dans un \u00e9ventail de couleurs, parfaites pour un d\u00e9cor classique ou contemporain.Mettez en valeur vos objets de collection pr\u00e9cieux avec notre console en marbre noir.<\/p>\n<p>Fabriqu\u00e9e \u00e0 la main par des artisans \u00e0 partir de marbre noir v\u00e9ritable, cette pi\u00e8ce ne manquera pas d'alimenter les conversations dans n'importe quelle pi\u00e8ce. Utilisez-la comme table console sous votre t\u00e9l\u00e9vision \u00e0 \u00e9cran plat ou comme banc d'appoint dans un salon avec un jet\u00e9 color\u00e9 et des plantes en pot sur le dessus. D'un style \u00e9pur\u00e9 et minimaliste, notre console en marbre noir est id\u00e9ale pour draper des plantes et des fleurs ou pour exposer des accessoires d\u00e9coratifs.<\/p>\n<p>Le cadre \u00e9pur\u00e9 lui permet de se fondre dans n'importe quel d\u00e9cor.Styl\u00e9, moderne et \u00e9l\u00e9gant. Cette console en marbre noir est la pi\u00e8ce parfaite pour organiser votre salon, ou l'utiliser comme \u00e9l\u00e9ment d\u00e9coratif et la remplir de plantes. Cette console en marbre est la pi\u00e8ce parfaite pour servir de meuble-lavabo dans une chambre \u00e0 coucher ou de bureau.<\/p>\n<p>Cette table console apporte la beaut\u00e9 classique du marbre \u00e0 votre int\u00e9rieur. Son design \u00e9pur\u00e9 et lin\u00e9aire est une pi\u00e8ce d'accentuation parfaite qui ajoute une touche de glamour \u00e0 votre espace. <a href=\"https:\/\/longtopstone.com\/contact\/\">nous contacter<\/a>.<\/p>\n<div id=\"ali-anchor-AliPostDhMb-qkngg\" style=\"padding-top: 8px;\" data-section=\"AliPostDhMb-qkngg\" data-section-title=\"Product Description\">\n<div id=\"ali-title-AliPostDhMb-qkngg\" style=\"padding: 8px 0; border-bottom: 1px solid #ddd;\"><span style=\"background-color: #ddd; color: #333; font-weight: bold; padding: 8px 10px; line-height: 12px;\">Description du produit<\/span><\/div>\n<div style=\"padding: 10px 0;\">\n<table class=\"aliDataTable\" style=\"color: #000000; font-family: Arial; font-size: 12px; font-style: normal; font-weight: 400; background-color: #ffffff; width: 746.066px; height: 226px; border: 1px solid #b3b3b3;\">\n<tbody>\n<tr style=\"height: 21px;\">\n<td style=\"border: 1px solid #b3b3b3; width: 162px;\"><strong><span style=\"font-family: arial, helvetica, sans-serif; font-size: 14px;\">Nom du produit :<\/span><\/strong><\/td>\n<td style=\"border: 1px solid #b3b3b3; width: 595.066px;\">Console en marbre noir hautement poli marbre noir de jais marbre noir du Pakistan<\/td>\n<\/tr>\n<tr style=\"height: 21px;\">\n<td style=\"border: 1px solid #b3b3b3; width: 162px;\"><strong><span style=\"font-family: arial, helvetica, sans-serif; font-size: 14px;\">Mat\u00e9riau :<\/span><\/strong><\/td>\n<td style=\"border: 1px solid #b3b3b3; width: 595.066px;\"><span style=\"font-family: arial, helvetica, sans-serif; font-size: 14px;\">Marbre<\/span><\/td>\n<\/tr>\n<tr style=\"height: 21px;\">\n<td style=\"border: 1px solid #b3b3b3; width: 162px;\"><strong><span style=\"font-family: arial, helvetica, sans-serif; font-size: 14px;\">Couleur :<\/span><\/strong><\/td>\n<td style=\"border: 1px solid #b3b3b3; width: 595.066px;\"><span style=\"font-family: arial, helvetica, sans-serif; font-size: 14px;\">Blanc, beige, noir, marron, gris, rouge, vert, bleu, etc.<\/span><\/td>\n<\/tr>\n<tr style=\"height: 21px;\">\n<td style=\"border: 1px solid #b3b3b3; width: 162px;\" rowspan=\"3\"><strong><span style=\"font-family: arial, helvetica, sans-serif; font-size: 14px;\">Taille :<\/span><\/strong><\/td>\n<td style=\"border: 1px solid #b3b3b3; width: 595.066px;\"><span style=\"font-family: arial, helvetica, sans-serif; font-size: 14px;\"><span style=\"text-decoration: underline;\">Carreaux disponibles<\/span> <\/span><br \/>\n<span style=\"font-family: arial, helvetica, sans-serif; font-size: 14px;\">12\u2032 X 12\u2033,24\u2032 X 24\u2033,12\u2032 X 24\u2033,etc 300x300mm,300x600mm,400x400mm,600x600mm,600\u00d71200,800\u00d7800,etc<\/span><\/td>\n<\/tr>\n<tr style=\"height: 21px;\">\n<td style=\"border: 1px solid #b3b3b3; width: 595.066px;\"><span style=\"font-family: arial, helvetica, sans-serif; font-size: 14px;\"><span style=\"text-decoration: underline;\">Grandes dalles disponibles<\/span>\u00a0 \u00a0 \u00a0 \u00a0 \u00a0 \u00a0 \u00a0 \u00a0 \u00a0 \u00a0 \u00a0 \u00a0 \u00a0 \u00a0 \u00a0 \u00a0 \u00a0 \u00a0 \u00a0 \u00a0 \u00a0 \u00a0 \u00a0 \u00a0 \u00a0 \u00a0 \u00a0 \u00a0 \u00a0 \u00a0 \u00a0 \u00a0 \u00a0 \u00a0 \u00a0 \u00a0 \u00a0 \u00a0 \u00a0 \u00a0 \u00a0 \u00a0 \u00a0 \u00a0 \u00a0 \u00a0 \u00a0 \u00a0 \u00a0 \u00a0 \u00a0 \u00a0 \u00a0 240cmUpx120UP<\/span><\/td>\n<\/tr>\n<tr style=\"height: 21px;\">\n<td style=\"border: 1px solid #b3b3b3; width: 595.066px;\"><span style=\"font-family: arial, helvetica, sans-serif; font-size: 14px;\">Des sp\u00e9cifications personnalis\u00e9es sont disponibles<\/span><\/td>\n<\/tr>\n<tr style=\"height: 21px;\">\n<td style=\"border: 1px solid #b3b3b3; width: 162px;\"><strong><span style=\"font-family: arial, helvetica, sans-serif; font-size: 14px;\">Tol\u00e9rance d'\u00e9paisseur :<\/span><\/strong><\/td>\n<td style=\"border: 1px solid #b3b3b3; width: 595.066px;\"><span style=\"font-size: 14px; font-family: arial, helvetica, sans-serif;\">\u00b10,05mm, \u00b11mm, \u00b11,5mm, \u00b12mm, selon les exigences de qualit\u00e9 du client<\/span><\/td>\n<\/tr>\n<tr style=\"height: 21px;\">\n<td style=\"border: 1px solid #b3b3b3; width: 162px;\"><strong><span style=\"font-family: arial, helvetica, sans-serif; font-size: 14px;\">Surface :<\/span><\/strong><\/td>\n<td style=\"border: 1px solid #b3b3b3; width: 595.066px;\"><span style=\"font-size: 14px; font-family: arial, helvetica, sans-serif;\">Poli, adouci, assorti au livre, antique, rainur\u00e9, bross\u00e9, d\u00e9cap\u00e9, sabl\u00e9, jet d'eau, etc.<\/span><\/td>\n<\/tr>\n<tr style=\"height: auto;\">\n<td style=\"border: 1px solid #b3b3b3; width: 162px;\"><strong><span style=\"font-family: arial, helvetica, sans-serif; font-size: 14px;\">Emballage :<\/span><\/strong><\/td>\n<td style=\"border: 1px solid #b3b3b3; width: 595.066px;\"><span style=\"font-family: arial, helvetica, sans-serif; font-size: 14px;\"> Fardeaux et caisses en bois en \u00e9tat de navigabilit\u00e9<\/span><\/td>\n<\/tr>\n<tr style=\"height: 21px;\">\n<td style=\"border: 1px solid #b3b3b3; width: 162px;\"><strong><span style=\"font-family: arial, helvetica, sans-serif; font-size: 14px;\">Application :<\/span><\/strong><\/td>\n<td style=\"border: 1px solid #b3b3b3; width: 595.066px;\"><span style=\"font-family: arial, helvetica, sans-serif; font-size: 14px;\">Mur int\u00e9rieur, sol, plinthe, mur de fond, comptoir, escalier, etc.<\/span><\/td>\n<\/tr>\n<tr style=\"height: 21px;\">\n<td style=\"border: 1px solid #b3b3b3; width: 162px;\"><strong><span style=\"font-family: arial, helvetica, sans-serif; font-size: 14px;\">D\u00e9lai de livraison :<\/span><\/strong><\/td>\n<td style=\"border: 1px solid #b3b3b3; width: 595.066px;\"><span style=\"font-family: arial, helvetica, sans-serif; font-size: 14px;\"> 15-20 jours pour les tailles normales<\/span><\/td>\n<\/tr>\n<tr style=\"height: 21px;\">\n<td style=\"border: 1px solid #b3b3b3; width: 162px;\"><strong><span style=\"font-family: arial, helvetica, sans-serif; font-size: 14px;\">Certificat :<\/span><\/strong><\/td>\n<td style=\"border: 1px solid #b3b3b3; width: 595.066px;\"><span style=\"font-family: arial, helvetica, sans-serif; font-size: 14px;\">CE, SGS<\/span><\/td>\n<\/tr>\n<tr style=\"height: 21px;\">\n<td style=\"border: 1px solid #b3b3b3; width: 162px;\"><strong><span style=\"font-family: arial, helvetica, sans-serif; font-size: 14px;\">Conditions de paiement :<\/span><\/strong><\/td>\n<td style=\"border: 1px solid #b3b3b3; width: 595.066px;\"><span style=\"font-family: arial, helvetica, sans-serif; font-size: 14px;\">T\/T, L\/C, D\/P<\/span><\/td>\n<\/tr>\n<tr style=\"height: 42px;\">\n<td style=\"border: 1px solid #b3b3b3; width: 162px;\"><strong><span style=\"font-family: arial, helvetica, sans-serif; font-size: 14px;\">Avantage :<\/span><\/strong><\/td>\n<td style=\"border: 1px solid #b3b3b3; width: 595.066px;\"><span style=\"font-family: arial, helvetica, sans-serif; font-size: 14px;\">1) Service unique pour la pierre ;<\/span><\/p>\n<p><span style=\"font-family: arial, helvetica, sans-serif; font-size: 14px;\">2) Poss\u00e9der 3 carri\u00e8res et 9 usines ;<\/span><\/p>\n<p><span style=\"font-family: arial, helvetica, sans-serif; font-size: 14px;\">3) Des supports technologiques de pointe.<\/span><\/td>\n<\/tr>\n<tr style=\"height: 42px;\">\n<td style=\"border: 1px solid #b3b3b3; width: 162px;\"><strong><span style=\"font-family: arial, helvetica, sans-serif; font-size: 14px;\">Assurance de la qualit\u00e9 et de la livraison :\u00a0<\/span><\/strong><\/td>\n<td style=\"border: 1px solid #b3b3b3; width: 595.066px;\"><span style=\"font-family: arial, helvetica, sans-serif; font-size: 14px;\">Tout au long du processus de production, du choix des mat\u00e9riaux \u00e0 l'emballage en passant par la fabrication, notre service de contr\u00f4le de la qualit\u00e9 contr\u00f4le rigoureusement chaque pi\u00e8ce et chaque processus afin de garantir le respect des normes de qualit\u00e9 et le respect des d\u00e9lais de livraison.<\/span><\/td>\n<\/tr>\n<\/tbody>\n<\/table>\n<p><img loading=\"lazy\" decoding=\"async\" class=\"alignnone size-full wp-image-25923\" src=\"http:\/\/stone-phoenix.com\/wp-content\/uploads\/2023\/12\/High-polished-black-marble-console-jet-black-marble-pakistan-black-marble-8.jpg\" alt=\"\" width=\"1114\" height=\"816\" srcset=\"https:\/\/stone-phoenix.com\/wp-content\/uploads\/2023\/12\/High-polished-black-marble-console-jet-black-marble-pakistan-black-marble-8.jpg 1114w, https:\/\/stone-phoenix.com\/wp-content\/uploads\/2023\/12\/High-polished-black-marble-console-jet-black-marble-pakistan-black-marble-8-300x220.jpg 300w, https:\/\/stone-phoenix.com\/wp-content\/uploads\/2023\/12\/High-polished-black-marble-console-jet-black-marble-pakistan-black-marble-8-1024x750.jpg 1024w, https:\/\/stone-phoenix.com\/wp-content\/uploads\/2023\/12\/High-polished-black-marble-console-jet-black-marble-pakistan-black-marble-8-768x563.jpg 768w, https:\/\/stone-phoenix.com\/wp-content\/uploads\/2023\/12\/High-polished-black-marble-console-jet-black-marble-pakistan-black-marble-8-16x12.jpg 16w, https:\/\/stone-phoenix.com\/wp-content\/uploads\/2023\/12\/High-polished-black-marble-console-jet-black-marble-pakistan-black-marble-8-600x439.jpg 600w, https:\/\/stone-phoenix.com\/wp-content\/uploads\/2023\/12\/High-polished-black-marble-console-jet-black-marble-pakistan-black-marble-8-150x110.jpg 150w\" sizes=\"(max-width: 1114px) 100vw, 1114px\" \/><img loading=\"lazy\" decoding=\"async\" class=\"alignnone size-full wp-image-25924\" src=\"http:\/\/stone-phoenix.com\/wp-content\/uploads\/2023\/12\/High-polished-black-marble-console-jet-black-marble-pakistan-black-marble-7.jpg\" alt=\"\" width=\"1107\" height=\"841\" srcset=\"https:\/\/stone-phoenix.com\/wp-content\/uploads\/2023\/12\/High-polished-black-marble-console-jet-black-marble-pakistan-black-marble-7.jpg 1107w, https:\/\/stone-phoenix.com\/wp-content\/uploads\/2023\/12\/High-polished-black-marble-console-jet-black-marble-pakistan-black-marble-7-300x228.jpg 300w, https:\/\/stone-phoenix.com\/wp-content\/uploads\/2023\/12\/High-polished-black-marble-console-jet-black-marble-pakistan-black-marble-7-1024x778.jpg 1024w, https:\/\/stone-phoenix.com\/wp-content\/uploads\/2023\/12\/High-polished-black-marble-console-jet-black-marble-pakistan-black-marble-7-768x583.jpg 768w, https:\/\/stone-phoenix.com\/wp-content\/uploads\/2023\/12\/High-polished-black-marble-console-jet-black-marble-pakistan-black-marble-7-16x12.jpg 16w, https:\/\/stone-phoenix.com\/wp-content\/uploads\/2023\/12\/High-polished-black-marble-console-jet-black-marble-pakistan-black-marble-7-600x456.jpg 600w, https:\/\/stone-phoenix.com\/wp-content\/uploads\/2023\/12\/High-polished-black-marble-console-jet-black-marble-pakistan-black-marble-7-150x114.jpg 150w\" sizes=\"(max-width: 1107px) 100vw, 1107px\" \/><img loading=\"lazy\" decoding=\"async\" class=\"alignnone size-full wp-image-25925\" src=\"http:\/\/stone-phoenix.com\/wp-content\/uploads\/2023\/12\/High-polished-black-marble-console-jet-black-marble-pakistan-black-marble-9.jpg\" alt=\"\" width=\"1101\" height=\"843\" srcset=\"https:\/\/stone-phoenix.com\/wp-content\/uploads\/2023\/12\/High-polished-black-marble-console-jet-black-marble-pakistan-black-marble-9.jpg 1101w, https:\/\/stone-phoenix.com\/wp-content\/uploads\/2023\/12\/High-polished-black-marble-console-jet-black-marble-pakistan-black-marble-9-300x230.jpg 300w, https:\/\/stone-phoenix.com\/wp-content\/uploads\/2023\/12\/High-polished-black-marble-console-jet-black-marble-pakistan-black-marble-9-1024x784.jpg 1024w, https:\/\/stone-phoenix.com\/wp-content\/uploads\/2023\/12\/High-polished-black-marble-console-jet-black-marble-pakistan-black-marble-9-768x588.jpg 768w, https:\/\/stone-phoenix.com\/wp-content\/uploads\/2023\/12\/High-polished-black-marble-console-jet-black-marble-pakistan-black-marble-9-16x12.jpg 16w, https:\/\/stone-phoenix.com\/wp-content\/uploads\/2023\/12\/High-polished-black-marble-console-jet-black-marble-pakistan-black-marble-9-600x459.jpg 600w, https:\/\/stone-phoenix.com\/wp-content\/uploads\/2023\/12\/High-polished-black-marble-console-jet-black-marble-pakistan-black-marble-9-150x115.jpg 150w\" sizes=\"(max-width: 1101px) 100vw, 1101px\" \/><img loading=\"lazy\" decoding=\"async\" class=\"alignnone size-full wp-image-25926\" src=\"http:\/\/stone-phoenix.com\/wp-content\/uploads\/2023\/12\/High-polished-black-marble-console-jet-black-marble-pakistan-black-marble-10.jpg\" alt=\"\" width=\"1122\" height=\"835\" srcset=\"https:\/\/stone-phoenix.com\/wp-content\/uploads\/2023\/12\/High-polished-black-marble-console-jet-black-marble-pakistan-black-marble-10.jpg 1122w, https:\/\/stone-phoenix.com\/wp-content\/uploads\/2023\/12\/High-polished-black-marble-console-jet-black-marble-pakistan-black-marble-10-300x223.jpg 300w, https:\/\/stone-phoenix.com\/wp-content\/uploads\/2023\/12\/High-polished-black-marble-console-jet-black-marble-pakistan-black-marble-10-1024x762.jpg 1024w, https:\/\/stone-phoenix.com\/wp-content\/uploads\/2023\/12\/High-polished-black-marble-console-jet-black-marble-pakistan-black-marble-10-768x572.jpg 768w, https:\/\/stone-phoenix.com\/wp-content\/uploads\/2023\/12\/High-polished-black-marble-console-jet-black-marble-pakistan-black-marble-10-16x12.jpg 16w, https:\/\/stone-phoenix.com\/wp-content\/uploads\/2023\/12\/High-polished-black-marble-console-jet-black-marble-pakistan-black-marble-10-600x447.jpg 600w, https:\/\/stone-phoenix.com\/wp-content\/uploads\/2023\/12\/High-polished-black-marble-console-jet-black-marble-pakistan-black-marble-10-150x112.jpg 150w\" sizes=\"(max-width: 1122px) 100vw, 1122px\" \/><\/p>\n<\/div>\n<\/div>\n<\/div>","protected":false},"excerpt":{"rendered":"<p>High polished black marble console jet black marble pakistan black marble The Black Marble Console adds a touch of glamour<\/p>","protected":false},"featured_media":25916,"template":"","meta":[],"product_cat":[113],"product_tag":[],"_links":{"self":[{"href":"https:\/\/stone-phoenix.com\/fr\/wp-json\/wp\/v2\/product\/21691"}],"collection":[{"href":"https:\/\/stone-phoenix.com\/fr\/wp-json\/wp\/v2\/product"}],"about":[{"href":"https:\/\/stone-phoenix.com\/fr\/wp-json\/wp\/v2\/types\/product"}],"wp:featuredmedia":[{"embeddable":true,"href":"https:\/\/stone-phoenix.com\/fr\/wp-json\/wp\/v2\/media\/25916"}],"wp:attachment":[{"href":"https:\/\/stone-phoenix.com\/fr\/wp-json\/wp\/v2\/media?parent=21691"}],"wp:term":[{"taxonomy":"product_cat","embeddable":true,"href":"https:\/\/stone-phoenix.com\/fr\/wp-json\/wp\/v2\/product_cat?post=21691"},{"taxonomy":"product_tag","embeddable":true,"href":"https:\/\/stone-phoenix.com\/fr\/wp-json\/wp\/v2\/product_tag?post=21691"}],"curies":[{"name":"wp","href":"https:\/\/api.w.org\/{rel}","templated":true}]}}