{"id":21697,"date":"2023-12-29T21:27:19","date_gmt":"2023-12-29T13:27:19","guid":{"rendered":"http:\/\/stone-phoenix.com\/product\/gray-marble-tile-factory-hermes-grey-marble"},"modified":"2024-03-24T16:13:05","modified_gmt":"2024-03-24T08:13:05","slug":"gray-marble-tile-factory-hermes-grey-marble","status":"publish","type":"product","link":"https:\/\/stone-phoenix.com\/fr\/produit\/gray-marble-tile-factory-hermes-grey-marble","title":{"rendered":"Fabrique de carreaux de marbre gris Hermes Grey Marble"},"content":{"rendered":"<div id=\"tab-description\" class=\"woocommerce-Tabs-panel woocommerce-Tabs-panel--description panel entry-content wc-tab\" role=\"tabpanel\" aria-labelledby=\"tab-title-description\">\n<p><span style=\"font-size: 18pt;\">Fabrique de carreaux de marbre gris Hermes Grey Marble<\/span><\/p>\n<p>Transformez votre espace en un sanctuaire luxueux avec nos carreaux de marbre gris de premi\u00e8re qualit\u00e9 provenant de notre usine r\u00e9put\u00e9e. Nos dalles de marbre gris exquises sont fabriqu\u00e9es avec pr\u00e9cision et soin pour rehausser l'esth\u00e9tique de tout projet de d\u00e9coration int\u00e9rieure, ce qui en fait un choix parfait pour les espaces r\u00e9sidentiels et commerciaux.<\/p>\n<p>Nos carreaux de marbre gris sont r\u00e9put\u00e9s pour leur beaut\u00e9 naturelle et leurs caract\u00e9ristiques uniques. Les \u00e9tonnantes veines et variations de couleurs du marbre gris cr\u00e9ent un sentiment de profondeur et de sophistication, ajoutant une touche d'\u00e9l\u00e9gance intemporelle \u00e0 n'importe quel espace. Les tons neutres du gris offrent une polyvalence dans la conception, rendant nos carreaux de marbre compatibles avec diff\u00e9rents styles d'int\u00e9rieur, du classique au contemporain.<\/p>\n<p>Avec une vari\u00e9t\u00e9 de tailles, de formes et de finitions, nos carreaux de marbre gris offrent des possibilit\u00e9s de conception infinies. Que vous pr\u00e9f\u00e9riez les carreaux carr\u00e9s de grand format pour une d\u00e9claration audacieuse, les carreaux rectangulaires pour un look moderne, ou les motifs de mosa\u00efque complexes pour un int\u00e9r\u00eat visuel suppl\u00e9mentaire, nos carreaux de marbre peuvent \u00eatre personnalis\u00e9s pour s'adapter \u00e0 votre vision du design. La finition polie donne un aspect brillant et raffin\u00e9, tandis que la finition adoucie donne un aspect mat avec une texture lisse. Les finitions bross\u00e9es et tambourin\u00e9es donnent un aspect plus rustique et naturel. Choisissez la finition qui s'harmonise le mieux avec votre espace et votre esth\u00e9tique.<\/p>\n<p>Outre leur attrait esth\u00e9tique, nos carreaux de marbre gris sont \u00e9galement tr\u00e8s r\u00e9sistants et durables. Le marbre est une pierre naturellement solide et r\u00e9sistante, ce qui en fait la pierre id\u00e9ale pour les zones tr\u00e8s fr\u00e9quent\u00e9es de votre maison ou de votre espace commercial. Nos dalles en marbre gris sont con\u00e7ues pour r\u00e9sister \u00e0 l'\u00e9preuve du temps et, avec un entretien ad\u00e9quat, elles peuvent conserver leur beaut\u00e9 pendant des g\u00e9n\u00e9rations, ce qui en fait un investissement judicieux pour votre projet de d\u00e9coration int\u00e9rieure.<\/p>\n<p>En tant que fabricant de carreaux de marbre gris de confiance, nous nous engageons \u00e0 fournir des produits de qualit\u00e9 sup\u00e9rieure et un excellent service \u00e0 la client\u00e8le. Nos carreaux de marbre sont fabriqu\u00e9s \u00e0 partir de marbre gris de premi\u00e8re qualit\u00e9 provenant de carri\u00e8res r\u00e9put\u00e9es et sont soumis \u00e0 des mesures de contr\u00f4le de qualit\u00e9 rigoureuses afin de garantir leur performance et leur durabilit\u00e9. Nous offrons \u00e9galement des options de prix comp\u00e9titifs, faisant de nos carreaux de marbre gris un choix rentable pour am\u00e9liorer l'esth\u00e9tique et la valeur de votre espace.<\/p>\n<p>Mettez en valeur la beaut\u00e9 et l'\u00e9l\u00e9gance de vos espaces int\u00e9rieurs avec nos carreaux de marbre gris exquis. Explorez notre collection de carreaux de marbre gris d\u00e8s aujourd'hui et cr\u00e9ez un chef-d'\u0153uvre \u00e9poustouflant qui r\u00e9sistera \u00e0 l'\u00e9preuve du temps. Contactez-nous pour en savoir plus sur nos carreaux de marbre gris et sur la fa\u00e7on dont ils peuvent \u00e9lever votre projet de d\u00e9coration int\u00e9rieure \u00e0 de nouveaux sommets.<\/p>\n<table style=\"height: 383px;\" width=\"1361\">\n<tbody>\n<tr>\n<td width=\"121\">Mat\u00e9riau<\/td>\n<td width=\"125\">Couleur primaire<\/td>\n<td width=\"193\">Produit<\/td>\n<td width=\"231\">Taille (cm)<\/td>\n<td width=\"156\">Finition<\/td>\n<td width=\"72\">Densit\u00e9<br \/>\n(g\/cm3)<\/td>\n<td width=\"116\">Absorption de l'eau<br \/>\n(%)<\/td>\n<\/tr>\n<tr>\n<td>Hermes Marbre gris<\/td>\n<td>Gris<\/td>\n<td width=\"193\">Dalle<br \/>\nCarrelage<br \/>\nEscalier<br \/>\nColonne<br \/>\nPilier<br \/>\nAppui de fen\u00eatre<br \/>\nComptoir<br \/>\nEtc<\/td>\n<td width=\"231\">240up x120up x2\/3<br \/>\n60\u00d730\/60\u00d71\/1.5\/2\/3<br \/>\n100-160x34x3<br \/>\n100-160x15x2Etc<\/td>\n<td width=\"156\">Poli<br \/>\nHonor\u00e9<br \/>\nAntiquit\u00e9<br \/>\nEtc<\/td>\n<td>2.68<\/td>\n<td>0.11<\/td>\n<\/tr>\n<\/tbody>\n<\/table>\n<h2>S\u00e9rie Marbre Gris<\/h2>\n<table style=\"border-collapse: collapse; width: 216.03pt;\" border=\"0\" width=\"288\" cellspacing=\"0\" cellpadding=\"0\">\n<tbody>\n<tr style=\"height: 13.50pt;\">\n<td style=\"height: 13.50pt; width: 54.00pt;\" align=\"right\" width=\"72\" height=\"18\">\n<figure id=\"attachment_6420\" class=\"wp-caption aligncenter\" style=\"width: 300px;\" aria-describedby=\"caption-attachment-6420\"><img loading=\"lazy\" decoding=\"async\" class=\"alignnone size-full wp-image-21699\" src=\"http:\/\/stone-phoenix.com\/wp-content\/uploads\/2023\/12\/1703885241.jpg\" width=\"300\" height=\"300\" srcset=\"https:\/\/stone-phoenix.com\/wp-content\/uploads\/2023\/12\/1703885241.jpg 300w, https:\/\/stone-phoenix.com\/wp-content\/uploads\/2023\/12\/1703885241-150x150.jpg 150w, https:\/\/stone-phoenix.com\/wp-content\/uploads\/2023\/12\/1703885241-12x12.jpg 12w\" sizes=\"(max-width: 300px) 100vw, 300px\" \/><figcaption id=\"caption-attachment-6420\" class=\"wp-caption-text\">Marbre Bruce Grey<\/figcaption><\/figure>\n<\/td>\n<td style=\"width: 54.00pt;\" align=\"right\" width=\"72\">\n<figure id=\"attachment_6421\" class=\"wp-caption aligncenter\" style=\"width: 300px;\" aria-describedby=\"caption-attachment-6421\"><img loading=\"lazy\" decoding=\"async\" class=\"alignnone size-full wp-image-21700\" src=\"http:\/\/stone-phoenix.com\/wp-content\/uploads\/2023\/12\/1703885241-1.jpg\" width=\"300\" height=\"300\" srcset=\"https:\/\/stone-phoenix.com\/wp-content\/uploads\/2023\/12\/1703885241-1.jpg 300w, https:\/\/stone-phoenix.com\/wp-content\/uploads\/2023\/12\/1703885241-1-150x150.jpg 150w, https:\/\/stone-phoenix.com\/wp-content\/uploads\/2023\/12\/1703885241-1-12x12.jpg 12w\" sizes=\"(max-width: 300px) 100vw, 300px\" \/><figcaption id=\"caption-attachment-6421\" class=\"wp-caption-text\">Ch\u00e2teau Grrey Marbre<\/figcaption><\/figure>\n<\/td>\n<td style=\"width: 54.00pt;\" align=\"right\" width=\"72\">\n<figure id=\"attachment_6422\" class=\"wp-caption aligncenter\" style=\"width: 300px;\" aria-describedby=\"caption-attachment-6422\"><img loading=\"lazy\" decoding=\"async\" class=\"alignnone size-full wp-image-21701\" src=\"http:\/\/stone-phoenix.com\/wp-content\/uploads\/2023\/12\/1703885242.jpg\" width=\"300\" height=\"300\" srcset=\"https:\/\/stone-phoenix.com\/wp-content\/uploads\/2023\/12\/1703885242.jpg 300w, https:\/\/stone-phoenix.com\/wp-content\/uploads\/2023\/12\/1703885242-150x150.jpg 150w, https:\/\/stone-phoenix.com\/wp-content\/uploads\/2023\/12\/1703885242-12x12.jpg 12w\" sizes=\"(max-width: 300px) 100vw, 300px\" \/><figcaption id=\"caption-attachment-6422\" class=\"wp-caption-text\">Cendrillon Gris Marbre<\/figcaption><\/figure>\n<\/td>\n<td style=\"width: 54.00pt;\" align=\"right\" width=\"72\">\n<figure id=\"attachment_6423\" class=\"wp-caption aligncenter\" style=\"width: 300px;\" aria-describedby=\"caption-attachment-6423\"><img loading=\"lazy\" decoding=\"async\" class=\"alignnone size-full wp-image-21702\" src=\"http:\/\/stone-phoenix.com\/wp-content\/uploads\/2023\/12\/1703885243.jpg\" width=\"300\" height=\"300\" srcset=\"https:\/\/stone-phoenix.com\/wp-content\/uploads\/2023\/12\/1703885243.jpg 300w, https:\/\/stone-phoenix.com\/wp-content\/uploads\/2023\/12\/1703885243-150x150.jpg 150w, https:\/\/stone-phoenix.com\/wp-content\/uploads\/2023\/12\/1703885243-12x12.jpg 12w\" sizes=\"(max-width: 300px) 100vw, 300px\" \/><figcaption id=\"caption-attachment-6423\" class=\"wp-caption-text\">Marbre gris classique<\/figcaption><\/figure>\n<\/td>\n<\/tr>\n<tr style=\"height: 13.50pt;\">\n<td style=\"height: 13.50pt;\" align=\"right\" height=\"18\">\n<figure id=\"attachment_6424\" class=\"wp-caption aligncenter\" style=\"width: 300px;\" aria-describedby=\"caption-attachment-6424\"><img loading=\"lazy\" decoding=\"async\" class=\"alignnone size-full wp-image-21703\" src=\"http:\/\/stone-phoenix.com\/wp-content\/uploads\/2023\/12\/1703885243-1.jpg\" width=\"300\" height=\"300\" srcset=\"https:\/\/stone-phoenix.com\/wp-content\/uploads\/2023\/12\/1703885243-1.jpg 300w, https:\/\/stone-phoenix.com\/wp-content\/uploads\/2023\/12\/1703885243-1-150x150.jpg 150w, https:\/\/stone-phoenix.com\/wp-content\/uploads\/2023\/12\/1703885243-1-12x12.jpg 12w\" sizes=\"(max-width: 300px) 100vw, 300px\" \/><figcaption id=\"caption-attachment-6424\" class=\"wp-caption-text\">Marbre gris de Chypre<\/figcaption><\/figure>\n<\/td>\n<td align=\"right\">\n<figure id=\"attachment_6425\" class=\"wp-caption aligncenter\" style=\"width: 300px;\" aria-describedby=\"caption-attachment-6425\"><img loading=\"lazy\" decoding=\"async\" class=\"alignnone size-full wp-image-21704\" src=\"http:\/\/stone-phoenix.com\/wp-content\/uploads\/2023\/12\/1703885244.jpg\" width=\"300\" height=\"300\" srcset=\"https:\/\/stone-phoenix.com\/wp-content\/uploads\/2023\/12\/1703885244.jpg 300w, https:\/\/stone-phoenix.com\/wp-content\/uploads\/2023\/12\/1703885244-150x150.jpg 150w, https:\/\/stone-phoenix.com\/wp-content\/uploads\/2023\/12\/1703885244-12x12.jpg 12w\" sizes=\"(max-width: 300px) 100vw, 300px\" \/><figcaption id=\"caption-attachment-6425\" class=\"wp-caption-text\">Suspendre le marbre gris<\/figcaption><\/figure>\n<\/td>\n<td align=\"right\">\n<figure id=\"attachment_6426\" class=\"wp-caption aligncenter\" style=\"width: 300px;\" aria-describedby=\"caption-attachment-6426\"><img loading=\"lazy\" decoding=\"async\" class=\"alignnone size-full wp-image-21705\" src=\"http:\/\/stone-phoenix.com\/wp-content\/uploads\/2023\/12\/1703885245.jpg\" width=\"300\" height=\"300\" srcset=\"https:\/\/stone-phoenix.com\/wp-content\/uploads\/2023\/12\/1703885245.jpg 300w, https:\/\/stone-phoenix.com\/wp-content\/uploads\/2023\/12\/1703885245-150x150.jpg 150w, https:\/\/stone-phoenix.com\/wp-content\/uploads\/2023\/12\/1703885245-12x12.jpg 12w\" sizes=\"(max-width: 300px) 100vw, 300px\" \/><figcaption id=\"caption-attachment-6426\" class=\"wp-caption-text\">Marbre Gris Eclair<\/figcaption><\/figure>\n<\/td>\n<td align=\"right\">\n<figure id=\"attachment_6427\" class=\"wp-caption aligncenter\" style=\"width: 300px;\" aria-describedby=\"caption-attachment-6427\"><img loading=\"lazy\" decoding=\"async\" class=\"alignnone size-full wp-image-21706\" src=\"http:\/\/stone-phoenix.com\/wp-content\/uploads\/2023\/12\/1703885245-1.jpg\" width=\"300\" height=\"300\" srcset=\"https:\/\/stone-phoenix.com\/wp-content\/uploads\/2023\/12\/1703885245-1.jpg 300w, https:\/\/stone-phoenix.com\/wp-content\/uploads\/2023\/12\/1703885245-1-150x150.jpg 150w, https:\/\/stone-phoenix.com\/wp-content\/uploads\/2023\/12\/1703885245-1-12x12.jpg 12w\" sizes=\"(max-width: 300px) 100vw, 300px\" \/><figcaption id=\"caption-attachment-6427\" class=\"wp-caption-text\">Marbre gris Maya<\/figcaption><\/figure>\n<\/td>\n<\/tr>\n<tr style=\"height: 13.50pt;\">\n<td style=\"height: 13.50pt;\" align=\"right\" height=\"18\">\n<figure id=\"attachment_6428\" class=\"wp-caption aligncenter\" style=\"width: 300px;\" aria-describedby=\"caption-attachment-6428\"><img loading=\"lazy\" decoding=\"async\" class=\"alignnone size-full wp-image-21707\" src=\"http:\/\/stone-phoenix.com\/wp-content\/uploads\/2023\/12\/1703885247.jpg\" width=\"300\" height=\"300\" srcset=\"https:\/\/stone-phoenix.com\/wp-content\/uploads\/2023\/12\/1703885247.jpg 300w, https:\/\/stone-phoenix.com\/wp-content\/uploads\/2023\/12\/1703885247-150x150.jpg 150w, https:\/\/stone-phoenix.com\/wp-content\/uploads\/2023\/12\/1703885247-12x12.jpg 12w\" sizes=\"(max-width: 300px) 100vw, 300px\" \/><figcaption id=\"caption-attachment-6428\" class=\"wp-caption-text\">Marbre gris lunaire<\/figcaption><\/figure>\n<\/td>\n<td align=\"right\">\n<figure id=\"attachment_6429\" class=\"wp-caption aligncenter\" style=\"width: 300px;\" aria-describedby=\"caption-attachment-6429\"><img loading=\"lazy\" decoding=\"async\" class=\"alignnone size-full wp-image-21708\" src=\"http:\/\/stone-phoenix.com\/wp-content\/uploads\/2023\/12\/1703885247-1.jpg\" width=\"300\" height=\"300\" srcset=\"https:\/\/stone-phoenix.com\/wp-content\/uploads\/2023\/12\/1703885247-1.jpg 300w, https:\/\/stone-phoenix.com\/wp-content\/uploads\/2023\/12\/1703885247-1-150x150.jpg 150w, https:\/\/stone-phoenix.com\/wp-content\/uploads\/2023\/12\/1703885247-1-12x12.jpg 12w\" sizes=\"(max-width: 300px) 100vw, 300px\" \/><figcaption id=\"caption-attachment-6429\" class=\"wp-caption-text\">Marbre gris persan<\/figcaption><\/figure>\n<\/td>\n<td align=\"right\">\n<figure id=\"attachment_6430\" class=\"wp-caption aligncenter\" style=\"width: 300px;\" aria-describedby=\"caption-attachment-6430\"><img loading=\"lazy\" decoding=\"async\" class=\"alignnone size-full wp-image-21709\" src=\"http:\/\/stone-phoenix.com\/wp-content\/uploads\/2023\/12\/1703885248.jpg\" width=\"300\" height=\"300\" srcset=\"https:\/\/stone-phoenix.com\/wp-content\/uploads\/2023\/12\/1703885248.jpg 300w, https:\/\/stone-phoenix.com\/wp-content\/uploads\/2023\/12\/1703885248-150x150.jpg 150w, https:\/\/stone-phoenix.com\/wp-content\/uploads\/2023\/12\/1703885248-12x12.jpg 12w\" sizes=\"(max-width: 300px) 100vw, 300px\" \/><figcaption id=\"caption-attachment-6430\" class=\"wp-caption-text\">Marbre gris romantique<\/figcaption><\/figure>\n<\/td>\n<td align=\"right\">\n<figure id=\"attachment_6431\" class=\"wp-caption aligncenter\" style=\"width: 300px;\" aria-describedby=\"caption-attachment-6431\"><img loading=\"lazy\" decoding=\"async\" class=\"alignnone size-full wp-image-21710\" src=\"http:\/\/stone-phoenix.com\/wp-content\/uploads\/2023\/12\/1703885249.jpg\" width=\"300\" height=\"300\" srcset=\"https:\/\/stone-phoenix.com\/wp-content\/uploads\/2023\/12\/1703885249.jpg 300w, https:\/\/stone-phoenix.com\/wp-content\/uploads\/2023\/12\/1703885249-150x150.jpg 150w, https:\/\/stone-phoenix.com\/wp-content\/uploads\/2023\/12\/1703885249-12x12.jpg 12w\" sizes=\"(max-width: 300px) 100vw, 300px\" \/><figcaption id=\"caption-attachment-6431\" class=\"wp-caption-text\">Marbre gris \u00e9toil\u00e9<\/figcaption><\/figure>\n<\/td>\n<\/tr>\n<tr style=\"height: 13.50pt;\">\n<td style=\"height: 13.50pt;\" align=\"right\" height=\"18\">\n<figure id=\"attachment_6432\" class=\"wp-caption aligncenter\" style=\"width: 300px;\" aria-describedby=\"caption-attachment-6432\"><img loading=\"lazy\" decoding=\"async\" class=\"alignnone size-full wp-image-21711\" src=\"http:\/\/stone-phoenix.com\/wp-content\/uploads\/2023\/12\/1703885249-1.jpg\" width=\"300\" height=\"300\" srcset=\"https:\/\/stone-phoenix.com\/wp-content\/uploads\/2023\/12\/1703885249-1.jpg 300w, https:\/\/stone-phoenix.com\/wp-content\/uploads\/2023\/12\/1703885249-1-150x150.jpg 150w, https:\/\/stone-phoenix.com\/wp-content\/uploads\/2023\/12\/1703885249-1-12x12.jpg 12w\" sizes=\"(max-width: 300px) 100vw, 300px\" \/><figcaption id=\"caption-attachment-6432\" class=\"wp-caption-text\">Marbre gris Tundla<\/figcaption><\/figure>\n<\/td>\n<td><\/td>\n<td><\/td>\n<td><\/td>\n<\/tr>\n<\/tbody>\n<\/table>\n<\/div>","protected":false},"excerpt":{"rendered":"<p>Gray Marble Tile Factory Hermes Grey Marble Transform your space into a luxurious sanctuary with our premium gray marble tiles<\/p>","protected":false},"featured_media":21698,"template":"","meta":[],"product_cat":[113],"product_tag":[],"_links":{"self":[{"href":"https:\/\/stone-phoenix.com\/fr\/wp-json\/wp\/v2\/product\/21697"}],"collection":[{"href":"https:\/\/stone-phoenix.com\/fr\/wp-json\/wp\/v2\/product"}],"about":[{"href":"https:\/\/stone-phoenix.com\/fr\/wp-json\/wp\/v2\/types\/product"}],"wp:featuredmedia":[{"embeddable":true,"href":"https:\/\/stone-phoenix.com\/fr\/wp-json\/wp\/v2\/media\/21698"}],"wp:attachment":[{"href":"https:\/\/stone-phoenix.com\/fr\/wp-json\/wp\/v2\/media?parent=21697"}],"wp:term":[{"taxonomy":"product_cat","embeddable":true,"href":"https:\/\/stone-phoenix.com\/fr\/wp-json\/wp\/v2\/product_cat?post=21697"},{"taxonomy":"product_tag","embeddable":true,"href":"https:\/\/stone-phoenix.com\/fr\/wp-json\/wp\/v2\/product_tag?post=21697"}],"curies":[{"name":"wp","href":"https:\/\/api.w.org\/{rel}","templated":true}]}}