{"id":21712,"date":"2023-12-29T21:27:50","date_gmt":"2023-12-29T13:27:50","guid":{"rendered":"http:\/\/stone-phoenix.com\/product\/italian-portoto-marble-competitive-price-golden"},"modified":"2024-03-24T15:57:23","modified_gmt":"2024-03-24T07:57:23","slug":"italian-portoto-marble-competitive-price-golden","status":"publish","type":"product","link":"https:\/\/stone-phoenix.com\/fr\/produit\/italian-portoto-marble-competitive-price-golden","title":{"rendered":"Marbre italien Portoto Prix comp\u00e9titif Golden"},"content":{"rendered":"<div id=\"tab-description\" class=\"woocommerce-Tabs-panel woocommerce-Tabs-panel--description panel entry-content wc-tab\" role=\"tabpanel\" aria-labelledby=\"tab-title-description\">\n<div id=\"ali-anchor-AliPostDhMb-qkngg\" style=\"padding-top: 8px;\" data-section=\"AliPostDhMb-qkngg\" data-section-title=\"Product Description\">\n<h1 style=\"text-align: center;\">Marbre italien Portoto Prix comp\u00e9titif Golden<\/h1>\n<p>Le marbre Portoto italien est un marbre naturel qui a \u00e9t\u00e9 cr\u00e9\u00e9 il y a plus de 440 millions d'ann\u00e9es. Ce marbre est unique car il pr\u00e9sente une combinaison rare de veines blanches, de motifs gris et jaunes, et de formes et de tailles irr\u00e9guli\u00e8res.Faites partie d'un style de vie luxueux avec le marbre Portoto italien de notre collection. Avec sa texture \u00e9l\u00e9gante et riche, ce marbre apportera un attrait intemporel \u00e0 n'importe quel espace.Le marbre Portoto italien est disponible dans une vari\u00e9t\u00e9 de couleurs et de tailles, nous pouvons \u00e9galement fournir des produits personnalis\u00e9s. Pour plus d'informations sur nos produits, veuillez nous contacter par e-mail ou par t\u00e9l\u00e9phone.Injectez une touche de style italien dans votre maison avec ce marbre, qui a \u00e9t\u00e9 extrait de la r\u00e9gion italienne de Portonovo. Les veines grises et la base blanche le rendent id\u00e9al pour les espaces modernes et traditionnels.Nous pouvons vous fournir selon vos besoins.Il s'agit d'un produit italien de premi\u00e8re qualit\u00e9. Le marbre italien Portonovo est connu comme la pierre la plus polyvalente, la plus unique et la plus belle au monde. Le prix comp\u00e9titif italien est bon pour les sols en pierre de marbre, les rev\u00eatements muraux et la fabrication de comptoirs.<\/p>\n<div><\/div>\n<div id=\"ali-title-AliPostDhMb-qkngg\" style=\"padding: 8px 0; border-bottom: 1px solid #ddd;\"><span style=\"background-color: #ddd; color: #333; font-weight: bold; padding: 8px 10px; line-height: 12px;\">Description du produit<\/span><\/div>\n<div style=\"padding: 10px 0;\"><\/div>\n<div style=\"padding: 10px 0px; text-align: left;\">\n<table class=\"aliDataTable\" style=\"color: #000000; font-family: Arial; font-size: 12px; font-style: normal; font-weight: 400; background-color: #ffffff; width: 746.066px; height: 226px; border: 1px solid #b3b3b3;\">\n<tbody>\n<tr style=\"height: 21px;\">\n<td style=\"border: 1px solid #b3b3b3; width: 162px;\"><strong><span style=\"font-family: arial, helvetica, sans-serif; font-size: 14px;\">Nom du produit :<\/span><\/strong><\/td>\n<td style=\"border: 1px solid #b3b3b3; width: 595.066px;\">Italian competitive price Golden Athens nero Portoro Marble<\/td>\n<\/tr>\n<tr style=\"height: 21px;\">\n<td style=\"border: 1px solid #b3b3b3; width: 162px;\"><strong><span style=\"font-family: arial, helvetica, sans-serif; font-size: 14px;\">Mat\u00e9riau :<\/span><\/strong><\/td>\n<td style=\"border: 1px solid #b3b3b3; width: 595.066px;\"><span style=\"font-family: arial, helvetica, sans-serif; font-size: 14px;\">Marbre<\/span><\/td>\n<\/tr>\n<tr style=\"height: 21px;\">\n<td style=\"border: 1px solid #b3b3b3; width: 162px;\"><strong><span style=\"font-family: arial, helvetica, sans-serif; font-size: 14px;\">Couleur :<\/span><\/strong><\/td>\n<td style=\"border: 1px solid #b3b3b3; width: 595.066px;\"><span style=\"font-family: arial, helvetica, sans-serif; font-size: 14px;\">Blanc, beige, noir, marron, gris, rouge, vert, bleu, etc.<\/span><\/td>\n<\/tr>\n<tr style=\"height: 21px;\">\n<td style=\"border: 1px solid #b3b3b3; width: 162px;\" rowspan=\"3\"><strong><span style=\"font-family: arial, helvetica, sans-serif; font-size: 14px;\">Taille :<\/span><\/strong><\/td>\n<td style=\"border: 1px solid #b3b3b3; width: 595.066px;\"><span style=\"font-family: arial, helvetica, sans-serif; font-size: 14px;\"><span style=\"text-decoration: underline;\">Carreaux disponibles<\/span> <\/span><br \/>\n<span style=\"font-family: arial, helvetica, sans-serif; font-size: 14px;\">12\u2032 X 12\u2033,24\u2032 X 24\u2033,12\u2032 X 24\u2033,etc 300x300mm,300x600mm,400x400mm,600x600mm,600\u00d71200,800\u00d7800,etc<\/span><\/td>\n<\/tr>\n<tr style=\"height: 21px;\">\n<td style=\"border: 1px solid #b3b3b3; width: 595.066px;\"><span style=\"font-family: arial, helvetica, sans-serif; font-size: 14px;\"><span style=\"text-decoration: underline;\">Grandes dalles disponibles<\/span>\u00a0 \u00a0 \u00a0 \u00a0 \u00a0 \u00a0 \u00a0 \u00a0 \u00a0 \u00a0 \u00a0 \u00a0 \u00a0 \u00a0 \u00a0 \u00a0 \u00a0 \u00a0 \u00a0 \u00a0 \u00a0 \u00a0 \u00a0 \u00a0 \u00a0 \u00a0 \u00a0 \u00a0 \u00a0 \u00a0 \u00a0 \u00a0 \u00a0 \u00a0 \u00a0 \u00a0 \u00a0 \u00a0 \u00a0 \u00a0 \u00a0 \u00a0 \u00a0 \u00a0 \u00a0 \u00a0 \u00a0 \u00a0 \u00a0 \u00a0 \u00a0 \u00a0 \u00a0 240cmUpx120UP<\/span><\/td>\n<\/tr>\n<tr style=\"height: 21px;\">\n<td style=\"border: 1px solid #b3b3b3; width: 595.066px;\"><span style=\"font-family: arial, helvetica, sans-serif; font-size: 14px;\">Des sp\u00e9cifications personnalis\u00e9es sont disponibles<\/span><\/td>\n<\/tr>\n<tr style=\"height: 21px;\">\n<td style=\"border: 1px solid #b3b3b3; width: 162px;\"><strong><span style=\"font-family: arial, helvetica, sans-serif; font-size: 14px;\">Tol\u00e9rance d'\u00e9paisseur :<\/span><\/strong><\/td>\n<td style=\"border: 1px solid #b3b3b3; width: 595.066px;\"><span style=\"font-size: 14px; font-family: arial, helvetica, sans-serif;\">\u00b10,05mm, \u00b11mm, \u00b11,5mm, \u00b12mm, selon les exigences de qualit\u00e9 du client<\/span><\/td>\n<\/tr>\n<tr style=\"height: 21px;\">\n<td style=\"border: 1px solid #b3b3b3; width: 162px;\"><strong><span style=\"font-family: arial, helvetica, sans-serif; font-size: 14px;\">Surface :<\/span><\/strong><\/td>\n<td style=\"border: 1px solid #b3b3b3; width: 595.066px;\"><span style=\"font-size: 14px; font-family: arial, helvetica, sans-serif;\">Poli, adouci, assorti au livre, antique, rainur\u00e9, bross\u00e9, d\u00e9cap\u00e9, sabl\u00e9, jet d'eau, etc.<\/span><\/td>\n<\/tr>\n<tr style=\"height: auto;\">\n<td style=\"border: 1px solid #b3b3b3; width: 162px;\"><strong><span style=\"font-family: arial, helvetica, sans-serif; font-size: 14px;\">Emballage :<\/span><\/strong><\/td>\n<td style=\"border: 1px solid #b3b3b3; width: 595.066px;\"><span style=\"font-family: arial, helvetica, sans-serif; font-size: 14px;\"> Fardeaux et caisses en bois en \u00e9tat de navigabilit\u00e9<\/span><\/td>\n<\/tr>\n<tr style=\"height: 21px;\">\n<td style=\"border: 1px solid #b3b3b3; width: 162px;\"><strong><span style=\"font-family: arial, helvetica, sans-serif; font-size: 14px;\">Application :<\/span><\/strong><\/td>\n<td style=\"border: 1px solid #b3b3b3; width: 595.066px;\"><span style=\"font-family: arial, helvetica, sans-serif; font-size: 14px;\">Mur int\u00e9rieur, sol, plinthe, mur de fond, comptoir, escalier, etc.<\/span><\/td>\n<\/tr>\n<tr style=\"height: 21px;\">\n<td style=\"border: 1px solid #b3b3b3; width: 162px;\"><strong><span style=\"font-family: arial, helvetica, sans-serif; font-size: 14px;\">D\u00e9lai de livraison :<\/span><\/strong><\/td>\n<td style=\"border: 1px solid #b3b3b3; width: 595.066px;\"><span style=\"font-family: arial, helvetica, sans-serif; font-size: 14px;\"> 15-20 jours pour les tailles normales<\/span><\/td>\n<\/tr>\n<tr style=\"height: 21px;\">\n<td style=\"border: 1px solid #b3b3b3; width: 162px;\"><strong><span style=\"font-family: arial, helvetica, sans-serif; font-size: 14px;\">Certificat :<\/span><\/strong><\/td>\n<td style=\"border: 1px solid #b3b3b3; width: 595.066px;\"><span style=\"font-family: arial, helvetica, sans-serif; font-size: 14px;\">CE, SGS<\/span><\/td>\n<\/tr>\n<tr style=\"height: 21px;\">\n<td style=\"border: 1px solid #b3b3b3; width: 162px;\"><strong><span style=\"font-family: arial, helvetica, sans-serif; font-size: 14px;\">Conditions de paiement :<\/span><\/strong><\/td>\n<td style=\"border: 1px solid #b3b3b3; width: 595.066px;\"><span style=\"font-family: arial, helvetica, sans-serif; font-size: 14px;\">T\/T, L\/C, D\/P<\/span><\/td>\n<\/tr>\n<tr style=\"height: 42px;\">\n<td style=\"border: 1px solid #b3b3b3; width: 162px;\"><strong><span style=\"font-family: arial, helvetica, sans-serif; font-size: 14px;\">Avantage :<\/span><\/strong><\/td>\n<td style=\"border: 1px solid #b3b3b3; width: 595.066px;\"><span style=\"font-family: arial, helvetica, sans-serif; font-size: 14px;\">1) Service unique pour la pierre ;<\/span><\/p>\n<p><span style=\"font-family: arial, helvetica, sans-serif; font-size: 14px;\">2) Poss\u00e9der 3 carri\u00e8res et 9 usines ;<\/span><\/p>\n<p><span style=\"font-family: arial, helvetica, sans-serif; font-size: 14px;\">3) Des supports technologiques de pointe.<\/span><\/td>\n<\/tr>\n<tr style=\"height: 42px;\">\n<td style=\"border: 1px solid #b3b3b3; width: 162px;\"><strong><span style=\"font-family: arial, helvetica, sans-serif; font-size: 14px;\">Assurance de la qualit\u00e9 et de la livraison :\u00a0<\/span><\/strong><\/td>\n<td style=\"border: 1px solid #b3b3b3; width: 595.066px;\"><span style=\"font-family: arial, helvetica, sans-serif; font-size: 14px;\">Tout au long du processus de production, du choix des mat\u00e9riaux \u00e0 l'emballage en passant par la fabrication, notre service de contr\u00f4le de la qualit\u00e9 contr\u00f4le rigoureusement chaque pi\u00e8ce et chaque processus afin de garantir le respect des normes de qualit\u00e9 et le respect des d\u00e9lais de livraison.<\/span><\/td>\n<\/tr>\n<\/tbody>\n<\/table>\n<\/div>\n<div style=\"padding: 10px 0px; text-align: left;\"><span style=\"font-size: 18px;\"><strong> Italian competitive price Golden Athens nero Portoro Marble<\/strong><\/span><\/div>\n<div style=\"padding: 10px 0px; text-align: left;\"><span style=\"font-size: 18px;\"><strong><img loading=\"lazy\" decoding=\"async\" class=\"alignnone size-full wp-image-25901\" src=\"http:\/\/stone-phoenix.com\/wp-content\/uploads\/2023\/12\/Italian-Portoto-Marble-Competitive-Price-Golden-10.jpg\" alt=\"\" width=\"1201\" height=\"894\" srcset=\"https:\/\/stone-phoenix.com\/wp-content\/uploads\/2023\/12\/Italian-Portoto-Marble-Competitive-Price-Golden-10.jpg 1201w, https:\/\/stone-phoenix.com\/wp-content\/uploads\/2023\/12\/Italian-Portoto-Marble-Competitive-Price-Golden-10-300x223.jpg 300w, https:\/\/stone-phoenix.com\/wp-content\/uploads\/2023\/12\/Italian-Portoto-Marble-Competitive-Price-Golden-10-1024x762.jpg 1024w, https:\/\/stone-phoenix.com\/wp-content\/uploads\/2023\/12\/Italian-Portoto-Marble-Competitive-Price-Golden-10-768x572.jpg 768w, https:\/\/stone-phoenix.com\/wp-content\/uploads\/2023\/12\/Italian-Portoto-Marble-Competitive-Price-Golden-10-16x12.jpg 16w, https:\/\/stone-phoenix.com\/wp-content\/uploads\/2023\/12\/Italian-Portoto-Marble-Competitive-Price-Golden-10-600x447.jpg 600w, https:\/\/stone-phoenix.com\/wp-content\/uploads\/2023\/12\/Italian-Portoto-Marble-Competitive-Price-Golden-10-150x112.jpg 150w\" sizes=\"(max-width: 1201px) 100vw, 1201px\" \/><img loading=\"lazy\" decoding=\"async\" class=\"alignnone size-full wp-image-25903\" src=\"http:\/\/stone-phoenix.com\/wp-content\/uploads\/2023\/12\/Italian-Portoto-Marble-Competitive-Price-Golden-7-1.jpg\" alt=\"\" width=\"1183\" height=\"736\" srcset=\"https:\/\/stone-phoenix.com\/wp-content\/uploads\/2023\/12\/Italian-Portoto-Marble-Competitive-Price-Golden-7-1.jpg 1183w, https:\/\/stone-phoenix.com\/wp-content\/uploads\/2023\/12\/Italian-Portoto-Marble-Competitive-Price-Golden-7-1-300x187.jpg 300w, https:\/\/stone-phoenix.com\/wp-content\/uploads\/2023\/12\/Italian-Portoto-Marble-Competitive-Price-Golden-7-1-1024x637.jpg 1024w, https:\/\/stone-phoenix.com\/wp-content\/uploads\/2023\/12\/Italian-Portoto-Marble-Competitive-Price-Golden-7-1-768x478.jpg 768w, https:\/\/stone-phoenix.com\/wp-content\/uploads\/2023\/12\/Italian-Portoto-Marble-Competitive-Price-Golden-7-1-18x12.jpg 18w, https:\/\/stone-phoenix.com\/wp-content\/uploads\/2023\/12\/Italian-Portoto-Marble-Competitive-Price-Golden-7-1-600x373.jpg 600w, https:\/\/stone-phoenix.com\/wp-content\/uploads\/2023\/12\/Italian-Portoto-Marble-Competitive-Price-Golden-7-1-150x93.jpg 150w\" sizes=\"(max-width: 1183px) 100vw, 1183px\" \/><img loading=\"lazy\" decoding=\"async\" class=\"alignnone size-full wp-image-25904\" src=\"http:\/\/stone-phoenix.com\/wp-content\/uploads\/2023\/12\/Italian-Portoto-Marble-Competitive-Price-Golden-8.jpg\" alt=\"\" width=\"1189\" height=\"1221\" srcset=\"https:\/\/stone-phoenix.com\/wp-content\/uploads\/2023\/12\/Italian-Portoto-Marble-Competitive-Price-Golden-8.jpg 1189w, https:\/\/stone-phoenix.com\/wp-content\/uploads\/2023\/12\/Italian-Portoto-Marble-Competitive-Price-Golden-8-292x300.jpg 292w, https:\/\/stone-phoenix.com\/wp-content\/uploads\/2023\/12\/Italian-Portoto-Marble-Competitive-Price-Golden-8-997x1024.jpg 997w, https:\/\/stone-phoenix.com\/wp-content\/uploads\/2023\/12\/Italian-Portoto-Marble-Competitive-Price-Golden-8-768x789.jpg 768w, https:\/\/stone-phoenix.com\/wp-content\/uploads\/2023\/12\/Italian-Portoto-Marble-Competitive-Price-Golden-8-12x12.jpg 12w, https:\/\/stone-phoenix.com\/wp-content\/uploads\/2023\/12\/Italian-Portoto-Marble-Competitive-Price-Golden-8-600x616.jpg 600w, https:\/\/stone-phoenix.com\/wp-content\/uploads\/2023\/12\/Italian-Portoto-Marble-Competitive-Price-Golden-8-150x154.jpg 150w\" sizes=\"(max-width: 1189px) 100vw, 1189px\" \/><img loading=\"lazy\" decoding=\"async\" class=\"alignnone size-full wp-image-25905\" src=\"http:\/\/stone-phoenix.com\/wp-content\/uploads\/2023\/12\/Italian-Portoto-Marble-Competitive-Price-Golden-9.jpg\" alt=\"\" width=\"1194\" height=\"1296\" srcset=\"https:\/\/stone-phoenix.com\/wp-content\/uploads\/2023\/12\/Italian-Portoto-Marble-Competitive-Price-Golden-9.jpg 1194w, https:\/\/stone-phoenix.com\/wp-content\/uploads\/2023\/12\/Italian-Portoto-Marble-Competitive-Price-Golden-9-276x300.jpg 276w, https:\/\/stone-phoenix.com\/wp-content\/uploads\/2023\/12\/Italian-Portoto-Marble-Competitive-Price-Golden-9-943x1024.jpg 943w, https:\/\/stone-phoenix.com\/wp-content\/uploads\/2023\/12\/Italian-Portoto-Marble-Competitive-Price-Golden-9-768x834.jpg 768w, https:\/\/stone-phoenix.com\/wp-content\/uploads\/2023\/12\/Italian-Portoto-Marble-Competitive-Price-Golden-9-11x12.jpg 11w, https:\/\/stone-phoenix.com\/wp-content\/uploads\/2023\/12\/Italian-Portoto-Marble-Competitive-Price-Golden-9-600x651.jpg 600w, https:\/\/stone-phoenix.com\/wp-content\/uploads\/2023\/12\/Italian-Portoto-Marble-Competitive-Price-Golden-9-150x163.jpg 150w\" sizes=\"(max-width: 1194px) 100vw, 1194px\" \/><\/strong><\/span><\/div>\n<div style=\"padding: 10px 0px; text-align: left;\"><\/div>\n<div style=\"padding: 10px 0px; text-align: left;\"><\/div>\n<div style=\"padding: 10px 0px; text-align: center;\"><\/div>\n<\/div>\n<\/div>","protected":false},"excerpt":{"rendered":"<p>Italian Portoto Marble Competitive Price Golden Italian Portoto Marble is a naturally occurring marble that was created over 440 million<\/p>","protected":false},"featured_media":25894,"template":"","meta":[],"product_cat":[113],"product_tag":[],"_links":{"self":[{"href":"https:\/\/stone-phoenix.com\/fr\/wp-json\/wp\/v2\/product\/21712"}],"collection":[{"href":"https:\/\/stone-phoenix.com\/fr\/wp-json\/wp\/v2\/product"}],"about":[{"href":"https:\/\/stone-phoenix.com\/fr\/wp-json\/wp\/v2\/types\/product"}],"wp:featuredmedia":[{"embeddable":true,"href":"https:\/\/stone-phoenix.com\/fr\/wp-json\/wp\/v2\/media\/25894"}],"wp:attachment":[{"href":"https:\/\/stone-phoenix.com\/fr\/wp-json\/wp\/v2\/media?parent=21712"}],"wp:term":[{"taxonomy":"product_cat","embeddable":true,"href":"https:\/\/stone-phoenix.com\/fr\/wp-json\/wp\/v2\/product_cat?post=21712"},{"taxonomy":"product_tag","embeddable":true,"href":"https:\/\/stone-phoenix.com\/fr\/wp-json\/wp\/v2\/product_tag?post=21712"}],"curies":[{"name":"wp","href":"https:\/\/api.w.org\/{rel}","templated":true}]}}