{"id":21718,"date":"2023-12-29T21:28:18","date_gmt":"2023-12-29T13:28:18","guid":{"rendered":"http:\/\/stone-phoenix.com\/product\/italy-travertine-stone-romano-marble-m2-price"},"modified":"2024-03-24T15:17:46","modified_gmt":"2024-03-24T07:17:46","slug":"italy-travertine-stone-romano-marble-m2-price","status":"publish","type":"product","link":"https:\/\/stone-phoenix.com\/fr\/produit\/italy-travertine-stone-romano-marble-m2-price","title":{"rendered":"Italie Travertin Pierre Marbre Romano M2 Prix"},"content":{"rendered":"<div id=\"tab-description\" class=\"woocommerce-Tabs-panel woocommerce-Tabs-panel--description panel entry-content wc-tab\" role=\"tabpanel\" aria-labelledby=\"tab-title-description\">\n<div id=\"ali-anchor-AliPostDhMb-qkngg\" style=\"padding-top: 8px;\" data-section=\"AliPostDhMb-qkngg\" data-section-title=\"Product Description\">\n<h2 style=\"text-align: center;\">Italie Travertin Pierre Marbre Romano M2 Prix Meuble TV<\/h2>\n<p>Le marbre travertin romano d'Italie est un carrelage mural et de sol en pierre naturelle. Les mat\u00e9riaux de qualit\u00e9 sup\u00e9rieure et les couleurs naturelles font de ce carrelage une excellente solution pour les zones tr\u00e8s fr\u00e9quent\u00e9es, telles que les cuisines et les salles familiales, qui n\u00e9cessitent une durabilit\u00e9 \u00e0 long terme, avec une couleur et un aspect textur\u00e9 coh\u00e9rents. Notre \u00e9quipe se consacre \u00e0 vous fournir le meilleur en termes de qualit\u00e9 et de service \u00e0 la client\u00e8le.<\/p>\n<p>Que vous souhaitiez un comptoir pour votre cuisine ou votre salle de bain, ou un sol en marbre tambourin\u00e9 pour votre foyer ou votre entr\u00e9e, notre produit ne manquera pas d'impressionner !<\/p>\n<p>Si vous \u00eates \u00e0 la recherche d'une vari\u00e9t\u00e9 de produits en marbre et de couleurs, nous avons des centaines de produits en travertin romano pr\u00eats pour vous. Nous avons une large gamme de carreaux en travertin et en marbre dans diff\u00e9rents motifs, styles et couleurs, de sorte que vous serez s\u00fbr de trouver ce que vous cherchez.<\/p>\n<p>Nous offrons une vari\u00e9t\u00e9 de marbre travertin Roma d'Italie en diff\u00e9rentes tailles et \u00e9paisseurs, qui est largement utilis\u00e9 pour la d\u00e9coration de la maison. Notre personnel s'assure que les livraisons de sols et de dalles en marbre sont effectu\u00e9es \u00e0 temps, selon les exigences du client. Si vous \u00eates \u00e0 la recherche d'un carreau de travertin de qualit\u00e9, vous n'avez pas besoin de chercher plus loin.<\/p>\n<p>nous offrons des produits de la plus haute qualit\u00e9 qui sont s\u00e9lectionn\u00e9s et coup\u00e9s \u00e0 la main par des ouvriers experts en Italie. nos produits d\u00e9passeront vos attentes en ce qui concerne la qualit\u00e9 des couleurs et du design.<\/p>\n<div id=\"ali-title-AliPostDhMb-qkngg\" style=\"padding: 8px 0; border-bottom: 1px solid #ddd;\"><span style=\"background-color: #ddd; color: #333; font-weight: bold; padding: 8px 10px; line-height: 12px;\">Description du produit<\/span><\/div>\n<div style=\"padding: 10px 0;\">\n<table class=\"aliDataTable\" style=\"color: #000000; font-family: Arial; font-size: 12px; font-style: normal; font-weight: 400; background-color: #ffffff; width: 746.066px; height: 226px; border: 1px solid #b3b3b3;\">\n<tbody>\n<tr style=\"height: 21px;\">\n<td style=\"border: 1px solid #b3b3b3; width: 162px;\"><strong><span style=\"font-family: arial, helvetica, sans-serif; font-size: 14px;\">Nom du produit :<\/span><\/strong><\/td>\n<td style=\"border: 1px solid #b3b3b3; width: 595.066px;\">Marbre Grey Veins Calacatta White Pearl le moins cher<\/td>\n<\/tr>\n<tr style=\"height: 21px;\">\n<td style=\"border: 1px solid #b3b3b3; width: 162px;\"><strong><span style=\"font-family: arial, helvetica, sans-serif; font-size: 14px;\">Mat\u00e9riau :<\/span><\/strong><\/td>\n<td style=\"border: 1px solid #b3b3b3; width: 595.066px;\"><span style=\"font-family: arial, helvetica, sans-serif; font-size: 14px;\">Marbre<\/span><\/td>\n<\/tr>\n<tr style=\"height: 21px;\">\n<td style=\"border: 1px solid #b3b3b3; width: 162px;\"><strong><span style=\"font-family: arial, helvetica, sans-serif; font-size: 14px;\">Couleur :<\/span><\/strong><\/td>\n<td style=\"border: 1px solid #b3b3b3; width: 595.066px;\"><span style=\"font-family: arial, helvetica, sans-serif; font-size: 14px;\">Blanc, beige, noir, marron, gris, rouge, vert, bleu, etc.<\/span><\/td>\n<\/tr>\n<tr style=\"height: 21px;\">\n<td style=\"border: 1px solid #b3b3b3; width: 162px;\" rowspan=\"3\"><strong><span style=\"font-family: arial, helvetica, sans-serif; font-size: 14px;\">Taille :<\/span><\/strong><\/td>\n<td style=\"border: 1px solid #b3b3b3; width: 595.066px;\"><span style=\"font-family: arial, helvetica, sans-serif; font-size: 14px;\"><span style=\"text-decoration: underline;\">Carreaux disponibles<\/span> <\/span><br \/>\n<span style=\"font-family: arial, helvetica, sans-serif; font-size: 14px;\">12\u2032 X 12\u2033,24\u2032 X 24\u2033,12\u2032 X 24\u2033,etc 300x300mm,300x600mm,400x400mm,600x600mm,600\u00d71200,800\u00d7800,etc<\/span><\/td>\n<\/tr>\n<tr style=\"height: 21px;\">\n<td style=\"border: 1px solid #b3b3b3; width: 595.066px;\"><span style=\"font-family: arial, helvetica, sans-serif; font-size: 14px;\"><span style=\"text-decoration: underline;\">Grandes dalles disponibles<\/span>\u00a0 \u00a0 \u00a0 \u00a0 \u00a0 \u00a0 \u00a0 \u00a0 \u00a0 \u00a0 \u00a0 \u00a0 \u00a0 \u00a0 \u00a0 \u00a0 \u00a0 \u00a0 \u00a0 \u00a0 \u00a0 \u00a0 \u00a0 \u00a0 \u00a0 \u00a0 \u00a0 \u00a0 \u00a0 \u00a0 \u00a0 \u00a0 \u00a0 \u00a0 \u00a0 \u00a0 \u00a0 \u00a0 \u00a0 \u00a0 \u00a0 \u00a0 \u00a0 \u00a0 \u00a0 \u00a0 \u00a0 \u00a0 \u00a0 \u00a0 \u00a0 \u00a0 \u00a0 240cmUpx120UP<\/span><\/td>\n<\/tr>\n<tr style=\"height: 21px;\">\n<td style=\"border: 1px solid #b3b3b3; width: 595.066px;\"><span style=\"font-family: arial, helvetica, sans-serif; font-size: 14px;\">Des sp\u00e9cifications personnalis\u00e9es sont disponibles<\/span><\/td>\n<\/tr>\n<tr style=\"height: 21px;\">\n<td style=\"border: 1px solid #b3b3b3; width: 162px;\"><strong><span style=\"font-family: arial, helvetica, sans-serif; font-size: 14px;\">Tol\u00e9rance d'\u00e9paisseur :<\/span><\/strong><\/td>\n<td style=\"border: 1px solid #b3b3b3; width: 595.066px;\"><span style=\"font-size: 14px; font-family: arial, helvetica, sans-serif;\">\u00b10,05mm, \u00b11mm, \u00b11,5mm, \u00b12mm, selon les exigences de qualit\u00e9 du client<\/span><\/td>\n<\/tr>\n<tr style=\"height: 21px;\">\n<td style=\"border: 1px solid #b3b3b3; width: 162px;\"><strong><span style=\"font-family: arial, helvetica, sans-serif; font-size: 14px;\">Surface :<\/span><\/strong><\/td>\n<td style=\"border: 1px solid #b3b3b3; width: 595.066px;\"><span style=\"font-size: 14px; font-family: arial, helvetica, sans-serif;\">Poli, adouci, assorti au livre, antique, rainur\u00e9, bross\u00e9, d\u00e9cap\u00e9, sabl\u00e9, jet d'eau, etc.<\/span><\/td>\n<\/tr>\n<tr style=\"height: auto;\">\n<td style=\"border: 1px solid #b3b3b3; width: 162px;\"><strong><span style=\"font-family: arial, helvetica, sans-serif; font-size: 14px;\">Emballage :<\/span><\/strong><\/td>\n<td style=\"border: 1px solid #b3b3b3; width: 595.066px;\"><span style=\"font-family: arial, helvetica, sans-serif; font-size: 14px;\"> Fardeaux et caisses en bois en \u00e9tat de navigabilit\u00e9<\/span><\/td>\n<\/tr>\n<tr style=\"height: 21px;\">\n<td style=\"border: 1px solid #b3b3b3; width: 162px;\"><strong><span style=\"font-family: arial, helvetica, sans-serif; font-size: 14px;\">Application :<\/span><\/strong><\/td>\n<td style=\"border: 1px solid #b3b3b3; width: 595.066px;\"><span style=\"font-family: arial, helvetica, sans-serif; font-size: 14px;\">Mur int\u00e9rieur, sol, plinthe, mur de fond, comptoir, escalier, etc.<\/span><\/td>\n<\/tr>\n<tr style=\"height: 21px;\">\n<td style=\"border: 1px solid #b3b3b3; width: 162px;\"><strong><span style=\"font-family: arial, helvetica, sans-serif; font-size: 14px;\">D\u00e9lai de livraison :<\/span><\/strong><\/td>\n<td style=\"border: 1px solid #b3b3b3; width: 595.066px;\"><span style=\"font-family: arial, helvetica, sans-serif; font-size: 14px;\"> 15-20 jours pour les tailles normales<\/span><\/td>\n<\/tr>\n<tr style=\"height: 21px;\">\n<td style=\"border: 1px solid #b3b3b3; width: 162px;\"><strong><span style=\"font-family: arial, helvetica, sans-serif; font-size: 14px;\">Certificat :<\/span><\/strong><\/td>\n<td style=\"border: 1px solid #b3b3b3; width: 595.066px;\"><span style=\"font-family: arial, helvetica, sans-serif; font-size: 14px;\">CE, SGS<\/span><\/td>\n<\/tr>\n<tr style=\"height: 21px;\">\n<td style=\"border: 1px solid #b3b3b3; width: 162px;\"><strong><span style=\"font-family: arial, helvetica, sans-serif; font-size: 14px;\">Conditions de paiement :<\/span><\/strong><\/td>\n<td style=\"border: 1px solid #b3b3b3; width: 595.066px;\"><span style=\"font-family: arial, helvetica, sans-serif; font-size: 14px;\">T\/T, L\/C, D\/P<\/span><\/td>\n<\/tr>\n<tr style=\"height: 42px;\">\n<td style=\"border: 1px solid #b3b3b3; width: 162px;\"><strong><span style=\"font-family: arial, helvetica, sans-serif; font-size: 14px;\">Avantage :<\/span><\/strong><\/td>\n<td style=\"border: 1px solid #b3b3b3; width: 595.066px;\"><span style=\"font-family: arial, helvetica, sans-serif; font-size: 14px;\">1) Service unique pour la pierre ;<\/span><\/p>\n<p><span style=\"font-family: arial, helvetica, sans-serif; font-size: 14px;\">2) Poss\u00e9der 3 carri\u00e8res et 9 usines ;<\/span><\/p>\n<p><span style=\"font-family: arial, helvetica, sans-serif; font-size: 14px;\">3) Des supports technologiques de pointe.<\/span><\/td>\n<\/tr>\n<tr style=\"height: 42px;\">\n<td style=\"border: 1px solid #b3b3b3; width: 162px;\"><strong><span style=\"font-family: arial, helvetica, sans-serif; font-size: 14px;\">Assurance de la qualit\u00e9 et de la livraison :\u00a0<\/span><\/strong><\/td>\n<td style=\"border: 1px solid #b3b3b3; width: 595.066px;\"><span style=\"font-family: arial, helvetica, sans-serif; font-size: 14px;\">Tout au long du processus de production, du choix des mat\u00e9riaux \u00e0 l'emballage en passant par la fabrication, notre service de contr\u00f4le de la qualit\u00e9 contr\u00f4le rigoureusement chaque pi\u00e8ce et chaque processus afin de garantir le respect des normes de qualit\u00e9 et le respect des d\u00e9lais de livraison.<\/span><\/td>\n<\/tr>\n<\/tbody>\n<\/table>\n<\/div>\n<div style=\"padding: 10px 0;\"><\/div>\n<div style=\"padding: 10px 0;\"><\/div>\n<div style=\"padding: 10px 0;\"><img loading=\"lazy\" decoding=\"async\" class=\"alignnone  wp-image-25891\" src=\"http:\/\/stone-phoenix.com\/wp-content\/uploads\/2023\/12\/Italy-Travertine-Stone-Romano-Marble-M2-Price-4.jpg\" alt=\"\" width=\"849\" height=\"638\" srcset=\"https:\/\/stone-phoenix.com\/wp-content\/uploads\/2023\/12\/Italy-Travertine-Stone-Romano-Marble-M2-Price-4.jpg 1116w, https:\/\/stone-phoenix.com\/wp-content\/uploads\/2023\/12\/Italy-Travertine-Stone-Romano-Marble-M2-Price-4-300x225.jpg 300w, https:\/\/stone-phoenix.com\/wp-content\/uploads\/2023\/12\/Italy-Travertine-Stone-Romano-Marble-M2-Price-4-1024x769.jpg 1024w, https:\/\/stone-phoenix.com\/wp-content\/uploads\/2023\/12\/Italy-Travertine-Stone-Romano-Marble-M2-Price-4-768x577.jpg 768w, https:\/\/stone-phoenix.com\/wp-content\/uploads\/2023\/12\/Italy-Travertine-Stone-Romano-Marble-M2-Price-4-16x12.jpg 16w, https:\/\/stone-phoenix.com\/wp-content\/uploads\/2023\/12\/Italy-Travertine-Stone-Romano-Marble-M2-Price-4-600x451.jpg 600w, https:\/\/stone-phoenix.com\/wp-content\/uploads\/2023\/12\/Italy-Travertine-Stone-Romano-Marble-M2-Price-4-150x113.jpg 150w\" sizes=\"(max-width: 849px) 100vw, 849px\" \/><img loading=\"lazy\" decoding=\"async\" class=\"alignnone  wp-image-25892\" src=\"http:\/\/stone-phoenix.com\/wp-content\/uploads\/2023\/12\/Italy-Travertine-Stone-Romano-Marble-M2-Price-5.jpg\" alt=\"\" width=\"851\" height=\"1021\" srcset=\"https:\/\/stone-phoenix.com\/wp-content\/uploads\/2023\/12\/Italy-Travertine-Stone-Romano-Marble-M2-Price-5.jpg 841w, https:\/\/stone-phoenix.com\/wp-content\/uploads\/2023\/12\/Italy-Travertine-Stone-Romano-Marble-M2-Price-5-250x300.jpg 250w, https:\/\/stone-phoenix.com\/wp-content\/uploads\/2023\/12\/Italy-Travertine-Stone-Romano-Marble-M2-Price-5-768x921.jpg 768w, https:\/\/stone-phoenix.com\/wp-content\/uploads\/2023\/12\/Italy-Travertine-Stone-Romano-Marble-M2-Price-5-10x12.jpg 10w, https:\/\/stone-phoenix.com\/wp-content\/uploads\/2023\/12\/Italy-Travertine-Stone-Romano-Marble-M2-Price-5-600x720.jpg 600w, https:\/\/stone-phoenix.com\/wp-content\/uploads\/2023\/12\/Italy-Travertine-Stone-Romano-Marble-M2-Price-5-150x180.jpg 150w\" sizes=\"(max-width: 851px) 100vw, 851px\" \/><img loading=\"lazy\" decoding=\"async\" class=\"alignnone  wp-image-25893\" src=\"http:\/\/stone-phoenix.com\/wp-content\/uploads\/2023\/12\/Italy-Travertine-Stone-Romano-Marble-M2-Price-6.jpg\" alt=\"\" width=\"850\" height=\"1140\" srcset=\"https:\/\/stone-phoenix.com\/wp-content\/uploads\/2023\/12\/Italy-Travertine-Stone-Romano-Marble-M2-Price-6.jpg 837w, https:\/\/stone-phoenix.com\/wp-content\/uploads\/2023\/12\/Italy-Travertine-Stone-Romano-Marble-M2-Price-6-224x300.jpg 224w, https:\/\/stone-phoenix.com\/wp-content\/uploads\/2023\/12\/Italy-Travertine-Stone-Romano-Marble-M2-Price-6-763x1024.jpg 763w, https:\/\/stone-phoenix.com\/wp-content\/uploads\/2023\/12\/Italy-Travertine-Stone-Romano-Marble-M2-Price-6-768x1030.jpg 768w, https:\/\/stone-phoenix.com\/wp-content\/uploads\/2023\/12\/Italy-Travertine-Stone-Romano-Marble-M2-Price-6-9x12.jpg 9w, https:\/\/stone-phoenix.com\/wp-content\/uploads\/2023\/12\/Italy-Travertine-Stone-Romano-Marble-M2-Price-6-600x805.jpg 600w, https:\/\/stone-phoenix.com\/wp-content\/uploads\/2023\/12\/Italy-Travertine-Stone-Romano-Marble-M2-Price-6-150x201.jpg 150w\" sizes=\"(max-width: 850px) 100vw, 850px\" \/><\/div>\n<\/div>\n<\/div>","protected":false},"excerpt":{"rendered":"<p>Italy Travertine Stone Romano Marble M2 Price Tv Stand Italy travertine romano marble is natural stone wall and floor tiles.superior<\/p>","protected":false},"featured_media":25887,"template":"","meta":[],"product_cat":[113],"product_tag":[],"_links":{"self":[{"href":"https:\/\/stone-phoenix.com\/fr\/wp-json\/wp\/v2\/product\/21718"}],"collection":[{"href":"https:\/\/stone-phoenix.com\/fr\/wp-json\/wp\/v2\/product"}],"about":[{"href":"https:\/\/stone-phoenix.com\/fr\/wp-json\/wp\/v2\/types\/product"}],"wp:featuredmedia":[{"embeddable":true,"href":"https:\/\/stone-phoenix.com\/fr\/wp-json\/wp\/v2\/media\/25887"}],"wp:attachment":[{"href":"https:\/\/stone-phoenix.com\/fr\/wp-json\/wp\/v2\/media?parent=21718"}],"wp:term":[{"taxonomy":"product_cat","embeddable":true,"href":"https:\/\/stone-phoenix.com\/fr\/wp-json\/wp\/v2\/product_cat?post=21718"},{"taxonomy":"product_tag","embeddable":true,"href":"https:\/\/stone-phoenix.com\/fr\/wp-json\/wp\/v2\/product_tag?post=21718"}],"curies":[{"name":"wp","href":"https:\/\/api.w.org\/{rel}","templated":true}]}}