{"id":21723,"date":"2023-12-29T21:28:56","date_gmt":"2023-12-29T13:28:56","guid":{"rendered":"http:\/\/stone-phoenix.com\/product\/jura-beige-limestone-for-walling-and"},"modified":"2024-03-24T15:10:45","modified_gmt":"2024-03-24T07:10:45","slug":"jura-beige-limestone-for-walling-and","status":"publish","type":"product","link":"https:\/\/stone-phoenix.com\/fr\/produit\/jura-beige-limestone-for-walling-and","title":{"rendered":"Jura Beige Calcaire Pour Murs Et"},"content":{"rendered":"<div id=\"tab-description\" class=\"woocommerce-Tabs-panel woocommerce-Tabs-panel--description panel entry-content wc-tab\" role=\"tabpanel\" aria-labelledby=\"tab-title-description\">\n<h2>Pierre calcaire beige du Jura pour les murs et les sols<\/h2>\n<p>La pierre calcaire beige du Jura est une pierre relativement dure et dense qui convient bien aux applications r\u00e9sidentielles et commerciales. Sa couleur va du cr\u00e8me au jaune-brun clair, avec de petites quantit\u00e9s de brun fonc\u00e9. Elle est facile \u00e0 travailler, tout en conservant sa solidit\u00e9 une fois install\u00e9e. En outre, il est important d'un point de vue architectural parce qu'il a l'aspect du granit tout en \u00e9tant plus abordable et plus facile \u00e0 installer. Le calcaire beige du Jura est un calcaire calcitique \u00e0 grain doux \u00e0 moyen, fin \u00e0 moyennement grossier, originaire de la r\u00e9gion du Jura en France. Il a \u00e9t\u00e9 import\u00e9 pour la premi\u00e8re fois aux \u00c9tats-Unis en 1867 et est utilis\u00e9 depuis plus de 150 ans. Il a une couleur beige chaude avec des veines laiteuses et a tendance \u00e0 \u00eatre plus l\u00e9ger que d'autres types de pierre comme le marbre ou le travertin. C'est une belle pierre calcaire, douce et tendre, avec des tons gris-beige qui sont d\u00e9licats mais doux et \u00e9l\u00e9gants. Il convient particuli\u00e8rement aux int\u00e9rieurs modernes, o\u00f9 il se marie facilement avec de nombreux types de rev\u00eatements de sol, y compris le bois et le stratifi\u00e9. Le Jura est une pierre calcaire beige p\u00e2le extraite naturellement des montagnes du Jura en Suisse. C'est un choix populaire pour les grands espaces ext\u00e9rieurs tels que les patios, les terrasses et les all\u00e9es, avec sa couleur douce et ses lignes fluides. Les tons chauds de beige du Jura Beige se marient bien avec d'autres couleurs de pierre naturelle telles que le rose, le gris, le prune et le noir pour cr\u00e9er un aspect luxueux et contemporain.Le produit est une pierre calcaire \u00e0 grain fin du Carbonif\u00e8re sup\u00e9rieur (Mississippien) de France. Le produit est un calcaire \u00e0 grain fin du Carbonif\u00e8re sup\u00e9rieur (Mississippien) de France. Il se distingue par sa compacit\u00e9, sa grande porosit\u00e9 et son sous-grain lithologique d'apparence grise homog\u00e8ne.<\/p>\n<div id=\"ali-anchor-AliPostDhMb-qkngg\" class=\"mceSectionContainer\" style=\"padding-top: 8px;\" data-section=\"AliPostDhMb-qkngg\" data-section-title=\"Product Description\">\n<div id=\"ali-title-AliPostDhMb-qkngg\" style=\"padding: 8px 0; border-bottom: 1px solid #ddd;\"><span style=\"background-color: #ddd; color: #333; font-weight: bold; padding: 8px 10px; line-height: 12px;\">Description du produit<\/span><\/div>\n<div style=\"padding: 10px 0;\"><\/div>\n<div style=\"padding: 10px 0;\">\n<table class=\"aliDataTable\" style=\"color: #000000; font-family: Arial; font-size: 12px; font-style: normal; font-weight: 400; background-color: #ffffff; width: 746.066px; height: 226px; border: 1px solid #b3b3b3;\">\n<tbody>\n<tr style=\"height: 21px;\">\n<td style=\"border: 1px solid #b3b3b3; width: 162px;\"><strong><span style=\"font-family: arial, helvetica, sans-serif; font-size: 14px;\">Nom du produit :<\/span><\/strong><\/td>\n<td style=\"border: 1px solid #b3b3b3; width: 595.066px;\">Jura beige calcaire<\/td>\n<\/tr>\n<tr style=\"height: 21px;\">\n<td style=\"border: 1px solid #b3b3b3; width: 162px;\"><strong><span style=\"font-family: arial, helvetica, sans-serif; font-size: 14px;\">Mat\u00e9riau :<\/span><\/strong><\/td>\n<td style=\"border: 1px solid #b3b3b3; width: 595.066px;\"><span style=\"font-family: arial, helvetica, sans-serif;\"><span style=\"font-size: 14px;\">Jura beige calcaire<\/span><\/span><\/td>\n<\/tr>\n<tr style=\"height: 21px;\">\n<td style=\"border: 1px solid #b3b3b3; width: 162px;\"><strong><span style=\"font-family: arial, helvetica, sans-serif; font-size: 14px;\">Couleur :<\/span><\/strong><\/td>\n<td style=\"border: 1px solid #b3b3b3; width: 595.066px;\"><span style=\"font-family: arial, helvetica, sans-serif;\"><span style=\"font-size: 14px;\">Beige<\/span><\/span><\/td>\n<\/tr>\n<tr style=\"height: 21px;\">\n<td style=\"border: 1px solid #b3b3b3; width: 162px;\" rowspan=\"3\"><strong><span style=\"font-family: arial, helvetica, sans-serif; font-size: 14px;\">Taille :<\/span><\/strong><\/td>\n<td style=\"border: 1px solid #b3b3b3; width: 595.066px;\"><span style=\"font-family: arial, helvetica, sans-serif; font-size: 14px;\"><span style=\"text-decoration: underline;\">Carreaux disponibles<\/span> <\/span><br \/>\n<span style=\"font-family: arial, helvetica, sans-serif; font-size: 14px;\">12\u2032 X 12\u2033,24\u2032 X 24\u2033,12\u2032 X 24\u2033,etc 300x300mm,300x600mm,400x400mm,600x600mm,600\u00d71200,800\u00d7800,etc<\/span><\/td>\n<\/tr>\n<tr style=\"height: 21px;\">\n<td style=\"border: 1px solid #b3b3b3; width: 595.066px;\"><span style=\"font-family: arial, helvetica, sans-serif; font-size: 14px;\"><span style=\"text-decoration: underline;\">Grandes dalles disponibles<\/span>\u00a0 \u00a0 \u00a0 \u00a0 \u00a0 \u00a0 \u00a0 \u00a0 \u00a0 \u00a0 \u00a0 \u00a0 \u00a0 \u00a0 \u00a0 \u00a0 \u00a0 \u00a0 \u00a0 \u00a0 \u00a0 \u00a0 \u00a0 \u00a0 \u00a0 \u00a0 \u00a0 \u00a0 \u00a0 \u00a0 \u00a0 \u00a0 \u00a0 \u00a0 \u00a0 \u00a0 \u00a0 \u00a0 \u00a0 \u00a0 \u00a0 \u00a0 \u00a0 \u00a0 \u00a0 \u00a0 \u00a0 \u00a0 \u00a0 \u00a0 \u00a0 \u00a0 \u00a0 240cmUpx120UP<\/span><\/td>\n<\/tr>\n<tr style=\"height: 21px;\">\n<td style=\"border: 1px solid #b3b3b3; width: 595.066px;\"><span style=\"font-family: arial, helvetica, sans-serif; font-size: 14px;\">Des sp\u00e9cifications personnalis\u00e9es sont disponibles<\/span><\/td>\n<\/tr>\n<tr style=\"height: 21px;\">\n<td style=\"border: 1px solid #b3b3b3; width: 162px;\"><strong><span style=\"font-family: arial, helvetica, sans-serif; font-size: 14px;\">Tol\u00e9rance d'\u00e9paisseur :<\/span><\/strong><\/td>\n<td style=\"border: 1px solid #b3b3b3; width: 595.066px;\"><span style=\"font-size: 14px; font-family: arial, helvetica, sans-serif;\">\u00b10,05mm, \u00b11mm, \u00b11,5mm, \u00b12mm, selon les exigences de qualit\u00e9 du client<\/span><\/td>\n<\/tr>\n<tr style=\"height: 21px;\">\n<td style=\"border: 1px solid #b3b3b3; width: 162px;\"><strong><span style=\"font-family: arial, helvetica, sans-serif; font-size: 14px;\">Surface :<\/span><\/strong><\/td>\n<td style=\"border: 1px solid #b3b3b3; width: 595.066px;\"><span style=\"font-size: 14px; font-family: arial, helvetica, sans-serif;\">Poli, adouci, assorti au livre, antique, rainur\u00e9, bross\u00e9, d\u00e9cap\u00e9, sabl\u00e9, jet d'eau, etc.<\/span><\/td>\n<\/tr>\n<tr style=\"height: auto;\">\n<td style=\"border: 1px solid #b3b3b3; width: 162px;\"><strong><span style=\"font-family: arial, helvetica, sans-serif; font-size: 14px;\">Emballage :<\/span><\/strong><\/td>\n<td style=\"border: 1px solid #b3b3b3; width: 595.066px;\"><span style=\"font-family: arial, helvetica, sans-serif; font-size: 14px;\"> Fardeaux et caisses en bois en \u00e9tat de navigabilit\u00e9<\/span><\/td>\n<\/tr>\n<tr style=\"height: 21px;\">\n<td style=\"border: 1px solid #b3b3b3; width: 162px;\"><strong><span style=\"font-family: arial, helvetica, sans-serif; font-size: 14px;\">Application :<\/span><\/strong><\/td>\n<td style=\"border: 1px solid #b3b3b3; width: 595.066px;\"><span style=\"font-family: arial, helvetica, sans-serif; font-size: 14px;\">Mur int\u00e9rieur, sol, plinthe, mur de fond, comptoir, escalier, etc.<\/span><\/td>\n<\/tr>\n<tr style=\"height: 21px;\">\n<td style=\"border: 1px solid #b3b3b3; width: 162px;\"><strong><span style=\"font-family: arial, helvetica, sans-serif; font-size: 14px;\">D\u00e9lai de livraison :<\/span><\/strong><\/td>\n<td style=\"border: 1px solid #b3b3b3; width: 595.066px;\"><span style=\"font-family: arial, helvetica, sans-serif; font-size: 14px;\"> 15-20 jours pour les tailles normales<\/span><\/td>\n<\/tr>\n<tr style=\"height: 21px;\">\n<td style=\"border: 1px solid #b3b3b3; width: 162px;\"><strong><span style=\"font-family: arial, helvetica, sans-serif; font-size: 14px;\">Certificat :<\/span><\/strong><\/td>\n<td style=\"border: 1px solid #b3b3b3; width: 595.066px;\"><span style=\"font-family: arial, helvetica, sans-serif; font-size: 14px;\">CE, SGS<\/span><\/td>\n<\/tr>\n<tr style=\"height: 21px;\">\n<td style=\"border: 1px solid #b3b3b3; width: 162px;\"><strong><span style=\"font-family: arial, helvetica, sans-serif; font-size: 14px;\">Conditions de paiement :<\/span><\/strong><\/td>\n<td style=\"border: 1px solid #b3b3b3; width: 595.066px;\"><span style=\"font-family: arial, helvetica, sans-serif; font-size: 14px;\">T\/T, L\/C, D\/P<\/span><\/td>\n<\/tr>\n<tr style=\"height: 42px;\">\n<td style=\"border: 1px solid #b3b3b3; width: 162px;\"><strong><span style=\"font-family: arial, helvetica, sans-serif; font-size: 14px;\">Avantage :<\/span><\/strong><\/td>\n<td style=\"border: 1px solid #b3b3b3; width: 595.066px;\"><span style=\"font-family: arial, helvetica, sans-serif; font-size: 14px;\">1) Service unique pour la pierre ;<\/span><\/p>\n<p><span style=\"font-family: arial, helvetica, sans-serif; font-size: 14px;\">2) Poss\u00e9der 3 carri\u00e8res et 9 usines ;<\/span><\/p>\n<p><span style=\"font-family: arial, helvetica, sans-serif; font-size: 14px;\">3) Des supports technologiques de pointe.<\/span><\/td>\n<\/tr>\n<tr style=\"height: 42px;\">\n<td style=\"border: 1px solid #b3b3b3; width: 162px;\"><strong><span style=\"font-family: arial, helvetica, sans-serif; font-size: 14px;\">Assurance de la qualit\u00e9 et de la livraison :\u00a0<\/span><\/strong><\/td>\n<td style=\"border: 1px solid #b3b3b3; width: 595.066px;\"><span style=\"font-family: arial, helvetica, sans-serif; font-size: 14px;\">Tout au long du processus de production, du choix des mat\u00e9riaux \u00e0 l'emballage en passant par la fabrication, notre service de contr\u00f4le de la qualit\u00e9 contr\u00f4le rigoureusement chaque pi\u00e8ce et chaque processus afin de garantir le respect des normes de qualit\u00e9 et le respect des d\u00e9lais de livraison.<\/span><\/td>\n<\/tr>\n<\/tbody>\n<\/table>\n<p><img loading=\"lazy\" decoding=\"async\" class=\"alignnone  wp-image-21725\" src=\"http:\/\/stone-phoenix.com\/wp-content\/uploads\/2023\/12\/1703885338.jpg\" width=\"956\" height=\"956\" srcset=\"https:\/\/stone-phoenix.com\/wp-content\/uploads\/2023\/12\/1703885338.jpg 640w, https:\/\/stone-phoenix.com\/wp-content\/uploads\/2023\/12\/1703885338-300x300.jpg 300w, https:\/\/stone-phoenix.com\/wp-content\/uploads\/2023\/12\/1703885338-150x150.jpg 150w, https:\/\/stone-phoenix.com\/wp-content\/uploads\/2023\/12\/1703885338-12x12.jpg 12w, https:\/\/stone-phoenix.com\/wp-content\/uploads\/2023\/12\/1703885338-600x600.jpg 600w\" sizes=\"(max-width: 956px) 100vw, 956px\" \/><br \/>\n<img loading=\"lazy\" decoding=\"async\" class=\"alignnone size-full wp-image-25884\" src=\"http:\/\/stone-phoenix.com\/wp-content\/uploads\/2023\/12\/Jura-Beige-Limestone-For-Walling-And-4-1.jpg\" alt=\"\" width=\"1123\" height=\"841\" srcset=\"https:\/\/stone-phoenix.com\/wp-content\/uploads\/2023\/12\/Jura-Beige-Limestone-For-Walling-And-4-1.jpg 1123w, https:\/\/stone-phoenix.com\/wp-content\/uploads\/2023\/12\/Jura-Beige-Limestone-For-Walling-And-4-1-300x225.jpg 300w, https:\/\/stone-phoenix.com\/wp-content\/uploads\/2023\/12\/Jura-Beige-Limestone-For-Walling-And-4-1-1024x767.jpg 1024w, https:\/\/stone-phoenix.com\/wp-content\/uploads\/2023\/12\/Jura-Beige-Limestone-For-Walling-And-4-1-768x575.jpg 768w, https:\/\/stone-phoenix.com\/wp-content\/uploads\/2023\/12\/Jura-Beige-Limestone-For-Walling-And-4-1-16x12.jpg 16w, https:\/\/stone-phoenix.com\/wp-content\/uploads\/2023\/12\/Jura-Beige-Limestone-For-Walling-And-4-1-600x449.jpg 600w, https:\/\/stone-phoenix.com\/wp-content\/uploads\/2023\/12\/Jura-Beige-Limestone-For-Walling-And-4-1-150x112.jpg 150w\" sizes=\"(max-width: 1123px) 100vw, 1123px\" \/><img loading=\"lazy\" decoding=\"async\" class=\"alignnone size-full wp-image-25885\" src=\"http:\/\/stone-phoenix.com\/wp-content\/uploads\/2023\/12\/Jura-Beige-Limestone-For-Walling-And-5.jpg\" alt=\"\" width=\"1119\" height=\"843\" srcset=\"https:\/\/stone-phoenix.com\/wp-content\/uploads\/2023\/12\/Jura-Beige-Limestone-For-Walling-And-5.jpg 1119w, https:\/\/stone-phoenix.com\/wp-content\/uploads\/2023\/12\/Jura-Beige-Limestone-For-Walling-And-5-300x226.jpg 300w, https:\/\/stone-phoenix.com\/wp-content\/uploads\/2023\/12\/Jura-Beige-Limestone-For-Walling-And-5-1024x771.jpg 1024w, https:\/\/stone-phoenix.com\/wp-content\/uploads\/2023\/12\/Jura-Beige-Limestone-For-Walling-And-5-768x579.jpg 768w, https:\/\/stone-phoenix.com\/wp-content\/uploads\/2023\/12\/Jura-Beige-Limestone-For-Walling-And-5-16x12.jpg 16w, https:\/\/stone-phoenix.com\/wp-content\/uploads\/2023\/12\/Jura-Beige-Limestone-For-Walling-And-5-600x452.jpg 600w, https:\/\/stone-phoenix.com\/wp-content\/uploads\/2023\/12\/Jura-Beige-Limestone-For-Walling-And-5-150x113.jpg 150w\" sizes=\"(max-width: 1119px) 100vw, 1119px\" \/><img loading=\"lazy\" decoding=\"async\" class=\"alignnone size-full wp-image-25886\" src=\"http:\/\/stone-phoenix.com\/wp-content\/uploads\/2023\/12\/Jura-Beige-Limestone-For-Walling-And-6.jpg\" alt=\"\" width=\"1116\" height=\"832\" srcset=\"https:\/\/stone-phoenix.com\/wp-content\/uploads\/2023\/12\/Jura-Beige-Limestone-For-Walling-And-6.jpg 1116w, https:\/\/stone-phoenix.com\/wp-content\/uploads\/2023\/12\/Jura-Beige-Limestone-For-Walling-And-6-300x224.jpg 300w, https:\/\/stone-phoenix.com\/wp-content\/uploads\/2023\/12\/Jura-Beige-Limestone-For-Walling-And-6-1024x763.jpg 1024w, https:\/\/stone-phoenix.com\/wp-content\/uploads\/2023\/12\/Jura-Beige-Limestone-For-Walling-And-6-768x573.jpg 768w, https:\/\/stone-phoenix.com\/wp-content\/uploads\/2023\/12\/Jura-Beige-Limestone-For-Walling-And-6-16x12.jpg 16w, https:\/\/stone-phoenix.com\/wp-content\/uploads\/2023\/12\/Jura-Beige-Limestone-For-Walling-And-6-600x447.jpg 600w, https:\/\/stone-phoenix.com\/wp-content\/uploads\/2023\/12\/Jura-Beige-Limestone-For-Walling-And-6-150x112.jpg 150w\" sizes=\"(max-width: 1116px) 100vw, 1116px\" \/><\/p>\n<\/div>\n<\/div>\n<\/div>","protected":false},"excerpt":{"rendered":"<p>Jura beige limestone for walling and flooring Jura beige limestone is a relatively hard and dense stone that works well<\/p>","protected":false},"featured_media":25879,"template":"","meta":[],"product_cat":[113],"product_tag":[],"_links":{"self":[{"href":"https:\/\/stone-phoenix.com\/fr\/wp-json\/wp\/v2\/product\/21723"}],"collection":[{"href":"https:\/\/stone-phoenix.com\/fr\/wp-json\/wp\/v2\/product"}],"about":[{"href":"https:\/\/stone-phoenix.com\/fr\/wp-json\/wp\/v2\/types\/product"}],"wp:featuredmedia":[{"embeddable":true,"href":"https:\/\/stone-phoenix.com\/fr\/wp-json\/wp\/v2\/media\/25879"}],"wp:attachment":[{"href":"https:\/\/stone-phoenix.com\/fr\/wp-json\/wp\/v2\/media?parent=21723"}],"wp:term":[{"taxonomy":"product_cat","embeddable":true,"href":"https:\/\/stone-phoenix.com\/fr\/wp-json\/wp\/v2\/product_cat?post=21723"},{"taxonomy":"product_tag","embeddable":true,"href":"https:\/\/stone-phoenix.com\/fr\/wp-json\/wp\/v2\/product_tag?post=21723"}],"curies":[{"name":"wp","href":"https:\/\/api.w.org\/{rel}","templated":true}]}}