{"id":21729,"date":"2023-12-29T21:29:30","date_gmt":"2023-12-29T13:29:30","guid":{"rendered":"http:\/\/stone-phoenix.com\/product\/jura-beige-limstone-factory-direct-sales"},"modified":"2024-03-24T11:27:58","modified_gmt":"2024-03-24T03:27:58","slug":"jura-beige-limstone-factory-direct-sales","status":"publish","type":"product","link":"https:\/\/stone-phoenix.com\/fr\/produit\/jura-beige-limstone-factory-direct-sales","title":{"rendered":"Jura Beige Limstone Factory Direct Sales"},"content":{"rendered":"<div id=\"tab-description\" class=\"woocommerce-Tabs-panel woocommerce-Tabs-panel--description panel entry-content wc-tab\" role=\"tabpanel\" aria-labelledby=\"tab-title-description\">\n<h2>Factory Direct sales Nactural jura beige limestone wall cladding tiles<\/h2>\n<p>Solution pratique et \u00e9conomique pour les rev\u00eatements de sol int\u00e9rieurs, la pierre calcaire beige Jura est un produit unique qui a de nombreuses utilisations. Il peut \u00eatre utilis\u00e9 comme rev\u00eatement mural parfait ou pour cr\u00e9er un mur unique. La pierre calcaire beige du Jura est un mat\u00e9riau polyvalent et durable qui convient aussi bien aux murs qu'aux bancs. Cette pierre, dont la surface est naturellement lisse mais textur\u00e9e, offre le caract\u00e8re d'un savoir-faire artisanal de l'ancien monde associ\u00e9 \u00e0 un design moderne.La pierre calcaire beige du Jura est une pierre \u00e9l\u00e9gante, au grain fin et \u00e0 l'aspect chaud et doux. Le Jura beige est une pierre calcaire compacte d'une couleur grise attrayante, naturelle et chaude. La pierre calcaire Jura beige est un produit polyvalent qui conf\u00e8re une gamme de tons chauds et discrets \u00e0 tout espace. Form\u00e9e au d\u00e9but du Cr\u00e9tac\u00e9, cette pierre calcaire beige est originaire de France et offre un reflet l\u00e9g\u00e8rement argent\u00e9, id\u00e9al pour les projets int\u00e9rieurs et ext\u00e9rieurs.<\/p>\n<div id=\"ali-anchor-AliPostDhMb-0dqrw\" style=\"padding-top: 8px;\" data-section=\"AliPostDhMb-0dqrw\" data-section-title=\"Product Description\">\n<div id=\"ali-title-AliPostDhMb-0dqrw\" style=\"padding: 8px 0; border-bottom: 1px solid #ddd;\"><span style=\"background-color: #ddd; color: #333; font-weight: bold; padding: 8px 10px; line-height: 12px;\">Description du produit<\/span><\/div>\n<div style=\"padding: 10px 0;\">\n<table class=\"aliDataTable\" style=\"color: #000000; font-family: Arial; font-size: 12px; font-style: normal; font-weight: 400; background-color: #ffffff; width: 698px; height: 226px; border: 1px solid #b3b3b3;\">\n<tbody>\n<tr style=\"height: 21px;\">\n<td style=\"border: 1px solid #b3b3b3; width: 162px;\"><strong><span style=\"font-family: arial, helvetica, sans-serif; font-size: 14px;\">Nom du produit :<\/span><\/strong><\/td>\n<td style=\"border: 1px solid #b3b3b3; width: 545px;\">Factory Direct sales Nactural jura beige limestone wall cladding tiles<\/td>\n<\/tr>\n<tr style=\"height: 21px;\">\n<td style=\"border: 1px solid #b3b3b3; width: 162px;\"><strong><span style=\"font-family: arial, helvetica, sans-serif; font-size: 14px;\">Mat\u00e9riau :<\/span><\/strong><\/td>\n<td style=\"border: 1px solid #b3b3b3; width: 545px;\"><span style=\"font-family: arial, helvetica, sans-serif; font-size: 14px;\">Marbre<\/span><\/td>\n<\/tr>\n<tr style=\"height: 21px;\">\n<td style=\"border: 1px solid #b3b3b3; width: 162px;\"><strong><span style=\"font-family: arial, helvetica, sans-serif; font-size: 14px;\">Couleur :<\/span><\/strong><\/td>\n<td style=\"border: 1px solid #b3b3b3; width: 545px;\"><span style=\"font-family: arial, helvetica, sans-serif; font-size: 14px;\">Blanc, beige, noir, marron, gris, rouge, vert, bleu, etc.<\/span><\/td>\n<\/tr>\n<tr style=\"height: 21px;\">\n<td style=\"border: 1px solid #b3b3b3; width: 162px;\" rowspan=\"3\"><strong><span style=\"font-family: arial, helvetica, sans-serif; font-size: 14px;\">Taille :<\/span><\/strong><\/td>\n<td style=\"border: 1px solid #b3b3b3; width: 545px;\"><span style=\"font-family: arial, helvetica, sans-serif; font-size: 14px;\"><span style=\"text-decoration: underline;\">Carreaux disponibles<\/span> <\/span><br \/>\n<span style=\"font-family: arial, helvetica, sans-serif; font-size: 14px;\">12\u2032 X 12\u2033,24\u2032 X 24\u2033,12\u2032 X 24\u2033,etc 300x300mm,300x600mm,400x400mm,600x600mm,600\u00d71200,800\u00d7800,etc<\/span><\/td>\n<\/tr>\n<tr style=\"height: 21px;\">\n<td style=\"border: 1px solid #b3b3b3; width: 545px;\"><span style=\"font-family: arial, helvetica, sans-serif; font-size: 14px;\"><span style=\"text-decoration: underline;\">Grandes dalles disponibles<\/span>\u00a0 \u00a0 \u00a0 \u00a0 \u00a0 \u00a0 \u00a0 \u00a0 \u00a0 \u00a0 \u00a0 \u00a0 \u00a0 \u00a0 \u00a0 \u00a0 \u00a0 \u00a0 \u00a0 \u00a0 \u00a0 \u00a0 \u00a0 \u00a0 \u00a0 \u00a0 \u00a0 \u00a0 \u00a0 \u00a0 \u00a0 \u00a0 \u00a0 \u00a0 \u00a0 \u00a0 \u00a0 \u00a0 \u00a0 \u00a0 \u00a0 \u00a0 \u00a0 \u00a0 \u00a0 \u00a0 \u00a0 \u00a0 \u00a0 \u00a0 \u00a0 \u00a0 \u00a0 240cmUpx120UP<\/span><\/td>\n<\/tr>\n<tr style=\"height: 21px;\">\n<td style=\"border: 1px solid #b3b3b3; width: 545px;\"><span style=\"font-family: arial, helvetica, sans-serif; font-size: 14px;\">Des sp\u00e9cifications personnalis\u00e9es sont disponibles<\/span><\/td>\n<\/tr>\n<tr style=\"height: 21px;\">\n<td style=\"border: 1px solid #b3b3b3; width: 162px;\"><strong><span style=\"font-family: arial, helvetica, sans-serif; font-size: 14px;\">Tol\u00e9rance d'\u00e9paisseur :<\/span><\/strong><\/td>\n<td style=\"border: 1px solid #b3b3b3; width: 545px;\"><span style=\"font-size: 14px; font-family: arial, helvetica, sans-serif;\">\u00b10,05mm, \u00b11mm, \u00b11,5mm, \u00b12mm, selon les exigences de qualit\u00e9 du client<\/span><\/td>\n<\/tr>\n<tr style=\"height: 21px;\">\n<td style=\"border: 1px solid #b3b3b3; width: 162px;\"><strong><span style=\"font-family: arial, helvetica, sans-serif; font-size: 14px;\">Surface :<\/span><\/strong><\/td>\n<td style=\"border: 1px solid #b3b3b3; width: 545px;\"><span style=\"font-size: 14px; font-family: arial, helvetica, sans-serif;\">Poli, adouci, assorti au livre, antique, rainur\u00e9, bross\u00e9, d\u00e9cap\u00e9, sabl\u00e9, jet d'eau, etc.<\/span><\/td>\n<\/tr>\n<tr style=\"height: auto;\">\n<td style=\"border: 1px solid #b3b3b3; width: 162px;\"><strong><span style=\"font-family: arial, helvetica, sans-serif; font-size: 14px;\">Emballage :<\/span><\/strong><\/td>\n<td style=\"border: 1px solid #b3b3b3; width: 545px;\"><span style=\"font-family: arial, helvetica, sans-serif; font-size: 14px;\"> Fardeaux et caisses en bois en \u00e9tat de navigabilit\u00e9<\/span><\/td>\n<\/tr>\n<tr style=\"height: 21px;\">\n<td style=\"border: 1px solid #b3b3b3; width: 162px;\"><strong><span style=\"font-family: arial, helvetica, sans-serif; font-size: 14px;\">Application :<\/span><\/strong><\/td>\n<td style=\"border: 1px solid #b3b3b3; width: 545px;\"><span style=\"font-family: arial, helvetica, sans-serif; font-size: 14px;\">Mur int\u00e9rieur, sol, plinthe, mur de fond, comptoir, escalier, etc.<\/span><\/td>\n<\/tr>\n<tr style=\"height: 21px;\">\n<td style=\"border: 1px solid #b3b3b3; width: 162px;\"><strong><span style=\"font-family: arial, helvetica, sans-serif; font-size: 14px;\">D\u00e9lai de livraison :<\/span><\/strong><\/td>\n<td style=\"border: 1px solid #b3b3b3; width: 545px;\"><span style=\"font-family: arial, helvetica, sans-serif; font-size: 14px;\"> 15-20 jours pour les tailles normales<\/span><\/td>\n<\/tr>\n<tr style=\"height: 21px;\">\n<td style=\"border: 1px solid #b3b3b3; width: 162px;\"><strong><span style=\"font-family: arial, helvetica, sans-serif; font-size: 14px;\">Certificat :<\/span><\/strong><\/td>\n<td style=\"border: 1px solid #b3b3b3; width: 545px;\"><span style=\"font-family: arial, helvetica, sans-serif; font-size: 14px;\">CE, SGS<\/span><\/td>\n<\/tr>\n<tr style=\"height: 21px;\">\n<td style=\"border: 1px solid #b3b3b3; width: 162px;\"><strong><span style=\"font-family: arial, helvetica, sans-serif; font-size: 14px;\">Conditions de paiement :<\/span><\/strong><\/td>\n<td style=\"border: 1px solid #b3b3b3; width: 545px;\"><span style=\"font-family: arial, helvetica, sans-serif; font-size: 14px;\">T\/T, L\/C, D\/P<\/span><\/td>\n<\/tr>\n<tr style=\"height: 42px;\">\n<td style=\"border: 1px solid #b3b3b3; width: 162px;\"><strong><span style=\"font-family: arial, helvetica, sans-serif; font-size: 14px;\">Avantage :<\/span><\/strong><\/td>\n<td style=\"border: 1px solid #b3b3b3; width: 545px;\"><span style=\"font-family: arial, helvetica, sans-serif; font-size: 14px;\">1) Service unique pour la pierre ;<\/span><\/p>\n<p><span style=\"font-family: arial, helvetica, sans-serif; font-size: 14px;\">2) Poss\u00e9der 3 carri\u00e8res et 9 usines ;<\/span><\/p>\n<p><span style=\"font-family: arial, helvetica, sans-serif; font-size: 14px;\">3) Des supports technologiques de pointe.<\/span><\/td>\n<\/tr>\n<tr style=\"height: 42px;\">\n<td style=\"border: 1px solid #b3b3b3; width: 162px;\"><strong><span style=\"font-family: arial, helvetica, sans-serif; font-size: 14px;\">Assurance de la qualit\u00e9 et de la livraison :\u00a0<\/span><\/strong><\/td>\n<td style=\"border: 1px solid #b3b3b3; width: 545px;\"><span style=\"font-family: arial, helvetica, sans-serif; font-size: 14px;\">Tout au long du processus de production, du choix des mat\u00e9riaux \u00e0 l'emballage en passant par la fabrication, notre service de contr\u00f4le de la qualit\u00e9 contr\u00f4le rigoureusement chaque pi\u00e8ce et chaque processus afin de garantir le respect des normes de qualit\u00e9 et le respect des d\u00e9lais de livraison.<\/span><\/td>\n<\/tr>\n<\/tbody>\n<\/table>\n<h2><img loading=\"lazy\" decoding=\"async\" class=\"alignnone size-full wp-image-25874\" src=\"http:\/\/stone-phoenix.com\/wp-content\/uploads\/2023\/12\/Jura-Beige-Limstone-Factory-Direct-Sales-6.jpg\" alt=\"\" width=\"1125\" height=\"748\" srcset=\"https:\/\/stone-phoenix.com\/wp-content\/uploads\/2023\/12\/Jura-Beige-Limstone-Factory-Direct-Sales-6.jpg 1125w, https:\/\/stone-phoenix.com\/wp-content\/uploads\/2023\/12\/Jura-Beige-Limstone-Factory-Direct-Sales-6-300x199.jpg 300w, https:\/\/stone-phoenix.com\/wp-content\/uploads\/2023\/12\/Jura-Beige-Limstone-Factory-Direct-Sales-6-1024x681.jpg 1024w, https:\/\/stone-phoenix.com\/wp-content\/uploads\/2023\/12\/Jura-Beige-Limstone-Factory-Direct-Sales-6-768x511.jpg 768w, https:\/\/stone-phoenix.com\/wp-content\/uploads\/2023\/12\/Jura-Beige-Limstone-Factory-Direct-Sales-6-18x12.jpg 18w, https:\/\/stone-phoenix.com\/wp-content\/uploads\/2023\/12\/Jura-Beige-Limstone-Factory-Direct-Sales-6-600x399.jpg 600w, https:\/\/stone-phoenix.com\/wp-content\/uploads\/2023\/12\/Jura-Beige-Limstone-Factory-Direct-Sales-6-150x100.jpg 150w\" sizes=\"(max-width: 1125px) 100vw, 1125px\" \/><\/h2>\n<h2><img loading=\"lazy\" decoding=\"async\" class=\"alignnone size-full wp-image-25875\" src=\"http:\/\/stone-phoenix.com\/wp-content\/uploads\/2023\/12\/Jura-Beige-Limstone-Factory-Direct-Sales-7.jpg\" alt=\"\" width=\"1123\" height=\"924\" srcset=\"https:\/\/stone-phoenix.com\/wp-content\/uploads\/2023\/12\/Jura-Beige-Limstone-Factory-Direct-Sales-7.jpg 1123w, https:\/\/stone-phoenix.com\/wp-content\/uploads\/2023\/12\/Jura-Beige-Limstone-Factory-Direct-Sales-7-300x247.jpg 300w, https:\/\/stone-phoenix.com\/wp-content\/uploads\/2023\/12\/Jura-Beige-Limstone-Factory-Direct-Sales-7-1024x843.jpg 1024w, https:\/\/stone-phoenix.com\/wp-content\/uploads\/2023\/12\/Jura-Beige-Limstone-Factory-Direct-Sales-7-768x632.jpg 768w, https:\/\/stone-phoenix.com\/wp-content\/uploads\/2023\/12\/Jura-Beige-Limstone-Factory-Direct-Sales-7-15x12.jpg 15w, https:\/\/stone-phoenix.com\/wp-content\/uploads\/2023\/12\/Jura-Beige-Limstone-Factory-Direct-Sales-7-600x494.jpg 600w, https:\/\/stone-phoenix.com\/wp-content\/uploads\/2023\/12\/Jura-Beige-Limstone-Factory-Direct-Sales-7-150x123.jpg 150w\" sizes=\"(max-width: 1123px) 100vw, 1123px\" \/><img loading=\"lazy\" decoding=\"async\" class=\"alignnone size-full wp-image-25876\" src=\"http:\/\/stone-phoenix.com\/wp-content\/uploads\/2023\/12\/Jura-Beige-Limstone-Factory-Direct-Sales-8.jpg\" alt=\"\" width=\"1086\" height=\"802\" srcset=\"https:\/\/stone-phoenix.com\/wp-content\/uploads\/2023\/12\/Jura-Beige-Limstone-Factory-Direct-Sales-8.jpg 1086w, https:\/\/stone-phoenix.com\/wp-content\/uploads\/2023\/12\/Jura-Beige-Limstone-Factory-Direct-Sales-8-300x222.jpg 300w, https:\/\/stone-phoenix.com\/wp-content\/uploads\/2023\/12\/Jura-Beige-Limstone-Factory-Direct-Sales-8-1024x756.jpg 1024w, https:\/\/stone-phoenix.com\/wp-content\/uploads\/2023\/12\/Jura-Beige-Limstone-Factory-Direct-Sales-8-768x567.jpg 768w, https:\/\/stone-phoenix.com\/wp-content\/uploads\/2023\/12\/Jura-Beige-Limstone-Factory-Direct-Sales-8-16x12.jpg 16w, https:\/\/stone-phoenix.com\/wp-content\/uploads\/2023\/12\/Jura-Beige-Limstone-Factory-Direct-Sales-8-600x443.jpg 600w, https:\/\/stone-phoenix.com\/wp-content\/uploads\/2023\/12\/Jura-Beige-Limstone-Factory-Direct-Sales-8-150x111.jpg 150w\" sizes=\"(max-width: 1086px) 100vw, 1086px\" \/><\/h2>\n<h2><\/h2>\n<\/div>\n<\/div>\n<\/div>","protected":false},"excerpt":{"rendered":"<p>Factory Direct sales Nactural jura beige limestone wall cladding tiles A practical and cost effective solution for interior flooring, Jura<\/p>","protected":false},"featured_media":25868,"template":"","meta":[],"product_cat":[113],"product_tag":[],"_links":{"self":[{"href":"https:\/\/stone-phoenix.com\/fr\/wp-json\/wp\/v2\/product\/21729"}],"collection":[{"href":"https:\/\/stone-phoenix.com\/fr\/wp-json\/wp\/v2\/product"}],"about":[{"href":"https:\/\/stone-phoenix.com\/fr\/wp-json\/wp\/v2\/types\/product"}],"wp:featuredmedia":[{"embeddable":true,"href":"https:\/\/stone-phoenix.com\/fr\/wp-json\/wp\/v2\/media\/25868"}],"wp:attachment":[{"href":"https:\/\/stone-phoenix.com\/fr\/wp-json\/wp\/v2\/media?parent=21729"}],"wp:term":[{"taxonomy":"product_cat","embeddable":true,"href":"https:\/\/stone-phoenix.com\/fr\/wp-json\/wp\/v2\/product_cat?post=21729"},{"taxonomy":"product_tag","embeddable":true,"href":"https:\/\/stone-phoenix.com\/fr\/wp-json\/wp\/v2\/product_tag?post=21729"}],"curies":[{"name":"wp","href":"https:\/\/api.w.org\/{rel}","templated":true}]}}