{"id":21738,"date":"2023-12-29T21:30:12","date_gmt":"2023-12-29T13:30:12","guid":{"rendered":"http:\/\/stone-phoenix.com\/product\/luxury-marble-floors-italy-polished"},"modified":"2024-03-24T10:45:06","modified_gmt":"2024-03-24T02:45:06","slug":"luxury-marble-floors-italy-polished","status":"publish","type":"product","link":"https:\/\/stone-phoenix.com\/fr\/produit\/luxury-marble-floors-italy-polished","title":{"rendered":"Sols en marbre de luxe Italie poli"},"content":{"rendered":"<div id=\"tab-description\" class=\"woocommerce-Tabs-panel woocommerce-Tabs-panel--description panel entry-content wc-tab\" role=\"tabpanel\" aria-labelledby=\"tab-title-description\">\n<h2 style=\"text-align: center;\">sols en marbre de luxe Italie impression romaine polie Crazy Marble Slab marron<\/h2>\n<p>Les sols en marbre de luxe constituent un ajout \u00e9l\u00e9gant et luxueux \u00e0 toute maison. Nos sols en marbre donneront \u00e0 votre espace de vie une belle impression sans l'entretien d'un v\u00e9ritable carrelage. Les sols en marbre sont durables, \u00e9l\u00e9gants et intemporels. L'aspect exotique du marbre est captivant dans n'importe quelle pi\u00e8ce et ajoute une ambiance luxueuse \u00e0 n'importe quelle maison. Les sols en marbre de luxe peuvent ajouter de l'\u00e9l\u00e9gance, de la classe et de la sophistication \u00e0 n'importe quelle pi\u00e8ce de la maison. Ces carreaux de marbre, ces sols en marbre de luxe repr\u00e9sentent une nouvelle race de rev\u00eatements de sol de luxe ; fabriqu\u00e9s \u00e0 partir de pierres naturelles, ils sont extr\u00eamement durables et r\u00e9sistants.Les sols en marbre de luxe sont un ajout magnifique \u00e0 n'importe quelle maison. Ils peuvent \u00eatre install\u00e9s dans les cuisines, les salles de bains et les chambres \u00e0 coucher pour donner un aspect \u00e9l\u00e9gant qui rehausse le d\u00e9cor. Le marbre massif et la pierre naturelle sont utilis\u00e9s dans les cuisines comme comptoirs, dosserets, sols et rev\u00eatements muraux. Comme il s'agit d'un mat\u00e9riau naturel, il peut se fissurer et se fendre avec le temps s'il n'est pas trait\u00e9 correctement.<\/p>\n<p><img loading=\"lazy\" decoding=\"async\" class=\"alignnone size-full wp-image-21740\" src=\"http:\/\/stone-phoenix.com\/wp-content\/uploads\/2023\/12\/1703885414.jpg\" width=\"1000\" height=\"750\" srcset=\"https:\/\/stone-phoenix.com\/wp-content\/uploads\/2023\/12\/1703885414.jpg 1000w, https:\/\/stone-phoenix.com\/wp-content\/uploads\/2023\/12\/1703885414-300x225.jpg 300w, https:\/\/stone-phoenix.com\/wp-content\/uploads\/2023\/12\/1703885414-768x576.jpg 768w, https:\/\/stone-phoenix.com\/wp-content\/uploads\/2023\/12\/1703885414-16x12.jpg 16w, https:\/\/stone-phoenix.com\/wp-content\/uploads\/2023\/12\/1703885414-600x450.jpg 600w, https:\/\/stone-phoenix.com\/wp-content\/uploads\/2023\/12\/1703885414-150x113.jpg 150w\" sizes=\"(max-width: 1000px) 100vw, 1000px\" \/><img loading=\"lazy\" decoding=\"async\" class=\"alignnone size-full wp-image-21742\" src=\"http:\/\/stone-phoenix.com\/wp-content\/uploads\/2023\/12\/1703885417.jpg\" width=\"1000\" height=\"750\" srcset=\"https:\/\/stone-phoenix.com\/wp-content\/uploads\/2023\/12\/1703885417.jpg 1000w, https:\/\/stone-phoenix.com\/wp-content\/uploads\/2023\/12\/1703885417-300x225.jpg 300w, https:\/\/stone-phoenix.com\/wp-content\/uploads\/2023\/12\/1703885417-768x576.jpg 768w, https:\/\/stone-phoenix.com\/wp-content\/uploads\/2023\/12\/1703885417-16x12.jpg 16w, https:\/\/stone-phoenix.com\/wp-content\/uploads\/2023\/12\/1703885417-600x450.jpg 600w, https:\/\/stone-phoenix.com\/wp-content\/uploads\/2023\/12\/1703885417-150x113.jpg 150w\" sizes=\"(max-width: 1000px) 100vw, 1000px\" \/><img loading=\"lazy\" decoding=\"async\" class=\"alignnone size-full wp-image-21743\" src=\"http:\/\/stone-phoenix.com\/wp-content\/uploads\/2023\/12\/1703885418.jpg\" width=\"1000\" height=\"725\" srcset=\"https:\/\/stone-phoenix.com\/wp-content\/uploads\/2023\/12\/1703885418.jpg 1000w, https:\/\/stone-phoenix.com\/wp-content\/uploads\/2023\/12\/1703885418-300x218.jpg 300w, https:\/\/stone-phoenix.com\/wp-content\/uploads\/2023\/12\/1703885418-768x557.jpg 768w, https:\/\/stone-phoenix.com\/wp-content\/uploads\/2023\/12\/1703885418-18x12.jpg 18w, https:\/\/stone-phoenix.com\/wp-content\/uploads\/2023\/12\/1703885418-600x435.jpg 600w, https:\/\/stone-phoenix.com\/wp-content\/uploads\/2023\/12\/1703885418-150x109.jpg 150w\" sizes=\"(max-width: 1000px) 100vw, 1000px\" \/><img loading=\"lazy\" decoding=\"async\" class=\"alignnone  wp-image-25861\" src=\"http:\/\/stone-phoenix.com\/wp-content\/uploads\/2023\/12\/Luxury-Marble-Floors-Italy-Polished-6.jpg\" alt=\"\" width=\"956\" height=\"712\" srcset=\"https:\/\/stone-phoenix.com\/wp-content\/uploads\/2023\/12\/Luxury-Marble-Floors-Italy-Polished-6.jpg 721w, https:\/\/stone-phoenix.com\/wp-content\/uploads\/2023\/12\/Luxury-Marble-Floors-Italy-Polished-6-300x223.jpg 300w, https:\/\/stone-phoenix.com\/wp-content\/uploads\/2023\/12\/Luxury-Marble-Floors-Italy-Polished-6-16x12.jpg 16w, https:\/\/stone-phoenix.com\/wp-content\/uploads\/2023\/12\/Luxury-Marble-Floors-Italy-Polished-6-600x447.jpg 600w, https:\/\/stone-phoenix.com\/wp-content\/uploads\/2023\/12\/Luxury-Marble-Floors-Italy-Polished-6-150x112.jpg 150w\" sizes=\"(max-width: 956px) 100vw, 956px\" \/><\/p>\n<div id=\"ali-anchor-AliPostDhMb-qkngg\" style=\"padding-top: 8px;\" data-section=\"AliPostDhMb-qkngg\" data-section-title=\"Product Description\">\n<div id=\"ali-title-AliPostDhMb-qkngg\" style=\"padding: 8px 0; border-bottom: 1px solid #ddd;\"><span style=\"background-color: #ddd; color: #333; font-weight: bold; padding: 8px 10px; line-height: 12px;\">Description du produit<\/span><\/div>\n<div style=\"padding: 10px 0;\">\n<table class=\"aliDataTable\" style=\"color: #000000; font-family: Arial; font-size: 12px; font-style: normal; font-weight: 400; background-color: #ffffff; width: 746.066px; height: 226px; border: 1px solid #b3b3b3;\">\n<tbody>\n<tr style=\"height: 21px;\">\n<td style=\"border: 1px solid #b3b3b3; width: 162px;\"><strong><span style=\"font-family: arial, helvetica, sans-serif; font-size: 14px;\">Mat\u00e9riau :<\/span><\/strong><\/td>\n<td style=\"border: 1px solid #b3b3b3; width: 595.066px;\"><span style=\"font-family: arial, helvetica, sans-serif;\"><span style=\"font-size: 14px;\">Calcite<\/span><\/span><\/td>\n<\/tr>\n<tr style=\"height: 21px;\">\n<td style=\"border: 1px solid #b3b3b3; width: 162px;\"><strong><span style=\"font-family: arial, helvetica, sans-serif; font-size: 14px;\">Couleur :<\/span><\/strong><\/td>\n<td style=\"border: 1px solid #b3b3b3; width: 595.066px;\"><span style=\"font-family: arial, helvetica, sans-serif; font-size: 14px;\">Blanc, beige, noir, marron, gris, rouge, vert, bleu, etc.<\/span><\/td>\n<\/tr>\n<tr style=\"height: 21px;\">\n<td style=\"border: 1px solid #b3b3b3; width: 162px;\" rowspan=\"3\"><strong><span style=\"font-family: arial, helvetica, sans-serif; font-size: 14px;\">Taille :<\/span><\/strong><\/td>\n<td style=\"border: 1px solid #b3b3b3; width: 595.066px;\"><span style=\"font-family: arial, helvetica, sans-serif; font-size: 14px;\"><span style=\"text-decoration: underline;\">Carreaux disponibles<\/span> <\/span><br \/>\n<span style=\"font-family: arial, helvetica, sans-serif; font-size: 14px;\">12\u2032 X 12\u2033,24\u2032 X 24\u2033,12\u2032 X 24\u2033,etc 300x300mm,300x600mm,400x400mm,600x600mm,600\u00d71200,800\u00d7800,etc<\/span><\/td>\n<\/tr>\n<tr style=\"height: 21px;\">\n<td style=\"border: 1px solid #b3b3b3; width: 595.066px;\"><span style=\"font-family: arial, helvetica, sans-serif; font-size: 14px;\"><span style=\"text-decoration: underline;\">Grandes dalles disponibles<\/span>\u00a0 \u00a0 \u00a0 \u00a0 \u00a0 \u00a0 \u00a0 \u00a0 \u00a0 \u00a0 \u00a0 \u00a0 \u00a0 \u00a0 \u00a0 \u00a0 \u00a0 \u00a0 \u00a0 \u00a0 \u00a0 \u00a0 \u00a0 \u00a0 \u00a0 \u00a0 \u00a0 \u00a0 \u00a0 \u00a0 \u00a0 \u00a0 \u00a0 \u00a0 \u00a0 \u00a0 \u00a0 \u00a0 \u00a0 \u00a0 \u00a0 \u00a0 \u00a0 \u00a0 \u00a0 \u00a0 \u00a0 \u00a0 \u00a0 \u00a0 \u00a0 \u00a0 \u00a0 240cmUpx120UP<\/span><\/td>\n<\/tr>\n<tr style=\"height: 21px;\">\n<td style=\"border: 1px solid #b3b3b3; width: 595.066px;\"><span style=\"font-family: arial, helvetica, sans-serif; font-size: 14px;\">Des sp\u00e9cifications personnalis\u00e9es sont disponibles<\/span><\/td>\n<\/tr>\n<tr style=\"height: 21px;\">\n<td style=\"border: 1px solid #b3b3b3; width: 162px;\"><strong><span style=\"font-family: arial, helvetica, sans-serif; font-size: 14px;\">Tol\u00e9rance d'\u00e9paisseur :<\/span><\/strong><\/td>\n<td style=\"border: 1px solid #b3b3b3; width: 595.066px;\"><span style=\"font-size: 14px; font-family: arial, helvetica, sans-serif;\">\u00b10,05mm, \u00b11mm, \u00b11,5mm, \u00b12mm, selon les exigences de qualit\u00e9 du client<\/span><\/td>\n<\/tr>\n<tr style=\"height: 21px;\">\n<td style=\"border: 1px solid #b3b3b3; width: 162px;\"><strong><span style=\"font-family: arial, helvetica, sans-serif; font-size: 14px;\">Surface :<\/span><\/strong><\/td>\n<td style=\"border: 1px solid #b3b3b3; width: 595.066px;\"><span style=\"font-size: 14px; font-family: arial, helvetica, sans-serif;\">Poli, adouci, assorti au livre, antique, rainur\u00e9, bross\u00e9, d\u00e9cap\u00e9, sabl\u00e9, jet d'eau, etc.<\/span><\/td>\n<\/tr>\n<tr style=\"height: auto;\">\n<td style=\"border: 1px solid #b3b3b3; width: 162px;\"><strong><span style=\"font-family: arial, helvetica, sans-serif; font-size: 14px;\">Emballage :<\/span><\/strong><\/td>\n<td style=\"border: 1px solid #b3b3b3; width: 595.066px;\"><span style=\"font-family: arial, helvetica, sans-serif; font-size: 14px;\"> Fardeaux et caisses en bois en \u00e9tat de navigabilit\u00e9<\/span><\/td>\n<\/tr>\n<tr style=\"height: 21px;\">\n<td style=\"border: 1px solid #b3b3b3; width: 162px;\"><strong><span style=\"font-family: arial, helvetica, sans-serif; font-size: 14px;\">Application :<\/span><\/strong><\/td>\n<td style=\"border: 1px solid #b3b3b3; width: 595.066px;\"><span style=\"font-family: arial, helvetica, sans-serif; font-size: 14px;\">Mur int\u00e9rieur, sol, plinthe, mur de fond, comptoir, escalier, etc.<\/span><\/td>\n<\/tr>\n<tr style=\"height: 21px;\">\n<td style=\"border: 1px solid #b3b3b3; width: 162px;\"><strong><span style=\"font-family: arial, helvetica, sans-serif; font-size: 14px;\">D\u00e9lai de livraison :<\/span><\/strong><\/td>\n<td style=\"border: 1px solid #b3b3b3; width: 595.066px;\"><span style=\"font-family: arial, helvetica, sans-serif; font-size: 14px;\"> 15-20 jours pour les tailles normales<\/span><\/td>\n<\/tr>\n<tr style=\"height: 21px;\">\n<td style=\"border: 1px solid #b3b3b3; width: 162px;\"><strong><span style=\"font-family: arial, helvetica, sans-serif; font-size: 14px;\">Certificat :<\/span><\/strong><\/td>\n<td style=\"border: 1px solid #b3b3b3; width: 595.066px;\"><span style=\"font-family: arial, helvetica, sans-serif; font-size: 14px;\">CE, SGS<\/span><\/td>\n<\/tr>\n<tr style=\"height: 21px;\">\n<td style=\"border: 1px solid #b3b3b3; width: 162px;\"><strong><span style=\"font-family: arial, helvetica, sans-serif; font-size: 14px;\">Conditions de paiement :<\/span><\/strong><\/td>\n<td style=\"border: 1px solid #b3b3b3; width: 595.066px;\"><span style=\"font-family: arial, helvetica, sans-serif; font-size: 14px;\">T\/T, L\/C, D\/P<\/span><\/td>\n<\/tr>\n<tr style=\"height: 42px;\">\n<td style=\"border: 1px solid #b3b3b3; width: 162px;\"><strong><span style=\"font-family: arial, helvetica, sans-serif; font-size: 14px;\">Avantage :<\/span><\/strong><\/td>\n<td style=\"border: 1px solid #b3b3b3; width: 595.066px;\"><span style=\"font-family: arial, helvetica, sans-serif; font-size: 14px;\">1) Service unique pour la pierre ;<\/span><\/p>\n<p><span style=\"font-family: arial, helvetica, sans-serif; font-size: 14px;\">2) Poss\u00e9der 3 carri\u00e8res et 9 usines ;<\/span><\/p>\n<p><span style=\"font-family: arial, helvetica, sans-serif; font-size: 14px;\">3) Des supports technologiques de pointe.<\/span><\/td>\n<\/tr>\n<tr style=\"height: 42px;\">\n<td style=\"border: 1px solid #b3b3b3; width: 162px;\"><strong><span style=\"font-family: arial, helvetica, sans-serif; font-size: 14px;\">Assurance de la qualit\u00e9 et de la livraison :\u00a0<\/span><\/strong><\/td>\n<td style=\"border: 1px solid #b3b3b3; width: 595.066px;\"><span style=\"font-family: arial, helvetica, sans-serif; font-size: 14px;\">Tout au long du processus de production, du choix des mat\u00e9riaux \u00e0 l'emballage en passant par la fabrication, notre service de contr\u00f4le de la qualit\u00e9 contr\u00f4le rigoureusement chaque pi\u00e8ce et chaque processus afin de garantir le respect des normes de qualit\u00e9 et le respect des d\u00e9lais de livraison.<\/span><\/td>\n<\/tr>\n<\/tbody>\n<\/table>\n<\/div>\n<div style=\"padding: 10px 0;\"><\/div>\n<div style=\"padding: 10px 0;\"><\/div>\n<\/div>\n<div id=\"ali-anchor-AliPostDhMb-hwase\" style=\"padding-top: 8px;\" data-section=\"AliPostDhMb-hwase\" data-section-title=\"Related Products\">\n<div id=\"ali-title-AliPostDhMb-hwase\" style=\"padding: 8px 0; border-bottom: 1px solid #ddd;\"><span style=\"background-color: #ddd; color: #333; font-weight: bold; padding: 8px 10px; line-height: 12px;\">Produits apparent\u00e9s<\/span><\/div>\n<div style=\"padding: 10px 0;\">\n<p><img loading=\"lazy\" decoding=\"async\" class=\"alignnone size-full wp-image-21744\" src=\"http:\/\/stone-phoenix.com\/wp-content\/uploads\/2023\/12\/1703885419.jpg\" width=\"750\" height=\"737\" srcset=\"https:\/\/stone-phoenix.com\/wp-content\/uploads\/2023\/12\/1703885419.jpg 750w, https:\/\/stone-phoenix.com\/wp-content\/uploads\/2023\/12\/1703885419-300x295.jpg 300w, https:\/\/stone-phoenix.com\/wp-content\/uploads\/2023\/12\/1703885419-12x12.jpg 12w, https:\/\/stone-phoenix.com\/wp-content\/uploads\/2023\/12\/1703885419-600x590.jpg 600w, https:\/\/stone-phoenix.com\/wp-content\/uploads\/2023\/12\/1703885419-150x147.jpg 150w\" sizes=\"(max-width: 750px) 100vw, 750px\" \/><\/p>\n<map name=\"jp0hoi2c\">\n<area coords=\"21,98,245,360\" shape=\"rect\" href=\"https:\/\/longtops.en.alibaba.com\/productgrouplist-807708453\/Black_Marble.html?spm=a2700.icbuShop.prup15aafb.5.5754158bA1wkpf\" target=\"_blank\" \/>\n<area coords=\"10,979,368,1213\" shape=\"rect\" href=\"https:\/\/longtops.en.alibaba.com\/productgrouplist-807797657\/Working_Drawing_and_Detail_Drawing.html?spm=a2700.icbuShop.prup15aafb.31.346257c6h5J2PJ\" target=\"_blank\" \/>\n<area coords=\"503,98,728,360\" shape=\"rect\" href=\"https:\/\/longtops.en.alibaba.com\/productgrouplist-807681422\/Grey_Marble.html?spm=a2700.icbuShop.prup15aafb.4.7cbc3126Hq1cRv\" target=\"_blank\" \/>\n<area coords=\"21,375,247,641\" shape=\"rect\" href=\"https:\/\/longtops.en.alibaba.com\/productgrouplist-807679027\/Beige_Marble.html?spm=a2700.icbuShop.prup15aafb.3.d4c773acipHUZl\" target=\"_blank\" \/>\n<area coords=\"263,376,487,640\" shape=\"rect\" href=\"https:\/\/longtops.en.alibaba.com\/productgrouplist-807787231\/Wooden_Marble.html?spm=a2700.icbuShop.prup15aafb.7.743d5668QxADhi\" target=\"_blank\" \/>\n<area coords=\"501,376,725,640\" shape=\"rect\" href=\"https:\/\/longtops.en.alibaba.com\/productgrouplist-805159428\/Onyx.html?spm=a2700.icbuShop.prup15aafb.9.6b075b78uJgOyH\" target=\"_blank\" \/>\n<area coords=\"264,96,487,359\" shape=\"rect\" href=\"https:\/\/longtops.en.alibaba.com\/productgrouplist-807681423\/White_Marble.html?spm=a2700.icbuShop.prup15aafb.2.41bf7fb9AV6ZkI\" target=\"_blank\" \/>\n<area coords=\"294,666,452,705\" shape=\"rect\" href=\"https:\/\/longtops.en.alibaba.com\/productgrouplist-805281181\/Interior_Material.html?spm=a2700.icbuShop.prup15aafb.1.29f87eefxGBxpC\" target=\"_blank\" \/> <\/map>\n<p><img loading=\"lazy\" decoding=\"async\" class=\"alignnone size-full wp-image-21745\" src=\"http:\/\/stone-phoenix.com\/wp-content\/uploads\/2023\/12\/1703885420.jpg\" width=\"750\" height=\"451\" srcset=\"https:\/\/stone-phoenix.com\/wp-content\/uploads\/2023\/12\/1703885420.jpg 750w, https:\/\/stone-phoenix.com\/wp-content\/uploads\/2023\/12\/1703885420-300x180.jpg 300w, https:\/\/stone-phoenix.com\/wp-content\/uploads\/2023\/12\/1703885420-18x12.jpg 18w, https:\/\/stone-phoenix.com\/wp-content\/uploads\/2023\/12\/1703885420-600x361.jpg 600w, https:\/\/stone-phoenix.com\/wp-content\/uploads\/2023\/12\/1703885420-150x90.jpg 150w\" sizes=\"(max-width: 750px) 100vw, 750px\" \/><\/p>\n<map name=\"jop1vy1l\">\n<area coords=\"11,143,187,403\" shape=\"rect\" href=\"https:\/\/longtops.en.alibaba.com\/productgrouplist-805281181\/Interior_Material.html?spm=a2700.icbuShop.prup15aafb.1.102c72f4r9xS94\" target=\"_blank\" \/>\n<area coords=\"194,142,373,405\" shape=\"rect\" href=\"https:\/\/longtops.en.alibaba.com\/productgrouplist-805261574\/Exterior_Material.html?spm=a2700.icbuShop.prup15aafb.10.1bd566f5fx5hr8\" target=\"_blank\" \/>\n<area coords=\"378,142,557,404\" shape=\"rect\" href=\"https:\/\/longtops.en.alibaba.com\/productgrouplist-805343849\/Customized_Material.html?spm=a2700.icbuShop.prup15aafb.21.424e71fe2JWtea\" target=\"_blank\" \/>\n<area coords=\"562,140,739,403\" shape=\"rect\" href=\"https:\/\/longtops.en.alibaba.com\/productgrouplist-807693332\/Design_and_Technology.html?spm=a2700.icbuShop.prup15aafb.29.5bf342c4ATPm7j\" target=\"_blank\" \/> <\/map>\n<\/div>\n<\/div>\n<div id=\"ali-anchor-AliPostDhMb-5273d\" style=\"padding-top: 8px;\" data-section=\"AliPostDhMb-5273d\" data-section-title=\"Project Display\">\n<div id=\"ali-title-AliPostDhMb-5273d\" style=\"padding: 8px 0; border-bottom: 1px solid #ddd;\"><span style=\"background-color: #ddd; color: #333; font-weight: bold; padding: 8px 10px; line-height: 12px;\">Affichage du projet<\/span><\/div>\n<div style=\"padding: 10px 0;\">\n<p><img loading=\"lazy\" decoding=\"async\" class=\"alignnone size-full wp-image-21746\" src=\"http:\/\/stone-phoenix.com\/wp-content\/uploads\/2023\/12\/1703885420-1.jpg\" width=\"750\" height=\"772\" srcset=\"https:\/\/stone-phoenix.com\/wp-content\/uploads\/2023\/12\/1703885420-1.jpg 750w, https:\/\/stone-phoenix.com\/wp-content\/uploads\/2023\/12\/1703885420-1-291x300.jpg 291w, https:\/\/stone-phoenix.com\/wp-content\/uploads\/2023\/12\/1703885420-1-12x12.jpg 12w, https:\/\/stone-phoenix.com\/wp-content\/uploads\/2023\/12\/1703885420-1-600x618.jpg 600w, https:\/\/stone-phoenix.com\/wp-content\/uploads\/2023\/12\/1703885420-1-150x154.jpg 150w\" sizes=\"(max-width: 750px) 100vw, 750px\" \/><\/p>\n<\/div>\n<\/div>\n<\/div>","protected":false},"excerpt":{"rendered":"<p>luxury marble floors Italy Polished Crazy Roman impression brown Marble Slab luxury marble floors provide an elegant and luxurious addition<\/p>","protected":false},"featured_media":21739,"template":"","meta":[],"product_cat":[113],"product_tag":[],"_links":{"self":[{"href":"https:\/\/stone-phoenix.com\/fr\/wp-json\/wp\/v2\/product\/21738"}],"collection":[{"href":"https:\/\/stone-phoenix.com\/fr\/wp-json\/wp\/v2\/product"}],"about":[{"href":"https:\/\/stone-phoenix.com\/fr\/wp-json\/wp\/v2\/types\/product"}],"wp:featuredmedia":[{"embeddable":true,"href":"https:\/\/stone-phoenix.com\/fr\/wp-json\/wp\/v2\/media\/21739"}],"wp:attachment":[{"href":"https:\/\/stone-phoenix.com\/fr\/wp-json\/wp\/v2\/media?parent=21738"}],"wp:term":[{"taxonomy":"product_cat","embeddable":true,"href":"https:\/\/stone-phoenix.com\/fr\/wp-json\/wp\/v2\/product_cat?post=21738"},{"taxonomy":"product_tag","embeddable":true,"href":"https:\/\/stone-phoenix.com\/fr\/wp-json\/wp\/v2\/product_tag?post=21738"}],"curies":[{"name":"wp","href":"https:\/\/api.w.org\/{rel}","templated":true}]}}