{"id":21748,"date":"2023-12-29T21:31:09","date_gmt":"2023-12-29T13:31:09","guid":{"rendered":"http:\/\/stone-phoenix.com\/product\/marble-bathroom-classic-grey-floor"},"modified":"2024-03-24T10:29:46","modified_gmt":"2024-03-24T02:29:46","slug":"marble-bathroom-classic-grey-floor","status":"publish","type":"product","link":"https:\/\/stone-phoenix.com\/fr\/produit\/marble-bathroom-classic-grey-floor","title":{"rendered":"Salle de bain en marbre Classic Grey Floor"},"content":{"rendered":"<div id=\"tab-description\" class=\"woocommerce-Tabs-panel woocommerce-Tabs-panel--description panel entry-content wc-tab\" role=\"tabpanel\" aria-labelledby=\"tab-title-description\">\n<div id=\"ali-anchor-AliPostDhMb-0709f\" style=\"padding-top: 8px;\" data-section=\"AliPostDhMb-0709f\" data-section-title=\"Product Description\">\n<h2 style=\"text-align: center;\">Salle de bain en marbre Classic Grey Floor<\/h2>\n<p>La salle de bains en marbre est un choix \u00e9l\u00e9gant, \u00e0 la fois luxueux et pratique. Le marbre est un mat\u00e9riau magnifique, durable et distinctif, parfait pour les surfaces de salles de bains. Que vous souhaitiez moderniser votre salle de bains ou en construire une nouvelle, le marbre ajoute de l'\u00e9l\u00e9gance et du raffinement \u00e0 n'importe quel espace. Le marbre peut ajouter du style et de l'\u00e9l\u00e9gance \u00e0 votre salle de bains et vous permet de prendre votre temps et de vous sentir chez vous. L'utilisation de la pierre naturelle dans les salles de bains ajoute de l'\u00e9l\u00e9gance, du style et de la valeur au d\u00e9cor de votre propri\u00e9t\u00e9. La combinaison du marbre est magnifique, durable et facile \u00e0 entretenir. Avec une belle salle de bains, vous disposerez d'un lieu de d\u00e9tente digne d'un spa dans votre maison.<\/p>\n<div><\/div>\n<div id=\"ali-title-AliPostDhMb-0709f\" style=\"padding: 8px 0; border-bottom: 1px solid #ddd;\"><span style=\"background-color: #ddd; color: #333; font-weight: bold; padding: 8px 10px; line-height: 12px;\">Description du produit<\/span><\/div>\n<div style=\"padding: 10px 0;\">\n<table class=\"aliDataTable\" style=\"color: #000000; font-family: Arial; font-size: 12px; font-style: normal; font-weight: 400; background-color: #ffffff; width: 698px; height: 226px; border: 1px solid #b3b3b3;\">\n<tbody>\n<tr style=\"height: 21px;\">\n<td style=\"border: 1px solid #b3b3b3; width: 162px;\"><strong><span style=\"font-family: arial, helvetica, sans-serif; font-size: 14px;\">Nom du produit :<\/span><\/strong><\/td>\n<td style=\"border: 1px solid #b3b3b3; width: 545px;\"><span style=\"font-family: arial, helvetica, sans-serif; font-size: 14px;\">Marbre divers<\/span><\/td>\n<\/tr>\n<tr style=\"height: 21px;\">\n<td style=\"border: 1px solid #b3b3b3; width: 162px;\"><strong><span style=\"font-family: arial, helvetica, sans-serif; font-size: 14px;\">Mat\u00e9riau :<\/span><\/strong><\/td>\n<td style=\"border: 1px solid #b3b3b3; width: 545px;\"><span style=\"font-family: arial, helvetica, sans-serif; font-size: 14px;\">Marbre<\/span><\/td>\n<\/tr>\n<tr style=\"height: 21px;\">\n<td style=\"border: 1px solid #b3b3b3; width: 162px;\"><strong><span style=\"font-family: arial, helvetica, sans-serif; font-size: 14px;\">Couleur :<\/span><\/strong><\/td>\n<td style=\"border: 1px solid #b3b3b3; width: 545px;\"><span style=\"font-family: arial, helvetica, sans-serif; font-size: 14px;\">Blanc, beige, noir, marron, gris, rouge, vert, bleu, etc.<\/span><\/td>\n<\/tr>\n<tr style=\"height: 21px;\">\n<td style=\"border: 1px solid #b3b3b3; width: 162px;\" rowspan=\"3\"><strong><span style=\"font-family: arial, helvetica, sans-serif; font-size: 14px;\">Taille :<\/span><\/strong><\/td>\n<td style=\"border: 1px solid #b3b3b3; width: 545px;\"><span style=\"font-family: arial, helvetica, sans-serif; font-size: 14px;\"><span style=\"text-decoration: underline;\">Carreaux disponibles<\/span> <\/span><br \/>\n<span style=\"font-family: arial, helvetica, sans-serif; font-size: 14px;\">12\u2032 X 12\u2033,24\u2032 X 24\u2033,12\u2032 X 24\u2033,etc 300x300mm,300x600mm,400x400mm,600x600mm,600\u00d71200,800\u00d7800,etc<\/span><\/td>\n<\/tr>\n<tr style=\"height: 21px;\">\n<td style=\"border: 1px solid #b3b3b3; width: 545px;\"><span style=\"font-family: arial, helvetica, sans-serif; font-size: 14px;\"><span style=\"text-decoration: underline;\">Grandes dalles disponibles<\/span>\u00a0 \u00a0 \u00a0 \u00a0 \u00a0 \u00a0 \u00a0 \u00a0 \u00a0 \u00a0 \u00a0 \u00a0 \u00a0 \u00a0 \u00a0 \u00a0 \u00a0 \u00a0 \u00a0 \u00a0 \u00a0 \u00a0 \u00a0 \u00a0 \u00a0 \u00a0 \u00a0 \u00a0 \u00a0 \u00a0 \u00a0 \u00a0 \u00a0 \u00a0 \u00a0 \u00a0 \u00a0 \u00a0 \u00a0 \u00a0 \u00a0 \u00a0 \u00a0 \u00a0 \u00a0 \u00a0 \u00a0 \u00a0 \u00a0 \u00a0 \u00a0 \u00a0 \u00a0 240cmUpx120UP<\/span><\/td>\n<\/tr>\n<tr style=\"height: 21px;\">\n<td style=\"border: 1px solid #b3b3b3; width: 545px;\"><span style=\"font-family: arial, helvetica, sans-serif; font-size: 14px;\">Des sp\u00e9cifications personnalis\u00e9es sont disponibles<\/span><\/td>\n<\/tr>\n<tr style=\"height: 21px;\">\n<td style=\"border: 1px solid #b3b3b3; width: 162px;\"><strong><span style=\"font-family: arial, helvetica, sans-serif; font-size: 14px;\">Tol\u00e9rance d'\u00e9paisseur :<\/span><\/strong><\/td>\n<td style=\"border: 1px solid #b3b3b3; width: 545px;\"><span style=\"font-size: 14px; font-family: arial, helvetica, sans-serif;\">\u00b10,05mm, \u00b11mm, \u00b11,5mm, \u00b12mm, selon les exigences de qualit\u00e9 du client<\/span><\/td>\n<\/tr>\n<tr style=\"height: 21px;\">\n<td style=\"border: 1px solid #b3b3b3; width: 162px;\"><strong><span style=\"font-family: arial, helvetica, sans-serif; font-size: 14px;\">Surface :<\/span><\/strong><\/td>\n<td style=\"border: 1px solid #b3b3b3; width: 545px;\"><span style=\"font-size: 14px; font-family: arial, helvetica, sans-serif;\">Poli, adouci, assorti au livre, antique, rainur\u00e9, bross\u00e9, d\u00e9cap\u00e9, sabl\u00e9, jet d'eau, etc.<\/span><\/td>\n<\/tr>\n<tr style=\"height: 22px;\">\n<td style=\"border: 1px solid #b3b3b3; width: 162px;\"><strong><span style=\"font-family: arial, helvetica, sans-serif; font-size: 14px;\">Emballage :<\/span><\/strong><\/td>\n<td style=\"border: 1px solid #b3b3b3; width: 545px;\"><span style=\"font-family: arial, helvetica, sans-serif; font-size: 14px;\"> Fardeaux et caisses en bois en \u00e9tat de navigabilit\u00e9<\/span><\/td>\n<\/tr>\n<tr style=\"height: 21px;\">\n<td style=\"border: 1px solid #b3b3b3; width: 162px;\"><strong><span style=\"font-family: arial, helvetica, sans-serif; font-size: 14px;\">Application :<\/span><\/strong><\/td>\n<td style=\"border: 1px solid #b3b3b3; width: 545px;\"><span style=\"font-family: arial, helvetica, sans-serif; font-size: 14px;\">Mur int\u00e9rieur, sol, plinthe, mur de fond, comptoir, escalier, etc.<\/span><\/td>\n<\/tr>\n<tr style=\"height: 21px;\">\n<td style=\"border: 1px solid #b3b3b3; width: 162px;\"><strong><span style=\"font-family: arial, helvetica, sans-serif; font-size: 14px;\">D\u00e9lai de livraison :<\/span><\/strong><\/td>\n<td style=\"border: 1px solid #b3b3b3; width: 545px;\"><span style=\"font-family: arial, helvetica, sans-serif; font-size: 14px;\"> 15-20 jours pour les tailles normales<\/span><\/td>\n<\/tr>\n<tr style=\"height: 21px;\">\n<td style=\"border: 1px solid #b3b3b3; width: 162px;\"><strong><span style=\"font-family: arial, helvetica, sans-serif; font-size: 14px;\">Certificat :<\/span><\/strong><\/td>\n<td style=\"border: 1px solid #b3b3b3; width: 545px;\"><span style=\"font-family: arial, helvetica, sans-serif; font-size: 14px;\">CE, SGS<\/span><\/td>\n<\/tr>\n<tr style=\"height: 21px;\">\n<td style=\"border: 1px solid #b3b3b3; width: 162px;\"><strong><span style=\"font-family: arial, helvetica, sans-serif; font-size: 14px;\">Conditions de paiement :<\/span><\/strong><\/td>\n<td style=\"border: 1px solid #b3b3b3; width: 545px;\"><span style=\"font-family: arial, helvetica, sans-serif; font-size: 14px;\">T\/T, L\/C, D\/P<\/span><\/td>\n<\/tr>\n<tr style=\"height: 42px;\">\n<td style=\"border: 1px solid #b3b3b3; width: 162px;\"><strong><span style=\"font-family: arial, helvetica, sans-serif; font-size: 14px;\">Avantage :<\/span><\/strong><\/td>\n<td style=\"border: 1px solid #b3b3b3; width: 545px;\"><span style=\"font-family: arial, helvetica, sans-serif; font-size: 14px;\">1) Service unique pour la pierre ;<\/span><\/p>\n<p><span style=\"font-family: arial, helvetica, sans-serif; font-size: 14px;\">2) Poss\u00e9der 3 carri\u00e8res et 9 usines ;<\/span><\/p>\n<p><span style=\"font-family: arial, helvetica, sans-serif; font-size: 14px;\">3) Des supports technologiques de pointe.<\/span><\/td>\n<\/tr>\n<tr style=\"height: 42px;\">\n<td style=\"border: 1px solid #b3b3b3; width: 162px;\"><strong><span style=\"font-family: arial, helvetica, sans-serif; font-size: 14px;\">Assurance de la qualit\u00e9 et de la livraison :\u00a0<\/span><\/strong><\/td>\n<td style=\"border: 1px solid #b3b3b3; width: 545px;\"><span style=\"font-family: arial, helvetica, sans-serif; font-size: 14px;\">Tout au long du processus de production, du choix des mat\u00e9riaux \u00e0 l'emballage en passant par la fabrication, notre service de contr\u00f4le de la qualit\u00e9 contr\u00f4le rigoureusement chaque pi\u00e8ce et chaque processus afin de garantir le respect des normes de qualit\u00e9 et le respect des d\u00e9lais de livraison.<\/span><\/td>\n<\/tr>\n<\/tbody>\n<\/table>\n<p><img loading=\"lazy\" decoding=\"async\" class=\"alignnone  wp-image-25850\" src=\"http:\/\/stone-phoenix.com\/wp-content\/uploads\/2023\/12\/Marble-Bathroom-Classic-Grey-Floor-9-1.jpg\" alt=\"\" width=\"954\" height=\"739\" srcset=\"https:\/\/stone-phoenix.com\/wp-content\/uploads\/2023\/12\/Marble-Bathroom-Classic-Grey-Floor-9-1.jpg 900w, https:\/\/stone-phoenix.com\/wp-content\/uploads\/2023\/12\/Marble-Bathroom-Classic-Grey-Floor-9-1-300x232.jpg 300w, https:\/\/stone-phoenix.com\/wp-content\/uploads\/2023\/12\/Marble-Bathroom-Classic-Grey-Floor-9-1-768x595.jpg 768w, https:\/\/stone-phoenix.com\/wp-content\/uploads\/2023\/12\/Marble-Bathroom-Classic-Grey-Floor-9-1-15x12.jpg 15w, https:\/\/stone-phoenix.com\/wp-content\/uploads\/2023\/12\/Marble-Bathroom-Classic-Grey-Floor-9-1-600x465.jpg 600w, https:\/\/stone-phoenix.com\/wp-content\/uploads\/2023\/12\/Marble-Bathroom-Classic-Grey-Floor-9-1-150x116.jpg 150w\" sizes=\"(max-width: 954px) 100vw, 954px\" \/><img loading=\"lazy\" decoding=\"async\" class=\"alignnone size-full wp-image-25852\" src=\"http:\/\/stone-phoenix.com\/wp-content\/uploads\/2023\/12\/Marble-Bathroom-Classic-Grey-Floor-4.jpg\" alt=\"\" width=\"1114\" height=\"880\" srcset=\"https:\/\/stone-phoenix.com\/wp-content\/uploads\/2023\/12\/Marble-Bathroom-Classic-Grey-Floor-4.jpg 1114w, https:\/\/stone-phoenix.com\/wp-content\/uploads\/2023\/12\/Marble-Bathroom-Classic-Grey-Floor-4-300x237.jpg 300w, https:\/\/stone-phoenix.com\/wp-content\/uploads\/2023\/12\/Marble-Bathroom-Classic-Grey-Floor-4-1024x809.jpg 1024w, https:\/\/stone-phoenix.com\/wp-content\/uploads\/2023\/12\/Marble-Bathroom-Classic-Grey-Floor-4-768x607.jpg 768w, https:\/\/stone-phoenix.com\/wp-content\/uploads\/2023\/12\/Marble-Bathroom-Classic-Grey-Floor-4-15x12.jpg 15w, https:\/\/stone-phoenix.com\/wp-content\/uploads\/2023\/12\/Marble-Bathroom-Classic-Grey-Floor-4-600x474.jpg 600w, https:\/\/stone-phoenix.com\/wp-content\/uploads\/2023\/12\/Marble-Bathroom-Classic-Grey-Floor-4-150x118.jpg 150w\" sizes=\"(max-width: 1114px) 100vw, 1114px\" \/><img loading=\"lazy\" decoding=\"async\" class=\"alignnone size-full wp-image-25853\" src=\"http:\/\/stone-phoenix.com\/wp-content\/uploads\/2023\/12\/Marble-Bathroom-Classic-Grey-Floor-5.jpg\" alt=\"\" width=\"1114\" height=\"903\" srcset=\"https:\/\/stone-phoenix.com\/wp-content\/uploads\/2023\/12\/Marble-Bathroom-Classic-Grey-Floor-5.jpg 1114w, https:\/\/stone-phoenix.com\/wp-content\/uploads\/2023\/12\/Marble-Bathroom-Classic-Grey-Floor-5-300x243.jpg 300w, https:\/\/stone-phoenix.com\/wp-content\/uploads\/2023\/12\/Marble-Bathroom-Classic-Grey-Floor-5-1024x830.jpg 1024w, https:\/\/stone-phoenix.com\/wp-content\/uploads\/2023\/12\/Marble-Bathroom-Classic-Grey-Floor-5-768x623.jpg 768w, https:\/\/stone-phoenix.com\/wp-content\/uploads\/2023\/12\/Marble-Bathroom-Classic-Grey-Floor-5-15x12.jpg 15w, https:\/\/stone-phoenix.com\/wp-content\/uploads\/2023\/12\/Marble-Bathroom-Classic-Grey-Floor-5-600x486.jpg 600w, https:\/\/stone-phoenix.com\/wp-content\/uploads\/2023\/12\/Marble-Bathroom-Classic-Grey-Floor-5-150x122.jpg 150w\" sizes=\"(max-width: 1114px) 100vw, 1114px\" \/><img loading=\"lazy\" decoding=\"async\" class=\"alignnone size-full wp-image-25854\" src=\"http:\/\/stone-phoenix.com\/wp-content\/uploads\/2023\/12\/Marble-Bathroom-Classic-Grey-Floor-6-1.jpg\" alt=\"\" width=\"952\" height=\"712\" srcset=\"https:\/\/stone-phoenix.com\/wp-content\/uploads\/2023\/12\/Marble-Bathroom-Classic-Grey-Floor-6-1.jpg 952w, https:\/\/stone-phoenix.com\/wp-content\/uploads\/2023\/12\/Marble-Bathroom-Classic-Grey-Floor-6-1-300x224.jpg 300w, https:\/\/stone-phoenix.com\/wp-content\/uploads\/2023\/12\/Marble-Bathroom-Classic-Grey-Floor-6-1-768x574.jpg 768w, https:\/\/stone-phoenix.com\/wp-content\/uploads\/2023\/12\/Marble-Bathroom-Classic-Grey-Floor-6-1-16x12.jpg 16w, https:\/\/stone-phoenix.com\/wp-content\/uploads\/2023\/12\/Marble-Bathroom-Classic-Grey-Floor-6-1-600x449.jpg 600w, https:\/\/stone-phoenix.com\/wp-content\/uploads\/2023\/12\/Marble-Bathroom-Classic-Grey-Floor-6-1-150x112.jpg 150w\" sizes=\"(max-width: 952px) 100vw, 952px\" \/><\/p>\n<\/div>\n<\/div>\n<\/div>","protected":false},"excerpt":{"rendered":"<p>Marble Bathroom Classic Grey Floor Marble bathroom is an elegant choice that\u2019s both luxurious and practical. Marble is a beautiful,<\/p>","protected":false},"featured_media":25844,"template":"","meta":[],"product_cat":[113],"product_tag":[],"_links":{"self":[{"href":"https:\/\/stone-phoenix.com\/fr\/wp-json\/wp\/v2\/product\/21748"}],"collection":[{"href":"https:\/\/stone-phoenix.com\/fr\/wp-json\/wp\/v2\/product"}],"about":[{"href":"https:\/\/stone-phoenix.com\/fr\/wp-json\/wp\/v2\/types\/product"}],"wp:featuredmedia":[{"embeddable":true,"href":"https:\/\/stone-phoenix.com\/fr\/wp-json\/wp\/v2\/media\/25844"}],"wp:attachment":[{"href":"https:\/\/stone-phoenix.com\/fr\/wp-json\/wp\/v2\/media?parent=21748"}],"wp:term":[{"taxonomy":"product_cat","embeddable":true,"href":"https:\/\/stone-phoenix.com\/fr\/wp-json\/wp\/v2\/product_cat?post=21748"},{"taxonomy":"product_tag","embeddable":true,"href":"https:\/\/stone-phoenix.com\/fr\/wp-json\/wp\/v2\/product_tag?post=21748"}],"curies":[{"name":"wp","href":"https:\/\/api.w.org\/{rel}","templated":true}]}}