{"id":21770,"date":"2023-12-29T21:32:17","date_gmt":"2023-12-29T13:32:17","guid":{"rendered":"http:\/\/stone-phoenix.com\/product\/marble-floor-white-factory-sale-jade"},"modified":"2024-03-24T08:38:24","modified_gmt":"2024-03-24T00:38:24","slug":"marble-floor-white-factory-sale-jade","status":"publish","type":"product","link":"https:\/\/stone-phoenix.com\/fr\/produit\/marble-floor-white-factory-sale-jade","title":{"rendered":"Sol en Marbre Blanc Vente d'usine Jade"},"content":{"rendered":"<div id=\"tab-description\" class=\"woocommerce-Tabs-panel woocommerce-Tabs-panel--description panel entry-content wc-tab\" role=\"tabpanel\" aria-labelledby=\"tab-title-description\">\n<div id=\"ali-anchor-AliPostDhMb-qkngg\" style=\"padding-top: 8px;\" data-section=\"AliPostDhMb-qkngg\" data-section-title=\"Product Description\">\n<h2>Sol en Marbre Blanc Vente d'usine Jade<\/h2>\n<p>Le sol en marbre blanc est un mat\u00e9riau tr\u00e8s doux mais durable. Il est non poreux et hygi\u00e9nique et n'absorbe ni les taches ni la salet\u00e9. Il ne se raye pas et ne fait pas d'entailles, m\u00eame avec des meubles lourds tels que des commodes, des lits, etc.<\/p>\n<p>Ce carrelage de sol en marbre classique est le summum du style, de la classe et de l'\u00e9l\u00e9gance. Les projets de r\u00e9novation haut de gamme, la conception de salles de bains et toutes les pi\u00e8ces qui ont besoin d'une touche de sophistication seront mis en valeur par ce sol en marbre blanc.<\/p>\n<p>C'est l'un des choix les plus populaires en mati\u00e8re de rev\u00eatement de sol en pierre naturelle. Une combinaison \u00e9tonnante de carreaux de marbre blanc, gris et noir en finition mate surprendra certainement vos invit\u00e9s. Ce rev\u00eatement de sol est unique, pour ne pas dire nouveau et \u00e0 la mode.<\/p>\n<p>Nous n'employons que les meilleurs artisans pour r\u00e9aliser une merveilleuse mosa\u00efque avec cette combinaison de couleurs particuli\u00e8re.Le carrelage de sol en marbre blanc est le meilleur choix pour cr\u00e9er un espace chaleureux et confortable. Le blanc est une teinte qui peut \u00eatre utilis\u00e9e dans toutes les pi\u00e8ces, dans n'importe quel type de d\u00e9cor.<\/p>\n<p>Il s'agit d'une seule couleur, mais elle poss\u00e8de de nombreuses nuances qui cr\u00e9ent des \u00e9motions diff\u00e9rentes pour leur entourage. Son utilisation dans la salle de bains ou la cuisine lui conf\u00e8re un aspect propre et \u00e9l\u00e9gant.<\/p>\n<p>Avec une gamme compl\u00e8te de formes, de tailles et de finitions diff\u00e9rentes, nous pouvons vous aider \u00e0 cr\u00e9er exactement le bon look pour votre int\u00e9rieur avec notre collection de carreaux de sol en marbre blanc.<\/p>\n<div id=\"ali-title-AliPostDhMb-qkngg\" style=\"padding: 8px 0; border-bottom: 1px solid #ddd;\"><span style=\"background-color: #ddd; color: #333; font-weight: bold; padding: 8px 10px; line-height: 12px;\">Description du produit<\/span><\/div>\n<div style=\"padding: 10px 0;\">\n<table class=\"aliDataTable\" style=\"color: #000000; font-family: Arial; font-size: 12px; font-style: normal; font-weight: 400; background-color: #ffffff; width: 746.066px; height: 226px; border: 1px solid #b3b3b3;\">\n<tbody>\n<tr style=\"height: 21px;\">\n<td style=\"border: 1px solid #b3b3b3; width: 162px;\"><strong><span style=\"font-family: arial, helvetica, sans-serif; font-size: 14px;\">Nom du produit :<\/span><\/strong><\/td>\n<td style=\"border: 1px solid #b3b3b3; width: 595.066px;\">Vente d'usine jade blanc veines noires marbre blanc pas cher sol et carrelage en pierre naturelle<\/td>\n<\/tr>\n<tr style=\"height: 21px;\">\n<td style=\"border: 1px solid #b3b3b3; width: 162px;\"><strong><span style=\"font-family: arial, helvetica, sans-serif; font-size: 14px;\">Mat\u00e9riau :<\/span><\/strong><\/td>\n<td style=\"border: 1px solid #b3b3b3; width: 595.066px;\"><span style=\"font-family: arial, helvetica, sans-serif; font-size: 14px;\">Marbre<\/span><\/td>\n<\/tr>\n<tr style=\"height: 21px;\">\n<td style=\"border: 1px solid #b3b3b3; width: 162px;\"><strong><span style=\"font-family: arial, helvetica, sans-serif; font-size: 14px;\">Couleur :<\/span><\/strong><\/td>\n<td style=\"border: 1px solid #b3b3b3; width: 595.066px;\"><span style=\"font-family: arial, helvetica, sans-serif; font-size: 14px;\">Blanc, beige, noir, marron, gris, rouge, vert, bleu, etc.<\/span><\/td>\n<\/tr>\n<tr style=\"height: 21px;\">\n<td style=\"border: 1px solid #b3b3b3; width: 162px;\" rowspan=\"3\"><strong><span style=\"font-family: arial, helvetica, sans-serif; font-size: 14px;\">Taille :<\/span><\/strong><\/td>\n<td style=\"border: 1px solid #b3b3b3; width: 595.066px;\"><span style=\"font-family: arial, helvetica, sans-serif; font-size: 14px;\"><span style=\"text-decoration: underline;\">Carreaux disponibles<\/span> <\/span><br \/>\n<span style=\"font-family: arial, helvetica, sans-serif; font-size: 14px;\">12\u2032 X 12\u2033,24\u2032 X 24\u2033,12\u2032 X 24\u2033,etc 300x300mm,300x600mm,400x400mm,600x600mm,600\u00d71200,800\u00d7800,etc<\/span><\/td>\n<\/tr>\n<tr style=\"height: 21px;\">\n<td style=\"border: 1px solid #b3b3b3; width: 595.066px;\"><span style=\"font-family: arial, helvetica, sans-serif; font-size: 14px;\"><span style=\"text-decoration: underline;\">Grandes dalles disponibles<\/span>\u00a0 \u00a0 \u00a0 \u00a0 \u00a0 \u00a0 \u00a0 \u00a0 \u00a0 \u00a0 \u00a0 \u00a0 \u00a0 \u00a0 \u00a0 \u00a0 \u00a0 \u00a0 \u00a0 \u00a0 \u00a0 \u00a0 \u00a0 \u00a0 \u00a0 \u00a0 \u00a0 \u00a0 \u00a0 \u00a0 \u00a0 \u00a0 \u00a0 \u00a0 \u00a0 \u00a0 \u00a0 \u00a0 \u00a0 \u00a0 \u00a0 \u00a0 \u00a0 \u00a0 \u00a0 \u00a0 \u00a0 \u00a0 \u00a0 \u00a0 \u00a0 \u00a0 \u00a0 240cmUpx120UP<\/span><\/td>\n<\/tr>\n<tr style=\"height: 21px;\">\n<td style=\"border: 1px solid #b3b3b3; width: 595.066px;\"><span style=\"font-family: arial, helvetica, sans-serif; font-size: 14px;\">Des sp\u00e9cifications personnalis\u00e9es sont disponibles<\/span><\/td>\n<\/tr>\n<tr style=\"height: 21px;\">\n<td style=\"border: 1px solid #b3b3b3; width: 162px;\"><strong><span style=\"font-family: arial, helvetica, sans-serif; font-size: 14px;\">Tol\u00e9rance d'\u00e9paisseur :<\/span><\/strong><\/td>\n<td style=\"border: 1px solid #b3b3b3; width: 595.066px;\"><span style=\"font-size: 14px; font-family: arial, helvetica, sans-serif;\">\u00b10,05mm, \u00b11mm, \u00b11,5mm, \u00b12mm, selon les exigences de qualit\u00e9 du client<\/span><\/td>\n<\/tr>\n<tr style=\"height: 21px;\">\n<td style=\"border: 1px solid #b3b3b3; width: 162px;\"><strong><span style=\"font-family: arial, helvetica, sans-serif; font-size: 14px;\">Surface :<\/span><\/strong><\/td>\n<td style=\"border: 1px solid #b3b3b3; width: 595.066px;\"><span style=\"font-size: 14px; font-family: arial, helvetica, sans-serif;\">Poli, adouci, assorti au livre, antique, rainur\u00e9, bross\u00e9, d\u00e9cap\u00e9, sabl\u00e9, jet d'eau, etc.<\/span><\/td>\n<\/tr>\n<tr style=\"height: auto;\">\n<td style=\"border: 1px solid #b3b3b3; width: 162px;\"><strong><span style=\"font-family: arial, helvetica, sans-serif; font-size: 14px;\">Emballage :<\/span><\/strong><\/td>\n<td style=\"border: 1px solid #b3b3b3; width: 595.066px;\"><span style=\"font-family: arial, helvetica, sans-serif; font-size: 14px;\"> Fardeaux et caisses en bois en \u00e9tat de navigabilit\u00e9<\/span><\/td>\n<\/tr>\n<tr style=\"height: 21px;\">\n<td style=\"border: 1px solid #b3b3b3; width: 162px;\"><strong><span style=\"font-family: arial, helvetica, sans-serif; font-size: 14px;\">Application :<\/span><\/strong><\/td>\n<td style=\"border: 1px solid #b3b3b3; width: 595.066px;\"><span style=\"font-family: arial, helvetica, sans-serif; font-size: 14px;\">Mur int\u00e9rieur, sol, plinthe, mur de fond, comptoir, escalier, etc.<\/span><\/td>\n<\/tr>\n<tr style=\"height: 21px;\">\n<td style=\"border: 1px solid #b3b3b3; width: 162px;\"><strong><span style=\"font-family: arial, helvetica, sans-serif; font-size: 14px;\">D\u00e9lai de livraison :<\/span><\/strong><\/td>\n<td style=\"border: 1px solid #b3b3b3; width: 595.066px;\"><span style=\"font-family: arial, helvetica, sans-serif; font-size: 14px;\"> 15-20 jours pour les tailles normales<\/span><\/td>\n<\/tr>\n<tr style=\"height: 21px;\">\n<td style=\"border: 1px solid #b3b3b3; width: 162px;\"><strong><span style=\"font-family: arial, helvetica, sans-serif; font-size: 14px;\">Certificat :<\/span><\/strong><\/td>\n<td style=\"border: 1px solid #b3b3b3; width: 595.066px;\"><span style=\"font-family: arial, helvetica, sans-serif; font-size: 14px;\">CE, SGS<\/span><\/td>\n<\/tr>\n<tr style=\"height: 21px;\">\n<td style=\"border: 1px solid #b3b3b3; width: 162px;\"><strong><span style=\"font-family: arial, helvetica, sans-serif; font-size: 14px;\">Conditions de paiement :<\/span><\/strong><\/td>\n<td style=\"border: 1px solid #b3b3b3; width: 595.066px;\"><span style=\"font-family: arial, helvetica, sans-serif; font-size: 14px;\">T\/T, L\/C, D\/P<\/span><\/td>\n<\/tr>\n<tr style=\"height: 42px;\">\n<td style=\"border: 1px solid #b3b3b3; width: 162px;\"><strong><span style=\"font-family: arial, helvetica, sans-serif; font-size: 14px;\">Avantage :<\/span><\/strong><\/td>\n<td style=\"border: 1px solid #b3b3b3; width: 595.066px;\"><span style=\"font-family: arial, helvetica, sans-serif; font-size: 14px;\">1) Service unique pour la pierre ;<\/span><\/p>\n<p><span style=\"font-family: arial, helvetica, sans-serif; font-size: 14px;\">2) Poss\u00e9der 3 carri\u00e8res et 9 usines ;<\/span><\/p>\n<p><span style=\"font-family: arial, helvetica, sans-serif; font-size: 14px;\">3) Des supports technologiques de pointe.<\/span><\/td>\n<\/tr>\n<tr style=\"height: 42px;\">\n<td style=\"border: 1px solid #b3b3b3; width: 162px;\"><strong><span style=\"font-family: arial, helvetica, sans-serif; font-size: 14px;\">Assurance de la qualit\u00e9 et de la livraison :\u00a0<\/span><\/strong><\/td>\n<td style=\"border: 1px solid #b3b3b3; width: 595.066px;\"><span style=\"font-family: arial, helvetica, sans-serif; font-size: 14px;\">Tout au long du processus de production, du choix des mat\u00e9riaux \u00e0 l'emballage en passant par la fabrication, notre service de contr\u00f4le de la qualit\u00e9 contr\u00f4le rigoureusement chaque pi\u00e8ce et chaque processus afin de garantir le respect des normes de qualit\u00e9 et le respect des d\u00e9lais de livraison.<\/span><\/td>\n<\/tr>\n<\/tbody>\n<\/table>\n<p><img loading=\"lazy\" decoding=\"async\" class=\"alignnone size-full wp-image-25828\" src=\"http:\/\/stone-phoenix.com\/wp-content\/uploads\/2023\/12\/Marble-Floor-White-Factory-Sale-Jade-4.jpg\" alt=\"\" width=\"1105\" height=\"828\" srcset=\"https:\/\/stone-phoenix.com\/wp-content\/uploads\/2023\/12\/Marble-Floor-White-Factory-Sale-Jade-4.jpg 1105w, https:\/\/stone-phoenix.com\/wp-content\/uploads\/2023\/12\/Marble-Floor-White-Factory-Sale-Jade-4-300x225.jpg 300w, https:\/\/stone-phoenix.com\/wp-content\/uploads\/2023\/12\/Marble-Floor-White-Factory-Sale-Jade-4-1024x767.jpg 1024w, https:\/\/stone-phoenix.com\/wp-content\/uploads\/2023\/12\/Marble-Floor-White-Factory-Sale-Jade-4-768x575.jpg 768w, https:\/\/stone-phoenix.com\/wp-content\/uploads\/2023\/12\/Marble-Floor-White-Factory-Sale-Jade-4-16x12.jpg 16w, https:\/\/stone-phoenix.com\/wp-content\/uploads\/2023\/12\/Marble-Floor-White-Factory-Sale-Jade-4-600x450.jpg 600w, https:\/\/stone-phoenix.com\/wp-content\/uploads\/2023\/12\/Marble-Floor-White-Factory-Sale-Jade-4-150x112.jpg 150w\" sizes=\"(max-width: 1105px) 100vw, 1105px\" \/><img loading=\"lazy\" decoding=\"async\" class=\"alignnone size-full wp-image-25829\" src=\"http:\/\/stone-phoenix.com\/wp-content\/uploads\/2023\/12\/Marble-Floor-White-Factory-Sale-Jade-5.jpg\" alt=\"\" width=\"1116\" height=\"807\" srcset=\"https:\/\/stone-phoenix.com\/wp-content\/uploads\/2023\/12\/Marble-Floor-White-Factory-Sale-Jade-5.jpg 1116w, https:\/\/stone-phoenix.com\/wp-content\/uploads\/2023\/12\/Marble-Floor-White-Factory-Sale-Jade-5-300x217.jpg 300w, https:\/\/stone-phoenix.com\/wp-content\/uploads\/2023\/12\/Marble-Floor-White-Factory-Sale-Jade-5-1024x740.jpg 1024w, https:\/\/stone-phoenix.com\/wp-content\/uploads\/2023\/12\/Marble-Floor-White-Factory-Sale-Jade-5-768x555.jpg 768w, https:\/\/stone-phoenix.com\/wp-content\/uploads\/2023\/12\/Marble-Floor-White-Factory-Sale-Jade-5-18x12.jpg 18w, https:\/\/stone-phoenix.com\/wp-content\/uploads\/2023\/12\/Marble-Floor-White-Factory-Sale-Jade-5-600x434.jpg 600w, https:\/\/stone-phoenix.com\/wp-content\/uploads\/2023\/12\/Marble-Floor-White-Factory-Sale-Jade-5-150x108.jpg 150w\" sizes=\"(max-width: 1116px) 100vw, 1116px\" \/><img loading=\"lazy\" decoding=\"async\" class=\"alignnone size-full wp-image-25830\" src=\"http:\/\/stone-phoenix.com\/wp-content\/uploads\/2023\/12\/Marble-Floor-White-Factory-Sale-Jade-6.jpg\" alt=\"\" width=\"1117\" height=\"832\" srcset=\"https:\/\/stone-phoenix.com\/wp-content\/uploads\/2023\/12\/Marble-Floor-White-Factory-Sale-Jade-6.jpg 1117w, https:\/\/stone-phoenix.com\/wp-content\/uploads\/2023\/12\/Marble-Floor-White-Factory-Sale-Jade-6-300x223.jpg 300w, https:\/\/stone-phoenix.com\/wp-content\/uploads\/2023\/12\/Marble-Floor-White-Factory-Sale-Jade-6-1024x763.jpg 1024w, https:\/\/stone-phoenix.com\/wp-content\/uploads\/2023\/12\/Marble-Floor-White-Factory-Sale-Jade-6-768x572.jpg 768w, https:\/\/stone-phoenix.com\/wp-content\/uploads\/2023\/12\/Marble-Floor-White-Factory-Sale-Jade-6-16x12.jpg 16w, https:\/\/stone-phoenix.com\/wp-content\/uploads\/2023\/12\/Marble-Floor-White-Factory-Sale-Jade-6-600x447.jpg 600w, https:\/\/stone-phoenix.com\/wp-content\/uploads\/2023\/12\/Marble-Floor-White-Factory-Sale-Jade-6-150x112.jpg 150w\" sizes=\"(max-width: 1117px) 100vw, 1117px\" \/><\/p>\n<\/div>\n<\/div>\n<\/div>","protected":false},"excerpt":{"rendered":"<p>Marble Floor White Factory Sale Jade marble floor white is a very soft yet durable material. It is nonporous and<\/p>","protected":false},"featured_media":25824,"template":"","meta":[],"product_cat":[113],"product_tag":[],"_links":{"self":[{"href":"https:\/\/stone-phoenix.com\/fr\/wp-json\/wp\/v2\/product\/21770"}],"collection":[{"href":"https:\/\/stone-phoenix.com\/fr\/wp-json\/wp\/v2\/product"}],"about":[{"href":"https:\/\/stone-phoenix.com\/fr\/wp-json\/wp\/v2\/types\/product"}],"wp:featuredmedia":[{"embeddable":true,"href":"https:\/\/stone-phoenix.com\/fr\/wp-json\/wp\/v2\/media\/25824"}],"wp:attachment":[{"href":"https:\/\/stone-phoenix.com\/fr\/wp-json\/wp\/v2\/media?parent=21770"}],"wp:term":[{"taxonomy":"product_cat","embeddable":true,"href":"https:\/\/stone-phoenix.com\/fr\/wp-json\/wp\/v2\/product_cat?post=21770"},{"taxonomy":"product_tag","embeddable":true,"href":"https:\/\/stone-phoenix.com\/fr\/wp-json\/wp\/v2\/product_tag?post=21770"}],"curies":[{"name":"wp","href":"https:\/\/api.w.org\/{rel}","templated":true}]}}