{"id":21782,"date":"2023-12-29T21:33:08","date_gmt":"2023-12-29T13:33:08","guid":{"rendered":"http:\/\/stone-phoenix.com\/product\/marble-import-from-turkey-for-flooring"},"modified":"2024-03-23T23:33:26","modified_gmt":"2024-03-23T15:33:26","slug":"marble-import-from-turkey-for-flooring","status":"publish","type":"product","link":"https:\/\/stone-phoenix.com\/fr\/produit\/marble-import-from-turkey-for-flooring","title":{"rendered":"Importation de marbre de Turquie pour les rev\u00eatements de sol"},"content":{"rendered":"<div id=\"tab-description\" class=\"woocommerce-Tabs-panel woocommerce-Tabs-panel--description panel entry-content wc-tab\" role=\"tabpanel\" aria-labelledby=\"tab-title-description\">\n<h2>Importation de marbre de Turquie<\/h2>\n<p>Le marbre import\u00e9 de Turquie est vraiment un bon choix pour votre maison et votre jardin. Les pierres naturelles sont utilis\u00e9es comme mat\u00e9riaux de d\u00e9coration int\u00e9rieure depuis pr\u00e8s de mille ans. En plus d'ajouter de la beaut\u00e9, le marbre peut rendre votre maison plus chaleureuse.<\/p>\n<p>Il existe de nombreux types de marbre disponibles sur le march\u00e9, mais vous devez les \u00e9valuer correctement afin qu'ils s'adaptent parfaitement \u00e0 l'architecture de votre maison et lui donnent un aspect final splendide.<\/p>\n<p>Elle dure \u00e9galement plus longtemps et ne n\u00e9cessite pas beaucoup d'entretien par rapport \u00e0 d'autres pierres. Nous sommes l'un des principaux fournisseurs, exportateurs, importateurs et grossistes de pierres marbr\u00e9es. Le marbre est largement disponible sous sa forme naturelle, mais il existe \u00e9galement sous forme m\u00e9tamorphos\u00e9e et polie.<\/p>\n<p>Le marbre est largement utilis\u00e9 pour la sculpture, les objets d\u00e9coratifs et les \u00e9l\u00e9ments architecturaux. Le marbre est largement disponible sous sa forme naturelle, mais il existe \u00e9galement sous forme m\u00e9tamorphos\u00e9e et polie.<\/p>\n<div id=\"ali-anchor-AliPostDhMb-qkngg\" style=\"padding-top: 8px;\" data-section=\"AliPostDhMb-qkngg\" data-section-title=\"Product Description\">\n<div id=\"ali-title-AliPostDhMb-qkngg\" style=\"padding: 8px 0; border-bottom: 1px solid #ddd;\"><span style=\"background-color: #ddd; color: #333; font-weight: bold; padding: 8px 10px; line-height: 12px;\">Description du produit<\/span><\/div>\n<div style=\"padding: 10px 0;\">\n<table class=\"aliDataTable\" style=\"color: #000000; font-family: Arial; font-size: 12px; font-style: normal; font-weight: 400; background-color: #ffffff; width: 746.066px; height: 226px; border: 1px solid #b3b3b3;\">\n<tbody>\n<tr style=\"height: 21px;\">\n<td style=\"border: 1px solid #b3b3b3; width: 162px;\"><strong><span style=\"font-family: arial, helvetica, sans-serif; font-size: 14px;\">Nom du produit :<\/span><\/strong><\/td>\n<td style=\"border: 1px solid #b3b3b3; width: 595.066px;\">Marbre de Turquie<\/td>\n<\/tr>\n<tr style=\"height: 21px;\">\n<td style=\"border: 1px solid #b3b3b3; width: 162px;\"><strong><span style=\"font-family: arial, helvetica, sans-serif; font-size: 14px;\">Mat\u00e9riau :<\/span><\/strong><\/td>\n<td style=\"border: 1px solid #b3b3b3; width: 595.066px;\"><span style=\"font-family: arial, helvetica, sans-serif; font-size: 14px;\">Marbre rouge<\/span><\/td>\n<\/tr>\n<tr style=\"height: 21px;\">\n<td style=\"border: 1px solid #b3b3b3; width: 162px;\"><strong><span style=\"font-family: arial, helvetica, sans-serif; font-size: 14px;\">Couleur :<\/span><\/strong><\/td>\n<td style=\"border: 1px solid #b3b3b3; width: 595.066px;\"><span style=\"font-family: arial, helvetica, sans-serif; font-size: 14px;\">Blanc, beige, noir, marron, gris, rouge, vert, bleu, etc.<\/span><\/td>\n<\/tr>\n<tr style=\"height: 21px;\">\n<td style=\"border: 1px solid #b3b3b3; width: 162px;\" rowspan=\"3\"><strong><span style=\"font-family: arial, helvetica, sans-serif; font-size: 14px;\">Taille :<\/span><\/strong><\/td>\n<td style=\"border: 1px solid #b3b3b3; width: 595.066px;\"><span style=\"font-family: arial, helvetica, sans-serif; font-size: 14px;\"><span style=\"text-decoration: underline;\">Carreaux disponibles<\/span> <\/span><br \/>\n<span style=\"font-family: arial, helvetica, sans-serif; font-size: 14px;\">12\u2032 X 12\u2033,24\u2032 X 24\u2033,12\u2032 X 24\u2033,etc 300x300mm,300x600mm,400x400mm,600x600mm,600\u00d71200,800\u00d7800,etc<\/span><\/td>\n<\/tr>\n<tr style=\"height: 21px;\">\n<td style=\"border: 1px solid #b3b3b3; width: 595.066px;\"><span style=\"font-family: arial, helvetica, sans-serif; font-size: 14px;\"><span style=\"text-decoration: underline;\">Grandes dalles disponibles<\/span>\u00a0 \u00a0 \u00a0 \u00a0 \u00a0 \u00a0 \u00a0 \u00a0 \u00a0 \u00a0 \u00a0 \u00a0 \u00a0 \u00a0 \u00a0 \u00a0 \u00a0 \u00a0 \u00a0 \u00a0 \u00a0 \u00a0 \u00a0 \u00a0 \u00a0 \u00a0 \u00a0 \u00a0 \u00a0 \u00a0 \u00a0 \u00a0 \u00a0 \u00a0 \u00a0 \u00a0 \u00a0 \u00a0 \u00a0 \u00a0 \u00a0 \u00a0 \u00a0 \u00a0 \u00a0 \u00a0 \u00a0 \u00a0 \u00a0 \u00a0 \u00a0 \u00a0 \u00a0 240cmUpx120UP<\/span><\/td>\n<\/tr>\n<tr style=\"height: 21px;\">\n<td style=\"border: 1px solid #b3b3b3; width: 595.066px;\"><span style=\"font-family: arial, helvetica, sans-serif; font-size: 14px;\">Des sp\u00e9cifications personnalis\u00e9es sont disponibles<\/span><\/td>\n<\/tr>\n<tr style=\"height: 21px;\">\n<td style=\"border: 1px solid #b3b3b3; width: 162px;\"><strong><span style=\"font-family: arial, helvetica, sans-serif; font-size: 14px;\">Tol\u00e9rance d'\u00e9paisseur :<\/span><\/strong><\/td>\n<td style=\"border: 1px solid #b3b3b3; width: 595.066px;\"><span style=\"font-size: 14px; font-family: arial, helvetica, sans-serif;\">\u00b10,05mm, \u00b11mm, \u00b11,5mm, \u00b12mm, selon les exigences de qualit\u00e9 du client<\/span><\/td>\n<\/tr>\n<tr style=\"height: 21px;\">\n<td style=\"border: 1px solid #b3b3b3; width: 162px;\"><strong><span style=\"font-family: arial, helvetica, sans-serif; font-size: 14px;\">Surface :<\/span><\/strong><\/td>\n<td style=\"border: 1px solid #b3b3b3; width: 595.066px;\"><span style=\"font-size: 14px; font-family: arial, helvetica, sans-serif;\">Poli, adouci, assorti au livre, antique, rainur\u00e9, bross\u00e9, d\u00e9cap\u00e9, sabl\u00e9, jet d'eau, etc.<\/span><\/td>\n<\/tr>\n<tr style=\"height: auto;\">\n<td style=\"border: 1px solid #b3b3b3; width: 162px;\"><strong><span style=\"font-family: arial, helvetica, sans-serif; font-size: 14px;\">Emballage :<\/span><\/strong><\/td>\n<td style=\"border: 1px solid #b3b3b3; width: 595.066px;\"><span style=\"font-family: arial, helvetica, sans-serif; font-size: 14px;\"> Fardeaux et caisses en bois en \u00e9tat de navigabilit\u00e9<\/span><\/td>\n<\/tr>\n<tr style=\"height: 21px;\">\n<td style=\"border: 1px solid #b3b3b3; width: 162px;\"><strong><span style=\"font-family: arial, helvetica, sans-serif; font-size: 14px;\">Application :<\/span><\/strong><\/td>\n<td style=\"border: 1px solid #b3b3b3; width: 595.066px;\"><span style=\"font-family: arial, helvetica, sans-serif; font-size: 14px;\">Mur int\u00e9rieur, sol, plinthe, mur de fond, comptoir, escalier, etc.<\/span><\/td>\n<\/tr>\n<tr style=\"height: 21px;\">\n<td style=\"border: 1px solid #b3b3b3; width: 162px;\"><strong><span style=\"font-family: arial, helvetica, sans-serif; font-size: 14px;\">D\u00e9lai de livraison :<\/span><\/strong><\/td>\n<td style=\"border: 1px solid #b3b3b3; width: 595.066px;\"><span style=\"font-family: arial, helvetica, sans-serif; font-size: 14px;\"> 15-20 jours pour les tailles normales<\/span><\/td>\n<\/tr>\n<tr style=\"height: 21px;\">\n<td style=\"border: 1px solid #b3b3b3; width: 162px;\"><strong><span style=\"font-family: arial, helvetica, sans-serif; font-size: 14px;\">Certificat :<\/span><\/strong><\/td>\n<td style=\"border: 1px solid #b3b3b3; width: 595.066px;\"><span style=\"font-family: arial, helvetica, sans-serif; font-size: 14px;\">CE, SGS<\/span><\/td>\n<\/tr>\n<tr style=\"height: 21px;\">\n<td style=\"border: 1px solid #b3b3b3; width: 162px;\"><strong><span style=\"font-family: arial, helvetica, sans-serif; font-size: 14px;\">Conditions de paiement :<\/span><\/strong><\/td>\n<td style=\"border: 1px solid #b3b3b3; width: 595.066px;\"><span style=\"font-family: arial, helvetica, sans-serif; font-size: 14px;\">T\/T, L\/C, D\/P<\/span><\/td>\n<\/tr>\n<tr style=\"height: 42px;\">\n<td style=\"border: 1px solid #b3b3b3; width: 162px;\"><strong><span style=\"font-family: arial, helvetica, sans-serif; font-size: 14px;\">Avantage :<\/span><\/strong><\/td>\n<td style=\"border: 1px solid #b3b3b3; width: 595.066px;\"><span style=\"font-family: arial, helvetica, sans-serif; font-size: 14px;\">1) Service unique pour la pierre ;<\/span><\/p>\n<p><span style=\"font-family: arial, helvetica, sans-serif; font-size: 14px;\">2) Poss\u00e9der 3 carri\u00e8res et 9 usines ;<\/span><\/p>\n<p><span style=\"font-family: arial, helvetica, sans-serif; font-size: 14px;\">3) Des supports technologiques de pointe.<\/span><\/td>\n<\/tr>\n<tr style=\"height: 42px;\">\n<td style=\"border: 1px solid #b3b3b3; width: 162px;\"><strong><span style=\"font-family: arial, helvetica, sans-serif; font-size: 14px;\">Assurance de la qualit\u00e9 et de la livraison :\u00a0<\/span><\/strong><\/td>\n<td style=\"border: 1px solid #b3b3b3; width: 595.066px;\"><span style=\"font-family: arial, helvetica, sans-serif; font-size: 14px;\">Tout au long du processus de production, du choix des mat\u00e9riaux \u00e0 l'emballage en passant par la fabrication, notre service de contr\u00f4le de la qualit\u00e9 contr\u00f4le rigoureusement chaque pi\u00e8ce et chaque processus afin de garantir le respect des normes de qualit\u00e9 et le respect des d\u00e9lais de livraison.<\/span><\/td>\n<\/tr>\n<\/tbody>\n<\/table>\n<p><img loading=\"lazy\" decoding=\"async\" class=\"alignnone size-full wp-image-25813\" src=\"http:\/\/stone-phoenix.com\/wp-content\/uploads\/2023\/12\/Marble-Import-From-Turkey-For-Flooring-4.jpg\" alt=\"\" width=\"868\" height=\"874\" srcset=\"https:\/\/stone-phoenix.com\/wp-content\/uploads\/2023\/12\/Marble-Import-From-Turkey-For-Flooring-4.jpg 868w, https:\/\/stone-phoenix.com\/wp-content\/uploads\/2023\/12\/Marble-Import-From-Turkey-For-Flooring-4-298x300.jpg 298w, https:\/\/stone-phoenix.com\/wp-content\/uploads\/2023\/12\/Marble-Import-From-Turkey-For-Flooring-4-150x151.jpg 150w, https:\/\/stone-phoenix.com\/wp-content\/uploads\/2023\/12\/Marble-Import-From-Turkey-For-Flooring-4-768x773.jpg 768w, https:\/\/stone-phoenix.com\/wp-content\/uploads\/2023\/12\/Marble-Import-From-Turkey-For-Flooring-4-12x12.jpg 12w, https:\/\/stone-phoenix.com\/wp-content\/uploads\/2023\/12\/Marble-Import-From-Turkey-For-Flooring-4-600x604.jpg 600w\" sizes=\"(max-width: 868px) 100vw, 868px\" \/><img loading=\"lazy\" decoding=\"async\" class=\"alignnone  wp-image-25815\" src=\"http:\/\/stone-phoenix.com\/wp-content\/uploads\/2023\/12\/Marble-Import-From-Turkey-For-Flooring-5.jpg\" alt=\"\" width=\"867\" height=\"876\" srcset=\"https:\/\/stone-phoenix.com\/wp-content\/uploads\/2023\/12\/Marble-Import-From-Turkey-For-Flooring-5.jpg 852w, https:\/\/stone-phoenix.com\/wp-content\/uploads\/2023\/12\/Marble-Import-From-Turkey-For-Flooring-5-297x300.jpg 297w, https:\/\/stone-phoenix.com\/wp-content\/uploads\/2023\/12\/Marble-Import-From-Turkey-For-Flooring-5-768x776.jpg 768w, https:\/\/stone-phoenix.com\/wp-content\/uploads\/2023\/12\/Marble-Import-From-Turkey-For-Flooring-5-12x12.jpg 12w, https:\/\/stone-phoenix.com\/wp-content\/uploads\/2023\/12\/Marble-Import-From-Turkey-For-Flooring-5-600x606.jpg 600w, https:\/\/stone-phoenix.com\/wp-content\/uploads\/2023\/12\/Marble-Import-From-Turkey-For-Flooring-5-150x152.jpg 150w\" sizes=\"(max-width: 867px) 100vw, 867px\" \/><br \/>\n<img loading=\"lazy\" decoding=\"async\" class=\"alignnone  wp-image-25816\" src=\"http:\/\/stone-phoenix.com\/wp-content\/uploads\/2023\/12\/Marble-Import-From-Turkey-For-Flooring-6.jpg\" alt=\"\" width=\"867\" height=\"885\" srcset=\"https:\/\/stone-phoenix.com\/wp-content\/uploads\/2023\/12\/Marble-Import-From-Turkey-For-Flooring-6.jpg 768w, https:\/\/stone-phoenix.com\/wp-content\/uploads\/2023\/12\/Marble-Import-From-Turkey-For-Flooring-6-294x300.jpg 294w, https:\/\/stone-phoenix.com\/wp-content\/uploads\/2023\/12\/Marble-Import-From-Turkey-For-Flooring-6-12x12.jpg 12w, https:\/\/stone-phoenix.com\/wp-content\/uploads\/2023\/12\/Marble-Import-From-Turkey-For-Flooring-6-600x613.jpg 600w, https:\/\/stone-phoenix.com\/wp-content\/uploads\/2023\/12\/Marble-Import-From-Turkey-For-Flooring-6-150x153.jpg 150w\" sizes=\"(max-width: 867px) 100vw, 867px\" \/><\/p>\n<\/div>\n<\/div>\n<\/div>","protected":false},"excerpt":{"rendered":"<p>marble import from turkey Marble import from turkey is really a good choice for your home and garden. The natural<\/p>","protected":false},"featured_media":25811,"template":"","meta":[],"product_cat":[113],"product_tag":[],"_links":{"self":[{"href":"https:\/\/stone-phoenix.com\/fr\/wp-json\/wp\/v2\/product\/21782"}],"collection":[{"href":"https:\/\/stone-phoenix.com\/fr\/wp-json\/wp\/v2\/product"}],"about":[{"href":"https:\/\/stone-phoenix.com\/fr\/wp-json\/wp\/v2\/types\/product"}],"wp:featuredmedia":[{"embeddable":true,"href":"https:\/\/stone-phoenix.com\/fr\/wp-json\/wp\/v2\/media\/25811"}],"wp:attachment":[{"href":"https:\/\/stone-phoenix.com\/fr\/wp-json\/wp\/v2\/media?parent=21782"}],"wp:term":[{"taxonomy":"product_cat","embeddable":true,"href":"https:\/\/stone-phoenix.com\/fr\/wp-json\/wp\/v2\/product_cat?post=21782"},{"taxonomy":"product_tag","embeddable":true,"href":"https:\/\/stone-phoenix.com\/fr\/wp-json\/wp\/v2\/product_tag?post=21782"}],"curies":[{"name":"wp","href":"https:\/\/api.w.org\/{rel}","templated":true}]}}