{"id":21787,"date":"2023-12-29T21:33:48","date_gmt":"2023-12-29T13:33:48","guid":{"rendered":"http:\/\/stone-phoenix.com\/product\/marble-outdoor-travertine-wall-stone"},"modified":"2024-03-23T22:56:21","modified_gmt":"2024-03-23T14:56:21","slug":"marble-outdoor-travertine-wall-stone","status":"publish","type":"product","link":"https:\/\/stone-phoenix.com\/fr\/produit\/marble-outdoor-travertine-wall-stone","title":{"rendered":"Marbre Ext\u00e9rieur Travertin Pierre murale"},"content":{"rendered":"<div id=\"tab-description\" class=\"woocommerce-Tabs-panel woocommerce-Tabs-panel--description panel entry-content wc-tab\" role=\"tabpanel\" aria-labelledby=\"tab-title-description\">\n<h2>marbre ext\u00e9rieur<\/h2>\n<p>Le marbre ext\u00e9rieur est un nouveau produit en pierre de premi\u00e8re qualit\u00e9 dans le monde. Le marbre ext\u00e9rieur est une sorte de panneau de protection naturelle, il peut \u00eatre utilis\u00e9 pour les murs int\u00e9rieurs ou ext\u00e9rieurs et les mat\u00e9riaux de rev\u00eatement de sol. Le marbre ext\u00e9rieur est un produit qui entre dans la cat\u00e9gorie du marbre. Les produits en marbre sont g\u00e9n\u00e9ralement utilis\u00e9s \u00e0 l'ext\u00e9rieur ou \u00e0 l'int\u00e9rieur, mais rarement \u00e0 l'int\u00e9rieur. Il existe une grande vari\u00e9t\u00e9 de designs et de tailles, et vous pouvez choisir celui qui convient le mieux \u00e0 votre maison. Il est solide, r\u00e9sistant aux rayures et aux taches. Cette pierre naturelle a une longue esp\u00e9rance de vie, et son entretien est extr\u00eamement facile - il suffit de la laver avec une brosse \u00e0 poils doux ou un balai.Le marbre d'ext\u00e9rieur est un magnifique reflet de la beaut\u00e9 classique de la pierre naturelle qui peut \u00eatre utilis\u00e9 dans de multiples endroits de la maison. L'\u00e9l\u00e9gance, l'intemporalit\u00e9 et la durabilit\u00e9 du marbre en font un ajout \u00e9tonnant \u00e0 n'importe quelle maison.Nos carreaux d'ext\u00e9rieur en marbre sont parfaits pour n'importe quel endroit \u00e0 l'ext\u00e9rieur de votre maison.Nous sommes les principaux fournisseurs de marbre au Bangladesh. Nous fournissons toutes sortes de marbre comme le travertin, le marbre sculpt\u00e9 et ainsi de suite.<\/p>\n<div id=\"ali-anchor-AliPostDhMb-qkngg\" style=\"padding-top: 8px;\" data-section=\"AliPostDhMb-qkngg\" data-section-title=\"Product Description\">\n<div id=\"ali-title-AliPostDhMb-qkngg\" style=\"padding: 8px 0; border-bottom: 1px solid #ddd;\"><span style=\"background-color: #ddd; color: #333; font-weight: bold; padding: 8px 10px; line-height: 12px;\">Description du produit<\/span><\/div>\n<div style=\"padding: 10px 0;\">\n<table class=\"aliDataTable\" style=\"color: #000000; font-family: Arial; font-size: 12px; font-style: normal; font-weight: 400; background-color: #ffffff; width: 746.066px; height: 226px; border: 1px solid #b3b3b3;\">\n<tbody>\n<tr style=\"height: 21px;\">\n<td style=\"border: 1px solid #b3b3b3; width: 162px;\"><strong><span style=\"font-family: arial, helvetica, sans-serif; font-size: 14px;\">Nom du produit :<\/span><\/strong><\/td>\n<td style=\"border: 1px solid #b3b3b3; width: 595.066px;\"><span style=\"font-family: arial, helvetica, sans-serif; font-size: 14px;\">Marbre divers<\/span><\/td>\n<\/tr>\n<tr style=\"height: 21px;\">\n<td style=\"border: 1px solid #b3b3b3; width: 162px;\"><strong><span style=\"font-family: arial, helvetica, sans-serif; font-size: 14px;\">Mat\u00e9riau :<\/span><\/strong><\/td>\n<td style=\"border: 1px solid #b3b3b3; width: 595.066px;\"><span style=\"font-family: arial, helvetica, sans-serif; font-size: 14px;\">Marbre<\/span><\/td>\n<\/tr>\n<tr style=\"height: 21px;\">\n<td style=\"border: 1px solid #b3b3b3; width: 162px;\"><strong><span style=\"font-family: arial, helvetica, sans-serif; font-size: 14px;\">Couleur :<\/span><\/strong><\/td>\n<td style=\"border: 1px solid #b3b3b3; width: 595.066px;\"><span style=\"font-family: arial, helvetica, sans-serif; font-size: 14px;\">Blanc, beige, noir, marron, gris, rouge, vert, bleu, etc.<\/span><\/td>\n<\/tr>\n<tr style=\"height: 21px;\">\n<td style=\"border: 1px solid #b3b3b3; width: 162px;\" rowspan=\"3\"><strong><span style=\"font-family: arial, helvetica, sans-serif; font-size: 14px;\">Taille :<\/span><\/strong><\/td>\n<td style=\"border: 1px solid #b3b3b3; width: 595.066px;\"><span style=\"font-family: arial, helvetica, sans-serif; font-size: 14px;\"><span style=\"text-decoration: underline;\">Carreaux disponibles<\/span> <\/span><br \/>\n<span style=\"font-family: arial, helvetica, sans-serif; font-size: 14px;\">12\u2032 X 12\u2033,24\u2032 X 24\u2033,12\u2032 X 24\u2033,etc 300x300mm,300x600mm,400x400mm,600x600mm,600\u00d71200,800\u00d7800,etc<\/span><\/td>\n<\/tr>\n<tr style=\"height: 21px;\">\n<td style=\"border: 1px solid #b3b3b3; width: 595.066px;\"><span style=\"font-family: arial, helvetica, sans-serif; font-size: 14px;\"><span style=\"text-decoration: underline;\">Grandes dalles disponibles<\/span>\u00a0 \u00a0 \u00a0 \u00a0 \u00a0 \u00a0 \u00a0 \u00a0 \u00a0 \u00a0 \u00a0 \u00a0 \u00a0 \u00a0 \u00a0 \u00a0 \u00a0 \u00a0 \u00a0 \u00a0 \u00a0 \u00a0 \u00a0 \u00a0 \u00a0 \u00a0 \u00a0 \u00a0 \u00a0 \u00a0 \u00a0 \u00a0 \u00a0 \u00a0 \u00a0 \u00a0 \u00a0 \u00a0 \u00a0 \u00a0 \u00a0 \u00a0 \u00a0 \u00a0 \u00a0 \u00a0 \u00a0 \u00a0 \u00a0 \u00a0 \u00a0 \u00a0 \u00a0 240cmUpx120UP<\/span><\/td>\n<\/tr>\n<tr style=\"height: 21px;\">\n<td style=\"border: 1px solid #b3b3b3; width: 595.066px;\"><span style=\"font-family: arial, helvetica, sans-serif; font-size: 14px;\">Des sp\u00e9cifications personnalis\u00e9es sont disponibles<\/span><\/td>\n<\/tr>\n<tr style=\"height: 21px;\">\n<td style=\"border: 1px solid #b3b3b3; width: 162px;\"><strong><span style=\"font-family: arial, helvetica, sans-serif; font-size: 14px;\">Tol\u00e9rance d'\u00e9paisseur :<\/span><\/strong><\/td>\n<td style=\"border: 1px solid #b3b3b3; width: 595.066px;\"><span style=\"font-size: 14px; font-family: arial, helvetica, sans-serif;\">\u00b10,05mm, \u00b11mm, \u00b11,5mm, \u00b12mm, selon les exigences de qualit\u00e9 du client<\/span><\/td>\n<\/tr>\n<tr style=\"height: 21px;\">\n<td style=\"border: 1px solid #b3b3b3; width: 162px;\"><strong><span style=\"font-family: arial, helvetica, sans-serif; font-size: 14px;\">Surface :<\/span><\/strong><\/td>\n<td style=\"border: 1px solid #b3b3b3; width: 595.066px;\"><span style=\"font-size: 14px; font-family: arial, helvetica, sans-serif;\">Poli, adouci, assorti au livre, antique, rainur\u00e9, bross\u00e9, d\u00e9cap\u00e9, sabl\u00e9, jet d'eau, etc.<\/span><\/td>\n<\/tr>\n<tr style=\"height: auto;\">\n<td style=\"border: 1px solid #b3b3b3; width: 162px;\"><strong><span style=\"font-family: arial, helvetica, sans-serif; font-size: 14px;\">Emballage :<\/span><\/strong><\/td>\n<td style=\"border: 1px solid #b3b3b3; width: 595.066px;\"><span style=\"font-family: arial, helvetica, sans-serif; font-size: 14px;\"> Fardeaux et caisses en bois en \u00e9tat de navigabilit\u00e9<\/span><\/td>\n<\/tr>\n<tr style=\"height: 21px;\">\n<td style=\"border: 1px solid #b3b3b3; width: 162px;\"><strong><span style=\"font-family: arial, helvetica, sans-serif; font-size: 14px;\">Application :<\/span><\/strong><\/td>\n<td style=\"border: 1px solid #b3b3b3; width: 595.066px;\"><span style=\"font-family: arial, helvetica, sans-serif; font-size: 14px;\">Mur int\u00e9rieur, sol, plinthe, mur de fond, comptoir, escalier, etc.<\/span><\/td>\n<\/tr>\n<tr style=\"height: 21px;\">\n<td style=\"border: 1px solid #b3b3b3; width: 162px;\"><strong><span style=\"font-family: arial, helvetica, sans-serif; font-size: 14px;\">D\u00e9lai de livraison :<\/span><\/strong><\/td>\n<td style=\"border: 1px solid #b3b3b3; width: 595.066px;\"><span style=\"font-family: arial, helvetica, sans-serif; font-size: 14px;\"> 15-20 jours pour les tailles normales<\/span><\/td>\n<\/tr>\n<tr style=\"height: 21px;\">\n<td style=\"border: 1px solid #b3b3b3; width: 162px;\"><strong><span style=\"font-family: arial, helvetica, sans-serif; font-size: 14px;\">Certificat :<\/span><\/strong><\/td>\n<td style=\"border: 1px solid #b3b3b3; width: 595.066px;\"><span style=\"font-family: arial, helvetica, sans-serif; font-size: 14px;\">CE, SGS<\/span><\/td>\n<\/tr>\n<tr style=\"height: 21px;\">\n<td style=\"border: 1px solid #b3b3b3; width: 162px;\"><strong><span style=\"font-family: arial, helvetica, sans-serif; font-size: 14px;\">Conditions de paiement :<\/span><\/strong><\/td>\n<td style=\"border: 1px solid #b3b3b3; width: 595.066px;\"><span style=\"font-family: arial, helvetica, sans-serif; font-size: 14px;\">T\/T, L\/C, D\/P<\/span><\/td>\n<\/tr>\n<tr style=\"height: 42px;\">\n<td style=\"border: 1px solid #b3b3b3; width: 162px;\"><strong><span style=\"font-family: arial, helvetica, sans-serif; font-size: 14px;\">Avantage :<\/span><\/strong><\/td>\n<td style=\"border: 1px solid #b3b3b3; width: 595.066px;\"><span style=\"font-family: arial, helvetica, sans-serif; font-size: 14px;\">1) Service unique pour la pierre ;<\/span><\/p>\n<p><span style=\"font-family: arial, helvetica, sans-serif; font-size: 14px;\">2) Poss\u00e9der 3 carri\u00e8res et 9 usines ;<\/span><\/p>\n<p><span style=\"font-family: arial, helvetica, sans-serif; font-size: 14px;\">3) Des supports technologiques de pointe.<\/span><\/td>\n<\/tr>\n<tr style=\"height: 42px;\">\n<td style=\"border: 1px solid #b3b3b3; width: 162px;\"><strong><span style=\"font-family: arial, helvetica, sans-serif; font-size: 14px;\">Assurance de la qualit\u00e9 et de la livraison :\u00a0<\/span><\/strong><\/td>\n<td style=\"border: 1px solid #b3b3b3; width: 595.066px;\"><span style=\"font-family: arial, helvetica, sans-serif; font-size: 14px;\">Tout au long du processus de production, du choix des mat\u00e9riaux \u00e0 l'emballage en passant par la fabrication, notre service de contr\u00f4le de la qualit\u00e9 contr\u00f4le rigoureusement chaque pi\u00e8ce et chaque processus afin de garantir le respect des normes de qualit\u00e9 et le respect des d\u00e9lais de livraison.<\/span><\/td>\n<\/tr>\n<\/tbody>\n<\/table>\n<p><img loading=\"lazy\" decoding=\"async\" class=\"alignnone size-full wp-image-25806\" src=\"http:\/\/stone-phoenix.com\/wp-content\/uploads\/2023\/12\/Marble-Outdoor-Travertine-Wall-Stone-4.jpg\" alt=\"\" width=\"1123\" height=\"843\" srcset=\"https:\/\/stone-phoenix.com\/wp-content\/uploads\/2023\/12\/Marble-Outdoor-Travertine-Wall-Stone-4.jpg 1123w, https:\/\/stone-phoenix.com\/wp-content\/uploads\/2023\/12\/Marble-Outdoor-Travertine-Wall-Stone-4-300x225.jpg 300w, https:\/\/stone-phoenix.com\/wp-content\/uploads\/2023\/12\/Marble-Outdoor-Travertine-Wall-Stone-4-1024x769.jpg 1024w, https:\/\/stone-phoenix.com\/wp-content\/uploads\/2023\/12\/Marble-Outdoor-Travertine-Wall-Stone-4-768x577.jpg 768w, https:\/\/stone-phoenix.com\/wp-content\/uploads\/2023\/12\/Marble-Outdoor-Travertine-Wall-Stone-4-16x12.jpg 16w, https:\/\/stone-phoenix.com\/wp-content\/uploads\/2023\/12\/Marble-Outdoor-Travertine-Wall-Stone-4-600x450.jpg 600w, https:\/\/stone-phoenix.com\/wp-content\/uploads\/2023\/12\/Marble-Outdoor-Travertine-Wall-Stone-4-150x113.jpg 150w\" sizes=\"(max-width: 1123px) 100vw, 1123px\" \/><img loading=\"lazy\" decoding=\"async\" class=\"alignnone size-full wp-image-25808\" src=\"http:\/\/stone-phoenix.com\/wp-content\/uploads\/2023\/12\/Marble-Outdoor-Travertine-Wall-Stone-5.jpg\" alt=\"\" width=\"1117\" height=\"829\" srcset=\"https:\/\/stone-phoenix.com\/wp-content\/uploads\/2023\/12\/Marble-Outdoor-Travertine-Wall-Stone-5.jpg 1117w, https:\/\/stone-phoenix.com\/wp-content\/uploads\/2023\/12\/Marble-Outdoor-Travertine-Wall-Stone-5-300x223.jpg 300w, https:\/\/stone-phoenix.com\/wp-content\/uploads\/2023\/12\/Marble-Outdoor-Travertine-Wall-Stone-5-1024x760.jpg 1024w, https:\/\/stone-phoenix.com\/wp-content\/uploads\/2023\/12\/Marble-Outdoor-Travertine-Wall-Stone-5-768x570.jpg 768w, https:\/\/stone-phoenix.com\/wp-content\/uploads\/2023\/12\/Marble-Outdoor-Travertine-Wall-Stone-5-16x12.jpg 16w, https:\/\/stone-phoenix.com\/wp-content\/uploads\/2023\/12\/Marble-Outdoor-Travertine-Wall-Stone-5-600x445.jpg 600w, https:\/\/stone-phoenix.com\/wp-content\/uploads\/2023\/12\/Marble-Outdoor-Travertine-Wall-Stone-5-150x111.jpg 150w\" sizes=\"(max-width: 1117px) 100vw, 1117px\" \/><img loading=\"lazy\" decoding=\"async\" class=\"alignnone wp-image-25809\" src=\"http:\/\/stone-phoenix.com\/wp-content\/uploads\/2023\/12\/Marble-Outdoor-Travertine-Wall-Stone-6.jpg\" alt=\"\" width=\"955\" height=\"1277\" srcset=\"https:\/\/stone-phoenix.com\/wp-content\/uploads\/2023\/12\/Marble-Outdoor-Travertine-Wall-Stone-6.jpg 841w, https:\/\/stone-phoenix.com\/wp-content\/uploads\/2023\/12\/Marble-Outdoor-Travertine-Wall-Stone-6-224x300.jpg 224w, https:\/\/stone-phoenix.com\/wp-content\/uploads\/2023\/12\/Marble-Outdoor-Travertine-Wall-Stone-6-765x1024.jpg 765w, https:\/\/stone-phoenix.com\/wp-content\/uploads\/2023\/12\/Marble-Outdoor-Travertine-Wall-Stone-6-768x1027.jpg 768w, https:\/\/stone-phoenix.com\/wp-content\/uploads\/2023\/12\/Marble-Outdoor-Travertine-Wall-Stone-6-9x12.jpg 9w, https:\/\/stone-phoenix.com\/wp-content\/uploads\/2023\/12\/Marble-Outdoor-Travertine-Wall-Stone-6-600x803.jpg 600w, https:\/\/stone-phoenix.com\/wp-content\/uploads\/2023\/12\/Marble-Outdoor-Travertine-Wall-Stone-6-150x201.jpg 150w\" sizes=\"(max-width: 955px) 100vw, 955px\" \/><\/p>\n<\/div>\n<\/div>\n<\/div>","protected":false},"excerpt":{"rendered":"<p>marble outdoor marble outdoor is a new premium stone product in the world marble outdoor is a kind of natural<\/p>","protected":false},"featured_media":25803,"template":"","meta":[],"product_cat":[113],"product_tag":[],"_links":{"self":[{"href":"https:\/\/stone-phoenix.com\/fr\/wp-json\/wp\/v2\/product\/21787"}],"collection":[{"href":"https:\/\/stone-phoenix.com\/fr\/wp-json\/wp\/v2\/product"}],"about":[{"href":"https:\/\/stone-phoenix.com\/fr\/wp-json\/wp\/v2\/types\/product"}],"wp:featuredmedia":[{"embeddable":true,"href":"https:\/\/stone-phoenix.com\/fr\/wp-json\/wp\/v2\/media\/25803"}],"wp:attachment":[{"href":"https:\/\/stone-phoenix.com\/fr\/wp-json\/wp\/v2\/media?parent=21787"}],"wp:term":[{"taxonomy":"product_cat","embeddable":true,"href":"https:\/\/stone-phoenix.com\/fr\/wp-json\/wp\/v2\/product_cat?post=21787"},{"taxonomy":"product_tag","embeddable":true,"href":"https:\/\/stone-phoenix.com\/fr\/wp-json\/wp\/v2\/product_tag?post=21787"}],"curies":[{"name":"wp","href":"https:\/\/api.w.org\/{rel}","templated":true}]}}