{"id":21792,"date":"2023-12-29T21:34:11","date_gmt":"2023-12-29T13:34:11","guid":{"rendered":"http:\/\/stone-phoenix.com\/product\/marble-staircase-flooring-of-tiles"},"modified":"2024-03-23T22:42:30","modified_gmt":"2024-03-23T14:42:30","slug":"marble-staircase-flooring-of-tiles","status":"publish","type":"product","link":"https:\/\/stone-phoenix.com\/fr\/produit\/marble-staircase-flooring-of-tiles","title":{"rendered":"Escalier en marbre Rev\u00eatement de sol en carreaux"},"content":{"rendered":"<div id=\"tab-description\" class=\"woocommerce-Tabs-panel woocommerce-Tabs-panel--description panel entry-content wc-tab\" role=\"tabpanel\" aria-labelledby=\"tab-title-description\">\n<h2>Rev\u00eatement de sol en carrelage et marbre pour l'int\u00e9rieur et l'ext\u00e9rieur Escalier en marbre<\/h2>\n<p>Notre escalier en marbre est un excellent compl\u00e9ment \u00e0 tout couloir. Disponibles dans une vari\u00e9t\u00e9 de couleurs et de finitions, nos escaliers en marbre sur mesure sont la pi\u00e8ce parfaite pour votre maison.<\/p>\n<p>Le marbre est un mat\u00e9riau naturel dont la couleur, les veines et les marques peuvent varier. Nos escaliers en marbre ajouteront \u00e0 coup s\u00fbr une touche d'\u00e9l\u00e9gance et de style \u00e0 votre maison. Cet escalier en marbre blanc est le moyen id\u00e9al d'ajouter une touche luxueuse \u00e0 votre maison.<\/p>\n<p>Les marches en marbre sont incurv\u00e9es pour donner une impression d'\u00e9l\u00e9gance et de continuit\u00e9, tandis que les marches en bois sont tout aussi belles, avec une l\u00e9g\u00e8re mont\u00e9e qui ajoute de la profondeur et de l'int\u00e9r\u00eat visuel \u00e0 chaque marche. Fabriqu\u00e9 par des artisans soigneusement s\u00e9lectionn\u00e9s, la beaut\u00e9 de ce magnifique escalier est un t\u00e9moignage de ses artisans.<\/p>\n<div id=\"ali-title-AliPostDhMb-qkngg\" style=\"padding: 8px 0; border-bottom: 1px solid #ddd;\"><span style=\"background-color: #ddd; color: #333; font-weight: bold; padding: 8px 10px; line-height: 12px;\">Description du produit<\/span><\/div>\n<div style=\"padding: 10px 0;\">\n<table class=\"aliDataTable\" style=\"color: #000000; font-family: Arial; font-size: 12px; font-style: normal; font-weight: 400; background-color: #ffffff; width: 746.066px; height: 226px; border: 1px solid #b3b3b3;\">\n<tbody>\n<tr style=\"height: 21px;\">\n<td style=\"border: 1px solid #b3b3b3; width: 162px;\"><strong><span style=\"font-family: arial, helvetica, sans-serif; font-size: 14px;\">Mat\u00e9riau :<\/span><\/strong><\/td>\n<td style=\"border: 1px solid #b3b3b3; width: 595.066px;\">Calcite<\/td>\n<\/tr>\n<tr style=\"height: 21px;\">\n<td style=\"border: 1px solid #b3b3b3; width: 162px;\"><strong><span style=\"font-family: arial, helvetica, sans-serif; font-size: 14px;\">Couleur :<\/span><\/strong><\/td>\n<td style=\"border: 1px solid #b3b3b3; width: 595.066px;\"><span style=\"font-family: arial, helvetica, sans-serif; font-size: 14px;\">Blanc, beige, noir, marron, gris, rouge, vert, bleu, etc.<\/span><\/td>\n<\/tr>\n<tr style=\"height: 21px;\">\n<td style=\"border: 1px solid #b3b3b3; width: 162px;\" rowspan=\"3\"><strong><span style=\"font-family: arial, helvetica, sans-serif; font-size: 14px;\">Taille :<\/span><\/strong><\/td>\n<td style=\"border: 1px solid #b3b3b3; width: 595.066px;\"><span style=\"font-family: arial, helvetica, sans-serif; font-size: 14px;\"><span style=\"text-decoration: underline;\">Carreaux disponibles<\/span> <\/span><br \/>\n<span style=\"font-family: arial, helvetica, sans-serif; font-size: 14px;\">12\u2032 X 12\u2033,24\u2032 X 24\u2033,12\u2032 X 24\u2033,etc 300x300mm,300x600mm,400x400mm,600x600mm,600\u00d71200,800\u00d7800,etc<\/span><\/td>\n<\/tr>\n<tr style=\"height: 21px;\">\n<td style=\"border: 1px solid #b3b3b3; width: 595.066px;\"><span style=\"font-family: arial, helvetica, sans-serif; font-size: 14px;\"><span style=\"text-decoration: underline;\">Grandes dalles disponibles<\/span>\u00a0 \u00a0 \u00a0 \u00a0 \u00a0 \u00a0 \u00a0 \u00a0 \u00a0 \u00a0 \u00a0 \u00a0 \u00a0 \u00a0 \u00a0 \u00a0 \u00a0 \u00a0 \u00a0 \u00a0 \u00a0 \u00a0 \u00a0 \u00a0 \u00a0 \u00a0 \u00a0 \u00a0 \u00a0 \u00a0 \u00a0 \u00a0 \u00a0 \u00a0 \u00a0 \u00a0 \u00a0 \u00a0 \u00a0 \u00a0 \u00a0 \u00a0 \u00a0 \u00a0 \u00a0 \u00a0 \u00a0 \u00a0 \u00a0 \u00a0 \u00a0 \u00a0 \u00a0 240cmUpx120UP<\/span><\/td>\n<\/tr>\n<tr style=\"height: 21px;\">\n<td style=\"border: 1px solid #b3b3b3; width: 595.066px;\"><span style=\"font-family: arial, helvetica, sans-serif; font-size: 14px;\">Des sp\u00e9cifications personnalis\u00e9es sont disponibles<\/span><\/td>\n<\/tr>\n<tr style=\"height: 21px;\">\n<td style=\"border: 1px solid #b3b3b3; width: 162px;\"><strong><span style=\"font-family: arial, helvetica, sans-serif; font-size: 14px;\">Tol\u00e9rance d'\u00e9paisseur :<\/span><\/strong><\/td>\n<td style=\"border: 1px solid #b3b3b3; width: 595.066px;\"><span style=\"font-size: 14px; font-family: arial, helvetica, sans-serif;\">\u00b10,05mm, \u00b11mm, \u00b11,5mm, \u00b12mm, selon les exigences de qualit\u00e9 du client<\/span><\/td>\n<\/tr>\n<tr style=\"height: 21px;\">\n<td style=\"border: 1px solid #b3b3b3; width: 162px;\"><strong><span style=\"font-family: arial, helvetica, sans-serif; font-size: 14px;\">Surface :<\/span><\/strong><\/td>\n<td style=\"border: 1px solid #b3b3b3; width: 595.066px;\"><span style=\"font-size: 14px; font-family: arial, helvetica, sans-serif;\">Poli, adouci, assorti au livre, antique, rainur\u00e9, bross\u00e9, d\u00e9cap\u00e9, sabl\u00e9, jet d'eau, etc.<\/span><\/td>\n<\/tr>\n<tr style=\"height: auto;\">\n<td style=\"border: 1px solid #b3b3b3; width: 162px;\"><strong><span style=\"font-family: arial, helvetica, sans-serif; font-size: 14px;\">Emballage :<\/span><\/strong><\/td>\n<td style=\"border: 1px solid #b3b3b3; width: 595.066px;\"><span style=\"font-family: arial, helvetica, sans-serif; font-size: 14px;\"> Fardeaux et caisses en bois en \u00e9tat de navigabilit\u00e9<\/span><\/td>\n<\/tr>\n<tr style=\"height: 21px;\">\n<td style=\"border: 1px solid #b3b3b3; width: 162px;\"><strong><span style=\"font-family: arial, helvetica, sans-serif; font-size: 14px;\">Application :<\/span><\/strong><\/td>\n<td style=\"border: 1px solid #b3b3b3; width: 595.066px;\"><span style=\"font-family: arial, helvetica, sans-serif; font-size: 14px;\">Mur int\u00e9rieur, sol, plinthe, mur de fond, comptoir, escalier, etc.<\/span><\/td>\n<\/tr>\n<tr style=\"height: 21px;\">\n<td style=\"border: 1px solid #b3b3b3; width: 162px;\"><strong><span style=\"font-family: arial, helvetica, sans-serif; font-size: 14px;\">D\u00e9lai de livraison :<\/span><\/strong><\/td>\n<td style=\"border: 1px solid #b3b3b3; width: 595.066px;\"><span style=\"font-family: arial, helvetica, sans-serif; font-size: 14px;\"> 15-20 jours pour les tailles normales<\/span><\/td>\n<\/tr>\n<tr style=\"height: 21px;\">\n<td style=\"border: 1px solid #b3b3b3; width: 162px;\"><strong><span style=\"font-family: arial, helvetica, sans-serif; font-size: 14px;\">Certificat :<\/span><\/strong><\/td>\n<td style=\"border: 1px solid #b3b3b3; width: 595.066px;\"><span style=\"font-family: arial, helvetica, sans-serif; font-size: 14px;\">CE, SGS<\/span><\/td>\n<\/tr>\n<tr style=\"height: 21px;\">\n<td style=\"border: 1px solid #b3b3b3; width: 162px;\"><strong><span style=\"font-family: arial, helvetica, sans-serif; font-size: 14px;\">Conditions de paiement :<\/span><\/strong><\/td>\n<td style=\"border: 1px solid #b3b3b3; width: 595.066px;\"><span style=\"font-family: arial, helvetica, sans-serif; font-size: 14px;\">T\/T, L\/C, D\/P<\/span><\/td>\n<\/tr>\n<tr style=\"height: 42px;\">\n<td style=\"border: 1px solid #b3b3b3; width: 162px;\"><strong><span style=\"font-family: arial, helvetica, sans-serif; font-size: 14px;\">Avantage :<\/span><\/strong><\/td>\n<td style=\"border: 1px solid #b3b3b3; width: 595.066px;\"><span style=\"font-family: arial, helvetica, sans-serif; font-size: 14px;\">1) Service unique pour la pierre ;<\/span><\/p>\n<p><span style=\"font-family: arial, helvetica, sans-serif; font-size: 14px;\">2) Poss\u00e9der 3 carri\u00e8res et 9 usines ;<\/span><\/p>\n<p><span style=\"font-family: arial, helvetica, sans-serif; font-size: 14px;\">3) Des supports technologiques de pointe.<\/span><\/td>\n<\/tr>\n<tr style=\"height: 42px;\">\n<td style=\"border: 1px solid #b3b3b3; width: 162px;\"><strong><span style=\"font-family: arial, helvetica, sans-serif; font-size: 14px;\">Assurance de la qualit\u00e9 et de la livraison :\u00a0<\/span><\/strong><\/td>\n<td style=\"border: 1px solid #b3b3b3; width: 595.066px;\"><span style=\"font-family: arial, helvetica, sans-serif; font-size: 14px;\">Tout au long du processus de production, du choix des mat\u00e9riaux \u00e0 l'emballage en passant par la fabrication, notre service de contr\u00f4le de la qualit\u00e9 contr\u00f4le rigoureusement chaque pi\u00e8ce et chaque processus afin de garantir le respect des normes de qualit\u00e9 et le respect des d\u00e9lais de livraison.<\/span><\/td>\n<\/tr>\n<\/tbody>\n<\/table>\n<\/div>\n<p><img loading=\"lazy\" decoding=\"async\" class=\"alignnone  wp-image-21794\" src=\"http:\/\/stone-phoenix.com\/wp-content\/uploads\/2023\/12\/1703885652.jpg\" width=\"953\" height=\"1271\" srcset=\"https:\/\/stone-phoenix.com\/wp-content\/uploads\/2023\/12\/1703885652.jpg 750w, https:\/\/stone-phoenix.com\/wp-content\/uploads\/2023\/12\/1703885652-225x300.jpg 225w, https:\/\/stone-phoenix.com\/wp-content\/uploads\/2023\/12\/1703885652-9x12.jpg 9w, https:\/\/stone-phoenix.com\/wp-content\/uploads\/2023\/12\/1703885652-600x800.jpg 600w, https:\/\/stone-phoenix.com\/wp-content\/uploads\/2023\/12\/1703885652-150x200.jpg 150w\" sizes=\"(max-width: 953px) 100vw, 953px\" \/><img loading=\"lazy\" decoding=\"async\" class=\"alignnone  wp-image-21795\" src=\"http:\/\/stone-phoenix.com\/wp-content\/uploads\/2023\/12\/1703885654.jpg\" width=\"953\" height=\"1191\" srcset=\"https:\/\/stone-phoenix.com\/wp-content\/uploads\/2023\/12\/1703885654.jpg 800w, https:\/\/stone-phoenix.com\/wp-content\/uploads\/2023\/12\/1703885654-240x300.jpg 240w, https:\/\/stone-phoenix.com\/wp-content\/uploads\/2023\/12\/1703885654-768x960.jpg 768w, https:\/\/stone-phoenix.com\/wp-content\/uploads\/2023\/12\/1703885654-10x12.jpg 10w, https:\/\/stone-phoenix.com\/wp-content\/uploads\/2023\/12\/1703885654-600x750.jpg 600w, https:\/\/stone-phoenix.com\/wp-content\/uploads\/2023\/12\/1703885654-150x188.jpg 150w\" sizes=\"(max-width: 953px) 100vw, 953px\" \/><img loading=\"lazy\" decoding=\"async\" class=\"alignnone  wp-image-21796\" src=\"http:\/\/stone-phoenix.com\/wp-content\/uploads\/2023\/12\/1703885655.jpg\" width=\"956\" height=\"1275\" srcset=\"https:\/\/stone-phoenix.com\/wp-content\/uploads\/2023\/12\/1703885655.jpg 750w, https:\/\/stone-phoenix.com\/wp-content\/uploads\/2023\/12\/1703885655-225x300.jpg 225w, https:\/\/stone-phoenix.com\/wp-content\/uploads\/2023\/12\/1703885655-9x12.jpg 9w, https:\/\/stone-phoenix.com\/wp-content\/uploads\/2023\/12\/1703885655-600x800.jpg 600w, https:\/\/stone-phoenix.com\/wp-content\/uploads\/2023\/12\/1703885655-150x200.jpg 150w\" sizes=\"(max-width: 956px) 100vw, 956px\" \/><img loading=\"lazy\" decoding=\"async\" class=\"alignnone size-full wp-image-21797\" src=\"http:\/\/stone-phoenix.com\/wp-content\/uploads\/2023\/12\/1703885656.jpg\" width=\"1000\" height=\"1000\" srcset=\"https:\/\/stone-phoenix.com\/wp-content\/uploads\/2023\/12\/1703885656.jpg 1000w, https:\/\/stone-phoenix.com\/wp-content\/uploads\/2023\/12\/1703885656-300x300.jpg 300w, https:\/\/stone-phoenix.com\/wp-content\/uploads\/2023\/12\/1703885656-150x150.jpg 150w, https:\/\/stone-phoenix.com\/wp-content\/uploads\/2023\/12\/1703885656-768x768.jpg 768w, https:\/\/stone-phoenix.com\/wp-content\/uploads\/2023\/12\/1703885656-12x12.jpg 12w, https:\/\/stone-phoenix.com\/wp-content\/uploads\/2023\/12\/1703885656-600x600.jpg 600w\" sizes=\"(max-width: 1000px) 100vw, 1000px\" \/><\/p>\n<p><a href=\"https:\/\/longtopstone.com\/product-category\/chinese-marble\/\">VOIR PLUS&gt;&gt;&gt;<\/a><\/p>\n<\/div>","protected":false},"excerpt":{"rendered":"<p>Flooring of tiles and marbles floor for indoor and outdoor Marble staircase Our marble staircase makes an excellent addition to<\/p>","protected":false},"featured_media":21793,"template":"","meta":[],"product_cat":[113],"product_tag":[],"_links":{"self":[{"href":"https:\/\/stone-phoenix.com\/fr\/wp-json\/wp\/v2\/product\/21792"}],"collection":[{"href":"https:\/\/stone-phoenix.com\/fr\/wp-json\/wp\/v2\/product"}],"about":[{"href":"https:\/\/stone-phoenix.com\/fr\/wp-json\/wp\/v2\/types\/product"}],"wp:featuredmedia":[{"embeddable":true,"href":"https:\/\/stone-phoenix.com\/fr\/wp-json\/wp\/v2\/media\/21793"}],"wp:attachment":[{"href":"https:\/\/stone-phoenix.com\/fr\/wp-json\/wp\/v2\/media?parent=21792"}],"wp:term":[{"taxonomy":"product_cat","embeddable":true,"href":"https:\/\/stone-phoenix.com\/fr\/wp-json\/wp\/v2\/product_cat?post=21792"},{"taxonomy":"product_tag","embeddable":true,"href":"https:\/\/stone-phoenix.com\/fr\/wp-json\/wp\/v2\/product_tag?post=21792"}],"curies":[{"name":"wp","href":"https:\/\/api.w.org\/{rel}","templated":true}]}}