{"id":21815,"date":"2023-12-29T21:35:50","date_gmt":"2023-12-29T13:35:50","guid":{"rendered":"http:\/\/stone-phoenix.com\/product\/nano-white-table-marble-high-quality-artificial-stone-slabs"},"modified":"2024-03-23T21:46:43","modified_gmt":"2024-03-23T13:46:43","slug":"nano-white-table-marble-high-quality-artificial-stone-slabs","status":"publish","type":"product","link":"https:\/\/stone-phoenix.com\/fr\/produit\/nano-white-table-marble-high-quality-artificial-stone-slabs","title":{"rendered":"Marbre de table nano blanc, dalles de pierre artificielle de haute qualit\u00e9"},"content":{"rendered":"<div id=\"tab-description\" class=\"woocommerce-Tabs-panel woocommerce-Tabs-panel--description panel entry-content wc-tab\" role=\"tabpanel\" aria-labelledby=\"tab-title-description\">\n<h2>marbre de table blanc nano dalles de pierre artificielle de haute qualit\u00e9<\/h2>\n<p>Le marbre de table nano white est un marbre luxueux \u00e0 grain fin, appr\u00e9ci\u00e9 des designers et des architectes pour son aspect lisse, sa couleur claire et sa r\u00e9sistance aux taches. Il peut \u00eatre utilis\u00e9 comme sol de cuisine solide ou comme \u00e9l\u00e9ment d'un \u00eelot de cuisine.<\/p>\n<p>Le nano blanc pr\u00e9sente de nombreuses variations de couleur, allant du gris clair au gris fonc\u00e9, ce qui donne un effet de non-transparence. Notre produit est disponible dans diff\u00e9rents designs et apporte une finition parfaite \u00e0 votre salle \u00e0 manger ou \u00e0 votre cuisine. Il est durable, facile \u00e0 nettoyer et ne n\u00e9cessite qu'un minimum d'entretien.<\/p>\n<p>Le nano-marbre blanc est plus durable et moins poreux que les autres types de pierre, ce qui signifie qu'il est plus r\u00e9sistant aux rayures et aux taches. Il est \u00e9galement l\u00e9ger, ce qui facilite son d\u00e9placement. La table nano white est devenue un \u00e9l\u00e9ment indispensable de la salle \u00e0 manger, car elle peut \u00eatre combin\u00e9e avec des canap\u00e9s, des chaises et du linge de maison.<\/p>\n<p>La table de salle \u00e0 manger en marbre blanc Nano s'int\u00e8gre parfaitement dans la plupart des types d'int\u00e9rieurs : vintage, antique et moderne, et est fabriqu\u00e9e \u00e0 partir de marbre de haute qualit\u00e9 et polie pour obtenir une finition de qualit\u00e9 meuble. Chaque pi\u00e8ce offre un design tr\u00e8s \u00e9l\u00e9gant qui attirera tous vos invit\u00e9s.<\/p>\n<div id=\"ali-anchor-AliPostDhMb-qkngg\" style=\"padding-top: 8px;\" data-section=\"AliPostDhMb-qkngg\" data-section-title=\"Product Description\">\n<div id=\"ali-title-AliPostDhMb-qkngg\" style=\"padding: 8px 0; border-bottom: 1px solid #ddd;\"><span style=\"background-color: #ddd; color: #333; font-weight: bold; padding: 8px 10px; line-height: 12px;\">Description du produit<\/span><\/div>\n<div style=\"padding: 10px 0;\">\n<table class=\"aliDataTable\" style=\"color: #000000; font-family: Arial; font-size: 12px; font-style: normal; font-weight: 400; background-color: #ffffff; width: 746.066px; height: 226px; border: 1px solid #b3b3b3;\">\n<tbody>\n<tr style=\"height: 21px;\">\n<td style=\"border: 1px solid #b3b3b3; width: 162px;\"><strong><span style=\"font-family: arial, helvetica, sans-serif; font-size: 14px;\">Nom du produit :<\/span><\/strong><\/td>\n<td style=\"border: 1px solid #b3b3b3; width: 595.066px;\">Marbre nano blanc de haute qualit\u00e9 pour table de salle \u00e0 manger dalles de pierre artificielle nano blanche<\/td>\n<\/tr>\n<tr style=\"height: 21px;\">\n<td style=\"border: 1px solid #b3b3b3; width: 162px;\"><strong><span style=\"font-family: arial, helvetica, sans-serif; font-size: 14px;\">Mat\u00e9riau :<\/span><\/strong><\/td>\n<td style=\"border: 1px solid #b3b3b3; width: 595.066px;\"><span style=\"font-family: arial, helvetica, sans-serif;\"><span style=\"font-size: 14px;\">Calcite<\/span><\/span><\/td>\n<\/tr>\n<tr style=\"height: 21px;\">\n<td style=\"border: 1px solid #b3b3b3; width: 162px;\"><strong><span style=\"font-family: arial, helvetica, sans-serif; font-size: 14px;\">Couleur :<\/span><\/strong><\/td>\n<td style=\"border: 1px solid #b3b3b3; width: 595.066px;\"><span style=\"font-family: arial, helvetica, sans-serif; font-size: 14px;\">Blanc, beige, noir, marron, gris, rouge, vert, bleu, etc.<\/span><\/td>\n<\/tr>\n<tr style=\"height: 21px;\">\n<td style=\"border: 1px solid #b3b3b3; width: 162px;\" rowspan=\"3\"><strong><span style=\"font-family: arial, helvetica, sans-serif; font-size: 14px;\">Taille :<\/span><\/strong><\/td>\n<td style=\"border: 1px solid #b3b3b3; width: 595.066px;\"><span style=\"font-family: arial, helvetica, sans-serif; font-size: 14px;\"><span style=\"text-decoration: underline;\">Carreaux disponibles<\/span> <\/span><br \/>\n<span style=\"font-family: arial, helvetica, sans-serif; font-size: 14px;\">12\u2032 X 12\u2033,24\u2032 X 24\u2033,12\u2032 X 24\u2033,etc 300x300mm,300x600mm,400x400mm,600x600mm,600\u00d71200,800\u00d7800,etc<\/span><\/td>\n<\/tr>\n<tr style=\"height: 21px;\">\n<td style=\"border: 1px solid #b3b3b3; width: 595.066px;\"><span style=\"font-family: arial, helvetica, sans-serif; font-size: 14px;\"><span style=\"text-decoration: underline;\">Grandes dalles disponibles<\/span>\u00a0 \u00a0 \u00a0 \u00a0 \u00a0 \u00a0 \u00a0 \u00a0 \u00a0 \u00a0 \u00a0 \u00a0 \u00a0 \u00a0 \u00a0 \u00a0 \u00a0 \u00a0 \u00a0 \u00a0 \u00a0 \u00a0 \u00a0 \u00a0 \u00a0 \u00a0 \u00a0 \u00a0 \u00a0 \u00a0 \u00a0 \u00a0 \u00a0 \u00a0 \u00a0 \u00a0 \u00a0 \u00a0 \u00a0 \u00a0 \u00a0 \u00a0 \u00a0 \u00a0 \u00a0 \u00a0 \u00a0 \u00a0 \u00a0 \u00a0 \u00a0 \u00a0 \u00a0 240cmUpx120UP<\/span><\/td>\n<\/tr>\n<tr style=\"height: 21px;\">\n<td style=\"border: 1px solid #b3b3b3; width: 595.066px;\"><span style=\"font-family: arial, helvetica, sans-serif; font-size: 14px;\">Des sp\u00e9cifications personnalis\u00e9es sont disponibles<\/span><\/td>\n<\/tr>\n<tr style=\"height: 21px;\">\n<td style=\"border: 1px solid #b3b3b3; width: 162px;\"><strong><span style=\"font-family: arial, helvetica, sans-serif; font-size: 14px;\">Tol\u00e9rance d'\u00e9paisseur :<\/span><\/strong><\/td>\n<td style=\"border: 1px solid #b3b3b3; width: 595.066px;\"><span style=\"font-size: 14px; font-family: arial, helvetica, sans-serif;\">\u00b10,05mm, \u00b11mm, \u00b11,5mm, \u00b12mm, selon les exigences de qualit\u00e9 du client<\/span><\/td>\n<\/tr>\n<tr style=\"height: 21px;\">\n<td style=\"border: 1px solid #b3b3b3; width: 162px;\"><strong><span style=\"font-family: arial, helvetica, sans-serif; font-size: 14px;\">Surface :<\/span><\/strong><\/td>\n<td style=\"border: 1px solid #b3b3b3; width: 595.066px;\"><span style=\"font-size: 14px; font-family: arial, helvetica, sans-serif;\">Poli, adouci, assorti au livre, antique, rainur\u00e9, bross\u00e9, d\u00e9cap\u00e9, sabl\u00e9, jet d'eau, etc.<\/span><\/td>\n<\/tr>\n<tr style=\"height: auto;\">\n<td style=\"border: 1px solid #b3b3b3; width: 162px;\"><strong><span style=\"font-family: arial, helvetica, sans-serif; font-size: 14px;\">Emballage :<\/span><\/strong><\/td>\n<td style=\"border: 1px solid #b3b3b3; width: 595.066px;\"><span style=\"font-family: arial, helvetica, sans-serif; font-size: 14px;\"> Fardeaux et caisses en bois en \u00e9tat de navigabilit\u00e9<\/span><\/td>\n<\/tr>\n<tr style=\"height: 21px;\">\n<td style=\"border: 1px solid #b3b3b3; width: 162px;\"><strong><span style=\"font-family: arial, helvetica, sans-serif; font-size: 14px;\">Application :<\/span><\/strong><\/td>\n<td style=\"border: 1px solid #b3b3b3; width: 595.066px;\"><span style=\"font-family: arial, helvetica, sans-serif; font-size: 14px;\">Mur int\u00e9rieur, sol, plinthe, mur de fond, comptoir, escalier, etc.<\/span><\/td>\n<\/tr>\n<tr style=\"height: 21px;\">\n<td style=\"border: 1px solid #b3b3b3; width: 162px;\"><strong><span style=\"font-family: arial, helvetica, sans-serif; font-size: 14px;\">D\u00e9lai de livraison :<\/span><\/strong><\/td>\n<td style=\"border: 1px solid #b3b3b3; width: 595.066px;\"><span style=\"font-family: arial, helvetica, sans-serif; font-size: 14px;\"> 15-20 jours pour les tailles normales<\/span><\/td>\n<\/tr>\n<tr style=\"height: 21px;\">\n<td style=\"border: 1px solid #b3b3b3; width: 162px;\"><strong><span style=\"font-family: arial, helvetica, sans-serif; font-size: 14px;\">Certificat :<\/span><\/strong><\/td>\n<td style=\"border: 1px solid #b3b3b3; width: 595.066px;\"><span style=\"font-family: arial, helvetica, sans-serif; font-size: 14px;\">CE, SGS<\/span><\/td>\n<\/tr>\n<tr style=\"height: 21px;\">\n<td style=\"border: 1px solid #b3b3b3; width: 162px;\"><strong><span style=\"font-family: arial, helvetica, sans-serif; font-size: 14px;\">Conditions de paiement :<\/span><\/strong><\/td>\n<td style=\"border: 1px solid #b3b3b3; width: 595.066px;\"><span style=\"font-family: arial, helvetica, sans-serif; font-size: 14px;\">T\/T, L\/C, D\/P<\/span><\/td>\n<\/tr>\n<tr style=\"height: 42px;\">\n<td style=\"border: 1px solid #b3b3b3; width: 162px;\"><strong><span style=\"font-family: arial, helvetica, sans-serif; font-size: 14px;\">Avantage :<\/span><\/strong><\/td>\n<td style=\"border: 1px solid #b3b3b3; width: 595.066px;\"><span style=\"font-family: arial, helvetica, sans-serif; font-size: 14px;\">1) Service unique pour la pierre ;<\/span><\/p>\n<p><span style=\"font-family: arial, helvetica, sans-serif; font-size: 14px;\">2) Poss\u00e9der 3 carri\u00e8res et 9 usines ;<\/span><\/p>\n<p><span style=\"font-family: arial, helvetica, sans-serif; font-size: 14px;\">3) Des supports technologiques de pointe.<\/span><\/td>\n<\/tr>\n<tr style=\"height: 42px;\">\n<td style=\"border: 1px solid #b3b3b3; width: 162px;\"><strong><span style=\"font-family: arial, helvetica, sans-serif; font-size: 14px;\">Assurance de la qualit\u00e9 et de la livraison :\u00a0<\/span><\/strong><\/td>\n<td style=\"border: 1px solid #b3b3b3; width: 595.066px;\"><span style=\"font-family: arial, helvetica, sans-serif; font-size: 14px;\">Tout au long du processus de production, du choix des mat\u00e9riaux \u00e0 l'emballage en passant par la fabrication, notre service de contr\u00f4le de la qualit\u00e9 contr\u00f4le rigoureusement chaque pi\u00e8ce et chaque processus afin de garantir le respect des normes de qualit\u00e9 et le respect des d\u00e9lais de livraison.<\/span><\/td>\n<\/tr>\n<\/tbody>\n<\/table>\n<\/div>\n<div style=\"padding: 10px 0;\"><img loading=\"lazy\" decoding=\"async\" class=\"alignnone size-full wp-image-25770\" src=\"http:\/\/stone-phoenix.com\/wp-content\/uploads\/2023\/12\/Nano-white-table-marble-high-quality-artificial-stone-slabs-7.jpg\" alt=\"\" width=\"1113\" height=\"828\" srcset=\"https:\/\/stone-phoenix.com\/wp-content\/uploads\/2023\/12\/Nano-white-table-marble-high-quality-artificial-stone-slabs-7.jpg 1113w, https:\/\/stone-phoenix.com\/wp-content\/uploads\/2023\/12\/Nano-white-table-marble-high-quality-artificial-stone-slabs-7-300x223.jpg 300w, https:\/\/stone-phoenix.com\/wp-content\/uploads\/2023\/12\/Nano-white-table-marble-high-quality-artificial-stone-slabs-7-1024x762.jpg 1024w, https:\/\/stone-phoenix.com\/wp-content\/uploads\/2023\/12\/Nano-white-table-marble-high-quality-artificial-stone-slabs-7-768x571.jpg 768w, https:\/\/stone-phoenix.com\/wp-content\/uploads\/2023\/12\/Nano-white-table-marble-high-quality-artificial-stone-slabs-7-16x12.jpg 16w, https:\/\/stone-phoenix.com\/wp-content\/uploads\/2023\/12\/Nano-white-table-marble-high-quality-artificial-stone-slabs-7-600x446.jpg 600w, https:\/\/stone-phoenix.com\/wp-content\/uploads\/2023\/12\/Nano-white-table-marble-high-quality-artificial-stone-slabs-7-150x112.jpg 150w\" sizes=\"(max-width: 1113px) 100vw, 1113px\" \/><img loading=\"lazy\" decoding=\"async\" class=\"alignnone  wp-image-25771\" src=\"http:\/\/stone-phoenix.com\/wp-content\/uploads\/2023\/12\/Nano-white-table-marble-high-quality-artificial-stone-slabs-8.jpg\" alt=\"\" width=\"956\" height=\"1005\" srcset=\"https:\/\/stone-phoenix.com\/wp-content\/uploads\/2023\/12\/Nano-white-table-marble-high-quality-artificial-stone-slabs-8.jpg 834w, https:\/\/stone-phoenix.com\/wp-content\/uploads\/2023\/12\/Nano-white-table-marble-high-quality-artificial-stone-slabs-8-285x300.jpg 285w, https:\/\/stone-phoenix.com\/wp-content\/uploads\/2023\/12\/Nano-white-table-marble-high-quality-artificial-stone-slabs-8-768x808.jpg 768w, https:\/\/stone-phoenix.com\/wp-content\/uploads\/2023\/12\/Nano-white-table-marble-high-quality-artificial-stone-slabs-8-11x12.jpg 11w, https:\/\/stone-phoenix.com\/wp-content\/uploads\/2023\/12\/Nano-white-table-marble-high-quality-artificial-stone-slabs-8-600x631.jpg 600w, https:\/\/stone-phoenix.com\/wp-content\/uploads\/2023\/12\/Nano-white-table-marble-high-quality-artificial-stone-slabs-8-150x158.jpg 150w\" sizes=\"(max-width: 956px) 100vw, 956px\" \/><img loading=\"lazy\" decoding=\"async\" class=\"alignnone  wp-image-25772\" src=\"http:\/\/stone-phoenix.com\/wp-content\/uploads\/2023\/12\/Nano-white-table-marble-high-quality-artificial-stone-slabs-5-1.jpg\" alt=\"\" width=\"955\" height=\"1170\" srcset=\"https:\/\/stone-phoenix.com\/wp-content\/uploads\/2023\/12\/Nano-white-table-marble-high-quality-artificial-stone-slabs-5-1.jpg 843w, https:\/\/stone-phoenix.com\/wp-content\/uploads\/2023\/12\/Nano-white-table-marble-high-quality-artificial-stone-slabs-5-1-245x300.jpg 245w, https:\/\/stone-phoenix.com\/wp-content\/uploads\/2023\/12\/Nano-white-table-marble-high-quality-artificial-stone-slabs-5-1-836x1024.jpg 836w, https:\/\/stone-phoenix.com\/wp-content\/uploads\/2023\/12\/Nano-white-table-marble-high-quality-artificial-stone-slabs-5-1-768x941.jpg 768w, https:\/\/stone-phoenix.com\/wp-content\/uploads\/2023\/12\/Nano-white-table-marble-high-quality-artificial-stone-slabs-5-1-10x12.jpg 10w, https:\/\/stone-phoenix.com\/wp-content\/uploads\/2023\/12\/Nano-white-table-marble-high-quality-artificial-stone-slabs-5-1-600x735.jpg 600w, https:\/\/stone-phoenix.com\/wp-content\/uploads\/2023\/12\/Nano-white-table-marble-high-quality-artificial-stone-slabs-5-1-150x184.jpg 150w\" sizes=\"(max-width: 955px) 100vw, 955px\" \/><img loading=\"lazy\" decoding=\"async\" class=\"alignnone  wp-image-25773\" src=\"http:\/\/stone-phoenix.com\/wp-content\/uploads\/2023\/12\/Nano-white-table-marble-high-quality-artificial-stone-slabs-6.jpg\" alt=\"\" width=\"957\" height=\"801\" srcset=\"https:\/\/stone-phoenix.com\/wp-content\/uploads\/2023\/12\/Nano-white-table-marble-high-quality-artificial-stone-slabs-6.jpg 814w, https:\/\/stone-phoenix.com\/wp-content\/uploads\/2023\/12\/Nano-white-table-marble-high-quality-artificial-stone-slabs-6-300x251.jpg 300w, https:\/\/stone-phoenix.com\/wp-content\/uploads\/2023\/12\/Nano-white-table-marble-high-quality-artificial-stone-slabs-6-768x643.jpg 768w, https:\/\/stone-phoenix.com\/wp-content\/uploads\/2023\/12\/Nano-white-table-marble-high-quality-artificial-stone-slabs-6-14x12.jpg 14w, https:\/\/stone-phoenix.com\/wp-content\/uploads\/2023\/12\/Nano-white-table-marble-high-quality-artificial-stone-slabs-6-600x502.jpg 600w, https:\/\/stone-phoenix.com\/wp-content\/uploads\/2023\/12\/Nano-white-table-marble-high-quality-artificial-stone-slabs-6-150x125.jpg 150w\" sizes=\"(max-width: 957px) 100vw, 957px\" \/><\/p>\n<\/div>\n<\/div>\n<\/div>","protected":false},"excerpt":{"rendered":"<p>nano white table marble high quality artificial stone slabs nano white table marble is a luxurious fine-grained marble that is<\/p>","protected":false},"featured_media":25763,"template":"","meta":[],"product_cat":[113],"product_tag":[],"_links":{"self":[{"href":"https:\/\/stone-phoenix.com\/fr\/wp-json\/wp\/v2\/product\/21815"}],"collection":[{"href":"https:\/\/stone-phoenix.com\/fr\/wp-json\/wp\/v2\/product"}],"about":[{"href":"https:\/\/stone-phoenix.com\/fr\/wp-json\/wp\/v2\/types\/product"}],"wp:featuredmedia":[{"embeddable":true,"href":"https:\/\/stone-phoenix.com\/fr\/wp-json\/wp\/v2\/media\/25763"}],"wp:attachment":[{"href":"https:\/\/stone-phoenix.com\/fr\/wp-json\/wp\/v2\/media?parent=21815"}],"wp:term":[{"taxonomy":"product_cat","embeddable":true,"href":"https:\/\/stone-phoenix.com\/fr\/wp-json\/wp\/v2\/product_cat?post=21815"},{"taxonomy":"product_tag","embeddable":true,"href":"https:\/\/stone-phoenix.com\/fr\/wp-json\/wp\/v2\/product_tag?post=21815"}],"curies":[{"name":"wp","href":"https:\/\/api.w.org\/{rel}","templated":true}]}}