{"id":21821,"date":"2023-12-29T21:36:16","date_gmt":"2023-12-29T13:36:16","guid":{"rendered":"http:\/\/stone-phoenix.com\/product\/natural-marble-stone-floor-tiles"},"modified":"2024-03-23T21:33:27","modified_gmt":"2024-03-23T13:33:27","slug":"natural-marble-stone-floor-tiles","status":"publish","type":"product","link":"https:\/\/stone-phoenix.com\/fr\/produit\/natural-marble-stone-floor-tiles","title":{"rendered":"Carreaux de sol en marbre naturel"},"content":{"rendered":"<div id=\"tab-description\" class=\"woocommerce-Tabs-panel woocommerce-Tabs-panel--description panel entry-content wc-tab\" role=\"tabpanel\" aria-labelledby=\"tab-title-description\">\n<h2>Carreaux de sol en marbre naturel<\/h2>\n<p>Le marbre naturel est le mat\u00e9riau id\u00e9al pour les comptoirs, les tables et les dosserets. Le marbre naturel est une pierre tendre qui peut \u00eatre facilement \u00e9br\u00e9ch\u00e9e ou ray\u00e9e.<\/p>\n<p>Il est \u00e9galement poreux et absorbe l'eau. Gardez-le toujours au sec si vous voulez le prot\u00e9ger des taches, des huiles et des liquides.Le marbre naturel est un mat\u00e9riau magnifique et intemporel, et il ajoute instantan\u00e9ment de la gravit\u00e9 lorsqu'il est utilis\u00e9 dans la conception.<\/p>\n<p>Avec un aspect naturel et terreux qui d\u00e9fie les tentatives d'imposer une couleur ou un motif exact \u00e0 la pierre, il est parfait pour les sols et les murs dans les espaces r\u00e9sidentiels et commerciaux.<\/p>\n<p>Chaque plaque a son caract\u00e8re unique, cr\u00e9\u00e9 par sa beaut\u00e9 naturelle et ses imperfections.Combinaison de min\u00e9raux, le marbre est un mat\u00e9riau exceptionnel \u00e0 utiliser pour vos plans de travail.Cette collection de pierres naturelles \u00e9l\u00e9gantes et sophistiqu\u00e9es propose 15 styles diff\u00e9rents.<\/p>\n<p>Ces pierres polyvalentes pr\u00e9sentent une finition polie qui convient aussi bien \u00e0 un usage r\u00e9sidentiel que commercial. <a href=\"https:\/\/longtopstone.com\/contact\/\">nous contacter<\/a> \u00e0 tout moment, nous avons \u00e9galement d'autres styles qui r\u00e9pondront certainement \u00e0 vos besoins<\/p>\n<div id=\"ali-anchor-AliPostDhMb-qkngg\" class=\"mceSectionContainer\" style=\"padding-top: 8px;\" data-section=\"AliPostDhMb-qkngg\" data-section-title=\"Product Description\">\n<div id=\"ali-title-AliPostDhMb-qkngg\" style=\"padding: 8px 0; border-bottom: 1px solid #ddd;\"><span style=\"background-color: #ddd; color: #333; font-weight: bold; padding: 8px 10px; line-height: 12px;\">Description du produit<\/span><\/div>\n<div style=\"padding: 10px 0;\">\n<table class=\"aliDataTable\" style=\"color: #000000; font-family: Arial; font-size: 12px; font-style: normal; font-weight: 400; background-color: #ffffff; width: 746.066px; height: 226px; border: 1px solid #b3b3b3;\">\n<tbody>\n<tr style=\"height: 21px;\">\n<td style=\"border: 1px solid #b3b3b3; width: 162px;\"><strong><span style=\"font-family: arial, helvetica, sans-serif; font-size: 14px;\">Nom du produit :<\/span><\/strong><\/td>\n<td style=\"border: 1px solid #b3b3b3; width: 595.066px;\">Marbre blanc de Guangxi<\/td>\n<\/tr>\n<tr style=\"height: 21px;\">\n<td style=\"border: 1px solid #b3b3b3; width: 162px;\"><strong><span style=\"font-family: arial, helvetica, sans-serif; font-size: 14px;\">Mat\u00e9riau :<\/span><\/strong><\/td>\n<td style=\"border: 1px solid #b3b3b3; width: 595.066px;\"><span style=\"font-family: arial, helvetica, sans-serif;\"><span style=\"font-size: 14px;\">Marbre blanc de Guangxi<\/span><\/span><\/td>\n<\/tr>\n<tr style=\"height: 21px;\">\n<td style=\"border: 1px solid #b3b3b3; width: 162px;\"><strong><span style=\"font-family: arial, helvetica, sans-serif; font-size: 14px;\">Couleur :<\/span><\/strong><\/td>\n<td style=\"border: 1px solid #b3b3b3; width: 595.066px;\"><span style=\"font-family: arial, helvetica, sans-serif; font-size: 14px;\">Blanc, beige, noir, marron, gris, rouge, vert, bleu, etc.<\/span><\/td>\n<\/tr>\n<tr style=\"height: 21px;\">\n<td style=\"border: 1px solid #b3b3b3; width: 162px;\" rowspan=\"3\"><strong><span style=\"font-family: arial, helvetica, sans-serif; font-size: 14px;\">Taille :<\/span><\/strong><\/td>\n<td style=\"border: 1px solid #b3b3b3; width: 595.066px;\"><span style=\"font-family: arial, helvetica, sans-serif; font-size: 14px;\"><span style=\"text-decoration: underline;\">Carreaux disponibles<\/span> <\/span><br \/>\n<span style=\"font-family: arial, helvetica, sans-serif; font-size: 14px;\">12\u2032 X 12\u2033,24\u2032 X 24\u2033,12\u2032 X 24\u2033,etc 300x300mm,300x600mm,400x400mm,600x600mm,600\u00d71200,800\u00d7800,etc<\/span><\/td>\n<\/tr>\n<tr style=\"height: 21px;\">\n<td style=\"border: 1px solid #b3b3b3; width: 595.066px;\"><span style=\"font-family: arial, helvetica, sans-serif; font-size: 14px;\"><span style=\"text-decoration: underline;\">Grandes dalles disponibles<\/span>\u00a0 \u00a0 \u00a0 \u00a0 \u00a0 \u00a0 \u00a0 \u00a0 \u00a0 \u00a0 \u00a0 \u00a0 \u00a0 \u00a0 \u00a0 \u00a0 \u00a0 \u00a0 \u00a0 \u00a0 \u00a0 \u00a0 \u00a0 \u00a0 \u00a0 \u00a0 \u00a0 \u00a0 \u00a0 \u00a0 \u00a0 \u00a0 \u00a0 \u00a0 \u00a0 \u00a0 \u00a0 \u00a0 \u00a0 \u00a0 \u00a0 \u00a0 \u00a0 \u00a0 \u00a0 \u00a0 \u00a0 \u00a0 \u00a0 \u00a0 \u00a0 \u00a0 \u00a0 240cmUpx120UP<\/span><\/td>\n<\/tr>\n<tr style=\"height: 21px;\">\n<td style=\"border: 1px solid #b3b3b3; width: 595.066px;\"><span style=\"font-family: arial, helvetica, sans-serif; font-size: 14px;\">Des sp\u00e9cifications personnalis\u00e9es sont disponibles<\/span><\/td>\n<\/tr>\n<tr style=\"height: 21px;\">\n<td style=\"border: 1px solid #b3b3b3; width: 162px;\"><strong><span style=\"font-family: arial, helvetica, sans-serif; font-size: 14px;\">Tol\u00e9rance d'\u00e9paisseur :<\/span><\/strong><\/td>\n<td style=\"border: 1px solid #b3b3b3; width: 595.066px;\"><span style=\"font-size: 14px; font-family: arial, helvetica, sans-serif;\">\u00b10,05mm, \u00b11mm, \u00b11,5mm, \u00b12mm, selon les exigences de qualit\u00e9 du client<\/span><\/td>\n<\/tr>\n<tr style=\"height: 21px;\">\n<td style=\"border: 1px solid #b3b3b3; width: 162px;\"><strong><span style=\"font-family: arial, helvetica, sans-serif; font-size: 14px;\">Surface :<\/span><\/strong><\/td>\n<td style=\"border: 1px solid #b3b3b3; width: 595.066px;\"><span style=\"font-size: 14px; font-family: arial, helvetica, sans-serif;\">Poli, adouci, assorti au livre, antique, rainur\u00e9, bross\u00e9, d\u00e9cap\u00e9, sabl\u00e9, jet d'eau, etc.<\/span><\/td>\n<\/tr>\n<tr style=\"height: auto;\">\n<td style=\"border: 1px solid #b3b3b3; width: 162px;\"><strong><span style=\"font-family: arial, helvetica, sans-serif; font-size: 14px;\">Emballage :<\/span><\/strong><\/td>\n<td style=\"border: 1px solid #b3b3b3; width: 595.066px;\"><span style=\"font-family: arial, helvetica, sans-serif; font-size: 14px;\"> Fardeaux et caisses en bois en \u00e9tat de navigabilit\u00e9<\/span><\/td>\n<\/tr>\n<tr style=\"height: 21px;\">\n<td style=\"border: 1px solid #b3b3b3; width: 162px;\"><strong><span style=\"font-family: arial, helvetica, sans-serif; font-size: 14px;\">Application :<\/span><\/strong><\/td>\n<td style=\"border: 1px solid #b3b3b3; width: 595.066px;\"><span style=\"font-family: arial, helvetica, sans-serif; font-size: 14px;\">Mur int\u00e9rieur, sol, plinthe, mur de fond, comptoir, escalier, etc.<\/span><\/td>\n<\/tr>\n<tr style=\"height: 21px;\">\n<td style=\"border: 1px solid #b3b3b3; width: 162px;\"><strong><span style=\"font-family: arial, helvetica, sans-serif; font-size: 14px;\">D\u00e9lai de livraison :<\/span><\/strong><\/td>\n<td style=\"border: 1px solid #b3b3b3; width: 595.066px;\"><span style=\"font-family: arial, helvetica, sans-serif; font-size: 14px;\"> 15-20 jours pour les tailles normales<\/span><\/td>\n<\/tr>\n<tr style=\"height: 21px;\">\n<td style=\"border: 1px solid #b3b3b3; width: 162px;\"><strong><span style=\"font-family: arial, helvetica, sans-serif; font-size: 14px;\">Certificat :<\/span><\/strong><\/td>\n<td style=\"border: 1px solid #b3b3b3; width: 595.066px;\"><span style=\"font-family: arial, helvetica, sans-serif; font-size: 14px;\">CE, SGS<\/span><\/td>\n<\/tr>\n<tr style=\"height: 21px;\">\n<td style=\"border: 1px solid #b3b3b3; width: 162px;\"><strong><span style=\"font-family: arial, helvetica, sans-serif; font-size: 14px;\">Conditions de paiement :<\/span><\/strong><\/td>\n<td style=\"border: 1px solid #b3b3b3; width: 595.066px;\"><span style=\"font-family: arial, helvetica, sans-serif; font-size: 14px;\">T\/T, L\/C, D\/P<\/span><\/td>\n<\/tr>\n<tr style=\"height: 42px;\">\n<td style=\"border: 1px solid #b3b3b3; width: 162px;\"><strong><span style=\"font-family: arial, helvetica, sans-serif; font-size: 14px;\">Avantage :<\/span><\/strong><\/td>\n<td style=\"border: 1px solid #b3b3b3; width: 595.066px;\"><span style=\"font-family: arial, helvetica, sans-serif; font-size: 14px;\">1) Service unique pour la pierre ;<\/span><\/p>\n<p><span style=\"font-family: arial, helvetica, sans-serif; font-size: 14px;\">2) Poss\u00e9der 3 carri\u00e8res et 9 usines ;<\/span><\/p>\n<p><span style=\"font-family: arial, helvetica, sans-serif; font-size: 14px;\">3) Des supports technologiques de pointe.<\/span><\/td>\n<\/tr>\n<tr style=\"height: 42px;\">\n<td style=\"border: 1px solid #b3b3b3; width: 162px;\"><strong><span style=\"font-family: arial, helvetica, sans-serif; font-size: 14px;\">Assurance de la qualit\u00e9 et de la livraison :\u00a0<\/span><\/strong><\/td>\n<td style=\"border: 1px solid #b3b3b3; width: 595.066px;\"><span style=\"font-family: arial, helvetica, sans-serif; font-size: 14px;\">Tout au long du processus de production, du choix des mat\u00e9riaux \u00e0 l'emballage en passant par la fabrication, notre service de contr\u00f4le de la qualit\u00e9 contr\u00f4le rigoureusement chaque pi\u00e8ce et chaque processus afin de garantir le respect des normes de qualit\u00e9 et le respect des d\u00e9lais de livraison.<\/span><\/td>\n<\/tr>\n<\/tbody>\n<\/table>\n<p><img loading=\"lazy\" decoding=\"async\" class=\"alignnone  wp-image-25759\" src=\"http:\/\/stone-phoenix.com\/wp-content\/uploads\/2023\/12\/Natural-Marble-Stone-Floor-Tiles-3-1.jpg\" alt=\"\" width=\"962\" height=\"893\" srcset=\"https:\/\/stone-phoenix.com\/wp-content\/uploads\/2023\/12\/Natural-Marble-Stone-Floor-Tiles-3-1.jpg 699w, https:\/\/stone-phoenix.com\/wp-content\/uploads\/2023\/12\/Natural-Marble-Stone-Floor-Tiles-3-1-300x279.jpg 300w, https:\/\/stone-phoenix.com\/wp-content\/uploads\/2023\/12\/Natural-Marble-Stone-Floor-Tiles-3-1-13x12.jpg 13w, https:\/\/stone-phoenix.com\/wp-content\/uploads\/2023\/12\/Natural-Marble-Stone-Floor-Tiles-3-1-600x557.jpg 600w, https:\/\/stone-phoenix.com\/wp-content\/uploads\/2023\/12\/Natural-Marble-Stone-Floor-Tiles-3-1-150x139.jpg 150w\" sizes=\"(max-width: 962px) 100vw, 962px\" \/><img loading=\"lazy\" decoding=\"async\" class=\"alignnone size-full wp-image-25760\" src=\"http:\/\/stone-phoenix.com\/wp-content\/uploads\/2023\/12\/Natural-Marble-Stone-Floor-Tiles-6.jpg\" alt=\"\" width=\"1116\" height=\"829\" srcset=\"https:\/\/stone-phoenix.com\/wp-content\/uploads\/2023\/12\/Natural-Marble-Stone-Floor-Tiles-6.jpg 1116w, https:\/\/stone-phoenix.com\/wp-content\/uploads\/2023\/12\/Natural-Marble-Stone-Floor-Tiles-6-300x223.jpg 300w, https:\/\/stone-phoenix.com\/wp-content\/uploads\/2023\/12\/Natural-Marble-Stone-Floor-Tiles-6-1024x761.jpg 1024w, https:\/\/stone-phoenix.com\/wp-content\/uploads\/2023\/12\/Natural-Marble-Stone-Floor-Tiles-6-768x570.jpg 768w, https:\/\/stone-phoenix.com\/wp-content\/uploads\/2023\/12\/Natural-Marble-Stone-Floor-Tiles-6-16x12.jpg 16w, https:\/\/stone-phoenix.com\/wp-content\/uploads\/2023\/12\/Natural-Marble-Stone-Floor-Tiles-6-600x446.jpg 600w, https:\/\/stone-phoenix.com\/wp-content\/uploads\/2023\/12\/Natural-Marble-Stone-Floor-Tiles-6-150x111.jpg 150w\" sizes=\"(max-width: 1116px) 100vw, 1116px\" \/><img loading=\"lazy\" decoding=\"async\" class=\"alignnone size-full wp-image-25761\" src=\"http:\/\/stone-phoenix.com\/wp-content\/uploads\/2023\/12\/Natural-Marble-Stone-Floor-Tiles-7-1.jpg\" alt=\"\" width=\"1117\" height=\"787\" srcset=\"https:\/\/stone-phoenix.com\/wp-content\/uploads\/2023\/12\/Natural-Marble-Stone-Floor-Tiles-7-1.jpg 1117w, https:\/\/stone-phoenix.com\/wp-content\/uploads\/2023\/12\/Natural-Marble-Stone-Floor-Tiles-7-1-300x211.jpg 300w, https:\/\/stone-phoenix.com\/wp-content\/uploads\/2023\/12\/Natural-Marble-Stone-Floor-Tiles-7-1-1024x721.jpg 1024w, https:\/\/stone-phoenix.com\/wp-content\/uploads\/2023\/12\/Natural-Marble-Stone-Floor-Tiles-7-1-768x541.jpg 768w, https:\/\/stone-phoenix.com\/wp-content\/uploads\/2023\/12\/Natural-Marble-Stone-Floor-Tiles-7-1-18x12.jpg 18w, https:\/\/stone-phoenix.com\/wp-content\/uploads\/2023\/12\/Natural-Marble-Stone-Floor-Tiles-7-1-600x423.jpg 600w, https:\/\/stone-phoenix.com\/wp-content\/uploads\/2023\/12\/Natural-Marble-Stone-Floor-Tiles-7-1-150x106.jpg 150w\" sizes=\"(max-width: 1117px) 100vw, 1117px\" \/><img loading=\"lazy\" decoding=\"async\" class=\"alignnone size-full wp-image-25762\" src=\"http:\/\/stone-phoenix.com\/wp-content\/uploads\/2023\/12\/Natural-Marble-Stone-Floor-Tiles-8.jpg\" alt=\"\" width=\"1116\" height=\"1126\" srcset=\"https:\/\/stone-phoenix.com\/wp-content\/uploads\/2023\/12\/Natural-Marble-Stone-Floor-Tiles-8.jpg 1116w, https:\/\/stone-phoenix.com\/wp-content\/uploads\/2023\/12\/Natural-Marble-Stone-Floor-Tiles-8-297x300.jpg 297w, https:\/\/stone-phoenix.com\/wp-content\/uploads\/2023\/12\/Natural-Marble-Stone-Floor-Tiles-8-1015x1024.jpg 1015w, https:\/\/stone-phoenix.com\/wp-content\/uploads\/2023\/12\/Natural-Marble-Stone-Floor-Tiles-8-150x151.jpg 150w, https:\/\/stone-phoenix.com\/wp-content\/uploads\/2023\/12\/Natural-Marble-Stone-Floor-Tiles-8-768x775.jpg 768w, https:\/\/stone-phoenix.com\/wp-content\/uploads\/2023\/12\/Natural-Marble-Stone-Floor-Tiles-8-12x12.jpg 12w, https:\/\/stone-phoenix.com\/wp-content\/uploads\/2023\/12\/Natural-Marble-Stone-Floor-Tiles-8-600x605.jpg 600w\" sizes=\"(max-width: 1116px) 100vw, 1116px\" \/><\/p>\n<\/div>\n<\/div>\n<\/div>","protected":false},"excerpt":{"rendered":"<p>Natural Marble Stone Floor Tiles Natural marble is the perfect material for our countertops, tables and back splashes. It\u2019s versatile<\/p>","protected":false},"featured_media":25752,"template":"","meta":[],"product_cat":[113],"product_tag":[],"_links":{"self":[{"href":"https:\/\/stone-phoenix.com\/fr\/wp-json\/wp\/v2\/product\/21821"}],"collection":[{"href":"https:\/\/stone-phoenix.com\/fr\/wp-json\/wp\/v2\/product"}],"about":[{"href":"https:\/\/stone-phoenix.com\/fr\/wp-json\/wp\/v2\/types\/product"}],"wp:featuredmedia":[{"embeddable":true,"href":"https:\/\/stone-phoenix.com\/fr\/wp-json\/wp\/v2\/media\/25752"}],"wp:attachment":[{"href":"https:\/\/stone-phoenix.com\/fr\/wp-json\/wp\/v2\/media?parent=21821"}],"wp:term":[{"taxonomy":"product_cat","embeddable":true,"href":"https:\/\/stone-phoenix.com\/fr\/wp-json\/wp\/v2\/product_cat?post=21821"},{"taxonomy":"product_tag","embeddable":true,"href":"https:\/\/stone-phoenix.com\/fr\/wp-json\/wp\/v2\/product_tag?post=21821"}],"curies":[{"name":"wp","href":"https:\/\/api.w.org\/{rel}","templated":true}]}}