{"id":21827,"date":"2023-12-29T21:36:37","date_gmt":"2023-12-29T13:36:37","guid":{"rendered":"http:\/\/stone-phoenix.com\/product\/natural-panda-white-marble-with-black-veins-stair-step-slab"},"modified":"2024-03-23T21:21:10","modified_gmt":"2024-03-23T13:21:10","slug":"natural-panda-white-marble-with-black-veins-stair-step-slab","status":"publish","type":"product","link":"https:\/\/stone-phoenix.com\/fr\/produit\/natural-panda-white-marble-with-black-veins-stair-step-slab","title":{"rendered":"Marbre Blanc Panda Naturel avec Veines Noires Dalle de Marche d'Escalier"},"content":{"rendered":"<div id=\"tab-description\" class=\"woocommerce-Tabs-panel woocommerce-Tabs-panel--description panel entry-content wc-tab\" role=\"tabpanel\" aria-labelledby=\"tab-title-description\">\n<div id=\"ali-anchor-AliPostDhMb-qkngg\" style=\"padding-top: 8px;\" data-section=\"AliPostDhMb-qkngg\" data-section-title=\"Product Description\">\n<h2 style=\"text-align: center;\">Marbre Blanc Panda Naturel avec Veines Noires Dalle de Marche d'Escalier<\/h2>\n<p>Le marbre blanc panda naturel est un nouveau type de pierre, qui combine l'apparence du marbre avec le prix le plus bas. Ces derni\u00e8res ann\u00e9es, de plus en plus de clients s'int\u00e9ressent au marbre blanc panda. Les principales caract\u00e9ristiques du marbre blanc panda sont sa grande r\u00e9sistance, sa belle texture et son faible co\u00fbt. Si vous n'avez pas encore trouv\u00e9 de pierres de marbre blanc Panda \u00e0 vendre, ou si vous n'avez pas vu de grandes dalles de marbre blanc Panda, vous devriez certainement consid\u00e9rer le marbre blanc Panda lors de votre prochain achat.<\/p>\n<p>Le Panda White est un marbre blanc classique de haute qualit\u00e9 avec des veines moyennes qui traversent la pierre. Il a une texture tr\u00e8s douce et fine et une belle apparence. Chaque pi\u00e8ce de marbre est pure et naturelle, avec son propre motif unique qui fait de chaque pi\u00e8ce une pi\u00e8ce unique. Nous avons diff\u00e9rentes tailles de dalles parmi lesquelles vous pouvez choisir, afin d'embellir votre cuisine ou votre salle de bain.<\/p>\n<p>Le marbre blanc Panda est un marbre blanc qui ressemble au ventre d'un panda. Tr\u00e8s doux, fin et luxueux, il vous apporte un sentiment de confort et de d\u00e9tente. Le marbre blanc est tr\u00e8s populaire et est utilis\u00e9 \u00e0 de nombreuses fins. Nous vous proposons ici une liste des marbres blancs les plus couramment utilis\u00e9s, en plusieurs tailles. Chaque bloc a son propre aspect, sa propre texture et ses propres nuances.<\/p>\n<div id=\"ali-title-AliPostDhMb-qkngg\" style=\"padding: 8px 0; border-bottom: 1px solid #ddd;\"><span style=\"background-color: #ddd; color: #333; font-weight: bold; padding: 8px 10px; line-height: 12px;\">Description du produit<\/span><\/div>\n<div style=\"padding: 10px 0;\">\n<table class=\"aliDataTable\" style=\"color: #000000; font-family: Arial; font-size: 12px; font-style: normal; font-weight: 400; background-color: #ffffff; width: 746.066px; height: 226px; border: 1px solid #b3b3b3;\">\n<tbody>\n<tr style=\"height: 21px;\">\n<td style=\"border: 1px solid #b3b3b3; width: 162px;\"><strong><span style=\"font-family: arial, helvetica, sans-serif; font-size: 14px;\">Nom du produit :<\/span><\/strong><\/td>\n<td style=\"border: 1px solid #b3b3b3; width: 595.066px;\">Fournisseur chinois Marbre blanc panda naturel poli avec veines noires Dalle de marche d'escalier<\/td>\n<\/tr>\n<tr style=\"height: 21px;\">\n<td style=\"border: 1px solid #b3b3b3; width: 162px;\"><strong><span style=\"font-family: arial, helvetica, sans-serif; font-size: 14px;\">Mat\u00e9riau :<\/span><\/strong><\/td>\n<td style=\"border: 1px solid #b3b3b3; width: 595.066px;\"><span style=\"font-family: arial, helvetica, sans-serif; font-size: 14px;\">Marbre<\/span><\/td>\n<\/tr>\n<tr style=\"height: 21px;\">\n<td style=\"border: 1px solid #b3b3b3; width: 162px;\"><strong><span style=\"font-family: arial, helvetica, sans-serif; font-size: 14px;\">Couleur :<\/span><\/strong><\/td>\n<td style=\"border: 1px solid #b3b3b3; width: 595.066px;\"><span style=\"font-family: arial, helvetica, sans-serif; font-size: 14px;\">Blanc, beige, noir, marron, gris, rouge, vert, bleu, etc.<\/span><\/td>\n<\/tr>\n<tr style=\"height: 21px;\">\n<td style=\"border: 1px solid #b3b3b3; width: 162px;\" rowspan=\"3\"><strong><span style=\"font-family: arial, helvetica, sans-serif; font-size: 14px;\">Taille :<\/span><\/strong><\/td>\n<td style=\"border: 1px solid #b3b3b3; width: 595.066px;\"><span style=\"font-family: arial, helvetica, sans-serif; font-size: 14px;\"><span style=\"text-decoration: underline;\">Carreaux disponibles<\/span> <\/span><br \/>\n<span style=\"font-family: arial, helvetica, sans-serif; font-size: 14px;\">12\u2032 X 12\u2033,24\u2032 X 24\u2033,12\u2032 X 24\u2033,etc 300x300mm,300x600mm,400x400mm,600x600mm,600\u00d71200,800\u00d7800,etc<\/span><\/td>\n<\/tr>\n<tr style=\"height: 21px;\">\n<td style=\"border: 1px solid #b3b3b3; width: 595.066px;\"><span style=\"font-family: arial, helvetica, sans-serif; font-size: 14px;\"><span style=\"text-decoration: underline;\">Grandes dalles disponibles<\/span>\u00a0 \u00a0 \u00a0 \u00a0 \u00a0 \u00a0 \u00a0 \u00a0 \u00a0 \u00a0 \u00a0 \u00a0 \u00a0 \u00a0 \u00a0 \u00a0 \u00a0 \u00a0 \u00a0 \u00a0 \u00a0 \u00a0 \u00a0 \u00a0 \u00a0 \u00a0 \u00a0 \u00a0 \u00a0 \u00a0 \u00a0 \u00a0 \u00a0 \u00a0 \u00a0 \u00a0 \u00a0 \u00a0 \u00a0 \u00a0 \u00a0 \u00a0 \u00a0 \u00a0 \u00a0 \u00a0 \u00a0 \u00a0 \u00a0 \u00a0 \u00a0 \u00a0 \u00a0 240cmUpx120UP<\/span><\/td>\n<\/tr>\n<tr style=\"height: 21px;\">\n<td style=\"border: 1px solid #b3b3b3; width: 595.066px;\"><span style=\"font-family: arial, helvetica, sans-serif; font-size: 14px;\">Des sp\u00e9cifications personnalis\u00e9es sont disponibles<\/span><\/td>\n<\/tr>\n<tr style=\"height: 21px;\">\n<td style=\"border: 1px solid #b3b3b3; width: 162px;\"><strong><span style=\"font-family: arial, helvetica, sans-serif; font-size: 14px;\">Tol\u00e9rance d'\u00e9paisseur :<\/span><\/strong><\/td>\n<td style=\"border: 1px solid #b3b3b3; width: 595.066px;\"><span style=\"font-size: 14px; font-family: arial, helvetica, sans-serif;\">\u00b10,05mm, \u00b11mm, \u00b11,5mm, \u00b12mm, selon les exigences de qualit\u00e9 du client<\/span><\/td>\n<\/tr>\n<tr style=\"height: 21px;\">\n<td style=\"border: 1px solid #b3b3b3; width: 162px;\"><strong><span style=\"font-family: arial, helvetica, sans-serif; font-size: 14px;\">Surface :<\/span><\/strong><\/td>\n<td style=\"border: 1px solid #b3b3b3; width: 595.066px;\"><span style=\"font-size: 14px; font-family: arial, helvetica, sans-serif;\">Poli, adouci, assorti au livre, antique, rainur\u00e9, bross\u00e9, d\u00e9cap\u00e9, sabl\u00e9, jet d'eau, etc.<\/span><\/td>\n<\/tr>\n<tr style=\"height: auto;\">\n<td style=\"border: 1px solid #b3b3b3; width: 162px;\"><strong><span style=\"font-family: arial, helvetica, sans-serif; font-size: 14px;\">Emballage :<\/span><\/strong><\/td>\n<td style=\"border: 1px solid #b3b3b3; width: 595.066px;\"><span style=\"font-family: arial, helvetica, sans-serif; font-size: 14px;\"> Fardeaux et caisses en bois en \u00e9tat de navigabilit\u00e9<\/span><\/td>\n<\/tr>\n<tr style=\"height: 21px;\">\n<td style=\"border: 1px solid #b3b3b3; width: 162px;\"><strong><span style=\"font-family: arial, helvetica, sans-serif; font-size: 14px;\">Application :<\/span><\/strong><\/td>\n<td style=\"border: 1px solid #b3b3b3; width: 595.066px;\"><span style=\"font-family: arial, helvetica, sans-serif; font-size: 14px;\">Mur int\u00e9rieur, sol, plinthe, mur de fond, comptoir, escalier, etc.<\/span><\/td>\n<\/tr>\n<tr style=\"height: 21px;\">\n<td style=\"border: 1px solid #b3b3b3; width: 162px;\"><strong><span style=\"font-family: arial, helvetica, sans-serif; font-size: 14px;\">D\u00e9lai de livraison :<\/span><\/strong><\/td>\n<td style=\"border: 1px solid #b3b3b3; width: 595.066px;\"><span style=\"font-family: arial, helvetica, sans-serif; font-size: 14px;\"> 15-20 jours pour les tailles normales<\/span><\/td>\n<\/tr>\n<tr style=\"height: 21px;\">\n<td style=\"border: 1px solid #b3b3b3; width: 162px;\"><strong><span style=\"font-family: arial, helvetica, sans-serif; font-size: 14px;\">Certificat :<\/span><\/strong><\/td>\n<td style=\"border: 1px solid #b3b3b3; width: 595.066px;\"><span style=\"font-family: arial, helvetica, sans-serif; font-size: 14px;\">CE, SGS<\/span><\/td>\n<\/tr>\n<tr style=\"height: 21px;\">\n<td style=\"border: 1px solid #b3b3b3; width: 162px;\"><strong><span style=\"font-family: arial, helvetica, sans-serif; font-size: 14px;\">Conditions de paiement :<\/span><\/strong><\/td>\n<td style=\"border: 1px solid #b3b3b3; width: 595.066px;\"><span style=\"font-family: arial, helvetica, sans-serif; font-size: 14px;\">T\/T, L\/C, D\/P<\/span><\/td>\n<\/tr>\n<tr style=\"height: 42px;\">\n<td style=\"border: 1px solid #b3b3b3; width: 162px;\"><strong><span style=\"font-family: arial, helvetica, sans-serif; font-size: 14px;\">Avantage :<\/span><\/strong><\/td>\n<td style=\"border: 1px solid #b3b3b3; width: 595.066px;\"><span style=\"font-family: arial, helvetica, sans-serif; font-size: 14px;\">1) Service unique pour la pierre ;<\/span><\/p>\n<p><span style=\"font-family: arial, helvetica, sans-serif; font-size: 14px;\">2) Poss\u00e9der 3 carri\u00e8res et 9 usines ;<\/span><\/p>\n<p><span style=\"font-family: arial, helvetica, sans-serif; font-size: 14px;\">3) Des supports technologiques de pointe.<\/span><\/td>\n<\/tr>\n<tr style=\"height: 42px;\">\n<td style=\"border: 1px solid #b3b3b3; width: 162px;\"><strong><span style=\"font-family: arial, helvetica, sans-serif; font-size: 14px;\">Assurance de la qualit\u00e9 et de la livraison :\u00a0<\/span><\/strong><\/td>\n<td style=\"border: 1px solid #b3b3b3; width: 595.066px;\"><span style=\"font-family: arial, helvetica, sans-serif; font-size: 14px;\">Tout au long du processus de production, du choix des mat\u00e9riaux \u00e0 l'emballage en passant par la fabrication, notre service de contr\u00f4le de la qualit\u00e9 contr\u00f4le rigoureusement chaque pi\u00e8ce et chaque processus afin de garantir le respect des normes de qualit\u00e9 et le respect des d\u00e9lais de livraison.<\/span><\/td>\n<\/tr>\n<\/tbody>\n<\/table>\n<\/div>\n<div style=\"padding: 10px 0;\"><img loading=\"lazy\" decoding=\"async\" class=\"alignnone size-full wp-image-25747\" src=\"http:\/\/stone-phoenix.com\/wp-content\/uploads\/2023\/12\/Natural-Panda-White-Marble-With-Black-Veins-Stair-Step-Slab-8.jpg\" alt=\"\" width=\"967\" height=\"907\" srcset=\"https:\/\/stone-phoenix.com\/wp-content\/uploads\/2023\/12\/Natural-Panda-White-Marble-With-Black-Veins-Stair-Step-Slab-8.jpg 967w, https:\/\/stone-phoenix.com\/wp-content\/uploads\/2023\/12\/Natural-Panda-White-Marble-With-Black-Veins-Stair-Step-Slab-8-300x281.jpg 300w, https:\/\/stone-phoenix.com\/wp-content\/uploads\/2023\/12\/Natural-Panda-White-Marble-With-Black-Veins-Stair-Step-Slab-8-768x720.jpg 768w, https:\/\/stone-phoenix.com\/wp-content\/uploads\/2023\/12\/Natural-Panda-White-Marble-With-Black-Veins-Stair-Step-Slab-8-13x12.jpg 13w, https:\/\/stone-phoenix.com\/wp-content\/uploads\/2023\/12\/Natural-Panda-White-Marble-With-Black-Veins-Stair-Step-Slab-8-600x563.jpg 600w, https:\/\/stone-phoenix.com\/wp-content\/uploads\/2023\/12\/Natural-Panda-White-Marble-With-Black-Veins-Stair-Step-Slab-8-150x141.jpg 150w\" sizes=\"(max-width: 967px) 100vw, 967px\" \/><img loading=\"lazy\" decoding=\"async\" class=\"alignnone size-full wp-image-25748\" src=\"http:\/\/stone-phoenix.com\/wp-content\/uploads\/2023\/12\/Natural-Panda-White-Marble-With-Black-Veins-Stair-Step-Slab-7.jpg\" alt=\"\" width=\"952\" height=\"1113\" srcset=\"https:\/\/stone-phoenix.com\/wp-content\/uploads\/2023\/12\/Natural-Panda-White-Marble-With-Black-Veins-Stair-Step-Slab-7.jpg 952w, https:\/\/stone-phoenix.com\/wp-content\/uploads\/2023\/12\/Natural-Panda-White-Marble-With-Black-Veins-Stair-Step-Slab-7-257x300.jpg 257w, https:\/\/stone-phoenix.com\/wp-content\/uploads\/2023\/12\/Natural-Panda-White-Marble-With-Black-Veins-Stair-Step-Slab-7-876x1024.jpg 876w, https:\/\/stone-phoenix.com\/wp-content\/uploads\/2023\/12\/Natural-Panda-White-Marble-With-Black-Veins-Stair-Step-Slab-7-768x898.jpg 768w, https:\/\/stone-phoenix.com\/wp-content\/uploads\/2023\/12\/Natural-Panda-White-Marble-With-Black-Veins-Stair-Step-Slab-7-10x12.jpg 10w, https:\/\/stone-phoenix.com\/wp-content\/uploads\/2023\/12\/Natural-Panda-White-Marble-With-Black-Veins-Stair-Step-Slab-7-600x701.jpg 600w, https:\/\/stone-phoenix.com\/wp-content\/uploads\/2023\/12\/Natural-Panda-White-Marble-With-Black-Veins-Stair-Step-Slab-7-150x175.jpg 150w\" sizes=\"(max-width: 952px) 100vw, 952px\" \/><img loading=\"lazy\" decoding=\"async\" class=\"alignnone  wp-image-25749\" src=\"http:\/\/stone-phoenix.com\/wp-content\/uploads\/2023\/12\/Natural-Panda-White-Marble-With-Black-Veins-Stair-Step-Slab-9.jpg\" alt=\"\" width=\"953\" height=\"1261\" srcset=\"https:\/\/stone-phoenix.com\/wp-content\/uploads\/2023\/12\/Natural-Panda-White-Marble-With-Black-Veins-Stair-Step-Slab-9.jpg 841w, https:\/\/stone-phoenix.com\/wp-content\/uploads\/2023\/12\/Natural-Panda-White-Marble-With-Black-Veins-Stair-Step-Slab-9-227x300.jpg 227w, https:\/\/stone-phoenix.com\/wp-content\/uploads\/2023\/12\/Natural-Panda-White-Marble-With-Black-Veins-Stair-Step-Slab-9-774x1024.jpg 774w, https:\/\/stone-phoenix.com\/wp-content\/uploads\/2023\/12\/Natural-Panda-White-Marble-With-Black-Veins-Stair-Step-Slab-9-768x1016.jpg 768w, https:\/\/stone-phoenix.com\/wp-content\/uploads\/2023\/12\/Natural-Panda-White-Marble-With-Black-Veins-Stair-Step-Slab-9-9x12.jpg 9w, https:\/\/stone-phoenix.com\/wp-content\/uploads\/2023\/12\/Natural-Panda-White-Marble-With-Black-Veins-Stair-Step-Slab-9-600x794.jpg 600w, https:\/\/stone-phoenix.com\/wp-content\/uploads\/2023\/12\/Natural-Panda-White-Marble-With-Black-Veins-Stair-Step-Slab-9-150x199.jpg 150w\" sizes=\"(max-width: 953px) 100vw, 953px\" \/><\/p>\n<\/div>\n<\/div>\n<\/div>","protected":false},"excerpt":{"rendered":"<p>Natural Panda White Marble With Black Veins Stair Step Slab The natural panda white marble is a new type of<\/p>","protected":false},"featured_media":25740,"template":"","meta":[],"product_cat":[113],"product_tag":[],"_links":{"self":[{"href":"https:\/\/stone-phoenix.com\/fr\/wp-json\/wp\/v2\/product\/21827"}],"collection":[{"href":"https:\/\/stone-phoenix.com\/fr\/wp-json\/wp\/v2\/product"}],"about":[{"href":"https:\/\/stone-phoenix.com\/fr\/wp-json\/wp\/v2\/types\/product"}],"wp:featuredmedia":[{"embeddable":true,"href":"https:\/\/stone-phoenix.com\/fr\/wp-json\/wp\/v2\/media\/25740"}],"wp:attachment":[{"href":"https:\/\/stone-phoenix.com\/fr\/wp-json\/wp\/v2\/media?parent=21827"}],"wp:term":[{"taxonomy":"product_cat","embeddable":true,"href":"https:\/\/stone-phoenix.com\/fr\/wp-json\/wp\/v2\/product_cat?post=21827"},{"taxonomy":"product_tag","embeddable":true,"href":"https:\/\/stone-phoenix.com\/fr\/wp-json\/wp\/v2\/product_tag?post=21827"}],"curies":[{"name":"wp","href":"https:\/\/api.w.org\/{rel}","templated":true}]}}