{"id":21833,"date":"2023-12-29T21:37:02","date_gmt":"2023-12-29T13:37:02","guid":{"rendered":"http:\/\/stone-phoenix.com\/product\/blue-marble-slab-supplier-natural-stone-wall"},"modified":"2024-03-23T20:41:43","modified_gmt":"2024-03-23T12:41:43","slug":"blue-marble-slab-supplier-natural-stone-wall","status":"publish","type":"product","link":"https:\/\/stone-phoenix.com\/fr\/produit\/blue-marble-slab-supplier-natural-stone-wall","title":{"rendered":"Dalle de Marbre Bleu Fournisseur de Pierre Naturelle Murale"},"content":{"rendered":"<div id=\"tab-description\" class=\"woocommerce-Tabs-panel woocommerce-Tabs-panel--description panel entry-content wc-tab\" role=\"tabpanel\" aria-labelledby=\"tab-title-description\">\n<div id=\"ali-anchor-AliPostDhMb-etgxx\" style=\"padding-top: 8px;\" data-section=\"AliPostDhMb-etgxx\" data-section-title=\"Product Description\">\n<h2 style=\"text-align: center;\">Dalle de Marbre Bleu Fournisseur de Pierre Naturelle Murale<\/h2>\n<p>Les dalles de marbre bleu sont l'un des types de marbre les plus populaires, avec de nombreuses veines bleues naturelles et magnifiques. Les veines bleues peuvent varier de nuances tr\u00e8s l\u00e9g\u00e8res \u00e0 des veines bleues profondes et fonc\u00e9es. Avec une large gamme de veines sur les dalles de couleur naturelle, vous pouvez cr\u00e9er un \u00e9ventail d'aspects uniques pour n'importe quelle application.<\/p>\n<p>Le produit est une dalle de pierre naturelle repr\u00e9sentant le marbre bleu de la terre. La couleur bleu fonc\u00e9 et les veines intenses font de notre marbre une belle pi\u00e8ce d'accentuation. Ce produit provient d'Italie et pr\u00e9sente une vari\u00e9t\u00e9 de nuances diff\u00e9rentes, mais toutes avec une tonalit\u00e9 bleu-vert.<\/p>\n<p>Une plaque de marbre bleu donne un aspect de simplicit\u00e9, mais la beaut\u00e9 naturelle est ind\u00e9niable. Notre produit est un ajout \u00e9tonnant et unique \u00e0 n'importe quel projet.<\/p>\n<p>Les riches tons bleus de cette dalle ne manqueront pas d'attirer l'attention et de donner vie \u00e0 votre projet.Nos produits sont de la plus haute qualit\u00e9 et ont une finition \u00e9tonnante. Vous trouverez notre s\u00e9lection de tailles et de couleurs pour r\u00e9pondre \u00e0 votre projet. Vous pouvez \u00e9galement choisir parmi diff\u00e9rentes finitions telles que adoucie, polie, cisel\u00e9e ou flamm\u00e9e. Le produit est un carreau polyvalent qui peut \u00eatre utilis\u00e9 dans une vari\u00e9t\u00e9 de projets dans toute la maison.<\/p>\n<div><\/div>\n<div id=\"ali-title-AliPostDhMb-etgxx\" style=\"padding: 8px 0; border-bottom: 1px solid #ddd;\"><span style=\"background-color: #ddd; color: #333; font-weight: bold; padding: 8px 10px; line-height: 12px;\">Description du produit<\/span><\/div>\n<div style=\"padding: 10px 0;\">\n<table class=\"aliDataTable\" style=\"color: #000000; font-family: Arial; font-size: 12px; font-style: normal; font-weight: 400; background-color: #ffffff; width: 698px; height: 226px; border: 1px solid #b3b3b3;\">\n<tbody>\n<tr style=\"height: 21px;\">\n<td style=\"border: 1px solid #b3b3b3; width: 162px;\"><strong><span style=\"font-family: arial, helvetica, sans-serif; font-size: 14px;\">Nom du produit :<\/span><\/strong><\/td>\n<td style=\"border: 1px solid #b3b3b3; width: 545px;\">Mur en pierre naturelle dalle de marbre bleu<\/td>\n<\/tr>\n<tr style=\"height: 21px;\">\n<td style=\"border: 1px solid #b3b3b3; width: 162px;\"><strong><span style=\"font-family: arial, helvetica, sans-serif; font-size: 14px;\">Mat\u00e9riau :<\/span><\/strong><\/td>\n<td style=\"border: 1px solid #b3b3b3; width: 545px;\"><span style=\"font-family: arial, helvetica, sans-serif; font-size: 14px;\">Marbre<\/span><\/td>\n<\/tr>\n<tr style=\"height: 21px;\">\n<td style=\"border: 1px solid #b3b3b3; width: 162px;\"><strong><span style=\"font-family: arial, helvetica, sans-serif; font-size: 14px;\">Couleur :<\/span><\/strong><\/td>\n<td style=\"border: 1px solid #b3b3b3; width: 545px;\"><span style=\"font-family: arial, helvetica, sans-serif; font-size: 14px;\">Blanc, beige, noir, marron, gris, rouge, vert, bleu, etc.<\/span><\/td>\n<\/tr>\n<tr style=\"height: 21px;\">\n<td style=\"border: 1px solid #b3b3b3; width: 162px;\" rowspan=\"3\"><strong><span style=\"font-family: arial, helvetica, sans-serif; font-size: 14px;\">Taille :<\/span><\/strong><\/td>\n<td style=\"border: 1px solid #b3b3b3; width: 545px;\"><span style=\"font-family: arial, helvetica, sans-serif; font-size: 14px;\"><span style=\"text-decoration: underline;\">Carreaux disponibles<\/span> <\/span><br \/>\n<span style=\"font-family: arial, helvetica, sans-serif; font-size: 14px;\">12\u2032 X 12\u2033,24\u2032 X 24\u2033,12\u2032 X 24\u2033,etc 300x300mm,300x600mm,400x400mm,600x600mm,600\u00d71200,800\u00d7800,etc<\/span><\/td>\n<\/tr>\n<tr style=\"height: 21px;\">\n<td style=\"border: 1px solid #b3b3b3; width: 545px;\"><span style=\"font-family: arial, helvetica, sans-serif; font-size: 14px;\"><span style=\"text-decoration: underline;\">Grandes dalles disponibles<\/span>\u00a0 \u00a0 \u00a0 \u00a0 \u00a0 \u00a0 \u00a0 \u00a0 \u00a0 \u00a0 \u00a0 \u00a0 \u00a0 \u00a0 \u00a0 \u00a0 \u00a0 \u00a0 \u00a0 \u00a0 \u00a0 \u00a0 \u00a0 \u00a0 \u00a0 \u00a0 \u00a0 \u00a0 \u00a0 \u00a0 \u00a0 \u00a0 \u00a0 \u00a0 \u00a0 \u00a0 \u00a0 \u00a0 \u00a0 \u00a0 \u00a0 \u00a0 \u00a0 \u00a0 \u00a0 \u00a0 \u00a0 \u00a0 \u00a0 \u00a0 \u00a0 \u00a0 \u00a0 240cmUpx120UP<\/span><\/td>\n<\/tr>\n<tr style=\"height: 21px;\">\n<td style=\"border: 1px solid #b3b3b3; width: 545px;\"><span style=\"font-family: arial, helvetica, sans-serif; font-size: 14px;\">Des sp\u00e9cifications personnalis\u00e9es sont disponibles<\/span><\/td>\n<\/tr>\n<tr style=\"height: 21px;\">\n<td style=\"border: 1px solid #b3b3b3; width: 162px;\"><strong><span style=\"font-family: arial, helvetica, sans-serif; font-size: 14px;\">Tol\u00e9rance d'\u00e9paisseur :<\/span><\/strong><\/td>\n<td style=\"border: 1px solid #b3b3b3; width: 545px;\"><span style=\"font-size: 14px; font-family: arial, helvetica, sans-serif;\">\u00b10,05mm, \u00b11mm, \u00b11,5mm, \u00b12mm, selon les exigences de qualit\u00e9 du client<\/span><\/td>\n<\/tr>\n<tr style=\"height: 21px;\">\n<td style=\"border: 1px solid #b3b3b3; width: 162px;\"><strong><span style=\"font-family: arial, helvetica, sans-serif; font-size: 14px;\">Surface :<\/span><\/strong><\/td>\n<td style=\"border: 1px solid #b3b3b3; width: 545px;\"><span style=\"font-size: 14px; font-family: arial, helvetica, sans-serif;\">Poli, adouci, assorti au livre, antique, rainur\u00e9, bross\u00e9, d\u00e9cap\u00e9, sabl\u00e9, jet d'eau, etc.<\/span><\/td>\n<\/tr>\n<tr style=\"height: auto;\">\n<td style=\"border: 1px solid #b3b3b3; width: 162px;\"><strong><span style=\"font-family: arial, helvetica, sans-serif; font-size: 14px;\">Emballage :<\/span><\/strong><\/td>\n<td style=\"border: 1px solid #b3b3b3; width: 545px;\"><span style=\"font-family: arial, helvetica, sans-serif; font-size: 14px;\"> Fardeaux et caisses en bois en \u00e9tat de navigabilit\u00e9<\/span><\/td>\n<\/tr>\n<tr style=\"height: 21px;\">\n<td style=\"border: 1px solid #b3b3b3; width: 162px;\"><strong><span style=\"font-family: arial, helvetica, sans-serif; font-size: 14px;\">Application :<\/span><\/strong><\/td>\n<td style=\"border: 1px solid #b3b3b3; width: 545px;\"><span style=\"font-family: arial, helvetica, sans-serif; font-size: 14px;\">Mur int\u00e9rieur, sol, plinthe, mur de fond, comptoir, escalier, etc.<\/span><\/td>\n<\/tr>\n<tr style=\"height: 21px;\">\n<td style=\"border: 1px solid #b3b3b3; width: 162px;\"><strong><span style=\"font-family: arial, helvetica, sans-serif; font-size: 14px;\">D\u00e9lai de livraison :<\/span><\/strong><\/td>\n<td style=\"border: 1px solid #b3b3b3; width: 545px;\"><span style=\"font-family: arial, helvetica, sans-serif; font-size: 14px;\"> 15-20 jours pour les tailles normales<\/span><\/td>\n<\/tr>\n<tr style=\"height: 21px;\">\n<td style=\"border: 1px solid #b3b3b3; width: 162px;\"><strong><span style=\"font-family: arial, helvetica, sans-serif; font-size: 14px;\">Certificat :<\/span><\/strong><\/td>\n<td style=\"border: 1px solid #b3b3b3; width: 545px;\"><span style=\"font-family: arial, helvetica, sans-serif; font-size: 14px;\">CE, SGS<\/span><\/td>\n<\/tr>\n<tr style=\"height: 21px;\">\n<td style=\"border: 1px solid #b3b3b3; width: 162px;\"><strong><span style=\"font-family: arial, helvetica, sans-serif; font-size: 14px;\">Conditions de paiement :<\/span><\/strong><\/td>\n<td style=\"border: 1px solid #b3b3b3; width: 545px;\"><span style=\"font-family: arial, helvetica, sans-serif; font-size: 14px;\">T\/T, L\/C, D\/P<\/span><\/td>\n<\/tr>\n<tr style=\"height: 42px;\">\n<td style=\"border: 1px solid #b3b3b3; width: 162px;\"><strong><span style=\"font-family: arial, helvetica, sans-serif; font-size: 14px;\">Avantage :<\/span><\/strong><\/td>\n<td style=\"border: 1px solid #b3b3b3; width: 545px;\"><span style=\"font-family: arial, helvetica, sans-serif; font-size: 14px;\">1) Service unique pour la pierre ;<\/span><\/p>\n<p><span style=\"font-family: arial, helvetica, sans-serif; font-size: 14px;\">2) Poss\u00e9der 3 carri\u00e8res et 9 usines ;<\/span><\/p>\n<p><span style=\"font-family: arial, helvetica, sans-serif; font-size: 14px;\">3) Des supports technologiques de pointe.<\/span><\/td>\n<\/tr>\n<tr style=\"height: 42px;\">\n<td style=\"border: 1px solid #b3b3b3; width: 162px;\"><strong><span style=\"font-family: arial, helvetica, sans-serif; font-size: 14px;\">Assurance de la qualit\u00e9 et de la livraison :\u00a0<\/span><\/strong><\/td>\n<td style=\"border: 1px solid #b3b3b3; width: 545px;\"><span style=\"font-family: arial, helvetica, sans-serif; font-size: 14px;\">Tout au long du processus de production, du choix des mat\u00e9riaux \u00e0 l'emballage en passant par la fabrication, notre service de contr\u00f4le de la qualit\u00e9 contr\u00f4le rigoureusement chaque pi\u00e8ce et chaque processus afin de garantir le respect des normes de qualit\u00e9 et le respect des d\u00e9lais de livraison.<\/span><\/td>\n<\/tr>\n<\/tbody>\n<\/table>\n<p><img loading=\"lazy\" decoding=\"async\" class=\"alignnone size-full wp-image-25725\" src=\"http:\/\/stone-phoenix.com\/wp-content\/uploads\/2023\/12\/Blue-Marble-Slab-Supplier-Natural-Stone-Wall-4.jpg\" alt=\"\" width=\"1125\" height=\"844\" srcset=\"https:\/\/stone-phoenix.com\/wp-content\/uploads\/2023\/12\/Blue-Marble-Slab-Supplier-Natural-Stone-Wall-4.jpg 1125w, https:\/\/stone-phoenix.com\/wp-content\/uploads\/2023\/12\/Blue-Marble-Slab-Supplier-Natural-Stone-Wall-4-300x225.jpg 300w, https:\/\/stone-phoenix.com\/wp-content\/uploads\/2023\/12\/Blue-Marble-Slab-Supplier-Natural-Stone-Wall-4-1024x768.jpg 1024w, https:\/\/stone-phoenix.com\/wp-content\/uploads\/2023\/12\/Blue-Marble-Slab-Supplier-Natural-Stone-Wall-4-768x576.jpg 768w, https:\/\/stone-phoenix.com\/wp-content\/uploads\/2023\/12\/Blue-Marble-Slab-Supplier-Natural-Stone-Wall-4-16x12.jpg 16w, https:\/\/stone-phoenix.com\/wp-content\/uploads\/2023\/12\/Blue-Marble-Slab-Supplier-Natural-Stone-Wall-4-600x450.jpg 600w, https:\/\/stone-phoenix.com\/wp-content\/uploads\/2023\/12\/Blue-Marble-Slab-Supplier-Natural-Stone-Wall-4-150x113.jpg 150w\" sizes=\"(max-width: 1125px) 100vw, 1125px\" \/><img loading=\"lazy\" decoding=\"async\" class=\"alignnone size-full wp-image-25727\" src=\"http:\/\/stone-phoenix.com\/wp-content\/uploads\/2023\/12\/Blue-Marble-Slab-Supplier-Natural-Stone-Wall-5.jpg\" alt=\"\" width=\"1120\" height=\"804\" srcset=\"https:\/\/stone-phoenix.com\/wp-content\/uploads\/2023\/12\/Blue-Marble-Slab-Supplier-Natural-Stone-Wall-5.jpg 1120w, https:\/\/stone-phoenix.com\/wp-content\/uploads\/2023\/12\/Blue-Marble-Slab-Supplier-Natural-Stone-Wall-5-300x215.jpg 300w, https:\/\/stone-phoenix.com\/wp-content\/uploads\/2023\/12\/Blue-Marble-Slab-Supplier-Natural-Stone-Wall-5-1024x735.jpg 1024w, https:\/\/stone-phoenix.com\/wp-content\/uploads\/2023\/12\/Blue-Marble-Slab-Supplier-Natural-Stone-Wall-5-768x551.jpg 768w, https:\/\/stone-phoenix.com\/wp-content\/uploads\/2023\/12\/Blue-Marble-Slab-Supplier-Natural-Stone-Wall-5-18x12.jpg 18w, https:\/\/stone-phoenix.com\/wp-content\/uploads\/2023\/12\/Blue-Marble-Slab-Supplier-Natural-Stone-Wall-5-600x431.jpg 600w, https:\/\/stone-phoenix.com\/wp-content\/uploads\/2023\/12\/Blue-Marble-Slab-Supplier-Natural-Stone-Wall-5-150x108.jpg 150w\" sizes=\"(max-width: 1120px) 100vw, 1120px\" \/><img loading=\"lazy\" decoding=\"async\" class=\"alignnone size-full wp-image-25728\" src=\"http:\/\/stone-phoenix.com\/wp-content\/uploads\/2023\/12\/Blue-Marble-Slab-Supplier-Natural-Stone-Wall-6.jpg\" alt=\"\" width=\"1092\" height=\"823\" srcset=\"https:\/\/stone-phoenix.com\/wp-content\/uploads\/2023\/12\/Blue-Marble-Slab-Supplier-Natural-Stone-Wall-6.jpg 1092w, https:\/\/stone-phoenix.com\/wp-content\/uploads\/2023\/12\/Blue-Marble-Slab-Supplier-Natural-Stone-Wall-6-300x226.jpg 300w, https:\/\/stone-phoenix.com\/wp-content\/uploads\/2023\/12\/Blue-Marble-Slab-Supplier-Natural-Stone-Wall-6-1024x772.jpg 1024w, https:\/\/stone-phoenix.com\/wp-content\/uploads\/2023\/12\/Blue-Marble-Slab-Supplier-Natural-Stone-Wall-6-768x579.jpg 768w, https:\/\/stone-phoenix.com\/wp-content\/uploads\/2023\/12\/Blue-Marble-Slab-Supplier-Natural-Stone-Wall-6-16x12.jpg 16w, https:\/\/stone-phoenix.com\/wp-content\/uploads\/2023\/12\/Blue-Marble-Slab-Supplier-Natural-Stone-Wall-6-600x452.jpg 600w, https:\/\/stone-phoenix.com\/wp-content\/uploads\/2023\/12\/Blue-Marble-Slab-Supplier-Natural-Stone-Wall-6-150x113.jpg 150w\" sizes=\"(max-width: 1092px) 100vw, 1092px\" \/><\/p>\n<\/div>\n<\/div>\n<\/div>","protected":false},"excerpt":{"rendered":"<p>Blue Marble Slab Supplier Natural Stone Wall Blue marble slab is one of the most popular types of marble with<\/p>","protected":false},"featured_media":25722,"template":"","meta":[],"product_cat":[113],"product_tag":[],"_links":{"self":[{"href":"https:\/\/stone-phoenix.com\/fr\/wp-json\/wp\/v2\/product\/21833"}],"collection":[{"href":"https:\/\/stone-phoenix.com\/fr\/wp-json\/wp\/v2\/product"}],"about":[{"href":"https:\/\/stone-phoenix.com\/fr\/wp-json\/wp\/v2\/types\/product"}],"wp:featuredmedia":[{"embeddable":true,"href":"https:\/\/stone-phoenix.com\/fr\/wp-json\/wp\/v2\/media\/25722"}],"wp:attachment":[{"href":"https:\/\/stone-phoenix.com\/fr\/wp-json\/wp\/v2\/media?parent=21833"}],"wp:term":[{"taxonomy":"product_cat","embeddable":true,"href":"https:\/\/stone-phoenix.com\/fr\/wp-json\/wp\/v2\/product_cat?post=21833"},{"taxonomy":"product_tag","embeddable":true,"href":"https:\/\/stone-phoenix.com\/fr\/wp-json\/wp\/v2\/product_tag?post=21833"}],"curies":[{"name":"wp","href":"https:\/\/api.w.org\/{rel}","templated":true}]}}