{"id":21838,"date":"2023-12-29T21:37:25","date_gmt":"2023-12-29T13:37:25","guid":{"rendered":"http:\/\/stone-phoenix.com\/product\/green-marble-slab-natural-stone-rainforest-onyx"},"modified":"2024-03-23T20:29:15","modified_gmt":"2024-03-23T12:29:15","slug":"green-marble-slab-natural-stone-rainforest-onyx","status":"publish","type":"product","link":"https:\/\/stone-phoenix.com\/fr\/produit\/green-marble-slab-natural-stone-rainforest-onyx","title":{"rendered":"dalle de marbre vert pierre naturelle onyx de la for\u00eat tropicale"},"content":{"rendered":"<div id=\"tab-description\" class=\"woocommerce-Tabs-panel woocommerce-Tabs-panel--description panel entry-content wc-tab\" role=\"tabpanel\" aria-labelledby=\"tab-title-description\">\n<div id=\"ali-anchor-AliPostDhMb-qkngg\" style=\"padding-top: 8px;\" data-section=\"AliPostDhMb-qkngg\" data-section-title=\"Product Description\">\n<h2 style=\"text-align: center;\">Plaque de marbre vert onyx rainforest en pierre naturelle<\/h2>\n<p>Depuis des si\u00e8cles, le marbre vert est un choix populaire pour les comptoirs et autres projets de construction en pierre. La couleur unique de la pierre attire l'attention et ajoute une beaut\u00e9 naturelle aux espaces int\u00e9rieurs et ext\u00e9rieurs. Le marbre vert de premi\u00e8re qualit\u00e9 pr\u00e9sente un aspect lisse et vitreux qui en fait un candidat attrayant pour tout, des vanit\u00e9s de salle de bain aux sols des halls d'entr\u00e9e.Il s'agit d'un nuage de mots inspirant des id\u00e9es et des images vertes, c'est le cadeau parfait pour la famille et les amis pour toute occasion.<\/p>\n<p>C'est une pierre simple et \u00e9l\u00e9gante qui ajoute une couleur et une texture intenses \u00e0 n'importe quel espace. C'est un min\u00e9ral qui forme une roche et qui peut \u00eatre utilis\u00e9 pour des projets de conservation et \u00e0 d'autres fins. Il existe plusieurs types de marbre vert, et tous ont des nuances diff\u00e9rentes. Certains ont des couleurs tr\u00e8s fonc\u00e9es, presque noires, tandis que d'autres sont d'un vert plus clair, comme celui de l'herbe.<\/p>\n<p>Cette dalle d'aspect moderne a une finition lisse et peut \u00eatre utilis\u00e9e comme comptoir, rev\u00eatement de sol, dosseret ou contour de douche. La dalle de marbre vert est un excellent choix pour une utilisation en tant que dalle murale int\u00e9rieure ou ext\u00e9rieure, c'est un mat\u00e9riau durable et riche.<\/p>\n<div id=\"ali-title-AliPostDhMb-qkngg\" style=\"padding: 8px 0; border-bottom: 1px solid #ddd;\"><span style=\"background-color: #ddd; color: #333; font-weight: bold; padding: 8px 10px; line-height: 12px;\">Description du produit<\/span><\/div>\n<div style=\"padding: 10px 0;\"><\/div>\n<div style=\"padding: 10px 0;\">\n<table class=\"aliDataTable\" style=\"color: #000000; font-family: Arial; font-size: 12px; font-style: normal; font-weight: 400; background-color: #ffffff; width: 746.066px; height: 226px; border: 1px solid #b3b3b3;\">\n<tbody>\n<tr style=\"height: 21px;\">\n<td style=\"border: 1px solid #b3b3b3; width: 162px;\"><strong><span style=\"font-family: arial, helvetica, sans-serif; font-size: 14px;\">Mat\u00e9riau :<\/span><\/strong><\/td>\n<td style=\"border: 1px solid #b3b3b3; width: 595.066px;\">Plaque de marbre vert onyx rainforest en pierre naturelle<\/td>\n<\/tr>\n<tr style=\"height: 21px;\">\n<td style=\"border: 1px solid #b3b3b3; width: 162px;\"><strong><span style=\"font-family: arial, helvetica, sans-serif; font-size: 14px;\">Couleur :<\/span><\/strong><\/td>\n<td style=\"border: 1px solid #b3b3b3; width: 595.066px;\"><span style=\"font-family: arial, helvetica, sans-serif; font-size: 14px;\">Blanc, beige, noir, marron, gris, rouge, vert, bleu, etc.<\/span><\/td>\n<\/tr>\n<tr style=\"height: 21px;\">\n<td style=\"border: 1px solid #b3b3b3; width: 162px;\" rowspan=\"3\"><strong><span style=\"font-family: arial, helvetica, sans-serif; font-size: 14px;\">Taille :<\/span><\/strong><\/td>\n<td style=\"border: 1px solid #b3b3b3; width: 595.066px;\"><span style=\"font-family: arial, helvetica, sans-serif; font-size: 14px;\"><span style=\"text-decoration: underline;\">Carreaux disponibles<\/span> <\/span><br \/>\n<span style=\"font-family: arial, helvetica, sans-serif; font-size: 14px;\">12\u2032 X 12\u2033,24\u2032 X 24\u2033,12\u2032 X 24\u2033,etc 300x300mm,300x600mm,400x400mm,600x600mm,600\u00d71200,800\u00d7800,etc<\/span><\/td>\n<\/tr>\n<tr style=\"height: 21px;\">\n<td style=\"border: 1px solid #b3b3b3; width: 595.066px;\"><span style=\"font-family: arial, helvetica, sans-serif; font-size: 14px;\"><span style=\"text-decoration: underline;\">Grandes dalles disponibles<\/span>\u00a0 \u00a0 \u00a0 \u00a0 \u00a0 \u00a0 \u00a0 \u00a0 \u00a0 \u00a0 \u00a0 \u00a0 \u00a0 \u00a0 \u00a0 \u00a0 \u00a0 \u00a0 \u00a0 \u00a0 \u00a0 \u00a0 \u00a0 \u00a0 \u00a0 \u00a0 \u00a0 \u00a0 \u00a0 \u00a0 \u00a0 \u00a0 \u00a0 \u00a0 \u00a0 \u00a0 \u00a0 \u00a0 \u00a0 \u00a0 \u00a0 \u00a0 \u00a0 \u00a0 \u00a0 \u00a0 \u00a0 \u00a0 \u00a0 \u00a0 \u00a0 \u00a0 \u00a0 240cmUpx120UP<\/span><\/td>\n<\/tr>\n<tr style=\"height: 21px;\">\n<td style=\"border: 1px solid #b3b3b3; width: 595.066px;\"><span style=\"font-family: arial, helvetica, sans-serif; font-size: 14px;\">Des sp\u00e9cifications personnalis\u00e9es sont disponibles<\/span><\/td>\n<\/tr>\n<tr style=\"height: 21px;\">\n<td style=\"border: 1px solid #b3b3b3; width: 162px;\"><strong><span style=\"font-family: arial, helvetica, sans-serif; font-size: 14px;\">Tol\u00e9rance d'\u00e9paisseur :<\/span><\/strong><\/td>\n<td style=\"border: 1px solid #b3b3b3; width: 595.066px;\"><span style=\"font-size: 14px; font-family: arial, helvetica, sans-serif;\">\u00b10,05mm, \u00b11mm, \u00b11,5mm, \u00b12mm, selon les exigences de qualit\u00e9 du client<\/span><\/td>\n<\/tr>\n<tr style=\"height: 21px;\">\n<td style=\"border: 1px solid #b3b3b3; width: 162px;\"><strong><span style=\"font-family: arial, helvetica, sans-serif; font-size: 14px;\">Surface :<\/span><\/strong><\/td>\n<td style=\"border: 1px solid #b3b3b3; width: 595.066px;\"><span style=\"font-size: 14px; font-family: arial, helvetica, sans-serif;\">Poli, adouci, assorti au livre, antique, rainur\u00e9, bross\u00e9, d\u00e9cap\u00e9, sabl\u00e9, jet d'eau, etc.<\/span><\/td>\n<\/tr>\n<tr style=\"height: auto;\">\n<td style=\"border: 1px solid #b3b3b3; width: 162px;\"><strong><span style=\"font-family: arial, helvetica, sans-serif; font-size: 14px;\">Emballage :<\/span><\/strong><\/td>\n<td style=\"border: 1px solid #b3b3b3; width: 595.066px;\"><span style=\"font-family: arial, helvetica, sans-serif; font-size: 14px;\"> Fardeaux et caisses en bois en \u00e9tat de navigabilit\u00e9<\/span><\/td>\n<\/tr>\n<tr style=\"height: 21px;\">\n<td style=\"border: 1px solid #b3b3b3; width: 162px;\"><strong><span style=\"font-family: arial, helvetica, sans-serif; font-size: 14px;\">Application :<\/span><\/strong><\/td>\n<td style=\"border: 1px solid #b3b3b3; width: 595.066px;\"><span style=\"font-family: arial, helvetica, sans-serif; font-size: 14px;\">Mur int\u00e9rieur, sol, plinthe, mur de fond, comptoir, escalier, etc.<\/span><\/td>\n<\/tr>\n<tr style=\"height: 21px;\">\n<td style=\"border: 1px solid #b3b3b3; width: 162px;\"><strong><span style=\"font-family: arial, helvetica, sans-serif; font-size: 14px;\">D\u00e9lai de livraison :<\/span><\/strong><\/td>\n<td style=\"border: 1px solid #b3b3b3; width: 595.066px;\"><span style=\"font-family: arial, helvetica, sans-serif; font-size: 14px;\"> 15-20 jours pour les tailles normales<\/span><\/td>\n<\/tr>\n<tr style=\"height: 21px;\">\n<td style=\"border: 1px solid #b3b3b3; width: 162px;\"><strong><span style=\"font-family: arial, helvetica, sans-serif; font-size: 14px;\">Certificat :<\/span><\/strong><\/td>\n<td style=\"border: 1px solid #b3b3b3; width: 595.066px;\"><span style=\"font-family: arial, helvetica, sans-serif; font-size: 14px;\">CE, SGS<\/span><\/td>\n<\/tr>\n<tr style=\"height: 21px;\">\n<td style=\"border: 1px solid #b3b3b3; width: 162px;\"><strong><span style=\"font-family: arial, helvetica, sans-serif; font-size: 14px;\">Conditions de paiement :<\/span><\/strong><\/td>\n<td style=\"border: 1px solid #b3b3b3; width: 595.066px;\"><span style=\"font-family: arial, helvetica, sans-serif; font-size: 14px;\">T\/T, L\/C, D\/P<\/span><\/td>\n<\/tr>\n<tr style=\"height: 42px;\">\n<td style=\"border: 1px solid #b3b3b3; width: 162px;\"><strong><span style=\"font-family: arial, helvetica, sans-serif; font-size: 14px;\">Avantage :<\/span><\/strong><\/td>\n<td style=\"border: 1px solid #b3b3b3; width: 595.066px;\"><span style=\"font-family: arial, helvetica, sans-serif; font-size: 14px;\">1) Service unique pour la pierre ;<\/span><\/p>\n<p><span style=\"font-family: arial, helvetica, sans-serif; font-size: 14px;\">2) Poss\u00e9der 3 carri\u00e8res et 9 usines ;<\/span><\/p>\n<p><span style=\"font-family: arial, helvetica, sans-serif; font-size: 14px;\">3) Des supports technologiques de pointe.<\/span><\/td>\n<\/tr>\n<tr style=\"height: 42px;\">\n<td style=\"border: 1px solid #b3b3b3; width: 162px;\"><strong><span style=\"font-family: arial, helvetica, sans-serif; font-size: 14px;\">Assurance de la qualit\u00e9 et de la livraison :\u00a0<\/span><\/strong><\/td>\n<td style=\"border: 1px solid #b3b3b3; width: 595.066px;\"><span style=\"font-family: arial, helvetica, sans-serif; font-size: 14px;\">Tout au long du processus de production, du choix des mat\u00e9riaux \u00e0 l'emballage en passant par la fabrication, notre service de contr\u00f4le de la qualit\u00e9 contr\u00f4le rigoureusement chaque pi\u00e8ce et chaque processus afin de garantir le respect des normes de qualit\u00e9 et le respect des d\u00e9lais de livraison.<\/span><\/td>\n<\/tr>\n<\/tbody>\n<\/table>\n<p><img loading=\"lazy\" decoding=\"async\" class=\"alignnone size-full wp-image-25719\" src=\"http:\/\/stone-phoenix.com\/wp-content\/uploads\/2023\/12\/green-marble-slab-natural-stone-rainforest-onyx-4.jpg\" alt=\"\" width=\"1120\" height=\"870\" srcset=\"https:\/\/stone-phoenix.com\/wp-content\/uploads\/2023\/12\/green-marble-slab-natural-stone-rainforest-onyx-4.jpg 1120w, https:\/\/stone-phoenix.com\/wp-content\/uploads\/2023\/12\/green-marble-slab-natural-stone-rainforest-onyx-4-300x233.jpg 300w, https:\/\/stone-phoenix.com\/wp-content\/uploads\/2023\/12\/green-marble-slab-natural-stone-rainforest-onyx-4-1024x795.jpg 1024w, https:\/\/stone-phoenix.com\/wp-content\/uploads\/2023\/12\/green-marble-slab-natural-stone-rainforest-onyx-4-768x597.jpg 768w, https:\/\/stone-phoenix.com\/wp-content\/uploads\/2023\/12\/green-marble-slab-natural-stone-rainforest-onyx-4-15x12.jpg 15w, https:\/\/stone-phoenix.com\/wp-content\/uploads\/2023\/12\/green-marble-slab-natural-stone-rainforest-onyx-4-600x466.jpg 600w, https:\/\/stone-phoenix.com\/wp-content\/uploads\/2023\/12\/green-marble-slab-natural-stone-rainforest-onyx-4-150x117.jpg 150w\" sizes=\"(max-width: 1120px) 100vw, 1120px\" \/><img loading=\"lazy\" decoding=\"async\" class=\"alignnone size-full wp-image-25720\" src=\"http:\/\/stone-phoenix.com\/wp-content\/uploads\/2023\/12\/green-marble-slab-natural-stone-rainforest-onyx-5.jpg\" alt=\"\" width=\"1123\" height=\"885\" srcset=\"https:\/\/stone-phoenix.com\/wp-content\/uploads\/2023\/12\/green-marble-slab-natural-stone-rainforest-onyx-5.jpg 1123w, https:\/\/stone-phoenix.com\/wp-content\/uploads\/2023\/12\/green-marble-slab-natural-stone-rainforest-onyx-5-300x236.jpg 300w, https:\/\/stone-phoenix.com\/wp-content\/uploads\/2023\/12\/green-marble-slab-natural-stone-rainforest-onyx-5-1024x807.jpg 1024w, https:\/\/stone-phoenix.com\/wp-content\/uploads\/2023\/12\/green-marble-slab-natural-stone-rainforest-onyx-5-768x605.jpg 768w, https:\/\/stone-phoenix.com\/wp-content\/uploads\/2023\/12\/green-marble-slab-natural-stone-rainforest-onyx-5-15x12.jpg 15w, https:\/\/stone-phoenix.com\/wp-content\/uploads\/2023\/12\/green-marble-slab-natural-stone-rainforest-onyx-5-600x473.jpg 600w, https:\/\/stone-phoenix.com\/wp-content\/uploads\/2023\/12\/green-marble-slab-natural-stone-rainforest-onyx-5-150x118.jpg 150w\" sizes=\"(max-width: 1123px) 100vw, 1123px\" \/><img loading=\"lazy\" decoding=\"async\" class=\"alignnone size-full wp-image-25721\" src=\"http:\/\/stone-phoenix.com\/wp-content\/uploads\/2023\/12\/green-marble-slab-natural-stone-rainforest-onyx-6.jpg\" alt=\"\" width=\"1120\" height=\"868\" srcset=\"https:\/\/stone-phoenix.com\/wp-content\/uploads\/2023\/12\/green-marble-slab-natural-stone-rainforest-onyx-6.jpg 1120w, https:\/\/stone-phoenix.com\/wp-content\/uploads\/2023\/12\/green-marble-slab-natural-stone-rainforest-onyx-6-300x233.jpg 300w, https:\/\/stone-phoenix.com\/wp-content\/uploads\/2023\/12\/green-marble-slab-natural-stone-rainforest-onyx-6-1024x794.jpg 1024w, https:\/\/stone-phoenix.com\/wp-content\/uploads\/2023\/12\/green-marble-slab-natural-stone-rainforest-onyx-6-768x595.jpg 768w, https:\/\/stone-phoenix.com\/wp-content\/uploads\/2023\/12\/green-marble-slab-natural-stone-rainforest-onyx-6-15x12.jpg 15w, https:\/\/stone-phoenix.com\/wp-content\/uploads\/2023\/12\/green-marble-slab-natural-stone-rainforest-onyx-6-600x465.jpg 600w, https:\/\/stone-phoenix.com\/wp-content\/uploads\/2023\/12\/green-marble-slab-natural-stone-rainforest-onyx-6-150x116.jpg 150w\" sizes=\"(max-width: 1120px) 100vw, 1120px\" \/><\/p>\n<\/div>\n<\/div>\n<\/div>","protected":false},"excerpt":{"rendered":"<p>Natural stone rainforest onyx green marble slab Green marble has been a popular choice for countertops and other stone-based construction<\/p>","protected":false},"featured_media":25715,"template":"","meta":[],"product_cat":[113],"product_tag":[],"_links":{"self":[{"href":"https:\/\/stone-phoenix.com\/fr\/wp-json\/wp\/v2\/product\/21838"}],"collection":[{"href":"https:\/\/stone-phoenix.com\/fr\/wp-json\/wp\/v2\/product"}],"about":[{"href":"https:\/\/stone-phoenix.com\/fr\/wp-json\/wp\/v2\/types\/product"}],"wp:featuredmedia":[{"embeddable":true,"href":"https:\/\/stone-phoenix.com\/fr\/wp-json\/wp\/v2\/media\/25715"}],"wp:attachment":[{"href":"https:\/\/stone-phoenix.com\/fr\/wp-json\/wp\/v2\/media?parent=21838"}],"wp:term":[{"taxonomy":"product_cat","embeddable":true,"href":"https:\/\/stone-phoenix.com\/fr\/wp-json\/wp\/v2\/product_cat?post=21838"},{"taxonomy":"product_tag","embeddable":true,"href":"https:\/\/stone-phoenix.com\/fr\/wp-json\/wp\/v2\/product_tag?post=21838"}],"curies":[{"name":"wp","href":"https:\/\/api.w.org\/{rel}","templated":true}]}}