{"id":21849,"date":"2023-12-29T21:38:11","date_gmt":"2023-12-29T13:38:11","guid":{"rendered":"http:\/\/stone-phoenix.com\/product\/nero-marquina-marble-black-with-white"},"modified":"2024-03-23T20:04:17","modified_gmt":"2024-03-23T12:04:17","slug":"nero-marquina-marble-black-with-white","status":"publish","type":"product","link":"https:\/\/stone-phoenix.com\/fr\/produit\/nero-marquina-marble-black-with-white","title":{"rendered":"Nero Marquina Marble Black With White"},"content":{"rendered":"<div id=\"tab-description\" class=\"woocommerce-Tabs-panel woocommerce-Tabs-panel--description panel entry-content wc-tab\" role=\"tabpanel\" aria-labelledby=\"tab-title-description\">\n<div id=\"ali-anchor-AliPostDhMb-qkngg\" style=\"padding-top: 8px;\" data-section=\"AliPostDhMb-qkngg\" data-section-title=\"Product Description\">\n<h1 style=\"text-align: center;\">Nero Marquina Marble Black With White<\/h1>\n<p>Le marbre Nero Marquina est un marbre noir avec une veine blanche, provenant de la c\u00f4te m\u00e9diterran\u00e9enne en Espagne. Cette pierre pr\u00e9sente un contraste de couleurs frappant qui lui conf\u00e8re un \u00e9l\u00e9ment suppl\u00e9mentaire de sophistication et d'\u00e9l\u00e9gance. Le Nero Marquina est connu pour \u00eatre une pierre classique en mati\u00e8re de carreaux de marbre, utilis\u00e9s dans les cuisines et les salles de bains du monde entier. Sa durabilit\u00e9 exceptionnelle et sa r\u00e9sistance aux taches et \u00e0 l'usure en font l'un des mat\u00e9riaux en pierre naturelle les plus populaires sur le march\u00e9 aujourd'hui, une pierre luxueuse tr\u00e8s recherch\u00e9e par les d\u00e9corateurs d'int\u00e9rieur. La pierre polie a une couleur noire profonde avec des veines blanches, ce qui lui donne un aspect unique et spectaculaire. Notre produit est import\u00e9 de la carri\u00e8re de Sarrabus en Italie et est disponible sous forme de dalles, de carreaux ou de pi\u00e8ces coup\u00e9es sur mesure. Cette pierre est l'un des choix les plus populaires pour les sols, les murs, les colonnes et les escaliers car elle pr\u00e9sente un ton noir extr\u00eamement riche entrecoup\u00e9 d'une belle structure de veines blanches.Le marbre Nero Marquina, qui est un marbre unique produit en combinant deux couleurs de marbre diff\u00e9rentes, pr\u00e9sente une face sombre et mate qui cr\u00e9e un aspect intense et sophistiqu\u00e9. Ce marbre \u00e9l\u00e9gant et raffin\u00e9 contient des veines blanches et des petites taches de diff\u00e9rentes dimensions. Fabriqu\u00e9 avec le plus grand soin, le marbre Nero Marquina est devenu l'une des cr\u00e9ations les plus demand\u00e9es sur le march\u00e9 au cours de ces derni\u00e8res ann\u00e9es. Il est extr\u00eamement polyvalent et peut \u00eatre utilis\u00e9 dans n'importe quel projet n\u00e9cessitant une apparence \u00e9l\u00e9gante et plus formelle. Il convient aux cuisines professionnelles, aux salles de bains domestiques et aux arri\u00e8re-cours.<\/p>\n<div><\/div>\n<div id=\"ali-title-AliPostDhMb-qkngg\" style=\"padding: 8px 0; border-bottom: 1px solid #ddd;\"><span style=\"background-color: #ddd; color: #333; font-weight: bold; padding: 8px 10px; line-height: 12px;\">Description du produit<\/span><\/div>\n<div style=\"padding: 10px 0;\">\n<table class=\"aliDataTable\" style=\"color: #000000; font-family: Arial; font-size: 12px; font-style: normal; font-weight: 400; background-color: #ffffff; width: 746.066px; height: 226px; border: 1px solid #b3b3b3;\">\n<tbody>\n<tr style=\"height: 21px;\">\n<td style=\"border: 1px solid #b3b3b3; width: 162px;\"><strong><span style=\"font-family: arial, helvetica, sans-serif; font-size: 14px;\">Nom du produit :<\/span><\/strong><\/td>\n<td style=\"border: 1px solid #b3b3b3; width: 595.066px;\">gros Marbre Noir Nero Marquina Avec Veines Blanches<\/td>\n<\/tr>\n<tr style=\"height: 21px;\">\n<td style=\"border: 1px solid #b3b3b3; width: 162px;\"><strong><span style=\"font-family: arial, helvetica, sans-serif; font-size: 14px;\">Mat\u00e9riau :<\/span><\/strong><\/td>\n<td style=\"border: 1px solid #b3b3b3; width: 595.066px;\"><span style=\"font-family: arial, helvetica, sans-serif; font-size: 14px;\">Marbre<\/span><\/td>\n<\/tr>\n<tr style=\"height: 21px;\">\n<td style=\"border: 1px solid #b3b3b3; width: 162px;\"><strong><span style=\"font-family: arial, helvetica, sans-serif; font-size: 14px;\">Couleur :<\/span><\/strong><\/td>\n<td style=\"border: 1px solid #b3b3b3; width: 595.066px;\"><span style=\"font-family: arial, helvetica, sans-serif; font-size: 14px;\">Blanc, beige, noir, marron, gris, rouge, vert, bleu, etc.<\/span><\/td>\n<\/tr>\n<tr style=\"height: 21px;\">\n<td style=\"border: 1px solid #b3b3b3; width: 162px;\" rowspan=\"3\"><strong><span style=\"font-family: arial, helvetica, sans-serif; font-size: 14px;\">Taille :<\/span><\/strong><\/td>\n<td style=\"border: 1px solid #b3b3b3; width: 595.066px;\"><span style=\"font-family: arial, helvetica, sans-serif; font-size: 14px;\"><span style=\"text-decoration: underline;\">Carreaux disponibles<\/span> <\/span><br \/>\n<span style=\"font-family: arial, helvetica, sans-serif; font-size: 14px;\">12\u2032 X 12\u2033,24\u2032 X 24\u2033,12\u2032 X 24\u2033,etc 300x300mm,300x600mm,400x400mm,600x600mm,600\u00d71200,800\u00d7800,etc<\/span><\/td>\n<\/tr>\n<tr style=\"height: 21px;\">\n<td style=\"border: 1px solid #b3b3b3; width: 595.066px;\"><span style=\"font-family: arial, helvetica, sans-serif; font-size: 14px;\"><span style=\"text-decoration: underline;\">Grandes dalles disponibles<\/span>\u00a0 \u00a0 \u00a0 \u00a0 \u00a0 \u00a0 \u00a0 \u00a0 \u00a0 \u00a0 \u00a0 \u00a0 \u00a0 \u00a0 \u00a0 \u00a0 \u00a0 \u00a0 \u00a0 \u00a0 \u00a0 \u00a0 \u00a0 \u00a0 \u00a0 \u00a0 \u00a0 \u00a0 \u00a0 \u00a0 \u00a0 \u00a0 \u00a0 \u00a0 \u00a0 \u00a0 \u00a0 \u00a0 \u00a0 \u00a0 \u00a0 \u00a0 \u00a0 \u00a0 \u00a0 \u00a0 \u00a0 \u00a0 \u00a0 \u00a0 \u00a0 \u00a0 \u00a0 240cmUpx120UP<\/span><\/td>\n<\/tr>\n<tr style=\"height: 21px;\">\n<td style=\"border: 1px solid #b3b3b3; width: 595.066px;\"><span style=\"font-family: arial, helvetica, sans-serif; font-size: 14px;\">Des sp\u00e9cifications personnalis\u00e9es sont disponibles<\/span><\/td>\n<\/tr>\n<tr style=\"height: 21px;\">\n<td style=\"border: 1px solid #b3b3b3; width: 162px;\"><strong><span style=\"font-family: arial, helvetica, sans-serif; font-size: 14px;\">Tol\u00e9rance d'\u00e9paisseur :<\/span><\/strong><\/td>\n<td style=\"border: 1px solid #b3b3b3; width: 595.066px;\"><span style=\"font-size: 14px; font-family: arial, helvetica, sans-serif;\">\u00b10,05mm, \u00b11mm, \u00b11,5mm, \u00b12mm, selon les exigences de qualit\u00e9 du client<\/span><\/td>\n<\/tr>\n<tr style=\"height: 21px;\">\n<td style=\"border: 1px solid #b3b3b3; width: 162px;\"><strong><span style=\"font-family: arial, helvetica, sans-serif; font-size: 14px;\">Surface :<\/span><\/strong><\/td>\n<td style=\"border: 1px solid #b3b3b3; width: 595.066px;\"><span style=\"font-size: 14px; font-family: arial, helvetica, sans-serif;\">Poli, adouci, assorti au livre, antique, rainur\u00e9, bross\u00e9, d\u00e9cap\u00e9, sabl\u00e9, jet d'eau, etc.<\/span><\/td>\n<\/tr>\n<tr style=\"height: auto;\">\n<td style=\"border: 1px solid #b3b3b3; width: 162px;\"><strong><span style=\"font-family: arial, helvetica, sans-serif; font-size: 14px;\">Emballage :<\/span><\/strong><\/td>\n<td style=\"border: 1px solid #b3b3b3; width: 595.066px;\"><span style=\"font-family: arial, helvetica, sans-serif; font-size: 14px;\"> Fardeaux et caisses en bois en \u00e9tat de navigabilit\u00e9<\/span><\/td>\n<\/tr>\n<tr style=\"height: 21px;\">\n<td style=\"border: 1px solid #b3b3b3; width: 162px;\"><strong><span style=\"font-family: arial, helvetica, sans-serif; font-size: 14px;\">Application :<\/span><\/strong><\/td>\n<td style=\"border: 1px solid #b3b3b3; width: 595.066px;\"><span style=\"font-family: arial, helvetica, sans-serif; font-size: 14px;\">Mur int\u00e9rieur, sol, plinthe, mur de fond, comptoir, escalier, etc.<\/span><\/td>\n<\/tr>\n<tr style=\"height: 21px;\">\n<td style=\"border: 1px solid #b3b3b3; width: 162px;\"><strong><span style=\"font-family: arial, helvetica, sans-serif; font-size: 14px;\">D\u00e9lai de livraison :<\/span><\/strong><\/td>\n<td style=\"border: 1px solid #b3b3b3; width: 595.066px;\"><span style=\"font-family: arial, helvetica, sans-serif; font-size: 14px;\"> 15-20 jours pour les tailles normales<\/span><\/td>\n<\/tr>\n<tr style=\"height: 21px;\">\n<td style=\"border: 1px solid #b3b3b3; width: 162px;\"><strong><span style=\"font-family: arial, helvetica, sans-serif; font-size: 14px;\">Certificat :<\/span><\/strong><\/td>\n<td style=\"border: 1px solid #b3b3b3; width: 595.066px;\"><span style=\"font-family: arial, helvetica, sans-serif; font-size: 14px;\">CE, SGS<\/span><\/td>\n<\/tr>\n<tr style=\"height: 21px;\">\n<td style=\"border: 1px solid #b3b3b3; width: 162px;\"><strong><span style=\"font-family: arial, helvetica, sans-serif; font-size: 14px;\">Conditions de paiement :<\/span><\/strong><\/td>\n<td style=\"border: 1px solid #b3b3b3; width: 595.066px;\"><span style=\"font-family: arial, helvetica, sans-serif; font-size: 14px;\">T\/T, L\/C, D\/P<\/span><\/td>\n<\/tr>\n<tr style=\"height: 42px;\">\n<td style=\"border: 1px solid #b3b3b3; width: 162px;\"><strong><span style=\"font-family: arial, helvetica, sans-serif; font-size: 14px;\">Avantage :<\/span><\/strong><\/td>\n<td style=\"border: 1px solid #b3b3b3; width: 595.066px;\"><span style=\"font-family: arial, helvetica, sans-serif; font-size: 14px;\">1) Service unique pour la pierre ;<\/span><\/p>\n<p><span style=\"font-family: arial, helvetica, sans-serif; font-size: 14px;\">2) Poss\u00e9der 3 carri\u00e8res et 9 usines ;<\/span><\/p>\n<p><span style=\"font-family: arial, helvetica, sans-serif; font-size: 14px;\">3) Des supports technologiques de pointe.<\/span><\/td>\n<\/tr>\n<tr style=\"height: 42px;\">\n<td style=\"border: 1px solid #b3b3b3; width: 162px;\"><strong><span style=\"font-family: arial, helvetica, sans-serif; font-size: 14px;\">Assurance de la qualit\u00e9 et de la livraison :\u00a0<\/span><\/strong><\/td>\n<td style=\"border: 1px solid #b3b3b3; width: 595.066px;\"><span style=\"font-family: arial, helvetica, sans-serif; font-size: 14px;\">Tout au long du processus de production, du choix des mat\u00e9riaux \u00e0 l'emballage en passant par la fabrication, notre service de contr\u00f4le de la qualit\u00e9 contr\u00f4le rigoureusement chaque pi\u00e8ce et chaque processus afin de garantir le respect des normes de qualit\u00e9 et le respect des d\u00e9lais de livraison.<\/span><\/td>\n<\/tr>\n<\/tbody>\n<\/table>\n<\/div>\n<div style=\"padding: 10px 0px; text-align: left;\"><strong><span style=\"font-size: 18px;\">Marbre noir Nero Marquina avec veines blanches<\/span><\/strong><\/p>\n<p><img loading=\"lazy\" decoding=\"async\" class=\"alignnone size-full wp-image-25710\" src=\"http:\/\/stone-phoenix.com\/wp-content\/uploads\/2023\/12\/Nero-Marquina-Marble-Black-With-White-7.jpg\" alt=\"\" width=\"1117\" height=\"910\" srcset=\"https:\/\/stone-phoenix.com\/wp-content\/uploads\/2023\/12\/Nero-Marquina-Marble-Black-With-White-7.jpg 1117w, https:\/\/stone-phoenix.com\/wp-content\/uploads\/2023\/12\/Nero-Marquina-Marble-Black-With-White-7-300x244.jpg 300w, https:\/\/stone-phoenix.com\/wp-content\/uploads\/2023\/12\/Nero-Marquina-Marble-Black-With-White-7-1024x834.jpg 1024w, https:\/\/stone-phoenix.com\/wp-content\/uploads\/2023\/12\/Nero-Marquina-Marble-Black-With-White-7-768x626.jpg 768w, https:\/\/stone-phoenix.com\/wp-content\/uploads\/2023\/12\/Nero-Marquina-Marble-Black-With-White-7-15x12.jpg 15w, https:\/\/stone-phoenix.com\/wp-content\/uploads\/2023\/12\/Nero-Marquina-Marble-Black-With-White-7-600x489.jpg 600w, https:\/\/stone-phoenix.com\/wp-content\/uploads\/2023\/12\/Nero-Marquina-Marble-Black-With-White-7-150x122.jpg 150w\" sizes=\"(max-width: 1117px) 100vw, 1117px\" \/><img loading=\"lazy\" decoding=\"async\" class=\"alignnone size-full wp-image-25711\" src=\"http:\/\/stone-phoenix.com\/wp-content\/uploads\/2023\/12\/Nero-Marquina-Marble-Black-With-White-8.jpg\" alt=\"\" width=\"1080\" height=\"723\" srcset=\"https:\/\/stone-phoenix.com\/wp-content\/uploads\/2023\/12\/Nero-Marquina-Marble-Black-With-White-8.jpg 1080w, https:\/\/stone-phoenix.com\/wp-content\/uploads\/2023\/12\/Nero-Marquina-Marble-Black-With-White-8-300x201.jpg 300w, https:\/\/stone-phoenix.com\/wp-content\/uploads\/2023\/12\/Nero-Marquina-Marble-Black-With-White-8-1024x686.jpg 1024w, https:\/\/stone-phoenix.com\/wp-content\/uploads\/2023\/12\/Nero-Marquina-Marble-Black-With-White-8-768x514.jpg 768w, https:\/\/stone-phoenix.com\/wp-content\/uploads\/2023\/12\/Nero-Marquina-Marble-Black-With-White-8-18x12.jpg 18w, https:\/\/stone-phoenix.com\/wp-content\/uploads\/2023\/12\/Nero-Marquina-Marble-Black-With-White-8-600x402.jpg 600w, https:\/\/stone-phoenix.com\/wp-content\/uploads\/2023\/12\/Nero-Marquina-Marble-Black-With-White-8-150x100.jpg 150w\" sizes=\"(max-width: 1080px) 100vw, 1080px\" \/><img loading=\"lazy\" decoding=\"async\" class=\"alignnone size-full wp-image-25712\" src=\"http:\/\/stone-phoenix.com\/wp-content\/uploads\/2023\/12\/Nero-Marquina-Marble-Black-With-White-9.jpg\" alt=\"\" width=\"1120\" height=\"853\" srcset=\"https:\/\/stone-phoenix.com\/wp-content\/uploads\/2023\/12\/Nero-Marquina-Marble-Black-With-White-9.jpg 1120w, https:\/\/stone-phoenix.com\/wp-content\/uploads\/2023\/12\/Nero-Marquina-Marble-Black-With-White-9-300x228.jpg 300w, https:\/\/stone-phoenix.com\/wp-content\/uploads\/2023\/12\/Nero-Marquina-Marble-Black-With-White-9-1024x780.jpg 1024w, https:\/\/stone-phoenix.com\/wp-content\/uploads\/2023\/12\/Nero-Marquina-Marble-Black-With-White-9-768x585.jpg 768w, https:\/\/stone-phoenix.com\/wp-content\/uploads\/2023\/12\/Nero-Marquina-Marble-Black-With-White-9-16x12.jpg 16w, https:\/\/stone-phoenix.com\/wp-content\/uploads\/2023\/12\/Nero-Marquina-Marble-Black-With-White-9-600x457.jpg 600w, https:\/\/stone-phoenix.com\/wp-content\/uploads\/2023\/12\/Nero-Marquina-Marble-Black-With-White-9-150x114.jpg 150w\" sizes=\"(max-width: 1120px) 100vw, 1120px\" \/><img loading=\"lazy\" decoding=\"async\" class=\"alignnone size-full wp-image-25713\" src=\"http:\/\/stone-phoenix.com\/wp-content\/uploads\/2023\/12\/Nero-Marquina-Marble-Black-With-White-10.jpg\" alt=\"\" width=\"1117\" height=\"777\" srcset=\"https:\/\/stone-phoenix.com\/wp-content\/uploads\/2023\/12\/Nero-Marquina-Marble-Black-With-White-10.jpg 1117w, https:\/\/stone-phoenix.com\/wp-content\/uploads\/2023\/12\/Nero-Marquina-Marble-Black-With-White-10-300x209.jpg 300w, https:\/\/stone-phoenix.com\/wp-content\/uploads\/2023\/12\/Nero-Marquina-Marble-Black-With-White-10-1024x712.jpg 1024w, https:\/\/stone-phoenix.com\/wp-content\/uploads\/2023\/12\/Nero-Marquina-Marble-Black-With-White-10-768x534.jpg 768w, https:\/\/stone-phoenix.com\/wp-content\/uploads\/2023\/12\/Nero-Marquina-Marble-Black-With-White-10-18x12.jpg 18w, https:\/\/stone-phoenix.com\/wp-content\/uploads\/2023\/12\/Nero-Marquina-Marble-Black-With-White-10-600x417.jpg 600w, https:\/\/stone-phoenix.com\/wp-content\/uploads\/2023\/12\/Nero-Marquina-Marble-Black-With-White-10-150x104.jpg 150w\" sizes=\"(max-width: 1117px) 100vw, 1117px\" \/><\/div>\n<\/div>\n<\/div>","protected":false},"excerpt":{"rendered":"<p>Nero Marquina Marble Black With White Nero Marquina Marble is a black with a white vein marble, coming from the<\/p>","protected":false},"featured_media":25703,"template":"","meta":[],"product_cat":[113],"product_tag":[],"_links":{"self":[{"href":"https:\/\/stone-phoenix.com\/fr\/wp-json\/wp\/v2\/product\/21849"}],"collection":[{"href":"https:\/\/stone-phoenix.com\/fr\/wp-json\/wp\/v2\/product"}],"about":[{"href":"https:\/\/stone-phoenix.com\/fr\/wp-json\/wp\/v2\/types\/product"}],"wp:featuredmedia":[{"embeddable":true,"href":"https:\/\/stone-phoenix.com\/fr\/wp-json\/wp\/v2\/media\/25703"}],"wp:attachment":[{"href":"https:\/\/stone-phoenix.com\/fr\/wp-json\/wp\/v2\/media?parent=21849"}],"wp:term":[{"taxonomy":"product_cat","embeddable":true,"href":"https:\/\/stone-phoenix.com\/fr\/wp-json\/wp\/v2\/product_cat?post=21849"},{"taxonomy":"product_tag","embeddable":true,"href":"https:\/\/stone-phoenix.com\/fr\/wp-json\/wp\/v2\/product_tag?post=21849"}],"curies":[{"name":"wp","href":"https:\/\/api.w.org\/{rel}","templated":true}]}}