{"id":21893,"date":"2023-12-29T21:41:13","date_gmt":"2023-12-29T13:41:13","guid":{"rendered":"http:\/\/stone-phoenix.com\/product\/panda-white-marble-slab-for-your-luxury-decor"},"modified":"2024-03-23T10:30:38","modified_gmt":"2024-03-23T02:30:38","slug":"panda-white-marble-slab-for-your-luxury-decor","status":"publish","type":"product","link":"https:\/\/stone-phoenix.com\/fr\/produit\/panda-white-marble-slab-for-your-luxury-decor","title":{"rendered":"plaque de marbre blanc panda pour votre d\u00e9cor de luxe"},"content":{"rendered":"<div id=\"tab-description\" class=\"woocommerce-Tabs-panel woocommerce-Tabs-panel--description panel entry-content wc-tab\" role=\"tabpanel\" aria-labelledby=\"tab-title-description\">\n<h2>Plaque de marbre blanc Panda Pour votre d\u00e9coration de luxe Marbre chinois pour le sol<\/h2>\n<p>La dalle de marbre blanc panda est une pierre pure et raffin\u00e9e, avec son propre style de beaut\u00e9 naturelle. Elle n'a pas besoin d'\u00eatre trop habill\u00e9e, ce qui la rend parfaite pour n'importe quelle maison. Elle est facile \u00e0 entretenir, durable et ne n\u00e9cessite que peu de maintenance, ce qui vous permettra d'en profiter pendant des ann\u00e9es !<\/p>\n<p>Il est utilis\u00e9 pour la cuisine, la salle de bain, le rev\u00eatement mural et le rev\u00eatement de sol.La dalle de marbre blanc Panda est un excellent article. Ce produit a une vari\u00e9t\u00e9 d'applications sur le march\u00e9 de l'\u00e9clairage, des projets r\u00e9sidentiels et commerciaux \u00e0 l'utilisation d\u00e9corative g\u00e9n\u00e9rale.Panda White Marble a l'aspect d'un marbre blanc authentique avec une finition mate.<\/p>\n<p>Il est durable et convient aussi bien aux sols qu'aux murs, ce qui en fait une option polyvalente pour la maison ou le bureau. Ce marbre se trouve en Italie, \u00e0 haute altitude, dans une v\u00e9g\u00e9tation luxuriante, ce qui lui conf\u00e8re ses veines vertes profondes caract\u00e9ristiques.<\/p>\n<p>Avec une texture riche et des veines fines, il est \u00e9l\u00e9gant, luxueux et plein de vitalit\u00e9. Le marbre blanc Panda classique est le compl\u00e9ment parfait de toute maison. Il offre un ton pur et subtil qui peut \u00eatre associ\u00e9 \u00e0 de nombreuses autres couleurs et designs.<\/p>\n<h2><img loading=\"lazy\" decoding=\"async\" class=\"alignnone size-full wp-image-21895\" src=\"http:\/\/stone-phoenix.com\/wp-content\/uploads\/2023\/12\/1703886074.jpg\" width=\"1200\" height=\"800\" srcset=\"https:\/\/stone-phoenix.com\/wp-content\/uploads\/2023\/12\/1703886074.jpg 1200w, https:\/\/stone-phoenix.com\/wp-content\/uploads\/2023\/12\/1703886074-300x200.jpg 300w, https:\/\/stone-phoenix.com\/wp-content\/uploads\/2023\/12\/1703886074-1024x683.jpg 1024w, https:\/\/stone-phoenix.com\/wp-content\/uploads\/2023\/12\/1703886074-768x512.jpg 768w, https:\/\/stone-phoenix.com\/wp-content\/uploads\/2023\/12\/1703886074-18x12.jpg 18w, https:\/\/stone-phoenix.com\/wp-content\/uploads\/2023\/12\/1703886074-600x400.jpg 600w, https:\/\/stone-phoenix.com\/wp-content\/uploads\/2023\/12\/1703886074-150x100.jpg 150w\" sizes=\"(max-width: 1200px) 100vw, 1200px\" \/><img loading=\"lazy\" decoding=\"async\" class=\"alignnone size-full wp-image-25654\" src=\"http:\/\/stone-phoenix.com\/wp-content\/uploads\/2023\/12\/panda-white-marble-slab-for-your-luxury-decor-8.jpg\" alt=\"\" width=\"1119\" height=\"844\" srcset=\"https:\/\/stone-phoenix.com\/wp-content\/uploads\/2023\/12\/panda-white-marble-slab-for-your-luxury-decor-8.jpg 1119w, https:\/\/stone-phoenix.com\/wp-content\/uploads\/2023\/12\/panda-white-marble-slab-for-your-luxury-decor-8-300x226.jpg 300w, https:\/\/stone-phoenix.com\/wp-content\/uploads\/2023\/12\/panda-white-marble-slab-for-your-luxury-decor-8-1024x772.jpg 1024w, https:\/\/stone-phoenix.com\/wp-content\/uploads\/2023\/12\/panda-white-marble-slab-for-your-luxury-decor-8-768x579.jpg 768w, https:\/\/stone-phoenix.com\/wp-content\/uploads\/2023\/12\/panda-white-marble-slab-for-your-luxury-decor-8-16x12.jpg 16w, https:\/\/stone-phoenix.com\/wp-content\/uploads\/2023\/12\/panda-white-marble-slab-for-your-luxury-decor-8-600x453.jpg 600w, https:\/\/stone-phoenix.com\/wp-content\/uploads\/2023\/12\/panda-white-marble-slab-for-your-luxury-decor-8-150x113.jpg 150w\" sizes=\"(max-width: 1119px) 100vw, 1119px\" \/><img loading=\"lazy\" decoding=\"async\" class=\"alignnone  wp-image-25655\" src=\"http:\/\/stone-phoenix.com\/wp-content\/uploads\/2023\/12\/panda-white-marble-slab-for-your-luxury-decor-6-1.jpg\" alt=\"\" width=\"954\" height=\"741\" srcset=\"https:\/\/stone-phoenix.com\/wp-content\/uploads\/2023\/12\/panda-white-marble-slab-for-your-luxury-decor-6-1.jpg 595w, https:\/\/stone-phoenix.com\/wp-content\/uploads\/2023\/12\/panda-white-marble-slab-for-your-luxury-decor-6-1-300x233.jpg 300w, https:\/\/stone-phoenix.com\/wp-content\/uploads\/2023\/12\/panda-white-marble-slab-for-your-luxury-decor-6-1-15x12.jpg 15w, https:\/\/stone-phoenix.com\/wp-content\/uploads\/2023\/12\/panda-white-marble-slab-for-your-luxury-decor-6-1-150x116.jpg 150w\" sizes=\"(max-width: 954px) 100vw, 954px\" \/><img loading=\"lazy\" decoding=\"async\" class=\"alignnone size-full wp-image-25656\" src=\"http:\/\/stone-phoenix.com\/wp-content\/uploads\/2023\/12\/panda-white-marble-slab-for-your-luxury-decor-9-1.jpg\" alt=\"\" width=\"1123\" height=\"972\" srcset=\"https:\/\/stone-phoenix.com\/wp-content\/uploads\/2023\/12\/panda-white-marble-slab-for-your-luxury-decor-9-1.jpg 1123w, https:\/\/stone-phoenix.com\/wp-content\/uploads\/2023\/12\/panda-white-marble-slab-for-your-luxury-decor-9-1-300x260.jpg 300w, https:\/\/stone-phoenix.com\/wp-content\/uploads\/2023\/12\/panda-white-marble-slab-for-your-luxury-decor-9-1-1024x886.jpg 1024w, https:\/\/stone-phoenix.com\/wp-content\/uploads\/2023\/12\/panda-white-marble-slab-for-your-luxury-decor-9-1-768x665.jpg 768w, https:\/\/stone-phoenix.com\/wp-content\/uploads\/2023\/12\/panda-white-marble-slab-for-your-luxury-decor-9-1-14x12.jpg 14w, https:\/\/stone-phoenix.com\/wp-content\/uploads\/2023\/12\/panda-white-marble-slab-for-your-luxury-decor-9-1-600x519.jpg 600w, https:\/\/stone-phoenix.com\/wp-content\/uploads\/2023\/12\/panda-white-marble-slab-for-your-luxury-decor-9-1-150x130.jpg 150w\" sizes=\"(max-width: 1123px) 100vw, 1123px\" \/><\/h2>\n<div id=\"ali-anchor-AliPostDhMb-qkngg\" style=\"padding-top: 8px;\" data-section=\"AliPostDhMb-qkngg\" data-section-title=\"Product Description\">\n<div id=\"ali-title-AliPostDhMb-qkngg\" style=\"padding: 8px 0; border-bottom: 1px solid #ddd;\"><span style=\"background-color: #ddd; color: #333; font-weight: bold; padding: 8px 10px; line-height: 12px;\">Description du produit<\/span><\/div>\n<div style=\"padding: 10px 0;\">\n<table class=\"aliDataTable\" style=\"color: #000000; font-family: Arial; font-size: 12px; font-style: normal; font-weight: 400; background-color: #ffffff; width: 746.066px; height: 226px; border: 1px solid #b3b3b3;\">\n<tbody>\n<tr style=\"height: 21px;\">\n<td style=\"border: 1px solid #b3b3b3; width: 162px;\"><strong><span style=\"font-family: arial, helvetica, sans-serif; font-size: 14px;\">Nom du produit :<\/span><\/strong><\/td>\n<td style=\"border: 1px solid #b3b3b3; width: 595.066px;\">Pour votre d\u00e9coration de luxe Marbre de sol chinois Panda,Carrelage blanc Panda,Prix des dalles de pierre de marbre blanc Panda de Chine<\/td>\n<\/tr>\n<tr style=\"height: 21px;\">\n<td style=\"border: 1px solid #b3b3b3; width: 162px;\"><strong><span style=\"font-family: arial, helvetica, sans-serif; font-size: 14px;\">Mat\u00e9riau :<\/span><\/strong><\/td>\n<td style=\"border: 1px solid #b3b3b3; width: 595.066px;\"><span style=\"font-family: arial, helvetica, sans-serif; font-size: 14px;\">Marbre<\/span><\/td>\n<\/tr>\n<tr style=\"height: 21px;\">\n<td style=\"border: 1px solid #b3b3b3; width: 162px;\"><strong><span style=\"font-family: arial, helvetica, sans-serif; font-size: 14px;\">Couleur :<\/span><\/strong><\/td>\n<td style=\"border: 1px solid #b3b3b3; width: 595.066px;\"><span style=\"font-family: arial, helvetica, sans-serif; font-size: 14px;\">Blanc, beige, noir, marron, gris, rouge, vert, bleu, etc.<\/span><\/td>\n<\/tr>\n<tr style=\"height: 21px;\">\n<td style=\"border: 1px solid #b3b3b3; width: 162px;\" rowspan=\"3\"><strong><span style=\"font-family: arial, helvetica, sans-serif; font-size: 14px;\">Taille :<\/span><\/strong><\/td>\n<td style=\"border: 1px solid #b3b3b3; width: 595.066px;\"><span style=\"font-family: arial, helvetica, sans-serif; font-size: 14px;\"><span style=\"text-decoration: underline;\">Carreaux disponibles<\/span> <\/span><br \/>\n<span style=\"font-family: arial, helvetica, sans-serif; font-size: 14px;\">12\u2032 X 12\u2033,24\u2032 X 24\u2033,12\u2032 X 24\u2033,etc 300x300mm,300x600mm,400x400mm,600x600mm,600\u00d71200,800\u00d7800,etc<\/span><\/td>\n<\/tr>\n<tr style=\"height: 21px;\">\n<td style=\"border: 1px solid #b3b3b3; width: 595.066px;\"><span style=\"font-family: arial, helvetica, sans-serif; font-size: 14px;\"><span style=\"text-decoration: underline;\">Grandes dalles disponibles<\/span>\u00a0 \u00a0 \u00a0 \u00a0 \u00a0 \u00a0 \u00a0 \u00a0 \u00a0 \u00a0 \u00a0 \u00a0 \u00a0 \u00a0 \u00a0 \u00a0 \u00a0 \u00a0 \u00a0 \u00a0 \u00a0 \u00a0 \u00a0 \u00a0 \u00a0 \u00a0 \u00a0 \u00a0 \u00a0 \u00a0 \u00a0 \u00a0 \u00a0 \u00a0 \u00a0 \u00a0 \u00a0 \u00a0 \u00a0 \u00a0 \u00a0 \u00a0 \u00a0 \u00a0 \u00a0 \u00a0 \u00a0 \u00a0 \u00a0 \u00a0 \u00a0 \u00a0 \u00a0 240cmUpx120UP<\/span><\/td>\n<\/tr>\n<tr style=\"height: 21px;\">\n<td style=\"border: 1px solid #b3b3b3; width: 595.066px;\"><span style=\"font-family: arial, helvetica, sans-serif; font-size: 14px;\">Des sp\u00e9cifications personnalis\u00e9es sont disponibles<\/span><\/td>\n<\/tr>\n<tr style=\"height: 21px;\">\n<td style=\"border: 1px solid #b3b3b3; width: 162px;\"><strong><span style=\"font-family: arial, helvetica, sans-serif; font-size: 14px;\">Tol\u00e9rance d'\u00e9paisseur :<\/span><\/strong><\/td>\n<td style=\"border: 1px solid #b3b3b3; width: 595.066px;\"><span style=\"font-size: 14px; font-family: arial, helvetica, sans-serif;\">\u00b10,05mm, \u00b11mm, \u00b11,5mm, \u00b12mm, selon les exigences de qualit\u00e9 du client<\/span><\/td>\n<\/tr>\n<tr style=\"height: 21px;\">\n<td style=\"border: 1px solid #b3b3b3; width: 162px;\"><strong><span style=\"font-family: arial, helvetica, sans-serif; font-size: 14px;\">Surface :<\/span><\/strong><\/td>\n<td style=\"border: 1px solid #b3b3b3; width: 595.066px;\"><span style=\"font-size: 14px; font-family: arial, helvetica, sans-serif;\">Poli, adouci, assorti au livre, antique, rainur\u00e9, bross\u00e9, d\u00e9cap\u00e9, sabl\u00e9, jet d'eau, etc.<\/span><\/td>\n<\/tr>\n<tr style=\"height: auto;\">\n<td style=\"border: 1px solid #b3b3b3; width: 162px;\"><strong><span style=\"font-family: arial, helvetica, sans-serif; font-size: 14px;\">Emballage :<\/span><\/strong><\/td>\n<td style=\"border: 1px solid #b3b3b3; width: 595.066px;\"><span style=\"font-family: arial, helvetica, sans-serif; font-size: 14px;\"> Fardeaux et caisses en bois en \u00e9tat de navigabilit\u00e9<\/span><\/td>\n<\/tr>\n<tr style=\"height: 21px;\">\n<td style=\"border: 1px solid #b3b3b3; width: 162px;\"><strong><span style=\"font-family: arial, helvetica, sans-serif; font-size: 14px;\">Application :<\/span><\/strong><\/td>\n<td style=\"border: 1px solid #b3b3b3; width: 595.066px;\"><span style=\"font-family: arial, helvetica, sans-serif; font-size: 14px;\">Mur int\u00e9rieur, sol, plinthe, mur de fond, comptoir, escalier, etc.<\/span><\/td>\n<\/tr>\n<tr style=\"height: 21px;\">\n<td style=\"border: 1px solid #b3b3b3; width: 162px;\"><strong><span style=\"font-family: arial, helvetica, sans-serif; font-size: 14px;\">D\u00e9lai de livraison :<\/span><\/strong><\/td>\n<td style=\"border: 1px solid #b3b3b3; width: 595.066px;\"><span style=\"font-family: arial, helvetica, sans-serif; font-size: 14px;\"> 15-20 jours pour les tailles normales<\/span><\/td>\n<\/tr>\n<tr style=\"height: 21px;\">\n<td style=\"border: 1px solid #b3b3b3; width: 162px;\"><strong><span style=\"font-family: arial, helvetica, sans-serif; font-size: 14px;\">Certificat :<\/span><\/strong><\/td>\n<td style=\"border: 1px solid #b3b3b3; width: 595.066px;\"><span style=\"font-family: arial, helvetica, sans-serif; font-size: 14px;\">CE, SGS<\/span><\/td>\n<\/tr>\n<tr style=\"height: 21px;\">\n<td style=\"border: 1px solid #b3b3b3; width: 162px;\"><strong><span style=\"font-family: arial, helvetica, sans-serif; font-size: 14px;\">Conditions de paiement :<\/span><\/strong><\/td>\n<td style=\"border: 1px solid #b3b3b3; width: 595.066px;\"><span style=\"font-family: arial, helvetica, sans-serif; font-size: 14px;\">T\/T, L\/C, D\/P<\/span><\/td>\n<\/tr>\n<tr style=\"height: 42px;\">\n<td style=\"border: 1px solid #b3b3b3; width: 162px;\"><strong><span style=\"font-family: arial, helvetica, sans-serif; font-size: 14px;\">Avantage :<\/span><\/strong><\/td>\n<td style=\"border: 1px solid #b3b3b3; width: 595.066px;\"><span style=\"font-family: arial, helvetica, sans-serif; font-size: 14px;\">1) Service unique pour la pierre ;<\/span><\/p>\n<p><span style=\"font-family: arial, helvetica, sans-serif; font-size: 14px;\">2) Poss\u00e9der 3 carri\u00e8res et 9 usines ;<\/span><\/p>\n<p><span style=\"font-family: arial, helvetica, sans-serif; font-size: 14px;\">3) Des supports technologiques de pointe.<\/span><\/td>\n<\/tr>\n<tr style=\"height: 42px;\">\n<td style=\"border: 1px solid #b3b3b3; width: 162px;\"><strong><span style=\"font-family: arial, helvetica, sans-serif; font-size: 14px;\">Assurance de la qualit\u00e9 et de la livraison :\u00a0<\/span><\/strong><\/td>\n<td style=\"border: 1px solid #b3b3b3; width: 595.066px;\"><span style=\"font-family: arial, helvetica, sans-serif; font-size: 14px;\">Tout au long du processus de production, du choix des mat\u00e9riaux \u00e0 l'emballage en passant par la fabrication, notre service de contr\u00f4le de la qualit\u00e9 contr\u00f4le rigoureusement chaque pi\u00e8ce et chaque processus afin de garantir le respect des normes de qualit\u00e9 et le respect des d\u00e9lais de livraison.<\/span><\/td>\n<\/tr>\n<\/tbody>\n<\/table>\n<p><img loading=\"lazy\" decoding=\"async\" class=\"alignnone size-full wp-image-21898\" src=\"http:\/\/stone-phoenix.com\/wp-content\/uploads\/2023\/12\/1703886078.jpg\" width=\"750\" height=\"153\" srcset=\"https:\/\/stone-phoenix.com\/wp-content\/uploads\/2023\/12\/1703886078.jpg 750w, https:\/\/stone-phoenix.com\/wp-content\/uploads\/2023\/12\/1703886078-300x61.jpg 300w, https:\/\/stone-phoenix.com\/wp-content\/uploads\/2023\/12\/1703886078-18x4.jpg 18w, https:\/\/stone-phoenix.com\/wp-content\/uploads\/2023\/12\/1703886078-600x122.jpg 600w, https:\/\/stone-phoenix.com\/wp-content\/uploads\/2023\/12\/1703886078-150x31.jpg 150w\" sizes=\"(max-width: 750px) 100vw, 750px\" \/><\/p>\n<\/div>\n<\/div>\n<\/div>","protected":false},"excerpt":{"rendered":"<p>Panda White Marble Slab For your luxury decor Chinese Floor Marble panda white marble slab is a pure and refined,<\/p>","protected":false},"featured_media":25645,"template":"","meta":[],"product_cat":[113],"product_tag":[],"_links":{"self":[{"href":"https:\/\/stone-phoenix.com\/fr\/wp-json\/wp\/v2\/product\/21893"}],"collection":[{"href":"https:\/\/stone-phoenix.com\/fr\/wp-json\/wp\/v2\/product"}],"about":[{"href":"https:\/\/stone-phoenix.com\/fr\/wp-json\/wp\/v2\/types\/product"}],"wp:featuredmedia":[{"embeddable":true,"href":"https:\/\/stone-phoenix.com\/fr\/wp-json\/wp\/v2\/media\/25645"}],"wp:attachment":[{"href":"https:\/\/stone-phoenix.com\/fr\/wp-json\/wp\/v2\/media?parent=21893"}],"wp:term":[{"taxonomy":"product_cat","embeddable":true,"href":"https:\/\/stone-phoenix.com\/fr\/wp-json\/wp\/v2\/product_cat?post=21893"},{"taxonomy":"product_tag","embeddable":true,"href":"https:\/\/stone-phoenix.com\/fr\/wp-json\/wp\/v2\/product_tag?post=21893"}],"curies":[{"name":"wp","href":"https:\/\/api.w.org\/{rel}","templated":true}]}}