{"id":21899,"date":"2023-12-29T21:41:36","date_gmt":"2023-12-29T13:41:36","guid":{"rendered":"http:\/\/stone-phoenix.com\/product\/panda-white-marble-slabs-for-windowsill-stones"},"modified":"2024-03-23T10:19:42","modified_gmt":"2024-03-23T02:19:42","slug":"panda-white-marble-slabs-for-windowsill-stones","status":"publish","type":"product","link":"https:\/\/stone-phoenix.com\/fr\/produit\/panda-white-marble-slabs-for-windowsill-stones","title":{"rendered":"Dalles de marbre blanc Panda pour rebord de fen\u00eatre"},"content":{"rendered":"<div id=\"tab-description\" class=\"woocommerce-Tabs-panel woocommerce-Tabs-panel--description panel entry-content wc-tab\" role=\"tabpanel\" aria-labelledby=\"tab-title-description\">\n<div id=\"ali-anchor-AliPostDhMb-qkngg\" style=\"padding-top: 8px;\" data-section=\"AliPostDhMb-qkngg\" data-section-title=\"Product Description\">\n<h2>Dalles de marbre blanc Panda pour rebord de fen\u00eatre<\/h2>\n<p>Les dalles de marbre blanc Panda sont un nouveau type de pierre, qui combine l'aspect du marbre avec le prix le plus bas. Ces derni\u00e8res ann\u00e9es, de plus en plus de clients s'int\u00e9ressent au marbre blanc Panda. Les principales caract\u00e9ristiques du marbre blanc Panda sont sa grande r\u00e9sistance, sa belle texture et son faible co\u00fbt.<\/p>\n<p>Si vous n'avez pas encore trouv\u00e9 de pierres en Marbre Blanc Panda \u00e0 vendre, vous devriez certainement consid\u00e9rer le Marbre Blanc Panda lors de votre prochain achat.Le Marbre Blanc Panda est un marbre blanc classique de haute qualit\u00e9 avec des veines moyennes qui traversent la pierre. Il a une texture tr\u00e8s fine et une belle apparence. Chaque pi\u00e8ce de marbre est pure et naturelle, avec son propre motif unique qui fait de chaque pi\u00e8ce une pi\u00e8ce unique.<\/p>\n<p>Il s'agit d'un marbre blanc qui ressemble au ventre d'un panda. Il est fin et luxueux, et vous apporte un sentiment de confort et de relaxation. Nous avons diff\u00e9rentes tailles de dalles \u00e0 choisir, afin que vous puissiez embellir votre cuisine ou votre salle de bain. Cette pierre naturelle est totalement pure.<\/p>\n<p>Il a \u00e9t\u00e9 s\u00e9lectionn\u00e9 et trait\u00e9 \u00e0 la main afin de garantir que sa texture, ses finitions et ses motifs uniques soient de premier ordre. Le marbre blanc est tr\u00e8s populaire et est utilis\u00e9 \u00e0 de nombreuses fins. Nous vous proposons ici une liste des marbres blancs les plus couramment utilis\u00e9s, en plusieurs tailles. Chaque bloc pr\u00e9sente un aspect, une texture et des nuances attrayantes qui lui sont propres<\/p>\n<div id=\"ali-title-AliPostDhMb-qkngg\" style=\"padding: 8px 0; border-bottom: 1px solid #ddd;\"><span style=\"background-color: #ddd; color: #333; font-weight: bold; padding: 8px 10px; line-height: 12px;\">Description du produit<\/span><\/div>\n<div style=\"padding: 10px 0;\">\n<table class=\"aliDataTable\" style=\"color: #000000; font-family: Arial; font-size: 12px; font-style: normal; font-weight: 400; background-color: #ffffff; width: 746.066px; height: 226px; border: 1px solid #b3b3b3;\">\n<tbody>\n<tr style=\"height: 21px;\">\n<td style=\"border: 1px solid #b3b3b3; width: 162px;\"><strong><span style=\"font-family: arial, helvetica, sans-serif; font-size: 14px;\">Nom du produit :<\/span><\/strong><\/td>\n<td style=\"border: 1px solid #b3b3b3; width: 595.066px;\">Quality Panda White Marble Big Slabs For Windowsill Stone (Marbre blanc Panda de qualit\u00e9 - Grandes dalles pour rebord de fen\u00eatre)<\/td>\n<\/tr>\n<tr style=\"height: 21px;\">\n<td style=\"border: 1px solid #b3b3b3; width: 162px;\"><strong><span style=\"font-family: arial, helvetica, sans-serif; font-size: 14px;\">Mat\u00e9riau :<\/span><\/strong><\/td>\n<td style=\"border: 1px solid #b3b3b3; width: 595.066px;\"><span style=\"font-family: arial, helvetica, sans-serif; font-size: 14px;\">Marbre<\/span><\/td>\n<\/tr>\n<tr style=\"height: 21px;\">\n<td style=\"border: 1px solid #b3b3b3; width: 162px;\"><strong><span style=\"font-family: arial, helvetica, sans-serif; font-size: 14px;\">Couleur :<\/span><\/strong><\/td>\n<td style=\"border: 1px solid #b3b3b3; width: 595.066px;\"><span style=\"font-family: arial, helvetica, sans-serif; font-size: 14px;\">Blanc, beige, noir, marron, gris, rouge, vert, bleu, etc.<\/span><\/td>\n<\/tr>\n<tr style=\"height: 21px;\">\n<td style=\"border: 1px solid #b3b3b3; width: 162px;\" rowspan=\"3\"><strong><span style=\"font-family: arial, helvetica, sans-serif; font-size: 14px;\">Taille :<\/span><\/strong><\/td>\n<td style=\"border: 1px solid #b3b3b3; width: 595.066px;\"><span style=\"font-family: arial, helvetica, sans-serif; font-size: 14px;\"><span style=\"text-decoration: underline;\">Carreaux disponibles<\/span> <\/span><br \/>\n<span style=\"font-family: arial, helvetica, sans-serif; font-size: 14px;\">12\u2032 X 12\u2033,24\u2032 X 24\u2033,12\u2032 X 24\u2033,etc 300x300mm,300x600mm,400x400mm,600x600mm,600\u00d71200,800\u00d7800,etc<\/span><\/td>\n<\/tr>\n<tr style=\"height: 21px;\">\n<td style=\"border: 1px solid #b3b3b3; width: 595.066px;\"><span style=\"font-family: arial, helvetica, sans-serif; font-size: 14px;\"><span style=\"text-decoration: underline;\">Grandes dalles disponibles<\/span>\u00a0 \u00a0 \u00a0 \u00a0 \u00a0 \u00a0 \u00a0 \u00a0 \u00a0 \u00a0 \u00a0 \u00a0 \u00a0 \u00a0 \u00a0 \u00a0 \u00a0 \u00a0 \u00a0 \u00a0 \u00a0 \u00a0 \u00a0 \u00a0 \u00a0 \u00a0 \u00a0 \u00a0 \u00a0 \u00a0 \u00a0 \u00a0 \u00a0 \u00a0 \u00a0 \u00a0 \u00a0 \u00a0 \u00a0 \u00a0 \u00a0 \u00a0 \u00a0 \u00a0 \u00a0 \u00a0 \u00a0 \u00a0 \u00a0 \u00a0 \u00a0 \u00a0 \u00a0 240cmUpx120UP<\/span><\/td>\n<\/tr>\n<tr style=\"height: 21px;\">\n<td style=\"border: 1px solid #b3b3b3; width: 595.066px;\"><span style=\"font-family: arial, helvetica, sans-serif; font-size: 14px;\">Des sp\u00e9cifications personnalis\u00e9es sont disponibles<\/span><\/td>\n<\/tr>\n<tr style=\"height: 21px;\">\n<td style=\"border: 1px solid #b3b3b3; width: 162px;\"><strong><span style=\"font-family: arial, helvetica, sans-serif; font-size: 14px;\">Tol\u00e9rance d'\u00e9paisseur :<\/span><\/strong><\/td>\n<td style=\"border: 1px solid #b3b3b3; width: 595.066px;\"><span style=\"font-size: 14px; font-family: arial, helvetica, sans-serif;\">\u00b10,05mm, \u00b11mm, \u00b11,5mm, \u00b12mm, selon les exigences de qualit\u00e9 du client<\/span><\/td>\n<\/tr>\n<tr style=\"height: 21px;\">\n<td style=\"border: 1px solid #b3b3b3; width: 162px;\"><strong><span style=\"font-family: arial, helvetica, sans-serif; font-size: 14px;\">Surface :<\/span><\/strong><\/td>\n<td style=\"border: 1px solid #b3b3b3; width: 595.066px;\"><span style=\"font-size: 14px; font-family: arial, helvetica, sans-serif;\">Poli, adouci, assorti au livre, antique, rainur\u00e9, bross\u00e9, d\u00e9cap\u00e9, sabl\u00e9, jet d'eau, etc.<\/span><\/td>\n<\/tr>\n<tr style=\"height: auto;\">\n<td style=\"border: 1px solid #b3b3b3; width: 162px;\"><strong><span style=\"font-family: arial, helvetica, sans-serif; font-size: 14px;\">Emballage :<\/span><\/strong><\/td>\n<td style=\"border: 1px solid #b3b3b3; width: 595.066px;\"><span style=\"font-family: arial, helvetica, sans-serif; font-size: 14px;\"> Fardeaux et caisses en bois en \u00e9tat de navigabilit\u00e9<\/span><\/td>\n<\/tr>\n<tr style=\"height: 21px;\">\n<td style=\"border: 1px solid #b3b3b3; width: 162px;\"><strong><span style=\"font-family: arial, helvetica, sans-serif; font-size: 14px;\">Application :<\/span><\/strong><\/td>\n<td style=\"border: 1px solid #b3b3b3; width: 595.066px;\"><span style=\"font-family: arial, helvetica, sans-serif; font-size: 14px;\">Mur int\u00e9rieur, sol, plinthe, mur de fond, comptoir, escalier, etc.<\/span><\/td>\n<\/tr>\n<tr style=\"height: 21px;\">\n<td style=\"border: 1px solid #b3b3b3; width: 162px;\"><strong><span style=\"font-family: arial, helvetica, sans-serif; font-size: 14px;\">D\u00e9lai de livraison :<\/span><\/strong><\/td>\n<td style=\"border: 1px solid #b3b3b3; width: 595.066px;\"><span style=\"font-family: arial, helvetica, sans-serif; font-size: 14px;\"> 15-20 jours pour les tailles normales<\/span><\/td>\n<\/tr>\n<tr style=\"height: 21px;\">\n<td style=\"border: 1px solid #b3b3b3; width: 162px;\"><strong><span style=\"font-family: arial, helvetica, sans-serif; font-size: 14px;\">Certificat :<\/span><\/strong><\/td>\n<td style=\"border: 1px solid #b3b3b3; width: 595.066px;\"><span style=\"font-family: arial, helvetica, sans-serif; font-size: 14px;\">CE, SGS<\/span><\/td>\n<\/tr>\n<tr style=\"height: 21px;\">\n<td style=\"border: 1px solid #b3b3b3; width: 162px;\"><strong><span style=\"font-family: arial, helvetica, sans-serif; font-size: 14px;\">Conditions de paiement :<\/span><\/strong><\/td>\n<td style=\"border: 1px solid #b3b3b3; width: 595.066px;\"><span style=\"font-family: arial, helvetica, sans-serif; font-size: 14px;\">T\/T, L\/C, D\/P<\/span><\/td>\n<\/tr>\n<tr style=\"height: 42px;\">\n<td style=\"border: 1px solid #b3b3b3; width: 162px;\"><strong><span style=\"font-family: arial, helvetica, sans-serif; font-size: 14px;\">Avantage :<\/span><\/strong><\/td>\n<td style=\"border: 1px solid #b3b3b3; width: 595.066px;\"><span style=\"font-family: arial, helvetica, sans-serif; font-size: 14px;\">1) Service unique pour la pierre ;<\/span><\/p>\n<p><span style=\"font-family: arial, helvetica, sans-serif; font-size: 14px;\">2) Poss\u00e9der 3 carri\u00e8res et 9 usines ;<\/span><\/p>\n<p><span style=\"font-family: arial, helvetica, sans-serif; font-size: 14px;\">3) Des supports technologiques de pointe.<\/span><\/td>\n<\/tr>\n<tr style=\"height: 42px;\">\n<td style=\"border: 1px solid #b3b3b3; width: 162px;\"><strong><span style=\"font-family: arial, helvetica, sans-serif; font-size: 14px;\">Assurance de la qualit\u00e9 et de la livraison :\u00a0<\/span><\/strong><\/td>\n<td style=\"border: 1px solid #b3b3b3; width: 595.066px;\"><span style=\"font-family: arial, helvetica, sans-serif; font-size: 14px;\">Tout au long du processus de production, du choix des mat\u00e9riaux \u00e0 l'emballage en passant par la fabrication, notre service de contr\u00f4le de la qualit\u00e9 contr\u00f4le rigoureusement chaque pi\u00e8ce et chaque processus afin de garantir le respect des normes de qualit\u00e9 et le respect des d\u00e9lais de livraison.<\/span><\/td>\n<\/tr>\n<\/tbody>\n<\/table>\n<\/div>\n<div style=\"padding: 10px 0;\">\n<p><img loading=\"lazy\" decoding=\"async\" class=\"alignnone  wp-image-25642\" src=\"http:\/\/stone-phoenix.com\/wp-content\/uploads\/2023\/12\/Panda-White-Marble-Slabs-For-Windowsill-Stones-10.jpg\" alt=\"\" width=\"883\" height=\"1472\" srcset=\"https:\/\/stone-phoenix.com\/wp-content\/uploads\/2023\/12\/Panda-White-Marble-Slabs-For-Windowsill-Stones-10.jpg 627w, https:\/\/stone-phoenix.com\/wp-content\/uploads\/2023\/12\/Panda-White-Marble-Slabs-For-Windowsill-Stones-10-180x300.jpg 180w, https:\/\/stone-phoenix.com\/wp-content\/uploads\/2023\/12\/Panda-White-Marble-Slabs-For-Windowsill-Stones-10-614x1024.jpg 614w, https:\/\/stone-phoenix.com\/wp-content\/uploads\/2023\/12\/Panda-White-Marble-Slabs-For-Windowsill-Stones-10-7x12.jpg 7w, https:\/\/stone-phoenix.com\/wp-content\/uploads\/2023\/12\/Panda-White-Marble-Slabs-For-Windowsill-Stones-10-600x1000.jpg 600w, https:\/\/stone-phoenix.com\/wp-content\/uploads\/2023\/12\/Panda-White-Marble-Slabs-For-Windowsill-Stones-10-150x250.jpg 150w\" sizes=\"(max-width: 883px) 100vw, 883px\" \/><img loading=\"lazy\" decoding=\"async\" class=\"alignnone  wp-image-25640\" src=\"http:\/\/stone-phoenix.com\/wp-content\/uploads\/2023\/12\/Panda-White-Marble-Slabs-For-Windowsill-Stones-7.jpg\" alt=\"\" width=\"885\" height=\"1174\" srcset=\"https:\/\/stone-phoenix.com\/wp-content\/uploads\/2023\/12\/Panda-White-Marble-Slabs-For-Windowsill-Stones-7.jpg 835w, https:\/\/stone-phoenix.com\/wp-content\/uploads\/2023\/12\/Panda-White-Marble-Slabs-For-Windowsill-Stones-7-226x300.jpg 226w, https:\/\/stone-phoenix.com\/wp-content\/uploads\/2023\/12\/Panda-White-Marble-Slabs-For-Windowsill-Stones-7-772x1024.jpg 772w, https:\/\/stone-phoenix.com\/wp-content\/uploads\/2023\/12\/Panda-White-Marble-Slabs-For-Windowsill-Stones-7-768x1019.jpg 768w, https:\/\/stone-phoenix.com\/wp-content\/uploads\/2023\/12\/Panda-White-Marble-Slabs-For-Windowsill-Stones-7-9x12.jpg 9w, https:\/\/stone-phoenix.com\/wp-content\/uploads\/2023\/12\/Panda-White-Marble-Slabs-For-Windowsill-Stones-7-600x796.jpg 600w, https:\/\/stone-phoenix.com\/wp-content\/uploads\/2023\/12\/Panda-White-Marble-Slabs-For-Windowsill-Stones-7-150x199.jpg 150w\" sizes=\"(max-width: 885px) 100vw, 885px\" \/><img loading=\"lazy\" decoding=\"async\" class=\"alignnone  wp-image-25643\" src=\"http:\/\/stone-phoenix.com\/wp-content\/uploads\/2023\/12\/Panda-White-Marble-Slabs-For-Windowsill-Stones-8.jpg\" alt=\"\" width=\"885\" height=\"1178\" srcset=\"https:\/\/stone-phoenix.com\/wp-content\/uploads\/2023\/12\/Panda-White-Marble-Slabs-For-Windowsill-Stones-8.jpg 835w, https:\/\/stone-phoenix.com\/wp-content\/uploads\/2023\/12\/Panda-White-Marble-Slabs-For-Windowsill-Stones-8-225x300.jpg 225w, https:\/\/stone-phoenix.com\/wp-content\/uploads\/2023\/12\/Panda-White-Marble-Slabs-For-Windowsill-Stones-8-770x1024.jpg 770w, https:\/\/stone-phoenix.com\/wp-content\/uploads\/2023\/12\/Panda-White-Marble-Slabs-For-Windowsill-Stones-8-768x1022.jpg 768w, https:\/\/stone-phoenix.com\/wp-content\/uploads\/2023\/12\/Panda-White-Marble-Slabs-For-Windowsill-Stones-8-9x12.jpg 9w, https:\/\/stone-phoenix.com\/wp-content\/uploads\/2023\/12\/Panda-White-Marble-Slabs-For-Windowsill-Stones-8-600x798.jpg 600w, https:\/\/stone-phoenix.com\/wp-content\/uploads\/2023\/12\/Panda-White-Marble-Slabs-For-Windowsill-Stones-8-150x200.jpg 150w\" sizes=\"(max-width: 885px) 100vw, 885px\" \/><img loading=\"lazy\" decoding=\"async\" class=\"alignnone size-full wp-image-25644\" src=\"http:\/\/stone-phoenix.com\/wp-content\/uploads\/2023\/12\/Panda-White-Marble-Slabs-For-Windowsill-Stones-9.jpg\" alt=\"\" width=\"886\" height=\"907\" srcset=\"https:\/\/stone-phoenix.com\/wp-content\/uploads\/2023\/12\/Panda-White-Marble-Slabs-For-Windowsill-Stones-9.jpg 886w, https:\/\/stone-phoenix.com\/wp-content\/uploads\/2023\/12\/Panda-White-Marble-Slabs-For-Windowsill-Stones-9-293x300.jpg 293w, https:\/\/stone-phoenix.com\/wp-content\/uploads\/2023\/12\/Panda-White-Marble-Slabs-For-Windowsill-Stones-9-768x786.jpg 768w, https:\/\/stone-phoenix.com\/wp-content\/uploads\/2023\/12\/Panda-White-Marble-Slabs-For-Windowsill-Stones-9-12x12.jpg 12w, https:\/\/stone-phoenix.com\/wp-content\/uploads\/2023\/12\/Panda-White-Marble-Slabs-For-Windowsill-Stones-9-600x614.jpg 600w, https:\/\/stone-phoenix.com\/wp-content\/uploads\/2023\/12\/Panda-White-Marble-Slabs-For-Windowsill-Stones-9-150x154.jpg 150w\" sizes=\"(max-width: 886px) 100vw, 886px\" \/><\/div>\n<\/div>\n<\/div>","protected":false},"excerpt":{"rendered":"<p>Panda White Marble Slabs For Windowsill Stones The Panda White Marble Slabs is a new type of stone, which combines<\/p>","protected":false},"featured_media":25634,"template":"","meta":[],"product_cat":[113],"product_tag":[],"_links":{"self":[{"href":"https:\/\/stone-phoenix.com\/fr\/wp-json\/wp\/v2\/product\/21899"}],"collection":[{"href":"https:\/\/stone-phoenix.com\/fr\/wp-json\/wp\/v2\/product"}],"about":[{"href":"https:\/\/stone-phoenix.com\/fr\/wp-json\/wp\/v2\/types\/product"}],"wp:featuredmedia":[{"embeddable":true,"href":"https:\/\/stone-phoenix.com\/fr\/wp-json\/wp\/v2\/media\/25634"}],"wp:attachment":[{"href":"https:\/\/stone-phoenix.com\/fr\/wp-json\/wp\/v2\/media?parent=21899"}],"wp:term":[{"taxonomy":"product_cat","embeddable":true,"href":"https:\/\/stone-phoenix.com\/fr\/wp-json\/wp\/v2\/product_cat?post=21899"},{"taxonomy":"product_tag","embeddable":true,"href":"https:\/\/stone-phoenix.com\/fr\/wp-json\/wp\/v2\/product_tag?post=21899"}],"curies":[{"name":"wp","href":"https:\/\/api.w.org\/{rel}","templated":true}]}}