{"id":21905,"date":"2023-12-29T21:42:03","date_gmt":"2023-12-29T13:42:03","guid":{"rendered":"http:\/\/stone-phoenix.com\/product\/panda-white-marble-supplier-natural-polished-china"},"modified":"2024-03-23T10:08:55","modified_gmt":"2024-03-23T02:08:55","slug":"panda-white-marble-supplier-natural-polished-china","status":"publish","type":"product","link":"https:\/\/stone-phoenix.com\/fr\/produit\/panda-white-marble-supplier-natural-polished-china","title":{"rendered":"Panda White Marble Supplier Natural Polished China"},"content":{"rendered":"<div id=\"tab-description\" class=\"woocommerce-Tabs-panel woocommerce-Tabs-panel--description panel entry-content wc-tab\" role=\"tabpanel\" aria-labelledby=\"tab-title-description\">\n<div id=\"ali-anchor-AliPostDhMb-qkngg\" style=\"padding-top: 8px;\" data-section=\"AliPostDhMb-qkngg\" data-section-title=\"Product Description\">\n<h2>Panda White Marble Supplier Natural Polished China Panda White Marble Stair Tiles<\/h2>\n<\/div>\n<p>Nous sommes fournisseur de marbre blanc panda Le marbre blanc panda est un marbre blanc panda de Chine naturellement poli, qui a \u00e9t\u00e9 sculpt\u00e9 \u00e0 la main pour cr\u00e9er cette gamme exclusive. Le marbre est un ajout unique \u00e0 toute maison. Le marbre blanc Panda est un marbre blanc avec une teinte grise.<\/p>\n<p>La couleur panda du marbre en fait un choix populaire pour de nombreux propri\u00e9taires et architectes. Il s'agit de l'une des couleurs de marbre blanc les plus recherch\u00e9es en Chine et que vous ne trouverez pas facilement en dehors de la Chine. Si vous \u00eates \u00e0 la recherche d'une belle pierre naturelle tr\u00e8s durable qui puisse s'int\u00e9grer dans n'importe quel environnement r\u00e9sidentiel ou commercial, nous vous conseillons d'opter pour ce marbre.<\/p>\n<p>Qu'il s'agisse d'installations dans des temples bouddhistes ou de d\u00e9cors ultra-modernes, ce marbre blanc classique est tr\u00e8s appr\u00e9ci\u00e9 des propri\u00e9taires de maisons et d'entreprises. Il pr\u00e9sente \u00e9galement une couleur magnifique et unique, \u00e0 savoir le blanc avec un motif de grain jaune, noir et vert. Le marbre blanc Panda pr\u00e9sente une caract\u00e9ristique appel\u00e9e \"veines blanches\" qui est devenue la norme de qualit\u00e9 du produit.<\/p>\n<p>Magnifique et rare, ce magnifique marbre blanc est aussi rare que les pandas eux-m\u00eames. Le motif unique du panda sur cette pierre en fait une belle pi\u00e8ce unique. Cette pierre a \u00e9t\u00e9 d\u00e9coup\u00e9e en plaques et polie pour obtenir une finition brillante.<\/p>\n<div id=\"ali-anchor-AliPostDhMb-qkngg\" style=\"padding-top: 8px;\" data-section=\"AliPostDhMb-qkngg\" data-section-title=\"Product Description\">\n<div id=\"ali-title-AliPostDhMb-qkngg\" style=\"padding: 8px 0; border-bottom: 1px solid #ddd;\"><span style=\"background-color: #ddd; color: #333; font-weight: bold; padding: 8px 10px; line-height: 12px;\">Description du produit<\/span><\/div>\n<div style=\"padding: 10px 0;\">\n<table class=\"aliDataTable\" style=\"color: #000000; font-family: Arial; font-size: 12px; font-style: normal; font-weight: 400; background-color: #ffffff; width: 746.066px; height: 226px; border: 1px solid #b3b3b3;\">\n<tbody>\n<tr style=\"height: 21px;\">\n<td style=\"border: 1px solid #b3b3b3; width: 162px;\"><strong><span style=\"font-family: arial, helvetica, sans-serif; font-size: 14px;\">Nom du produit :<\/span><\/strong><\/td>\n<td style=\"border: 1px solid #b3b3b3; width: 595.066px;\">Carreaux d'escalier en marbre blanc Panda de Chine naturellement poli<\/td>\n<\/tr>\n<tr style=\"height: 21px;\">\n<td style=\"border: 1px solid #b3b3b3; width: 162px;\"><strong><span style=\"font-family: arial, helvetica, sans-serif; font-size: 14px;\">Mat\u00e9riau :<\/span><\/strong><\/td>\n<td style=\"border: 1px solid #b3b3b3; width: 595.066px;\"><span style=\"font-family: arial, helvetica, sans-serif; font-size: 14px;\">Marbre<\/span><\/td>\n<\/tr>\n<tr style=\"height: 21px;\">\n<td style=\"border: 1px solid #b3b3b3; width: 162px;\"><strong><span style=\"font-family: arial, helvetica, sans-serif; font-size: 14px;\">Couleur :<\/span><\/strong><\/td>\n<td style=\"border: 1px solid #b3b3b3; width: 595.066px;\"><span style=\"font-family: arial, helvetica, sans-serif; font-size: 14px;\">Blanc, beige, noir, marron, gris, rouge, vert, bleu, etc.<\/span><\/td>\n<\/tr>\n<tr style=\"height: 21px;\">\n<td style=\"border: 1px solid #b3b3b3; width: 162px;\" rowspan=\"3\"><strong><span style=\"font-family: arial, helvetica, sans-serif; font-size: 14px;\">Taille :<\/span><\/strong><\/td>\n<td style=\"border: 1px solid #b3b3b3; width: 595.066px;\"><span style=\"font-family: arial, helvetica, sans-serif; font-size: 14px;\"><span style=\"text-decoration: underline;\">Carreaux disponibles<\/span><\/span><br \/>\n<span style=\"font-family: arial, helvetica, sans-serif; font-size: 14px;\">12\u2032 X 12\u2033,24\u2032 X 24\u2033,12\u2032 X 24\u2033,etc 300x300mm,300x600mm,400x400mm,600x600mm,600\u00d71200,800\u00d7800,etc<\/span><\/td>\n<\/tr>\n<tr style=\"height: 21px;\">\n<td style=\"border: 1px solid #b3b3b3; width: 595.066px;\"><span style=\"font-family: arial, helvetica, sans-serif; font-size: 14px;\"><span style=\"text-decoration: underline;\">Grandes dalles disponibles<\/span>\u00a0 \u00a0 \u00a0 \u00a0 \u00a0 \u00a0 \u00a0 \u00a0 \u00a0 \u00a0 \u00a0 \u00a0 \u00a0 \u00a0 \u00a0 \u00a0 \u00a0 \u00a0 \u00a0 \u00a0 \u00a0 \u00a0 \u00a0 \u00a0 \u00a0 \u00a0 \u00a0 \u00a0 \u00a0 \u00a0 \u00a0 \u00a0 \u00a0 \u00a0 \u00a0 \u00a0 \u00a0 \u00a0 \u00a0 \u00a0 \u00a0 \u00a0 \u00a0 \u00a0 \u00a0 \u00a0 \u00a0 \u00a0 \u00a0 \u00a0 \u00a0 \u00a0 \u00a0 240cmUpx120UP<\/span><\/td>\n<\/tr>\n<tr style=\"height: 21px;\">\n<td style=\"border: 1px solid #b3b3b3; width: 595.066px;\"><span style=\"font-family: arial, helvetica, sans-serif; font-size: 14px;\">Des sp\u00e9cifications personnalis\u00e9es sont disponibles<\/span><\/td>\n<\/tr>\n<tr style=\"height: 21px;\">\n<td style=\"border: 1px solid #b3b3b3; width: 162px;\"><strong><span style=\"font-family: arial, helvetica, sans-serif; font-size: 14px;\">Tol\u00e9rance d'\u00e9paisseur :<\/span><\/strong><\/td>\n<td style=\"border: 1px solid #b3b3b3; width: 595.066px;\"><span style=\"font-size: 14px; font-family: arial, helvetica, sans-serif;\">\u00b10,05mm, \u00b11mm, \u00b11,5mm, \u00b12mm, selon les exigences de qualit\u00e9 du client<\/span><\/td>\n<\/tr>\n<tr style=\"height: 21px;\">\n<td style=\"border: 1px solid #b3b3b3; width: 162px;\"><strong><span style=\"font-family: arial, helvetica, sans-serif; font-size: 14px;\">Surface :<\/span><\/strong><\/td>\n<td style=\"border: 1px solid #b3b3b3; width: 595.066px;\"><span style=\"font-size: 14px; font-family: arial, helvetica, sans-serif;\">Poli, adouci, assorti au livre, antique, rainur\u00e9, bross\u00e9, d\u00e9cap\u00e9, sabl\u00e9, jet d'eau, etc.<\/span><\/td>\n<\/tr>\n<tr style=\"height: auto;\">\n<td style=\"border: 1px solid #b3b3b3; width: 162px;\"><strong><span style=\"font-family: arial, helvetica, sans-serif; font-size: 14px;\">Emballage :<\/span><\/strong><\/td>\n<td style=\"border: 1px solid #b3b3b3; width: 595.066px;\"><span style=\"font-family: arial, helvetica, sans-serif; font-size: 14px;\"> Fardeaux et caisses en bois en \u00e9tat de navigabilit\u00e9<\/span><\/td>\n<\/tr>\n<tr style=\"height: 21px;\">\n<td style=\"border: 1px solid #b3b3b3; width: 162px;\"><strong><span style=\"font-family: arial, helvetica, sans-serif; font-size: 14px;\">Application :<\/span><\/strong><\/td>\n<td style=\"border: 1px solid #b3b3b3; width: 595.066px;\"><span style=\"font-family: arial, helvetica, sans-serif; font-size: 14px;\">Mur int\u00e9rieur, sol, plinthe, mur de fond, comptoir, escalier, etc.<\/span><\/td>\n<\/tr>\n<tr style=\"height: 21px;\">\n<td style=\"border: 1px solid #b3b3b3; width: 162px;\"><strong><span style=\"font-family: arial, helvetica, sans-serif; font-size: 14px;\">D\u00e9lai de livraison :<\/span><\/strong><\/td>\n<td style=\"border: 1px solid #b3b3b3; width: 595.066px;\"><span style=\"font-family: arial, helvetica, sans-serif; font-size: 14px;\"> 15-20 jours pour les tailles normales<\/span><\/td>\n<\/tr>\n<tr style=\"height: 21px;\">\n<td style=\"border: 1px solid #b3b3b3; width: 162px;\"><strong><span style=\"font-family: arial, helvetica, sans-serif; font-size: 14px;\">Certificat :<\/span><\/strong><\/td>\n<td style=\"border: 1px solid #b3b3b3; width: 595.066px;\"><span style=\"font-family: arial, helvetica, sans-serif; font-size: 14px;\">CE, SGS<\/span><\/td>\n<\/tr>\n<tr style=\"height: 21px;\">\n<td style=\"border: 1px solid #b3b3b3; width: 162px;\"><strong><span style=\"font-family: arial, helvetica, sans-serif; font-size: 14px;\">Conditions de paiement :<\/span><\/strong><\/td>\n<td style=\"border: 1px solid #b3b3b3; width: 595.066px;\"><span style=\"font-family: arial, helvetica, sans-serif; font-size: 14px;\">T\/T, L\/C, D\/P<\/span><\/td>\n<\/tr>\n<tr style=\"height: 42px;\">\n<td style=\"border: 1px solid #b3b3b3; width: 162px;\"><strong><span style=\"font-family: arial, helvetica, sans-serif; font-size: 14px;\">Avantage :<\/span><\/strong><\/td>\n<td style=\"border: 1px solid #b3b3b3; width: 595.066px;\"><span style=\"font-family: arial, helvetica, sans-serif; font-size: 14px;\">1) Service unique pour la pierre ;<\/span><\/p>\n<p><span style=\"font-family: arial, helvetica, sans-serif; font-size: 14px;\">2) Poss\u00e9der 3 carri\u00e8res et 9 usines ;<\/span><\/p>\n<p><span style=\"font-family: arial, helvetica, sans-serif; font-size: 14px;\">3) Des supports technologiques de pointe.<\/span><\/td>\n<\/tr>\n<tr style=\"height: 42px;\">\n<td style=\"border: 1px solid #b3b3b3; width: 162px;\"><strong><span style=\"font-family: arial, helvetica, sans-serif; font-size: 14px;\">Assurance de la qualit\u00e9 et de la livraison :\u00a0<\/span><\/strong><\/td>\n<td style=\"border: 1px solid #b3b3b3; width: 595.066px;\"><span style=\"font-family: arial, helvetica, sans-serif; font-size: 14px;\">Tout au long du processus de production, du choix des mat\u00e9riaux \u00e0 l'emballage en passant par la fabrication, notre service de contr\u00f4le de la qualit\u00e9 contr\u00f4le rigoureusement chaque pi\u00e8ce et chaque processus afin de garantir le respect des normes de qualit\u00e9 et le respect des d\u00e9lais de livraison.<\/span><\/td>\n<\/tr>\n<\/tbody>\n<\/table>\n<\/div>\n<div style=\"padding: 10px 0;\">\n<p><img loading=\"lazy\" decoding=\"async\" class=\"alignnone wp-image-25630\" src=\"http:\/\/stone-phoenix.com\/wp-content\/uploads\/2023\/12\/Panda-White-Marble-Supplier-Natural-Polished-China-3.jpg\" alt=\"\" width=\"700\" height=\"815\" srcset=\"https:\/\/stone-phoenix.com\/wp-content\/uploads\/2023\/12\/Panda-White-Marble-Supplier-Natural-Polished-China-3.jpg 604w, https:\/\/stone-phoenix.com\/wp-content\/uploads\/2023\/12\/Panda-White-Marble-Supplier-Natural-Polished-China-3-258x300.jpg 258w, https:\/\/stone-phoenix.com\/wp-content\/uploads\/2023\/12\/Panda-White-Marble-Supplier-Natural-Polished-China-3-10x12.jpg 10w, https:\/\/stone-phoenix.com\/wp-content\/uploads\/2023\/12\/Panda-White-Marble-Supplier-Natural-Polished-China-3-600x698.jpg 600w, https:\/\/stone-phoenix.com\/wp-content\/uploads\/2023\/12\/Panda-White-Marble-Supplier-Natural-Polished-China-3-150x175.jpg 150w\" sizes=\"(max-width: 700px) 100vw, 700px\" \/><img loading=\"lazy\" decoding=\"async\" class=\"alignnone size-full wp-image-25631\" src=\"http:\/\/stone-phoenix.com\/wp-content\/uploads\/2023\/12\/Panda-White-Marble-Supplier-Natural-Polished-China-4.jpg\" alt=\"\" width=\"699\" height=\"564\" srcset=\"https:\/\/stone-phoenix.com\/wp-content\/uploads\/2023\/12\/Panda-White-Marble-Supplier-Natural-Polished-China-4.jpg 699w, https:\/\/stone-phoenix.com\/wp-content\/uploads\/2023\/12\/Panda-White-Marble-Supplier-Natural-Polished-China-4-300x242.jpg 300w, https:\/\/stone-phoenix.com\/wp-content\/uploads\/2023\/12\/Panda-White-Marble-Supplier-Natural-Polished-China-4-15x12.jpg 15w, https:\/\/stone-phoenix.com\/wp-content\/uploads\/2023\/12\/Panda-White-Marble-Supplier-Natural-Polished-China-4-600x484.jpg 600w, https:\/\/stone-phoenix.com\/wp-content\/uploads\/2023\/12\/Panda-White-Marble-Supplier-Natural-Polished-China-4-150x121.jpg 150w\" sizes=\"(max-width: 699px) 100vw, 699px\" \/><img loading=\"lazy\" decoding=\"async\" class=\"alignnone wp-image-25632\" src=\"http:\/\/stone-phoenix.com\/wp-content\/uploads\/2023\/12\/Panda-White-Marble-Supplier-Natural-Polished-China-5.jpg\" alt=\"\" width=\"699\" height=\"696\" srcset=\"https:\/\/stone-phoenix.com\/wp-content\/uploads\/2023\/12\/Panda-White-Marble-Supplier-Natural-Polished-China-5.jpg 690w, https:\/\/stone-phoenix.com\/wp-content\/uploads\/2023\/12\/Panda-White-Marble-Supplier-Natural-Polished-China-5-300x300.jpg 300w, https:\/\/stone-phoenix.com\/wp-content\/uploads\/2023\/12\/Panda-White-Marble-Supplier-Natural-Polished-China-5-150x149.jpg 150w, https:\/\/stone-phoenix.com\/wp-content\/uploads\/2023\/12\/Panda-White-Marble-Supplier-Natural-Polished-China-5-12x12.jpg 12w, https:\/\/stone-phoenix.com\/wp-content\/uploads\/2023\/12\/Panda-White-Marble-Supplier-Natural-Polished-China-5-600x597.jpg 600w\" sizes=\"(max-width: 699px) 100vw, 699px\" \/><img loading=\"lazy\" decoding=\"async\" class=\"alignnone wp-image-25633\" src=\"http:\/\/stone-phoenix.com\/wp-content\/uploads\/2023\/12\/Panda-White-Marble-Supplier-Natural-Polished-China-10-1.jpg\" alt=\"\" width=\"702\" height=\"560\" srcset=\"https:\/\/stone-phoenix.com\/wp-content\/uploads\/2023\/12\/Panda-White-Marble-Supplier-Natural-Polished-China-10-1.jpg 1119w, https:\/\/stone-phoenix.com\/wp-content\/uploads\/2023\/12\/Panda-White-Marble-Supplier-Natural-Polished-China-10-1-300x239.jpg 300w, https:\/\/stone-phoenix.com\/wp-content\/uploads\/2023\/12\/Panda-White-Marble-Supplier-Natural-Polished-China-10-1-1024x816.jpg 1024w, https:\/\/stone-phoenix.com\/wp-content\/uploads\/2023\/12\/Panda-White-Marble-Supplier-Natural-Polished-China-10-1-768x612.jpg 768w, https:\/\/stone-phoenix.com\/wp-content\/uploads\/2023\/12\/Panda-White-Marble-Supplier-Natural-Polished-China-10-1-15x12.jpg 15w, https:\/\/stone-phoenix.com\/wp-content\/uploads\/2023\/12\/Panda-White-Marble-Supplier-Natural-Polished-China-10-1-600x478.jpg 600w, https:\/\/stone-phoenix.com\/wp-content\/uploads\/2023\/12\/Panda-White-Marble-Supplier-Natural-Polished-China-10-1-150x120.jpg 150w\" sizes=\"(max-width: 702px) 100vw, 702px\" \/><\/p>\n<\/div>\n<\/div>\n<\/div>","protected":false},"excerpt":{"rendered":"<p>Panda White Marble Supplier Natural Polished China Panda White Marble Stair Tiles We are Panda White Marble Supplier Panda White<\/p>","protected":false},"featured_media":25622,"template":"","meta":[],"product_cat":[113],"product_tag":[],"_links":{"self":[{"href":"https:\/\/stone-phoenix.com\/fr\/wp-json\/wp\/v2\/product\/21905"}],"collection":[{"href":"https:\/\/stone-phoenix.com\/fr\/wp-json\/wp\/v2\/product"}],"about":[{"href":"https:\/\/stone-phoenix.com\/fr\/wp-json\/wp\/v2\/types\/product"}],"wp:featuredmedia":[{"embeddable":true,"href":"https:\/\/stone-phoenix.com\/fr\/wp-json\/wp\/v2\/media\/25622"}],"wp:attachment":[{"href":"https:\/\/stone-phoenix.com\/fr\/wp-json\/wp\/v2\/media?parent=21905"}],"wp:term":[{"taxonomy":"product_cat","embeddable":true,"href":"https:\/\/stone-phoenix.com\/fr\/wp-json\/wp\/v2\/product_cat?post=21905"},{"taxonomy":"product_tag","embeddable":true,"href":"https:\/\/stone-phoenix.com\/fr\/wp-json\/wp\/v2\/product_tag?post=21905"}],"curies":[{"name":"wp","href":"https:\/\/api.w.org\/{rel}","templated":true}]}}