{"id":21911,"date":"2023-12-29T21:42:37","date_gmt":"2023-12-29T13:42:37","guid":{"rendered":"http:\/\/stone-phoenix.com\/product\/white-panda-marble-tile-china-quarry-price"},"modified":"2024-03-22T15:58:51","modified_gmt":"2024-03-22T07:58:51","slug":"white-panda-marble-tile-china-quarry-price","status":"publish","type":"product","link":"https:\/\/stone-phoenix.com\/fr\/produit\/white-panda-marble-tile-china-quarry-price","title":{"rendered":"Carreaux de marbre blanc Panda Prix des carri\u00e8res de Chine"},"content":{"rendered":"<div id=\"tab-description\" class=\"woocommerce-Tabs-panel woocommerce-Tabs-panel--description panel entry-content wc-tab\" role=\"tabpanel\" aria-labelledby=\"tab-title-description\">\n<div id=\"ali-anchor-AliPostDhMb-qkngg\" style=\"padding-top: 8px;\" data-section=\"AliPostDhMb-qkngg\" data-section-title=\"Product Description\">\n<h2>Carreaux de marbre blanc Panda Prix des carri\u00e8res de Chine<\/h2>\n<p>Le marbre panda blanc est un magnifique produit en pierre (marbre) fabriqu\u00e9 dans l'industrie. Le panda blanc est un marbre blanc qui est souvent utilis\u00e9 comme mat\u00e9riau de construction haut de gamme.<\/p>\n<p>Il est \u00e0 la fois durable et \u00e9l\u00e9gant. Le motif en forme de panda blanc sur la pierre rehausse son attrait esth\u00e9tique, ce qui en fait un choix id\u00e9al pour les int\u00e9rieurs modernes. Le marbre convient \u00e0 tous les types de murs, de sols et de plans de travail.<\/p>\n<p>Cette sculpture blanche est id\u00e9ale pour \u00eatre expos\u00e9e dans le salon ou le bureau d'une maison contemporaine. Elle est habilement sculpt\u00e9e, m\u00e9ticuleusement polie et soigneusement emball\u00e9e pour arriver saine et sauve \u00e0 votre porte.<\/p>\n<p>Le marbre White Panda est un magnifique marbre blanc disponible en tr\u00e8s grandes plaques. Ce marbre peut \u00eatre utilis\u00e9 pour les plans de travail, les murs, les sols, etc. C'est un marbre blanc rare avec des veines et des taches noires.<\/p>\n<p>Ce marbre est tr\u00e8s appr\u00e9ci\u00e9 des d\u00e9corateurs d'int\u00e9rieur et se d\u00e9cline en plusieurs tailles, des petits \u00e9chantillons aux grandes dalles.<\/p>\n<div id=\"ali-title-AliPostDhMb-qkngg\" style=\"padding: 8px 0; border-bottom: 1px solid #ddd;\"><span style=\"background-color: #ddd; color: #333; font-weight: bold; padding: 8px 10px; line-height: 12px;\">Description du produit<\/span><\/div>\n<div style=\"padding: 10px 0;\">\n<table class=\"aliDataTable\" style=\"color: #000000; font-family: Arial; font-size: 12px; font-style: normal; font-weight: 400; background-color: #ffffff; width: 746.066px; height: 226px; border: 1px solid #b3b3b3;\">\n<tbody>\n<tr style=\"height: 21px;\">\n<td style=\"border: 1px solid #b3b3b3; width: 162px;\"><strong><span style=\"font-family: arial, helvetica, sans-serif; font-size: 14px;\">Nom du produit :<\/span><\/strong><\/td>\n<td style=\"border: 1px solid #b3b3b3; width: 595.066px;\">Prix des carri\u00e8res en Chine Pierre de taille sur mesure <a href=\"https:\/\/longtopstone.com\/product\/panda-white-marble-black-and-white-marble-slab\/\">panda marbre blanc<\/a> dalle de carrelage<\/td>\n<\/tr>\n<tr style=\"height: 21px;\">\n<td style=\"border: 1px solid #b3b3b3; width: 162px;\"><strong><span style=\"font-family: arial, helvetica, sans-serif; font-size: 14px;\">Mat\u00e9riau :<\/span><\/strong><\/td>\n<td style=\"border: 1px solid #b3b3b3; width: 595.066px;\"><span style=\"font-family: arial, helvetica, sans-serif; font-size: 14px;\">Marbre<\/span><\/td>\n<\/tr>\n<tr style=\"height: 21px;\">\n<td style=\"border: 1px solid #b3b3b3; width: 162px;\"><strong><span style=\"font-family: arial, helvetica, sans-serif; font-size: 14px;\">Couleur :<\/span><\/strong><\/td>\n<td style=\"border: 1px solid #b3b3b3; width: 595.066px;\"><span style=\"font-family: arial, helvetica, sans-serif; font-size: 14px;\">Blanc, beige, noir, marron, gris, rouge, vert, bleu, etc.<\/span><\/td>\n<\/tr>\n<tr style=\"height: 21px;\">\n<td style=\"border: 1px solid #b3b3b3; width: 162px;\" rowspan=\"3\"><strong><span style=\"font-family: arial, helvetica, sans-serif; font-size: 14px;\">Taille :<\/span><\/strong><\/td>\n<td style=\"border: 1px solid #b3b3b3; width: 595.066px;\"><span style=\"font-family: arial, helvetica, sans-serif; font-size: 14px;\"><span style=\"text-decoration: underline;\">Carreaux disponibles<\/span> <\/span><br \/>\n<span style=\"font-family: arial, helvetica, sans-serif; font-size: 14px;\">12\u2032 X 12\u2033,24\u2032 X 24\u2033,12\u2032 X 24\u2033,etc 300x300mm,300x600mm,400x400mm,600x600mm,600\u00d71200,800\u00d7800,etc<\/span><\/td>\n<\/tr>\n<tr style=\"height: 21px;\">\n<td style=\"border: 1px solid #b3b3b3; width: 595.066px;\"><span style=\"font-family: arial, helvetica, sans-serif; font-size: 14px;\"><span style=\"text-decoration: underline;\">Grandes dalles disponibles<\/span>\u00a0 \u00a0 \u00a0 \u00a0 \u00a0 \u00a0 \u00a0 \u00a0 \u00a0 \u00a0 \u00a0 \u00a0 \u00a0 \u00a0 \u00a0 \u00a0 \u00a0 \u00a0 \u00a0 \u00a0 \u00a0 \u00a0 \u00a0 \u00a0 \u00a0 \u00a0 \u00a0 \u00a0 \u00a0 \u00a0 \u00a0 \u00a0 \u00a0 \u00a0 \u00a0 \u00a0 \u00a0 \u00a0 \u00a0 \u00a0 \u00a0 \u00a0 \u00a0 \u00a0 \u00a0 \u00a0 \u00a0 \u00a0 \u00a0 \u00a0 \u00a0 \u00a0 \u00a0 240cmUpx120UP<\/span><\/td>\n<\/tr>\n<tr style=\"height: 21px;\">\n<td style=\"border: 1px solid #b3b3b3; width: 595.066px;\"><span style=\"font-family: arial, helvetica, sans-serif; font-size: 14px;\">Des sp\u00e9cifications personnalis\u00e9es sont disponibles<\/span><\/td>\n<\/tr>\n<tr style=\"height: 21px;\">\n<td style=\"border: 1px solid #b3b3b3; width: 162px;\"><strong><span style=\"font-family: arial, helvetica, sans-serif; font-size: 14px;\">Tol\u00e9rance d'\u00e9paisseur :<\/span><\/strong><\/td>\n<td style=\"border: 1px solid #b3b3b3; width: 595.066px;\"><span style=\"font-size: 14px; font-family: arial, helvetica, sans-serif;\">\u00b10,05mm, \u00b11mm, \u00b11,5mm, \u00b12mm, selon les exigences de qualit\u00e9 du client<\/span><\/td>\n<\/tr>\n<tr style=\"height: 21px;\">\n<td style=\"border: 1px solid #b3b3b3; width: 162px;\"><strong><span style=\"font-family: arial, helvetica, sans-serif; font-size: 14px;\">Surface :<\/span><\/strong><\/td>\n<td style=\"border: 1px solid #b3b3b3; width: 595.066px;\"><span style=\"font-size: 14px; font-family: arial, helvetica, sans-serif;\">Poli, adouci, assorti au livre, antique, rainur\u00e9, bross\u00e9, d\u00e9cap\u00e9, sabl\u00e9, jet d'eau, etc.<\/span><\/td>\n<\/tr>\n<tr style=\"height: auto;\">\n<td style=\"border: 1px solid #b3b3b3; width: 162px;\"><strong><span style=\"font-family: arial, helvetica, sans-serif; font-size: 14px;\">Emballage :<\/span><\/strong><\/td>\n<td style=\"border: 1px solid #b3b3b3; width: 595.066px;\"><span style=\"font-family: arial, helvetica, sans-serif; font-size: 14px;\"> Fardeaux et caisses en bois en \u00e9tat de navigabilit\u00e9<\/span><\/td>\n<\/tr>\n<tr style=\"height: 21px;\">\n<td style=\"border: 1px solid #b3b3b3; width: 162px;\"><strong><span style=\"font-family: arial, helvetica, sans-serif; font-size: 14px;\">Application :<\/span><\/strong><\/td>\n<td style=\"border: 1px solid #b3b3b3; width: 595.066px;\"><span style=\"font-family: arial, helvetica, sans-serif; font-size: 14px;\">Mur int\u00e9rieur, sol, plinthe, mur de fond, comptoir, escalier, etc.<\/span><\/td>\n<\/tr>\n<tr style=\"height: 21px;\">\n<td style=\"border: 1px solid #b3b3b3; width: 162px;\"><strong><span style=\"font-family: arial, helvetica, sans-serif; font-size: 14px;\">D\u00e9lai de livraison :<\/span><\/strong><\/td>\n<td style=\"border: 1px solid #b3b3b3; width: 595.066px;\"><span style=\"font-family: arial, helvetica, sans-serif; font-size: 14px;\"> 15-20 jours pour les tailles normales<\/span><\/td>\n<\/tr>\n<tr style=\"height: 21px;\">\n<td style=\"border: 1px solid #b3b3b3; width: 162px;\"><strong><span style=\"font-family: arial, helvetica, sans-serif; font-size: 14px;\">Certificat :<\/span><\/strong><\/td>\n<td style=\"border: 1px solid #b3b3b3; width: 595.066px;\"><span style=\"font-family: arial, helvetica, sans-serif; font-size: 14px;\">CE, SGS<\/span><\/td>\n<\/tr>\n<tr style=\"height: 21px;\">\n<td style=\"border: 1px solid #b3b3b3; width: 162px;\"><strong><span style=\"font-family: arial, helvetica, sans-serif; font-size: 14px;\">Conditions de paiement :<\/span><\/strong><\/td>\n<td style=\"border: 1px solid #b3b3b3; width: 595.066px;\"><span style=\"font-family: arial, helvetica, sans-serif; font-size: 14px;\">T\/T, L\/C, D\/P<\/span><\/td>\n<\/tr>\n<tr style=\"height: 42px;\">\n<td style=\"border: 1px solid #b3b3b3; width: 162px;\"><strong><span style=\"font-family: arial, helvetica, sans-serif; font-size: 14px;\">Avantage :<\/span><\/strong><\/td>\n<td style=\"border: 1px solid #b3b3b3; width: 595.066px;\"><span style=\"font-family: arial, helvetica, sans-serif; font-size: 14px;\">1) Service unique pour la pierre ;<\/span><\/p>\n<p><span style=\"font-family: arial, helvetica, sans-serif; font-size: 14px;\">2) Poss\u00e9der 3 carri\u00e8res et 9 usines ;<\/span><\/p>\n<p><span style=\"font-family: arial, helvetica, sans-serif; font-size: 14px;\">3) Des supports technologiques de pointe.<\/span><\/td>\n<\/tr>\n<tr style=\"height: 42px;\">\n<td style=\"border: 1px solid #b3b3b3; width: 162px;\"><strong><span style=\"font-family: arial, helvetica, sans-serif; font-size: 14px;\">Assurance de la qualit\u00e9 et de la livraison :\u00a0<\/span><\/strong><\/td>\n<td style=\"border: 1px solid #b3b3b3; width: 595.066px;\"><span style=\"font-family: arial, helvetica, sans-serif; font-size: 14px;\">Tout au long du processus de production, du choix des mat\u00e9riaux \u00e0 l'emballage en passant par la fabrication, notre service de contr\u00f4le de la qualit\u00e9 contr\u00f4le rigoureusement chaque pi\u00e8ce et chaque processus afin de garantir le respect des normes de qualit\u00e9 et le respect des d\u00e9lais de livraison.<\/span><\/td>\n<\/tr>\n<\/tbody>\n<\/table>\n<p><img loading=\"lazy\" decoding=\"async\" class=\"alignnone size-full wp-image-25594\" src=\"http:\/\/stone-phoenix.com\/wp-content\/uploads\/2023\/12\/White-Panda-Marble-Tile-China-Quarry-Price-10.jpg\" alt=\"\" width=\"840\" height=\"1110\" srcset=\"https:\/\/stone-phoenix.com\/wp-content\/uploads\/2023\/12\/White-Panda-Marble-Tile-China-Quarry-Price-10.jpg 840w, https:\/\/stone-phoenix.com\/wp-content\/uploads\/2023\/12\/White-Panda-Marble-Tile-China-Quarry-Price-10-227x300.jpg 227w, https:\/\/stone-phoenix.com\/wp-content\/uploads\/2023\/12\/White-Panda-Marble-Tile-China-Quarry-Price-10-775x1024.jpg 775w, https:\/\/stone-phoenix.com\/wp-content\/uploads\/2023\/12\/White-Panda-Marble-Tile-China-Quarry-Price-10-768x1015.jpg 768w, https:\/\/stone-phoenix.com\/wp-content\/uploads\/2023\/12\/White-Panda-Marble-Tile-China-Quarry-Price-10-9x12.jpg 9w, https:\/\/stone-phoenix.com\/wp-content\/uploads\/2023\/12\/White-Panda-Marble-Tile-China-Quarry-Price-10-600x793.jpg 600w, https:\/\/stone-phoenix.com\/wp-content\/uploads\/2023\/12\/White-Panda-Marble-Tile-China-Quarry-Price-10-150x198.jpg 150w\" sizes=\"(max-width: 840px) 100vw, 840px\" \/><img loading=\"lazy\" decoding=\"async\" class=\"alignnone size-full wp-image-25595\" src=\"http:\/\/stone-phoenix.com\/wp-content\/uploads\/2023\/12\/White-Panda-Marble-Tile-China-Quarry-Price-9.jpg\" alt=\"\" width=\"837\" height=\"901\" srcset=\"https:\/\/stone-phoenix.com\/wp-content\/uploads\/2023\/12\/White-Panda-Marble-Tile-China-Quarry-Price-9.jpg 837w, https:\/\/stone-phoenix.com\/wp-content\/uploads\/2023\/12\/White-Panda-Marble-Tile-China-Quarry-Price-9-279x300.jpg 279w, https:\/\/stone-phoenix.com\/wp-content\/uploads\/2023\/12\/White-Panda-Marble-Tile-China-Quarry-Price-9-768x827.jpg 768w, https:\/\/stone-phoenix.com\/wp-content\/uploads\/2023\/12\/White-Panda-Marble-Tile-China-Quarry-Price-9-11x12.jpg 11w, https:\/\/stone-phoenix.com\/wp-content\/uploads\/2023\/12\/White-Panda-Marble-Tile-China-Quarry-Price-9-600x646.jpg 600w, https:\/\/stone-phoenix.com\/wp-content\/uploads\/2023\/12\/White-Panda-Marble-Tile-China-Quarry-Price-9-150x161.jpg 150w\" sizes=\"(max-width: 837px) 100vw, 837px\" \/><img loading=\"lazy\" decoding=\"async\" class=\"alignnone size-full wp-image-25596\" src=\"http:\/\/stone-phoenix.com\/wp-content\/uploads\/2023\/12\/White-Panda-Marble-Tile-China-Quarry-Price-8.jpg\" alt=\"\" width=\"837\" height=\"1012\" srcset=\"https:\/\/stone-phoenix.com\/wp-content\/uploads\/2023\/12\/White-Panda-Marble-Tile-China-Quarry-Price-8.jpg 837w, https:\/\/stone-phoenix.com\/wp-content\/uploads\/2023\/12\/White-Panda-Marble-Tile-China-Quarry-Price-8-248x300.jpg 248w, https:\/\/stone-phoenix.com\/wp-content\/uploads\/2023\/12\/White-Panda-Marble-Tile-China-Quarry-Price-8-768x929.jpg 768w, https:\/\/stone-phoenix.com\/wp-content\/uploads\/2023\/12\/White-Panda-Marble-Tile-China-Quarry-Price-8-10x12.jpg 10w, https:\/\/stone-phoenix.com\/wp-content\/uploads\/2023\/12\/White-Panda-Marble-Tile-China-Quarry-Price-8-600x725.jpg 600w, https:\/\/stone-phoenix.com\/wp-content\/uploads\/2023\/12\/White-Panda-Marble-Tile-China-Quarry-Price-8-150x181.jpg 150w\" sizes=\"(max-width: 837px) 100vw, 837px\" \/><img loading=\"lazy\" decoding=\"async\" class=\"alignnone size-full wp-image-25597\" src=\"http:\/\/stone-phoenix.com\/wp-content\/uploads\/2023\/12\/White-Panda-Marble-Tile-China-Quarry-Price-7.jpg\" alt=\"\" width=\"834\" height=\"1122\" srcset=\"https:\/\/stone-phoenix.com\/wp-content\/uploads\/2023\/12\/White-Panda-Marble-Tile-China-Quarry-Price-7.jpg 834w, https:\/\/stone-phoenix.com\/wp-content\/uploads\/2023\/12\/White-Panda-Marble-Tile-China-Quarry-Price-7-223x300.jpg 223w, https:\/\/stone-phoenix.com\/wp-content\/uploads\/2023\/12\/White-Panda-Marble-Tile-China-Quarry-Price-7-761x1024.jpg 761w, https:\/\/stone-phoenix.com\/wp-content\/uploads\/2023\/12\/White-Panda-Marble-Tile-China-Quarry-Price-7-768x1033.jpg 768w, https:\/\/stone-phoenix.com\/wp-content\/uploads\/2023\/12\/White-Panda-Marble-Tile-China-Quarry-Price-7-9x12.jpg 9w, https:\/\/stone-phoenix.com\/wp-content\/uploads\/2023\/12\/White-Panda-Marble-Tile-China-Quarry-Price-7-600x807.jpg 600w, https:\/\/stone-phoenix.com\/wp-content\/uploads\/2023\/12\/White-Panda-Marble-Tile-China-Quarry-Price-7-150x202.jpg 150w\" sizes=\"(max-width: 834px) 100vw, 834px\" \/><\/p>\n<\/div>\n<\/div>\n<\/div>","protected":false},"excerpt":{"rendered":"<p>White Panda Marble Tile China Quarry Price White Panda Marble is a beautiful stone product (marble) that is produced in<\/p>","protected":false},"featured_media":25587,"template":"","meta":[],"product_cat":[113],"product_tag":[],"_links":{"self":[{"href":"https:\/\/stone-phoenix.com\/fr\/wp-json\/wp\/v2\/product\/21911"}],"collection":[{"href":"https:\/\/stone-phoenix.com\/fr\/wp-json\/wp\/v2\/product"}],"about":[{"href":"https:\/\/stone-phoenix.com\/fr\/wp-json\/wp\/v2\/types\/product"}],"wp:featuredmedia":[{"embeddable":true,"href":"https:\/\/stone-phoenix.com\/fr\/wp-json\/wp\/v2\/media\/25587"}],"wp:attachment":[{"href":"https:\/\/stone-phoenix.com\/fr\/wp-json\/wp\/v2\/media?parent=21911"}],"wp:term":[{"taxonomy":"product_cat","embeddable":true,"href":"https:\/\/stone-phoenix.com\/fr\/wp-json\/wp\/v2\/product_cat?post=21911"},{"taxonomy":"product_tag","embeddable":true,"href":"https:\/\/stone-phoenix.com\/fr\/wp-json\/wp\/v2\/product_tag?post=21911"}],"curies":[{"name":"wp","href":"https:\/\/api.w.org\/{rel}","templated":true}]}}