{"id":21934,"date":"2023-12-29T21:44:37","date_gmt":"2023-12-29T13:44:37","guid":{"rendered":"http:\/\/stone-phoenix.com\/product\/rosa-marble-turkey-rosalia-for"},"modified":"2024-03-22T15:17:14","modified_gmt":"2024-03-22T07:17:14","slug":"rosa-marble-turkey-rosalia-for","status":"publish","type":"product","link":"https:\/\/stone-phoenix.com\/fr\/produit\/rosa-marble-turkey-rosalia-for","title":{"rendered":"Rosa Marble Turkey Rosalia For"},"content":{"rendered":"<div id=\"tab-description\" class=\"woocommerce-Tabs-panel woocommerce-Tabs-panel--description panel entry-content wc-tab\" role=\"tabpanel\" aria-labelledby=\"tab-title-description\">\n<h2>marbre rosa<\/h2>\n<p>Le marbre Rosa est une nouvelle pierre naturelle d\u00e9velopp\u00e9e au cours des derni\u00e8res d\u00e9cennies du XXe si\u00e8cle qui reproduit plus fid\u00e8lement la couleur et la texture de l'ancienne Rosa dei Venti (rose des mers), qui a une couleur rose. Il peut \u00eatre utilis\u00e9 pour des applications r\u00e9sidentielles et commerciales, notamment pour les sols, les murs, les plans de travail et les luminaires.D\u00e9couvrez la beaut\u00e9 du marbre Rosa ! Nous proposons actuellement le marbre Rosa \u00e0 un prix r\u00e9duit. Il s'agit d'un beau marbre blanc doux et cr\u00e9meux dont le motif ressemble aux feuilles des roses. Ce mat\u00e9riau est parfait pour les comptoirs, les rev\u00eatements de sol et d'autres applications de conception. Le ton rose chaud et les veines en font un choix frappant pour n'importe quel espace.C'est une belle pierre naturelle qui a une couleur ros\u00e9e avec des veines grises et brunes qui se croisent. Il s'agit d'une pierre blanche douce, l\u00e9g\u00e8re et d\u00e9licatement ros\u00e9e qui est souvent utilis\u00e9e pour des travaux d\u00e9coratifs. Le marbre Rosa est suffisamment tendre pour \u00eatre sculpt\u00e9 et poli, mais suffisamment dur pour r\u00e9sister aux intemp\u00e9ries. Sa couleur et sa nuance varient, mais il a g\u00e9n\u00e9ralement une teinte rose cr\u00e8me ou rose ros\u00e9. Le beau marbre Rosa est un marbre rose p\u00e2le avec une teinte grise subtile et douce. Le marbre Rosa est exploit\u00e9 depuis l'Antiquit\u00e9 et \u00e9tait tr\u00e8s pris\u00e9 par les Romains. C'est un marbre tr\u00e8s durable qui est \u00e0 la fois poli et adouci pour cr\u00e9er une belle surface polie.<\/p>\n<div id=\"ali-anchor-AliPostDhMb-qkngg\" style=\"padding-top: 8px;\" data-section=\"AliPostDhMb-qkngg\" data-section-title=\"Product Description\">\n<div id=\"ali-title-AliPostDhMb-qkngg\" style=\"padding: 8px 0; border-bottom: 1px solid #ddd;\"><span style=\"background-color: #ddd; color: #333; font-weight: bold; padding: 8px 10px; line-height: 12px;\">Description du produit<\/span><\/div>\n<div style=\"padding: 10px 0;\">\n<table class=\"aliDataTable\" style=\"color: #000000; font-family: Arial; font-size: 12px; font-style: normal; font-weight: 400; background-color: #ffffff; width: 746.066px; height: 226px; border: 1px solid #b3b3b3;\">\n<tbody>\n<tr style=\"height: 21px;\">\n<td style=\"border: 1px solid #b3b3b3; width: 162px;\"><strong><span style=\"font-family: arial, helvetica, sans-serif; font-size: 14px;\">Nom du produit :<\/span><\/strong><\/td>\n<td style=\"border: 1px solid #b3b3b3; width: 595.066px;\"><span style=\"font-family: arial, helvetica, sans-serif; font-size: 14px;\">Marbre divers<\/span><\/td>\n<\/tr>\n<tr style=\"height: 21px;\">\n<td style=\"border: 1px solid #b3b3b3; width: 162px;\"><strong><span style=\"font-family: arial, helvetica, sans-serif; font-size: 14px;\">Mat\u00e9riau :<\/span><\/strong><\/td>\n<td style=\"border: 1px solid #b3b3b3; width: 595.066px;\"><span style=\"font-family: arial, helvetica, sans-serif; font-size: 14px;\">Marbre<\/span><\/td>\n<\/tr>\n<tr style=\"height: 21px;\">\n<td style=\"border: 1px solid #b3b3b3; width: 162px;\"><strong><span style=\"font-family: arial, helvetica, sans-serif; font-size: 14px;\">Couleur :<\/span><\/strong><\/td>\n<td style=\"border: 1px solid #b3b3b3; width: 595.066px;\"><span style=\"font-family: arial, helvetica, sans-serif; font-size: 14px;\">Blanc, beige, noir, marron, gris, rouge, vert, bleu, etc.<\/span><\/td>\n<\/tr>\n<tr style=\"height: 21px;\">\n<td style=\"border: 1px solid #b3b3b3; width: 162px;\" rowspan=\"3\"><strong><span style=\"font-family: arial, helvetica, sans-serif; font-size: 14px;\">Taille :<\/span><\/strong><\/td>\n<td style=\"border: 1px solid #b3b3b3; width: 595.066px;\"><span style=\"font-family: arial, helvetica, sans-serif; font-size: 14px;\"><span style=\"text-decoration: underline;\">Carreaux disponibles<\/span> <\/span><br \/>\n<span style=\"font-family: arial, helvetica, sans-serif; font-size: 14px;\">12\u2032 X 12\u2033,24\u2032 X 24\u2033,12\u2032 X 24\u2033,etc 300x300mm,300x600mm,400x400mm,600x600mm,600\u00d71200,800\u00d7800,etc<\/span><\/td>\n<\/tr>\n<tr style=\"height: 21px;\">\n<td style=\"border: 1px solid #b3b3b3; width: 595.066px;\"><span style=\"font-family: arial, helvetica, sans-serif; font-size: 14px;\"><span style=\"text-decoration: underline;\">Grandes dalles disponibles<\/span>\u00a0 \u00a0 \u00a0 \u00a0 \u00a0 \u00a0 \u00a0 \u00a0 \u00a0 \u00a0 \u00a0 \u00a0 \u00a0 \u00a0 \u00a0 \u00a0 \u00a0 \u00a0 \u00a0 \u00a0 \u00a0 \u00a0 \u00a0 \u00a0 \u00a0 \u00a0 \u00a0 \u00a0 \u00a0 \u00a0 \u00a0 \u00a0 \u00a0 \u00a0 \u00a0 \u00a0 \u00a0 \u00a0 \u00a0 \u00a0 \u00a0 \u00a0 \u00a0 \u00a0 \u00a0 \u00a0 \u00a0 \u00a0 \u00a0 \u00a0 \u00a0 \u00a0 \u00a0 240cmUpx120UP<\/span><\/td>\n<\/tr>\n<tr style=\"height: 21px;\">\n<td style=\"border: 1px solid #b3b3b3; width: 595.066px;\"><span style=\"font-family: arial, helvetica, sans-serif; font-size: 14px;\">Des sp\u00e9cifications personnalis\u00e9es sont disponibles<\/span><\/td>\n<\/tr>\n<tr style=\"height: 21px;\">\n<td style=\"border: 1px solid #b3b3b3; width: 162px;\"><strong><span style=\"font-family: arial, helvetica, sans-serif; font-size: 14px;\">Tol\u00e9rance d'\u00e9paisseur :<\/span><\/strong><\/td>\n<td style=\"border: 1px solid #b3b3b3; width: 595.066px;\"><span style=\"font-size: 14px; font-family: arial, helvetica, sans-serif;\">\u00b10,05mm, \u00b11mm, \u00b11,5mm, \u00b12mm, selon les exigences de qualit\u00e9 du client<\/span><\/td>\n<\/tr>\n<tr style=\"height: 21px;\">\n<td style=\"border: 1px solid #b3b3b3; width: 162px;\"><strong><span style=\"font-family: arial, helvetica, sans-serif; font-size: 14px;\">Surface :<\/span><\/strong><\/td>\n<td style=\"border: 1px solid #b3b3b3; width: 595.066px;\"><span style=\"font-size: 14px; font-family: arial, helvetica, sans-serif;\">Poli, adouci, assorti au livre, antique, rainur\u00e9, bross\u00e9, d\u00e9cap\u00e9, sabl\u00e9, jet d'eau, etc.<\/span><\/td>\n<\/tr>\n<tr style=\"height: auto;\">\n<td style=\"border: 1px solid #b3b3b3; width: 162px;\"><strong><span style=\"font-family: arial, helvetica, sans-serif; font-size: 14px;\">Emballage :<\/span><\/strong><\/td>\n<td style=\"border: 1px solid #b3b3b3; width: 595.066px;\"><span style=\"font-family: arial, helvetica, sans-serif; font-size: 14px;\"> Fardeaux et caisses en bois en \u00e9tat de navigabilit\u00e9<\/span><\/td>\n<\/tr>\n<tr style=\"height: 21px;\">\n<td style=\"border: 1px solid #b3b3b3; width: 162px;\"><strong><span style=\"font-family: arial, helvetica, sans-serif; font-size: 14px;\">Application :<\/span><\/strong><\/td>\n<td style=\"border: 1px solid #b3b3b3; width: 595.066px;\"><span style=\"font-family: arial, helvetica, sans-serif; font-size: 14px;\">Mur int\u00e9rieur, sol, plinthe, mur de fond, comptoir, escalier, etc.<\/span><\/td>\n<\/tr>\n<tr style=\"height: 21px;\">\n<td style=\"border: 1px solid #b3b3b3; width: 162px;\"><strong><span style=\"font-family: arial, helvetica, sans-serif; font-size: 14px;\">D\u00e9lai de livraison :<\/span><\/strong><\/td>\n<td style=\"border: 1px solid #b3b3b3; width: 595.066px;\"><span style=\"font-family: arial, helvetica, sans-serif; font-size: 14px;\"> 15-20 jours pour les tailles normales<\/span><\/td>\n<\/tr>\n<tr style=\"height: 21px;\">\n<td style=\"border: 1px solid #b3b3b3; width: 162px;\"><strong><span style=\"font-family: arial, helvetica, sans-serif; font-size: 14px;\">Certificat :<\/span><\/strong><\/td>\n<td style=\"border: 1px solid #b3b3b3; width: 595.066px;\"><span style=\"font-family: arial, helvetica, sans-serif; font-size: 14px;\">CE, SGS<\/span><\/td>\n<\/tr>\n<tr style=\"height: 21px;\">\n<td style=\"border: 1px solid #b3b3b3; width: 162px;\"><strong><span style=\"font-family: arial, helvetica, sans-serif; font-size: 14px;\">Conditions de paiement :<\/span><\/strong><\/td>\n<td style=\"border: 1px solid #b3b3b3; width: 595.066px;\"><span style=\"font-family: arial, helvetica, sans-serif; font-size: 14px;\">T\/T, L\/C, D\/P<\/span><\/td>\n<\/tr>\n<tr style=\"height: 42px;\">\n<td style=\"border: 1px solid #b3b3b3; width: 162px;\"><strong><span style=\"font-family: arial, helvetica, sans-serif; font-size: 14px;\">Avantage :<\/span><\/strong><\/td>\n<td style=\"border: 1px solid #b3b3b3; width: 595.066px;\"><span style=\"font-family: arial, helvetica, sans-serif; font-size: 14px;\">1) Service unique pour la pierre ;<\/span><\/p>\n<p><span style=\"font-family: arial, helvetica, sans-serif; font-size: 14px;\">2) Poss\u00e9der 3 carri\u00e8res et 9 usines ;<\/span><\/p>\n<p><span style=\"font-family: arial, helvetica, sans-serif; font-size: 14px;\">3) Des supports technologiques de pointe.<\/span><\/td>\n<\/tr>\n<tr style=\"height: 42px;\">\n<td style=\"border: 1px solid #b3b3b3; width: 162px;\"><strong><span style=\"font-family: arial, helvetica, sans-serif; font-size: 14px;\">Assurance de la qualit\u00e9 et de la livraison :\u00a0<\/span><\/strong><\/td>\n<td style=\"border: 1px solid #b3b3b3; width: 595.066px;\"><span style=\"font-family: arial, helvetica, sans-serif; font-size: 14px;\">Tout au long du processus de production, du choix des mat\u00e9riaux \u00e0 l'emballage en passant par la fabrication, notre service de contr\u00f4le de la qualit\u00e9 contr\u00f4le rigoureusement chaque pi\u00e8ce et chaque processus afin de garantir le respect des normes de qualit\u00e9 et le respect des d\u00e9lais de livraison.<\/span><\/td>\n<\/tr>\n<\/tbody>\n<\/table>\n<p><img loading=\"lazy\" decoding=\"async\" class=\"alignnone size-full wp-image-25561\" src=\"http:\/\/stone-phoenix.com\/wp-content\/uploads\/2023\/12\/Rosa-Marble-Turkey-Rosalia-For-10.jpg\" alt=\"\" width=\"871\" height=\"880\" srcset=\"https:\/\/stone-phoenix.com\/wp-content\/uploads\/2023\/12\/Rosa-Marble-Turkey-Rosalia-For-10.jpg 871w, https:\/\/stone-phoenix.com\/wp-content\/uploads\/2023\/12\/Rosa-Marble-Turkey-Rosalia-For-10-297x300.jpg 297w, https:\/\/stone-phoenix.com\/wp-content\/uploads\/2023\/12\/Rosa-Marble-Turkey-Rosalia-For-10-768x776.jpg 768w, https:\/\/stone-phoenix.com\/wp-content\/uploads\/2023\/12\/Rosa-Marble-Turkey-Rosalia-For-10-12x12.jpg 12w, https:\/\/stone-phoenix.com\/wp-content\/uploads\/2023\/12\/Rosa-Marble-Turkey-Rosalia-For-10-600x606.jpg 600w, https:\/\/stone-phoenix.com\/wp-content\/uploads\/2023\/12\/Rosa-Marble-Turkey-Rosalia-For-10-150x152.jpg 150w\" sizes=\"(max-width: 871px) 100vw, 871px\" \/><\/p>\n<p><img loading=\"lazy\" decoding=\"async\" class=\"alignnone  wp-image-25562\" src=\"http:\/\/stone-phoenix.com\/wp-content\/uploads\/2023\/12\/Rosa-Marble-Turkey-Rosalia-For-6.jpg\" alt=\"\" width=\"869\" height=\"900\" srcset=\"https:\/\/stone-phoenix.com\/wp-content\/uploads\/2023\/12\/Rosa-Marble-Turkey-Rosalia-For-6.jpg 649w, https:\/\/stone-phoenix.com\/wp-content\/uploads\/2023\/12\/Rosa-Marble-Turkey-Rosalia-For-6-290x300.jpg 290w, https:\/\/stone-phoenix.com\/wp-content\/uploads\/2023\/12\/Rosa-Marble-Turkey-Rosalia-For-6-12x12.jpg 12w, https:\/\/stone-phoenix.com\/wp-content\/uploads\/2023\/12\/Rosa-Marble-Turkey-Rosalia-For-6-600x621.jpg 600w, https:\/\/stone-phoenix.com\/wp-content\/uploads\/2023\/12\/Rosa-Marble-Turkey-Rosalia-For-6-150x155.jpg 150w\" sizes=\"(max-width: 869px) 100vw, 869px\" \/> <img loading=\"lazy\" decoding=\"async\" class=\"alignnone  wp-image-25567\" src=\"http:\/\/stone-phoenix.com\/wp-content\/uploads\/2023\/12\/Rosa-Marble-Turkey-Rosalia-For-1-1.jpg\" alt=\"\" width=\"870\" height=\"885\" srcset=\"https:\/\/stone-phoenix.com\/wp-content\/uploads\/2023\/12\/Rosa-Marble-Turkey-Rosalia-For-1-1.jpg 652w, https:\/\/stone-phoenix.com\/wp-content\/uploads\/2023\/12\/Rosa-Marble-Turkey-Rosalia-For-1-1-295x300.jpg 295w, https:\/\/stone-phoenix.com\/wp-content\/uploads\/2023\/12\/Rosa-Marble-Turkey-Rosalia-For-1-1-12x12.jpg 12w, https:\/\/stone-phoenix.com\/wp-content\/uploads\/2023\/12\/Rosa-Marble-Turkey-Rosalia-For-1-1-600x610.jpg 600w, https:\/\/stone-phoenix.com\/wp-content\/uploads\/2023\/12\/Rosa-Marble-Turkey-Rosalia-For-1-1-150x153.jpg 150w\" sizes=\"(max-width: 870px) 100vw, 870px\" \/><img loading=\"lazy\" decoding=\"async\" class=\"alignnone size-full wp-image-25564\" src=\"http:\/\/stone-phoenix.com\/wp-content\/uploads\/2023\/12\/Rosa-Marble-Turkey-Rosalia-For-8.jpg\" alt=\"\" width=\"850\" height=\"858\" srcset=\"https:\/\/stone-phoenix.com\/wp-content\/uploads\/2023\/12\/Rosa-Marble-Turkey-Rosalia-For-8.jpg 850w, https:\/\/stone-phoenix.com\/wp-content\/uploads\/2023\/12\/Rosa-Marble-Turkey-Rosalia-For-8-297x300.jpg 297w, https:\/\/stone-phoenix.com\/wp-content\/uploads\/2023\/12\/Rosa-Marble-Turkey-Rosalia-For-8-150x151.jpg 150w, https:\/\/stone-phoenix.com\/wp-content\/uploads\/2023\/12\/Rosa-Marble-Turkey-Rosalia-For-8-768x775.jpg 768w, https:\/\/stone-phoenix.com\/wp-content\/uploads\/2023\/12\/Rosa-Marble-Turkey-Rosalia-For-8-12x12.jpg 12w, https:\/\/stone-phoenix.com\/wp-content\/uploads\/2023\/12\/Rosa-Marble-Turkey-Rosalia-For-8-600x606.jpg 600w\" sizes=\"(max-width: 850px) 100vw, 850px\" \/><\/p>\n<\/div>\n<\/div>\n<\/div>","protected":false},"excerpt":{"rendered":"<p>rosa marble Rosa marble is a new natural stone developed during the last decades of the XXth century that reproduces<\/p>","protected":false},"featured_media":25554,"template":"","meta":[],"product_cat":[113],"product_tag":[],"_links":{"self":[{"href":"https:\/\/stone-phoenix.com\/fr\/wp-json\/wp\/v2\/product\/21934"}],"collection":[{"href":"https:\/\/stone-phoenix.com\/fr\/wp-json\/wp\/v2\/product"}],"about":[{"href":"https:\/\/stone-phoenix.com\/fr\/wp-json\/wp\/v2\/types\/product"}],"wp:featuredmedia":[{"embeddable":true,"href":"https:\/\/stone-phoenix.com\/fr\/wp-json\/wp\/v2\/media\/25554"}],"wp:attachment":[{"href":"https:\/\/stone-phoenix.com\/fr\/wp-json\/wp\/v2\/media?parent=21934"}],"wp:term":[{"taxonomy":"product_cat","embeddable":true,"href":"https:\/\/stone-phoenix.com\/fr\/wp-json\/wp\/v2\/product_cat?post=21934"},{"taxonomy":"product_tag","embeddable":true,"href":"https:\/\/stone-phoenix.com\/fr\/wp-json\/wp\/v2\/product_tag?post=21934"}],"curies":[{"name":"wp","href":"https:\/\/api.w.org\/{rel}","templated":true}]}}