{"id":21945,"date":"2023-12-29T21:45:22","date_gmt":"2023-12-29T13:45:22","guid":{"rendered":"http:\/\/stone-phoenix.com\/product\/royal-blue-marble-new-design-modern"},"modified":"2024-03-22T14:52:24","modified_gmt":"2024-03-22T06:52:24","slug":"royal-blue-marble-new-design-modern","status":"publish","type":"product","link":"https:\/\/stone-phoenix.com\/fr\/produit\/royal-blue-marble-new-design-modern","title":{"rendered":"Marbre bleu royal Nouveau design moderne"},"content":{"rendered":"<div id=\"tab-description\" class=\"woocommerce-Tabs-panel woocommerce-Tabs-panel--description panel entry-content wc-tab\" role=\"tabpanel\" aria-labelledby=\"tab-title-description\">\n<div id=\"ali-anchor-AliPostDhMb-qkngg\" style=\"padding-top: 8px;\" data-section=\"AliPostDhMb-qkngg\" data-section-title=\"Product Description\">\n<h2>Marbre bleu royal Nouveau design moderne<\/h2>\n<div>Le marbre bleu royal est une belle pierre \u00e0 l'aspect tr\u00e8s brillant qui convient mieux \u00e0 une application int\u00e9rieure. Le marbre bleu royal est connu pour ses veines bleu-gris et ses veines gris clair. Il est facile \u00e0 travailler et supporte bien l'eau, ce qui en fait un choix parfait pour votre prochain projet de pierre.<\/div>\n<div>Il a le pouvoir d'induire le bonheur et de vous rajeunir. La couleur apaisante de ce marbre aide \u00e0 calmer l'esprit, \u00e0 se concentrer et \u00e0 travailler. Son aspect royal ajoute une touche de classe \u00e0 n'importe quel espace. Qu'il s'agisse de murs ou de sols, c'est un excellent choix pour tous les types de d\u00e9coration int\u00e9rieure.<\/div>\n<div>Le marbre bleu royal est un accent charmant pour n'importe quelle maison. Il est utilis\u00e9 comme une alternative unique aux comptoirs en granit ou en marbre, aux \u00e9viers, aux meubles-lavabos et aux entourages de chemin\u00e9e. Il peut \u00eatre utilis\u00e9 sur les sols, les murs et les dessus de table pour cr\u00e9er des transitions fluides entre les espaces.<\/div>\n<div>Le bleu royal est un choix magnifique, charmant et populaire pour les dosserets de cuisine. La finesse des veines bleues conf\u00e8re \u00e0 ce marbre un aspect sophistiqu\u00e9, tandis que les tons chauds apportent une sensation apaisante de luxe \u00e0 votre int\u00e9rieur.Ce marbre Bleu Royal est un bleu frais et apaisant qui ajoute une touche d'\u00e9l\u00e9gance \u00e0 toute douche.<\/div>\n<div><\/div>\n<div id=\"ali-title-AliPostDhMb-qkngg\" style=\"padding: 8px 0; border-bottom: 1px solid #ddd;\"><span style=\"background-color: #ddd; color: #333; font-weight: bold; padding: 8px 10px; line-height: 12px;\">Description du produit<\/span><\/div>\n<div style=\"padding: 10px 0;\">\n<table class=\"aliDataTable\" style=\"color: #000000; font-family: Arial; font-size: 12px; font-style: normal; font-weight: 400; background-color: #ffffff; width: 746.066px; height: 226px; border: 1px solid #b3b3b3;\">\n<tbody>\n<tr style=\"height: 21px;\">\n<td style=\"border: 1px solid #b3b3b3; width: 162px;\"><strong><span style=\"font-family: arial, helvetica, sans-serif; font-size: 14px;\">Nom du produit :<\/span><\/strong><\/td>\n<td style=\"border: 1px solid #b3b3b3; width: 595.066px;\"><span style=\"font-family: arial, helvetica, sans-serif; font-size: 14px;\">Marbre divers<\/span><\/td>\n<\/tr>\n<tr style=\"height: 21px;\">\n<td style=\"border: 1px solid #b3b3b3; width: 162px;\"><strong><span style=\"font-family: arial, helvetica, sans-serif; font-size: 14px;\">Mat\u00e9riau :<\/span><\/strong><\/td>\n<td style=\"border: 1px solid #b3b3b3; width: 595.066px;\"><span style=\"font-family: arial, helvetica, sans-serif; font-size: 14px;\">Marbre<\/span><\/td>\n<\/tr>\n<tr style=\"height: 21px;\">\n<td style=\"border: 1px solid #b3b3b3; width: 162px;\"><strong><span style=\"font-family: arial, helvetica, sans-serif; font-size: 14px;\">Couleur :<\/span><\/strong><\/td>\n<td style=\"border: 1px solid #b3b3b3; width: 595.066px;\"><span style=\"font-family: arial, helvetica, sans-serif; font-size: 14px;\">Blanc, beige, noir, marron, gris, rouge, vert, bleu, etc.<\/span><\/td>\n<\/tr>\n<tr style=\"height: 21px;\">\n<td style=\"border: 1px solid #b3b3b3; width: 162px;\" rowspan=\"3\"><strong><span style=\"font-family: arial, helvetica, sans-serif; font-size: 14px;\">Taille :<\/span><\/strong><\/td>\n<td style=\"border: 1px solid #b3b3b3; width: 595.066px;\"><span style=\"font-family: arial, helvetica, sans-serif; font-size: 14px;\"><span style=\"text-decoration: underline;\">Carreaux disponibles<\/span> <\/span><br \/>\n<span style=\"font-family: arial, helvetica, sans-serif; font-size: 14px;\">12\u2032 X 12\u2033,24\u2032 X 24\u2033,12\u2032 X 24\u2033,etc 300x300mm,300x600mm,400x400mm,600x600mm,600\u00d71200,800\u00d7800,etc<\/span><\/td>\n<\/tr>\n<tr style=\"height: 21px;\">\n<td style=\"border: 1px solid #b3b3b3; width: 595.066px;\"><span style=\"font-family: arial, helvetica, sans-serif; font-size: 14px;\"><span style=\"text-decoration: underline;\">Grandes dalles disponibles<\/span>\u00a0 \u00a0 \u00a0 \u00a0 \u00a0 \u00a0 \u00a0 \u00a0 \u00a0 \u00a0 \u00a0 \u00a0 \u00a0 \u00a0 \u00a0 \u00a0 \u00a0 \u00a0 \u00a0 \u00a0 \u00a0 \u00a0 \u00a0 \u00a0 \u00a0 \u00a0 \u00a0 \u00a0 \u00a0 \u00a0 \u00a0 \u00a0 \u00a0 \u00a0 \u00a0 \u00a0 \u00a0 \u00a0 \u00a0 \u00a0 \u00a0 \u00a0 \u00a0 \u00a0 \u00a0 \u00a0 \u00a0 \u00a0 \u00a0 \u00a0 \u00a0 \u00a0 \u00a0 240cmUpx120UP<\/span><\/td>\n<\/tr>\n<tr style=\"height: 21px;\">\n<td style=\"border: 1px solid #b3b3b3; width: 595.066px;\"><span style=\"font-family: arial, helvetica, sans-serif; font-size: 14px;\">Des sp\u00e9cifications personnalis\u00e9es sont disponibles<\/span><\/td>\n<\/tr>\n<tr style=\"height: 21px;\">\n<td style=\"border: 1px solid #b3b3b3; width: 162px;\"><strong><span style=\"font-family: arial, helvetica, sans-serif; font-size: 14px;\">Tol\u00e9rance d'\u00e9paisseur :<\/span><\/strong><\/td>\n<td style=\"border: 1px solid #b3b3b3; width: 595.066px;\"><span style=\"font-size: 14px; font-family: arial, helvetica, sans-serif;\">\u00b10,05mm, \u00b11mm, \u00b11,5mm, \u00b12mm, selon les exigences de qualit\u00e9 du client<\/span><\/td>\n<\/tr>\n<tr style=\"height: 21px;\">\n<td style=\"border: 1px solid #b3b3b3; width: 162px;\"><strong><span style=\"font-family: arial, helvetica, sans-serif; font-size: 14px;\">Surface :<\/span><\/strong><\/td>\n<td style=\"border: 1px solid #b3b3b3; width: 595.066px;\"><span style=\"font-size: 14px; font-family: arial, helvetica, sans-serif;\">Poli, adouci, assorti au livre, antique, rainur\u00e9, bross\u00e9, d\u00e9cap\u00e9, sabl\u00e9, jet d'eau, etc.<\/span><\/td>\n<\/tr>\n<tr style=\"height: auto;\">\n<td style=\"border: 1px solid #b3b3b3; width: 162px;\"><strong><span style=\"font-family: arial, helvetica, sans-serif; font-size: 14px;\">Emballage :<\/span><\/strong><\/td>\n<td style=\"border: 1px solid #b3b3b3; width: 595.066px;\"><span style=\"font-family: arial, helvetica, sans-serif; font-size: 14px;\"> Fardeaux et caisses en bois en \u00e9tat de navigabilit\u00e9<\/span><\/td>\n<\/tr>\n<tr style=\"height: 21px;\">\n<td style=\"border: 1px solid #b3b3b3; width: 162px;\"><strong><span style=\"font-family: arial, helvetica, sans-serif; font-size: 14px;\">Application :<\/span><\/strong><\/td>\n<td style=\"border: 1px solid #b3b3b3; width: 595.066px;\"><span style=\"font-family: arial, helvetica, sans-serif; font-size: 14px;\">Mur int\u00e9rieur, sol, plinthe, mur de fond, comptoir, escalier, etc.<\/span><\/td>\n<\/tr>\n<tr style=\"height: 21px;\">\n<td style=\"border: 1px solid #b3b3b3; width: 162px;\"><strong><span style=\"font-family: arial, helvetica, sans-serif; font-size: 14px;\">D\u00e9lai de livraison :<\/span><\/strong><\/td>\n<td style=\"border: 1px solid #b3b3b3; width: 595.066px;\"><span style=\"font-family: arial, helvetica, sans-serif; font-size: 14px;\"> 15-20 jours pour les tailles normales<\/span><\/td>\n<\/tr>\n<tr style=\"height: 21px;\">\n<td style=\"border: 1px solid #b3b3b3; width: 162px;\"><strong><span style=\"font-family: arial, helvetica, sans-serif; font-size: 14px;\">Certificat :<\/span><\/strong><\/td>\n<td style=\"border: 1px solid #b3b3b3; width: 595.066px;\"><span style=\"font-family: arial, helvetica, sans-serif; font-size: 14px;\">CE, SGS<\/span><\/td>\n<\/tr>\n<tr style=\"height: 21px;\">\n<td style=\"border: 1px solid #b3b3b3; width: 162px;\"><strong><span style=\"font-family: arial, helvetica, sans-serif; font-size: 14px;\">Conditions de paiement :<\/span><\/strong><\/td>\n<td style=\"border: 1px solid #b3b3b3; width: 595.066px;\"><span style=\"font-family: arial, helvetica, sans-serif; font-size: 14px;\">T\/T, L\/C, D\/P<\/span><\/td>\n<\/tr>\n<tr style=\"height: 42px;\">\n<td style=\"border: 1px solid #b3b3b3; width: 162px;\"><strong><span style=\"font-family: arial, helvetica, sans-serif; font-size: 14px;\">Avantage :<\/span><\/strong><\/td>\n<td style=\"border: 1px solid #b3b3b3; width: 595.066px;\"><span style=\"font-family: arial, helvetica, sans-serif; font-size: 14px;\">1) Service unique pour la pierre ;<\/span><\/p>\n<p><span style=\"font-family: arial, helvetica, sans-serif; font-size: 14px;\">2) Poss\u00e9der 3 carri\u00e8res et 9 usines ;<\/span><\/p>\n<p><span style=\"font-family: arial, helvetica, sans-serif; font-size: 14px;\">3) Des supports technologiques de pointe.<\/span><\/td>\n<\/tr>\n<tr style=\"height: 42px;\">\n<td style=\"border: 1px solid #b3b3b3; width: 162px;\"><strong><span style=\"font-family: arial, helvetica, sans-serif; font-size: 14px;\">Assurance de la qualit\u00e9 et de la livraison :\u00a0<\/span><\/strong><\/td>\n<td style=\"border: 1px solid #b3b3b3; width: 595.066px;\"><span style=\"font-family: arial, helvetica, sans-serif; font-size: 14px;\">Tout au long du processus de production, du choix des mat\u00e9riaux \u00e0 l'emballage en passant par la fabrication, notre service de contr\u00f4le de la qualit\u00e9 contr\u00f4le rigoureusement chaque pi\u00e8ce et chaque processus afin de garantir le respect des normes de qualit\u00e9 et le respect des d\u00e9lais de livraison.<\/span><\/td>\n<\/tr>\n<\/tbody>\n<\/table>\n<p><a href=\"https:\/\/longtopstone.com\/product\/azul-bahia-blue-marble-slab-stonedark-tiles\/\">vous pouvez aussi aimer&gt;&gt;&gt;<\/a><\/p>\n<p><img loading=\"lazy\" decoding=\"async\" class=\"alignnone size-full wp-image-25548\" src=\"http:\/\/stone-phoenix.com\/wp-content\/uploads\/2023\/12\/Royal-Blue-Marble-New-Design-Modern-6.jpg\" alt=\"\" width=\"1123\" height=\"754\" srcset=\"https:\/\/stone-phoenix.com\/wp-content\/uploads\/2023\/12\/Royal-Blue-Marble-New-Design-Modern-6.jpg 1123w, https:\/\/stone-phoenix.com\/wp-content\/uploads\/2023\/12\/Royal-Blue-Marble-New-Design-Modern-6-300x201.jpg 300w, https:\/\/stone-phoenix.com\/wp-content\/uploads\/2023\/12\/Royal-Blue-Marble-New-Design-Modern-6-1024x688.jpg 1024w, https:\/\/stone-phoenix.com\/wp-content\/uploads\/2023\/12\/Royal-Blue-Marble-New-Design-Modern-6-768x516.jpg 768w, https:\/\/stone-phoenix.com\/wp-content\/uploads\/2023\/12\/Royal-Blue-Marble-New-Design-Modern-6-18x12.jpg 18w, https:\/\/stone-phoenix.com\/wp-content\/uploads\/2023\/12\/Royal-Blue-Marble-New-Design-Modern-6-600x403.jpg 600w, https:\/\/stone-phoenix.com\/wp-content\/uploads\/2023\/12\/Royal-Blue-Marble-New-Design-Modern-6-150x101.jpg 150w\" sizes=\"(max-width: 1123px) 100vw, 1123px\" \/><img loading=\"lazy\" decoding=\"async\" class=\"alignnone size-full wp-image-25547\" src=\"http:\/\/stone-phoenix.com\/wp-content\/uploads\/2023\/12\/Royal-Blue-Marble-New-Design-Modern-8.jpg\" alt=\"\" width=\"1123\" height=\"838\" srcset=\"https:\/\/stone-phoenix.com\/wp-content\/uploads\/2023\/12\/Royal-Blue-Marble-New-Design-Modern-8.jpg 1123w, https:\/\/stone-phoenix.com\/wp-content\/uploads\/2023\/12\/Royal-Blue-Marble-New-Design-Modern-8-300x224.jpg 300w, https:\/\/stone-phoenix.com\/wp-content\/uploads\/2023\/12\/Royal-Blue-Marble-New-Design-Modern-8-1024x764.jpg 1024w, https:\/\/stone-phoenix.com\/wp-content\/uploads\/2023\/12\/Royal-Blue-Marble-New-Design-Modern-8-768x573.jpg 768w, https:\/\/stone-phoenix.com\/wp-content\/uploads\/2023\/12\/Royal-Blue-Marble-New-Design-Modern-8-16x12.jpg 16w, https:\/\/stone-phoenix.com\/wp-content\/uploads\/2023\/12\/Royal-Blue-Marble-New-Design-Modern-8-600x448.jpg 600w, https:\/\/stone-phoenix.com\/wp-content\/uploads\/2023\/12\/Royal-Blue-Marble-New-Design-Modern-8-150x112.jpg 150w\" sizes=\"(max-width: 1123px) 100vw, 1123px\" \/><img loading=\"lazy\" decoding=\"async\" class=\"alignnone size-full wp-image-25550\" src=\"http:\/\/stone-phoenix.com\/wp-content\/uploads\/2023\/12\/Royal-Blue-Marble-New-Design-Modern-6-1.jpg\" alt=\"\" width=\"1123\" height=\"754\" srcset=\"https:\/\/stone-phoenix.com\/wp-content\/uploads\/2023\/12\/Royal-Blue-Marble-New-Design-Modern-6-1.jpg 1123w, https:\/\/stone-phoenix.com\/wp-content\/uploads\/2023\/12\/Royal-Blue-Marble-New-Design-Modern-6-1-300x201.jpg 300w, https:\/\/stone-phoenix.com\/wp-content\/uploads\/2023\/12\/Royal-Blue-Marble-New-Design-Modern-6-1-1024x688.jpg 1024w, https:\/\/stone-phoenix.com\/wp-content\/uploads\/2023\/12\/Royal-Blue-Marble-New-Design-Modern-6-1-768x516.jpg 768w, https:\/\/stone-phoenix.com\/wp-content\/uploads\/2023\/12\/Royal-Blue-Marble-New-Design-Modern-6-1-18x12.jpg 18w, https:\/\/stone-phoenix.com\/wp-content\/uploads\/2023\/12\/Royal-Blue-Marble-New-Design-Modern-6-1-600x403.jpg 600w, https:\/\/stone-phoenix.com\/wp-content\/uploads\/2023\/12\/Royal-Blue-Marble-New-Design-Modern-6-1-150x101.jpg 150w\" sizes=\"(max-width: 1123px) 100vw, 1123px\" \/><img loading=\"lazy\" decoding=\"async\" class=\"alignnone size-full wp-image-25551\" src=\"http:\/\/stone-phoenix.com\/wp-content\/uploads\/2023\/12\/Royal-Blue-Marble-New-Design-Modern-9.jpg\" alt=\"\" width=\"1122\" height=\"723\" srcset=\"https:\/\/stone-phoenix.com\/wp-content\/uploads\/2023\/12\/Royal-Blue-Marble-New-Design-Modern-9.jpg 1122w, https:\/\/stone-phoenix.com\/wp-content\/uploads\/2023\/12\/Royal-Blue-Marble-New-Design-Modern-9-300x193.jpg 300w, https:\/\/stone-phoenix.com\/wp-content\/uploads\/2023\/12\/Royal-Blue-Marble-New-Design-Modern-9-1024x660.jpg 1024w, https:\/\/stone-phoenix.com\/wp-content\/uploads\/2023\/12\/Royal-Blue-Marble-New-Design-Modern-9-768x495.jpg 768w, https:\/\/stone-phoenix.com\/wp-content\/uploads\/2023\/12\/Royal-Blue-Marble-New-Design-Modern-9-18x12.jpg 18w, https:\/\/stone-phoenix.com\/wp-content\/uploads\/2023\/12\/Royal-Blue-Marble-New-Design-Modern-9-600x387.jpg 600w, https:\/\/stone-phoenix.com\/wp-content\/uploads\/2023\/12\/Royal-Blue-Marble-New-Design-Modern-9-150x97.jpg 150w\" sizes=\"(max-width: 1122px) 100vw, 1122px\" \/><\/p>\n<\/div>\n<\/div>\n<\/div>","protected":false},"excerpt":{"rendered":"<p>Royal Blue Marble New Design Modern Royal Blue marble is a beautiful stone that has a very glossy look that<\/p>","protected":false},"featured_media":25541,"template":"","meta":[],"product_cat":[113],"product_tag":[],"_links":{"self":[{"href":"https:\/\/stone-phoenix.com\/fr\/wp-json\/wp\/v2\/product\/21945"}],"collection":[{"href":"https:\/\/stone-phoenix.com\/fr\/wp-json\/wp\/v2\/product"}],"about":[{"href":"https:\/\/stone-phoenix.com\/fr\/wp-json\/wp\/v2\/types\/product"}],"wp:featuredmedia":[{"embeddable":true,"href":"https:\/\/stone-phoenix.com\/fr\/wp-json\/wp\/v2\/media\/25541"}],"wp:attachment":[{"href":"https:\/\/stone-phoenix.com\/fr\/wp-json\/wp\/v2\/media?parent=21945"}],"wp:term":[{"taxonomy":"product_cat","embeddable":true,"href":"https:\/\/stone-phoenix.com\/fr\/wp-json\/wp\/v2\/product_cat?post=21945"},{"taxonomy":"product_tag","embeddable":true,"href":"https:\/\/stone-phoenix.com\/fr\/wp-json\/wp\/v2\/product_tag?post=21945"}],"curies":[{"name":"wp","href":"https:\/\/api.w.org\/{rel}","templated":true}]}}