{"id":21951,"date":"2023-12-29T21:45:47","date_gmt":"2023-12-29T13:45:47","guid":{"rendered":"http:\/\/stone-phoenix.com\/product\/sunny-gray-marble-tiles-china-hang-grey"},"modified":"2024-03-22T14:42:37","modified_gmt":"2024-03-22T06:42:37","slug":"sunny-gray-marble-tiles-china-hang-grey","status":"publish","type":"product","link":"https:\/\/stone-phoenix.com\/fr\/produit\/sunny-gray-marble-tiles-china-hang-grey","title":{"rendered":"Sunny Gray Marble Tiles China Hang Grey"},"content":{"rendered":"<div id=\"tab-description\" class=\"woocommerce-Tabs-panel woocommerce-Tabs-panel--description panel entry-content wc-tab\" role=\"tabpanel\" aria-labelledby=\"tab-title-description\">\n<h2 style=\"text-align: center;\">Marbre gris en suspension de Chine carreaux de marbre gris ensoleill\u00e9s pour le rev\u00eatement de sol<\/h2>\n<p>Les carreaux de marbre gris soleil ? sont-ils l'une des pierres les plus utilis\u00e9es en int\u00e9rieur ? La r\u00e9ponse est oui. De nombreux architectes d'int\u00e9rieur et propri\u00e9taires l'ont prouv\u00e9. Les carreaux de marbre gris soleil sont l'un de nos derniers ajouts \u00e0 la collection de carreaux de marbre. Ils ont un aspect attrayant et \u00e9l\u00e9gant, et ajouteront une touche de richesse \u00e0 n'importe quelle pi\u00e8ce de votre maison.C'est un beau marbre avec un aspect luxueux et raffin\u00e9 qui est super stylis\u00e9, parfait pour n'importe quelle pi\u00e8ce de votre maison.Nos produits sont spacieux et chauds, avec un grain subtil et des marques naturelles. Leur finition mate les rend id\u00e9aux pour les cuisines et les salles de bains modernes, sur les balcons et les piscines et \u00e9tendus sur les sols dans toutes sortes d'environnements.Ce qui rend le carrelage en marbre gris ensoleill\u00e9 est sa combinaison unique de tons gris traditionnels et de nuances accrocheuses.Nos carreaux en marbre gris ensoleill\u00e9 sont une option \u00e9tonnante pour la r\u00e9novation de votre salle de bains. Nos carreaux de marbre gris soleil sont une option \u00e9tonnante pour la r\u00e9novation de votre salle de bain. Ces carreaux \u00e9tonnants ajouteront un aspect moderne \u00e0 n'importe quel espace et sont parfaits pour donner \u00e0 votre salle de bain la r\u00e9novation dont elle a besoin.<\/p>\n<div id=\"ali-anchor-AliPostDhMb-qkngg\" style=\"padding-top: 8px;\" data-section=\"AliPostDhMb-qkngg\" data-section-title=\"Product Description\">\n<div id=\"ali-title-AliPostDhMb-qkngg\" style=\"padding: 8px 0; border-bottom: 1px solid #ddd;\"><span style=\"background-color: #ddd; color: #333; font-weight: bold; padding: 8px 10px; line-height: 12px;\">Description du produit<\/span><\/div>\n<div style=\"padding: 10px 0;\"><\/div>\n<div style=\"padding: 10px 0;\">\n<table class=\"aliDataTable\" style=\"color: #000000; font-family: Arial; font-size: 12px; font-style: normal; font-weight: 400; background-color: #ffffff; width: 746.066px; height: 226px; border: 1px solid #b3b3b3;\">\n<tbody>\n<tr style=\"height: 21px;\">\n<td style=\"border: 1px solid #b3b3b3; width: 162px;\"><strong><span style=\"font-family: arial, helvetica, sans-serif; font-size: 14px;\">Nom du produit :<\/span><\/strong><\/td>\n<td style=\"border: 1px solid #b3b3b3; width: 595.066px;\">Marbre gris<\/td>\n<\/tr>\n<tr style=\"height: 21px;\">\n<td style=\"border: 1px solid #b3b3b3; width: 162px;\"><strong><span style=\"font-family: arial, helvetica, sans-serif; font-size: 14px;\">Mat\u00e9riau :<\/span><\/strong><\/td>\n<td style=\"border: 1px solid #b3b3b3; width: 595.066px;\"><span style=\"font-family: arial, helvetica, sans-serif;\"><span style=\"font-size: 14px;\">Marbre gris<\/span><\/span><\/td>\n<\/tr>\n<tr style=\"height: 21px;\">\n<td style=\"border: 1px solid #b3b3b3; width: 162px;\"><strong><span style=\"font-family: arial, helvetica, sans-serif; font-size: 14px;\">Couleur :<\/span><\/strong><\/td>\n<td style=\"border: 1px solid #b3b3b3; width: 595.066px;\"><span style=\"font-family: arial, helvetica, sans-serif;\"><span style=\"font-size: 14px;\">Gris\u00a0<\/span><\/span><\/td>\n<\/tr>\n<tr style=\"height: 21px;\">\n<td style=\"border: 1px solid #b3b3b3; width: 162px;\" rowspan=\"3\"><strong><span style=\"font-family: arial, helvetica, sans-serif; font-size: 14px;\">Taille :<\/span><\/strong><\/td>\n<td style=\"border: 1px solid #b3b3b3; width: 595.066px;\"><span style=\"font-family: arial, helvetica, sans-serif; font-size: 14px;\"><span style=\"text-decoration: underline;\">Carreaux disponibles<\/span> <\/span><br \/>\n<span style=\"font-family: arial, helvetica, sans-serif; font-size: 14px;\">12\u2032 X 12\u2033,24\u2032 X 24\u2033,12\u2032 X 24\u2033,etc 300x300mm,300x600mm,400x400mm,600x600mm,600\u00d71200,800\u00d7800,etc<\/span><\/td>\n<\/tr>\n<tr style=\"height: 21px;\">\n<td style=\"border: 1px solid #b3b3b3; width: 595.066px;\"><span style=\"font-family: arial, helvetica, sans-serif; font-size: 14px;\"><span style=\"text-decoration: underline;\">Grandes dalles disponibles<\/span>\u00a0 \u00a0 \u00a0 \u00a0 \u00a0 \u00a0 \u00a0 \u00a0 \u00a0 \u00a0 \u00a0 \u00a0 \u00a0 \u00a0 \u00a0 \u00a0 \u00a0 \u00a0 \u00a0 \u00a0 \u00a0 \u00a0 \u00a0 \u00a0 \u00a0 \u00a0 \u00a0 \u00a0 \u00a0 \u00a0 \u00a0 \u00a0 \u00a0 \u00a0 \u00a0 \u00a0 \u00a0 \u00a0 \u00a0 \u00a0 \u00a0 \u00a0 \u00a0 \u00a0 \u00a0 \u00a0 \u00a0 \u00a0 \u00a0 \u00a0 \u00a0 \u00a0 \u00a0 240cmUpx120UP<\/span><\/td>\n<\/tr>\n<tr style=\"height: 21px;\">\n<td style=\"border: 1px solid #b3b3b3; width: 595.066px;\"><span style=\"font-family: arial, helvetica, sans-serif; font-size: 14px;\">Des sp\u00e9cifications personnalis\u00e9es sont disponibles<\/span><\/td>\n<\/tr>\n<tr style=\"height: 21px;\">\n<td style=\"border: 1px solid #b3b3b3; width: 162px;\"><strong><span style=\"font-family: arial, helvetica, sans-serif; font-size: 14px;\">Tol\u00e9rance d'\u00e9paisseur :<\/span><\/strong><\/td>\n<td style=\"border: 1px solid #b3b3b3; width: 595.066px;\"><span style=\"font-size: 14px; font-family: arial, helvetica, sans-serif;\">\u00b10,05mm, \u00b11mm, \u00b11,5mm, \u00b12mm, selon les exigences de qualit\u00e9 du client<\/span><\/td>\n<\/tr>\n<tr style=\"height: 21px;\">\n<td style=\"border: 1px solid #b3b3b3; width: 162px;\"><strong><span style=\"font-family: arial, helvetica, sans-serif; font-size: 14px;\">Surface :<\/span><\/strong><\/td>\n<td style=\"border: 1px solid #b3b3b3; width: 595.066px;\"><span style=\"font-size: 14px; font-family: arial, helvetica, sans-serif;\">Poli, adouci, assorti au livre, antique, rainur\u00e9, bross\u00e9, d\u00e9cap\u00e9, sabl\u00e9, jet d'eau, etc.<\/span><\/td>\n<\/tr>\n<tr style=\"height: auto;\">\n<td style=\"border: 1px solid #b3b3b3; width: 162px;\"><strong><span style=\"font-family: arial, helvetica, sans-serif; font-size: 14px;\">Emballage :<\/span><\/strong><\/td>\n<td style=\"border: 1px solid #b3b3b3; width: 595.066px;\"><span style=\"font-family: arial, helvetica, sans-serif; font-size: 14px;\"> Fardeaux et caisses en bois en \u00e9tat de navigabilit\u00e9<\/span><\/td>\n<\/tr>\n<tr style=\"height: 21px;\">\n<td style=\"border: 1px solid #b3b3b3; width: 162px;\"><strong><span style=\"font-family: arial, helvetica, sans-serif; font-size: 14px;\">Application :<\/span><\/strong><\/td>\n<td style=\"border: 1px solid #b3b3b3; width: 595.066px;\"><span style=\"font-family: arial, helvetica, sans-serif; font-size: 14px;\">Mur int\u00e9rieur, sol, plinthe, mur de fond, comptoir, escalier, etc.<\/span><\/td>\n<\/tr>\n<tr style=\"height: 21px;\">\n<td style=\"border: 1px solid #b3b3b3; width: 162px;\"><strong><span style=\"font-family: arial, helvetica, sans-serif; font-size: 14px;\">D\u00e9lai de livraison :<\/span><\/strong><\/td>\n<td style=\"border: 1px solid #b3b3b3; width: 595.066px;\"><span style=\"font-family: arial, helvetica, sans-serif; font-size: 14px;\"> 15-20 jours pour les tailles normales<\/span><\/td>\n<\/tr>\n<tr style=\"height: 21px;\">\n<td style=\"border: 1px solid #b3b3b3; width: 162px;\"><strong><span style=\"font-family: arial, helvetica, sans-serif; font-size: 14px;\">Certificat :<\/span><\/strong><\/td>\n<td style=\"border: 1px solid #b3b3b3; width: 595.066px;\"><span style=\"font-family: arial, helvetica, sans-serif; font-size: 14px;\">CE, SGS<\/span><\/td>\n<\/tr>\n<tr style=\"height: 21px;\">\n<td style=\"border: 1px solid #b3b3b3; width: 162px;\"><strong><span style=\"font-family: arial, helvetica, sans-serif; font-size: 14px;\">Conditions de paiement :<\/span><\/strong><\/td>\n<td style=\"border: 1px solid #b3b3b3; width: 595.066px;\"><span style=\"font-family: arial, helvetica, sans-serif; font-size: 14px;\">T\/T, L\/C, D\/P<\/span><\/td>\n<\/tr>\n<tr style=\"height: 42px;\">\n<td style=\"border: 1px solid #b3b3b3; width: 162px;\"><strong><span style=\"font-family: arial, helvetica, sans-serif; font-size: 14px;\">Avantage :<\/span><\/strong><\/td>\n<td style=\"border: 1px solid #b3b3b3; width: 595.066px;\"><span style=\"font-family: arial, helvetica, sans-serif; font-size: 14px;\">1) Service unique pour la pierre ;<\/span><\/p>\n<p><span style=\"font-family: arial, helvetica, sans-serif; font-size: 14px;\">2) Poss\u00e9der 3 carri\u00e8res et 9 usines ;<\/span><\/p>\n<p><span style=\"font-family: arial, helvetica, sans-serif; font-size: 14px;\">3) Des supports technologiques de pointe.<\/span><\/td>\n<\/tr>\n<tr style=\"height: 42px;\">\n<td style=\"border: 1px solid #b3b3b3; width: 162px;\"><strong><span style=\"font-family: arial, helvetica, sans-serif; font-size: 14px;\">Assurance de la qualit\u00e9 et de la livraison :\u00a0<\/span><\/strong><\/td>\n<td style=\"border: 1px solid #b3b3b3; width: 595.066px;\"><span style=\"font-family: arial, helvetica, sans-serif; font-size: 14px;\">Tout au long du processus de production, du choix des mat\u00e9riaux \u00e0 l'emballage en passant par la fabrication, notre service de contr\u00f4le de la qualit\u00e9 contr\u00f4le rigoureusement chaque pi\u00e8ce et chaque processus afin de garantir le respect des normes de qualit\u00e9 et le respect des d\u00e9lais de livraison.<\/span><\/td>\n<\/tr>\n<\/tbody>\n<\/table>\n<p><img loading=\"lazy\" decoding=\"async\" class=\"alignnone size-full wp-image-25537\" src=\"http:\/\/stone-phoenix.com\/wp-content\/uploads\/2023\/12\/Sunny-Gray-Marble-Tiles-China-Hang-Grey-7.jpg\" alt=\"\" width=\"1063\" height=\"1081\" srcset=\"https:\/\/stone-phoenix.com\/wp-content\/uploads\/2023\/12\/Sunny-Gray-Marble-Tiles-China-Hang-Grey-7.jpg 1063w, https:\/\/stone-phoenix.com\/wp-content\/uploads\/2023\/12\/Sunny-Gray-Marble-Tiles-China-Hang-Grey-7-295x300.jpg 295w, https:\/\/stone-phoenix.com\/wp-content\/uploads\/2023\/12\/Sunny-Gray-Marble-Tiles-China-Hang-Grey-7-1007x1024.jpg 1007w, https:\/\/stone-phoenix.com\/wp-content\/uploads\/2023\/12\/Sunny-Gray-Marble-Tiles-China-Hang-Grey-7-768x781.jpg 768w, https:\/\/stone-phoenix.com\/wp-content\/uploads\/2023\/12\/Sunny-Gray-Marble-Tiles-China-Hang-Grey-7-12x12.jpg 12w, https:\/\/stone-phoenix.com\/wp-content\/uploads\/2023\/12\/Sunny-Gray-Marble-Tiles-China-Hang-Grey-7-600x610.jpg 600w, https:\/\/stone-phoenix.com\/wp-content\/uploads\/2023\/12\/Sunny-Gray-Marble-Tiles-China-Hang-Grey-7-150x153.jpg 150w\" sizes=\"(max-width: 1063px) 100vw, 1063px\" \/><br \/>\n<img loading=\"lazy\" decoding=\"async\" class=\"alignnone size-full wp-image-25538\" src=\"http:\/\/stone-phoenix.com\/wp-content\/uploads\/2023\/12\/Sunny-Gray-Marble-Tiles-China-Hang-Grey-6.jpg\" alt=\"\" width=\"1014\" height=\"786\" srcset=\"https:\/\/stone-phoenix.com\/wp-content\/uploads\/2023\/12\/Sunny-Gray-Marble-Tiles-China-Hang-Grey-6.jpg 1014w, https:\/\/stone-phoenix.com\/wp-content\/uploads\/2023\/12\/Sunny-Gray-Marble-Tiles-China-Hang-Grey-6-300x233.jpg 300w, https:\/\/stone-phoenix.com\/wp-content\/uploads\/2023\/12\/Sunny-Gray-Marble-Tiles-China-Hang-Grey-6-768x595.jpg 768w, https:\/\/stone-phoenix.com\/wp-content\/uploads\/2023\/12\/Sunny-Gray-Marble-Tiles-China-Hang-Grey-6-15x12.jpg 15w, https:\/\/stone-phoenix.com\/wp-content\/uploads\/2023\/12\/Sunny-Gray-Marble-Tiles-China-Hang-Grey-6-600x465.jpg 600w, https:\/\/stone-phoenix.com\/wp-content\/uploads\/2023\/12\/Sunny-Gray-Marble-Tiles-China-Hang-Grey-6-150x116.jpg 150w\" sizes=\"(max-width: 1014px) 100vw, 1014px\" \/><br \/>\n<img loading=\"lazy\" decoding=\"async\" class=\"alignnone size-full wp-image-25539\" src=\"http:\/\/stone-phoenix.com\/wp-content\/uploads\/2023\/12\/Sunny-Gray-Marble-Tiles-China-Hang-Grey-8.jpg\" alt=\"\" width=\"1117\" height=\"1089\" srcset=\"https:\/\/stone-phoenix.com\/wp-content\/uploads\/2023\/12\/Sunny-Gray-Marble-Tiles-China-Hang-Grey-8.jpg 1117w, https:\/\/stone-phoenix.com\/wp-content\/uploads\/2023\/12\/Sunny-Gray-Marble-Tiles-China-Hang-Grey-8-300x292.jpg 300w, https:\/\/stone-phoenix.com\/wp-content\/uploads\/2023\/12\/Sunny-Gray-Marble-Tiles-China-Hang-Grey-8-1024x998.jpg 1024w, https:\/\/stone-phoenix.com\/wp-content\/uploads\/2023\/12\/Sunny-Gray-Marble-Tiles-China-Hang-Grey-8-768x749.jpg 768w, https:\/\/stone-phoenix.com\/wp-content\/uploads\/2023\/12\/Sunny-Gray-Marble-Tiles-China-Hang-Grey-8-12x12.jpg 12w, https:\/\/stone-phoenix.com\/wp-content\/uploads\/2023\/12\/Sunny-Gray-Marble-Tiles-China-Hang-Grey-8-600x585.jpg 600w, https:\/\/stone-phoenix.com\/wp-content\/uploads\/2023\/12\/Sunny-Gray-Marble-Tiles-China-Hang-Grey-8-150x146.jpg 150w\" sizes=\"(max-width: 1117px) 100vw, 1117px\" \/><br \/>\n<img loading=\"lazy\" decoding=\"async\" class=\"alignnone size-full wp-image-25540\" src=\"http:\/\/stone-phoenix.com\/wp-content\/uploads\/2023\/12\/Sunny-Gray-Marble-Tiles-China-Hang-Grey-9.jpg\" alt=\"\" width=\"1009\" height=\"919\" srcset=\"https:\/\/stone-phoenix.com\/wp-content\/uploads\/2023\/12\/Sunny-Gray-Marble-Tiles-China-Hang-Grey-9.jpg 1009w, https:\/\/stone-phoenix.com\/wp-content\/uploads\/2023\/12\/Sunny-Gray-Marble-Tiles-China-Hang-Grey-9-300x273.jpg 300w, https:\/\/stone-phoenix.com\/wp-content\/uploads\/2023\/12\/Sunny-Gray-Marble-Tiles-China-Hang-Grey-9-768x699.jpg 768w, https:\/\/stone-phoenix.com\/wp-content\/uploads\/2023\/12\/Sunny-Gray-Marble-Tiles-China-Hang-Grey-9-13x12.jpg 13w, https:\/\/stone-phoenix.com\/wp-content\/uploads\/2023\/12\/Sunny-Gray-Marble-Tiles-China-Hang-Grey-9-600x546.jpg 600w, https:\/\/stone-phoenix.com\/wp-content\/uploads\/2023\/12\/Sunny-Gray-Marble-Tiles-China-Hang-Grey-9-150x137.jpg 150w\" sizes=\"(max-width: 1009px) 100vw, 1009px\" \/><\/p>\n<\/div>\n<\/div>\n<\/div>","protected":false},"excerpt":{"rendered":"<p>Chine : accrocher le marbre gris les carreaux de marbre gris ensoleill\u00e9 pour le sol utilisation des carreaux de marbre gris ensoleill\u00e9?sont l'un des plus<\/p>","protected":false},"featured_media":25531,"template":"","meta":[],"product_cat":[113],"product_tag":[],"_links":{"self":[{"href":"https:\/\/stone-phoenix.com\/fr\/wp-json\/wp\/v2\/product\/21951"}],"collection":[{"href":"https:\/\/stone-phoenix.com\/fr\/wp-json\/wp\/v2\/product"}],"about":[{"href":"https:\/\/stone-phoenix.com\/fr\/wp-json\/wp\/v2\/types\/product"}],"wp:featuredmedia":[{"embeddable":true,"href":"https:\/\/stone-phoenix.com\/fr\/wp-json\/wp\/v2\/media\/25531"}],"wp:attachment":[{"href":"https:\/\/stone-phoenix.com\/fr\/wp-json\/wp\/v2\/media?parent=21951"}],"wp:term":[{"taxonomy":"product_cat","embeddable":true,"href":"https:\/\/stone-phoenix.com\/fr\/wp-json\/wp\/v2\/product_cat?post=21951"},{"taxonomy":"product_tag","embeddable":true,"href":"https:\/\/stone-phoenix.com\/fr\/wp-json\/wp\/v2\/product_tag?post=21951"}],"curies":[{"name":"wp","href":"https:\/\/api.w.org\/{rel}","templated":true}]}}