{"id":21965,"date":"2023-12-29T21:46:36","date_gmt":"2023-12-29T13:46:36","guid":{"rendered":"http:\/\/stone-phoenix.com\/product\/thassos-white-marble-tiles-greece-thassos-white-marble"},"modified":"2024-03-22T13:28:50","modified_gmt":"2024-03-22T05:28:50","slug":"thassos-white-marble-tiles-greece-thassos-white-marble","status":"publish","type":"product","link":"https:\/\/stone-phoenix.com\/fr\/produit\/thassos-white-marble-tiles-greece-thassos-white-marble","title":{"rendered":"carreaux de marbre blanc de thassos Gr\u00e8ce marbre blanc de thassos"},"content":{"rendered":"<div id=\"tab-description\" class=\"woocommerce-Tabs-panel woocommerce-Tabs-panel--description panel entry-content wc-tab\" role=\"tabpanel\" aria-labelledby=\"tab-title-description\">\n<h2>Carreaux de marbre blanc de Thassos hautement polis Prix du marbre blanc de Thassos en Gr\u00e8ce Marbre blanc de Thassos<\/h2>\n<p>Le marbre blanc de Thassos est un marbre blanc magnifique et attrayant qui cr\u00e9era un environnement relaxant, paisible et \u00e9l\u00e9gant dans n'importe quelle maison. Parfaite pour les maisons modernes et les espaces commerciaux, cette pierre naturelle a une couleur claire avec des veines lisses et cr\u00e9meuses, avec une finition adoucie facile \u00e0 nettoyer.<\/p>\n<p>Les carreaux de marbre blanc de Thassos sont des marbres blancs de haute qualit\u00e9 provenant de Gr\u00e8ce, qui sont \u00e9galement connus pour \u00eatre extr\u00eamement durables pour un usage ext\u00e9rieur. Il s'agit d'un type de marbre blanc provenant de l'\u00eele de Thassos.<\/p>\n<p>Il est utilis\u00e9 depuis des si\u00e8cles pour les murs et les sols. Il pr\u00e9sente une variation tr\u00e8s subtile du motif en couches qui lui donne un aspect unique, in\u00e9gal\u00e9 par les autres marbres blancs. Le marbre blanc de Thassos est un marbre unique avec des caract\u00e9ristiques uniques.<\/p>\n<p>Il a la capacit\u00e9 de diminuer la couleur de la lumi\u00e8re, devenant plus translucide et la couleur cr\u00e9e son propre style.C'est un type de pierre naturelle qui a un aspect blanc. Il est principalement utilis\u00e9 pour les sols et les murs, mais vous pouvez \u00e9galement l'utiliser comme \u00e9l\u00e9ment de d\u00e9coration int\u00e9rieure. C'est l'un des principaux mat\u00e9riaux.<\/p>\n<div id=\"ali-anchor-AliPostDhMb-qkngg\" style=\"padding-top: 8px;\" data-section=\"AliPostDhMb-qkngg\" data-section-title=\"Product Description\">\n<div id=\"ali-title-AliPostDhMb-qkngg\" style=\"padding: 8px 0; border-bottom: 1px solid #ddd;\"><span style=\"background-color: #ddd; color: #333; font-weight: bold; padding: 8px 10px; line-height: 12px;\">Description du produit<\/span><\/div>\n<div style=\"padding: 10px 0;\">\n<table class=\"aliDataTable\" style=\"color: #000000; font-family: Arial; font-size: 12px; font-style: normal; font-weight: 400; background-color: #ffffff; width: 746.066px; height: 226px; border: 1px solid #b3b3b3;\">\n<tbody>\n<tr style=\"height: 21px;\">\n<td style=\"border: 1px solid #b3b3b3; width: 162px;\"><strong><span style=\"font-family: arial, helvetica, sans-serif; font-size: 14px;\">Nom du produit :<\/span><\/strong><\/td>\n<td style=\"border: 1px solid #b3b3b3; width: 595.066px;\">Carreaux de marbre blanc de Thassos hautement polis Prix du marbre blanc de Thassos en Gr\u00e8ce Marbre blanc de Thassos<\/td>\n<\/tr>\n<tr style=\"height: 21px;\">\n<td style=\"border: 1px solid #b3b3b3; width: 162px;\"><strong><span style=\"font-family: arial, helvetica, sans-serif; font-size: 14px;\">Mat\u00e9riau :<\/span><\/strong><\/td>\n<td style=\"border: 1px solid #b3b3b3; width: 595.066px;\"><span style=\"font-family: arial, helvetica, sans-serif;\"><span style=\"font-size: 14px;\">Calcite<\/span><\/span><\/td>\n<\/tr>\n<tr style=\"height: 21px;\">\n<td style=\"border: 1px solid #b3b3b3; width: 162px;\"><strong><span style=\"font-family: arial, helvetica, sans-serif; font-size: 14px;\">Couleur :<\/span><\/strong><\/td>\n<td style=\"border: 1px solid #b3b3b3; width: 595.066px;\"><span style=\"font-family: arial, helvetica, sans-serif; font-size: 14px;\">Blanc, beige, noir, marron, gris, rouge, vert, bleu, etc.<\/span><\/td>\n<\/tr>\n<tr style=\"height: 21px;\">\n<td style=\"border: 1px solid #b3b3b3; width: 162px;\" rowspan=\"3\"><strong><span style=\"font-family: arial, helvetica, sans-serif; font-size: 14px;\">Taille :<\/span><\/strong><\/td>\n<td style=\"border: 1px solid #b3b3b3; width: 595.066px;\"><span style=\"font-family: arial, helvetica, sans-serif; font-size: 14px;\"><span style=\"text-decoration: underline;\">Carreaux disponibles<\/span> <\/span><br \/>\n<span style=\"font-family: arial, helvetica, sans-serif; font-size: 14px;\">12\u2032 X 12\u2033,24\u2032 X 24\u2033,12\u2032 X 24\u2033,etc 300x300mm,300x600mm,400x400mm,600x600mm,600\u00d71200,800\u00d7800,etc<\/span><\/td>\n<\/tr>\n<tr style=\"height: 21px;\">\n<td style=\"border: 1px solid #b3b3b3; width: 595.066px;\"><span style=\"font-family: arial, helvetica, sans-serif; font-size: 14px;\"><span style=\"text-decoration: underline;\">Grandes dalles disponibles<\/span>\u00a0 \u00a0 \u00a0 \u00a0 \u00a0 \u00a0 \u00a0 \u00a0 \u00a0 \u00a0 \u00a0 \u00a0 \u00a0 \u00a0 \u00a0 \u00a0 \u00a0 \u00a0 \u00a0 \u00a0 \u00a0 \u00a0 \u00a0 \u00a0 \u00a0 \u00a0 \u00a0 \u00a0 \u00a0 \u00a0 \u00a0 \u00a0 \u00a0 \u00a0 \u00a0 \u00a0 \u00a0 \u00a0 \u00a0 \u00a0 \u00a0 \u00a0 \u00a0 \u00a0 \u00a0 \u00a0 \u00a0 \u00a0 \u00a0 \u00a0 \u00a0 \u00a0 \u00a0 240cmUpx120UP<\/span><\/td>\n<\/tr>\n<tr style=\"height: 21px;\">\n<td style=\"border: 1px solid #b3b3b3; width: 595.066px;\"><span style=\"font-family: arial, helvetica, sans-serif; font-size: 14px;\">Des sp\u00e9cifications personnalis\u00e9es sont disponibles<\/span><\/td>\n<\/tr>\n<tr style=\"height: 21px;\">\n<td style=\"border: 1px solid #b3b3b3; width: 162px;\"><strong><span style=\"font-family: arial, helvetica, sans-serif; font-size: 14px;\">Tol\u00e9rance d'\u00e9paisseur :<\/span><\/strong><\/td>\n<td style=\"border: 1px solid #b3b3b3; width: 595.066px;\"><span style=\"font-size: 14px; font-family: arial, helvetica, sans-serif;\">\u00b10,05mm, \u00b11mm, \u00b11,5mm, \u00b12mm, selon les exigences de qualit\u00e9 du client<\/span><\/td>\n<\/tr>\n<tr style=\"height: 21px;\">\n<td style=\"border: 1px solid #b3b3b3; width: 162px;\"><strong><span style=\"font-family: arial, helvetica, sans-serif; font-size: 14px;\">Surface :<\/span><\/strong><\/td>\n<td style=\"border: 1px solid #b3b3b3; width: 595.066px;\"><span style=\"font-size: 14px; font-family: arial, helvetica, sans-serif;\">Poli, adouci, assorti au livre, antique, rainur\u00e9, bross\u00e9, d\u00e9cap\u00e9, sabl\u00e9, jet d'eau, etc.<\/span><\/td>\n<\/tr>\n<tr style=\"height: auto;\">\n<td style=\"border: 1px solid #b3b3b3; width: 162px;\"><strong><span style=\"font-family: arial, helvetica, sans-serif; font-size: 14px;\">Emballage :<\/span><\/strong><\/td>\n<td style=\"border: 1px solid #b3b3b3; width: 595.066px;\"><span style=\"font-family: arial, helvetica, sans-serif; font-size: 14px;\"> Fardeaux et caisses en bois en \u00e9tat de navigabilit\u00e9<\/span><\/td>\n<\/tr>\n<tr style=\"height: 21px;\">\n<td style=\"border: 1px solid #b3b3b3; width: 162px;\"><strong><span style=\"font-family: arial, helvetica, sans-serif; font-size: 14px;\">Application :<\/span><\/strong><\/td>\n<td style=\"border: 1px solid #b3b3b3; width: 595.066px;\"><span style=\"font-family: arial, helvetica, sans-serif; font-size: 14px;\">Mur int\u00e9rieur, sol, plinthe, mur de fond, comptoir, escalier, etc.<\/span><\/td>\n<\/tr>\n<tr style=\"height: 21px;\">\n<td style=\"border: 1px solid #b3b3b3; width: 162px;\"><strong><span style=\"font-family: arial, helvetica, sans-serif; font-size: 14px;\">D\u00e9lai de livraison :<\/span><\/strong><\/td>\n<td style=\"border: 1px solid #b3b3b3; width: 595.066px;\"><span style=\"font-family: arial, helvetica, sans-serif; font-size: 14px;\"> 15-20 jours pour les tailles normales<\/span><\/td>\n<\/tr>\n<tr style=\"height: 21px;\">\n<td style=\"border: 1px solid #b3b3b3; width: 162px;\"><strong><span style=\"font-family: arial, helvetica, sans-serif; font-size: 14px;\">Certificat :<\/span><\/strong><\/td>\n<td style=\"border: 1px solid #b3b3b3; width: 595.066px;\"><span style=\"font-family: arial, helvetica, sans-serif; font-size: 14px;\">CE, SGS<\/span><\/td>\n<\/tr>\n<tr style=\"height: 21px;\">\n<td style=\"border: 1px solid #b3b3b3; width: 162px;\"><strong><span style=\"font-family: arial, helvetica, sans-serif; font-size: 14px;\">Conditions de paiement :<\/span><\/strong><\/td>\n<td style=\"border: 1px solid #b3b3b3; width: 595.066px;\"><span style=\"font-family: arial, helvetica, sans-serif; font-size: 14px;\">T\/T, L\/C, D\/P<\/span><\/td>\n<\/tr>\n<tr style=\"height: 42px;\">\n<td style=\"border: 1px solid #b3b3b3; width: 162px;\"><strong><span style=\"font-family: arial, helvetica, sans-serif; font-size: 14px;\">Avantage :<\/span><\/strong><\/td>\n<td style=\"border: 1px solid #b3b3b3; width: 595.066px;\"><span style=\"font-family: arial, helvetica, sans-serif; font-size: 14px;\">1) Service unique pour la pierre ;<\/span><\/p>\n<p><span style=\"font-family: arial, helvetica, sans-serif; font-size: 14px;\">2) Poss\u00e9der 3 carri\u00e8res et 9 usines ;<\/span><\/p>\n<p><span style=\"font-family: arial, helvetica, sans-serif; font-size: 14px;\">3) Des supports technologiques de pointe.<\/span><\/td>\n<\/tr>\n<tr style=\"height: 42px;\">\n<td style=\"border: 1px solid #b3b3b3; width: 162px;\"><strong><span style=\"font-family: arial, helvetica, sans-serif; font-size: 14px;\">Assurance de la qualit\u00e9 et de la livraison :\u00a0<\/span><\/strong><\/td>\n<td style=\"border: 1px solid #b3b3b3; width: 595.066px;\"><span style=\"font-family: arial, helvetica, sans-serif; font-size: 14px;\">Tout au long du processus de production, du choix des mat\u00e9riaux \u00e0 l'emballage en passant par la fabrication, notre service de contr\u00f4le de la qualit\u00e9 contr\u00f4le rigoureusement chaque pi\u00e8ce et chaque processus afin de garantir le respect des normes de qualit\u00e9 et le respect des d\u00e9lais de livraison.<\/span><\/td>\n<\/tr>\n<\/tbody>\n<\/table>\n<\/div>\n<div style=\"padding: 10px 0;\"><img loading=\"lazy\" decoding=\"async\" class=\"alignnone size-full wp-image-25527\" src=\"http:\/\/stone-phoenix.com\/wp-content\/uploads\/2023\/12\/thassos-white-marble-tiles-greece-thassos-white-marble-10.jpg\" alt=\"\" width=\"1096\" height=\"805\" srcset=\"https:\/\/stone-phoenix.com\/wp-content\/uploads\/2023\/12\/thassos-white-marble-tiles-greece-thassos-white-marble-10.jpg 1096w, https:\/\/stone-phoenix.com\/wp-content\/uploads\/2023\/12\/thassos-white-marble-tiles-greece-thassos-white-marble-10-300x220.jpg 300w, https:\/\/stone-phoenix.com\/wp-content\/uploads\/2023\/12\/thassos-white-marble-tiles-greece-thassos-white-marble-10-1024x752.jpg 1024w, https:\/\/stone-phoenix.com\/wp-content\/uploads\/2023\/12\/thassos-white-marble-tiles-greece-thassos-white-marble-10-768x564.jpg 768w, https:\/\/stone-phoenix.com\/wp-content\/uploads\/2023\/12\/thassos-white-marble-tiles-greece-thassos-white-marble-10-16x12.jpg 16w, https:\/\/stone-phoenix.com\/wp-content\/uploads\/2023\/12\/thassos-white-marble-tiles-greece-thassos-white-marble-10-600x441.jpg 600w, https:\/\/stone-phoenix.com\/wp-content\/uploads\/2023\/12\/thassos-white-marble-tiles-greece-thassos-white-marble-10-150x110.jpg 150w\" sizes=\"(max-width: 1096px) 100vw, 1096px\" \/><img loading=\"lazy\" decoding=\"async\" class=\"alignnone size-full wp-image-25528\" src=\"http:\/\/stone-phoenix.com\/wp-content\/uploads\/2023\/12\/thassos-white-marble-tiles-greece-thassos-white-marble-9.jpg\" alt=\"\" width=\"1117\" height=\"823\" srcset=\"https:\/\/stone-phoenix.com\/wp-content\/uploads\/2023\/12\/thassos-white-marble-tiles-greece-thassos-white-marble-9.jpg 1117w, https:\/\/stone-phoenix.com\/wp-content\/uploads\/2023\/12\/thassos-white-marble-tiles-greece-thassos-white-marble-9-300x221.jpg 300w, https:\/\/stone-phoenix.com\/wp-content\/uploads\/2023\/12\/thassos-white-marble-tiles-greece-thassos-white-marble-9-1024x754.jpg 1024w, https:\/\/stone-phoenix.com\/wp-content\/uploads\/2023\/12\/thassos-white-marble-tiles-greece-thassos-white-marble-9-768x566.jpg 768w, https:\/\/stone-phoenix.com\/wp-content\/uploads\/2023\/12\/thassos-white-marble-tiles-greece-thassos-white-marble-9-16x12.jpg 16w, https:\/\/stone-phoenix.com\/wp-content\/uploads\/2023\/12\/thassos-white-marble-tiles-greece-thassos-white-marble-9-600x442.jpg 600w, https:\/\/stone-phoenix.com\/wp-content\/uploads\/2023\/12\/thassos-white-marble-tiles-greece-thassos-white-marble-9-150x111.jpg 150w\" sizes=\"(max-width: 1117px) 100vw, 1117px\" \/><img loading=\"lazy\" decoding=\"async\" class=\"alignnone size-full wp-image-25529\" src=\"http:\/\/stone-phoenix.com\/wp-content\/uploads\/2023\/12\/thassos-white-marble-tiles-greece-thassos-white-marble-8.jpg\" alt=\"\" width=\"1116\" height=\"825\" srcset=\"https:\/\/stone-phoenix.com\/wp-content\/uploads\/2023\/12\/thassos-white-marble-tiles-greece-thassos-white-marble-8.jpg 1116w, https:\/\/stone-phoenix.com\/wp-content\/uploads\/2023\/12\/thassos-white-marble-tiles-greece-thassos-white-marble-8-300x222.jpg 300w, https:\/\/stone-phoenix.com\/wp-content\/uploads\/2023\/12\/thassos-white-marble-tiles-greece-thassos-white-marble-8-1024x757.jpg 1024w, https:\/\/stone-phoenix.com\/wp-content\/uploads\/2023\/12\/thassos-white-marble-tiles-greece-thassos-white-marble-8-768x568.jpg 768w, https:\/\/stone-phoenix.com\/wp-content\/uploads\/2023\/12\/thassos-white-marble-tiles-greece-thassos-white-marble-8-16x12.jpg 16w, https:\/\/stone-phoenix.com\/wp-content\/uploads\/2023\/12\/thassos-white-marble-tiles-greece-thassos-white-marble-8-600x444.jpg 600w, https:\/\/stone-phoenix.com\/wp-content\/uploads\/2023\/12\/thassos-white-marble-tiles-greece-thassos-white-marble-8-150x111.jpg 150w\" sizes=\"(max-width: 1116px) 100vw, 1116px\" \/><img loading=\"lazy\" decoding=\"async\" class=\"alignnone size-full wp-image-25530\" src=\"http:\/\/stone-phoenix.com\/wp-content\/uploads\/2023\/12\/thassos-white-marble-tiles-greece-thassos-white-marble-7.jpg\" alt=\"\" width=\"1107\" height=\"831\" srcset=\"https:\/\/stone-phoenix.com\/wp-content\/uploads\/2023\/12\/thassos-white-marble-tiles-greece-thassos-white-marble-7.jpg 1107w, https:\/\/stone-phoenix.com\/wp-content\/uploads\/2023\/12\/thassos-white-marble-tiles-greece-thassos-white-marble-7-300x225.jpg 300w, https:\/\/stone-phoenix.com\/wp-content\/uploads\/2023\/12\/thassos-white-marble-tiles-greece-thassos-white-marble-7-1024x769.jpg 1024w, https:\/\/stone-phoenix.com\/wp-content\/uploads\/2023\/12\/thassos-white-marble-tiles-greece-thassos-white-marble-7-768x577.jpg 768w, https:\/\/stone-phoenix.com\/wp-content\/uploads\/2023\/12\/thassos-white-marble-tiles-greece-thassos-white-marble-7-16x12.jpg 16w, https:\/\/stone-phoenix.com\/wp-content\/uploads\/2023\/12\/thassos-white-marble-tiles-greece-thassos-white-marble-7-600x450.jpg 600w, https:\/\/stone-phoenix.com\/wp-content\/uploads\/2023\/12\/thassos-white-marble-tiles-greece-thassos-white-marble-7-150x113.jpg 150w\" sizes=\"(max-width: 1107px) 100vw, 1107px\" \/><\/p>\n<\/div>\n<\/div>\n<\/div>","protected":false},"excerpt":{"rendered":"<p>High polished thassos white marble tiles thassos white marble price greece thassos white marble Thassos white marble tiles is a<\/p>","protected":false},"featured_media":25520,"template":"","meta":[],"product_cat":[113],"product_tag":[],"_links":{"self":[{"href":"https:\/\/stone-phoenix.com\/fr\/wp-json\/wp\/v2\/product\/21965"}],"collection":[{"href":"https:\/\/stone-phoenix.com\/fr\/wp-json\/wp\/v2\/product"}],"about":[{"href":"https:\/\/stone-phoenix.com\/fr\/wp-json\/wp\/v2\/types\/product"}],"wp:featuredmedia":[{"embeddable":true,"href":"https:\/\/stone-phoenix.com\/fr\/wp-json\/wp\/v2\/media\/25520"}],"wp:attachment":[{"href":"https:\/\/stone-phoenix.com\/fr\/wp-json\/wp\/v2\/media?parent=21965"}],"wp:term":[{"taxonomy":"product_cat","embeddable":true,"href":"https:\/\/stone-phoenix.com\/fr\/wp-json\/wp\/v2\/product_cat?post=21965"},{"taxonomy":"product_tag","embeddable":true,"href":"https:\/\/stone-phoenix.com\/fr\/wp-json\/wp\/v2\/product_tag?post=21965"}],"curies":[{"name":"wp","href":"https:\/\/api.w.org\/{rel}","templated":true}]}}