{"id":21971,"date":"2023-12-29T21:47:05","date_gmt":"2023-12-29T13:47:05","guid":{"rendered":"http:\/\/stone-phoenix.com\/product\/thickness-white-marble-price-20mm-sparkle-marble-slabs"},"modified":"2024-03-22T13:21:04","modified_gmt":"2024-03-22T05:21:04","slug":"thickness-white-marble-price-20mm-sparkle-marble-slabs","status":"publish","type":"product","link":"https:\/\/stone-phoenix.com\/fr\/produit\/thickness-white-marble-price-20mm-sparkle-marble-slabs","title":{"rendered":"\u00e9paisseur du prix du marbre blanc 20mm dalles de marbre \u00e9tincelantes"},"content":{"rendered":"<div id=\"tab-description\" class=\"woocommerce-Tabs-panel woocommerce-Tabs-panel--description panel entry-content wc-tab\" role=\"tabpanel\" aria-labelledby=\"tab-title-description\">\n<h2>Prix du marbre blanc de 20 mm d'\u00e9paisseur dalles et carreaux de marbre blanc \u00e9tincelant de haute qualit\u00e9<\/h2>\n<p>Notre prix de marbre blanc \u00e9pais est le choix parfait pour cr\u00e9er un aspect traditionnel dans votre prochain projet. Ce magnifique carreau de marbre blanc \u00e9tincelant est l'un de nos choix les plus populaires, et il est disponible dans une vari\u00e9t\u00e9 de styles et de couleurs. Le marbre blanc \u00e9tincelant est id\u00e9al comme rev\u00eatement de sol ou de mur.<\/p>\n<p>Dalles et carreaux de marbre blanc \u00e9tincelant de haute qualit\u00e9 d'une \u00e9paisseur de 20 mm Disponibles en diff\u00e9rentes tailles et finitions. Nombreuses options de couleurs disponiblesLe marbre blanc \u00e9tincelant est un produit en pierre naturelle qui peut \u00eatre utilis\u00e9 pour cr\u00e9er des murs, des escaliers, des sols, etc. Comme vous le savez, les dalles et les carreaux de marbre blanc sont tr\u00e8s populaires en raison de leur belle surface et de leur grain particulier.<\/p>\n<p>Ce marbre blanc est vendu sous forme de dalles, de carreaux et de pi\u00e8ces de comptoir. Il ajoute une touche de douceur et d'\u00e9l\u00e9gance \u00e0 votre int\u00e9rieur, en accentuant n'importe quel espace, de la cuisine \u00e0 la salle de bains, etc. Cr\u00e9ez un look luxueux et sophistiqu\u00e9 avec notre marbre blanc \u00e9tincelant qui a la capacit\u00e9 unique de refl\u00e9ter la lumi\u00e8re de fa\u00e7on magnifique.<\/p>\n<p>Nos produits sont inspir\u00e9s par la douceur et la puret\u00e9 de la nature. D\u00e9licats et charmants, ils rehausseront tout espace int\u00e9rieur de leur \u00e9l\u00e9gance raffin\u00e9e.<\/p>\n<div id=\"ali-anchor-AliPostDhMb-qkngg\" style=\"padding-top: 8px;\" data-section=\"AliPostDhMb-qkngg\" data-section-title=\"Product Description\">\n<div id=\"ali-title-AliPostDhMb-qkngg\" style=\"padding: 8px 0; border-bottom: 1px solid #ddd;\"><span style=\"background-color: #ddd; color: #333; font-weight: bold; padding: 8px 10px; line-height: 12px;\">Description du produit<\/span><\/div>\n<div style=\"padding: 10px 0;\">\n<table class=\"aliDataTable\" style=\"color: #000000; font-family: Arial; font-size: 12px; font-style: normal; font-weight: 400; background-color: #ffffff; width: 746.066px; height: 226px; border: 1px solid #b3b3b3;\">\n<tbody>\n<tr style=\"height: 21px;\">\n<td style=\"border: 1px solid #b3b3b3; width: 162px;\"><strong><span style=\"font-family: arial, helvetica, sans-serif; font-size: 14px;\">Nom du produit :<\/span><\/strong><\/td>\n<td style=\"border: 1px solid #b3b3b3; width: 595.066px;\">Prix du marbre blanc de haute qualit\u00e9 d'une \u00e9paisseur de 20 mm dalles et carreaux de marbre blanc \u00e9tincelant<\/td>\n<\/tr>\n<tr style=\"height: 21px;\">\n<td style=\"border: 1px solid #b3b3b3; width: 162px;\"><strong><span style=\"font-family: arial, helvetica, sans-serif; font-size: 14px;\">Mat\u00e9riau :<\/span><\/strong><\/td>\n<td style=\"border: 1px solid #b3b3b3; width: 595.066px;\"><span style=\"font-family: arial, helvetica, sans-serif;\"><span style=\"font-size: 14px;\">Calcite<\/span><\/span><\/td>\n<\/tr>\n<tr style=\"height: 21px;\">\n<td style=\"border: 1px solid #b3b3b3; width: 162px;\"><strong><span style=\"font-family: arial, helvetica, sans-serif; font-size: 14px;\">Couleur :<\/span><\/strong><\/td>\n<td style=\"border: 1px solid #b3b3b3; width: 595.066px;\"><span style=\"font-family: arial, helvetica, sans-serif; font-size: 14px;\">Blanc, beige, noir, marron, gris, rouge, vert, bleu, etc.<\/span><\/td>\n<\/tr>\n<tr style=\"height: 21px;\">\n<td style=\"border: 1px solid #b3b3b3; width: 162px;\" rowspan=\"3\"><strong><span style=\"font-family: arial, helvetica, sans-serif; font-size: 14px;\">Taille :<\/span><\/strong><\/td>\n<td style=\"border: 1px solid #b3b3b3; width: 595.066px;\"><span style=\"font-family: arial, helvetica, sans-serif; font-size: 14px;\"><span style=\"text-decoration: underline;\">Carreaux disponibles<\/span> <\/span><br \/>\n<span style=\"font-family: arial, helvetica, sans-serif; font-size: 14px;\">12\u2032 X 12\u2033,24\u2032 X 24\u2033,12\u2032 X 24\u2033,etc 300x300mm,300x600mm,400x400mm,600x600mm,600\u00d71200,800\u00d7800,etc<\/span><\/td>\n<\/tr>\n<tr style=\"height: 21px;\">\n<td style=\"border: 1px solid #b3b3b3; width: 595.066px;\"><span style=\"font-family: arial, helvetica, sans-serif; font-size: 14px;\"><span style=\"text-decoration: underline;\">Grandes dalles disponibles<\/span>\u00a0 \u00a0 \u00a0 \u00a0 \u00a0 \u00a0 \u00a0 \u00a0 \u00a0 \u00a0 \u00a0 \u00a0 \u00a0 \u00a0 \u00a0 \u00a0 \u00a0 \u00a0 \u00a0 \u00a0 \u00a0 \u00a0 \u00a0 \u00a0 \u00a0 \u00a0 \u00a0 \u00a0 \u00a0 \u00a0 \u00a0 \u00a0 \u00a0 \u00a0 \u00a0 \u00a0 \u00a0 \u00a0 \u00a0 \u00a0 \u00a0 \u00a0 \u00a0 \u00a0 \u00a0 \u00a0 \u00a0 \u00a0 \u00a0 \u00a0 \u00a0 \u00a0 \u00a0 240cmUpx120UP<\/span><\/td>\n<\/tr>\n<tr style=\"height: 21px;\">\n<td style=\"border: 1px solid #b3b3b3; width: 595.066px;\"><span style=\"font-family: arial, helvetica, sans-serif; font-size: 14px;\">Des sp\u00e9cifications personnalis\u00e9es sont disponibles<\/span><\/td>\n<\/tr>\n<tr style=\"height: 21px;\">\n<td style=\"border: 1px solid #b3b3b3; width: 162px;\"><strong><span style=\"font-family: arial, helvetica, sans-serif; font-size: 14px;\">Tol\u00e9rance d'\u00e9paisseur :<\/span><\/strong><\/td>\n<td style=\"border: 1px solid #b3b3b3; width: 595.066px;\"><span style=\"font-size: 14px; font-family: arial, helvetica, sans-serif;\">\u00b10,05mm, \u00b11mm, \u00b11,5mm, \u00b12mm, selon les exigences de qualit\u00e9 du client<\/span><\/td>\n<\/tr>\n<tr style=\"height: 21px;\">\n<td style=\"border: 1px solid #b3b3b3; width: 162px;\"><strong><span style=\"font-family: arial, helvetica, sans-serif; font-size: 14px;\">Surface :<\/span><\/strong><\/td>\n<td style=\"border: 1px solid #b3b3b3; width: 595.066px;\"><span style=\"font-size: 14px; font-family: arial, helvetica, sans-serif;\">Poli, adouci, assorti au livre, antique, rainur\u00e9, bross\u00e9, d\u00e9cap\u00e9, sabl\u00e9, jet d'eau, etc.<\/span><\/td>\n<\/tr>\n<tr style=\"height: auto;\">\n<td style=\"border: 1px solid #b3b3b3; width: 162px;\"><strong><span style=\"font-family: arial, helvetica, sans-serif; font-size: 14px;\">Emballage :<\/span><\/strong><\/td>\n<td style=\"border: 1px solid #b3b3b3; width: 595.066px;\"><span style=\"font-family: arial, helvetica, sans-serif; font-size: 14px;\"> Fardeaux et caisses en bois en \u00e9tat de navigabilit\u00e9<\/span><\/td>\n<\/tr>\n<tr style=\"height: 21px;\">\n<td style=\"border: 1px solid #b3b3b3; width: 162px;\"><strong><span style=\"font-family: arial, helvetica, sans-serif; font-size: 14px;\">Application :<\/span><\/strong><\/td>\n<td style=\"border: 1px solid #b3b3b3; width: 595.066px;\"><span style=\"font-family: arial, helvetica, sans-serif; font-size: 14px;\">Mur int\u00e9rieur, sol, plinthe, mur de fond, comptoir, escalier, etc.<\/span><\/td>\n<\/tr>\n<tr style=\"height: 21px;\">\n<td style=\"border: 1px solid #b3b3b3; width: 162px;\"><strong><span style=\"font-family: arial, helvetica, sans-serif; font-size: 14px;\">D\u00e9lai de livraison :<\/span><\/strong><\/td>\n<td style=\"border: 1px solid #b3b3b3; width: 595.066px;\"><span style=\"font-family: arial, helvetica, sans-serif; font-size: 14px;\"> 15-20 jours pour les tailles normales<\/span><\/td>\n<\/tr>\n<tr style=\"height: 21px;\">\n<td style=\"border: 1px solid #b3b3b3; width: 162px;\"><strong><span style=\"font-family: arial, helvetica, sans-serif; font-size: 14px;\">Certificat :<\/span><\/strong><\/td>\n<td style=\"border: 1px solid #b3b3b3; width: 595.066px;\"><span style=\"font-family: arial, helvetica, sans-serif; font-size: 14px;\">CE, SGS<\/span><\/td>\n<\/tr>\n<tr style=\"height: 21px;\">\n<td style=\"border: 1px solid #b3b3b3; width: 162px;\"><strong><span style=\"font-family: arial, helvetica, sans-serif; font-size: 14px;\">Conditions de paiement :<\/span><\/strong><\/td>\n<td style=\"border: 1px solid #b3b3b3; width: 595.066px;\"><span style=\"font-family: arial, helvetica, sans-serif; font-size: 14px;\">T\/T, L\/C, D\/P<\/span><\/td>\n<\/tr>\n<tr style=\"height: 42px;\">\n<td style=\"border: 1px solid #b3b3b3; width: 162px;\"><strong><span style=\"font-family: arial, helvetica, sans-serif; font-size: 14px;\">Avantage :<\/span><\/strong><\/td>\n<td style=\"border: 1px solid #b3b3b3; width: 595.066px;\"><span style=\"font-family: arial, helvetica, sans-serif; font-size: 14px;\">1) Service unique pour la pierre ;<\/span><\/p>\n<p><span style=\"font-family: arial, helvetica, sans-serif; font-size: 14px;\">2) Poss\u00e9der 3 carri\u00e8res et 9 usines ;<\/span><\/p>\n<p><span style=\"font-family: arial, helvetica, sans-serif; font-size: 14px;\">3) Des supports technologiques de pointe.<\/span><\/td>\n<\/tr>\n<tr style=\"height: 42px;\">\n<td style=\"border: 1px solid #b3b3b3; width: 162px;\"><strong><span style=\"font-family: arial, helvetica, sans-serif; font-size: 14px;\">Assurance de la qualit\u00e9 et de la livraison :\u00a0<\/span><\/strong><\/td>\n<td style=\"border: 1px solid #b3b3b3; width: 595.066px;\"><span style=\"font-family: arial, helvetica, sans-serif; font-size: 14px;\">Tout au long du processus de production, du choix des mat\u00e9riaux \u00e0 l'emballage en passant par la fabrication, notre service de contr\u00f4le de la qualit\u00e9 contr\u00f4le rigoureusement chaque pi\u00e8ce et chaque processus afin de garantir le respect des normes de qualit\u00e9 et le respect des d\u00e9lais de livraison.<\/span><\/td>\n<\/tr>\n<\/tbody>\n<\/table>\n<\/div>\n<div style=\"padding: 10px 0;\"><img loading=\"lazy\" decoding=\"async\" class=\"alignnone  wp-image-21973\" src=\"http:\/\/stone-phoenix.com\/wp-content\/uploads\/2023\/12\/1703886426.jpg\" width=\"800\" height=\"800\" srcset=\"https:\/\/stone-phoenix.com\/wp-content\/uploads\/2023\/12\/1703886426.jpg 750w, https:\/\/stone-phoenix.com\/wp-content\/uploads\/2023\/12\/1703886426-300x300.jpg 300w, https:\/\/stone-phoenix.com\/wp-content\/uploads\/2023\/12\/1703886426-150x150.jpg 150w, https:\/\/stone-phoenix.com\/wp-content\/uploads\/2023\/12\/1703886426-12x12.jpg 12w, https:\/\/stone-phoenix.com\/wp-content\/uploads\/2023\/12\/1703886426-600x600.jpg 600w\" sizes=\"(max-width: 800px) 100vw, 800px\" \/><\/p>\n<p><img loading=\"lazy\" decoding=\"async\" class=\"alignnone size-full wp-image-21975\" src=\"http:\/\/stone-phoenix.com\/wp-content\/uploads\/2023\/12\/1703886428.jpg\" width=\"800\" height=\"600\" srcset=\"https:\/\/stone-phoenix.com\/wp-content\/uploads\/2023\/12\/1703886428.jpg 800w, https:\/\/stone-phoenix.com\/wp-content\/uploads\/2023\/12\/1703886428-300x225.jpg 300w, https:\/\/stone-phoenix.com\/wp-content\/uploads\/2023\/12\/1703886428-768x576.jpg 768w, https:\/\/stone-phoenix.com\/wp-content\/uploads\/2023\/12\/1703886428-16x12.jpg 16w, https:\/\/stone-phoenix.com\/wp-content\/uploads\/2023\/12\/1703886428-600x450.jpg 600w, https:\/\/stone-phoenix.com\/wp-content\/uploads\/2023\/12\/1703886428-150x113.jpg 150w\" sizes=\"(max-width: 800px) 100vw, 800px\" \/><br \/>\n<img loading=\"lazy\" decoding=\"async\" class=\"alignnone  wp-image-25517\" src=\"http:\/\/stone-phoenix.com\/wp-content\/uploads\/2023\/12\/thickness-white-marble-price-20mm-sparkle-marble-slabs-7.jpg\" alt=\"\" width=\"799\" height=\"596\" srcset=\"https:\/\/stone-phoenix.com\/wp-content\/uploads\/2023\/12\/thickness-white-marble-price-20mm-sparkle-marble-slabs-7.jpg 1126w, https:\/\/stone-phoenix.com\/wp-content\/uploads\/2023\/12\/thickness-white-marble-price-20mm-sparkle-marble-slabs-7-300x224.jpg 300w, https:\/\/stone-phoenix.com\/wp-content\/uploads\/2023\/12\/thickness-white-marble-price-20mm-sparkle-marble-slabs-7-1024x764.jpg 1024w, https:\/\/stone-phoenix.com\/wp-content\/uploads\/2023\/12\/thickness-white-marble-price-20mm-sparkle-marble-slabs-7-768x573.jpg 768w, https:\/\/stone-phoenix.com\/wp-content\/uploads\/2023\/12\/thickness-white-marble-price-20mm-sparkle-marble-slabs-7-16x12.jpg 16w, https:\/\/stone-phoenix.com\/wp-content\/uploads\/2023\/12\/thickness-white-marble-price-20mm-sparkle-marble-slabs-7-600x448.jpg 600w, https:\/\/stone-phoenix.com\/wp-content\/uploads\/2023\/12\/thickness-white-marble-price-20mm-sparkle-marble-slabs-7-150x112.jpg 150w\" sizes=\"(max-width: 799px) 100vw, 799px\" \/><img loading=\"lazy\" decoding=\"async\" class=\"alignnone  wp-image-25518\" src=\"http:\/\/stone-phoenix.com\/wp-content\/uploads\/2023\/12\/thickness-white-marble-price-20mm-sparkle-marble-slabs-4-1.jpg\" alt=\"\" width=\"798\" height=\"548\" srcset=\"https:\/\/stone-phoenix.com\/wp-content\/uploads\/2023\/12\/thickness-white-marble-price-20mm-sparkle-marble-slabs-4-1.jpg 696w, https:\/\/stone-phoenix.com\/wp-content\/uploads\/2023\/12\/thickness-white-marble-price-20mm-sparkle-marble-slabs-4-1-300x206.jpg 300w, https:\/\/stone-phoenix.com\/wp-content\/uploads\/2023\/12\/thickness-white-marble-price-20mm-sparkle-marble-slabs-4-1-18x12.jpg 18w, https:\/\/stone-phoenix.com\/wp-content\/uploads\/2023\/12\/thickness-white-marble-price-20mm-sparkle-marble-slabs-4-1-600x412.jpg 600w, https:\/\/stone-phoenix.com\/wp-content\/uploads\/2023\/12\/thickness-white-marble-price-20mm-sparkle-marble-slabs-4-1-150x103.jpg 150w\" sizes=\"(max-width: 798px) 100vw, 798px\" \/><img loading=\"lazy\" decoding=\"async\" class=\"alignnone  wp-image-25519\" src=\"http:\/\/stone-phoenix.com\/wp-content\/uploads\/2023\/12\/thickness-white-marble-price-20mm-sparkle-marble-slabs-8.jpg\" alt=\"\" width=\"799\" height=\"602\" srcset=\"https:\/\/stone-phoenix.com\/wp-content\/uploads\/2023\/12\/thickness-white-marble-price-20mm-sparkle-marble-slabs-8.jpg 1116w, https:\/\/stone-phoenix.com\/wp-content\/uploads\/2023\/12\/thickness-white-marble-price-20mm-sparkle-marble-slabs-8-300x226.jpg 300w, https:\/\/stone-phoenix.com\/wp-content\/uploads\/2023\/12\/thickness-white-marble-price-20mm-sparkle-marble-slabs-8-1024x771.jpg 1024w, https:\/\/stone-phoenix.com\/wp-content\/uploads\/2023\/12\/thickness-white-marble-price-20mm-sparkle-marble-slabs-8-768x578.jpg 768w, https:\/\/stone-phoenix.com\/wp-content\/uploads\/2023\/12\/thickness-white-marble-price-20mm-sparkle-marble-slabs-8-16x12.jpg 16w, https:\/\/stone-phoenix.com\/wp-content\/uploads\/2023\/12\/thickness-white-marble-price-20mm-sparkle-marble-slabs-8-600x452.jpg 600w, https:\/\/stone-phoenix.com\/wp-content\/uploads\/2023\/12\/thickness-white-marble-price-20mm-sparkle-marble-slabs-8-150x113.jpg 150w\" sizes=\"(max-width: 799px) 100vw, 799px\" \/><\/div>\n<\/div>\n<\/div>","protected":false},"excerpt":{"rendered":"<p>20mm thickness white marble price high quality white sparkle marble slabs and tile Our thickness white marble price is the<\/p>","protected":false},"featured_media":25511,"template":"","meta":[],"product_cat":[113],"product_tag":[],"_links":{"self":[{"href":"https:\/\/stone-phoenix.com\/fr\/wp-json\/wp\/v2\/product\/21971"}],"collection":[{"href":"https:\/\/stone-phoenix.com\/fr\/wp-json\/wp\/v2\/product"}],"about":[{"href":"https:\/\/stone-phoenix.com\/fr\/wp-json\/wp\/v2\/types\/product"}],"wp:featuredmedia":[{"embeddable":true,"href":"https:\/\/stone-phoenix.com\/fr\/wp-json\/wp\/v2\/media\/25511"}],"wp:attachment":[{"href":"https:\/\/stone-phoenix.com\/fr\/wp-json\/wp\/v2\/media?parent=21971"}],"wp:term":[{"taxonomy":"product_cat","embeddable":true,"href":"https:\/\/stone-phoenix.com\/fr\/wp-json\/wp\/v2\/product_cat?post=21971"},{"taxonomy":"product_tag","embeddable":true,"href":"https:\/\/stone-phoenix.com\/fr\/wp-json\/wp\/v2\/product_tag?post=21971"}],"curies":[{"name":"wp","href":"https:\/\/api.w.org\/{rel}","templated":true}]}}