{"id":21985,"date":"2023-12-29T21:48:13","date_gmt":"2023-12-29T13:48:13","guid":{"rendered":"http:\/\/stone-phoenix.com\/product\/white-carrara-marble-thin-slab-marble-fooring"},"modified":"2024-03-20T16:06:08","modified_gmt":"2024-03-20T08:06:08","slug":"white-carrara-marble-thin-slab-marble-fooring","status":"publish","type":"product","link":"https:\/\/stone-phoenix.com\/fr\/produit\/white-carrara-marble-thin-slab-marble-fooring","title":{"rendered":"marbre blanc de carrare Plaque mince Marbre Fooring"},"content":{"rendered":"<div id=\"tab-description\" class=\"woocommerce-Tabs-panel woocommerce-Tabs-panel--description panel entry-content wc-tab\" role=\"tabpanel\" aria-labelledby=\"tab-title-description\">\n<h2>marbre blanc de carrare dalle de marbre mince carreaux de sol en marbre<\/h2>\n<p>Carrara White Fooring fait partie de la collection de marbre, une pierre naturelle de luxe sophistiqu\u00e9e et intemporelle avec un aspect de soie chaude qui d\u00e9gage une \u00e9l\u00e9gance et une sophistication intemporelles. Id\u00e9ale pour les cuisines, les salles de bains, les espaces de vie et bien plus encore, cette couleur blanche est pure, lumineuse et apaisante.<\/p>\n<p>Le Carrara White Fooring est un \u00e9l\u00e9gant carreau moderne d'inspiration europ\u00e9enne avec une finition lisse et brillante. L'\u00e9mail tr\u00e8s brillant est appliqu\u00e9 directement sur la surface de la porcelaine naturelle, produisant une finition riche et brillante qui ne s'oxydera pas et ne s'usera pas au fil du temps.<\/p>\n<p>Le Carrara White fera passer votre maison \u00e0 la vitesse sup\u00e9rieure ! Ce magnifique sol en marbre blanc d'origine italienne offre une \u00e9l\u00e9gance intemporelle et une qualit\u00e9 in\u00e9gal\u00e9e.Ce sol classique Carrara White est fabriqu\u00e9 \u00e0 partir de marbre naturel, avec une riche finition blanche.Il pr\u00e9sente une surface textur\u00e9e et de belles veines qui lui conf\u00e8rent un aspect et un toucher uniques.<\/p>\n<p>Nous n'utilisons que du marbre de premi\u00e8re qualit\u00e9 pour fabriquer ce produit afin d'en garantir la durabilit\u00e9 et la long\u00e9vit\u00e9.Le marbre blanc de Carrare peut \u00eatre utilis\u00e9 \u00e0 des fins d\u00e9coratives dans les cuisines, les salles de bains et les chemin\u00e9es. La douce couleur cr\u00e8me s'harmonise avec un large \u00e9ventail de styles architecturaux, ce qui en fait un excellent choix pour les espaces classiques et contemporains.<\/p>\n<p>C'est la pierre id\u00e9ale pour ajouter de l'\u00e9l\u00e9gance, du style et de la sophistication aux plans de travail, aux dosserets et aux rev\u00eatements de sol de votre cuisine. Il est connu pour sa couleur douce et froide et sa translucidit\u00e9. Il est utilis\u00e9 depuis des si\u00e8cles pour cr\u00e9er des plans de travail et des bases de meuble haut de gamme.<\/p>\n<p>Il s'agit de l'un des types de marbre les plus luxueux et les plus recherch\u00e9s \u00e0 l'heure actuelle. <a href=\"https:\/\/longtopstone.com\/contact\/\">nous contacter<\/a> \u00e0 tout moment.<\/p>\n<div style=\"padding: 10px 0;\"><\/div>\n<p><img loading=\"lazy\" decoding=\"async\" class=\"alignnone  wp-image-21987\" src=\"http:\/\/stone-phoenix.com\/wp-content\/uploads\/2023\/12\/1703886495.jpg\" width=\"955\" height=\"1273\" srcset=\"https:\/\/stone-phoenix.com\/wp-content\/uploads\/2023\/12\/1703886495.jpg 810w, https:\/\/stone-phoenix.com\/wp-content\/uploads\/2023\/12\/1703886495-225x300.jpg 225w, https:\/\/stone-phoenix.com\/wp-content\/uploads\/2023\/12\/1703886495-768x1024.jpg 768w, https:\/\/stone-phoenix.com\/wp-content\/uploads\/2023\/12\/1703886495-9x12.jpg 9w, https:\/\/stone-phoenix.com\/wp-content\/uploads\/2023\/12\/1703886495-600x800.jpg 600w, https:\/\/stone-phoenix.com\/wp-content\/uploads\/2023\/12\/1703886495-150x200.jpg 150w\" sizes=\"(max-width: 955px) 100vw, 955px\" \/><img loading=\"lazy\" decoding=\"async\" class=\"alignnone size-full wp-image-21988\" src=\"http:\/\/stone-phoenix.com\/wp-content\/uploads\/2023\/12\/1703886496.jpg\" width=\"1080\" height=\"810\" srcset=\"https:\/\/stone-phoenix.com\/wp-content\/uploads\/2023\/12\/1703886496.jpg 1080w, https:\/\/stone-phoenix.com\/wp-content\/uploads\/2023\/12\/1703886496-300x225.jpg 300w, https:\/\/stone-phoenix.com\/wp-content\/uploads\/2023\/12\/1703886496-1024x768.jpg 1024w, https:\/\/stone-phoenix.com\/wp-content\/uploads\/2023\/12\/1703886496-768x576.jpg 768w, https:\/\/stone-phoenix.com\/wp-content\/uploads\/2023\/12\/1703886496-16x12.jpg 16w, https:\/\/stone-phoenix.com\/wp-content\/uploads\/2023\/12\/1703886496-600x450.jpg 600w, https:\/\/stone-phoenix.com\/wp-content\/uploads\/2023\/12\/1703886496-150x113.jpg 150w\" sizes=\"(max-width: 1080px) 100vw, 1080px\" \/><img loading=\"lazy\" decoding=\"async\" class=\"alignnone size-full wp-image-21989\" src=\"http:\/\/stone-phoenix.com\/wp-content\/uploads\/2023\/12\/1703886498.jpg\" width=\"1080\" height=\"1080\" srcset=\"https:\/\/stone-phoenix.com\/wp-content\/uploads\/2023\/12\/1703886498.jpg 1080w, https:\/\/stone-phoenix.com\/wp-content\/uploads\/2023\/12\/1703886498-300x300.jpg 300w, https:\/\/stone-phoenix.com\/wp-content\/uploads\/2023\/12\/1703886498-1024x1024.jpg 1024w, https:\/\/stone-phoenix.com\/wp-content\/uploads\/2023\/12\/1703886498-150x150.jpg 150w, https:\/\/stone-phoenix.com\/wp-content\/uploads\/2023\/12\/1703886498-768x768.jpg 768w, https:\/\/stone-phoenix.com\/wp-content\/uploads\/2023\/12\/1703886498-12x12.jpg 12w, https:\/\/stone-phoenix.com\/wp-content\/uploads\/2023\/12\/1703886498-600x600.jpg 600w\" sizes=\"(max-width: 1080px) 100vw, 1080px\" \/><img loading=\"lazy\" decoding=\"async\" class=\"alignnone  wp-image-21990\" src=\"http:\/\/stone-phoenix.com\/wp-content\/uploads\/2023\/12\/1703886500.jpg\" width=\"954\" height=\"1272\" srcset=\"https:\/\/stone-phoenix.com\/wp-content\/uploads\/2023\/12\/1703886500.jpg 810w, https:\/\/stone-phoenix.com\/wp-content\/uploads\/2023\/12\/1703886500-225x300.jpg 225w, https:\/\/stone-phoenix.com\/wp-content\/uploads\/2023\/12\/1703886500-768x1024.jpg 768w, https:\/\/stone-phoenix.com\/wp-content\/uploads\/2023\/12\/1703886500-9x12.jpg 9w, https:\/\/stone-phoenix.com\/wp-content\/uploads\/2023\/12\/1703886500-600x800.jpg 600w, https:\/\/stone-phoenix.com\/wp-content\/uploads\/2023\/12\/1703886500-150x200.jpg 150w\" sizes=\"(max-width: 954px) 100vw, 954px\" \/><img loading=\"lazy\" decoding=\"async\" class=\"alignnone  wp-image-21991\" src=\"http:\/\/stone-phoenix.com\/wp-content\/uploads\/2023\/12\/1703886501.jpg\" width=\"955\" height=\"1273\" srcset=\"https:\/\/stone-phoenix.com\/wp-content\/uploads\/2023\/12\/1703886501.jpg 810w, https:\/\/stone-phoenix.com\/wp-content\/uploads\/2023\/12\/1703886501-225x300.jpg 225w, https:\/\/stone-phoenix.com\/wp-content\/uploads\/2023\/12\/1703886501-768x1024.jpg 768w, https:\/\/stone-phoenix.com\/wp-content\/uploads\/2023\/12\/1703886501-9x12.jpg 9w, https:\/\/stone-phoenix.com\/wp-content\/uploads\/2023\/12\/1703886501-600x800.jpg 600w, https:\/\/stone-phoenix.com\/wp-content\/uploads\/2023\/12\/1703886501-150x200.jpg 150w\" sizes=\"(max-width: 955px) 100vw, 955px\" \/><img loading=\"lazy\" decoding=\"async\" class=\"alignnone size-full wp-image-21992\" src=\"http:\/\/stone-phoenix.com\/wp-content\/uploads\/2023\/12\/1703886503.jpg\" width=\"1080\" height=\"810\" srcset=\"https:\/\/stone-phoenix.com\/wp-content\/uploads\/2023\/12\/1703886503.jpg 1080w, https:\/\/stone-phoenix.com\/wp-content\/uploads\/2023\/12\/1703886503-300x225.jpg 300w, https:\/\/stone-phoenix.com\/wp-content\/uploads\/2023\/12\/1703886503-1024x768.jpg 1024w, https:\/\/stone-phoenix.com\/wp-content\/uploads\/2023\/12\/1703886503-768x576.jpg 768w, https:\/\/stone-phoenix.com\/wp-content\/uploads\/2023\/12\/1703886503-16x12.jpg 16w, https:\/\/stone-phoenix.com\/wp-content\/uploads\/2023\/12\/1703886503-600x450.jpg 600w, https:\/\/stone-phoenix.com\/wp-content\/uploads\/2023\/12\/1703886503-150x113.jpg 150w\" sizes=\"(max-width: 1080px) 100vw, 1080px\" \/><\/p>\n<div id=\"ali-anchor-AliPostDhMb-ils4t\" class=\"mceSectionContainer\" style=\"padding-top: 8px;\" data-section=\"AliPostDhMb-ils4t\" data-section-title=\"FAQ\">\n<div style=\"padding: 10px 0;\">\n<p><img loading=\"lazy\" decoding=\"async\" class=\"alignnone size-full wp-image-21993\" src=\"http:\/\/stone-phoenix.com\/wp-content\/uploads\/2023\/12\/1703886504.jpg\" width=\"750\" height=\"153\" srcset=\"https:\/\/stone-phoenix.com\/wp-content\/uploads\/2023\/12\/1703886504.jpg 750w, https:\/\/stone-phoenix.com\/wp-content\/uploads\/2023\/12\/1703886504-300x61.jpg 300w, https:\/\/stone-phoenix.com\/wp-content\/uploads\/2023\/12\/1703886504-18x4.jpg 18w, https:\/\/stone-phoenix.com\/wp-content\/uploads\/2023\/12\/1703886504-600x122.jpg 600w, https:\/\/stone-phoenix.com\/wp-content\/uploads\/2023\/12\/1703886504-150x31.jpg 150w\" sizes=\"(max-width: 750px) 100vw, 750px\" \/><\/p>\n<\/div>\n<\/div>\n<\/div>","protected":false},"excerpt":{"rendered":"<p>white carrara marble thin slab marble flooring tiles Carrara White Fooring is a part of the marble collection,sophisticated and timeless<\/p>","protected":false},"featured_media":21986,"template":"","meta":[],"product_cat":[113],"product_tag":[],"_links":{"self":[{"href":"https:\/\/stone-phoenix.com\/fr\/wp-json\/wp\/v2\/product\/21985"}],"collection":[{"href":"https:\/\/stone-phoenix.com\/fr\/wp-json\/wp\/v2\/product"}],"about":[{"href":"https:\/\/stone-phoenix.com\/fr\/wp-json\/wp\/v2\/types\/product"}],"wp:featuredmedia":[{"embeddable":true,"href":"https:\/\/stone-phoenix.com\/fr\/wp-json\/wp\/v2\/media\/21986"}],"wp:attachment":[{"href":"https:\/\/stone-phoenix.com\/fr\/wp-json\/wp\/v2\/media?parent=21985"}],"wp:term":[{"taxonomy":"product_cat","embeddable":true,"href":"https:\/\/stone-phoenix.com\/fr\/wp-json\/wp\/v2\/product_cat?post=21985"},{"taxonomy":"product_tag","embeddable":true,"href":"https:\/\/stone-phoenix.com\/fr\/wp-json\/wp\/v2\/product_tag?post=21985"}],"curies":[{"name":"wp","href":"https:\/\/api.w.org\/{rel}","templated":true}]}}