{"id":22008,"date":"2023-12-29T21:49:44","date_gmt":"2023-12-29T13:49:44","guid":{"rendered":"http:\/\/stone-phoenix.com\/product\/turkey-mugla-white-marble-for-flooring-and"},"modified":"2024-03-20T16:02:46","modified_gmt":"2024-03-20T08:02:46","slug":"turkey-mugla-white-marble-for-flooring-and","status":"publish","type":"product","link":"https:\/\/stone-phoenix.com\/fr\/produit\/turkey-mugla-white-marble-for-flooring-and","title":{"rendered":"Turquie Mugla White Marble For Flooring And"},"content":{"rendered":"<div id=\"tab-description\" class=\"woocommerce-Tabs-panel woocommerce-Tabs-panel--description panel entry-content wc-tab\" role=\"tabpanel\" aria-labelledby=\"tab-title-description\">\n<h2>dinde mugla marbre blanc<\/h2>\n<p>Le marbre blanc de Turquie Mugla est un type de pierre calcaire tr\u00e8s populaire aupr\u00e8s des propri\u00e9taires en raison de son co\u00fbt abordable et de son aspect unique. Il est facile \u00e0 couper et \u00e0 mouler, tout en conservant sa r\u00e9sistance et sa polyvalence.<\/p>\n<p>Le marbre blanc de Turquie Mugla est le marbre le plus populaire. Le marbre de Turquie Mugla est un produit naturel, il peut donc y avoir une diff\u00e9rence de couleur entre chaque commande en raison de l'effet de la lumi\u00e8re sur la pierre. Le marbre est utilis\u00e9 dans la construction et l'architecture depuis l'Antiquit\u00e9.<\/p>\n<p>En raison de sa durabilit\u00e9, de sa r\u00e9sistance et de sa beaut\u00e9, il a \u00e9t\u00e9 privil\u00e9gi\u00e9 par de nombreuses civilisations tout au long de l'histoire. Le marbre blanc de Mugla est d'un blanc cr\u00e9meux avec des veines dor\u00e9es et a un aspect \u00e9l\u00e9gant qui ajoute de la valeur \u00e0 n'importe quel projet. Le blanc de Mugla est un marbre blanc tr\u00e8s populaire avec un poli moyennement brillant \u00e0 tr\u00e8s brillant.<\/p>\n<p>Il pr\u00e9sente une teinte rose opaque, une texture uniforme et une bonne consistance. La vari\u00e9t\u00e9 des couleurs et des textures rend ce carreau impressionnant, tandis que les motifs g\u00e9om\u00e9triques simples lui permettent de s'int\u00e9grer aussi bien dans les espaces r\u00e9tro que contemporains. Ce marbre peut \u00eatre utilis\u00e9 partout dans la maison.<\/p>\n<div id=\"ali-anchor-AliPostDhMb-qkngg\" style=\"padding-top: 8px;\" data-section=\"AliPostDhMb-qkngg\" data-section-title=\"Product Description\">\n<div id=\"ali-title-AliPostDhMb-qkngg\" style=\"padding: 8px 0; border-bottom: 1px solid #ddd;\"><span style=\"background-color: #ddd; color: #333; font-weight: bold; padding: 8px 10px; line-height: 12px;\">Description du produit<\/span><\/div>\n<div style=\"padding: 10px 0;\">\n<table class=\"aliDataTable\" style=\"color: #000000; font-family: Arial; font-size: 12px; font-style: normal; font-weight: 400; background-color: #ffffff; width: 746.066px; height: 226px; border: 1px solid #b3b3b3;\">\n<tbody>\n<tr style=\"height: 21px;\">\n<td style=\"border: 1px solid #b3b3b3; width: 162px;\"><strong><span style=\"font-family: arial, helvetica, sans-serif; font-size: 14px;\">Nom du produit :<\/span><\/strong><\/td>\n<td style=\"border: 1px solid #b3b3b3; width: 595.066px;\">Turquie marbre blanc mugla<\/td>\n<\/tr>\n<tr style=\"height: 21px;\">\n<td style=\"border: 1px solid #b3b3b3; width: 162px;\"><strong><span style=\"font-family: arial, helvetica, sans-serif; font-size: 14px;\">Mat\u00e9riau :<\/span><\/strong><\/td>\n<td style=\"border: 1px solid #b3b3b3; width: 595.066px;\"><span style=\"font-family: arial, helvetica, sans-serif; font-size: 14px;\">Marbre blanc<\/span><\/td>\n<\/tr>\n<tr style=\"height: 21px;\">\n<td style=\"border: 1px solid #b3b3b3; width: 162px;\"><strong><span style=\"font-family: arial, helvetica, sans-serif; font-size: 14px;\">Couleur :<\/span><\/strong><\/td>\n<td style=\"border: 1px solid #b3b3b3; width: 595.066px;\"><span style=\"font-family: arial, helvetica, sans-serif; font-size: 14px;\">Blanc, beige, noir, marron, gris, rouge, vert, bleu, etc.<\/span><\/td>\n<\/tr>\n<tr style=\"height: 21px;\">\n<td style=\"border: 1px solid #b3b3b3; width: 162px;\" rowspan=\"3\"><strong><span style=\"font-family: arial, helvetica, sans-serif; font-size: 14px;\">Taille :<\/span><\/strong><\/td>\n<td style=\"border: 1px solid #b3b3b3; width: 595.066px;\"><span style=\"font-family: arial, helvetica, sans-serif; font-size: 14px;\"><span style=\"text-decoration: underline;\">Carreaux disponibles<\/span> <\/span><br \/>\n<span style=\"font-family: arial, helvetica, sans-serif; font-size: 14px;\">12\u2032 X 12\u2033,24\u2032 X 24\u2033,12\u2032 X 24\u2033,etc 300x300mm,300x600mm,400x400mm,600x600mm,600\u00d71200,800\u00d7800,etc<\/span><\/td>\n<\/tr>\n<tr style=\"height: 21px;\">\n<td style=\"border: 1px solid #b3b3b3; width: 595.066px;\"><span style=\"font-family: arial, helvetica, sans-serif; font-size: 14px;\"><span style=\"text-decoration: underline;\">Grandes dalles disponibles<\/span>\u00a0 \u00a0 \u00a0 \u00a0 \u00a0 \u00a0 \u00a0 \u00a0 \u00a0 \u00a0 \u00a0 \u00a0 \u00a0 \u00a0 \u00a0 \u00a0 \u00a0 \u00a0 \u00a0 \u00a0 \u00a0 \u00a0 \u00a0 \u00a0 \u00a0 \u00a0 \u00a0 \u00a0 \u00a0 \u00a0 \u00a0 \u00a0 \u00a0 \u00a0 \u00a0 \u00a0 \u00a0 \u00a0 \u00a0 \u00a0 \u00a0 \u00a0 \u00a0 \u00a0 \u00a0 \u00a0 \u00a0 \u00a0 \u00a0 \u00a0 \u00a0 \u00a0 \u00a0 240cmUpx120UP<\/span><\/td>\n<\/tr>\n<tr style=\"height: 21px;\">\n<td style=\"border: 1px solid #b3b3b3; width: 595.066px;\"><span style=\"font-family: arial, helvetica, sans-serif; font-size: 14px;\">Des sp\u00e9cifications personnalis\u00e9es sont disponibles<\/span><\/td>\n<\/tr>\n<tr style=\"height: 21px;\">\n<td style=\"border: 1px solid #b3b3b3; width: 162px;\"><strong><span style=\"font-family: arial, helvetica, sans-serif; font-size: 14px;\">Tol\u00e9rance d'\u00e9paisseur :<\/span><\/strong><\/td>\n<td style=\"border: 1px solid #b3b3b3; width: 595.066px;\"><span style=\"font-size: 14px; font-family: arial, helvetica, sans-serif;\">\u00b10,05mm, \u00b11mm, \u00b11,5mm, \u00b12mm, selon les exigences de qualit\u00e9 du client<\/span><\/td>\n<\/tr>\n<tr style=\"height: 21px;\">\n<td style=\"border: 1px solid #b3b3b3; width: 162px;\"><strong><span style=\"font-family: arial, helvetica, sans-serif; font-size: 14px;\">Surface :<\/span><\/strong><\/td>\n<td style=\"border: 1px solid #b3b3b3; width: 595.066px;\"><span style=\"font-size: 14px; font-family: arial, helvetica, sans-serif;\">Poli, adouci, assorti au livre, antique, rainur\u00e9, bross\u00e9, d\u00e9cap\u00e9, sabl\u00e9, jet d'eau, etc.<\/span><\/td>\n<\/tr>\n<tr style=\"height: auto;\">\n<td style=\"border: 1px solid #b3b3b3; width: 162px;\"><strong><span style=\"font-family: arial, helvetica, sans-serif; font-size: 14px;\">Emballage :<\/span><\/strong><\/td>\n<td style=\"border: 1px solid #b3b3b3; width: 595.066px;\"><span style=\"font-family: arial, helvetica, sans-serif; font-size: 14px;\"> Fardeaux et caisses en bois en \u00e9tat de navigabilit\u00e9<\/span><\/td>\n<\/tr>\n<tr style=\"height: 21px;\">\n<td style=\"border: 1px solid #b3b3b3; width: 162px;\"><strong><span style=\"font-family: arial, helvetica, sans-serif; font-size: 14px;\">Application :<\/span><\/strong><\/td>\n<td style=\"border: 1px solid #b3b3b3; width: 595.066px;\"><span style=\"font-family: arial, helvetica, sans-serif; font-size: 14px;\">Mur int\u00e9rieur, sol, plinthe, mur de fond, comptoir, escalier, etc.<\/span><\/td>\n<\/tr>\n<tr style=\"height: 21px;\">\n<td style=\"border: 1px solid #b3b3b3; width: 162px;\"><strong><span style=\"font-family: arial, helvetica, sans-serif; font-size: 14px;\">D\u00e9lai de livraison :<\/span><\/strong><\/td>\n<td style=\"border: 1px solid #b3b3b3; width: 595.066px;\"><span style=\"font-family: arial, helvetica, sans-serif; font-size: 14px;\"> 15-20 jours pour les tailles normales<\/span><\/td>\n<\/tr>\n<tr style=\"height: 21px;\">\n<td style=\"border: 1px solid #b3b3b3; width: 162px;\"><strong><span style=\"font-family: arial, helvetica, sans-serif; font-size: 14px;\">Certificat :<\/span><\/strong><\/td>\n<td style=\"border: 1px solid #b3b3b3; width: 595.066px;\"><span style=\"font-family: arial, helvetica, sans-serif; font-size: 14px;\">CE, SGS<\/span><\/td>\n<\/tr>\n<tr style=\"height: 21px;\">\n<td style=\"border: 1px solid #b3b3b3; width: 162px;\"><strong><span style=\"font-family: arial, helvetica, sans-serif; font-size: 14px;\">Conditions de paiement :<\/span><\/strong><\/td>\n<td style=\"border: 1px solid #b3b3b3; width: 595.066px;\"><span style=\"font-family: arial, helvetica, sans-serif; font-size: 14px;\">T\/T, L\/C, D\/P<\/span><\/td>\n<\/tr>\n<tr style=\"height: 42px;\">\n<td style=\"border: 1px solid #b3b3b3; width: 162px;\"><strong><span style=\"font-family: arial, helvetica, sans-serif; font-size: 14px;\">Avantage :<\/span><\/strong><\/td>\n<td style=\"border: 1px solid #b3b3b3; width: 595.066px;\"><span style=\"font-family: arial, helvetica, sans-serif; font-size: 14px;\">1) Service unique pour la pierre ;<\/span><\/p>\n<p><span style=\"font-family: arial, helvetica, sans-serif; font-size: 14px;\">2) Poss\u00e9der 3 carri\u00e8res et 9 usines ;<\/span><\/p>\n<p><span style=\"font-family: arial, helvetica, sans-serif; font-size: 14px;\">3) Des supports technologiques de pointe.<\/span><\/td>\n<\/tr>\n<tr style=\"height: 42px;\">\n<td style=\"border: 1px solid #b3b3b3; width: 162px;\"><strong><span style=\"font-family: arial, helvetica, sans-serif; font-size: 14px;\">Assurance de la qualit\u00e9 et de la livraison :\u00a0<\/span><\/strong><\/td>\n<td style=\"border: 1px solid #b3b3b3; width: 595.066px;\"><span style=\"font-family: arial, helvetica, sans-serif; font-size: 14px;\">Tout au long du processus de production, du choix des mat\u00e9riaux \u00e0 l'emballage en passant par la fabrication, notre service de contr\u00f4le de la qualit\u00e9 contr\u00f4le rigoureusement chaque pi\u00e8ce et chaque processus afin de garantir le respect des normes de qualit\u00e9 et le respect des d\u00e9lais de livraison.<\/span><\/td>\n<\/tr>\n<\/tbody>\n<\/table>\n<p><img loading=\"lazy\" decoding=\"async\" class=\"alignnone size-full wp-image-25504\" src=\"http:\/\/stone-phoenix.com\/wp-content\/uploads\/2023\/12\/Turkey-Mugla-White-Marble-For-Flooring-And-4.jpg\" alt=\"\" width=\"994\" height=\"964\" srcset=\"https:\/\/stone-phoenix.com\/wp-content\/uploads\/2023\/12\/Turkey-Mugla-White-Marble-For-Flooring-And-4.jpg 994w, https:\/\/stone-phoenix.com\/wp-content\/uploads\/2023\/12\/Turkey-Mugla-White-Marble-For-Flooring-And-4-300x291.jpg 300w, https:\/\/stone-phoenix.com\/wp-content\/uploads\/2023\/12\/Turkey-Mugla-White-Marble-For-Flooring-And-4-768x745.jpg 768w, https:\/\/stone-phoenix.com\/wp-content\/uploads\/2023\/12\/Turkey-Mugla-White-Marble-For-Flooring-And-4-12x12.jpg 12w, https:\/\/stone-phoenix.com\/wp-content\/uploads\/2023\/12\/Turkey-Mugla-White-Marble-For-Flooring-And-4-600x582.jpg 600w, https:\/\/stone-phoenix.com\/wp-content\/uploads\/2023\/12\/Turkey-Mugla-White-Marble-For-Flooring-And-4-150x145.jpg 150w\" sizes=\"(max-width: 994px) 100vw, 994px\" \/><img loading=\"lazy\" decoding=\"async\" class=\"alignnone size-full wp-image-25505\" src=\"http:\/\/stone-phoenix.com\/wp-content\/uploads\/2023\/12\/Turkey-Mugla-White-Marble-For-Flooring-And-5.jpg\" alt=\"\" width=\"969\" height=\"1002\" srcset=\"https:\/\/stone-phoenix.com\/wp-content\/uploads\/2023\/12\/Turkey-Mugla-White-Marble-For-Flooring-And-5.jpg 969w, https:\/\/stone-phoenix.com\/wp-content\/uploads\/2023\/12\/Turkey-Mugla-White-Marble-For-Flooring-And-5-290x300.jpg 290w, https:\/\/stone-phoenix.com\/wp-content\/uploads\/2023\/12\/Turkey-Mugla-White-Marble-For-Flooring-And-5-768x794.jpg 768w, https:\/\/stone-phoenix.com\/wp-content\/uploads\/2023\/12\/Turkey-Mugla-White-Marble-For-Flooring-And-5-12x12.jpg 12w, https:\/\/stone-phoenix.com\/wp-content\/uploads\/2023\/12\/Turkey-Mugla-White-Marble-For-Flooring-And-5-600x620.jpg 600w, https:\/\/stone-phoenix.com\/wp-content\/uploads\/2023\/12\/Turkey-Mugla-White-Marble-For-Flooring-And-5-150x155.jpg 150w\" sizes=\"(max-width: 969px) 100vw, 969px\" \/><img loading=\"lazy\" decoding=\"async\" class=\"alignnone size-full wp-image-25506\" src=\"http:\/\/stone-phoenix.com\/wp-content\/uploads\/2023\/12\/Turkey-Mugla-White-Marble-For-Flooring-And-3-1.jpg\" alt=\"\" width=\"985\" height=\"990\" srcset=\"https:\/\/stone-phoenix.com\/wp-content\/uploads\/2023\/12\/Turkey-Mugla-White-Marble-For-Flooring-And-3-1.jpg 985w, https:\/\/stone-phoenix.com\/wp-content\/uploads\/2023\/12\/Turkey-Mugla-White-Marble-For-Flooring-And-3-1-298x300.jpg 298w, https:\/\/stone-phoenix.com\/wp-content\/uploads\/2023\/12\/Turkey-Mugla-White-Marble-For-Flooring-And-3-1-150x151.jpg 150w, https:\/\/stone-phoenix.com\/wp-content\/uploads\/2023\/12\/Turkey-Mugla-White-Marble-For-Flooring-And-3-1-768x772.jpg 768w, https:\/\/stone-phoenix.com\/wp-content\/uploads\/2023\/12\/Turkey-Mugla-White-Marble-For-Flooring-And-3-1-12x12.jpg 12w, https:\/\/stone-phoenix.com\/wp-content\/uploads\/2023\/12\/Turkey-Mugla-White-Marble-For-Flooring-And-3-1-600x603.jpg 600w\" sizes=\"(max-width: 985px) 100vw, 985px\" \/><\/p>\n<\/div>\n<\/div>\n<\/div>","protected":false},"excerpt":{"rendered":"<p>turkey mugla white marble Turkey Mugla white marble is a type of limestone that\u2019s very popular among homeowners because of<\/p>","protected":false},"featured_media":25500,"template":"","meta":[],"product_cat":[113],"product_tag":[],"_links":{"self":[{"href":"https:\/\/stone-phoenix.com\/fr\/wp-json\/wp\/v2\/product\/22008"}],"collection":[{"href":"https:\/\/stone-phoenix.com\/fr\/wp-json\/wp\/v2\/product"}],"about":[{"href":"https:\/\/stone-phoenix.com\/fr\/wp-json\/wp\/v2\/types\/product"}],"wp:featuredmedia":[{"embeddable":true,"href":"https:\/\/stone-phoenix.com\/fr\/wp-json\/wp\/v2\/media\/25500"}],"wp:attachment":[{"href":"https:\/\/stone-phoenix.com\/fr\/wp-json\/wp\/v2\/media?parent=22008"}],"wp:term":[{"taxonomy":"product_cat","embeddable":true,"href":"https:\/\/stone-phoenix.com\/fr\/wp-json\/wp\/v2\/product_cat?post=22008"},{"taxonomy":"product_tag","embeddable":true,"href":"https:\/\/stone-phoenix.com\/fr\/wp-json\/wp\/v2\/product_tag?post=22008"}],"curies":[{"name":"wp","href":"https:\/\/api.w.org\/{rel}","templated":true}]}}