{"id":22014,"date":"2023-12-29T21:50:11","date_gmt":"2023-12-29T13:50:11","guid":{"rendered":"http:\/\/stone-phoenix.com\/product\/vietnam-white-marble-factory-manufacture-wholesale"},"modified":"2024-03-20T15:20:06","modified_gmt":"2024-03-20T07:20:06","slug":"vietnam-white-marble-factory-manufacture-wholesale","status":"publish","type":"product","link":"https:\/\/stone-phoenix.com\/fr\/produit\/vietnam-white-marble-factory-manufacture-wholesale","title":{"rendered":"Vietnam White Marble Factory Manufacture Wholesale"},"content":{"rendered":"<div id=\"tab-description\" class=\"woocommerce-Tabs-panel woocommerce-Tabs-panel--description panel entry-content wc-tab\" role=\"tabpanel\" aria-labelledby=\"tab-title-description\">\n<div id=\"ali-anchor-AliPostDhMb-qkngg\" style=\"padding-top: 8px;\" data-section=\"AliPostDhMb-qkngg\" data-section-title=\"Product Description\">\n<h2>Vietnam White Marble Factory Manufacture Wholesale<\/h2>\n<div>Le marbre blanc du Vietnam est l'une des pierres les plus populaires car il convient pour les plans de travail, les sols, les d\u00e9corations int\u00e9rieures et les rev\u00eatements muraux ext\u00e9rieurs. Sa texture \u00e9tant plut\u00f4t lisse et r\u00e9guli\u00e8re, il est tr\u00e8s beau lorsqu'il est poli par un artisan professionnel.<br \/>\nLe marbre blanc du Vietnam est un type de marbre blanc connu sous le nom de \"s\u00e9r\u00e9nit\u00e9 orientale\" parce qu'il est travers\u00e9 par de magnifiques veines. Les veines et les motifs en forme de bandes sont plus visibles lorsque le mat\u00e9riau est poli. Le mat\u00e9riau a \u00e9t\u00e9 nomm\u00e9 d'apr\u00e8s son pays d'origine, il est donc \u00e9galement appel\u00e9 marbre blanc vietnamien ou marbre oriental s\u00e9r\u00e9nit\u00e9.<br \/>\nToutefois, \u00e9tant donn\u00e9 qu'il est plus r\u00e9cent et beaucoup moins recherch\u00e9 que ses homologues, son prix est souvent inf\u00e9rieur. En ce qui concerne l'aspect et la couleur, ce marbre peut \u00eatre tr\u00e8s similaire aux marbres ci-dessus, mais il pr\u00e9sente un motif de veinage l\u00e9g\u00e8rement diff\u00e9rent et peut donc avoir des taches plus claires ou plus fonc\u00e9es.<\/div>\n<div>Le marbre a de nombreuses utilisations, notamment comme rev\u00eatement de sol, cadre de fen\u00eatre et de porte et rev\u00eatement mural. Il peut \u00e9galement \u00eatre utilis\u00e9 pour cr\u00e9er des sculptures \u00e9tonnantes en raison de sa belle apparence. <a href=\"https:\/\/longtopstone.com\/contact\/\">nous contacter<\/a>.<\/div>\n<div id=\"ali-title-AliPostDhMb-qkngg\" style=\"padding: 8px 0; border-bottom: 1px solid #ddd;\"><span style=\"background-color: #ddd; color: #333; font-weight: bold; padding: 8px 10px; line-height: 12px;\">Description du produit<\/span><\/div>\n<div style=\"padding: 10px 0;\">\n<table class=\"aliDataTable\" style=\"color: #000000; font-family: Arial; font-size: 12px; font-style: normal; font-weight: 400; background-color: #ffffff; width: 746.066px; height: 226px; border: 1px solid #b3b3b3;\">\n<tbody>\n<tr style=\"height: 21px;\">\n<td style=\"border: 1px solid #b3b3b3; width: 162px;\"><strong><span style=\"font-family: arial, helvetica, sans-serif; font-size: 14px;\">Nom du produit :<\/span><\/strong><\/td>\n<td style=\"border: 1px solid #b3b3b3; width: 595.066px;\"><span style=\"font-family: arial, helvetica, sans-serif; font-size: 14px;\">Marbre divers<\/span><\/td>\n<\/tr>\n<tr style=\"height: 21px;\">\n<td style=\"border: 1px solid #b3b3b3; width: 162px;\"><strong><span style=\"font-family: arial, helvetica, sans-serif; font-size: 14px;\">Mat\u00e9riau :<\/span><\/strong><\/td>\n<td style=\"border: 1px solid #b3b3b3; width: 595.066px;\"><span style=\"font-family: arial, helvetica, sans-serif; font-size: 14px;\">Marbre<\/span><\/td>\n<\/tr>\n<tr style=\"height: 21px;\">\n<td style=\"border: 1px solid #b3b3b3; width: 162px;\"><strong><span style=\"font-family: arial, helvetica, sans-serif; font-size: 14px;\">Couleur :<\/span><\/strong><\/td>\n<td style=\"border: 1px solid #b3b3b3; width: 595.066px;\"><span style=\"font-family: arial, helvetica, sans-serif; font-size: 14px;\">Blanc, beige, noir, marron, gris, rouge, vert, bleu, etc.<\/span><\/td>\n<\/tr>\n<tr style=\"height: 21px;\">\n<td style=\"border: 1px solid #b3b3b3; width: 162px;\" rowspan=\"3\"><strong><span style=\"font-family: arial, helvetica, sans-serif; font-size: 14px;\">Taille :<\/span><\/strong><\/td>\n<td style=\"border: 1px solid #b3b3b3; width: 595.066px;\"><span style=\"font-family: arial, helvetica, sans-serif; font-size: 14px;\"><span style=\"text-decoration: underline;\">Carreaux disponibles<\/span> <\/span><br \/>\n<span style=\"font-family: arial, helvetica, sans-serif; font-size: 14px;\">12\u2032 X 12\u2033,24\u2032 X 24\u2033,12\u2032 X 24\u2033,etc 300x300mm,300x600mm,400x400mm,600x600mm,600\u00d71200,800\u00d7800,etc<\/span><\/td>\n<\/tr>\n<tr style=\"height: 21px;\">\n<td style=\"border: 1px solid #b3b3b3; width: 595.066px;\"><span style=\"font-family: arial, helvetica, sans-serif; font-size: 14px;\"><span style=\"text-decoration: underline;\">Grandes dalles disponibles<\/span>\u00a0 \u00a0 \u00a0 \u00a0 \u00a0 \u00a0 \u00a0 \u00a0 \u00a0 \u00a0 \u00a0 \u00a0 \u00a0 \u00a0 \u00a0 \u00a0 \u00a0 \u00a0 \u00a0 \u00a0 \u00a0 \u00a0 \u00a0 \u00a0 \u00a0 \u00a0 \u00a0 \u00a0 \u00a0 \u00a0 \u00a0 \u00a0 \u00a0 \u00a0 \u00a0 \u00a0 \u00a0 \u00a0 \u00a0 \u00a0 \u00a0 \u00a0 \u00a0 \u00a0 \u00a0 \u00a0 \u00a0 \u00a0 \u00a0 \u00a0 \u00a0 \u00a0 \u00a0 240cmUpx120UP<\/span><\/td>\n<\/tr>\n<tr style=\"height: 21px;\">\n<td style=\"border: 1px solid #b3b3b3; width: 595.066px;\"><span style=\"font-family: arial, helvetica, sans-serif; font-size: 14px;\">Des sp\u00e9cifications personnalis\u00e9es sont disponibles<\/span><\/td>\n<\/tr>\n<tr style=\"height: 21px;\">\n<td style=\"border: 1px solid #b3b3b3; width: 162px;\"><strong><span style=\"font-family: arial, helvetica, sans-serif; font-size: 14px;\">Tol\u00e9rance d'\u00e9paisseur :<\/span><\/strong><\/td>\n<td style=\"border: 1px solid #b3b3b3; width: 595.066px;\"><span style=\"font-size: 14px; font-family: arial, helvetica, sans-serif;\">\u00b10,05mm, \u00b11mm, \u00b11,5mm, \u00b12mm, selon les exigences de qualit\u00e9 du client<\/span><\/td>\n<\/tr>\n<tr style=\"height: 21px;\">\n<td style=\"border: 1px solid #b3b3b3; width: 162px;\"><strong><span style=\"font-family: arial, helvetica, sans-serif; font-size: 14px;\">Surface :<\/span><\/strong><\/td>\n<td style=\"border: 1px solid #b3b3b3; width: 595.066px;\"><span style=\"font-size: 14px; font-family: arial, helvetica, sans-serif;\">Poli, adouci, assorti au livre, antique, rainur\u00e9, bross\u00e9, d\u00e9cap\u00e9, sabl\u00e9, jet d'eau, etc.<\/span><\/td>\n<\/tr>\n<tr style=\"height: auto;\">\n<td style=\"border: 1px solid #b3b3b3; width: 162px;\"><strong><span style=\"font-family: arial, helvetica, sans-serif; font-size: 14px;\">Emballage :<\/span><\/strong><\/td>\n<td style=\"border: 1px solid #b3b3b3; width: 595.066px;\"><span style=\"font-family: arial, helvetica, sans-serif; font-size: 14px;\"> Fardeaux et caisses en bois en \u00e9tat de navigabilit\u00e9<\/span><\/td>\n<\/tr>\n<tr style=\"height: 21px;\">\n<td style=\"border: 1px solid #b3b3b3; width: 162px;\"><strong><span style=\"font-family: arial, helvetica, sans-serif; font-size: 14px;\">Application :<\/span><\/strong><\/td>\n<td style=\"border: 1px solid #b3b3b3; width: 595.066px;\"><span style=\"font-family: arial, helvetica, sans-serif; font-size: 14px;\">Mur int\u00e9rieur, sol, plinthe, mur de fond, comptoir, escalier, etc.<\/span><\/td>\n<\/tr>\n<tr style=\"height: 21px;\">\n<td style=\"border: 1px solid #b3b3b3; width: 162px;\"><strong><span style=\"font-family: arial, helvetica, sans-serif; font-size: 14px;\">D\u00e9lai de livraison :<\/span><\/strong><\/td>\n<td style=\"border: 1px solid #b3b3b3; width: 595.066px;\"><span style=\"font-family: arial, helvetica, sans-serif; font-size: 14px;\"> 15-20 jours pour les tailles normales<\/span><\/td>\n<\/tr>\n<tr style=\"height: 21px;\">\n<td style=\"border: 1px solid #b3b3b3; width: 162px;\"><strong><span style=\"font-family: arial, helvetica, sans-serif; font-size: 14px;\">Certificat :<\/span><\/strong><\/td>\n<td style=\"border: 1px solid #b3b3b3; width: 595.066px;\"><span style=\"font-family: arial, helvetica, sans-serif; font-size: 14px;\">CE, SGS<\/span><\/td>\n<\/tr>\n<tr style=\"height: 21px;\">\n<td style=\"border: 1px solid #b3b3b3; width: 162px;\"><strong><span style=\"font-family: arial, helvetica, sans-serif; font-size: 14px;\">Conditions de paiement :<\/span><\/strong><\/td>\n<td style=\"border: 1px solid #b3b3b3; width: 595.066px;\"><span style=\"font-family: arial, helvetica, sans-serif; font-size: 14px;\">T\/T, L\/C, D\/P<\/span><\/td>\n<\/tr>\n<tr style=\"height: 42px;\">\n<td style=\"border: 1px solid #b3b3b3; width: 162px;\"><strong><span style=\"font-family: arial, helvetica, sans-serif; font-size: 14px;\">Avantage :<\/span><\/strong><\/td>\n<td style=\"border: 1px solid #b3b3b3; width: 595.066px;\"><span style=\"font-family: arial, helvetica, sans-serif; font-size: 14px;\">1) Service unique pour la pierre ;<\/span><\/p>\n<p><span style=\"font-family: arial, helvetica, sans-serif; font-size: 14px;\">2) Poss\u00e9der 3 carri\u00e8res et 9 usines ;<\/span><\/p>\n<p><span style=\"font-family: arial, helvetica, sans-serif; font-size: 14px;\">3) Des supports technologiques de pointe.<\/span><\/td>\n<\/tr>\n<tr style=\"height: 42px;\">\n<td style=\"border: 1px solid #b3b3b3; width: 162px;\"><strong><span style=\"font-family: arial, helvetica, sans-serif; font-size: 14px;\">Assurance de la qualit\u00e9 et de la livraison :\u00a0<\/span><\/strong><\/td>\n<td style=\"border: 1px solid #b3b3b3; width: 595.066px;\"><span style=\"font-family: arial, helvetica, sans-serif; font-size: 14px;\">Tout au long du processus de production, du choix des mat\u00e9riaux \u00e0 l'emballage en passant par la fabrication, notre service de contr\u00f4le de la qualit\u00e9 contr\u00f4le rigoureusement chaque pi\u00e8ce et chaque processus afin de garantir le respect des normes de qualit\u00e9 et le respect des d\u00e9lais de livraison.<\/span><\/td>\n<\/tr>\n<\/tbody>\n<\/table>\n<p><img loading=\"lazy\" decoding=\"async\" class=\"alignnone size-full wp-image-25497\" src=\"http:\/\/stone-phoenix.com\/wp-content\/uploads\/2023\/12\/Vietnam-White-Marble-Factory-Manufacture-Wholesale-4.jpg\" alt=\"\" width=\"1117\" height=\"1116\" srcset=\"https:\/\/stone-phoenix.com\/wp-content\/uploads\/2023\/12\/Vietnam-White-Marble-Factory-Manufacture-Wholesale-4.jpg 1117w, https:\/\/stone-phoenix.com\/wp-content\/uploads\/2023\/12\/Vietnam-White-Marble-Factory-Manufacture-Wholesale-4-300x300.jpg 300w, https:\/\/stone-phoenix.com\/wp-content\/uploads\/2023\/12\/Vietnam-White-Marble-Factory-Manufacture-Wholesale-4-1024x1024.jpg 1024w, https:\/\/stone-phoenix.com\/wp-content\/uploads\/2023\/12\/Vietnam-White-Marble-Factory-Manufacture-Wholesale-4-150x150.jpg 150w, https:\/\/stone-phoenix.com\/wp-content\/uploads\/2023\/12\/Vietnam-White-Marble-Factory-Manufacture-Wholesale-4-768x767.jpg 768w, https:\/\/stone-phoenix.com\/wp-content\/uploads\/2023\/12\/Vietnam-White-Marble-Factory-Manufacture-Wholesale-4-12x12.jpg 12w, https:\/\/stone-phoenix.com\/wp-content\/uploads\/2023\/12\/Vietnam-White-Marble-Factory-Manufacture-Wholesale-4-600x599.jpg 600w\" sizes=\"(max-width: 1117px) 100vw, 1117px\" \/><img loading=\"lazy\" decoding=\"async\" class=\"alignnone size-full wp-image-25498\" src=\"http:\/\/stone-phoenix.com\/wp-content\/uploads\/2023\/12\/Vietnam-White-Marble-Factory-Manufacture-Wholesale-5.jpg\" alt=\"\" width=\"1096\" height=\"1024\" srcset=\"https:\/\/stone-phoenix.com\/wp-content\/uploads\/2023\/12\/Vietnam-White-Marble-Factory-Manufacture-Wholesale-5.jpg 1096w, https:\/\/stone-phoenix.com\/wp-content\/uploads\/2023\/12\/Vietnam-White-Marble-Factory-Manufacture-Wholesale-5-300x280.jpg 300w, https:\/\/stone-phoenix.com\/wp-content\/uploads\/2023\/12\/Vietnam-White-Marble-Factory-Manufacture-Wholesale-5-1024x957.jpg 1024w, https:\/\/stone-phoenix.com\/wp-content\/uploads\/2023\/12\/Vietnam-White-Marble-Factory-Manufacture-Wholesale-5-768x718.jpg 768w, https:\/\/stone-phoenix.com\/wp-content\/uploads\/2023\/12\/Vietnam-White-Marble-Factory-Manufacture-Wholesale-5-13x12.jpg 13w, https:\/\/stone-phoenix.com\/wp-content\/uploads\/2023\/12\/Vietnam-White-Marble-Factory-Manufacture-Wholesale-5-600x561.jpg 600w, https:\/\/stone-phoenix.com\/wp-content\/uploads\/2023\/12\/Vietnam-White-Marble-Factory-Manufacture-Wholesale-5-150x140.jpg 150w\" sizes=\"(max-width: 1096px) 100vw, 1096px\" \/><img loading=\"lazy\" decoding=\"async\" class=\"alignnone size-full wp-image-25499\" src=\"http:\/\/stone-phoenix.com\/wp-content\/uploads\/2023\/12\/Vietnam-White-Marble-Factory-Manufacture-Wholesale-6.jpg\" alt=\"\" width=\"1108\" height=\"834\" srcset=\"https:\/\/stone-phoenix.com\/wp-content\/uploads\/2023\/12\/Vietnam-White-Marble-Factory-Manufacture-Wholesale-6.jpg 1108w, https:\/\/stone-phoenix.com\/wp-content\/uploads\/2023\/12\/Vietnam-White-Marble-Factory-Manufacture-Wholesale-6-300x226.jpg 300w, https:\/\/stone-phoenix.com\/wp-content\/uploads\/2023\/12\/Vietnam-White-Marble-Factory-Manufacture-Wholesale-6-1024x771.jpg 1024w, https:\/\/stone-phoenix.com\/wp-content\/uploads\/2023\/12\/Vietnam-White-Marble-Factory-Manufacture-Wholesale-6-768x578.jpg 768w, https:\/\/stone-phoenix.com\/wp-content\/uploads\/2023\/12\/Vietnam-White-Marble-Factory-Manufacture-Wholesale-6-16x12.jpg 16w, https:\/\/stone-phoenix.com\/wp-content\/uploads\/2023\/12\/Vietnam-White-Marble-Factory-Manufacture-Wholesale-6-600x452.jpg 600w, https:\/\/stone-phoenix.com\/wp-content\/uploads\/2023\/12\/Vietnam-White-Marble-Factory-Manufacture-Wholesale-6-150x113.jpg 150w\" sizes=\"(max-width: 1108px) 100vw, 1108px\" \/><\/p>\n<\/div>\n<\/div>\n<\/div>","protected":false},"excerpt":{"rendered":"<p>Vietnam White Marble Factory Manufacture Wholesale vietnam white marble is one of the most popular stone because The material is<\/p>","protected":false},"featured_media":25493,"template":"","meta":[],"product_cat":[113],"product_tag":[],"_links":{"self":[{"href":"https:\/\/stone-phoenix.com\/fr\/wp-json\/wp\/v2\/product\/22014"}],"collection":[{"href":"https:\/\/stone-phoenix.com\/fr\/wp-json\/wp\/v2\/product"}],"about":[{"href":"https:\/\/stone-phoenix.com\/fr\/wp-json\/wp\/v2\/types\/product"}],"wp:featuredmedia":[{"embeddable":true,"href":"https:\/\/stone-phoenix.com\/fr\/wp-json\/wp\/v2\/media\/25493"}],"wp:attachment":[{"href":"https:\/\/stone-phoenix.com\/fr\/wp-json\/wp\/v2\/media?parent=22014"}],"wp:term":[{"taxonomy":"product_cat","embeddable":true,"href":"https:\/\/stone-phoenix.com\/fr\/wp-json\/wp\/v2\/product_cat?post=22014"},{"taxonomy":"product_tag","embeddable":true,"href":"https:\/\/stone-phoenix.com\/fr\/wp-json\/wp\/v2\/product_tag?post=22014"}],"curies":[{"name":"wp","href":"https:\/\/api.w.org\/{rel}","templated":true}]}}