{"id":22022,"date":"2023-12-29T21:50:56","date_gmt":"2023-12-29T13:50:56","guid":{"rendered":"http:\/\/stone-phoenix.com\/product\/volakas-white-marble-slab-tiles-with"},"modified":"2024-03-20T14:53:31","modified_gmt":"2024-03-20T06:53:31","slug":"volakas-white-marble-slab-tiles-with","status":"publish","type":"product","link":"https:\/\/stone-phoenix.com\/fr\/produit\/volakas-white-marble-slab-tiles-with","title":{"rendered":"Dalles de marbre blanc Volakas Avec"},"content":{"rendered":"<div id=\"tab-description\" class=\"woocommerce-Tabs-panel woocommerce-Tabs-panel--description panel entry-content wc-tab\" role=\"tabpanel\" aria-labelledby=\"tab-title-description\">\n<h2>Plaque de marbre blanc Volakas Carreaux de marbre avec veines gris fonc\u00e9,Gr\u00e8ce Marbre Volakas Plaque de marbre Volakas<\/h2>\n<p>Le marbre blanc de Volakas est le plus populaire de tous les marbres. La pierre blanche mate de volakas pr\u00e9sente des veines grises et est disponible sous forme de dalles, de carreaux et de plaques. Vous pouvez choisir entre des finitions polies et adoucies pour les sols des habitations et des espaces publics.<\/p>\n<p>Le marbre blanc volakas est un marbre tr\u00e8s rare et il est utilis\u00e9 \u00e0 des fins de d\u00e9coration. Il rend la personne qui le porte plus attrayante et plus s\u00e9duisante. Il peut \u00e9galement \u00eatre utilis\u00e9 pour la d\u00e9coration de la maison car il est tr\u00e8s \u00e9l\u00e9gant et royal.<\/p>\n<p>Cette pierre peut \u00eatre utilis\u00e9e \u00e0 l'int\u00e9rieur ou \u00e0 l'ext\u00e9rieur. Elle se caract\u00e9rise par une belle blancheur cr\u00e9meuse qui est parfaite pour ajouter un \u00e9clat chaleureux \u00e0 votre d\u00e9cor.<\/p>\n<p>La surface est complexe et pr\u00e9sente de merveilleuses veines qui lui conf\u00e8rent un caract\u00e8re naturel. Ce marbre peut \u00eatre utilis\u00e9 comme rev\u00eatement mural ou de sol, ou m\u00eame comme dosseret de cuisine.<\/p>\n<p>Les surfaces rugueuses ne sont pas toujours visibles et peuvent \u00eatre difficiles \u00e0 voir sur certaines pierres.Tout notre marbre est extrait de gisements de marbre naturels. Chaque plaque est unique et varie l\u00e9g\u00e8rement en couleur et en veinage, ce qui conf\u00e8re \u00e0 votre projet un caract\u00e8re unique.<\/p>\n<div id=\"ali-anchor-AliPostDhMb-qkngg\" style=\"padding-top: 8px;\" data-section=\"AliPostDhMb-qkngg\" data-section-title=\"Product Description\">\n<div style=\"padding: 10px 0px; text-align: center;\"><img loading=\"lazy\" decoding=\"async\" class=\"alignnone size-full wp-image-25481\" src=\"http:\/\/stone-phoenix.com\/wp-content\/uploads\/2023\/12\/Volakas-White-Marble-Slab-Tiles-With-7.jpg\" alt=\"\" width=\"1123\" height=\"843\" srcset=\"https:\/\/stone-phoenix.com\/wp-content\/uploads\/2023\/12\/Volakas-White-Marble-Slab-Tiles-With-7.jpg 1123w, https:\/\/stone-phoenix.com\/wp-content\/uploads\/2023\/12\/Volakas-White-Marble-Slab-Tiles-With-7-300x225.jpg 300w, https:\/\/stone-phoenix.com\/wp-content\/uploads\/2023\/12\/Volakas-White-Marble-Slab-Tiles-With-7-1024x769.jpg 1024w, https:\/\/stone-phoenix.com\/wp-content\/uploads\/2023\/12\/Volakas-White-Marble-Slab-Tiles-With-7-768x577.jpg 768w, https:\/\/stone-phoenix.com\/wp-content\/uploads\/2023\/12\/Volakas-White-Marble-Slab-Tiles-With-7-16x12.jpg 16w, https:\/\/stone-phoenix.com\/wp-content\/uploads\/2023\/12\/Volakas-White-Marble-Slab-Tiles-With-7-600x450.jpg 600w, https:\/\/stone-phoenix.com\/wp-content\/uploads\/2023\/12\/Volakas-White-Marble-Slab-Tiles-With-7-150x113.jpg 150w\" sizes=\"(max-width: 1123px) 100vw, 1123px\" \/><br \/>\n<img loading=\"lazy\" decoding=\"async\" class=\"alignnone size-full wp-image-25484\" src=\"http:\/\/stone-phoenix.com\/wp-content\/uploads\/2023\/12\/Volakas-White-Marble-Slab-Tiles-With-9.jpg\" alt=\"\" width=\"1281\" height=\"792\" srcset=\"https:\/\/stone-phoenix.com\/wp-content\/uploads\/2023\/12\/Volakas-White-Marble-Slab-Tiles-With-9.jpg 1281w, https:\/\/stone-phoenix.com\/wp-content\/uploads\/2023\/12\/Volakas-White-Marble-Slab-Tiles-With-9-300x185.jpg 300w, https:\/\/stone-phoenix.com\/wp-content\/uploads\/2023\/12\/Volakas-White-Marble-Slab-Tiles-With-9-1024x633.jpg 1024w, https:\/\/stone-phoenix.com\/wp-content\/uploads\/2023\/12\/Volakas-White-Marble-Slab-Tiles-With-9-768x475.jpg 768w, https:\/\/stone-phoenix.com\/wp-content\/uploads\/2023\/12\/Volakas-White-Marble-Slab-Tiles-With-9-18x12.jpg 18w, https:\/\/stone-phoenix.com\/wp-content\/uploads\/2023\/12\/Volakas-White-Marble-Slab-Tiles-With-9-600x371.jpg 600w, https:\/\/stone-phoenix.com\/wp-content\/uploads\/2023\/12\/Volakas-White-Marble-Slab-Tiles-With-9-150x93.jpg 150w\" sizes=\"(max-width: 1281px) 100vw, 1281px\" \/><\/div>\n<div style=\"padding: 10px 0px; text-align: center;\"><\/div>\n<div style=\"padding: 10px 0px; text-align: center;\"><img loading=\"lazy\" decoding=\"async\" class=\"alignnone size-full wp-image-25485\" src=\"http:\/\/stone-phoenix.com\/wp-content\/uploads\/2023\/12\/Volakas-White-Marble-Slab-Tiles-With-8-1.jpg\" alt=\"\" width=\"1119\" height=\"798\" srcset=\"https:\/\/stone-phoenix.com\/wp-content\/uploads\/2023\/12\/Volakas-White-Marble-Slab-Tiles-With-8-1.jpg 1119w, https:\/\/stone-phoenix.com\/wp-content\/uploads\/2023\/12\/Volakas-White-Marble-Slab-Tiles-With-8-1-300x214.jpg 300w, https:\/\/stone-phoenix.com\/wp-content\/uploads\/2023\/12\/Volakas-White-Marble-Slab-Tiles-With-8-1-1024x730.jpg 1024w, https:\/\/stone-phoenix.com\/wp-content\/uploads\/2023\/12\/Volakas-White-Marble-Slab-Tiles-With-8-1-768x548.jpg 768w, https:\/\/stone-phoenix.com\/wp-content\/uploads\/2023\/12\/Volakas-White-Marble-Slab-Tiles-With-8-1-18x12.jpg 18w, https:\/\/stone-phoenix.com\/wp-content\/uploads\/2023\/12\/Volakas-White-Marble-Slab-Tiles-With-8-1-600x428.jpg 600w, https:\/\/stone-phoenix.com\/wp-content\/uploads\/2023\/12\/Volakas-White-Marble-Slab-Tiles-With-8-1-150x107.jpg 150w\" sizes=\"(max-width: 1119px) 100vw, 1119px\" \/><br \/>\n<img loading=\"lazy\" decoding=\"async\" class=\"alignnone  wp-image-22027\" src=\"http:\/\/stone-phoenix.com\/wp-content\/uploads\/2023\/12\/1703886662.jpg\" width=\"948\" height=\"711\" srcset=\"https:\/\/stone-phoenix.com\/wp-content\/uploads\/2023\/12\/1703886662.jpg 860w, https:\/\/stone-phoenix.com\/wp-content\/uploads\/2023\/12\/1703886662-300x225.jpg 300w, https:\/\/stone-phoenix.com\/wp-content\/uploads\/2023\/12\/1703886662-768x576.jpg 768w, https:\/\/stone-phoenix.com\/wp-content\/uploads\/2023\/12\/1703886662-16x12.jpg 16w, https:\/\/stone-phoenix.com\/wp-content\/uploads\/2023\/12\/1703886662-600x450.jpg 600w, https:\/\/stone-phoenix.com\/wp-content\/uploads\/2023\/12\/1703886662-150x113.jpg 150w\" sizes=\"(max-width: 948px) 100vw, 948px\" \/><\/div>\n<\/div>\n<div id=\"ali-anchor-AliPostDhMb-ils4t\" style=\"padding-top: 8px;\" data-section=\"AliPostDhMb-ils4t\" data-section-title=\"FAQ\">\n<div style=\"padding: 10px 0;\"><\/div>\n<\/div>\n<\/div>","protected":false},"excerpt":{"rendered":"<p>Volakas white marble slab Marble tiles with dark grey veins,Greece volakas marble Volakas marble slab volakas white marble is the<\/p>","protected":false},"featured_media":25475,"template":"","meta":[],"product_cat":[113],"product_tag":[],"_links":{"self":[{"href":"https:\/\/stone-phoenix.com\/fr\/wp-json\/wp\/v2\/product\/22022"}],"collection":[{"href":"https:\/\/stone-phoenix.com\/fr\/wp-json\/wp\/v2\/product"}],"about":[{"href":"https:\/\/stone-phoenix.com\/fr\/wp-json\/wp\/v2\/types\/product"}],"wp:featuredmedia":[{"embeddable":true,"href":"https:\/\/stone-phoenix.com\/fr\/wp-json\/wp\/v2\/media\/25475"}],"wp:attachment":[{"href":"https:\/\/stone-phoenix.com\/fr\/wp-json\/wp\/v2\/media?parent=22022"}],"wp:term":[{"taxonomy":"product_cat","embeddable":true,"href":"https:\/\/stone-phoenix.com\/fr\/wp-json\/wp\/v2\/product_cat?post=22022"},{"taxonomy":"product_tag","embeddable":true,"href":"https:\/\/stone-phoenix.com\/fr\/wp-json\/wp\/v2\/product_tag?post=22022"}],"curies":[{"name":"wp","href":"https:\/\/api.w.org\/{rel}","templated":true}]}}