{"id":22028,"date":"2023-12-29T21:51:19","date_gmt":"2023-12-29T13:51:19","guid":{"rendered":"http:\/\/stone-phoenix.com\/product\/white-cloud-marble-longtops-blue-sky"},"modified":"2024-03-20T14:36:14","modified_gmt":"2024-03-20T06:36:14","slug":"white-cloud-marble-longtops-blue-sky","status":"publish","type":"product","link":"https:\/\/stone-phoenix.com\/fr\/produit\/white-cloud-marble-longtops-blue-sky","title":{"rendered":"Nuage blanc Marbre Longtops Blue Sky"},"content":{"rendered":"<div id=\"tab-description\" class=\"woocommerce-Tabs-panel woocommerce-Tabs-panel--description panel entry-content wc-tab\" role=\"tabpanel\" aria-labelledby=\"tab-title-description\">\n<h2>Marbre longtops blanc nuage bleu ciel avec veines noires pour d\u00e9coration int\u00e9rieure<\/h2>\n<p>Le marbre White Cloud est un marbre blanc pur \u00e0 l'aspect lisse et \u00e9l\u00e9gant. Parfait pour la maison, le bureau ou le commerce, nos produits en marbre nuage blanc compl\u00e8teront n'importe quel d\u00e9cor.<\/p>\n<p>Le marbre blanc nuage est magnifique, avec une surface blanche et douce, et est remarquablement polyvalent. Il peut \u00eatre utilis\u00e9 dans les salles de bains et les cuisines pour donner du style, ou comme pi\u00e8ce d'accent dans n'importe quelle pi\u00e8ce de la maison.<\/p>\n<p>Les nuages blancs sont connus sous de nombreux noms : blanc nuage, blanc neige et blanc lotus. Chaque dalle pr\u00e9sente un motif, une texture et une couleur uniques, propres \u00e0 chaque pi\u00e8ce.<\/p>\n<p>Il s'agit d'une alternative \u00e9l\u00e9gante au marbre traditionnel, avec une gamme d'utilisations qui comprend les sols, les meubles et les plans de travail.Le marbre blanc nuageux est un type de marbre qui a un aspect nuageux.<span style=\"font-size: 16px;\">Un nuage blanc peut \u00eatre produit en chauffant la pierre sous pression ou simplement en la polissant jusqu'\u00e0 ce qu'elle paraisse transparente.<\/span><\/p>\n<p><span style=\"font-size: 16px;\">Ils peuvent \u00eatre utilis\u00e9s pour ajouter de la beaut\u00e9 et de l'\u00e9l\u00e9gance \u00e0 un \u00e9v\u00e9nement ou simplement comme d\u00e9coration \u00e0 la maison.<\/span>Il s'agit d'un type particulier de marbre aux veines blanches et laiteuses, dont la transformation peut se faire en plusieurs \u00e9tapes. La premi\u00e8re est l'extraction \u00e0 partir d'anciennes formations rocheuses s\u00e9dimentaires, suivie par des \u00e9tapes de traitement d\u00e9coratif, notamment la coupe et le polissage.<\/p>\n<div id=\"ali-anchor-AliPostDhMb-qkngg\" style=\"padding-top: 8px;\" data-section=\"AliPostDhMb-qkngg\" data-section-title=\"Product Description\">\n<div id=\"ali-title-AliPostDhMb-qkngg\" style=\"padding: 8px 0; border-bottom: 1px solid #ddd;\"><span style=\"background-color: #ddd; color: #333; font-weight: bold; padding: 8px 10px; line-height: 12px;\">Description du produit<\/span><\/div>\n<div style=\"padding: 10px 0;\">\n<table class=\"aliDataTable\" style=\"color: #000000; font-family: Arial; font-size: 12px; font-style: normal; font-weight: 400; background-color: #ffffff; width: 746.066px; height: 226px; border: 1px solid #b3b3b3;\">\n<tbody>\n<tr style=\"height: 21px;\">\n<td style=\"border: 1px solid #b3b3b3; width: 162px;\"><strong><span style=\"font-family: arial, helvetica, sans-serif; font-size: 14px;\">Nom du produit :<\/span><\/strong><\/td>\n<td style=\"border: 1px solid #b3b3b3; width: 595.066px;\">Marbre longtops blanc nuage bleu ciel avec veines noires pour d\u00e9coration int\u00e9rieure<\/td>\n<\/tr>\n<tr style=\"height: 21px;\">\n<td style=\"border: 1px solid #b3b3b3; width: 162px;\"><strong><span style=\"font-family: arial, helvetica, sans-serif; font-size: 14px;\">Mat\u00e9riau :<\/span><\/strong><\/td>\n<td style=\"border: 1px solid #b3b3b3; width: 595.066px;\"><span style=\"font-family: arial, helvetica, sans-serif; font-size: 14px;\">Marbre<\/span><\/td>\n<\/tr>\n<tr style=\"height: 21px;\">\n<td style=\"border: 1px solid #b3b3b3; width: 162px;\"><strong><span style=\"font-family: arial, helvetica, sans-serif; font-size: 14px;\">Couleur :<\/span><\/strong><\/td>\n<td style=\"border: 1px solid #b3b3b3; width: 595.066px;\"><span style=\"font-family: arial, helvetica, sans-serif; font-size: 14px;\">Blanc, beige, noir, marron, gris, rouge, vert, bleu, etc.<\/span><\/td>\n<\/tr>\n<tr style=\"height: 21px;\">\n<td style=\"border: 1px solid #b3b3b3; width: 162px;\" rowspan=\"3\"><strong><span style=\"font-family: arial, helvetica, sans-serif; font-size: 14px;\">Taille :<\/span><\/strong><\/td>\n<td style=\"border: 1px solid #b3b3b3; width: 595.066px;\"><span style=\"font-family: arial, helvetica, sans-serif; font-size: 14px;\"><span style=\"text-decoration: underline;\">Carreaux disponibles<\/span> <\/span><br \/>\n<span style=\"font-family: arial, helvetica, sans-serif; font-size: 14px;\">12\u2032 X 12\u2033,24\u2032 X 24\u2033,12\u2032 X 24\u2033,etc 300x300mm,300x600mm,400x400mm,600x600mm,600\u00d71200,800\u00d7800,etc<\/span><\/td>\n<\/tr>\n<tr style=\"height: 21px;\">\n<td style=\"border: 1px solid #b3b3b3; width: 595.066px;\"><span style=\"font-family: arial, helvetica, sans-serif; font-size: 14px;\"><span style=\"text-decoration: underline;\">Grandes dalles disponibles<\/span>\u00a0 \u00a0 \u00a0 \u00a0 \u00a0 \u00a0 \u00a0 \u00a0 \u00a0 \u00a0 \u00a0 \u00a0 \u00a0 \u00a0 \u00a0 \u00a0 \u00a0 \u00a0 \u00a0 \u00a0 \u00a0 \u00a0 \u00a0 \u00a0 \u00a0 \u00a0 \u00a0 \u00a0 \u00a0 \u00a0 \u00a0 \u00a0 \u00a0 \u00a0 \u00a0 \u00a0 \u00a0 \u00a0 \u00a0 \u00a0 \u00a0 \u00a0 \u00a0 \u00a0 \u00a0 \u00a0 \u00a0 \u00a0 \u00a0 \u00a0 \u00a0 \u00a0 \u00a0 240cmUpx120UP<\/span><\/td>\n<\/tr>\n<tr style=\"height: 21px;\">\n<td style=\"border: 1px solid #b3b3b3; width: 595.066px;\"><span style=\"font-family: arial, helvetica, sans-serif; font-size: 14px;\">Des sp\u00e9cifications personnalis\u00e9es sont disponibles<\/span><\/td>\n<\/tr>\n<tr style=\"height: 21px;\">\n<td style=\"border: 1px solid #b3b3b3; width: 162px;\"><strong><span style=\"font-family: arial, helvetica, sans-serif; font-size: 14px;\">Tol\u00e9rance d'\u00e9paisseur :<\/span><\/strong><\/td>\n<td style=\"border: 1px solid #b3b3b3; width: 595.066px;\"><span style=\"font-size: 14px; font-family: arial, helvetica, sans-serif;\">\u00b10,05mm, \u00b11mm, \u00b11,5mm, \u00b12mm, selon les exigences de qualit\u00e9 du client<\/span><\/td>\n<\/tr>\n<tr style=\"height: 21px;\">\n<td style=\"border: 1px solid #b3b3b3; width: 162px;\"><strong><span style=\"font-family: arial, helvetica, sans-serif; font-size: 14px;\">Surface :<\/span><\/strong><\/td>\n<td style=\"border: 1px solid #b3b3b3; width: 595.066px;\"><span style=\"font-size: 14px; font-family: arial, helvetica, sans-serif;\">Poli, adouci, assorti au livre, antique, rainur\u00e9, bross\u00e9, d\u00e9cap\u00e9, sabl\u00e9, jet d'eau, etc.<\/span><\/td>\n<\/tr>\n<tr style=\"height: auto;\">\n<td style=\"border: 1px solid #b3b3b3; width: 162px;\"><strong><span style=\"font-family: arial, helvetica, sans-serif; font-size: 14px;\">Emballage :<\/span><\/strong><\/td>\n<td style=\"border: 1px solid #b3b3b3; width: 595.066px;\"><span style=\"font-family: arial, helvetica, sans-serif; font-size: 14px;\"> Fardeaux et caisses en bois en \u00e9tat de navigabilit\u00e9<\/span><\/td>\n<\/tr>\n<tr style=\"height: 21px;\">\n<td style=\"border: 1px solid #b3b3b3; width: 162px;\"><strong><span style=\"font-family: arial, helvetica, sans-serif; font-size: 14px;\">Application :<\/span><\/strong><\/td>\n<td style=\"border: 1px solid #b3b3b3; width: 595.066px;\"><span style=\"font-family: arial, helvetica, sans-serif; font-size: 14px;\">Mur int\u00e9rieur, sol, plinthe, mur de fond, comptoir, escalier, etc.<\/span><\/td>\n<\/tr>\n<tr style=\"height: 21px;\">\n<td style=\"border: 1px solid #b3b3b3; width: 162px;\"><strong><span style=\"font-family: arial, helvetica, sans-serif; font-size: 14px;\">D\u00e9lai de livraison :<\/span><\/strong><\/td>\n<td style=\"border: 1px solid #b3b3b3; width: 595.066px;\"><span style=\"font-family: arial, helvetica, sans-serif; font-size: 14px;\"> 15-20 jours pour les tailles normales<\/span><\/td>\n<\/tr>\n<tr style=\"height: 21px;\">\n<td style=\"border: 1px solid #b3b3b3; width: 162px;\"><strong><span style=\"font-family: arial, helvetica, sans-serif; font-size: 14px;\">Certificat :<\/span><\/strong><\/td>\n<td style=\"border: 1px solid #b3b3b3; width: 595.066px;\"><span style=\"font-family: arial, helvetica, sans-serif; font-size: 14px;\">CE, SGS<\/span><\/td>\n<\/tr>\n<tr style=\"height: 21px;\">\n<td style=\"border: 1px solid #b3b3b3; width: 162px;\"><strong><span style=\"font-family: arial, helvetica, sans-serif; font-size: 14px;\">Conditions de paiement :<\/span><\/strong><\/td>\n<td style=\"border: 1px solid #b3b3b3; width: 595.066px;\"><span style=\"font-family: arial, helvetica, sans-serif; font-size: 14px;\">T\/T, L\/C, D\/P<\/span><\/td>\n<\/tr>\n<tr style=\"height: 42px;\">\n<td style=\"border: 1px solid #b3b3b3; width: 162px;\"><strong><span style=\"font-family: arial, helvetica, sans-serif; font-size: 14px;\">Avantage :<\/span><\/strong><\/td>\n<td style=\"border: 1px solid #b3b3b3; width: 595.066px;\"><span style=\"font-family: arial, helvetica, sans-serif; font-size: 14px;\">1) Service unique pour la pierre ;<\/span><\/p>\n<p><span style=\"font-family: arial, helvetica, sans-serif; font-size: 14px;\">2) Poss\u00e9der 3 carri\u00e8res et 9 usines ;<\/span><\/p>\n<p><span style=\"font-family: arial, helvetica, sans-serif; font-size: 14px;\">3) Des supports technologiques de pointe.<\/span><\/td>\n<\/tr>\n<tr style=\"height: 42px;\">\n<td style=\"border: 1px solid #b3b3b3; width: 162px;\"><strong><span style=\"font-family: arial, helvetica, sans-serif; font-size: 14px;\">Assurance de la qualit\u00e9 et de la livraison :\u00a0<\/span><\/strong><\/td>\n<td style=\"border: 1px solid #b3b3b3; width: 595.066px;\"><span style=\"font-family: arial, helvetica, sans-serif; font-size: 14px;\">Tout au long du processus de production, du choix des mat\u00e9riaux \u00e0 l'emballage en passant par la fabrication, notre service de contr\u00f4le de la qualit\u00e9 contr\u00f4le rigoureusement chaque pi\u00e8ce et chaque processus afin de garantir le respect des normes de qualit\u00e9 et le respect des d\u00e9lais de livraison.<\/span><\/td>\n<\/tr>\n<\/tbody>\n<\/table>\n<p><img loading=\"lazy\" decoding=\"async\" class=\"alignnone size-full wp-image-25472\" src=\"http:\/\/stone-phoenix.com\/wp-content\/uploads\/2023\/12\/White-Cloud-Marble-Longtops-Blue-Sky-5.jpg\" alt=\"\" width=\"1126\" height=\"745\" srcset=\"https:\/\/stone-phoenix.com\/wp-content\/uploads\/2023\/12\/White-Cloud-Marble-Longtops-Blue-Sky-5.jpg 1126w, https:\/\/stone-phoenix.com\/wp-content\/uploads\/2023\/12\/White-Cloud-Marble-Longtops-Blue-Sky-5-300x198.jpg 300w, https:\/\/stone-phoenix.com\/wp-content\/uploads\/2023\/12\/White-Cloud-Marble-Longtops-Blue-Sky-5-1024x678.jpg 1024w, https:\/\/stone-phoenix.com\/wp-content\/uploads\/2023\/12\/White-Cloud-Marble-Longtops-Blue-Sky-5-768x508.jpg 768w, https:\/\/stone-phoenix.com\/wp-content\/uploads\/2023\/12\/White-Cloud-Marble-Longtops-Blue-Sky-5-18x12.jpg 18w, https:\/\/stone-phoenix.com\/wp-content\/uploads\/2023\/12\/White-Cloud-Marble-Longtops-Blue-Sky-5-600x397.jpg 600w, https:\/\/stone-phoenix.com\/wp-content\/uploads\/2023\/12\/White-Cloud-Marble-Longtops-Blue-Sky-5-150x99.jpg 150w\" sizes=\"(max-width: 1126px) 100vw, 1126px\" \/><\/p>\n<\/div>\n<div style=\"padding: 10px 0px; text-align: center;\"><img loading=\"lazy\" decoding=\"async\" class=\"alignnone size-full wp-image-25473\" src=\"http:\/\/stone-phoenix.com\/wp-content\/uploads\/2023\/12\/White-Cloud-Marble-Longtops-Blue-Sky-6.jpg\" alt=\"\" width=\"1093\" height=\"724\" srcset=\"https:\/\/stone-phoenix.com\/wp-content\/uploads\/2023\/12\/White-Cloud-Marble-Longtops-Blue-Sky-6.jpg 1093w, https:\/\/stone-phoenix.com\/wp-content\/uploads\/2023\/12\/White-Cloud-Marble-Longtops-Blue-Sky-6-300x199.jpg 300w, https:\/\/stone-phoenix.com\/wp-content\/uploads\/2023\/12\/White-Cloud-Marble-Longtops-Blue-Sky-6-1024x678.jpg 1024w, https:\/\/stone-phoenix.com\/wp-content\/uploads\/2023\/12\/White-Cloud-Marble-Longtops-Blue-Sky-6-768x509.jpg 768w, https:\/\/stone-phoenix.com\/wp-content\/uploads\/2023\/12\/White-Cloud-Marble-Longtops-Blue-Sky-6-18x12.jpg 18w, https:\/\/stone-phoenix.com\/wp-content\/uploads\/2023\/12\/White-Cloud-Marble-Longtops-Blue-Sky-6-600x397.jpg 600w, https:\/\/stone-phoenix.com\/wp-content\/uploads\/2023\/12\/White-Cloud-Marble-Longtops-Blue-Sky-6-150x99.jpg 150w\" sizes=\"(max-width: 1093px) 100vw, 1093px\" \/><br \/>\n<img loading=\"lazy\" decoding=\"async\" class=\"alignnone  wp-image-25474\" src=\"http:\/\/stone-phoenix.com\/wp-content\/uploads\/2023\/12\/White-Cloud-Marble-Longtops-Blue-Sky-7.jpg\" alt=\"\" width=\"948\" height=\"1199\" srcset=\"https:\/\/stone-phoenix.com\/wp-content\/uploads\/2023\/12\/White-Cloud-Marble-Longtops-Blue-Sky-7.jpg 835w, https:\/\/stone-phoenix.com\/wp-content\/uploads\/2023\/12\/White-Cloud-Marble-Longtops-Blue-Sky-7-237x300.jpg 237w, https:\/\/stone-phoenix.com\/wp-content\/uploads\/2023\/12\/White-Cloud-Marble-Longtops-Blue-Sky-7-810x1024.jpg 810w, https:\/\/stone-phoenix.com\/wp-content\/uploads\/2023\/12\/White-Cloud-Marble-Longtops-Blue-Sky-7-768x971.jpg 768w, https:\/\/stone-phoenix.com\/wp-content\/uploads\/2023\/12\/White-Cloud-Marble-Longtops-Blue-Sky-7-9x12.jpg 9w, https:\/\/stone-phoenix.com\/wp-content\/uploads\/2023\/12\/White-Cloud-Marble-Longtops-Blue-Sky-7-600x759.jpg 600w, https:\/\/stone-phoenix.com\/wp-content\/uploads\/2023\/12\/White-Cloud-Marble-Longtops-Blue-Sky-7-150x190.jpg 150w\" sizes=\"(max-width: 948px) 100vw, 948px\" \/><\/div>\n<\/div>\n<div id=\"ali-anchor-AliPostDhMb-hwase\" style=\"padding-top: 8px;\" data-section=\"AliPostDhMb-hwase\" data-section-title=\"Related Products\"><\/div>\n<div id=\"ali-anchor-AliPostDhMb-ils4t\" style=\"padding-top: 8px;\" data-section=\"AliPostDhMb-ils4t\" data-section-title=\"FAQ\">\n<div style=\"padding: 10px 0;\"><\/div>\n<\/div>\n<\/div>","protected":false},"excerpt":{"rendered":"<p>Longtops white cloud blue sky marble with black veins for interior decoration White Cloud marble is a pure white marble<\/p>","protected":false},"featured_media":25467,"template":"","meta":[],"product_cat":[113],"product_tag":[],"_links":{"self":[{"href":"https:\/\/stone-phoenix.com\/fr\/wp-json\/wp\/v2\/product\/22028"}],"collection":[{"href":"https:\/\/stone-phoenix.com\/fr\/wp-json\/wp\/v2\/product"}],"about":[{"href":"https:\/\/stone-phoenix.com\/fr\/wp-json\/wp\/v2\/types\/product"}],"wp:featuredmedia":[{"embeddable":true,"href":"https:\/\/stone-phoenix.com\/fr\/wp-json\/wp\/v2\/media\/25467"}],"wp:attachment":[{"href":"https:\/\/stone-phoenix.com\/fr\/wp-json\/wp\/v2\/media?parent=22028"}],"wp:term":[{"taxonomy":"product_cat","embeddable":true,"href":"https:\/\/stone-phoenix.com\/fr\/wp-json\/wp\/v2\/product_cat?post=22028"},{"taxonomy":"product_tag","embeddable":true,"href":"https:\/\/stone-phoenix.com\/fr\/wp-json\/wp\/v2\/product_tag?post=22028"}],"curies":[{"name":"wp","href":"https:\/\/api.w.org\/{rel}","templated":true}]}}