{"id":22062,"date":"2023-12-29T21:53:04","date_gmt":"2023-12-29T13:53:04","guid":{"rendered":"http:\/\/stone-phoenix.com\/product\/white-marble-slab-grade-natural-marble-china"},"modified":"2024-03-18T18:00:32","modified_gmt":"2024-03-18T10:00:32","slug":"white-marble-slab-grade-natural-marble-china","status":"publish","type":"product","link":"https:\/\/stone-phoenix.com\/fr\/produit\/white-marble-slab-grade-natural-marble-china","title":{"rendered":"Dalle de Marbre Blanc Grade Marbre Naturel Chine"},"content":{"rendered":"<div id=\"tab-description\" class=\"woocommerce-Tabs-panel woocommerce-Tabs-panel--description panel entry-content wc-tab\" role=\"tabpanel\" aria-labelledby=\"tab-title-description\">\n<div id=\"ali-anchor-AliPostDhMb-61t5w\" style=\"padding-top: 8px;\" data-section=\"AliPostDhMb-61t5w\" data-section-title=\"Product Description\">\n<h2 style=\"text-align: center;\">Dalle de Marbre Blanc Grade Marbre Naturel Chine Palissandro<\/h2>\n<p>La dalle de marbre blanc est un marbre blanc de haute qualit\u00e9 \u00e0 grain fin qui se marie naturellement avec les styles de d\u00e9coration les plus populaires, du traditionnel au classique. C'est un mat\u00e9riau polyvalent qui ajoute de l'\u00e9l\u00e9gance et du style \u00e0 n'importe quelle pi\u00e8ce. Il est polyvalent, durable et intemporel. Il s'agit d'une magnifique dalle de marbre blanc pour toute cuisine, salle de bain ou autre projet auquel vous souhaitez ajouter de la classe. D'aspect classique, elle s'adapte \u00e0 tous les styles de d\u00e9coration.<\/p>\n<p>Nos plaques de marbre blanc sont parfaites pour les comptoirs et les dosserets. Cette dalle de marbre blanc peut \u00eatre utilis\u00e9e \u00e0 diverses fins, notamment pour les rev\u00eatements de sol et les comptoirs de salle de bains. Elle est polie et pr\u00eate \u00e0 \u00eatre install\u00e9e. Le marbre blanc est un mat\u00e9riau magnifiquement doux et lustr\u00e9. Facile \u00e0 d\u00e9couper et \u00e0 installer, il est id\u00e9al pour les projets commerciaux ou r\u00e9sidentiels.<\/p>\n<p>Le marbre blanc a un aspect tr\u00e8s net et brillant par rapport aux autres dalles du march\u00e9. Les dalles de marbre blanc sont un mat\u00e9riau magnifique et durable qui peut \u00eatre utilis\u00e9 dans les cuisines, les salles de bains ou les meubles-lavabos. Elles sont faciles \u00e0 nettoyer et \u00e0 installer, et peuvent vous aider \u00e0 cr\u00e9er un style \u00e9poustouflant dans n'importe quelle pi\u00e8ce. Les dalles de marbre blanc sont utilis\u00e9es pour les rev\u00eatements int\u00e9rieurs et ext\u00e9rieurs, les cloisons murales, les sols et d'autres \u00e9l\u00e9ments. Ce mat\u00e9riau a toujours \u00e9t\u00e9 utilis\u00e9 comme mat\u00e9riau de construction en raison de sa grande durabilit\u00e9 et de son esth\u00e9tique. Les plaques de marbre blanc sont utilis\u00e9es dans la fabrication de cuisines, de salles de bains et de produits de finition int\u00e9rieure tels que les dessus de table, les rev\u00eatements muraux, les sols et bien d'autres encore.<\/p>\n<p>Les dalles de marbre blanc ont un aspect propre et moderne et peuvent \u00eatre utilis\u00e9es pour cr\u00e9er la pi\u00e8ce ma\u00eetresse parfaite pour n'importe quelle table. Le marbre blanc est l'un des mat\u00e9riaux de construction les plus beaux et les plus polyvalents. C'est un choix tr\u00e8s populaire pour les comptoirs de cuisine, les sols de douche, les meubles-lavabos, les dessus de table et bien plus encore.<\/p>\n<div id=\"ali-title-AliPostDhMb-61t5w\" style=\"padding: 8px 0; border-bottom: 1px solid #ddd;\"><span style=\"background-color: #ddd; color: #333; font-weight: bold; padding: 8px 10px; line-height: 12px;\">Description du produit<\/span><\/div>\n<div style=\"padding: 10px 0;\">\n<table class=\"aliDataTable\" style=\"color: #000000; font-family: Arial; font-size: 12px; font-style: normal; font-weight: 400; background-color: #ffffff; width: 698px; height: 226px; border: 1px solid #b3b3b3;\">\n<tbody>\n<tr>\n<td style=\"border: 1px solid #707070; width: 159.663px;\"><strong><span style=\"font-family: arial, helvetica, sans-serif; font-size: 14px;\">Nom du produit :<\/span><\/strong><\/td>\n<td style=\"border: 1px solid #707070; width: 553.337px;\">\n<h2>Grade Natural Marble China White Marble Slab Palissandro<\/h2>\n<\/td>\n<\/tr>\n<tr>\n<td style=\"border: 1px solid #707070; width: 159.663px;\"><strong><span style=\"font-family: arial, helvetica, sans-serif; font-size: 14px;\">Mat\u00e9riau :<\/span><\/strong><\/td>\n<td style=\"border: 1px solid #707070; width: 553.337px;\"><span style=\"font-size: 14px;\">onyx<\/span><\/td>\n<\/tr>\n<tr>\n<td style=\"border: 1px solid #707070; width: 159.663px;\"><strong><span style=\"font-family: arial, helvetica, sans-serif; font-size: 14px;\">Couleur :<\/span><\/strong><\/td>\n<td style=\"border: 1px solid #707070; width: 553.337px;\"><span style=\"font-family: arial, helvetica, sans-serif; font-size: 14px;\">blanc, beige, jaune, rouge, noir, vert, rose, bleu, marron, orange, etc.<\/span><\/td>\n<\/tr>\n<tr>\n<td style=\"border: 1px solid #707070; width: 159.663px;\" rowspan=\"3\"><strong><span style=\"font-family: arial, helvetica, sans-serif; font-size: 14px;\">Taille :<\/span><\/strong><\/td>\n<td style=\"border: 1px solid #707070; width: 553.337px;\">\n<p style=\"margin: 0px; padding: 0px;\"><span style=\"text-decoration: underline;\"><span style=\"font-size: 14px;\">Carreaux disponibles\u00a0<\/span><\/span><br \/>\n<span style=\"font-size: 14px;\">12\u2032 X 12\u2033 ,24\u2032 X 24\u2033,12\u2032 X 24\u2033,etc.\u00a0<\/span><\/p>\n<p style=\"margin: 0px; padding: 0px;\"><span style=\"font-size: 14px;\">300x300mm,300x600mm,400x400mm,600x600mm,600\u00d71200,800\u00d7800,etc<\/span><\/p>\n<\/td>\n<\/tr>\n<tr>\n<td style=\"border: 1px solid #707070; width: 553.337px;\">\n<p style=\"margin: 0px; padding: 0px;\"><span style=\"text-decoration: underline;\"><span style=\"font-size: 14px;\">Grandes dalles disponibles<\/span><\/span><\/p>\n<p style=\"margin: 0px; padding: 0px;\"><span style=\"font-size: 14px;\"><span style=\"color: #000000; font-family: Verdana, Arial, Helvetica, sans-serif; font-size: 14px; font-style: normal; font-weight: 400; background-color: #ffffff; float: none;\">240cmUpx120UP<\/span><\/span><\/p>\n<\/td>\n<\/tr>\n<tr>\n<td style=\"border: 1px solid #707070; width: 553.337px;\"><span style=\"font-family: arial, helvetica, sans-serif; font-size: 14px;\">Des sp\u00e9cifications personnalis\u00e9es sont disponibles<\/span><\/td>\n<\/tr>\n<tr>\n<td style=\"border: 1px solid #707070; width: 159.663px;\"><strong><span style=\"font-family: arial, helvetica, sans-serif; font-size: 14px;\">Tol\u00e9rance d'\u00e9paisseur :<\/span><\/strong><\/td>\n<td style=\"border: 1px solid #707070; width: 553.337px;\"><span style=\"font-family: arial, helvetica, sans-serif; font-size: 14px;\">\u00b10,05mm, \u00b11mm, \u00b11,5mm, \u00b12mm, selon les exigences de qualit\u00e9 du client<\/span><\/td>\n<\/tr>\n<tr>\n<td style=\"border: 1px solid #707070; width: 159.663px;\">\n<p style=\"margin: 0px; padding: 0px;\"><strong><span style=\"font-family: arial, helvetica, sans-serif; font-size: 14px;\">Surface :<\/span><\/strong><\/p>\n<\/td>\n<td style=\"border: 1px solid #707070; width: 553.337px;\"><span style=\"font-family: arial, helvetica, sans-serif; font-size: 14px;\"><span style=\"color: #000000; font-family: Verdana, Arial, Helvetica, sans-serif; font-size: 14px; font-style: normal; font-weight: 400; background-color: #ffffff; float: none;\">poli, adouci, bross\u00e9, assorti au livre, jet d'eau, etc.<\/span><\/span><\/td>\n<\/tr>\n<tr>\n<td style=\"border: 1px solid #707070; width: 159.663px;\">\n<p style=\"margin: 0px; padding: 0px;\"><strong><span style=\"line-height: 21px; font-family: arial, helvetica, sans-serif; font-size: 14px;\"><span style=\"color: #000000; font-family: Verdana, Arial, Helvetica, sans-serif; font-size: 14px; font-style: normal; background-color: #ffffff; float: none;\">Traitement des bords :<\/span><\/span><\/strong><\/p>\n<\/td>\n<td style=\"border: 1px solid #707070; width: 553.337px;\"><span style=\"font-family: arial, helvetica, sans-serif; font-size: 14px;\"><span style=\"color: #000000; font-family: Verdana, Arial, Helvetica, sans-serif; font-size: 14px; font-style: normal; font-weight: 400; background-color: #ffffff; float: none;\">Etir\u00e9, biseaut\u00e9, demi-nez de b\u0153uf, nez de b\u0153uf complet, ar\u00eates p\u00e9n\u00e9trables, ogee, rayon, etc.<\/span><\/span><\/td>\n<\/tr>\n<tr>\n<td style=\"border: 1px solid #707070; width: 159.663px;\"><strong><span style=\"font-family: arial, helvetica, sans-serif; font-size: 14px;\">Emballage :<\/span><\/strong><\/td>\n<td style=\"border: 1px solid #707070; width: 553.337px;\"><span style=\"font-size: 14px;\">Palettes en bois en \u00e9tat de navigabilit\u00e9, fardeaux en bois et caisses en bois<\/span><\/td>\n<\/tr>\n<tr>\n<td style=\"border: 1px solid #707070; width: 159.663px;\"><strong><span style=\"font-family: arial, helvetica, sans-serif; font-size: 14px;\">Application :<\/span><\/strong><\/td>\n<td style=\"border: 1px solid #707070; width: 553.337px;\"><span style=\"font-family: arial, helvetica, sans-serif; font-size: 14px;\"><span style=\"color: #000000; font-family: Verdana, Arial, Helvetica, sans-serif; font-size: 14px; font-style: normal; font-weight: 400; background-color: #ffffff; float: none;\">Utilis\u00e9 pour le sol, les motifs, les murs, les marches, la salle de bain, les comptoirs, les plans de travail, la d\u00e9coration int\u00e9rieure, etc.<\/span><\/span><\/td>\n<\/tr>\n<tr>\n<td style=\"border: 1px solid #707070; width: 159.663px;\"><strong><span style=\"font-family: arial, helvetica, sans-serif; font-size: 14px;\">D\u00e9lai de livraison :<\/span><\/strong><\/td>\n<td style=\"border: 1px solid #707070; width: 553.337px;\"><span style=\"font-size: 14px;\">15-20 jours pour l'enregistrement<\/span><span style=\"font-family: arial, helvetica, sans-serif; font-size: 14px;\">tailles lar<\/span><\/td>\n<\/tr>\n<tr>\n<td style=\"border: 1px solid #707070; width: 159.663px;\">\n<p style=\"margin: 0px; padding: 0px;\"><strong><span style=\"font-family: arial, helvetica, sans-serif; font-size: 14px;\">Certificat :<\/span><\/strong><\/p>\n<\/td>\n<td style=\"border: 1px solid #707070; width: 553.337px;\"><span style=\"font-family: arial, helvetica, sans-serif; font-size: 14px;\">CE, SGS<\/span><\/td>\n<\/tr>\n<tr>\n<td style=\"border: 1px solid #707070; width: 159.663px;\">\n<p style=\"margin: 0px; padding: 0px;\"><strong><span style=\"font-family: arial, helvetica, sans-serif; font-size: 14px;\">Conditions de paiement :<\/span><\/strong><\/p>\n<\/td>\n<td style=\"border: 1px solid #707070; width: 553.337px;\"><span style=\"font-size: 14px;\">T\/T, L\/C, D<span style=\"color: #000000; font-family: Verdana, Arial, Helvetica, sans-serif; font-size: 14px; font-style: normal; font-weight: 400; background-color: #ffffff; float: none;\">\/<\/span>P<\/span><\/td>\n<\/tr>\n<tr>\n<td style=\"border: 1px solid #707070; width: 159.663px;\"><strong><span style=\"font-family: arial, helvetica, sans-serif; font-size: 14px;\">Avantage :<\/span><\/strong><\/td>\n<td style=\"border: 1px solid #707070; width: 553.337px;\">\n<p style=\"margin: 0px; padding: 0px;\"><span style=\"font-family: arial, helvetica, sans-serif; font-size: 14px;\">1) Service unique pour la pierre ;<\/span><\/p>\n<p style=\"margin: 0px; padding: 0px;\"><span style=\"font-family: arial, helvetica, sans-serif; font-size: 14px;\">2) poss\u00e8dent 3 carri\u00e8res et 9 usines ;<\/span><\/p>\n<p style=\"margin: 0px; padding: 0px;\"><span style=\"font-family: arial, helvetica, sans-serif; font-size: 14px;\">3) Des supports technologiques de pointe.<\/span><\/p>\n<\/td>\n<\/tr>\n<tr>\n<td style=\"border: 1px solid #707070; width: 159.663px;\"><strong><span style=\"font-family: arial, helvetica, sans-serif; font-size: 14px;\">Assurance de la qualit\u00e9 et de la livraison :\u00a0<\/span><\/strong><\/td>\n<td style=\"border: 1px solid #707070; width: 553.337px;\">\n<p style=\"margin: 0px; padding: 0px;\"><span style=\"font-size: 14px;\">Tout au long du processus de production, du choix des mat\u00e9riaux \u00e0 l'emballage en passant par la fabrication, notre service de contr\u00f4le de la qualit\u00e9 contr\u00f4le rigoureusement chaque pi\u00e8ce et chaque processus afin de garantir le respect des normes de qualit\u00e9 et le respect des d\u00e9lais de livraison.<\/span><\/p>\n<\/td>\n<\/tr>\n<\/tbody>\n<\/table>\n<p><img loading=\"lazy\" decoding=\"async\" class=\"alignnone size-full wp-image-25453\" src=\"http:\/\/stone-phoenix.com\/wp-content\/uploads\/2023\/12\/White-Marble-Slab-Grade-Natural-Marble-China-4.jpg\" alt=\"\" width=\"1114\" height=\"721\" srcset=\"https:\/\/stone-phoenix.com\/wp-content\/uploads\/2023\/12\/White-Marble-Slab-Grade-Natural-Marble-China-4.jpg 1114w, https:\/\/stone-phoenix.com\/wp-content\/uploads\/2023\/12\/White-Marble-Slab-Grade-Natural-Marble-China-4-300x194.jpg 300w, https:\/\/stone-phoenix.com\/wp-content\/uploads\/2023\/12\/White-Marble-Slab-Grade-Natural-Marble-China-4-1024x663.jpg 1024w, https:\/\/stone-phoenix.com\/wp-content\/uploads\/2023\/12\/White-Marble-Slab-Grade-Natural-Marble-China-4-768x497.jpg 768w, https:\/\/stone-phoenix.com\/wp-content\/uploads\/2023\/12\/White-Marble-Slab-Grade-Natural-Marble-China-4-18x12.jpg 18w, https:\/\/stone-phoenix.com\/wp-content\/uploads\/2023\/12\/White-Marble-Slab-Grade-Natural-Marble-China-4-600x388.jpg 600w, https:\/\/stone-phoenix.com\/wp-content\/uploads\/2023\/12\/White-Marble-Slab-Grade-Natural-Marble-China-4-150x97.jpg 150w\" sizes=\"(max-width: 1114px) 100vw, 1114px\" \/><\/p>\n<\/div>\n<\/div>\n<\/div>","protected":false},"excerpt":{"rendered":"<p>White Marble Slab Grade Natural Marble China Palissandro White marble slab is a high-quality, fine-grained white marble that blends naturally<\/p>","protected":false},"featured_media":25449,"template":"","meta":[],"product_cat":[113],"product_tag":[],"_links":{"self":[{"href":"https:\/\/stone-phoenix.com\/fr\/wp-json\/wp\/v2\/product\/22062"}],"collection":[{"href":"https:\/\/stone-phoenix.com\/fr\/wp-json\/wp\/v2\/product"}],"about":[{"href":"https:\/\/stone-phoenix.com\/fr\/wp-json\/wp\/v2\/types\/product"}],"wp:featuredmedia":[{"embeddable":true,"href":"https:\/\/stone-phoenix.com\/fr\/wp-json\/wp\/v2\/media\/25449"}],"wp:attachment":[{"href":"https:\/\/stone-phoenix.com\/fr\/wp-json\/wp\/v2\/media?parent=22062"}],"wp:term":[{"taxonomy":"product_cat","embeddable":true,"href":"https:\/\/stone-phoenix.com\/fr\/wp-json\/wp\/v2\/product_cat?post=22062"},{"taxonomy":"product_tag","embeddable":true,"href":"https:\/\/stone-phoenix.com\/fr\/wp-json\/wp\/v2\/product_tag?post=22062"}],"curies":[{"name":"wp","href":"https:\/\/api.w.org\/{rel}","templated":true}]}}