{"id":22077,"date":"2023-12-29T21:54:32","date_gmt":"2023-12-29T13:54:32","guid":{"rendered":"http:\/\/stone-phoenix.com\/product\/white-marble-wall-panel-high-quality-for-interior"},"modified":"2024-03-18T17:04:21","modified_gmt":"2024-03-18T09:04:21","slug":"white-marble-wall-panel-high-quality-for-interior","status":"publish","type":"product","link":"https:\/\/stone-phoenix.com\/fr\/produit\/white-marble-wall-panel-high-quality-for-interior","title":{"rendered":"Panneau mural en marbre blanc de haute qualit\u00e9 pour l'int\u00e9rieur"},"content":{"rendered":"<div id=\"tab-description\" class=\"woocommerce-Tabs-panel woocommerce-Tabs-panel--description panel entry-content wc-tab\" role=\"tabpanel\" aria-labelledby=\"tab-title-description\">\n<h2>panneau mural en marbre blanc pour l'int\u00e9rieur dalle de marbre blanc mugla de Turquie de haute qualit\u00e9<\/h2>\n<p>Le marbre blanc est une pierre unique de haute qualit\u00e9 qui se marie bien avec d'autres pierres. Fabriqu\u00e9 \u00e0 partir du mat\u00e9riau naturel 100%, il pr\u00e9sente un aspect doux et \u00e9l\u00e9gant qui peut \u00eatre utilis\u00e9 dans n'importe quel cadre.<\/p>\n<p>De la table au bureau, cette pierre est disponible en finition polie ou adoucie. Ce produit convient parfaitement \u00e0 la d\u00e9coration int\u00e9rieure, au d\u00e9veloppement de produits et \u00e0 l'utilisation quotidienne.<\/p>\n<p>C'est un mat\u00e9riau qui se r\u00e9chauffe naturellement avec l'\u00e2ge, transformant les maisons en havres de paix confortables et magnifiques, pleins de caract\u00e8re et de charme. Chaque surface brille \u00e0 la lumi\u00e8re. La teneur en min\u00e9raux est diff\u00e9rente pour chaque pierre, ce qui signifie qu'elle n'a pas tout \u00e0 fait les m\u00eames effets que ses homologues jaunes.<\/p>\n<p>L'aspect de notre marbre blanc est proche de celui de notre pierre la plus populaire, mais il n'est pas exact. Il a un ton l\u00e9g\u00e8rement plus chaud et une apparence moins grasse que notre produit.<\/p>\n<p>L\u00e9ger et a\u00e9r\u00e9, ce produit est un excellent moyen de cr\u00e9er un look cool et raffin\u00e9 dans n'importe quelle pi\u00e8ce.Si vous \u00eates int\u00e9ress\u00e9 par nos produits, vous pouvez <a href=\"https:\/\/longtopstone.com\/contact\/\">nous contacter<\/a> \u00e0 tout moment.<\/p>\n<div id=\"ali-anchor-AliPostDhMb-qkngg\" style=\"padding-top: 8px;\" data-section=\"AliPostDhMb-qkngg\" data-section-title=\"Product Description\">\n<div id=\"ali-title-AliPostDhMb-qkngg\" style=\"padding: 8px 0; border-bottom: 1px solid #ddd;\"><span style=\"background-color: #ddd; color: #333; font-weight: bold; padding: 8px 10px; line-height: 12px;\">Description du produit<\/span><\/div>\n<div style=\"padding: 10px 0;\">\n<table class=\"aliDataTable\" style=\"color: #000000; font-family: Arial; font-size: 12px; font-style: normal; font-weight: 400; background-color: #ffffff; width: 746.066px; height: 226px; border: 1px solid #b3b3b3;\">\n<tbody>\n<tr style=\"height: 21px;\">\n<td style=\"border: 1px solid #b3b3b3; width: 162px;\"><strong><span style=\"font-family: arial, helvetica, sans-serif; font-size: 14px;\">Nom du produit :<\/span><\/strong><\/td>\n<td style=\"border: 1px solid #b3b3b3; width: 595.066px;\">Panneau mural en marbre blanc de haute qualit\u00e9 pour l'int\u00e9rieur<\/td>\n<\/tr>\n<tr style=\"height: 21px;\">\n<td style=\"border: 1px solid #b3b3b3; width: 162px;\"><strong><span style=\"font-family: arial, helvetica, sans-serif; font-size: 14px;\">Mat\u00e9riau :<\/span><\/strong><\/td>\n<td style=\"border: 1px solid #b3b3b3; width: 595.066px;\"><span style=\"font-family: arial, helvetica, sans-serif; font-size: 14px;\">Marbre<\/span><\/td>\n<\/tr>\n<tr style=\"height: 21px;\">\n<td style=\"border: 1px solid #b3b3b3; width: 162px;\"><strong><span style=\"font-family: arial, helvetica, sans-serif; font-size: 14px;\">Couleur :<\/span><\/strong><\/td>\n<td style=\"border: 1px solid #b3b3b3; width: 595.066px;\"><span style=\"font-family: arial, helvetica, sans-serif; font-size: 14px;\">Blanc, beige, noir, marron, gris, rouge, vert, bleu, etc.<\/span><\/td>\n<\/tr>\n<tr style=\"height: 21px;\">\n<td style=\"border: 1px solid #b3b3b3; width: 162px;\" rowspan=\"3\"><strong><span style=\"font-family: arial, helvetica, sans-serif; font-size: 14px;\">Taille :<\/span><\/strong><\/td>\n<td style=\"border: 1px solid #b3b3b3; width: 595.066px;\"><span style=\"font-family: arial, helvetica, sans-serif; font-size: 14px;\"><span style=\"text-decoration: underline;\">Carreaux disponibles<\/span> <\/span><br \/>\n<span style=\"font-family: arial, helvetica, sans-serif; font-size: 14px;\">12\u2032 X 12\u2033,24\u2032 X 24\u2033,12\u2032 X 24\u2033,etc 300x300mm,300x600mm,400x400mm,600x600mm,600\u00d71200,800\u00d7800,etc<\/span><\/td>\n<\/tr>\n<tr style=\"height: 21px;\">\n<td style=\"border: 1px solid #b3b3b3; width: 595.066px;\"><span style=\"font-family: arial, helvetica, sans-serif; font-size: 14px;\"><span style=\"text-decoration: underline;\">Grandes dalles disponibles<\/span>\u00a0 \u00a0 \u00a0 \u00a0 \u00a0 \u00a0 \u00a0 \u00a0 \u00a0 \u00a0 \u00a0 \u00a0 \u00a0 \u00a0 \u00a0 \u00a0 \u00a0 \u00a0 \u00a0 \u00a0 \u00a0 \u00a0 \u00a0 \u00a0 \u00a0 \u00a0 \u00a0 \u00a0 \u00a0 \u00a0 \u00a0 \u00a0 \u00a0 \u00a0 \u00a0 \u00a0 \u00a0 \u00a0 \u00a0 \u00a0 \u00a0 \u00a0 \u00a0 \u00a0 \u00a0 \u00a0 \u00a0 \u00a0 \u00a0 \u00a0 \u00a0 \u00a0 \u00a0 240cmUpx120UP<\/span><\/td>\n<\/tr>\n<tr style=\"height: 21px;\">\n<td style=\"border: 1px solid #b3b3b3; width: 595.066px;\"><span style=\"font-family: arial, helvetica, sans-serif; font-size: 14px;\">Des sp\u00e9cifications personnalis\u00e9es sont disponibles<\/span><\/td>\n<\/tr>\n<tr style=\"height: 21px;\">\n<td style=\"border: 1px solid #b3b3b3; width: 162px;\"><strong><span style=\"font-family: arial, helvetica, sans-serif; font-size: 14px;\">Tol\u00e9rance d'\u00e9paisseur :<\/span><\/strong><\/td>\n<td style=\"border: 1px solid #b3b3b3; width: 595.066px;\"><span style=\"font-size: 14px; font-family: arial, helvetica, sans-serif;\">\u00b10,05mm, \u00b11mm, \u00b11,5mm, \u00b12mm, selon les exigences de qualit\u00e9 du client<\/span><\/td>\n<\/tr>\n<tr style=\"height: 21px;\">\n<td style=\"border: 1px solid #b3b3b3; width: 162px;\"><strong><span style=\"font-family: arial, helvetica, sans-serif; font-size: 14px;\">Surface :<\/span><\/strong><\/td>\n<td style=\"border: 1px solid #b3b3b3; width: 595.066px;\"><span style=\"font-size: 14px; font-family: arial, helvetica, sans-serif;\">Poli, adouci, assorti au livre, antique, rainur\u00e9, bross\u00e9, d\u00e9cap\u00e9, sabl\u00e9, jet d'eau, etc.<\/span><\/td>\n<\/tr>\n<tr style=\"height: auto;\">\n<td style=\"border: 1px solid #b3b3b3; width: 162px;\"><strong><span style=\"font-family: arial, helvetica, sans-serif; font-size: 14px;\">Emballage :<\/span><\/strong><\/td>\n<td style=\"border: 1px solid #b3b3b3; width: 595.066px;\"><span style=\"font-family: arial, helvetica, sans-serif; font-size: 14px;\"> Fardeaux et caisses en bois en \u00e9tat de navigabilit\u00e9<\/span><\/td>\n<\/tr>\n<tr style=\"height: 21px;\">\n<td style=\"border: 1px solid #b3b3b3; width: 162px;\"><strong><span style=\"font-family: arial, helvetica, sans-serif; font-size: 14px;\">Application :<\/span><\/strong><\/td>\n<td style=\"border: 1px solid #b3b3b3; width: 595.066px;\"><span style=\"font-family: arial, helvetica, sans-serif; font-size: 14px;\">Mur int\u00e9rieur, sol, plinthe, mur de fond, comptoir, escalier, etc.<\/span><\/td>\n<\/tr>\n<tr style=\"height: 21px;\">\n<td style=\"border: 1px solid #b3b3b3; width: 162px;\"><strong><span style=\"font-family: arial, helvetica, sans-serif; font-size: 14px;\">D\u00e9lai de livraison :<\/span><\/strong><\/td>\n<td style=\"border: 1px solid #b3b3b3; width: 595.066px;\"><span style=\"font-family: arial, helvetica, sans-serif; font-size: 14px;\"> 15-20 jours pour les tailles normales<\/span><\/td>\n<\/tr>\n<tr style=\"height: 21px;\">\n<td style=\"border: 1px solid #b3b3b3; width: 162px;\"><strong><span style=\"font-family: arial, helvetica, sans-serif; font-size: 14px;\">Certificat :<\/span><\/strong><\/td>\n<td style=\"border: 1px solid #b3b3b3; width: 595.066px;\"><span style=\"font-family: arial, helvetica, sans-serif; font-size: 14px;\">CE, SGS<\/span><\/td>\n<\/tr>\n<tr style=\"height: 21px;\">\n<td style=\"border: 1px solid #b3b3b3; width: 162px;\"><strong><span style=\"font-family: arial, helvetica, sans-serif; font-size: 14px;\">Conditions de paiement :<\/span><\/strong><\/td>\n<td style=\"border: 1px solid #b3b3b3; width: 595.066px;\"><span style=\"font-family: arial, helvetica, sans-serif; font-size: 14px;\">T\/T, L\/C, D\/P<\/span><\/td>\n<\/tr>\n<tr style=\"height: 42px;\">\n<td style=\"border: 1px solid #b3b3b3; width: 162px;\"><strong><span style=\"font-family: arial, helvetica, sans-serif; font-size: 14px;\">Avantage :<\/span><\/strong><\/td>\n<td style=\"border: 1px solid #b3b3b3; width: 595.066px;\"><span style=\"font-family: arial, helvetica, sans-serif; font-size: 14px;\">1) Service unique pour la pierre ;<\/span><\/p>\n<p><span style=\"font-family: arial, helvetica, sans-serif; font-size: 14px;\">2) Poss\u00e9der 3 carri\u00e8res et 9 usines ;<\/span><\/p>\n<p><span style=\"font-family: arial, helvetica, sans-serif; font-size: 14px;\">3) Des supports technologiques de pointe.<\/span><\/td>\n<\/tr>\n<tr style=\"height: 42px;\">\n<td style=\"border: 1px solid #b3b3b3; width: 162px;\"><strong><span style=\"font-family: arial, helvetica, sans-serif; font-size: 14px;\">Assurance de la qualit\u00e9 et de la livraison :\u00a0<\/span><\/strong><\/td>\n<td style=\"border: 1px solid #b3b3b3; width: 595.066px;\"><span style=\"font-family: arial, helvetica, sans-serif; font-size: 14px;\">Tout au long du processus de production, du choix des mat\u00e9riaux \u00e0 l'emballage en passant par la fabrication, notre service de contr\u00f4le de la qualit\u00e9 contr\u00f4le rigoureusement chaque pi\u00e8ce et chaque processus afin de garantir le respect des normes de qualit\u00e9 et le respect des d\u00e9lais de livraison.<\/span><\/td>\n<\/tr>\n<\/tbody>\n<\/table>\n<p><img loading=\"lazy\" decoding=\"async\" class=\"alignnone  wp-image-25419\" src=\"http:\/\/stone-phoenix.com\/wp-content\/uploads\/2023\/12\/White-Marble-Wall-Panel-High-Quality-For-interior-8-1.jpg\" alt=\"\" width=\"954\" height=\"775\" srcset=\"https:\/\/stone-phoenix.com\/wp-content\/uploads\/2023\/12\/White-Marble-Wall-Panel-High-Quality-For-interior-8-1.jpg 865w, https:\/\/stone-phoenix.com\/wp-content\/uploads\/2023\/12\/White-Marble-Wall-Panel-High-Quality-For-interior-8-1-300x244.jpg 300w, https:\/\/stone-phoenix.com\/wp-content\/uploads\/2023\/12\/White-Marble-Wall-Panel-High-Quality-For-interior-8-1-768x624.jpg 768w, https:\/\/stone-phoenix.com\/wp-content\/uploads\/2023\/12\/White-Marble-Wall-Panel-High-Quality-For-interior-8-1-15x12.jpg 15w, https:\/\/stone-phoenix.com\/wp-content\/uploads\/2023\/12\/White-Marble-Wall-Panel-High-Quality-For-interior-8-1-600x488.jpg 600w, https:\/\/stone-phoenix.com\/wp-content\/uploads\/2023\/12\/White-Marble-Wall-Panel-High-Quality-For-interior-8-1-150x122.jpg 150w\" sizes=\"(max-width: 954px) 100vw, 954px\" \/><br \/>\n<img loading=\"lazy\" decoding=\"async\" class=\"alignnone size-full wp-image-25421\" src=\"http:\/\/stone-phoenix.com\/wp-content\/uploads\/2023\/12\/White-Marble-Wall-Panel-High-Quality-For-interior-7.jpg\" alt=\"\" width=\"1104\" height=\"715\" srcset=\"https:\/\/stone-phoenix.com\/wp-content\/uploads\/2023\/12\/White-Marble-Wall-Panel-High-Quality-For-interior-7.jpg 1104w, https:\/\/stone-phoenix.com\/wp-content\/uploads\/2023\/12\/White-Marble-Wall-Panel-High-Quality-For-interior-7-300x194.jpg 300w, https:\/\/stone-phoenix.com\/wp-content\/uploads\/2023\/12\/White-Marble-Wall-Panel-High-Quality-For-interior-7-1024x663.jpg 1024w, https:\/\/stone-phoenix.com\/wp-content\/uploads\/2023\/12\/White-Marble-Wall-Panel-High-Quality-For-interior-7-768x497.jpg 768w, https:\/\/stone-phoenix.com\/wp-content\/uploads\/2023\/12\/White-Marble-Wall-Panel-High-Quality-For-interior-7-18x12.jpg 18w, https:\/\/stone-phoenix.com\/wp-content\/uploads\/2023\/12\/White-Marble-Wall-Panel-High-Quality-For-interior-7-600x389.jpg 600w, https:\/\/stone-phoenix.com\/wp-content\/uploads\/2023\/12\/White-Marble-Wall-Panel-High-Quality-For-interior-7-150x97.jpg 150w\" sizes=\"(max-width: 1104px) 100vw, 1104px\" \/><br \/>\n<img loading=\"lazy\" decoding=\"async\" class=\"alignnone  wp-image-25422\" src=\"http:\/\/stone-phoenix.com\/wp-content\/uploads\/2023\/12\/White-Marble-Wall-Panel-High-Quality-For-interior-3-1.jpg\" alt=\"\" width=\"955\" height=\"755\" srcset=\"https:\/\/stone-phoenix.com\/wp-content\/uploads\/2023\/12\/White-Marble-Wall-Panel-High-Quality-For-interior-3-1.jpg 691w, https:\/\/stone-phoenix.com\/wp-content\/uploads\/2023\/12\/White-Marble-Wall-Panel-High-Quality-For-interior-3-1-300x237.jpg 300w, https:\/\/stone-phoenix.com\/wp-content\/uploads\/2023\/12\/White-Marble-Wall-Panel-High-Quality-For-interior-3-1-15x12.jpg 15w, https:\/\/stone-phoenix.com\/wp-content\/uploads\/2023\/12\/White-Marble-Wall-Panel-High-Quality-For-interior-3-1-600x474.jpg 600w, https:\/\/stone-phoenix.com\/wp-content\/uploads\/2023\/12\/White-Marble-Wall-Panel-High-Quality-For-interior-3-1-150x119.jpg 150w\" sizes=\"(max-width: 955px) 100vw, 955px\" \/><br \/>\n<img loading=\"lazy\" decoding=\"async\" class=\"alignnone  wp-image-25423\" src=\"http:\/\/stone-phoenix.com\/wp-content\/uploads\/2023\/12\/White-Marble-Wall-Panel-High-Quality-For-interior-5.jpg\" alt=\"\" width=\"951\" height=\"930\" srcset=\"https:\/\/stone-phoenix.com\/wp-content\/uploads\/2023\/12\/White-Marble-Wall-Panel-High-Quality-For-interior-5.jpg 690w, https:\/\/stone-phoenix.com\/wp-content\/uploads\/2023\/12\/White-Marble-Wall-Panel-High-Quality-For-interior-5-300x293.jpg 300w, https:\/\/stone-phoenix.com\/wp-content\/uploads\/2023\/12\/White-Marble-Wall-Panel-High-Quality-For-interior-5-12x12.jpg 12w, https:\/\/stone-phoenix.com\/wp-content\/uploads\/2023\/12\/White-Marble-Wall-Panel-High-Quality-For-interior-5-600x587.jpg 600w, https:\/\/stone-phoenix.com\/wp-content\/uploads\/2023\/12\/White-Marble-Wall-Panel-High-Quality-For-interior-5-150x147.jpg 150w\" sizes=\"(max-width: 951px) 100vw, 951px\" \/><\/p>\n<p>Vous pouvez aussi aimer<a href=\"https:\/\/longtopstone.com\/product\/lincoln-white-marble\/\">&gt;&gt;&gt;<\/a><\/p>\n<\/div>\n<\/div>\n<\/div>","protected":false},"excerpt":{"rendered":"<p>white marble wall panel for interior high quality turkey mugla white marble slab White marble is a unique, high-quality stone<\/p>","protected":false},"featured_media":25414,"template":"","meta":[],"product_cat":[113],"product_tag":[],"_links":{"self":[{"href":"https:\/\/stone-phoenix.com\/fr\/wp-json\/wp\/v2\/product\/22077"}],"collection":[{"href":"https:\/\/stone-phoenix.com\/fr\/wp-json\/wp\/v2\/product"}],"about":[{"href":"https:\/\/stone-phoenix.com\/fr\/wp-json\/wp\/v2\/types\/product"}],"wp:featuredmedia":[{"embeddable":true,"href":"https:\/\/stone-phoenix.com\/fr\/wp-json\/wp\/v2\/media\/25414"}],"wp:attachment":[{"href":"https:\/\/stone-phoenix.com\/fr\/wp-json\/wp\/v2\/media?parent=22077"}],"wp:term":[{"taxonomy":"product_cat","embeddable":true,"href":"https:\/\/stone-phoenix.com\/fr\/wp-json\/wp\/v2\/product_cat?post=22077"},{"taxonomy":"product_tag","embeddable":true,"href":"https:\/\/stone-phoenix.com\/fr\/wp-json\/wp\/v2\/product_tag?post=22077"}],"curies":[{"name":"wp","href":"https:\/\/api.w.org\/{rel}","templated":true}]}}