{"id":22083,"date":"2023-12-29T21:54:58","date_gmt":"2023-12-29T13:54:58","guid":{"rendered":"http:\/\/stone-phoenix.com\/product\/white-marble-with-red-vein-wholesale-red-veined-marble"},"modified":"2024-03-18T16:36:30","modified_gmt":"2024-03-18T08:36:30","slug":"white-marble-with-red-vein-wholesale-red-veined-marble","status":"publish","type":"product","link":"https:\/\/stone-phoenix.com\/fr\/produit\/white-marble-with-red-vein-wholesale-red-veined-marble","title":{"rendered":"marbre blanc vein\u00e9 de rouge grossiste marbre vein\u00e9 de rouge"},"content":{"rendered":"<div id=\"tab-description\" class=\"woocommerce-Tabs-panel woocommerce-Tabs-panel--description panel entry-content wc-tab\" role=\"tabpanel\" aria-labelledby=\"tab-title-description\">\n<div id=\"ali-anchor-AliPostDhMb-fqceq\" style=\"padding-top: 8px;\" data-section=\"AliPostDhMb-fqceq\" data-section-title=\"Product Description\">\n<h1>marbre blanc vein\u00e9 de rouge grossiste marbre vein\u00e9 de rouge<\/h1>\n<p>Le marbre blanc vein\u00e9 de rouge est un m\u00e9lange parfait de classe et d'\u00e9l\u00e9gance. Sa texture lisse et son grain fin font de ce produit un excellent choix pour les plans de travail, les dosserets et les sols de salle de bains.Notre marbre blanc vein\u00e9 de rouge est un marbre disponible en dalles ou en carreaux de grand format.<\/p>\n<p>Ce magnifique carreau blanc est travers\u00e9 par une l\u00e9g\u00e8re veine rouge, ce qui lui donne une dimension suppl\u00e9mentaire de profondeur. Il est disponible en pi\u00e8ces individuelles pour les rev\u00eatements de sol ou muraux, ou en dalles plus grandes pour les tables basses, les plans de travail et autres.<\/p>\n<p>Obtenez l'aspect chaud et terreux du marbre blanc sans l'entretien n\u00e9cessaire, gr\u00e2ce \u00e0 sa surface facile \u00e0 nettoyer et \u00e0 sa r\u00e9sistance aux rayures, aux taches et aux odeurs.<\/p>\n<p>En quelques \u00e9tapes simples, cet \u00e9l\u00e9gant comptoir en marbre gris et blanc peut \u00eatre install\u00e9 dans votre cuisine ou votre salle de bain, et sa combinaison est un choix classique qui ajoute une touche d'\u00e9l\u00e9gance \u00e0 n'importe quel d\u00e9cor.<\/p>\n<p>Les veines naturelles du marbre ajoutent de la dimension et du caract\u00e8re \u00e0 cette pierre intemporelle. Il est si doux, si chaud et si pur. Les veines vous donneront l'impression d'\u00eatre au paradis.<\/p>\n<p>Ce magnifique marbre blanc est accentu\u00e9 par de fines veines rouges, cr\u00e9ant un \u00e9quilibre parfait entre douceur et structure. Il est parfait pour cr\u00e9er de superbes armoires de cuisine et de salle de bains, des entourages de chemin\u00e9e, ou simplement pour l'exposer en tant que pi\u00e8ce ma\u00eetresse.<\/p>\n<div id=\"ali-title-AliPostDhMb-fqceq\" style=\"padding: 8px 0; border-bottom: 1px solid #ddd;\"><span style=\"background-color: #ddd; color: #333; font-weight: bold; padding: 8px 10px; line-height: 12px;\">Description du produit<\/span><\/div>\n<div style=\"padding: 10px 0;\">\n<table class=\"aliDataTable\" style=\"color: #000000; font-family: Arial; font-size: 12px; font-style: normal; font-weight: 400; background-color: #ffffff; width: 698px; height: 226px; border: 1px solid #b3b3b3;\">\n<tbody>\n<tr style=\"height: 21px;\">\n<td style=\"border: 1px solid #b3b3b3; width: 162px;\"><strong><span style=\"font-family: arial, helvetica, sans-serif; font-size: 14px;\">Nom du produit :<\/span><\/strong><\/td>\n<td style=\"border: 1px solid #b3b3b3; width: 545px;\"><span style=\"font-family: arial, helvetica, sans-serif; font-size: 14px;\">Marbre divers<\/span><\/td>\n<\/tr>\n<tr style=\"height: 21px;\">\n<td style=\"border: 1px solid #b3b3b3; width: 162px;\"><strong><span style=\"font-family: arial, helvetica, sans-serif; font-size: 14px;\">Mat\u00e9riau :<\/span><\/strong><\/td>\n<td style=\"border: 1px solid #b3b3b3; width: 545px;\"><span style=\"font-family: arial, helvetica, sans-serif; font-size: 14px;\">Marbre<\/span><\/td>\n<\/tr>\n<tr style=\"height: 21px;\">\n<td style=\"border: 1px solid #b3b3b3; width: 162px;\"><strong><span style=\"font-family: arial, helvetica, sans-serif; font-size: 14px;\">Couleur :<\/span><\/strong><\/td>\n<td style=\"border: 1px solid #b3b3b3; width: 545px;\"><span style=\"font-family: arial, helvetica, sans-serif; font-size: 14px;\">Blanc, beige, noir, marron, gris, rouge, vert, bleu, etc.<\/span><\/td>\n<\/tr>\n<tr style=\"height: 21px;\">\n<td style=\"border: 1px solid #b3b3b3; width: 162px;\" rowspan=\"3\"><strong><span style=\"font-family: arial, helvetica, sans-serif; font-size: 14px;\">Taille :<\/span><\/strong><\/td>\n<td style=\"border: 1px solid #b3b3b3; width: 545px;\"><span style=\"font-family: arial, helvetica, sans-serif; font-size: 14px;\"><span style=\"text-decoration: underline;\">Carreaux disponibles<\/span> <\/span><br \/>\n<span style=\"font-family: arial, helvetica, sans-serif; font-size: 14px;\">12\u2032 X 12\u2033,24\u2032 X 24\u2033,12\u2032 X 24\u2033,etc 300x300mm,300x600mm,400x400mm,600x600mm,600\u00d71200,800\u00d7800,etc<\/span><\/td>\n<\/tr>\n<tr style=\"height: 21px;\">\n<td style=\"border: 1px solid #b3b3b3; width: 545px;\"><span style=\"font-family: arial, helvetica, sans-serif; font-size: 14px;\"><span style=\"text-decoration: underline;\">Grandes dalles disponibles<\/span>\u00a0 \u00a0 \u00a0 \u00a0 \u00a0 \u00a0 \u00a0 \u00a0 \u00a0 \u00a0 \u00a0 \u00a0 \u00a0 \u00a0 \u00a0 \u00a0 \u00a0 \u00a0 \u00a0 \u00a0 \u00a0 \u00a0 \u00a0 \u00a0 \u00a0 \u00a0 \u00a0 \u00a0 \u00a0 \u00a0 \u00a0 \u00a0 \u00a0 \u00a0 \u00a0 \u00a0 \u00a0 \u00a0 \u00a0 \u00a0 \u00a0 \u00a0 \u00a0 \u00a0 \u00a0 \u00a0 \u00a0 \u00a0 \u00a0 \u00a0 \u00a0 \u00a0 \u00a0 240cmUpx120UP<\/span><\/td>\n<\/tr>\n<tr style=\"height: 21px;\">\n<td style=\"border: 1px solid #b3b3b3; width: 545px;\"><span style=\"font-family: arial, helvetica, sans-serif; font-size: 14px;\">Des sp\u00e9cifications personnalis\u00e9es sont disponibles<\/span><\/td>\n<\/tr>\n<tr style=\"height: 21px;\">\n<td style=\"border: 1px solid #b3b3b3; width: 162px;\"><strong><span style=\"font-family: arial, helvetica, sans-serif; font-size: 14px;\">Tol\u00e9rance d'\u00e9paisseur :<\/span><\/strong><\/td>\n<td style=\"border: 1px solid #b3b3b3; width: 545px;\"><span style=\"font-size: 14px; font-family: arial, helvetica, sans-serif;\">\u00b10,05mm, \u00b11mm, \u00b11,5mm, \u00b12mm, selon les exigences de qualit\u00e9 du client<\/span><\/td>\n<\/tr>\n<tr style=\"height: 21px;\">\n<td style=\"border: 1px solid #b3b3b3; width: 162px;\"><strong><span style=\"font-family: arial, helvetica, sans-serif; font-size: 14px;\">Surface :<\/span><\/strong><\/td>\n<td style=\"border: 1px solid #b3b3b3; width: 545px;\"><span style=\"font-size: 14px; font-family: arial, helvetica, sans-serif;\">Poli, adouci, assorti au livre, antique, rainur\u00e9, bross\u00e9, d\u00e9cap\u00e9, sabl\u00e9, jet d'eau, etc.<\/span><\/td>\n<\/tr>\n<tr style=\"height: auto;\">\n<td style=\"border: 1px solid #b3b3b3; width: 162px;\"><strong><span style=\"font-family: arial, helvetica, sans-serif; font-size: 14px;\">Emballage :<\/span><\/strong><\/td>\n<td style=\"border: 1px solid #b3b3b3; width: 545px;\"><span style=\"font-family: arial, helvetica, sans-serif; font-size: 14px;\"> Fardeaux et caisses en bois en \u00e9tat de navigabilit\u00e9<\/span><\/td>\n<\/tr>\n<tr style=\"height: 21px;\">\n<td style=\"border: 1px solid #b3b3b3; width: 162px;\"><strong><span style=\"font-family: arial, helvetica, sans-serif; font-size: 14px;\">Application :<\/span><\/strong><\/td>\n<td style=\"border: 1px solid #b3b3b3; width: 545px;\"><span style=\"font-family: arial, helvetica, sans-serif; font-size: 14px;\">Mur int\u00e9rieur, sol, plinthe, mur de fond, comptoir, escalier, etc.<\/span><\/td>\n<\/tr>\n<tr style=\"height: 21px;\">\n<td style=\"border: 1px solid #b3b3b3; width: 162px;\"><strong><span style=\"font-family: arial, helvetica, sans-serif; font-size: 14px;\">D\u00e9lai de livraison :<\/span><\/strong><\/td>\n<td style=\"border: 1px solid #b3b3b3; width: 545px;\"><span style=\"font-family: arial, helvetica, sans-serif; font-size: 14px;\"> 15-20 jours pour les tailles normales<\/span><\/td>\n<\/tr>\n<tr style=\"height: 21px;\">\n<td style=\"border: 1px solid #b3b3b3; width: 162px;\"><strong><span style=\"font-family: arial, helvetica, sans-serif; font-size: 14px;\">Certificat :<\/span><\/strong><\/td>\n<td style=\"border: 1px solid #b3b3b3; width: 545px;\"><span style=\"font-family: arial, helvetica, sans-serif; font-size: 14px;\">CE, SGS<\/span><\/td>\n<\/tr>\n<tr style=\"height: 21px;\">\n<td style=\"border: 1px solid #b3b3b3; width: 162px;\"><strong><span style=\"font-family: arial, helvetica, sans-serif; font-size: 14px;\">Conditions de paiement :<\/span><\/strong><\/td>\n<td style=\"border: 1px solid #b3b3b3; width: 545px;\"><span style=\"font-family: arial, helvetica, sans-serif; font-size: 14px;\">T\/T, L\/C, D\/P<\/span><\/td>\n<\/tr>\n<tr style=\"height: 42px;\">\n<td style=\"border: 1px solid #b3b3b3; width: 162px;\"><strong><span style=\"font-family: arial, helvetica, sans-serif; font-size: 14px;\">Avantage :<\/span><\/strong><\/td>\n<td style=\"border: 1px solid #b3b3b3; width: 545px;\"><span style=\"font-family: arial, helvetica, sans-serif; font-size: 14px;\">1) Service unique pour la pierre ;<\/span><\/p>\n<p><span style=\"font-family: arial, helvetica, sans-serif; font-size: 14px;\">2) Poss\u00e9der 3 carri\u00e8res et 9 usines ;<\/span><\/p>\n<p><span style=\"font-family: arial, helvetica, sans-serif; font-size: 14px;\">3) Des supports technologiques de pointe.<\/span><\/td>\n<\/tr>\n<tr style=\"height: 42px;\">\n<td style=\"border: 1px solid #b3b3b3; width: 162px;\"><strong><span style=\"font-family: arial, helvetica, sans-serif; font-size: 14px;\">Assurance de la qualit\u00e9 et de la livraison :\u00a0<\/span><\/strong><\/td>\n<td style=\"border: 1px solid #b3b3b3; width: 545px;\"><span style=\"font-family: arial, helvetica, sans-serif; font-size: 14px;\">Tout au long du processus de production, du choix des mat\u00e9riaux \u00e0 l'emballage en passant par la fabrication, notre service de contr\u00f4le de la qualit\u00e9 contr\u00f4le rigoureusement chaque pi\u00e8ce et chaque processus afin de garantir le respect des normes de qualit\u00e9 et le respect des d\u00e9lais de livraison.<\/span><\/td>\n<\/tr>\n<\/tbody>\n<\/table>\n<p><img loading=\"lazy\" decoding=\"async\" class=\"alignnone  wp-image-25412\" src=\"http:\/\/stone-phoenix.com\/wp-content\/uploads\/2023\/12\/white-marble-with-red-vein-wholesale-red-veined-marble-2-1.jpg\" alt=\"\" width=\"957\" height=\"886\" srcset=\"https:\/\/stone-phoenix.com\/wp-content\/uploads\/2023\/12\/white-marble-with-red-vein-wholesale-red-veined-marble-2-1.jpg 697w, https:\/\/stone-phoenix.com\/wp-content\/uploads\/2023\/12\/white-marble-with-red-vein-wholesale-red-veined-marble-2-1-300x278.jpg 300w, https:\/\/stone-phoenix.com\/wp-content\/uploads\/2023\/12\/white-marble-with-red-vein-wholesale-red-veined-marble-2-1-13x12.jpg 13w, https:\/\/stone-phoenix.com\/wp-content\/uploads\/2023\/12\/white-marble-with-red-vein-wholesale-red-veined-marble-2-1-600x555.jpg 600w, https:\/\/stone-phoenix.com\/wp-content\/uploads\/2023\/12\/white-marble-with-red-vein-wholesale-red-veined-marble-2-1-150x139.jpg 150w\" sizes=\"(max-width: 957px) 100vw, 957px\" \/><img loading=\"lazy\" decoding=\"async\" class=\"alignnone  wp-image-25413\" src=\"http:\/\/stone-phoenix.com\/wp-content\/uploads\/2023\/12\/white-marble-with-red-vein-wholesale-red-veined-marble-10.jpg\" alt=\"\" width=\"956\" height=\"1177\" srcset=\"https:\/\/stone-phoenix.com\/wp-content\/uploads\/2023\/12\/white-marble-with-red-vein-wholesale-red-veined-marble-10.jpg 831w, https:\/\/stone-phoenix.com\/wp-content\/uploads\/2023\/12\/white-marble-with-red-vein-wholesale-red-veined-marble-10-244x300.jpg 244w, https:\/\/stone-phoenix.com\/wp-content\/uploads\/2023\/12\/white-marble-with-red-vein-wholesale-red-veined-marble-10-768x945.jpg 768w, https:\/\/stone-phoenix.com\/wp-content\/uploads\/2023\/12\/white-marble-with-red-vein-wholesale-red-veined-marble-10-10x12.jpg 10w, https:\/\/stone-phoenix.com\/wp-content\/uploads\/2023\/12\/white-marble-with-red-vein-wholesale-red-veined-marble-10-600x739.jpg 600w, https:\/\/stone-phoenix.com\/wp-content\/uploads\/2023\/12\/white-marble-with-red-vein-wholesale-red-veined-marble-10-150x185.jpg 150w\" sizes=\"(max-width: 956px) 100vw, 956px\" \/><br \/>\n<img loading=\"lazy\" decoding=\"async\" class=\"alignnone  wp-image-25409\" src=\"http:\/\/stone-phoenix.com\/wp-content\/uploads\/2023\/12\/white-marble-with-red-vein-wholesale-red-veined-marble-7.jpg\" alt=\"\" width=\"955\" height=\"688\" srcset=\"https:\/\/stone-phoenix.com\/wp-content\/uploads\/2023\/12\/white-marble-with-red-vein-wholesale-red-veined-marble-7.jpg 693w, https:\/\/stone-phoenix.com\/wp-content\/uploads\/2023\/12\/white-marble-with-red-vein-wholesale-red-veined-marble-7-300x216.jpg 300w, https:\/\/stone-phoenix.com\/wp-content\/uploads\/2023\/12\/white-marble-with-red-vein-wholesale-red-veined-marble-7-18x12.jpg 18w, https:\/\/stone-phoenix.com\/wp-content\/uploads\/2023\/12\/white-marble-with-red-vein-wholesale-red-veined-marble-7-600x432.jpg 600w, https:\/\/stone-phoenix.com\/wp-content\/uploads\/2023\/12\/white-marble-with-red-vein-wholesale-red-veined-marble-7-150x108.jpg 150w\" sizes=\"(max-width: 955px) 100vw, 955px\" \/><br \/>\n<img loading=\"lazy\" decoding=\"async\" class=\"alignnone size-full wp-image-25410\" src=\"http:\/\/stone-phoenix.com\/wp-content\/uploads\/2023\/12\/white-marble-with-red-vein-wholesale-red-veined-marble-9.jpg\" alt=\"\" width=\"1117\" height=\"868\" srcset=\"https:\/\/stone-phoenix.com\/wp-content\/uploads\/2023\/12\/white-marble-with-red-vein-wholesale-red-veined-marble-9.jpg 1117w, https:\/\/stone-phoenix.com\/wp-content\/uploads\/2023\/12\/white-marble-with-red-vein-wholesale-red-veined-marble-9-300x233.jpg 300w, https:\/\/stone-phoenix.com\/wp-content\/uploads\/2023\/12\/white-marble-with-red-vein-wholesale-red-veined-marble-9-1024x796.jpg 1024w, https:\/\/stone-phoenix.com\/wp-content\/uploads\/2023\/12\/white-marble-with-red-vein-wholesale-red-veined-marble-9-768x597.jpg 768w, https:\/\/stone-phoenix.com\/wp-content\/uploads\/2023\/12\/white-marble-with-red-vein-wholesale-red-veined-marble-9-15x12.jpg 15w, https:\/\/stone-phoenix.com\/wp-content\/uploads\/2023\/12\/white-marble-with-red-vein-wholesale-red-veined-marble-9-600x466.jpg 600w, https:\/\/stone-phoenix.com\/wp-content\/uploads\/2023\/12\/white-marble-with-red-vein-wholesale-red-veined-marble-9-150x117.jpg 150w\" sizes=\"(max-width: 1117px) 100vw, 1117px\" \/><\/p>\n<\/div>\n<\/div>\n<\/div>","protected":false},"excerpt":{"rendered":"<p>white marble with red vein wholesale red veined marble White marble with red vein is the perfect blend of class<\/p>","protected":false},"featured_media":25402,"template":"","meta":[],"product_cat":[113],"product_tag":[],"_links":{"self":[{"href":"https:\/\/stone-phoenix.com\/fr\/wp-json\/wp\/v2\/product\/22083"}],"collection":[{"href":"https:\/\/stone-phoenix.com\/fr\/wp-json\/wp\/v2\/product"}],"about":[{"href":"https:\/\/stone-phoenix.com\/fr\/wp-json\/wp\/v2\/types\/product"}],"wp:featuredmedia":[{"embeddable":true,"href":"https:\/\/stone-phoenix.com\/fr\/wp-json\/wp\/v2\/media\/25402"}],"wp:attachment":[{"href":"https:\/\/stone-phoenix.com\/fr\/wp-json\/wp\/v2\/media?parent=22083"}],"wp:term":[{"taxonomy":"product_cat","embeddable":true,"href":"https:\/\/stone-phoenix.com\/fr\/wp-json\/wp\/v2\/product_cat?post=22083"},{"taxonomy":"product_tag","embeddable":true,"href":"https:\/\/stone-phoenix.com\/fr\/wp-json\/wp\/v2\/product_tag?post=22083"}],"curies":[{"name":"wp","href":"https:\/\/api.w.org\/{rel}","templated":true}]}}