{"id":22095,"date":"2023-12-29T21:56:05","date_gmt":"2023-12-29T13:56:05","guid":{"rendered":"http:\/\/stone-phoenix.com\/product\/chinese-marble-tile-suppliers-white-wood-marble"},"modified":"2024-03-18T16:05:21","modified_gmt":"2024-03-18T08:05:21","slug":"chinese-marble-tile-suppliers-white-wood-marble","status":"publish","type":"product","link":"https:\/\/stone-phoenix.com\/fr\/produit\/chinese-marble-tile-suppliers-white-wood-marble","title":{"rendered":"Fournisseurs de carreaux de marbre chinois Marbre en bois blanc"},"content":{"rendered":"<div id=\"tab-description\" class=\"woocommerce-Tabs-panel woocommerce-Tabs-panel--description panel entry-content wc-tab\" role=\"tabpanel\" aria-labelledby=\"tab-title-description\">\n<h2><span style=\"font-size: 18pt;\">Fournisseurs de carreaux de marbre chinois Marbre en bois blanc<\/span><\/h2>\n<p>Avec leur beaut\u00e9 naturelle inh\u00e9rente, les carreaux de marbre chinois sont un choix parfait pour ajouter de l'\u00e9l\u00e9gance, de la sophistication et du luxe \u00e0 n'importe quelle d\u00e9coration int\u00e9rieure. Des marbres blancs et gris classiques aux teintes uniques et exotiques, nos carreaux de marbre chinois pr\u00e9sentent des veines, des tourbillons et des variations qui en font de v\u00e9ritables \u0153uvres d'art. Chaque carreau est m\u00e9ticuleusement fabriqu\u00e9 pour mettre en valeur la beaut\u00e9 naturelle et le caract\u00e8re unique du marbre, cr\u00e9ant ainsi un point focal visuel captivant dans n'importe quel espace.<\/p>\n<p>L'un des principaux avantages de nos carreaux de marbre chinois est leur qualit\u00e9 et leur durabilit\u00e9 exceptionnelles. Le marbre est une pierre naturelle r\u00e9put\u00e9e pour sa r\u00e9sistance et sa long\u00e9vit\u00e9, et nos carreaux de marbre chinois ne font pas exception \u00e0 la r\u00e8gle. Elles sont soigneusement s\u00e9lectionn\u00e9es, trait\u00e9es et finies pour r\u00e9pondre aux normes industrielles les plus strictes, ce qui leur permet de r\u00e9sister \u00e0 l'\u00e9preuve du temps et \u00e0 une utilisation r\u00e9guli\u00e8re. Qu'elles soient utilis\u00e9es comme rev\u00eatement de sol, de mur ou de comptoir, nos dalles de marbre chinoises resteront magnifiques pendant des ann\u00e9es.<\/p>\n<p>Outre leur durabilit\u00e9, nos carreaux de marbre chinois sont incroyablement polyvalents. Ils peuvent \u00eatre utilis\u00e9s dans de nombreux int\u00e9rieurs, notamment dans les cuisines, les salles de bains, les salons et les espaces commerciaux, pour cr\u00e9er une ambiance luxueuse et intemporelle. Nos dalles de marbre peuvent \u00eatre install\u00e9es selon diff\u00e9rents motifs, tels que le chevron, le diamant ou l'hexagone, afin d'ajouter un int\u00e9r\u00eat visuel et de cr\u00e9er un design unique.<\/p>\n<p>L'entretien de nos carreaux de marbre chinois se fait \u00e9galement sans probl\u00e8me. Ils sont faciles \u00e0 nettoyer et n\u00e9cessitent un entretien minimal, ce qui en fait un choix pratique pour les m\u00e9nages occup\u00e9s ou les espaces commerciaux. Un simple coup de balai ou de serpilli\u00e8re humide suffit pour que vos dalles de marbre chinois conservent leur aspect neuf, ce qui vous permet de profiter de leur beaut\u00e9 sans avoir besoin d'un entretien excessif.<\/p>\n<p>En tant que fournisseur de confiance de carreaux de marbre chinois, nous nous engageons \u00e0 fournir des produits de premi\u00e8re qualit\u00e9 et un excellent service \u00e0 la client\u00e8le. Notre \u00e9quipe comp\u00e9tente est toujours disponible pour vous aider \u00e0 s\u00e9lectionner le carreau de marbre parfait pour votre projet et r\u00e9pondre \u00e0 toutes vos questions. Nous proposons des prix comp\u00e9titifs et des options d'exp\u00e9dition pratiques pour garantir une exp\u00e9rience transparente et satisfaisante avec nous.<\/p>\n<p>Rehaussez vos espaces int\u00e9rieurs gr\u00e2ce \u00e0 la beaut\u00e9 et \u00e0 la durabilit\u00e9 in\u00e9gal\u00e9es du marbre chinois. Explorez notre collection exquise de carreaux de marbre chinois d\u00e8s aujourd'hui et transformez votre vision du design en r\u00e9alit\u00e9. Contactez-nous pour en savoir plus sur notre s\u00e9lection de carreaux de marbre chinois et sur la fa\u00e7on dont nous pouvons vous aider \u00e0 cr\u00e9er des espaces \u00e9tonnants et intemporels.<\/p>\n<table style=\"height: 383px;\" width=\"1361\">\n<tbody>\n<tr>\n<td width=\"121\">Mat\u00e9riau<\/td>\n<td width=\"125\">Couleur primaire<\/td>\n<td width=\"193\">Produit<\/td>\n<td width=\"231\">Taille (cm)<\/td>\n<td width=\"156\">Finition<\/td>\n<td width=\"72\">Densit\u00e9<br \/>\n(g\/cm3)<\/td>\n<td width=\"116\">Absorption de l'eau<br \/>\n(%)<\/td>\n<\/tr>\n<tr>\n<td>Bois blanc Marbre<\/td>\n<td>Blanc<\/td>\n<td width=\"193\">Dalle<br \/>\nCarrelage<br \/>\nEscalier<br \/>\nColonne<br \/>\nPilier<br \/>\nAppui de fen\u00eatre<br \/>\nComptoir<br \/>\nEtc<\/td>\n<td width=\"231\">240up x120up x2\/3<br \/>\n60\u00d730\/60\u00d71\/1.5\/2\/3<br \/>\n100-160x34x3<br \/>\n100-160x15x2Etc<\/td>\n<td width=\"156\">Poli<br \/>\nHonor\u00e9<br \/>\nAntiquit\u00e9<br \/>\nEtc<\/td>\n<td>2.55<\/td>\n<td>0.46<\/td>\n<\/tr>\n<\/tbody>\n<\/table>\n<h2>S\u00e9rie Marbre de bois<\/h2>\n<table style=\"border-collapse: collapse; width: 162.03pt;\" border=\"0\" width=\"216\" cellspacing=\"0\" cellpadding=\"0\">\n<tbody>\n<tr style=\"height: 13.50pt;\">\n<td style=\"height: 13.50pt; width: 54.00pt;\" align=\"right\" width=\"72\" height=\"18\">\n<figure id=\"attachment_6290\" class=\"wp-caption aligncenter\" style=\"width: 400px;\" aria-describedby=\"caption-attachment-6290\"><img loading=\"lazy\" decoding=\"async\" class=\"alignnone size-full wp-image-22097\" src=\"http:\/\/stone-phoenix.com\/wp-content\/uploads\/2023\/12\/1703886966.jpg\" width=\"400\" height=\"400\" srcset=\"https:\/\/stone-phoenix.com\/wp-content\/uploads\/2023\/12\/1703886966.jpg 400w, https:\/\/stone-phoenix.com\/wp-content\/uploads\/2023\/12\/1703886966-300x300.jpg 300w, https:\/\/stone-phoenix.com\/wp-content\/uploads\/2023\/12\/1703886966-150x150.jpg 150w, https:\/\/stone-phoenix.com\/wp-content\/uploads\/2023\/12\/1703886966-12x12.jpg 12w\" sizes=\"(max-width: 400px) 100vw, 400px\" \/><figcaption id=\"caption-attachment-6290\" class=\"wp-caption-text\">Ath\u00e8nes Bois Marbre<\/figcaption><\/figure>\n<\/td>\n<td style=\"width: 54.00pt;\" align=\"right\" width=\"72\">\n<figure id=\"attachment_6291\" class=\"wp-caption aligncenter\" style=\"width: 400px;\" aria-describedby=\"caption-attachment-6291\"><img loading=\"lazy\" decoding=\"async\" class=\"alignnone size-full wp-image-22098\" src=\"http:\/\/stone-phoenix.com\/wp-content\/uploads\/2023\/12\/1703886968.jpg\" width=\"400\" height=\"400\" srcset=\"https:\/\/stone-phoenix.com\/wp-content\/uploads\/2023\/12\/1703886968.jpg 400w, https:\/\/stone-phoenix.com\/wp-content\/uploads\/2023\/12\/1703886968-300x300.jpg 300w, https:\/\/stone-phoenix.com\/wp-content\/uploads\/2023\/12\/1703886968-150x150.jpg 150w, https:\/\/stone-phoenix.com\/wp-content\/uploads\/2023\/12\/1703886968-12x12.jpg 12w\" sizes=\"(max-width: 400px) 100vw, 400px\" \/><figcaption id=\"caption-attachment-6291\" class=\"wp-caption-text\">Marbre de la for\u00eat noire<\/figcaption><\/figure>\n<\/td>\n<td style=\"width: 54.00pt;\" align=\"right\" width=\"72\">\n<figure id=\"attachment_6292\" class=\"wp-caption aligncenter\" style=\"width: 400px;\" aria-describedby=\"caption-attachment-6292\"><img loading=\"lazy\" decoding=\"async\" class=\"alignnone size-full wp-image-22099\" src=\"http:\/\/stone-phoenix.com\/wp-content\/uploads\/2023\/12\/1703886969.jpg\" width=\"400\" height=\"400\" srcset=\"https:\/\/stone-phoenix.com\/wp-content\/uploads\/2023\/12\/1703886969.jpg 400w, https:\/\/stone-phoenix.com\/wp-content\/uploads\/2023\/12\/1703886969-300x300.jpg 300w, https:\/\/stone-phoenix.com\/wp-content\/uploads\/2023\/12\/1703886969-150x150.jpg 150w, https:\/\/stone-phoenix.com\/wp-content\/uploads\/2023\/12\/1703886969-12x12.jpg 12w\" sizes=\"(max-width: 400px) 100vw, 400px\" \/><figcaption id=\"caption-attachment-6292\" class=\"wp-caption-text\">Marbre de bois bleu<\/figcaption><\/figure>\n<\/td>\n<\/tr>\n<tr style=\"height: 13.50pt;\">\n<td style=\"height: 13.50pt;\" align=\"right\" height=\"18\">\n<figure id=\"attachment_6293\" class=\"wp-caption aligncenter\" style=\"width: 400px;\" aria-describedby=\"caption-attachment-6293\"><img loading=\"lazy\" decoding=\"async\" class=\"alignnone size-full wp-image-22100\" src=\"http:\/\/stone-phoenix.com\/wp-content\/uploads\/2023\/12\/1703886970.jpg\" width=\"400\" height=\"400\" srcset=\"https:\/\/stone-phoenix.com\/wp-content\/uploads\/2023\/12\/1703886970.jpg 400w, https:\/\/stone-phoenix.com\/wp-content\/uploads\/2023\/12\/1703886970-300x300.jpg 300w, https:\/\/stone-phoenix.com\/wp-content\/uploads\/2023\/12\/1703886970-150x150.jpg 150w, https:\/\/stone-phoenix.com\/wp-content\/uploads\/2023\/12\/1703886970-12x12.jpg 12w\" sizes=\"(max-width: 400px) 100vw, 400px\" \/><figcaption id=\"caption-attachment-6293\" class=\"wp-caption-text\">Caf\u00e9 Bois Marbre<\/figcaption><\/figure>\n<\/td>\n<td align=\"right\">\n<figure id=\"attachment_6294\" class=\"wp-caption aligncenter\" style=\"width: 400px;\" aria-describedby=\"caption-attachment-6294\"><img loading=\"lazy\" decoding=\"async\" class=\"alignnone size-full wp-image-22101\" src=\"http:\/\/stone-phoenix.com\/wp-content\/uploads\/2023\/12\/1703886971.jpg\" width=\"400\" height=\"400\" srcset=\"https:\/\/stone-phoenix.com\/wp-content\/uploads\/2023\/12\/1703886971.jpg 400w, https:\/\/stone-phoenix.com\/wp-content\/uploads\/2023\/12\/1703886971-300x300.jpg 300w, https:\/\/stone-phoenix.com\/wp-content\/uploads\/2023\/12\/1703886971-150x150.jpg 150w, https:\/\/stone-phoenix.com\/wp-content\/uploads\/2023\/12\/1703886971-12x12.jpg 12w\" sizes=\"(max-width: 400px) 100vw, 400px\" \/><figcaption id=\"caption-attachment-6294\" class=\"wp-caption-text\">Marbre \u00e9b\u00e8ne<\/figcaption><\/figure>\n<\/td>\n<td align=\"right\">\n<figure id=\"attachment_6295\" class=\"wp-caption aligncenter\" style=\"width: 400px;\" aria-describedby=\"caption-attachment-6295\"><img loading=\"lazy\" decoding=\"async\" class=\"alignnone size-full wp-image-22102\" src=\"http:\/\/stone-phoenix.com\/wp-content\/uploads\/2023\/12\/1703886972.jpg\" width=\"400\" height=\"400\" srcset=\"https:\/\/stone-phoenix.com\/wp-content\/uploads\/2023\/12\/1703886972.jpg 400w, https:\/\/stone-phoenix.com\/wp-content\/uploads\/2023\/12\/1703886972-300x300.jpg 300w, https:\/\/stone-phoenix.com\/wp-content\/uploads\/2023\/12\/1703886972-150x150.jpg 150w, https:\/\/stone-phoenix.com\/wp-content\/uploads\/2023\/12\/1703886972-12x12.jpg 12w\" sizes=\"(max-width: 400px) 100vw, 400px\" \/><figcaption id=\"caption-attachment-6295\" class=\"wp-caption-text\">Marbre bois dor\u00e9<\/figcaption><\/figure>\n<\/td>\n<\/tr>\n<tr style=\"height: 13.50pt;\">\n<td style=\"height: 13.50pt;\" align=\"right\" height=\"18\">\n<figure id=\"attachment_6296\" class=\"wp-caption aligncenter\" style=\"width: 400px;\" aria-describedby=\"caption-attachment-6296\"><img loading=\"lazy\" decoding=\"async\" class=\"alignnone size-full wp-image-22103\" src=\"http:\/\/stone-phoenix.com\/wp-content\/uploads\/2023\/12\/1703886973.jpg\" width=\"400\" height=\"400\" srcset=\"https:\/\/stone-phoenix.com\/wp-content\/uploads\/2023\/12\/1703886973.jpg 400w, https:\/\/stone-phoenix.com\/wp-content\/uploads\/2023\/12\/1703886973-300x300.jpg 300w, https:\/\/stone-phoenix.com\/wp-content\/uploads\/2023\/12\/1703886973-150x150.jpg 150w, https:\/\/stone-phoenix.com\/wp-content\/uploads\/2023\/12\/1703886973-12x12.jpg 12w\" sizes=\"(max-width: 400px) 100vw, 400px\" \/><figcaption id=\"caption-attachment-6296\" class=\"wp-caption-text\">Marbre de bois gris<\/figcaption><\/figure>\n<\/td>\n<td align=\"right\">\n<figure id=\"attachment_6297\" class=\"wp-caption aligncenter\" style=\"width: 400px;\" aria-describedby=\"caption-attachment-6297\"><img loading=\"lazy\" decoding=\"async\" class=\"alignnone size-full wp-image-22104\" src=\"http:\/\/stone-phoenix.com\/wp-content\/uploads\/2023\/12\/1703886974.jpg\" width=\"400\" height=\"400\" srcset=\"https:\/\/stone-phoenix.com\/wp-content\/uploads\/2023\/12\/1703886974.jpg 400w, https:\/\/stone-phoenix.com\/wp-content\/uploads\/2023\/12\/1703886974-300x300.jpg 300w, https:\/\/stone-phoenix.com\/wp-content\/uploads\/2023\/12\/1703886974-150x150.jpg 150w, https:\/\/stone-phoenix.com\/wp-content\/uploads\/2023\/12\/1703886974-12x12.jpg 12w\" sizes=\"(max-width: 400px) 100vw, 400px\" \/><figcaption id=\"caption-attachment-6297\" class=\"wp-caption-text\">Marbre de bois imp\u00e9rial<\/figcaption><\/figure>\n<\/td>\n<td align=\"right\">\n<figure id=\"attachment_6298\" class=\"wp-caption aligncenter\" style=\"width: 400px;\" aria-describedby=\"caption-attachment-6298\"><img loading=\"lazy\" decoding=\"async\" class=\"alignnone size-full wp-image-22105\" src=\"http:\/\/stone-phoenix.com\/wp-content\/uploads\/2023\/12\/1703886974-1.jpg\" width=\"400\" height=\"400\" srcset=\"https:\/\/stone-phoenix.com\/wp-content\/uploads\/2023\/12\/1703886974-1.jpg 400w, https:\/\/stone-phoenix.com\/wp-content\/uploads\/2023\/12\/1703886974-1-300x300.jpg 300w, https:\/\/stone-phoenix.com\/wp-content\/uploads\/2023\/12\/1703886974-1-150x150.jpg 150w, https:\/\/stone-phoenix.com\/wp-content\/uploads\/2023\/12\/1703886974-1-12x12.jpg 12w\" sizes=\"(max-width: 400px) 100vw, 400px\" \/><figcaption id=\"caption-attachment-6298\" class=\"wp-caption-text\">Bois blanc Marbre<\/figcaption><\/figure>\n<\/td>\n<\/tr>\n<\/tbody>\n<\/table>\n<\/div>","protected":false},"excerpt":{"rendered":"<p>Chinese Marble Tile Suppliers White Wood Marble Chinese Marble Tile Suppliers.With their inherent natural beauty, Chinese marble tiles are a<\/p>","protected":false},"featured_media":25391,"template":"","meta":[],"product_cat":[113],"product_tag":[],"_links":{"self":[{"href":"https:\/\/stone-phoenix.com\/fr\/wp-json\/wp\/v2\/product\/22095"}],"collection":[{"href":"https:\/\/stone-phoenix.com\/fr\/wp-json\/wp\/v2\/product"}],"about":[{"href":"https:\/\/stone-phoenix.com\/fr\/wp-json\/wp\/v2\/types\/product"}],"wp:featuredmedia":[{"embeddable":true,"href":"https:\/\/stone-phoenix.com\/fr\/wp-json\/wp\/v2\/media\/25391"}],"wp:attachment":[{"href":"https:\/\/stone-phoenix.com\/fr\/wp-json\/wp\/v2\/media?parent=22095"}],"wp:term":[{"taxonomy":"product_cat","embeddable":true,"href":"https:\/\/stone-phoenix.com\/fr\/wp-json\/wp\/v2\/product_cat?post=22095"},{"taxonomy":"product_tag","embeddable":true,"href":"https:\/\/stone-phoenix.com\/fr\/wp-json\/wp\/v2\/product_tag?post=22095"}],"curies":[{"name":"wp","href":"https:\/\/api.w.org\/{rel}","templated":true}]}}