{"id":22112,"date":"2023-12-29T21:57:01","date_gmt":"2023-12-29T13:57:01","guid":{"rendered":"http:\/\/stone-phoenix.com\/product\/white-wood-vein-marble-strip-natural-stone-culstone"},"modified":"2024-03-14T11:51:01","modified_gmt":"2024-03-14T03:51:01","slug":"white-wood-vein-marble-strip-natural-stone-culstone","status":"publish","type":"product","link":"https:\/\/stone-phoenix.com\/fr\/produit\/white-wood-vein-marble-strip-natural-stone-culstone","title":{"rendered":"White Wood Vein Marble Strip Natural Stone Culstone (pierre naturelle)"},"content":{"rendered":"<div id=\"tab-description\" class=\"woocommerce-Tabs-panel woocommerce-Tabs-panel--description panel entry-content wc-tab\" role=\"tabpanel\" aria-labelledby=\"tab-title-description\">\n<div id=\"ali-anchor-AliPostDhMb-qkngg\" style=\"padding-top: 8px;\" data-section=\"AliPostDhMb-qkngg\" data-section-title=\"Product Description\">\n<div style=\"text-align: center;\"><strong>White Wood Vein Marble Strip Natural Stone Culstone (pierre naturelle)<\/strong><\/div>\n<div><a href=\"https:\/\/longtopstone.com\/product\/white-wood-vein-marble-strip-mosaic-natural-stone-culstone\/\"> Mosa\u00efque de bandes de marbre blanc en veine de bois pierre naturelle culstone<\/a>Il s'agit d'un nouveau produit en pierre de taille qui est aujourd'hui tr\u00e8s populaire dans la d\u00e9coration moderne. Ce produit pr\u00e9sente des caract\u00e9ristiques d'absorption de l'eau, d'antid\u00e9rapance, etc. La densit\u00e9 de ce produit est suffisamment faible pour ne pas affecter la structure architecturale. Il permet \u00e9galement de r\u00e9aliser des \u00e9conomies par rapport \u00e0 d'autres pierres calcaires lorsqu'il est utilis\u00e9 pour construire un mur ou un sol.<\/div>\n<div>Cette mosa\u00efque de pierres naturelles en bandes est compos\u00e9e de bandes de marbre blanc comme mat\u00e9riau principal, avec l'aspect de pierres telles que le marbre blanc, le marbre gris et beige, le marbre italien ou le granit gris. Ce produit est fabriqu\u00e9 \u00e0 partir de mat\u00e9riaux de haute qualit\u00e9. Les dimensions peuvent \u00eatre personnalis\u00e9es en fonction de vos besoins. Il peut \u00e9galement \u00eatre utilis\u00e9 pour les cadeaux et la d\u00e9coration de la maison, ajoutant de la vitalit\u00e9 \u00e0 l'espace. Le prix est comp\u00e9titif et la qualit\u00e9 est absolument fiable !<\/div>\n<div>Le marbre blanc vein\u00e9 de bois est un mat\u00e9riau de mosa\u00efque de marbre exceptionnel, d'un blanc brillant et d'une texture subtile semblable \u00e0 celle du bois. Il s'agit \u00e9galement d'une pierre naturelle fabriqu\u00e9e \u00e0 partir de marbre v\u00e9ritable. Le produit utilise une technologie g\u00e9n\u00e9r\u00e9e par ordinateur pour obtenir un niveau de d\u00e9tail \u00e9lev\u00e9. Le marbre offre une caract\u00e9ristique de conception unique pour de nombreux projets commerciaux, y compris les restaurants, les h\u00f4tels et bien plus encore.<\/div>\n<div id=\"ali-title-AliPostDhMb-qkngg\" style=\"padding: 8px 0; border-bottom: 1px solid #ddd;\"><span style=\"background-color: #ddd; color: #333; font-weight: bold; padding: 8px 10px; line-height: 12px;\">Description du produit<\/span><\/div>\n<div style=\"padding: 10px 0;\">\n<table class=\"aliDataTable\" style=\"color: #000000; font-family: Arial; font-size: 12px; font-style: normal; font-weight: 400; background-color: #ffffff; width: 746.066px; height: 226px; border: 1px solid #b3b3b3;\">\n<tbody>\n<tr style=\"height: 21px;\">\n<td style=\"border: 1px solid #b3b3b3; width: 162px;\"><strong><span style=\"font-family: arial, helvetica, sans-serif; font-size: 14px;\">Nom du produit :<\/span><\/strong><\/td>\n<td style=\"border: 1px solid #b3b3b3; width: 595.066px;\"><span style=\"font-family: arial, helvetica, sans-serif;\"><span style=\"font-size: 14px;\">Pierre de culture\u00a0 \u00a0<\/span><\/span><\/td>\n<\/tr>\n<tr style=\"height: 21px;\">\n<td style=\"border: 1px solid #b3b3b3; width: 162px;\"><strong><span style=\"font-family: arial, helvetica, sans-serif; font-size: 14px;\">Mat\u00e9riau :<\/span><\/strong><\/td>\n<td style=\"border: 1px solid #b3b3b3; width: 595.066px;\">Pierre de culture<\/td>\n<\/tr>\n<tr style=\"height: 21px;\">\n<td style=\"border: 1px solid #b3b3b3; width: 162px;\"><strong><span style=\"font-family: arial, helvetica, sans-serif; font-size: 14px;\">Couleur :<\/span><\/strong><\/td>\n<td style=\"border: 1px solid #b3b3b3; width: 595.066px;\"><span style=\"font-family: arial, helvetica, sans-serif; font-size: 14px;\">Blanc, beige, noir, marron, gris, rouge, vert, bleu, etc.<\/span><\/td>\n<\/tr>\n<tr style=\"height: 21px;\">\n<td style=\"border: 1px solid #b3b3b3; width: 162px;\" rowspan=\"3\"><strong><span style=\"font-family: arial, helvetica, sans-serif; font-size: 14px;\">Taille de la puce :<\/span><\/strong><\/td>\n<td style=\"border: 1px solid #b3b3b3; width: 595.066px;\"><span style=\"font-family: arial, helvetica, sans-serif; font-size: 14px;\"><span style=\"text-decoration: underline;\">Tailles disponibles<\/span> <\/span><br \/>\n<span style=\"font-family: arial, helvetica, sans-serif; font-size: 14px;\">3\/8\u2032 X 3\/8\u2033,5\/8\u2032 X 5\/8\u2033,3\/4\u2032 X 3\/4\u2033,etc 10x10mm,15x15mm,20x20mm,25x25mm,30\u00d730,etc<\/span><\/td>\n<\/tr>\n<tr style=\"height: 21px;\">\n<td style=\"border: 1px solid #b3b3b3; width: 595.066px;\"><span style=\"font-family: arial, helvetica, sans-serif; font-size: 14px;\"><span style=\"text-decoration: underline;\">Taille de la feuille Disponible<\/span>\u00a0 \u00a0 \u00a0 \u00a0 \u00a0 \u00a0 \u00a0 \u00a0 \u00a0 \u00a0 \u00a0 \u00a0 \u00a0 \u00a0 \u00a0 \u00a0 \u00a0 \u00a0 \u00a0 \u00a0 \u00a0 \u00a0 \u00a0 \u00a0 \u00a0 \u00a0 \u00a0 \u00a0 \u00a0 \u00a0 \u00a0 \u00a0 \u00a0 \u00a0 \u00a0 \u00a0 \u00a0 \u00a0 \u00a0 \u00a0 \u00a0 \u00a0 \u00a0 \u00a0 \u00a0 \u00a0 \u00a0 \u00a0 \u00a0 \u00a0 \u00a0 \u00a0 \u00a0 305x305mm(12\u2033x12\u2033) ou selon le dessin demand\u00e9<\/span><\/td>\n<\/tr>\n<tr style=\"height: 21px;\">\n<td style=\"border: 1px solid #b3b3b3; width: 595.066px;\"><span style=\"font-family: arial, helvetica, sans-serif; font-size: 14px;\">Des sp\u00e9cifications personnalis\u00e9es sont disponibles<\/span><\/td>\n<\/tr>\n<tr style=\"height: 21px;\">\n<td style=\"border: 1px solid #b3b3b3; width: 162px;\"><strong><span style=\"font-family: arial, helvetica, sans-serif; font-size: 14px;\">\u00c9paisseur :<\/span><\/strong><\/td>\n<td style=\"border: 1px solid #b3b3b3; width: 595.066px;\">7mm(0.27\u2033),8mm(0.31\u2033),10mm(3\/8\u2033),12mm(1\/2\u2033),20mm(3\/4\u2033)<\/td>\n<\/tr>\n<tr style=\"height: 21px;\">\n<td style=\"border: 1px solid #b3b3b3; width: 162px;\"><strong><span style=\"font-family: arial, helvetica, sans-serif; font-size: 14px;\">Surface :<\/span><\/strong><\/td>\n<td style=\"border: 1px solid #b3b3b3; width: 595.066px;\"><span style=\"font-size: 14px; font-family: arial, helvetica, sans-serif;\">Poli, adouci, assorti au livre, antique, rainur\u00e9, bross\u00e9, d\u00e9cap\u00e9, sabl\u00e9, jet d'eau, etc.<\/span><\/td>\n<\/tr>\n<tr style=\"height: auto;\">\n<td style=\"border: 1px solid #b3b3b3; width: 162px;\"><strong><span style=\"font-family: arial, helvetica, sans-serif; font-size: 14px;\">Emballage :<\/span><\/strong><\/td>\n<td style=\"border: 1px solid #b3b3b3; width: 595.066px;\">Bo\u00eete int\u00e9rieure en mousse et en carton, caisses ext\u00e9rieures en bois\/polywood<\/td>\n<\/tr>\n<tr style=\"height: 21px;\">\n<td style=\"border: 1px solid #b3b3b3; width: 162px;\"><strong><span style=\"font-family: arial, helvetica, sans-serif; font-size: 14px;\">Application :<\/span><\/strong><\/td>\n<td style=\"border: 1px solid #b3b3b3; width: 595.066px;\"><span style=\"font-family: arial, helvetica, sans-serif;\"><span style=\"font-size: 14px;\">d\u00e9coration des murs et des sols, dosseret de cuisine, sol de salle de bain, piscine, salle \u00e0 manger<\/span><\/span><\/td>\n<\/tr>\n<tr style=\"height: 21px;\">\n<td style=\"border: 1px solid #b3b3b3; width: 162px;\"><strong><span style=\"font-family: arial, helvetica, sans-serif; font-size: 14px;\">D\u00e9lai de livraison :<\/span><\/strong><\/td>\n<td style=\"border: 1px solid #b3b3b3; width: 595.066px;\"><span style=\"font-family: arial, helvetica, sans-serif; font-size: 14px;\"> 15-20 jours pour les tailles normales<\/span><\/td>\n<\/tr>\n<tr style=\"height: 21px;\">\n<td style=\"border: 1px solid #b3b3b3; width: 162px;\"><strong><span style=\"font-family: arial, helvetica, sans-serif; font-size: 14px;\">Certificat :<\/span><\/strong><\/td>\n<td style=\"border: 1px solid #b3b3b3; width: 595.066px;\"><span style=\"font-family: arial, helvetica, sans-serif; font-size: 14px;\">CE, SGS<\/span><\/td>\n<\/tr>\n<tr style=\"height: 21px;\">\n<td style=\"border: 1px solid #b3b3b3; width: 162px;\"><strong><span style=\"font-family: arial, helvetica, sans-serif; font-size: 14px;\">Conditions de paiement :<\/span><\/strong><\/td>\n<td style=\"border: 1px solid #b3b3b3; width: 595.066px;\"><span style=\"font-family: arial, helvetica, sans-serif; font-size: 14px;\">T\/T, L\/C, D\/P<\/span><\/td>\n<\/tr>\n<tr style=\"height: 42px;\">\n<td style=\"border: 1px solid #b3b3b3; width: 162px;\"><strong><span style=\"font-family: arial, helvetica, sans-serif; font-size: 14px;\">Avantage :<\/span><\/strong><\/td>\n<td style=\"border: 1px solid #b3b3b3; width: 595.066px;\"><span style=\"font-family: arial, helvetica, sans-serif; font-size: 14px;\">1) Service unique pour la pierre ;<\/span><\/p>\n<p><span style=\"font-family: arial, helvetica, sans-serif; font-size: 14px;\">2) Poss\u00e9der 3 carri\u00e8res et 9 usines ;<\/span><\/p>\n<p><span style=\"font-family: arial, helvetica, sans-serif; font-size: 14px;\">3) Des supports technologiques de pointe.<\/span><\/td>\n<\/tr>\n<tr style=\"height: 42px;\">\n<td style=\"border: 1px solid #b3b3b3; width: 162px;\"><strong><span style=\"font-family: arial, helvetica, sans-serif; font-size: 14px;\">Assurance de la qualit\u00e9 et de la livraison :\u00a0<\/span><\/strong><\/td>\n<td style=\"border: 1px solid #b3b3b3; width: 595.066px;\"><span style=\"font-family: arial, helvetica, sans-serif; font-size: 14px;\">Tout au long du processus de production, du choix des mat\u00e9riaux \u00e0 l'emballage en passant par la fabrication, notre service de contr\u00f4le de la qualit\u00e9 contr\u00f4le rigoureusement chaque pi\u00e8ce et chaque processus afin de garantir le respect des normes de qualit\u00e9 et le respect des d\u00e9lais de livraison.<\/span><\/td>\n<\/tr>\n<\/tbody>\n<\/table>\n<p><img loading=\"lazy\" decoding=\"async\" class=\"alignnone size-full wp-image-25377\" src=\"http:\/\/stone-phoenix.com\/wp-content\/uploads\/2023\/12\/White-Wood-Vein-Marble-Strip-Natural-Stone-Culstone-7.jpg\" alt=\"\" width=\"1117\" height=\"879\" srcset=\"https:\/\/stone-phoenix.com\/wp-content\/uploads\/2023\/12\/White-Wood-Vein-Marble-Strip-Natural-Stone-Culstone-7.jpg 1117w, https:\/\/stone-phoenix.com\/wp-content\/uploads\/2023\/12\/White-Wood-Vein-Marble-Strip-Natural-Stone-Culstone-7-300x236.jpg 300w, https:\/\/stone-phoenix.com\/wp-content\/uploads\/2023\/12\/White-Wood-Vein-Marble-Strip-Natural-Stone-Culstone-7-1024x806.jpg 1024w, https:\/\/stone-phoenix.com\/wp-content\/uploads\/2023\/12\/White-Wood-Vein-Marble-Strip-Natural-Stone-Culstone-7-768x604.jpg 768w, https:\/\/stone-phoenix.com\/wp-content\/uploads\/2023\/12\/White-Wood-Vein-Marble-Strip-Natural-Stone-Culstone-7-15x12.jpg 15w, https:\/\/stone-phoenix.com\/wp-content\/uploads\/2023\/12\/White-Wood-Vein-Marble-Strip-Natural-Stone-Culstone-7-600x472.jpg 600w, https:\/\/stone-phoenix.com\/wp-content\/uploads\/2023\/12\/White-Wood-Vein-Marble-Strip-Natural-Stone-Culstone-7-150x118.jpg 150w\" sizes=\"(max-width: 1117px) 100vw, 1117px\" \/><br \/>\n<img loading=\"lazy\" decoding=\"async\" class=\"alignnone size-full wp-image-25378\" src=\"http:\/\/stone-phoenix.com\/wp-content\/uploads\/2023\/12\/White-Wood-Vein-Marble-Strip-Natural-Stone-Culstone-6.jpg\" alt=\"\" width=\"1122\" height=\"844\" srcset=\"https:\/\/stone-phoenix.com\/wp-content\/uploads\/2023\/12\/White-Wood-Vein-Marble-Strip-Natural-Stone-Culstone-6.jpg 1122w, https:\/\/stone-phoenix.com\/wp-content\/uploads\/2023\/12\/White-Wood-Vein-Marble-Strip-Natural-Stone-Culstone-6-300x226.jpg 300w, https:\/\/stone-phoenix.com\/wp-content\/uploads\/2023\/12\/White-Wood-Vein-Marble-Strip-Natural-Stone-Culstone-6-1024x770.jpg 1024w, https:\/\/stone-phoenix.com\/wp-content\/uploads\/2023\/12\/White-Wood-Vein-Marble-Strip-Natural-Stone-Culstone-6-768x578.jpg 768w, https:\/\/stone-phoenix.com\/wp-content\/uploads\/2023\/12\/White-Wood-Vein-Marble-Strip-Natural-Stone-Culstone-6-16x12.jpg 16w, https:\/\/stone-phoenix.com\/wp-content\/uploads\/2023\/12\/White-Wood-Vein-Marble-Strip-Natural-Stone-Culstone-6-600x451.jpg 600w, https:\/\/stone-phoenix.com\/wp-content\/uploads\/2023\/12\/White-Wood-Vein-Marble-Strip-Natural-Stone-Culstone-6-150x113.jpg 150w\" sizes=\"(max-width: 1122px) 100vw, 1122px\" \/><br \/>\n<img loading=\"lazy\" decoding=\"async\" class=\"alignnone size-full wp-image-25379\" src=\"http:\/\/stone-phoenix.com\/wp-content\/uploads\/2023\/12\/White-Wood-Vein-Marble-Strip-Natural-Stone-Culstone-8.jpg\" alt=\"\" width=\"1114\" height=\"906\" srcset=\"https:\/\/stone-phoenix.com\/wp-content\/uploads\/2023\/12\/White-Wood-Vein-Marble-Strip-Natural-Stone-Culstone-8.jpg 1114w, https:\/\/stone-phoenix.com\/wp-content\/uploads\/2023\/12\/White-Wood-Vein-Marble-Strip-Natural-Stone-Culstone-8-300x244.jpg 300w, https:\/\/stone-phoenix.com\/wp-content\/uploads\/2023\/12\/White-Wood-Vein-Marble-Strip-Natural-Stone-Culstone-8-1024x833.jpg 1024w, https:\/\/stone-phoenix.com\/wp-content\/uploads\/2023\/12\/White-Wood-Vein-Marble-Strip-Natural-Stone-Culstone-8-768x625.jpg 768w, https:\/\/stone-phoenix.com\/wp-content\/uploads\/2023\/12\/White-Wood-Vein-Marble-Strip-Natural-Stone-Culstone-8-15x12.jpg 15w, https:\/\/stone-phoenix.com\/wp-content\/uploads\/2023\/12\/White-Wood-Vein-Marble-Strip-Natural-Stone-Culstone-8-600x488.jpg 600w, https:\/\/stone-phoenix.com\/wp-content\/uploads\/2023\/12\/White-Wood-Vein-Marble-Strip-Natural-Stone-Culstone-8-150x122.jpg 150w\" sizes=\"(max-width: 1114px) 100vw, 1114px\" \/><br \/>\n<img loading=\"lazy\" decoding=\"async\" class=\"alignnone size-full wp-image-25380\" src=\"http:\/\/stone-phoenix.com\/wp-content\/uploads\/2023\/12\/White-Wood-Vein-Marble-Strip-Natural-Stone-Culstone-9.jpg\" alt=\"\" width=\"1030\" height=\"1122\" srcset=\"https:\/\/stone-phoenix.com\/wp-content\/uploads\/2023\/12\/White-Wood-Vein-Marble-Strip-Natural-Stone-Culstone-9.jpg 1030w, https:\/\/stone-phoenix.com\/wp-content\/uploads\/2023\/12\/White-Wood-Vein-Marble-Strip-Natural-Stone-Culstone-9-275x300.jpg 275w, https:\/\/stone-phoenix.com\/wp-content\/uploads\/2023\/12\/White-Wood-Vein-Marble-Strip-Natural-Stone-Culstone-9-940x1024.jpg 940w, https:\/\/stone-phoenix.com\/wp-content\/uploads\/2023\/12\/White-Wood-Vein-Marble-Strip-Natural-Stone-Culstone-9-768x837.jpg 768w, https:\/\/stone-phoenix.com\/wp-content\/uploads\/2023\/12\/White-Wood-Vein-Marble-Strip-Natural-Stone-Culstone-9-11x12.jpg 11w, https:\/\/stone-phoenix.com\/wp-content\/uploads\/2023\/12\/White-Wood-Vein-Marble-Strip-Natural-Stone-Culstone-9-600x654.jpg 600w, https:\/\/stone-phoenix.com\/wp-content\/uploads\/2023\/12\/White-Wood-Vein-Marble-Strip-Natural-Stone-Culstone-9-150x163.jpg 150w\" sizes=\"(max-width: 1030px) 100vw, 1030px\" \/><\/p>\n<\/div>\n<\/div>\n<div id=\"ali-anchor-AliPostDhMb-hwase\" style=\"padding-top: 8px;\" data-section=\"AliPostDhMb-hwase\" data-section-title=\"Related Products\">\n<div id=\"ali-title-AliPostDhMb-hwase\" style=\"padding: 8px 0; border-bottom: 1px solid #ddd;\"><span style=\"background-color: #ddd; color: #333; font-weight: bold; padding: 8px 10px; line-height: 12px;\">Produits apparent\u00e9s<\/span><\/div>\n<div style=\"padding: 10px 0;\">\n<p><img loading=\"lazy\" decoding=\"async\" class=\"alignnone size-full wp-image-22118\" src=\"http:\/\/stone-phoenix.com\/wp-content\/uploads\/2023\/12\/1703887027.jpg\" width=\"750\" height=\"737\" srcset=\"https:\/\/stone-phoenix.com\/wp-content\/uploads\/2023\/12\/1703887027.jpg 750w, https:\/\/stone-phoenix.com\/wp-content\/uploads\/2023\/12\/1703887027-300x295.jpg 300w, https:\/\/stone-phoenix.com\/wp-content\/uploads\/2023\/12\/1703887027-12x12.jpg 12w, https:\/\/stone-phoenix.com\/wp-content\/uploads\/2023\/12\/1703887027-600x590.jpg 600w, https:\/\/stone-phoenix.com\/wp-content\/uploads\/2023\/12\/1703887027-150x147.jpg 150w\" sizes=\"(max-width: 750px) 100vw, 750px\" \/><\/p>\n<map name=\"jp0hoi2c\">\n<area coords=\"21,98,245,360\" shape=\"rect\" href=\"https:\/\/longtops.en.alibaba.com\/productgrouplist-807708453\/Black_Marble.html?spm=a2700.icbuShop.prup15aafb.5.5754158bA1wkpf\" target=\"_blank\" \/>\n<area coords=\"10,979,368,1213\" shape=\"rect\" href=\"https:\/\/longtops.en.alibaba.com\/productgrouplist-807797657\/Working_Drawing_and_Detail_Drawing.html?spm=a2700.icbuShop.prup15aafb.31.346257c6h5J2PJ\" target=\"_blank\" \/>\n<area coords=\"503,98,728,360\" shape=\"rect\" href=\"https:\/\/longtops.en.alibaba.com\/productgrouplist-807681422\/Grey_Marble.html?spm=a2700.icbuShop.prup15aafb.4.7cbc3126Hq1cRv\" target=\"_blank\" \/>\n<area coords=\"21,375,247,641\" shape=\"rect\" href=\"https:\/\/longtops.en.alibaba.com\/productgrouplist-807679027\/Beige_Marble.html?spm=a2700.icbuShop.prup15aafb.3.d4c773acipHUZl\" target=\"_blank\" \/>\n<area coords=\"263,376,487,640\" shape=\"rect\" href=\"https:\/\/longtops.en.alibaba.com\/productgrouplist-807787231\/Wooden_Marble.html?spm=a2700.icbuShop.prup15aafb.7.743d5668QxADhi\" target=\"_blank\" \/>\n<area coords=\"501,376,725,640\" shape=\"rect\" href=\"https:\/\/longtops.en.alibaba.com\/productgrouplist-805159428\/Onyx.html?spm=a2700.icbuShop.prup15aafb.9.6b075b78uJgOyH\" target=\"_blank\" \/>\n<area coords=\"264,96,487,359\" shape=\"rect\" href=\"https:\/\/longtops.en.alibaba.com\/productgrouplist-807681423\/White_Marble.html?spm=a2700.icbuShop.prup15aafb.2.41bf7fb9AV6ZkI\" target=\"_blank\" \/>\n<area coords=\"294,666,452,705\" shape=\"rect\" href=\"https:\/\/longtops.en.alibaba.com\/productgrouplist-805281181\/Interior_Material.html?spm=a2700.icbuShop.prup15aafb.1.29f87eefxGBxpC\" target=\"_blank\" \/> <\/map>\n<p><img loading=\"lazy\" decoding=\"async\" class=\"alignnone size-full wp-image-22119\" src=\"http:\/\/stone-phoenix.com\/wp-content\/uploads\/2023\/12\/1703887027-1.jpg\" width=\"750\" height=\"451\" srcset=\"https:\/\/stone-phoenix.com\/wp-content\/uploads\/2023\/12\/1703887027-1.jpg 750w, https:\/\/stone-phoenix.com\/wp-content\/uploads\/2023\/12\/1703887027-1-300x180.jpg 300w, https:\/\/stone-phoenix.com\/wp-content\/uploads\/2023\/12\/1703887027-1-18x12.jpg 18w, https:\/\/stone-phoenix.com\/wp-content\/uploads\/2023\/12\/1703887027-1-600x361.jpg 600w, https:\/\/stone-phoenix.com\/wp-content\/uploads\/2023\/12\/1703887027-1-150x90.jpg 150w\" sizes=\"(max-width: 750px) 100vw, 750px\" \/><\/p>\n<map name=\"jop1vy1l\">\n<area coords=\"11,143,187,403\" shape=\"rect\" href=\"https:\/\/longtops.en.alibaba.com\/productgrouplist-805281181\/Interior_Material.html?spm=a2700.icbuShop.prup15aafb.1.102c72f4r9xS94\" target=\"_blank\" \/>\n<area coords=\"194,142,373,405\" shape=\"rect\" href=\"https:\/\/longtops.en.alibaba.com\/productgrouplist-805261574\/Exterior_Material.html?spm=a2700.icbuShop.prup15aafb.10.1bd566f5fx5hr8\" target=\"_blank\" \/>\n<area coords=\"378,142,557,404\" shape=\"rect\" href=\"https:\/\/longtops.en.alibaba.com\/productgrouplist-805343849\/Customized_Material.html?spm=a2700.icbuShop.prup15aafb.21.424e71fe2JWtea\" target=\"_blank\" \/>\n<area coords=\"562,140,739,403\" shape=\"rect\" href=\"https:\/\/longtops.en.alibaba.com\/productgrouplist-807693332\/Design_and_Technology.html?spm=a2700.icbuShop.prup15aafb.29.5bf342c4ATPm7j\" target=\"_blank\" \/> <\/map>\n<\/div>\n<\/div>\n<div id=\"ali-anchor-AliPostDhMb-5273d\" style=\"padding-top: 8px;\" data-section=\"AliPostDhMb-5273d\" data-section-title=\"Project Display\">\n<div id=\"ali-title-AliPostDhMb-5273d\" style=\"padding: 8px 0; border-bottom: 1px solid #ddd;\"><span style=\"background-color: #ddd; color: #333; font-weight: bold; padding: 8px 10px; line-height: 12px;\">Affichage du projet<\/span><\/div>\n<div style=\"padding: 10px 0;\">\n<p><img loading=\"lazy\" decoding=\"async\" class=\"alignnone size-full wp-image-22120\" src=\"http:\/\/stone-phoenix.com\/wp-content\/uploads\/2023\/12\/1703887028.jpg\" width=\"750\" height=\"772\" srcset=\"https:\/\/stone-phoenix.com\/wp-content\/uploads\/2023\/12\/1703887028.jpg 750w, https:\/\/stone-phoenix.com\/wp-content\/uploads\/2023\/12\/1703887028-291x300.jpg 291w, https:\/\/stone-phoenix.com\/wp-content\/uploads\/2023\/12\/1703887028-12x12.jpg 12w, https:\/\/stone-phoenix.com\/wp-content\/uploads\/2023\/12\/1703887028-600x618.jpg 600w, https:\/\/stone-phoenix.com\/wp-content\/uploads\/2023\/12\/1703887028-150x154.jpg 150w\" sizes=\"(max-width: 750px) 100vw, 750px\" \/><\/p>\n<\/div>\n<\/div>\n<div id=\"ali-anchor-AliPostDhMb-9s1md\" style=\"padding-top: 8px;\" data-section=\"AliPostDhMb-9s1md\" data-section-title=\"Company Information\">\n<div id=\"ali-title-AliPostDhMb-9s1md\" style=\"padding: 8px 0; border-bottom: 1px solid #ddd;\"><span style=\"background-color: #ddd; color: #333; font-weight: bold; padding: 8px 10px; line-height: 12px;\">Informations sur l'entreprise<\/span><\/div>\n<div style=\"padding: 10px 0;\">\n<p>&nbsp;<\/p>\n<\/div>\n<\/div>\n<div id=\"ali-anchor-AliPostDhMb-qlaay\" style=\"padding-top: 8px;\" data-section=\"AliPostDhMb-qlaay\" data-section-title=\"Advantages\">\n<div id=\"ali-title-AliPostDhMb-qlaay\" style=\"padding: 8px 0; border-bottom: 1px solid #ddd;\"><span style=\"background-color: #ddd; color: #333; font-weight: bold; padding: 8px 10px; line-height: 12px;\">Avantages<\/span><\/div>\n<div style=\"padding: 10px 0;\">\n<p><img loading=\"lazy\" decoding=\"async\" class=\"alignnone size-full wp-image-22122\" src=\"http:\/\/stone-phoenix.com\/wp-content\/uploads\/2023\/12\/1703887029.jpg\" width=\"750\" height=\"1242\" srcset=\"https:\/\/stone-phoenix.com\/wp-content\/uploads\/2023\/12\/1703887029.jpg 750w, https:\/\/stone-phoenix.com\/wp-content\/uploads\/2023\/12\/1703887029-181x300.jpg 181w, https:\/\/stone-phoenix.com\/wp-content\/uploads\/2023\/12\/1703887029-618x1024.jpg 618w, https:\/\/stone-phoenix.com\/wp-content\/uploads\/2023\/12\/1703887029-7x12.jpg 7w, https:\/\/stone-phoenix.com\/wp-content\/uploads\/2023\/12\/1703887029-600x994.jpg 600w, https:\/\/stone-phoenix.com\/wp-content\/uploads\/2023\/12\/1703887029-150x248.jpg 150w\" sizes=\"(max-width: 750px) 100vw, 750px\" \/><\/p>\n<map name=\"jorwd5m6\"><img loading=\"lazy\" decoding=\"async\" class=\"alignnone size-full wp-image-22124\" src=\"http:\/\/stone-phoenix.com\/wp-content\/uploads\/2023\/12\/1703887030.jpg\" width=\"750\" height=\"1090\" srcset=\"https:\/\/stone-phoenix.com\/wp-content\/uploads\/2023\/12\/1703887030.jpg 750w, https:\/\/stone-phoenix.com\/wp-content\/uploads\/2023\/12\/1703887030-206x300.jpg 206w, https:\/\/stone-phoenix.com\/wp-content\/uploads\/2023\/12\/1703887030-705x1024.jpg 705w, https:\/\/stone-phoenix.com\/wp-content\/uploads\/2023\/12\/1703887030-8x12.jpg 8w, https:\/\/stone-phoenix.com\/wp-content\/uploads\/2023\/12\/1703887030-600x872.jpg 600w, https:\/\/stone-phoenix.com\/wp-content\/uploads\/2023\/12\/1703887030-150x218.jpg 150w\" sizes=\"(max-width: 750px) 100vw, 750px\" \/><img loading=\"lazy\" decoding=\"async\" class=\"alignnone size-full wp-image-22125\" src=\"http:\/\/stone-phoenix.com\/wp-content\/uploads\/2023\/12\/1703887031.jpg\" width=\"750\" height=\"978\" srcset=\"https:\/\/stone-phoenix.com\/wp-content\/uploads\/2023\/12\/1703887031.jpg 750w, https:\/\/stone-phoenix.com\/wp-content\/uploads\/2023\/12\/1703887031-230x300.jpg 230w, https:\/\/stone-phoenix.com\/wp-content\/uploads\/2023\/12\/1703887031-9x12.jpg 9w, https:\/\/stone-phoenix.com\/wp-content\/uploads\/2023\/12\/1703887031-600x782.jpg 600w, https:\/\/stone-phoenix.com\/wp-content\/uploads\/2023\/12\/1703887031-150x196.jpg 150w\" sizes=\"(max-width: 750px) 100vw, 750px\" \/> <\/map>\n<\/div>\n<\/div>\n<div id=\"ali-anchor-AliPostDhMb-ils4t\" style=\"padding-top: 8px;\" data-section=\"AliPostDhMb-ils4t\" data-section-title=\"FAQ\">\n<div id=\"ali-title-AliPostDhMb-ils4t\" style=\"padding: 8px 0; border-bottom: 1px solid #ddd;\"><span style=\"background-color: #ddd; color: #333; font-weight: bold; padding: 8px 10px; line-height: 12px;\">FAQ<\/span><\/div>\n<div style=\"padding: 10px 0;\">\n<p><img loading=\"lazy\" decoding=\"async\" class=\"alignnone size-full wp-image-22127\" src=\"http:\/\/stone-phoenix.com\/wp-content\/uploads\/2023\/12\/1703887032.jpg\" width=\"750\" height=\"932\" srcset=\"https:\/\/stone-phoenix.com\/wp-content\/uploads\/2023\/12\/1703887032.jpg 750w, https:\/\/stone-phoenix.com\/wp-content\/uploads\/2023\/12\/1703887032-241x300.jpg 241w, https:\/\/stone-phoenix.com\/wp-content\/uploads\/2023\/12\/1703887032-10x12.jpg 10w, https:\/\/stone-phoenix.com\/wp-content\/uploads\/2023\/12\/1703887032-600x746.jpg 600w, https:\/\/stone-phoenix.com\/wp-content\/uploads\/2023\/12\/1703887032-150x186.jpg 150w\" sizes=\"(max-width: 750px) 100vw, 750px\" \/><\/p>\n<p><a target=\"_blank\" rel=\"noopener\"><span style=\"font-size: 16px;\"><img loading=\"lazy\" decoding=\"async\" class=\"alignnone size-full wp-image-22128\" src=\"http:\/\/stone-phoenix.com\/wp-content\/uploads\/2023\/12\/1703887033.jpg\" width=\"750\" height=\"153\" srcset=\"https:\/\/stone-phoenix.com\/wp-content\/uploads\/2023\/12\/1703887033.jpg 750w, https:\/\/stone-phoenix.com\/wp-content\/uploads\/2023\/12\/1703887033-300x61.jpg 300w, https:\/\/stone-phoenix.com\/wp-content\/uploads\/2023\/12\/1703887033-18x4.jpg 18w, https:\/\/stone-phoenix.com\/wp-content\/uploads\/2023\/12\/1703887033-600x122.jpg 600w, https:\/\/stone-phoenix.com\/wp-content\/uploads\/2023\/12\/1703887033-150x31.jpg 150w\" sizes=\"(max-width: 750px) 100vw, 750px\" \/><\/span><\/a><\/p>\n<\/div>\n<\/div>\n<\/div>","protected":false},"excerpt":{"rendered":"<p>White Wood Vein Marble Strip Natural Stone Culstone White wood vein marble strip mosaic natural stone culstone, which is a<\/p>","protected":false},"featured_media":25371,"template":"","meta":[],"product_cat":[113],"product_tag":[],"_links":{"self":[{"href":"https:\/\/stone-phoenix.com\/fr\/wp-json\/wp\/v2\/product\/22112"}],"collection":[{"href":"https:\/\/stone-phoenix.com\/fr\/wp-json\/wp\/v2\/product"}],"about":[{"href":"https:\/\/stone-phoenix.com\/fr\/wp-json\/wp\/v2\/types\/product"}],"wp:featuredmedia":[{"embeddable":true,"href":"https:\/\/stone-phoenix.com\/fr\/wp-json\/wp\/v2\/media\/25371"}],"wp:attachment":[{"href":"https:\/\/stone-phoenix.com\/fr\/wp-json\/wp\/v2\/media?parent=22112"}],"wp:term":[{"taxonomy":"product_cat","embeddable":true,"href":"https:\/\/stone-phoenix.com\/fr\/wp-json\/wp\/v2\/product_cat?post=22112"},{"taxonomy":"product_tag","embeddable":true,"href":"https:\/\/stone-phoenix.com\/fr\/wp-json\/wp\/v2\/product_tag?post=22112"}],"curies":[{"name":"wp","href":"https:\/\/api.w.org\/{rel}","templated":true}]}}