{"id":22165,"date":"2023-12-29T21:59:05","date_gmt":"2023-12-29T13:59:05","guid":{"rendered":"http:\/\/stone-phoenix.com\/product\/marble-tiles-flooring-manufacturer-yellow-onyx-marble"},"modified":"2023-12-29T21:59:05","modified_gmt":"2023-12-29T13:59:05","slug":"marble-tiles-flooring-manufacturer-yellow-onyx-marble","status":"publish","type":"product","link":"https:\/\/stone-phoenix.com\/fr\/produit\/marble-tiles-flooring-manufacturer-yellow-onyx-marble","title":{"rendered":"Carreaux de marbre Fabricant de rev\u00eatements de sol Marbre Onyx jaune"},"content":{"rendered":"<div class=\"woocommerce-Tabs-panel woocommerce-Tabs-panel--description panel entry-content wc-tab\" id=\"tab-description\" role=\"tabpanel\" aria-labelledby=\"tab-title-description\" style=\"\">\n<h2><span style=\"font-size: 18pt;\">Carreaux de marbre Fabricant de rev\u00eatements de sol Marbre Onyx jaune<\/span><\/h2>\n<p>Bienvenue dans notre usine de carreaux de marbre vert, o\u00f9 nous sommes fiers de produire des carreaux de marbre de haute qualit\u00e9 dans de superbes nuances de vert qui apportent une touche de beaut\u00e9 naturelle dans votre espace. Nos carreaux de marbre sont fabriqu\u00e9s \u00e0 partir de marbre vert de premi\u00e8re qualit\u00e9 provenant de carri\u00e8res r\u00e9put\u00e9es, ce qui vous garantit un produit refl\u00e9tant le charme et l'\u00e9l\u00e9gance uniques de cette pierre naturelle.<\/p>\n<p>Nos carreaux de marbre vert sont disponibles dans diff\u00e9rentes nuances de vert, allant du vert menthe clair au vert \u00e9meraude profond, offrant ainsi un large \u00e9ventail d'options pour r\u00e9pondre aux diff\u00e9rents styles de conception et aux pr\u00e9f\u00e9rences. Les veines naturelles et les variations de couleur du marbre vert cr\u00e9ent un sentiment de mouvement et de profondeur, ajoutant du caract\u00e8re et de la sophistication \u00e0 votre espace.<\/p>\n<p>Nos dalles de marbre vert sont fabriqu\u00e9es avec pr\u00e9cision et coup\u00e9es aux dimensions standard, ce qui permet une installation professionnelle et sans faille. Avec un choix de tailles, de formes et de finitions vari\u00e9es, vous pouvez cr\u00e9er un rev\u00eatement de sol personnalis\u00e9 qui rehausse l'esth\u00e9tique de votre espace. Que vous pr\u00e9f\u00e9riez les carreaux carr\u00e9s classiques, les carreaux rectangulaires modernes ou les motifs de mosa\u00efque complexes, nos carreaux de marbre vert offrent une polyvalence de conception pour donner vie \u00e0 votre vision.<\/p>\n<p>Outre leur aspect \u00e9poustouflant, nos carreaux de marbre vert sont r\u00e9put\u00e9s pour leur durabilit\u00e9 et leur long\u00e9vit\u00e9. Le marbre est une pierre naturellement durable et r\u00e9sistante, ce qui en fait un mat\u00e9riau id\u00e9al pour les zones tr\u00e8s fr\u00e9quent\u00e9es de votre maison ou de votre espace commercial. Nos dalles de marbre vert sont con\u00e7ues pour r\u00e9sister \u00e0 l'\u00e9preuve du temps et conserver leur beaut\u00e9 pendant des ann\u00e9es avec un entretien appropri\u00e9, ce qui en fait un investissement rentable pour votre projet de rev\u00eatement de sol.<\/p>\n<p>En tant qu'usine de carreaux de marbre vert de confiance, nous nous engageons \u00e0 fournir des produits de qualit\u00e9 sup\u00e9rieure et un excellent service \u00e0 la client\u00e8le. Nos carreaux de marbre sont soumis \u00e0 des mesures rigoureuses de contr\u00f4le de la qualit\u00e9 afin de garantir qu'ils respectent ou d\u00e9passent les normes de l'industrie. Nous proposons \u00e9galement des options de prix comp\u00e9titifs, ce qui fait de nos carreaux de marbre vert un choix rentable pour ajouter une touche d'\u00e9l\u00e9gance \u00e0 votre espace.<\/p>\n<table style=\"height: 383px;\" width=\"1361\">\n<tbody>\n<\/tbody>\n<tbody>\n<tr>\n<td width=\"121\">Mat\u00e9riau<\/td>\n<td width=\"125\">Couleur primaire<\/td>\n<td width=\"193\">Produit<\/td>\n<td width=\"231\">Taille (cm)<\/td>\n<td width=\"156\">Finition<\/td>\n<td width=\"72\">Densit\u00e9<br \/>\n(g\/cm3)<\/td>\n<td width=\"116\">Absorption de l'eau<br \/>\n(%)<\/td>\n<\/tr>\n<tr>\n<td>Marbre Onyx Jaune<\/td>\n<td>Jaune<\/td>\n<td width=\"193\">Dalle<br \/>\nCarrelage<br \/>\nEscalier<br \/>\nColonne<br \/>\nPilier<br \/>\nAppui de fen\u00eatre<br \/>\nComptoir<br \/>\nEtc<\/td>\n<td width=\"231\">240up x120up x2\/3<br \/>\n60\u00d730\/60\u00d71\/1.5\/2\/3<br \/>\n100-160x34x3<br \/>\n100-160x15x2Etc<\/td>\n<td width=\"156\">Poli<br \/>\nHonor\u00e9<br \/>\nAntiquit\u00e9<br \/>\nEtc<\/td>\n<td>2.74<\/td>\n<td>0.19<\/td>\n<\/tr>\n<\/tbody>\n<\/table>\n<p>\u00a0<\/p>\n<h2>S\u00e9rie Marbre Jaune<\/h2>\n<table style=\"border-collapse: collapse; width: 216.03pt;\" border=\"0\" width=\"288\" cellspacing=\"0\" cellpadding=\"0\">\n<tbody>\n<\/tbody>\n<tbody>\n<tr style=\"height: 13.50pt;\">\n<td style=\"height: 13.50pt; width: 54.00pt;\" align=\"right\" width=\"72\" height=\"18\">\n<figure id=\"attachment_6448\" aria-describedby=\"caption-attachment-6448\" style=\"width: 300px\" class=\"wp-caption aligncenter\"><img loading=\"lazy\" decoding=\"async\" class=\"alignnone size-full wp-image-22167\" src=\"http:\/\/stone-phoenix.com\/wp-content\/uploads\/2023\/12\/1703887145.jpg\" width=\"300\" height=\"300\" srcset=\"https:\/\/stone-phoenix.com\/wp-content\/uploads\/2023\/12\/1703887145.jpg 300w, https:\/\/stone-phoenix.com\/wp-content\/uploads\/2023\/12\/1703887145-150x150.jpg 150w, https:\/\/stone-phoenix.com\/wp-content\/uploads\/2023\/12\/1703887145-12x12.jpg 12w\" sizes=\"(max-width: 300px) 100vw, 300px\" \/><figcaption id=\"caption-attachment-6448\" class=\"wp-caption-text\"><span style=\"font-size: 16px;\">Marbre beige ange<\/span><\/figcaption><\/figure>\n<\/td>\n<td style=\"width: 54.00pt;\" align=\"right\" width=\"72\">\n<figure id=\"attachment_6449\" aria-describedby=\"caption-attachment-6449\" style=\"width: 300px\" class=\"wp-caption aligncenter\"><img loading=\"lazy\" decoding=\"async\" class=\"alignnone size-full wp-image-22168\" src=\"http:\/\/stone-phoenix.com\/wp-content\/uploads\/2023\/12\/1703887146.jpg\" width=\"300\" height=\"300\" srcset=\"https:\/\/stone-phoenix.com\/wp-content\/uploads\/2023\/12\/1703887146.jpg 300w, https:\/\/stone-phoenix.com\/wp-content\/uploads\/2023\/12\/1703887146-150x150.jpg 150w, https:\/\/stone-phoenix.com\/wp-content\/uploads\/2023\/12\/1703887146-12x12.jpg 12w\" sizes=\"(max-width: 300px) 100vw, 300px\" \/><figcaption id=\"caption-attachment-6449\" class=\"wp-caption-text\"><span style=\"font-size: 16px;\">Marbre beige d'Ath\u00e8nes<\/span><\/figcaption><\/figure>\n<\/td>\n<td style=\"width: 54.00pt;\" align=\"right\" width=\"72\">\n<figure id=\"attachment_6450\" aria-describedby=\"caption-attachment-6450\" style=\"width: 300px\" class=\"wp-caption aligncenter\"><img loading=\"lazy\" decoding=\"async\" class=\"alignnone size-full wp-image-22169\" src=\"http:\/\/stone-phoenix.com\/wp-content\/uploads\/2023\/12\/1703887147.jpg\" width=\"300\" height=\"300\" srcset=\"https:\/\/stone-phoenix.com\/wp-content\/uploads\/2023\/12\/1703887147.jpg 300w, https:\/\/stone-phoenix.com\/wp-content\/uploads\/2023\/12\/1703887147-150x150.jpg 150w, https:\/\/stone-phoenix.com\/wp-content\/uploads\/2023\/12\/1703887147-12x12.jpg 12w\" sizes=\"(max-width: 300px) 100vw, 300px\" \/><figcaption id=\"caption-attachment-6450\" class=\"wp-caption-text\"><span style=\"font-size: 16px;\">Marbre beige Centure<\/span><\/figcaption><\/figure>\n<\/td>\n<td style=\"width: 54.00pt;\" align=\"right\" width=\"72\">\n<figure id=\"attachment_6451\" aria-describedby=\"caption-attachment-6451\" style=\"width: 300px\" class=\"wp-caption aligncenter\"><img loading=\"lazy\" decoding=\"async\" class=\"alignnone size-full wp-image-22170\" src=\"http:\/\/stone-phoenix.com\/wp-content\/uploads\/2023\/12\/1703887147-1.jpg\" width=\"300\" height=\"300\" srcset=\"https:\/\/stone-phoenix.com\/wp-content\/uploads\/2023\/12\/1703887147-1.jpg 300w, https:\/\/stone-phoenix.com\/wp-content\/uploads\/2023\/12\/1703887147-1-150x150.jpg 150w, https:\/\/stone-phoenix.com\/wp-content\/uploads\/2023\/12\/1703887147-1-12x12.jpg 12w\" sizes=\"(max-width: 300px) 100vw, 300px\" \/><figcaption id=\"caption-attachment-6451\" class=\"wp-caption-text\"><span style=\"font-size: 16px;\">Marbre Crema Marfil<\/span><\/figcaption><\/figure>\n<\/td>\n<\/tr>\n<tr style=\"height: 13.50pt;\">\n<td style=\"height: 13.50pt;\" align=\"right\" height=\"18\">\n<figure id=\"attachment_6452\" aria-describedby=\"caption-attachment-6452\" style=\"width: 300px\" class=\"wp-caption aligncenter\"><img loading=\"lazy\" decoding=\"async\" class=\"alignnone size-full wp-image-22171\" src=\"http:\/\/stone-phoenix.com\/wp-content\/uploads\/2023\/12\/1703887148.jpg\" width=\"300\" height=\"300\" srcset=\"https:\/\/stone-phoenix.com\/wp-content\/uploads\/2023\/12\/1703887148.jpg 300w, https:\/\/stone-phoenix.com\/wp-content\/uploads\/2023\/12\/1703887148-150x150.jpg 150w, https:\/\/stone-phoenix.com\/wp-content\/uploads\/2023\/12\/1703887148-12x12.jpg 12w\" sizes=\"(max-width: 300px) 100vw, 300px\" \/><figcaption id=\"caption-attachment-6452\" class=\"wp-caption-text\"><span style=\"font-size: 16px;\">Marbre araign\u00e9e d'or<\/span><\/figcaption><\/figure>\n<\/td>\n<td align=\"right\">\n<figure id=\"attachment_6453\" aria-describedby=\"caption-attachment-6453\" style=\"width: 300px\" class=\"wp-caption aligncenter\"><img loading=\"lazy\" decoding=\"async\" class=\"alignnone size-full wp-image-22172\" src=\"http:\/\/stone-phoenix.com\/wp-content\/uploads\/2023\/12\/1703887149.jpg\" width=\"300\" height=\"300\" srcset=\"https:\/\/stone-phoenix.com\/wp-content\/uploads\/2023\/12\/1703887149.jpg 300w, https:\/\/stone-phoenix.com\/wp-content\/uploads\/2023\/12\/1703887149-150x150.jpg 150w, https:\/\/stone-phoenix.com\/wp-content\/uploads\/2023\/12\/1703887149-12x12.jpg 12w\" sizes=\"(max-width: 300px) 100vw, 300px\" \/><figcaption id=\"caption-attachment-6453\" class=\"wp-caption-text\"><span style=\"font-size: 16px;\">Marbre beige Maya<\/span><\/figcaption><\/figure>\n<\/td>\n<td align=\"right\">\n<figure id=\"attachment_6454\" aria-describedby=\"caption-attachment-6454\" style=\"width: 300px\" class=\"wp-caption aligncenter\"><img loading=\"lazy\" decoding=\"async\" class=\"alignnone size-full wp-image-22173\" src=\"http:\/\/stone-phoenix.com\/wp-content\/uploads\/2023\/12\/1703887149-1.jpg\" width=\"300\" height=\"300\" srcset=\"https:\/\/stone-phoenix.com\/wp-content\/uploads\/2023\/12\/1703887149-1.jpg 300w, https:\/\/stone-phoenix.com\/wp-content\/uploads\/2023\/12\/1703887149-1-150x150.jpg 150w, https:\/\/stone-phoenix.com\/wp-content\/uploads\/2023\/12\/1703887149-1-12x12.jpg 12w\" sizes=\"(max-width: 300px) 100vw, 300px\" \/><figcaption id=\"caption-attachment-6454\" class=\"wp-caption-text\"><span style=\"font-size: 16px;\">Nouveau marbre royal Boticino<\/span><\/figcaption><\/figure>\n<\/td>\n<td align=\"right\">\n<figure id=\"attachment_6455\" aria-describedby=\"caption-attachment-6455\" style=\"width: 300px\" class=\"wp-caption aligncenter\"><img loading=\"lazy\" decoding=\"async\" class=\"alignnone size-full wp-image-22174\" src=\"http:\/\/stone-phoenix.com\/wp-content\/uploads\/2023\/12\/1703887150.jpg\" width=\"300\" height=\"300\" srcset=\"https:\/\/stone-phoenix.com\/wp-content\/uploads\/2023\/12\/1703887150.jpg 300w, https:\/\/stone-phoenix.com\/wp-content\/uploads\/2023\/12\/1703887150-150x150.jpg 150w, https:\/\/stone-phoenix.com\/wp-content\/uploads\/2023\/12\/1703887150-12x12.jpg 12w\" sizes=\"(max-width: 300px) 100vw, 300px\" \/><figcaption id=\"caption-attachment-6455\" class=\"wp-caption-text\"><span style=\"font-size: 16px;\">Marbre rose jaune romain<\/span><\/figcaption><\/figure>\n<\/td>\n<\/tr>\n<tr style=\"height: 13.50pt;\">\n<td style=\"height: 13.50pt;\" align=\"right\" height=\"18\">\n<figure id=\"attachment_6456\" aria-describedby=\"caption-attachment-6456\" style=\"width: 300px\" class=\"wp-caption aligncenter\"><img loading=\"lazy\" decoding=\"async\" class=\"alignnone size-full wp-image-22175\" src=\"http:\/\/stone-phoenix.com\/wp-content\/uploads\/2023\/12\/1703887151.png\" width=\"300\" height=\"300\" srcset=\"https:\/\/stone-phoenix.com\/wp-content\/uploads\/2023\/12\/1703887151.png 300w, https:\/\/stone-phoenix.com\/wp-content\/uploads\/2023\/12\/1703887151-150x150.png 150w, https:\/\/stone-phoenix.com\/wp-content\/uploads\/2023\/12\/1703887151-12x12.png 12w\" sizes=\"(max-width: 300px) 100vw, 300px\" \/><figcaption id=\"caption-attachment-6456\" class=\"wp-caption-text\"><span style=\"font-size: 16px;\">Marbre Sahara Beige<\/span><\/figcaption><\/figure>\n<\/td>\n<td align=\"right\">\n<figure id=\"attachment_6457\" aria-describedby=\"caption-attachment-6457\" style=\"width: 300px\" class=\"wp-caption aligncenter\"><img loading=\"lazy\" decoding=\"async\" class=\"alignnone size-full wp-image-22176\" src=\"http:\/\/stone-phoenix.com\/wp-content\/uploads\/2023\/12\/1703887152.jpg\" width=\"300\" height=\"300\" srcset=\"https:\/\/stone-phoenix.com\/wp-content\/uploads\/2023\/12\/1703887152.jpg 300w, https:\/\/stone-phoenix.com\/wp-content\/uploads\/2023\/12\/1703887152-150x150.jpg 150w, https:\/\/stone-phoenix.com\/wp-content\/uploads\/2023\/12\/1703887152-12x12.jpg 12w\" sizes=\"(max-width: 300px) 100vw, 300px\" \/><figcaption id=\"caption-attachment-6457\" class=\"wp-caption-text\"><span style=\"font-size: 16px;\">Marbre beige Shayan<\/span><\/figcaption><\/figure>\n<\/td>\n<td align=\"right\">\n<figure id=\"attachment_6458\" aria-describedby=\"caption-attachment-6458\" style=\"width: 300px\" class=\"wp-caption aligncenter\"><img loading=\"lazy\" decoding=\"async\" class=\"alignnone size-full wp-image-22177\" src=\"http:\/\/stone-phoenix.com\/wp-content\/uploads\/2023\/12\/1703887152-1.jpg\" width=\"300\" height=\"300\" srcset=\"https:\/\/stone-phoenix.com\/wp-content\/uploads\/2023\/12\/1703887152-1.jpg 300w, https:\/\/stone-phoenix.com\/wp-content\/uploads\/2023\/12\/1703887152-1-150x150.jpg 150w, https:\/\/stone-phoenix.com\/wp-content\/uploads\/2023\/12\/1703887152-1-12x12.jpg 12w\" sizes=\"(max-width: 300px) 100vw, 300px\" \/><figcaption id=\"caption-attachment-6458\" class=\"wp-caption-text\"><span style=\"font-size: 16px;\">Marbre espagnol dor\u00e9<\/span><\/figcaption><\/figure>\n<\/td>\n<td align=\"right\">\n<figure id=\"attachment_6459\" aria-describedby=\"caption-attachment-6459\" style=\"width: 300px\" class=\"wp-caption aligncenter\"><img loading=\"lazy\" decoding=\"async\" class=\"alignnone size-full wp-image-22178\" src=\"http:\/\/stone-phoenix.com\/wp-content\/uploads\/2023\/12\/1703887153.jpg\" width=\"300\" height=\"300\" srcset=\"https:\/\/stone-phoenix.com\/wp-content\/uploads\/2023\/12\/1703887153.jpg 300w, https:\/\/stone-phoenix.com\/wp-content\/uploads\/2023\/12\/1703887153-150x150.jpg 150w, https:\/\/stone-phoenix.com\/wp-content\/uploads\/2023\/12\/1703887153-12x12.jpg 12w\" sizes=\"(max-width: 300px) 100vw, 300px\" \/><figcaption id=\"caption-attachment-6459\" class=\"wp-caption-text\"><span style=\"font-size: 16px;\">Marbre Sunny Beige<\/span><\/figcaption><\/figure>\n<\/td>\n<\/tr>\n<tr style=\"height: 13.50pt;\">\n<td style=\"height: 13.50pt;\" align=\"right\" height=\"18\">\n<figure id=\"attachment_6460\" aria-describedby=\"caption-attachment-6460\" style=\"width: 300px\" class=\"wp-caption aligncenter\"><img loading=\"lazy\" decoding=\"async\" class=\"alignnone size-full wp-image-22179\" src=\"http:\/\/stone-phoenix.com\/wp-content\/uploads\/2023\/12\/1703887154.jpg\" width=\"300\" height=\"300\" srcset=\"https:\/\/stone-phoenix.com\/wp-content\/uploads\/2023\/12\/1703887154.jpg 300w, https:\/\/stone-phoenix.com\/wp-content\/uploads\/2023\/12\/1703887154-150x150.jpg 150w, https:\/\/stone-phoenix.com\/wp-content\/uploads\/2023\/12\/1703887154-12x12.jpg 12w\" sizes=\"(max-width: 300px) 100vw, 300px\" \/><figcaption id=\"caption-attachment-6460\" class=\"wp-caption-text\"><span style=\"font-size: 16px;\">Marbre jaune en bois<\/span><\/figcaption><\/figure>\n<\/td>\n<td align=\"right\">\n<figure id=\"attachment_6461\" aria-describedby=\"caption-attachment-6461\" style=\"width: 300px\" class=\"wp-caption aligncenter\"><img loading=\"lazy\" decoding=\"async\" class=\"alignnone size-full wp-image-22180\" src=\"http:\/\/stone-phoenix.com\/wp-content\/uploads\/2023\/12\/1703887155.jpg\" width=\"300\" height=\"300\" srcset=\"https:\/\/stone-phoenix.com\/wp-content\/uploads\/2023\/12\/1703887155.jpg 300w, https:\/\/stone-phoenix.com\/wp-content\/uploads\/2023\/12\/1703887155-150x150.jpg 150w, https:\/\/stone-phoenix.com\/wp-content\/uploads\/2023\/12\/1703887155-12x12.jpg 12w\" sizes=\"(max-width: 300px) 100vw, 300px\" \/><figcaption id=\"caption-attachment-6461\" class=\"wp-caption-text\"><span style=\"font-size: 16px;\">Marbre Onyx Jaune<\/span><\/figcaption><\/figure>\n<\/td>\n<td align=\"right\">\n<figure id=\"attachment_6462\" aria-describedby=\"caption-attachment-6462\" style=\"width: 300px\" class=\"wp-caption aligncenter\"><img loading=\"lazy\" decoding=\"async\" class=\"alignnone size-full wp-image-22181\" src=\"http:\/\/stone-phoenix.com\/wp-content\/uploads\/2023\/12\/1703887155-1.jpg\" width=\"300\" height=\"300\" srcset=\"https:\/\/stone-phoenix.com\/wp-content\/uploads\/2023\/12\/1703887155-1.jpg 300w, https:\/\/stone-phoenix.com\/wp-content\/uploads\/2023\/12\/1703887155-1-150x150.jpg 150w, https:\/\/stone-phoenix.com\/wp-content\/uploads\/2023\/12\/1703887155-1-12x12.jpg 12w\" sizes=\"(max-width: 300px) 100vw, 300px\" \/><figcaption id=\"caption-attachment-6462\" class=\"wp-caption-text\"><span style=\"font-size: 16px;\">Marbre beige Yunxia<\/span><\/figcaption><\/figure>\n<\/td>\n<td align=\"right\"><\/td>\n<\/tr>\n<\/tbody>\n<\/table><\/div>","protected":false},"excerpt":{"rendered":"<p>Marble Tiles Flooring Manufacturer Yellow Onyx Marble Marble tiles flooring manufacturer.Welcome to our Green Marble Tile Factory, where we take<\/p>","protected":false},"featured_media":22166,"template":"","meta":[],"product_cat":[113],"product_tag":[],"_links":{"self":[{"href":"https:\/\/stone-phoenix.com\/fr\/wp-json\/wp\/v2\/product\/22165"}],"collection":[{"href":"https:\/\/stone-phoenix.com\/fr\/wp-json\/wp\/v2\/product"}],"about":[{"href":"https:\/\/stone-phoenix.com\/fr\/wp-json\/wp\/v2\/types\/product"}],"wp:featuredmedia":[{"embeddable":true,"href":"https:\/\/stone-phoenix.com\/fr\/wp-json\/wp\/v2\/media\/22166"}],"wp:attachment":[{"href":"https:\/\/stone-phoenix.com\/fr\/wp-json\/wp\/v2\/media?parent=22165"}],"wp:term":[{"taxonomy":"product_cat","embeddable":true,"href":"https:\/\/stone-phoenix.com\/fr\/wp-json\/wp\/v2\/product_cat?post=22165"},{"taxonomy":"product_tag","embeddable":true,"href":"https:\/\/stone-phoenix.com\/fr\/wp-json\/wp\/v2\/product_tag?post=22165"}],"curies":[{"name":"wp","href":"https:\/\/api.w.org\/{rel}","templated":true}]}}