{"id":22183,"date":"2023-12-29T22:28:12","date_gmt":"2023-12-29T14:28:12","guid":{"rendered":"http:\/\/stone-phoenix.com\/product\/black-rosa-marble-quarry-blocks"},"modified":"2024-03-14T10:46:02","modified_gmt":"2024-03-14T02:46:02","slug":"black-rosa-marble-quarry-blocks","status":"publish","type":"product","link":"https:\/\/stone-phoenix.com\/fr\/produit\/black-rosa-marble-quarry-blocks","title":{"rendered":"Blocs de carri\u00e8re en marbre Rosa noir"},"content":{"rendered":"<div id=\"tab-description\" class=\"woocommerce-Tabs-panel woocommerce-Tabs-panel--description panel entry-content wc-tab\" role=\"tabpanel\" aria-labelledby=\"tab-title-description\">\n<div class=\"rll-youtube-player\" data-src=\"https:\/\/www.youtube.com\/embed\/g_ergETk_O8\" data-id=\"g_ergETk_O8\" data-query=\"si=ecCYAjO7J4cwAczP\"><\/div>\n<p><strong><span style=\"vertical-align: inherit;\"><span style=\"vertical-align: inherit;\"><span style=\"vertical-align: inherit;\"><span style=\"vertical-align: inherit;\">D\u00e9couvrez l'\u00e9l\u00e9gance dans chaque quartier : Bloc de carri\u00e8re en marbre Black Rosa de phonenix power stone<\/span><\/span><\/span><\/span><\/strong><\/p>\n<p><span style=\"vertical-align: inherit;\"><span style=\"vertical-align: inherit;\"><span style=\"vertical-align: inherit;\"><span style=\"vertical-align: inherit;\">Bienvenue sur le site de Longtop Stone, une marque r\u00e9put\u00e9e de marbre et de granit, fi\u00e8rement ancr\u00e9e au c\u0153ur de la Chine. <\/span><\/span><\/span><span style=\"vertical-align: inherit;\"><span style=\"vertical-align: inherit;\"><span style=\"vertical-align: inherit;\">En tant que fournisseur de marbre de premier plan, nous sommes fiers de nos carri\u00e8res de marbre uniques, qui vous offrent la beaut\u00e9 exquise des blocs de carri\u00e8re de marbre Black Rosa. <\/span><\/span><\/span><span style=\"vertical-align: inherit;\"><span style=\"vertical-align: inherit;\"><span style=\"vertical-align: inherit;\">Forts d'un h\u00e9ritage d'excellence, nous sommes sp\u00e9cialis\u00e9s dans l'extraction du marbre et fournissons des blocs, des dalles et des carreaux de marbre d'une qualit\u00e9 in\u00e9gal\u00e9e.<\/span><\/span><\/span><\/span><\/p>\n<p><strong><span style=\"vertical-align: inherit;\"><span style=\"vertical-align: inherit;\"><span style=\"vertical-align: inherit;\"><span style=\"vertical-align: inherit;\">D\u00e9voiler le marbre Black Rosa : une symphonie de luxe et de sophistication<\/span><\/span><\/span><\/span><\/strong><\/p>\n<p><span style=\"vertical-align: inherit;\"><span style=\"vertical-align: inherit;\"><span style=\"vertical-align: inherit;\"><span style=\"vertical-align: inherit;\">Issu de nos carri\u00e8res d'origine, le marbre Black Rosa est un t\u00e9moignage de la puissance artistique de la nature. <\/span><\/span><\/span><span style=\"vertical-align: inherit;\"><span style=\"vertical-align: inherit;\"><span style=\"vertical-align: inherit;\">Cette pierre pr\u00e9cieuse luxueuse pr\u00e9sente de riches tons sombres et des textures subtiles, cr\u00e9ant une symphonie captivante d'\u00e9l\u00e9gance et de sophistication. <\/span><\/span><\/span><span style=\"vertical-align: inherit;\"><span style=\"vertical-align: inherit;\"><span style=\"vertical-align: inherit;\">Chaque quartier raconte une histoire unique, portant la marque des si\u00e8cles et des merveilles naturelles qui l'ont fa\u00e7onn\u00e9.<\/span><\/span><\/span><\/span><\/p>\n<p><strong><span style=\"vertical-align: inherit;\"><span style=\"vertical-align: inherit;\"><span style=\"vertical-align: inherit;\"><span style=\"vertical-align: inherit;\">Une qualit\u00e9 in\u00e9gal\u00e9e : la promesse de phonenix power stone<\/span><\/span><\/span><\/span><\/strong><\/p>\n<p><span style=\"vertical-align: inherit;\"><span style=\"vertical-align: inherit;\"><span style=\"vertical-align: inherit;\"><span style=\"vertical-align: inherit;\">Chez phonenix power stone, nous comprenons l'importance d'une qualit\u00e9 sans compromis. <\/span><\/span><\/span><span style=\"vertical-align: inherit;\"><span style=\"vertical-align: inherit;\"><span style=\"vertical-align: inherit;\">Nos blocs de carri\u00e8re en marbre Black Rosa t\u00e9moignent de notre engagement en faveur de l'excellence. <\/span><\/span><\/span><span style=\"vertical-align: inherit;\"><span style=\"vertical-align: inherit;\"><span style=\"vertical-align: inherit;\">Les blocs sont soigneusement extraits et trait\u00e9s afin de garantir que le produit final d\u00e9passe vos attentes, qu'il s'agisse de cr\u00e9er de magnifiques plans de travail, de luxueux rev\u00eatements de sol ou de superbes \u00e9l\u00e9ments muraux.<\/span><\/span><\/span><\/span><\/p>\n<p><strong><span style=\"vertical-align: inherit;\"><span style=\"vertical-align: inherit;\"><span style=\"vertical-align: inherit;\"><span style=\"vertical-align: inherit;\">Red\u00e9finir la polyvalence : Les possibilit\u00e9s infinies du marbre noir Rosa<\/span><\/span><\/span><\/span><\/strong><\/p>\n<p><span style=\"vertical-align: inherit;\"><span style=\"vertical-align: inherit;\"><span style=\"vertical-align: inherit;\"><span style=\"vertical-align: inherit;\">La polyvalence du marbre Black Rosa est illimit\u00e9e. <\/span><\/span><\/span><span style=\"vertical-align: inherit;\"><span style=\"vertical-align: inherit;\"><span style=\"vertical-align: inherit;\">Que vous soyez architecte, designer ou propri\u00e9taire visionnaire, ces carri\u00e8res offrent des possibilit\u00e9s infinies. <\/span><\/span><\/span><span style=\"vertical-align: inherit;\"><span style=\"vertical-align: inherit;\"><span style=\"vertical-align: inherit;\">Qu'il s'agisse d'ardoises \u00e9tonnantes qui rehaussent vos int\u00e9rieurs ou de carreaux coup\u00e9s sur mesure qui d\u00e9finissent votre espace, le marbre Black Rosa apporte une beaut\u00e9 intemporelle \u00e0 tous les projets.<\/span><\/span><\/span><\/span><\/p>\n<p><strong><span style=\"vertical-align: inherit;\"><span style=\"vertical-align: inherit;\"><span style=\"vertical-align: inherit;\"><span style=\"vertical-align: inherit;\">Invitation aux partenaires mondiaux : Devenez un distributeur de marbre Black Rosa<\/span><\/span><\/span><\/span><\/strong><\/p>\n<p><span style=\"vertical-align: inherit;\"><span style=\"vertical-align: inherit;\"><span style=\"vertical-align: inherit;\"><span style=\"vertical-align: inherit;\">phonenix power stone lance une invitation chaleureuse aux agents du monde entier qui souhaitent se joindre \u00e0 nous pour distribuer notre marbre noir rosa in\u00e9gal\u00e9. <\/span><\/span><\/span><span style=\"vertical-align: inherit;\"><span style=\"vertical-align: inherit;\"><span style=\"vertical-align: inherit;\">Forts de notre r\u00e9putation de fournisseur de pierres r\u00e9put\u00e9 en Chine, nous sommes d\u00e9sireux de partager la beaut\u00e9 de nos carri\u00e8res de marbre avec des partenaires qui accordent de l'importance \u00e0 la qualit\u00e9, \u00e0 la fiabilit\u00e9 et \u00e0 l'unicit\u00e9.<\/span><\/span><\/span><\/span><\/p>\n<p><strong><span style=\"vertical-align: inherit;\"><span style=\"vertical-align: inherit;\"><span style=\"vertical-align: inherit;\"><span style=\"vertical-align: inherit;\">Pourquoi choisir le marbre black rosa de phonenix power stone ?<\/span><\/span><\/span><\/span><\/strong><\/p>\n<ol>\n<li><strong><span style=\"vertical-align: inherit;\"><span style=\"vertical-align: inherit;\"><span style=\"vertical-align: inherit;\"><span style=\"vertical-align: inherit;\">Assurance qualit\u00e9 sup\u00e9rieure :<\/span><\/span><\/span><\/span><\/strong><span style=\"vertical-align: inherit;\"><span style=\"vertical-align: inherit;\"><span style=\"vertical-align: inherit;\"><span style=\"vertical-align: inherit;\"> Notre engagement en faveur de la qualit\u00e9 est in\u00e9branlable. <\/span><\/span><\/span><span style=\"vertical-align: inherit;\"><span style=\"vertical-align: inherit;\"><span style=\"vertical-align: inherit;\">Chaque bloc de la carri\u00e8re de marbre Black Rosa fait l'objet d'une inspection rigoureuse afin de s'assurer qu'il r\u00e9pond aux normes industrielles les plus strictes.<\/span><\/span><\/span><\/span><\/li>\n<li><strong><span style=\"vertical-align: inherit;\"><span style=\"vertical-align: inherit;\"><span style=\"vertical-align: inherit;\"><span style=\"vertical-align: inherit;\">Esth\u00e9tique intemporelle :<\/span><\/span><\/span><\/span><\/strong><span style=\"vertical-align: inherit;\"><span style=\"vertical-align: inherit;\"><span style=\"vertical-align: inherit;\"><span style=\"vertical-align: inherit;\"> Les teintes profondes et raffin\u00e9es du marbre Black Rosa et ses veines uniques en font un choix intemporel pour les projets qui requi\u00e8rent \u00e9l\u00e9gance et classe.<\/span><\/span><\/span><\/span><\/li>\n<li><strong><span style=\"vertical-align: inherit;\"><span style=\"vertical-align: inherit;\"><span style=\"vertical-align: inherit;\"><span style=\"vertical-align: inherit;\">Solutions personnalis\u00e9es :<\/span><\/span><\/span><\/span><\/strong><span style=\"vertical-align: inherit;\"><span style=\"vertical-align: inherit;\"><span style=\"vertical-align: inherit;\"><span style=\"vertical-align: inherit;\"> Que vous ayez besoin de blocs de marbre pour un grand projet ou de carreaux coup\u00e9s sur mesure pour des motifs complexes, phonenix power stone peut fournir des solutions personnalis\u00e9es pour r\u00e9pondre \u00e0 vos besoins sp\u00e9cifiques.<\/span><\/span><\/span><\/span><\/li>\n<li><strong><span style=\"vertical-align: inherit;\"><span style=\"vertical-align: inherit;\"><span style=\"vertical-align: inherit;\"><span style=\"vertical-align: inherit;\">R\u00e9seau de distribution mondial :<\/span><\/span><\/span><\/span><\/strong><span style=\"vertical-align: inherit;\"><span style=\"vertical-align: inherit;\"><span style=\"vertical-align: inherit;\"><span style=\"vertical-align: inherit;\"> Rejoignez notre r\u00e9seau de distributeurs et recevez des offres exclusives. <\/span><\/span><\/span><span style=\"vertical-align: inherit;\"><span style=\"vertical-align: inherit;\"><span style=\"vertical-align: inherit;\">En tant que partenaire, vous devenez membre d'une famille internationale qui s'efforce de faire conna\u00eetre la beaut\u00e9 du marbre Noir Rosa aux quatre coins du monde.<\/span><\/span><\/span><\/span><\/li>\n<\/ol>\n<p><strong><span style=\"vertical-align: inherit;\"><span style=\"vertical-align: inherit;\"><span style=\"vertical-align: inherit;\"><span style=\"vertical-align: inherit;\">Conclusion : Am\u00e9liorez vos projets avec les blocs de carri\u00e8re en marbre Black Rosa<\/span><\/span><\/span><\/span><\/strong><\/p>\n<p><span style=\"vertical-align: inherit;\"><span style=\"vertical-align: inherit;\"><span style=\"vertical-align: inherit;\"><span style=\"vertical-align: inherit;\">Dans chaque pi\u00e8ce de marbre black rosa de phonenix power stone, vous trouverez le m\u00e9lange parfait de la beaut\u00e9 naturelle et de l'artisanat humain. <\/span><\/span><\/span><span style=\"vertical-align: inherit;\"><span style=\"vertical-align: inherit;\"><span style=\"vertical-align: inherit;\">Rehaussez vos projets avec l'\u00e9l\u00e9gance intemporelle des blocs de carri\u00e8re en marbre Black Rosa - un choix qui transcende les tendances et t\u00e9moigne d'une sophistication durable. <\/span><\/span><\/span><span style=\"vertical-align: inherit;\"><span style=\"vertical-align: inherit;\"><span style=\"vertical-align: inherit;\">En partenariat avec phonenix power stone, le monde entier peut d\u00e9couvrir la beaut\u00e9 in\u00e9gal\u00e9e du marbre noir Rosa.<\/span><\/span><\/span><\/span><\/p>\n<\/div>","protected":false},"excerpt":{"rendered":"<p>Discover elegance in every neighborhood: Black Rosa marble quarry block by phonenix power stone Welcome to Longtop Stone, a well-known<\/p>","protected":false},"featured_media":24561,"template":"","meta":[],"product_cat":[191],"product_tag":[],"_links":{"self":[{"href":"https:\/\/stone-phoenix.com\/fr\/wp-json\/wp\/v2\/product\/22183"}],"collection":[{"href":"https:\/\/stone-phoenix.com\/fr\/wp-json\/wp\/v2\/product"}],"about":[{"href":"https:\/\/stone-phoenix.com\/fr\/wp-json\/wp\/v2\/types\/product"}],"wp:featuredmedia":[{"embeddable":true,"href":"https:\/\/stone-phoenix.com\/fr\/wp-json\/wp\/v2\/media\/24561"}],"wp:attachment":[{"href":"https:\/\/stone-phoenix.com\/fr\/wp-json\/wp\/v2\/media?parent=22183"}],"wp:term":[{"taxonomy":"product_cat","embeddable":true,"href":"https:\/\/stone-phoenix.com\/fr\/wp-json\/wp\/v2\/product_cat?post=22183"},{"taxonomy":"product_tag","embeddable":true,"href":"https:\/\/stone-phoenix.com\/fr\/wp-json\/wp\/v2\/product_tag?post=22183"}],"curies":[{"name":"wp","href":"https:\/\/api.w.org\/{rel}","templated":true}]}}