{"id":22185,"date":"2023-12-29T22:28:18","date_gmt":"2023-12-29T14:28:18","guid":{"rendered":"http:\/\/stone-phoenix.com\/product\/bulgarian-brown-marble-quarry-blocks"},"modified":"2024-01-15T16:37:24","modified_gmt":"2024-01-15T08:37:24","slug":"bulgarian-brown-marble-quarry-blocks","status":"publish","type":"product","link":"https:\/\/stone-phoenix.com\/fr\/produit\/bulgarian-brown-marble-quarry-blocks","title":{"rendered":"Blocs de carri\u00e8re en marbre brun bulgare"},"content":{"rendered":"<p>D\u00e9couvrez l'\u00e9l\u00e9gance et la durabilit\u00e9 des blocs de carri\u00e8re en marbre brun bulgare de phonenix power stone.<\/p>\n<p>Bienvenue chez phonenix power stone ! Nous sommes l'un des principaux fournisseurs de pierres de marbre et de granit en Chine et aujourd'hui, je suis ravi de vous pr\u00e9senter nos blocs de carri\u00e8re en marbre brun bulgare. Voici la traduction de l'article :<\/p>\n<p>D\u00e9couvrez l'\u00e9l\u00e9gance et la durabilit\u00e9 des blocs de carri\u00e8re en marbre brun bulgare de phonenix power stone.<\/p>\n<p>En qu\u00eate d'un design exceptionnel, vous devez trouver une pierre qui allie \u00e0 la fois une esth\u00e9tique \u00e9l\u00e9gante et une durabilit\u00e9 in\u00e9gal\u00e9e. Les blocs de carri\u00e8re en marbre brun bulgare de phonenix power stone r\u00e9pondent parfaitement \u00e0 ces exigences.<\/p>\n<p>L'essence du marbre brun bulgare<\/p>\n<p>Le marbre brun bulgare est une pierre unique et \u00e9poustouflante qui d\u00e9gage une ambiance chaleureuse et un sentiment de noblesse. Sa teinte brune, agr\u00e9ment\u00e9e de veines dor\u00e9es, en fait un choix exceptionnel, qui conf\u00e8re un charme particulier \u00e0 tout projet.<\/p>\n<p>Excellence mini\u00e8re<\/p>\n<p>phonenix power stone dispose d'un \u00e9quipement et d'une technologie mini\u00e8re de pointe en Bulgarie afin de garantir l'extraction de blocs de marbre de la plus haute qualit\u00e9 \u00e0 partir de gisements uniques. Notre \u00e9quipe de professionnels s\u00e9lectionne et traite soigneusement chaque pi\u00e8ce pour r\u00e9pondre \u00e0 nos normes de qualit\u00e9 rigoureuses.<\/p>\n<p>Une qualit\u00e9 in\u00e9gal\u00e9e<\/p>\n<p>Nos blocs de carri\u00e8re en marbre brun bulgare sont r\u00e9put\u00e9s pour leur qualit\u00e9 in\u00e9gal\u00e9e. Chaque bloc est soumis \u00e0 des contr\u00f4les de qualit\u00e9 rigoureux pour garantir des couleurs \u00e9clatantes, des motifs naturels et une durabilit\u00e9 exceptionnelle. Qu'il s'agisse de d\u00e9coration int\u00e9rieure, de fa\u00e7ades architecturales ou de rev\u00eatements de sol, nos blocs conf\u00e8rent une beaut\u00e9 durable \u00e0 vos projets.<\/p>\n<p>Polyvalence d'application<\/p>\n<p>Les blocs de carri\u00e8re en marbre brun bulgare offrent une grande souplesse d'utilisation. Que vous souhaitiez cr\u00e9er des plans de travail de cuisine luxueux, des d\u00e9corations de salle de bains exquises ou des sols int\u00e9rieurs uniques, nos blocs peuvent r\u00e9pondre \u00e0 vos besoins. Leur \u00e9l\u00e9gance et leur polyvalence en font le choix pr\u00e9f\u00e9r\u00e9 des architectes et des d\u00e9corateurs d'int\u00e9rieur.<\/p>\n<p>Pourquoi choisir phonenix power stone ?<\/p>\n<p>En choisissant phonenix power stone, vous recevrez non seulement des produits en pierre de qualit\u00e9 sup\u00e9rieure, mais vous b\u00e9n\u00e9ficierez \u00e9galement d'un excellent service \u00e0 la client\u00e8le. Notre \u00e9quipe place toujours le client au centre de ses pr\u00e9occupations, en s'effor\u00e7ant de r\u00e9pondre \u00e0 ses besoins et en lui fournissant des conseils et une assistance professionnels. Nous nous engageons \u00e0 \u00e9tablir des partenariats \u00e0 long terme et \u00e0 vous garantir la meilleure exp\u00e9rience possible pour chaque projet.<\/p>\n<p>Nous vous remercions d'avoir choisi phonenix power stone comme fournisseur de marbre et de granit. Quelle que soit l'ampleur de votre projet, nous sommes pr\u00eats \u00e0 vous fournir des blocs de carri\u00e8re en marbre brun bulgare de haute qualit\u00e9, qui insuffleront \u00e9l\u00e9gance et durabilit\u00e9 \u00e0 vos cr\u00e9ations. N'h\u00e9sitez pas \u00e0 nous contacter \u00e0 tout moment et nous nous r\u00e9jouissons de travailler avec vous !<\/p>","protected":false},"excerpt":{"rendered":"<p>D\u00e9couvrez l'\u00e9l\u00e9gance et la durabilit\u00e9 des blocs de carri\u00e8re en marbre brun bulgare de phonenix power stone Bienvenue chez phonenix power stone ! Nous sommes<\/p>","protected":false},"featured_media":24540,"template":"","meta":[],"product_cat":[191],"product_tag":[],"_links":{"self":[{"href":"https:\/\/stone-phoenix.com\/fr\/wp-json\/wp\/v2\/product\/22185"}],"collection":[{"href":"https:\/\/stone-phoenix.com\/fr\/wp-json\/wp\/v2\/product"}],"about":[{"href":"https:\/\/stone-phoenix.com\/fr\/wp-json\/wp\/v2\/types\/product"}],"wp:featuredmedia":[{"embeddable":true,"href":"https:\/\/stone-phoenix.com\/fr\/wp-json\/wp\/v2\/media\/24540"}],"wp:attachment":[{"href":"https:\/\/stone-phoenix.com\/fr\/wp-json\/wp\/v2\/media?parent=22185"}],"wp:term":[{"taxonomy":"product_cat","embeddable":true,"href":"https:\/\/stone-phoenix.com\/fr\/wp-json\/wp\/v2\/product_cat?post=22185"},{"taxonomy":"product_tag","embeddable":true,"href":"https:\/\/stone-phoenix.com\/fr\/wp-json\/wp\/v2\/product_tag?post=22185"}],"curies":[{"name":"wp","href":"https:\/\/api.w.org\/{rel}","templated":true}]}}