{"id":22189,"date":"2023-12-29T22:28:28","date_gmt":"2023-12-29T14:28:28","guid":{"rendered":"http:\/\/stone-phoenix.com\/product\/carrara-gray-marble-quarry-blocks"},"modified":"2024-03-14T10:44:01","modified_gmt":"2024-03-14T02:44:01","slug":"carrara-gray-marble-quarry-blocks","status":"publish","type":"product","link":"https:\/\/stone-phoenix.com\/fr\/produit\/carrara-gray-marble-quarry-blocks","title":{"rendered":"Blocs de carri\u00e8re en marbre gris de Carrare"},"content":{"rendered":"<div id=\"tab-description\" class=\"woocommerce-Tabs-panel woocommerce-Tabs-panel--description panel entry-content wc-tab\" role=\"tabpanel\" aria-labelledby=\"tab-title-description\">\n<p><strong><span style=\"vertical-align: inherit;\"><span style=\"vertical-align: inherit;\"><span style=\"vertical-align: inherit;\"><span style=\"vertical-align: inherit;\">L'expression de l'\u00e9l\u00e9gance : Blocs de carri\u00e8re de marbre gris de Carrare de phonenix power stone<\/span><\/span><\/span><\/span><\/strong><\/p>\n<p><strong><span style=\"vertical-align: inherit;\"><span style=\"vertical-align: inherit;\"><span style=\"vertical-align: inherit;\"><span style=\"vertical-align: inherit;\">introduire :<\/span><\/span><\/span><\/span><\/strong><\/p>\n<p><span style=\"vertical-align: inherit;\"><span style=\"vertical-align: inherit;\"><span style=\"vertical-align: inherit;\"><span style=\"vertical-align: inherit;\">Phonenix Power Stone est un fournisseur de marbre et de granit renomm\u00e9 en Chine, fier de ses blocs de carri\u00e8re en marbre gris de Carrare, qui t\u00e9moignent d'une \u00e9l\u00e9gance intemporelle et d'une qualit\u00e9 exceptionnelle. <\/span><\/span><\/span><span style=\"vertical-align: inherit;\"><span style=\"vertical-align: inherit;\"><span style=\"vertical-align: inherit;\">En tant qu'acteur majeur de l'industrie de la pierre, nous sommes profond\u00e9ment impliqu\u00e9s dans l'extraction du marbre et fournissons au march\u00e9 mondial une gamme in\u00e9gal\u00e9e de blocs, de dalles et de carreaux de marbre gris de Carrare. <\/span><\/span><\/span><span style=\"vertical-align: inherit;\"><span style=\"vertical-align: inherit;\"><span style=\"vertical-align: inherit;\">Notre engagement en faveur de l'excellence fait de nous le choix id\u00e9al pour ceux qui recherchent le summum de la sophistication en mati\u00e8re de pierre naturelle.<\/span><\/span><\/span><\/span><\/p>\n<p><strong><span style=\"vertical-align: inherit;\"><span style=\"vertical-align: inherit;\"><span style=\"vertical-align: inherit;\"><span style=\"vertical-align: inherit;\">La beaut\u00e9 du marbre gris de Carrare :<\/span><\/span><\/span><\/span><\/strong><\/p>\n<p><span style=\"vertical-align: inherit;\"><span style=\"vertical-align: inherit;\"><span style=\"vertical-align: inherit;\"><span style=\"vertical-align: inherit;\">Le marbre gris de Carrare est connu pour son aspect luxueux, caract\u00e9ris\u00e9 par un fond blanc brillant orn\u00e9 de veines grises complexes. <\/span><\/span><\/span><span style=\"vertical-align: inherit;\"><span style=\"vertical-align: inherit;\"><span style=\"vertical-align: inherit;\">La pierre phonenix power provient de nos mines de marbre g\u00e9r\u00e9es avec soin, ce qui garantit que chaque pi\u00e8ce de marbre de carri\u00e8re gris de Carrare incarne l'essence de la sophistication et du raffinement. <\/span><\/span><\/span><span style=\"vertical-align: inherit;\"><span style=\"vertical-align: inherit;\"><span style=\"vertical-align: inherit;\">Cette vari\u00e9t\u00e9 de marbre est appr\u00e9ci\u00e9e depuis des si\u00e8cles et est synonyme de luxe, ce qui en fait un excellent choix pour les applications de design classiques et modernes.<\/span><\/span><\/span><\/span><\/p>\n<p><strong><span style=\"vertical-align: inherit;\"><span style=\"vertical-align: inherit;\"><span style=\"vertical-align: inherit;\"><span style=\"vertical-align: inherit;\">Exploitation mini\u00e8re et assurance qualit\u00e9 :<\/span><\/span><\/span><\/span><\/strong><\/p>\n<p><span style=\"vertical-align: inherit;\"><span style=\"vertical-align: inherit;\"><span style=\"vertical-align: inherit;\"><span style=\"vertical-align: inherit;\">phonenix power stone s'engage \u00e0 respecter des pratiques durables et responsables dans l'extraction du marbre. <\/span><\/span><\/span><span style=\"vertical-align: inherit;\"><span style=\"vertical-align: inherit;\"><span style=\"vertical-align: inherit;\">Notre \u00e9quipe d'experts utilise une technologie de pointe pour extraire avec pr\u00e9cision le marbre gris de Carrare, ce qui garantit un impact minimal sur l'environnement. <\/span><\/span><\/span><span style=\"vertical-align: inherit;\"><span style=\"vertical-align: inherit;\"><span style=\"vertical-align: inherit;\">Les blocs de carri\u00e8re sont soumis \u00e0 des contr\u00f4les de qualit\u00e9 rigoureux pour r\u00e9pondre aux normes internationales, ce qui garantit la coh\u00e9rence de la couleur, de la texture et de l'int\u00e9grit\u00e9 structurelle.<\/span><\/span><\/span><\/span><\/p>\n<p><strong><span style=\"vertical-align: inherit;\"><span style=\"vertical-align: inherit;\"><span style=\"vertical-align: inherit;\"><span style=\"vertical-align: inherit;\">Polyvalence de l'application :<\/span><\/span><\/span><\/span><\/strong><\/p>\n<p><span style=\"vertical-align: inherit;\"><span style=\"vertical-align: inherit;\"><span style=\"vertical-align: inherit;\"><span style=\"vertical-align: inherit;\">Les blocs de carri\u00e8re de marbre gris de Carrare de phonenix power stone offrent des possibilit\u00e9s d'am\u00e9nagement infinies. <\/span><\/span><\/span><span style=\"vertical-align: inherit;\"><span style=\"vertical-align: inherit;\"><span style=\"vertical-align: inherit;\">Que vous soyez architecte, designer ou distributeur, nos blocs de marbre peuvent \u00eatre transform\u00e9s en dalles ou en carreaux coup\u00e9s sur mesure pour r\u00e9pondre \u00e0 une grande vari\u00e9t\u00e9 d'applications. <\/span><\/span><\/span><span style=\"vertical-align: inherit;\"><span style=\"vertical-align: inherit;\"><span style=\"vertical-align: inherit;\">Qu'il s'agisse de plans de travail luxueux, de sols remarquables, de murs d'agr\u00e9ment ou de sculptures personnalis\u00e9es, le marbre gris de Carrare met en valeur chaque espace gr\u00e2ce \u00e0 son attrait intemporel.<\/span><\/span><\/span><\/span><\/p>\n<p><strong><span style=\"vertical-align: inherit;\"><span style=\"vertical-align: inherit;\"><span style=\"vertical-align: inherit;\"><span style=\"vertical-align: inherit;\">Opportunit\u00e9s de distribution au niveau mondial :<\/span><\/span><\/span><\/span><\/strong><\/p>\n<p><span style=\"vertical-align: inherit;\"><span style=\"vertical-align: inherit;\"><span style=\"vertical-align: inherit;\"><span style=\"vertical-align: inherit;\">phonenix power stone lance une invitation chaleureuse aux agents du monde entier \u00e0 la recherche de partenaires pour distribuer nos blocs de carri\u00e8re de marbre gris de Carrare. <\/span><\/span><\/span><span style=\"vertical-align: inherit;\"><span style=\"vertical-align: inherit;\"><span style=\"vertical-align: inherit;\">En tant que fournisseur de pierres r\u00e9put\u00e9 en Chine, nous comprenons l'importance de la collaboration et nous nous engageons \u00e0 \u00e9tablir des relations durables avec des agents qui partagent notre engagement en faveur de la qualit\u00e9 et de l'excellence. <\/span><\/span><\/span><span style=\"vertical-align: inherit;\"><span style=\"vertical-align: inherit;\"><span style=\"vertical-align: inherit;\">Rejoignez-nous pour faire d\u00e9couvrir la beaut\u00e9 du marbre gris de Carrare \u00e0 des clients exigeants dans le monde entier.<\/span><\/span><\/span><\/span><\/p>\n<p><strong><span style=\"vertical-align: inherit;\"><span style=\"vertical-align: inherit;\"><span style=\"vertical-align: inherit;\"><span style=\"vertical-align: inherit;\">caract\u00e9ristiques :<\/span><\/span><\/span><\/span><\/strong><\/p>\n<ol>\n<li><strong><span style=\"vertical-align: inherit;\"><span style=\"vertical-align: inherit;\"><span style=\"vertical-align: inherit;\"><span style=\"vertical-align: inherit;\">Blocs de carri\u00e8re en marbre gris de Carrare Excellence :<\/span><\/span><\/span><\/span><\/strong><span style=\"vertical-align: inherit;\"><span style=\"vertical-align: inherit;\"><span style=\"vertical-align: inherit;\"><span style=\"vertical-align: inherit;\"> Nos blocs de carri\u00e8re en marbre gris de Carrare illustrent l'excellence et garantissent que le produit d\u00e9passe les normes de l'industrie.<\/span><\/span><\/span><\/span><\/li>\n<li><strong><span style=\"vertical-align: inherit;\"><span style=\"vertical-align: inherit;\"><span style=\"vertical-align: inherit;\"><span style=\"vertical-align: inherit;\">Fournisseur mondial de pierres :<\/span><\/span><\/span><\/span><\/strong><span style=\"vertical-align: inherit;\"><span style=\"vertical-align: inherit;\"><span style=\"vertical-align: inherit;\"><span style=\"vertical-align: inherit;\"> La r\u00e9putation de Southeast Stone en tant que premier fournisseur de pierres en Chine t\u00e9moigne de sa fiabilit\u00e9 sur le march\u00e9 mondial.<\/span><\/span><\/span><\/span><\/li>\n<li><strong><span style=\"vertical-align: inherit;\"><span style=\"vertical-align: inherit;\"><span style=\"vertical-align: inherit;\"><span style=\"vertical-align: inherit;\">Expertise en mati\u00e8re d'exploitation mini\u00e8re du marbre :<\/span><\/span><\/span><\/span><\/strong><span style=\"vertical-align: inherit;\"><span style=\"vertical-align: inherit;\"><span style=\"vertical-align: inherit;\"><span style=\"vertical-align: inherit;\"> B\u00e9n\u00e9ficiez de notre expertise en mati\u00e8re d'extraction responsable et durable du marbre, garantissant un approvisionnement constant et respectueux de l'environnement.<\/span><\/span><\/span><\/span><\/li>\n<li><strong><span style=\"vertical-align: inherit;\"><span style=\"vertical-align: inherit;\"><span style=\"vertical-align: inherit;\"><span style=\"vertical-align: inherit;\">DES SOLUTIONS DE CONCEPTION POLYVALENTES :<\/span><\/span><\/span><\/span><\/strong><span style=\"vertical-align: inherit;\"><span style=\"vertical-align: inherit;\"><span style=\"vertical-align: inherit;\"><span style=\"vertical-align: inherit;\"> La polyvalence du marbre gris de Carrare permet une grande vari\u00e9t\u00e9 de solutions de conception, ce qui le rend id\u00e9al pour un grand nombre de projets.<\/span><\/span><\/span><\/span><\/li>\n<li><strong><span style=\"vertical-align: inherit;\"><span style=\"vertical-align: inherit;\"><span style=\"vertical-align: inherit;\"><span style=\"vertical-align: inherit;\">Possibilit\u00e9s de partenariats de distribution :<\/span><\/span><\/span><\/span><\/strong><span style=\"vertical-align: inherit;\"><span style=\"vertical-align: inherit;\"><span style=\"vertical-align: inherit;\"><span style=\"vertical-align: inherit;\"> Explorant le potentiel de partenariats fructueux, nous accueillons des agents du monde entier pour distribuer nos blocs de carri\u00e8re en marbre gris de Carrare.<\/span><\/span><\/span><\/span><\/li>\n<\/ol>\n<p><strong><span style=\"vertical-align: inherit;\"><span style=\"vertical-align: inherit;\"><span style=\"vertical-align: inherit;\"><span style=\"vertical-align: inherit;\">en conclusion :<\/span><\/span><\/span><\/span><\/strong><\/p>\n<p><span style=\"vertical-align: inherit;\"><span style=\"vertical-align: inherit;\"><span style=\"vertical-align: inherit;\"><span style=\"vertical-align: inherit;\">Les blocs de carri\u00e8re de marbre gris de Carrare de phonenix power stone t\u00e9moignent de notre engagement in\u00e9branlable en faveur de la qualit\u00e9, de la durabilit\u00e9 et de l'\u00e9l\u00e9gance intemporelle. <\/span><\/span><\/span><span style=\"vertical-align: inherit;\"><span style=\"vertical-align: inherit;\"><span style=\"vertical-align: inherit;\">Rehaussez vos projets avec la beaut\u00e9 du marbre gris de Carrare et rejoignez-nous pour encourager les collaborations mondiales afin d'apporter le meilleur de la pierre naturelle \u00e0 des clients exigeants dans le monde entier.<\/span><\/span><\/span><\/span><\/p>\n<\/div>","protected":false},"excerpt":{"rendered":"<p>Expressing elegance: Carrara gray marble quarry blocks from phonenix power stone introduce: Phonenix Power Stone is a renowned marble and<\/p>","protected":false},"featured_media":24569,"template":"","meta":[],"product_cat":[191],"product_tag":[],"_links":{"self":[{"href":"https:\/\/stone-phoenix.com\/fr\/wp-json\/wp\/v2\/product\/22189"}],"collection":[{"href":"https:\/\/stone-phoenix.com\/fr\/wp-json\/wp\/v2\/product"}],"about":[{"href":"https:\/\/stone-phoenix.com\/fr\/wp-json\/wp\/v2\/types\/product"}],"wp:featuredmedia":[{"embeddable":true,"href":"https:\/\/stone-phoenix.com\/fr\/wp-json\/wp\/v2\/media\/24569"}],"wp:attachment":[{"href":"https:\/\/stone-phoenix.com\/fr\/wp-json\/wp\/v2\/media?parent=22189"}],"wp:term":[{"taxonomy":"product_cat","embeddable":true,"href":"https:\/\/stone-phoenix.com\/fr\/wp-json\/wp\/v2\/product_cat?post=22189"},{"taxonomy":"product_tag","embeddable":true,"href":"https:\/\/stone-phoenix.com\/fr\/wp-json\/wp\/v2\/product_tag?post=22189"}],"curies":[{"name":"wp","href":"https:\/\/api.w.org\/{rel}","templated":true}]}}