{"id":22199,"date":"2023-12-29T22:29:02","date_gmt":"2023-12-29T14:29:02","guid":{"rendered":"http:\/\/stone-phoenix.com\/product\/panda-gray-marble-quarry-blocks"},"modified":"2024-06-07T21:52:29","modified_gmt":"2024-06-07T13:52:29","slug":"panda-gray-marble-quarry-blocks","status":"publish","type":"product","link":"https:\/\/stone-phoenix.com\/fr\/produit\/panda-gray-marble-quarry-blocks","title":{"rendered":"Blocs de carri\u00e8re en marbre gris Panda"},"content":{"rendered":"<div id=\"tab-description\" class=\"woocommerce-Tabs-panel woocommerce-Tabs-panel--description panel entry-content wc-tab\" role=\"tabpanel\" aria-labelledby=\"tab-title-description\">\n<div class=\"rll-youtube-player\" data-src=\"https:\/\/www.youtube.com\/embed\/tHSk_2EmdTk\" data-id=\"tHSk_2EmdTk\" data-query=\"si=-3g-CNyJim9MWZS6\"><\/div>\n<p><strong>Titre : R\u00e9v\u00e9ler l'\u00e9l\u00e9gance : Blocs de carri\u00e8re en marbre gris Panda de phonenix power stone<\/strong><\/p>\n<p><strong>Introduction :<\/strong><\/p>\n<p>D\u00e9couvrez l'incarnation du luxe et de la sophistication avec phonenix power stone, un fournisseur de marbre et de granit renomm\u00e9 en Chine. Les mines de marbre de phonenix power stone sont nich\u00e9es dans un sol riche, o\u00f9 nous nous consacrons \u00e0 l'extraction, au traitement et \u00e0 la distribution de produits en marbre de qualit\u00e9 sup\u00e9rieure. Parmi nos produits les plus pris\u00e9s figurent les blocs de carri\u00e8re en marbre gris Panda, qui t\u00e9moignent de la beaut\u00e9 intemporelle que la nature nous a l\u00e9gu\u00e9e.<\/p>\n<p><strong>Section 1 : La majest\u00e9 du marbre gris panda<\/strong><\/p>\n<p>Le marbre gris panda, avec son m\u00e9lange distinctif de tons gris doux et de veines captivantes, est un symbole d'opulence et de raffinement. Extraits avec pr\u00e9cision de nos mines exclusives, ces blocs de marbre sont une toile d'art naturelle, pr\u00eate \u00e0 transformer n'importe quel espace en un havre de sophistication.<\/p>\n<p><strong>Section 2 : R\u00e9v\u00e9ler l'expertise de phonenix power stone<\/strong><\/p>\n<p>phonenix power stone est fier de son engagement en faveur de l'excellence dans l'extraction et le traitement du marbre. Forts d'une tradition de livraison de produits en marbre de premier ordre, nous nous sp\u00e9cialisons dans la fourniture de blocs de carri\u00e8re en marbre gris Panda de premi\u00e8re qualit\u00e9 qui r\u00e9pondent aux normes industrielles les plus strictes. Notre d\u00e9vouement \u00e0 la qualit\u00e9 garantit que chaque bloc incarne l'allure naturelle et la durabilit\u00e9 synonymes de la marque phonenix power stone.<\/p>\n<p><strong>Section 3 : Polyvalence de l'application<\/strong><\/p>\n<p>Les blocs de carri\u00e8re en marbre gris Panda de phonenix power stone ouvrent un monde de possibilit\u00e9s de conception. Qu'il s'agisse de projets architecturaux majestueux ou d'espaces int\u00e9rieurs exquis, la polyvalence de ces blocs de marbre est in\u00e9gal\u00e9e. Fabriqu\u00e9s \u00e0 la perfection, les blocs servent de base \u00e0 la cr\u00e9ation de dalles de marbre sur mesure, de carreaux et d'autres applications personnalis\u00e9es qui rehaussent l'attrait esth\u00e9tique de n'importe quel environnement.<\/p>\n<p><strong>Section 4 : Possibilit\u00e9s de distribution au niveau mondial<\/strong><\/p>\n<p>En tant que fournisseur de pierres mondialement reconnu, phonenix power stone lance une invitation chaleureuse aux agents du monde entier. Collaborez avec nous pour distribuer les blocs de carri\u00e8re en marbre gris Panda et faites partie de notre r\u00e9seau estim\u00e9. En vous associant \u00e0 phonenix power stone, vous associez votre entreprise \u00e0 une marque synonyme de qualit\u00e9, de fiabilit\u00e9 et d'\u00e9l\u00e9gance intemporelle.<\/p>\n<p><strong>Section 5 : Notre engagement en faveur du d\u00e9veloppement durable<\/strong><\/p>\n<p>phonenix power stone se consacre non seulement \u00e0 la fourniture de produits en marbre in\u00e9gal\u00e9s, mais s'engage \u00e9galement en faveur de pratiques d'extraction durables et responsables. Nous prenons des mesures pour minimiser notre empreinte environnementale, en veillant \u00e0 ce que la beaut\u00e9 du marbre gris panda soit pr\u00e9serv\u00e9e pour les g\u00e9n\u00e9rations \u00e0 venir.<\/p>\n<p><strong>Section 6 : Pourquoi choisir les blocs de carri\u00e8re en marbre gris Panda de phonenix power stone ?<\/strong><\/p>\n<ul>\n<li><strong>Une qualit\u00e9 in\u00e9gal\u00e9e :<\/strong> phonenix power stone adh\u00e8re \u00e0 des mesures rigoureuses de contr\u00f4le de la qualit\u00e9, garantissant que chaque bloc de carri\u00e8re en marbre gris Panda respecte et d\u00e9passe les normes de l'industrie.<\/li>\n<li><strong>Une port\u00e9e mondiale :<\/strong> Profitez de notre vaste r\u00e9seau de distribution, qui couvre les march\u00e9s du monde entier et apporte l'\u00e9l\u00e9gance intemporelle du marbre gris Panda \u00e0 divers projets.<\/li>\n<li><strong>Personnalisation :<\/strong> Adaptez le marbre gris Panda aux besoins sp\u00e9cifiques de votre projet gr\u00e2ce \u00e0 nos options de d\u00e9coupe sur mesure, qui offrent une grande flexibilit\u00e9 en mati\u00e8re de conception et d'application.<\/li>\n<li><strong>Durabilit\u00e9 :<\/strong> phonenix power stone s'engage dans des pratiques durables, en faisant des efforts conscients pour pr\u00e9server l'environnement tout en fournissant des produits en marbre de premi\u00e8re qualit\u00e9.<\/li>\n<\/ul>\n<p><strong>Conclusion :<\/strong><\/p>\n<p>\u00c9levez vos projets \u00e0 de nouveaux sommets avec les blocs de carri\u00e8re en marbre gris Panda de phonenix power stone. Plongez dans l'attrait de la beaut\u00e9 naturelle, de l'artisanat et de la fiabilit\u00e9 en vous embarquant dans un voyage avec un leader mondial de l'industrie du marbre et du granit. Rejoignez notre r\u00e9seau d'agents et d\u00e9couvrez l'\u00e9l\u00e9gance intemporelle que seul phonenix power stone peut vous offrir.<\/p>\n<\/div>","protected":false},"excerpt":{"rendered":"<p>Title: Unveiling the Elegance: Panda Gray Marble Quarry Blocks from phonenix power stone Introduction: Discover the epitome of luxury and<\/p>","protected":false},"featured_media":28363,"template":"","meta":[],"product_cat":[191],"product_tag":[],"_links":{"self":[{"href":"https:\/\/stone-phoenix.com\/fr\/wp-json\/wp\/v2\/product\/22199"}],"collection":[{"href":"https:\/\/stone-phoenix.com\/fr\/wp-json\/wp\/v2\/product"}],"about":[{"href":"https:\/\/stone-phoenix.com\/fr\/wp-json\/wp\/v2\/types\/product"}],"wp:featuredmedia":[{"embeddable":true,"href":"https:\/\/stone-phoenix.com\/fr\/wp-json\/wp\/v2\/media\/28363"}],"wp:attachment":[{"href":"https:\/\/stone-phoenix.com\/fr\/wp-json\/wp\/v2\/media?parent=22199"}],"wp:term":[{"taxonomy":"product_cat","embeddable":true,"href":"https:\/\/stone-phoenix.com\/fr\/wp-json\/wp\/v2\/product_cat?post=22199"},{"taxonomy":"product_tag","embeddable":true,"href":"https:\/\/stone-phoenix.com\/fr\/wp-json\/wp\/v2\/product_tag?post=22199"}],"curies":[{"name":"wp","href":"https:\/\/api.w.org\/{rel}","templated":true}]}}