{"id":22203,"date":"2023-12-29T22:29:14","date_gmt":"2023-12-29T14:29:14","guid":{"rendered":"http:\/\/stone-phoenix.com\/product\/phoenix-white-marble-quarry-blocks"},"modified":"2024-01-15T03:06:27","modified_gmt":"2024-01-14T19:06:27","slug":"phoenix-white-marble-quarry-blocks","status":"publish","type":"product","link":"https:\/\/stone-phoenix.com\/fr\/produit\/phoenix-white-marble-quarry-blocks","title":{"rendered":"Phoenix White Marble Quarry Blocks (Blocs de carri\u00e8re en marbre blanc)"},"content":{"rendered":"<div id=\"tab-description\" class=\"woocommerce-Tabs-panel woocommerce-Tabs-panel--description panel entry-content wc-tab\" role=\"tabpanel\" aria-labelledby=\"tab-title-description\">\n<div class=\"rll-youtube-player\" data-src=\"https:\/\/www.youtube.com\/embed\/AuvMxTOkki8\" data-id=\"AuvMxTOkki8\" data-query=\"si=ZBAg4RSedKZywxie\"><\/div>\n<p><strong>Titre : D\u00e9voiler l'\u00e9l\u00e9gance : D\u00e9couvrez la beaut\u00e9 des blocs de carri\u00e8re en marbre blanc de Phoenix de phonenix power stone<\/strong><\/p>\n<p><strong>Introduction :<\/strong> phonenix power stone est un leader distingu\u00e9 dans le domaine de l'approvisionnement en marbre et en granit en Chine, avec un h\u00e9ritage ancr\u00e9 dans la qualit\u00e9 et l'excellence. Notre vaste portefeuille comprend plusieurs mines de marbre, chacune t\u00e9moignant de notre engagement \u00e0 fournir des produits en pierre naturelle in\u00e9gal\u00e9s. Parmi nos illustres offres, les blocs de carri\u00e8re en marbre blanc Phoenix repr\u00e9sentent le summum de la beaut\u00e9 et de la sophistication, vous invitant \u00e0 embarquer pour un voyage \u00e0 travers l'allure intemporelle de cette pierre exquise.<\/p>\n<p><strong>D\u00e9voiler le marbre blanc de Phoenix :<\/strong> Le marbre blanc Phoenix est un v\u00e9ritable chef-d'\u0153uvre de la nature, incarnant un m\u00e9lange harmonieux de puret\u00e9 et d'\u00e9l\u00e9gance. Extraits de nos carri\u00e8res exclusives sous les soins m\u00e9ticuleux de phonenix power stone, ces blocs de marbre incarnent l'essence du luxe, ce qui en fait le choix id\u00e9al pour ceux qui appr\u00e9cient les plus belles choses de la vie.<\/p>\n<p><strong>Caract\u00e9ristiques principales :<\/strong><\/p>\n<ol>\n<li><strong>Une esth\u00e9tique irr\u00e9prochable :<\/strong> Les blocs de carri\u00e8re en marbre blanc Phoenix pr\u00e9sentent une toile blanche immacul\u00e9e, orn\u00e9e de veines subtiles, cr\u00e9ant un spectacle visuel captivant. Cette toile de fond immacul\u00e9e se pr\u00eate \u00e0 une myriade de possibilit\u00e9s de conception, du classique au contemporain, garantissant un attrait intemporel dans n'importe quel espace.<\/li>\n<li><strong>Qualit\u00e9 exceptionnelle :<\/strong> phonenix power stone est r\u00e9put\u00e9 pour son engagement in\u00e9branlable en mati\u00e8re de qualit\u00e9, et les blocs de carri\u00e8re en marbre blanc Phoenix ne font pas exception \u00e0 la r\u00e8gle. M\u00e9ticuleusement extraits et trait\u00e9s, ces blocs pr\u00e9sentent une durabilit\u00e9 sup\u00e9rieure, garantissant long\u00e9vit\u00e9 et beaut\u00e9 durable pour les ann\u00e9es \u00e0 venir.<\/li>\n<li><strong>Polyvalence des applications :<\/strong> Des grands projets architecturaux aux espaces int\u00e9rieurs raffin\u00e9s, les blocs de carri\u00e8re en marbre blanc Phoenix offrent une polyvalence sans limite. Que vous cherchiez \u00e0 cr\u00e9er des plans de travail \u00e9l\u00e9gants, des rev\u00eatements de sol luxueux ou des \u00e9l\u00e9ments muraux remarquables, ce marbre se pr\u00eate sans effort \u00e0 diverses applications de design.<\/li>\n<li><strong>Possibilit\u00e9s de distribution exclusive :<\/strong> phonenix power stone lance une invitation chaleureuse aux agents internationaux d\u00e9sireux de collaborer avec un partenaire de confiance dans l'industrie du marbre et du granit. Faites partie de notre r\u00e9seau et distribuez les blocs de carri\u00e8re de marbre blanc Phoenix, en partageant le succ\u00e8s d'un produit qui exsude la sophistication et le charme intemporel.<\/li>\n<\/ol>\n<p><strong>Pourquoi choisir les blocs de carri\u00e8re en marbre blanc de phonenix power stone ?<\/strong><\/p>\n<ol>\n<li><strong>Une expertise in\u00e9gal\u00e9e :<\/strong> Avec des ann\u00e9es d'expertise dans l'extraction du marbre et la fourniture de pierres, phonenix power stone a affin\u00e9 son art jusqu'\u00e0 la perfection. Notre engagement envers l'excellence est \u00e9vident dans chaque bloc de marbre blanc Phoenix qui sort de nos carri\u00e8res.<\/li>\n<li><strong>Reconnaissance mondiale :<\/strong> phonenix power stone s'est forg\u00e9 une r\u00e9putation de fournisseur de pierres bien connu en Chine, et nous invitons maintenant des partenaires du monde entier \u00e0 se joindre \u00e0 nous pour distribuer nos blocs de carri\u00e8re en marbre blanc Phoenix de premi\u00e8re qualit\u00e9. Profitez de notre reconnaissance mondiale et apportez une touche de luxe \u00e0 votre march\u00e9.<\/li>\n<li><strong>Fiabilit\u00e9 et confiance :<\/strong> La confiance est la pierre angulaire de notre activit\u00e9. phonenix power stone est synonyme de fiabilit\u00e9, et nos partenaires peuvent \u00eatre assur\u00e9s qu'ils sont soutenus par une entreprise connue pour son int\u00e9grit\u00e9 et son engagement en faveur de la satisfaction du client.<\/li>\n<\/ol>\n<p>En conclusion, les blocs de carri\u00e8re de marbre blanc Phoenix de phonenix power stone transcendent l'ordinaire, offrant une symphonie d'\u00e9l\u00e9gance et de durabilit\u00e9. En tant que fournisseur mondial de pierres, nous ouvrons nos portes aux agents d\u00e9sireux de partager le succ\u00e8s de la distribution d'un produit qui d\u00e9finit le luxe et la sophistication. Rehaussez vos projets avec l'allure intemporelle du marbre blanc Phoenix - o\u00f9 la beaut\u00e9 rencontre la durabilit\u00e9, et o\u00f9 l'excellence est une tradition.<\/p>\n<\/div>","protected":false},"excerpt":{"rendered":"<p>Title: Unveiling Elegance: Explore the Beauty of Phoenix White Marble Quarry Blocks from phonenix power stone Introduction: phonenix power stone<\/p>","protected":false},"featured_media":24563,"template":"","meta":[],"product_cat":[191],"product_tag":[],"_links":{"self":[{"href":"https:\/\/stone-phoenix.com\/fr\/wp-json\/wp\/v2\/product\/22203"}],"collection":[{"href":"https:\/\/stone-phoenix.com\/fr\/wp-json\/wp\/v2\/product"}],"about":[{"href":"https:\/\/stone-phoenix.com\/fr\/wp-json\/wp\/v2\/types\/product"}],"wp:featuredmedia":[{"embeddable":true,"href":"https:\/\/stone-phoenix.com\/fr\/wp-json\/wp\/v2\/media\/24563"}],"wp:attachment":[{"href":"https:\/\/stone-phoenix.com\/fr\/wp-json\/wp\/v2\/media?parent=22203"}],"wp:term":[{"taxonomy":"product_cat","embeddable":true,"href":"https:\/\/stone-phoenix.com\/fr\/wp-json\/wp\/v2\/product_cat?post=22203"},{"taxonomy":"product_tag","embeddable":true,"href":"https:\/\/stone-phoenix.com\/fr\/wp-json\/wp\/v2\/product_tag?post=22203"}],"curies":[{"name":"wp","href":"https:\/\/api.w.org\/{rel}","templated":true}]}}