{"id":22207,"date":"2023-12-29T22:29:25","date_gmt":"2023-12-29T14:29:25","guid":{"rendered":"http:\/\/stone-phoenix.com\/product\/silver-portoro-marble-quarry-blocks"},"modified":"2024-03-14T10:37:51","modified_gmt":"2024-03-14T02:37:51","slug":"silver-portoro-marble-quarry-blocks","status":"publish","type":"product","link":"https:\/\/stone-phoenix.com\/fr\/produit\/silver-portoro-marble-quarry-blocks","title":{"rendered":"Blocs de carri\u00e8re de marbre Silver Portoro"},"content":{"rendered":"<div id=\"tab-description\" class=\"woocommerce-Tabs-panel woocommerce-Tabs-panel--description panel entry-content wc-tab\" role=\"tabpanel\" aria-labelledby=\"tab-title-description\">\n<div class=\"rll-youtube-player\" data-src=\"https:\/\/www.youtube.com\/embed\/Pe1zGSCFmQU\" data-id=\"Pe1zGSCFmQU\" data-query=\"si=RLOJSRq3dqhrKkmv\"><\/div>\n<p><strong><span style=\"vertical-align: inherit;\"><span style=\"vertical-align: inherit;\"><span style=\"vertical-align: inherit;\"><span style=\"vertical-align: inherit;\">D\u00e9couvrez l'\u00e9l\u00e9gance dans chaque quartier : bloc de carri\u00e8re en marbre Portoro argent\u00e9 de phonenix power stone<\/span><\/span><\/span><\/span><\/strong><\/p>\n<p><span style=\"vertical-align: inherit;\"><span style=\"vertical-align: inherit;\"><span style=\"vertical-align: inherit;\"><span style=\"vertical-align: inherit;\">Bienvenue au summum du luxe naturel - Phonenix Power Stone, un fournisseur de marbre et de granit de premier plan bas\u00e9 en Chine. <\/span><\/span><\/span><span style=\"vertical-align: inherit;\"><span style=\"vertical-align: inherit;\"><span style=\"vertical-align: inherit;\">Nous sommes connus pour notre engagement en faveur de l'excellence et nous sommes fiers de pr\u00e9senter le joyau de notre collection : le bloc de carri\u00e8re en marbre Silver Portoro. <\/span><\/span><\/span><span style=\"vertical-align: inherit;\"><span style=\"vertical-align: inherit;\"><span style=\"vertical-align: inherit;\">Phonenix Power Stone poss\u00e8de plusieurs mines de marbre et est un symbole de qualit\u00e9 et de sophistication dans l'extraction et la distribution de la pierre.<\/span><\/span><\/span><\/span><\/p>\n<p><strong><span style=\"vertical-align: inherit;\"><span style=\"vertical-align: inherit;\"><span style=\"vertical-align: inherit;\"><span style=\"vertical-align: inherit;\">D\u00e9couvrez la beaut\u00e9 du marbre argent\u00e9 de Portolo :<\/span><\/span><\/span><\/span><\/strong><\/p>\n<p><span style=\"vertical-align: inherit;\"><span style=\"vertical-align: inherit;\"><span style=\"vertical-align: inherit;\"><span style=\"vertical-align: inherit;\">Le marbre Silver Portoro est une vari\u00e9t\u00e9 rare et exquise, qui t\u00e9moigne de la puissance de l'art terrestre. <\/span><\/span><\/span><span style=\"vertical-align: inherit;\"><span style=\"vertical-align: inherit;\"><span style=\"vertical-align: inherit;\">Provenant de nos mines de marbre soigneusement g\u00e9r\u00e9es, chaque bloc de carri\u00e8re de marbre Silver Portoro est un chef-d'\u0153uvre qui attend de faire honneur \u00e0 votre carri\u00e8re dans le secteur de la construction. <\/span><\/span><\/span><span style=\"vertical-align: inherit;\"><span style=\"vertical-align: inherit;\"><span style=\"vertical-align: inherit;\">Les veines d'argent sont tiss\u00e9es de mani\u00e8re complexe dans la base sombre et profonde, cr\u00e9ant une symphonie visuelle hypnotique, id\u00e9ale pour ceux qui recherchent une \u00e9l\u00e9gance intemporelle.<\/span><\/span><\/span><\/span><\/p>\n<p><strong><span style=\"vertical-align: inherit;\"><span style=\"vertical-align: inherit;\"><span style=\"vertical-align: inherit;\"><span style=\"vertical-align: inherit;\">Extraction exceptionnelle de marbre :<\/span><\/span><\/span><\/span><\/strong><\/p>\n<p><span style=\"vertical-align: inherit;\"><span style=\"vertical-align: inherit;\"><span style=\"vertical-align: inherit;\"><span style=\"vertical-align: inherit;\">phonenix power stone est fi\u00e8re de son engagement en faveur de pratiques d'extraction du marbre durables et responsables. <\/span><\/span><\/span><span style=\"vertical-align: inherit;\"><span style=\"vertical-align: inherit;\"><span style=\"vertical-align: inherit;\">Notre \u00e9quipe de professionnels hautement qualifi\u00e9s extrait le marbre Silver Portoro avec la plus grande pr\u00e9cision, en veillant \u00e0 ce que l'impact sur l'environnement soit minimal. <\/span><\/span><\/span><span style=\"vertical-align: inherit;\"><span style=\"vertical-align: inherit;\"><span style=\"vertical-align: inherit;\">En choisissant phonenix power stone, vous vous associez \u00e0 un fournisseur qui accorde de l'importance \u00e0 l'approvisionnement \u00e9thique et qui respecte les normes les plus strictes de l'industrie.<\/span><\/span><\/span><\/span><\/p>\n<p><strong><span style=\"vertical-align: inherit;\"><span style=\"vertical-align: inherit;\"><span style=\"vertical-align: inherit;\"><span style=\"vertical-align: inherit;\">La polyvalence red\u00e9finie :<\/span><\/span><\/span><\/span><\/strong><\/p>\n<p><span style=\"vertical-align: inherit;\"><span style=\"vertical-align: inherit;\"><span style=\"vertical-align: inherit;\"><span style=\"vertical-align: inherit;\">Des blocs de marbre aux grandes dalles et aux carreaux coup\u00e9s, phonenix power stone propose une vari\u00e9t\u00e9 de produits en marbre Silver Portoro pour r\u00e9pondre \u00e0 vos souhaits uniques en mati\u00e8re de design. <\/span><\/span><\/span><span style=\"vertical-align: inherit;\"><span style=\"vertical-align: inherit;\"><span style=\"vertical-align: inherit;\">Que vous soyez architecte, designer ou revendeur, nos blocs de carri\u00e8re servent de toile vierge, vous permettant de cr\u00e9er un chef-d'\u0153uvre personnalis\u00e9 qui respire la sophistication.<\/span><\/span><\/span><\/span><\/p>\n<p><strong><span style=\"vertical-align: inherit;\"><span style=\"vertical-align: inherit;\"><span style=\"vertical-align: inherit;\"><span style=\"vertical-align: inherit;\">Partenaires mondiaux :<\/span><\/span><\/span><\/span><\/strong><\/p>\n<p><span style=\"vertical-align: inherit;\"><span style=\"vertical-align: inherit;\"><span style=\"vertical-align: inherit;\"><span style=\"vertical-align: inherit;\">En tant que fournisseur mondial de pierres, Langtuo Stone invite chaleureusement les agents internationaux. <\/span><\/span><\/span><span style=\"vertical-align: inherit;\"><span style=\"vertical-align: inherit;\"><span style=\"vertical-align: inherit;\">Rejoignez-nous pour distribuer d'attrayants blocs de marbre portoro argent\u00e9 dans votre r\u00e9gion. <\/span><\/span><\/span><span style=\"vertical-align: inherit;\"><span style=\"vertical-align: inherit;\"><span style=\"vertical-align: inherit;\">B\u00e9n\u00e9ficiez de notre exp\u00e9rience en mati\u00e8re de fourniture de marbre de qualit\u00e9, qui a laiss\u00e9 une marque ind\u00e9l\u00e9bile sur des projets de toutes tailles.<\/span><\/span><\/span><\/span><\/p>\n<p><strong><span style=\"vertical-align: inherit;\"><span style=\"vertical-align: inherit;\"><span style=\"vertical-align: inherit;\"><span style=\"vertical-align: inherit;\">Pourquoi choisir le marbre Portoro argent\u00e9 de phonenix power stone ?<\/span><\/span><\/span><\/span><\/strong><\/p>\n<ol>\n<li><strong><span style=\"vertical-align: inherit;\"><span style=\"vertical-align: inherit;\"><span style=\"vertical-align: inherit;\"><span style=\"vertical-align: inherit;\">Int\u00e9r\u00eat esth\u00e9tique unique :<\/span><\/span><\/span><\/span><\/strong><span style=\"vertical-align: inherit;\"><span style=\"vertical-align: inherit;\"><span style=\"vertical-align: inherit;\"><span style=\"vertical-align: inherit;\"> Les veines argent\u00e9es uniques du marbre Portoro ajoutent une touche de grandeur et de caract\u00e8re \u00e0 tout espace.<\/span><\/span><\/span><\/span><\/li>\n<li><strong><span style=\"vertical-align: inherit;\"><span style=\"vertical-align: inherit;\"><span style=\"vertical-align: inherit;\"><span style=\"vertical-align: inherit;\">Qualit\u00e9 in\u00e9gal\u00e9e :<\/span><\/span><\/span><\/span><\/strong><span style=\"vertical-align: inherit;\"><span style=\"vertical-align: inherit;\"><span style=\"vertical-align: inherit;\"><span style=\"vertical-align: inherit;\"> Phonenix Power Stone adh\u00e8re \u00e0 des mesures strictes de contr\u00f4le de la qualit\u00e9 afin de garantir que chaque pierre r\u00e9ponde aux normes d'excellence les plus \u00e9lev\u00e9es.<\/span><\/span><\/span><\/span><\/li>\n<li><strong><span style=\"vertical-align: inherit;\"><span style=\"vertical-align: inherit;\"><span style=\"vertical-align: inherit;\"><span style=\"vertical-align: inherit;\">DES PRATIQUES DURABLES :<\/span><\/span><\/span><\/span><\/strong><span style=\"vertical-align: inherit;\"><span style=\"vertical-align: inherit;\"><span style=\"vertical-align: inherit;\"><span style=\"vertical-align: inherit;\"> En choisissant Phonenix Power Stone, vous contribuez \u00e0 des pratiques d'extraction du marbre \u00e9thiques et respectueuses de l'environnement.<\/span><\/span><\/span><\/span><\/li>\n<li><strong><span style=\"vertical-align: inherit;\"><span style=\"vertical-align: inherit;\"><span style=\"vertical-align: inherit;\"><span style=\"vertical-align: inherit;\">DES POSSIBILIT\u00c9S DE CONCEPTION INFINIES :<\/span><\/span><\/span><\/span><\/strong><span style=\"vertical-align: inherit;\"><span style=\"vertical-align: inherit;\"><span style=\"vertical-align: inherit;\"><span style=\"vertical-align: inherit;\"> Du classique au contemporain, le marbre Silver Portoro s'int\u00e8gre parfaitement dans une vari\u00e9t\u00e9 de styles d'am\u00e9nagement, offrant des possibilit\u00e9s cr\u00e9atives infinies.<\/span><\/span><\/span><\/span><\/li>\n<li><strong><span style=\"vertical-align: inherit;\"><span style=\"vertical-align: inherit;\"><span style=\"vertical-align: inherit;\"><span style=\"vertical-align: inherit;\">Opportunit\u00e9s de distribution au niveau mondial :<\/span><\/span><\/span><\/span><\/strong><span style=\"vertical-align: inherit;\"><span style=\"vertical-align: inherit;\"><span style=\"vertical-align: inherit;\"><span style=\"vertical-align: inherit;\"> Phonenix Power Stone invite les agents du monde entier \u00e0 travailler avec nous et \u00e0 partager la beaut\u00e9 du marbre Silver Potolo.<\/span><\/span><\/span><\/span><\/li>\n<\/ol>\n<p><strong><span style=\"vertical-align: inherit;\"><span style=\"vertical-align: inherit;\"><span style=\"vertical-align: inherit;\"><span style=\"vertical-align: inherit;\">En r\u00e9sum\u00e9<\/span><\/span><\/span><\/span><\/strong><\/p>\n<p><span style=\"vertical-align: inherit;\"><span style=\"vertical-align: inherit;\"><span style=\"vertical-align: inherit;\"><span style=\"vertical-align: inherit;\">phonenix power stone est plus qu'un simple fournisseur de marbre et de granit, nous sommes des pourvoyeurs d'\u00e9l\u00e9gance, des gardiens de la qualit\u00e9 et des d\u00e9fenseurs des pratiques durables. <\/span><\/span><\/span><span style=\"vertical-align: inherit;\"><span style=\"vertical-align: inherit;\"><span style=\"vertical-align: inherit;\">Mettez en valeur votre vision architecturale avec l'attrait intemporel des blocs de carri\u00e8re de marbre Silver Portoro de phonenix power stone. <\/span><\/span><\/span><span style=\"vertical-align: inherit;\"><span style=\"vertical-align: inherit;\"><span style=\"vertical-align: inherit;\">Embarquez pour un voyage de luxe et de responsabilit\u00e9, de design et de durabilit\u00e9.<\/span><\/span><\/span><\/span><\/p>\n<\/div>","protected":false},"excerpt":{"rendered":"<p>Discover elegance in every neighborhood: silver Portoro marble quarry block from phonenix power stone Welcome to the epitome of natural<\/p>","protected":false},"featured_media":24567,"template":"","meta":[],"product_cat":[191],"product_tag":[],"_links":{"self":[{"href":"https:\/\/stone-phoenix.com\/fr\/wp-json\/wp\/v2\/product\/22207"}],"collection":[{"href":"https:\/\/stone-phoenix.com\/fr\/wp-json\/wp\/v2\/product"}],"about":[{"href":"https:\/\/stone-phoenix.com\/fr\/wp-json\/wp\/v2\/types\/product"}],"wp:featuredmedia":[{"embeddable":true,"href":"https:\/\/stone-phoenix.com\/fr\/wp-json\/wp\/v2\/media\/24567"}],"wp:attachment":[{"href":"https:\/\/stone-phoenix.com\/fr\/wp-json\/wp\/v2\/media?parent=22207"}],"wp:term":[{"taxonomy":"product_cat","embeddable":true,"href":"https:\/\/stone-phoenix.com\/fr\/wp-json\/wp\/v2\/product_cat?post=22207"},{"taxonomy":"product_tag","embeddable":true,"href":"https:\/\/stone-phoenix.com\/fr\/wp-json\/wp\/v2\/product_tag?post=22207"}],"curies":[{"name":"wp","href":"https:\/\/api.w.org\/{rel}","templated":true}]}}