{"id":22278,"date":"2023-12-29T22:56:23","date_gmt":"2023-12-29T14:56:23","guid":{"rendered":"http:\/\/stone-phoenix.com\/product\/black-pebble-stone"},"modified":"2024-03-14T10:32:34","modified_gmt":"2024-03-14T02:32:34","slug":"black-pebble-stone","status":"publish","type":"product","link":"https:\/\/stone-phoenix.com\/fr\/produit\/black-pebble-stone","title":{"rendered":"Pierre de galet noire"},"content":{"rendered":"<div class=\"c\">\n<p><span style=\"line-height: 200%;\"><span style=\"font-size: 16px;\"><a href=\"http:\/\/www.phonenix%20power%20stonestone.com\/black-color-pebble-stone-p00219p1.html\"><strong>Normal Polished Black Pebble Stone<\/strong><\/a>.<br \/>\nLa plupart des installations ne prennent qu'un jour ! Marchez sur le prochain !<br \/>\nGalets de rivi\u00e8re naturels, plusieurs couleurs disponibles<br \/>\nCouvre les fissures et les joints, installation sans joint, aspect plus propre<br \/>\nPatios, entr\u00e9es, terrasses de piscine, jardins, all\u00e9es, planchers de garage, trottoirs, am\u00e9nagement paysager, etc.<br \/>\nLe <a href=\"http:\/\/www.phonenix%20power%20stonestone.com\/black-color-pebble-stone-wholesale-p00218p1.html\"><strong>pierre naturelle noire<\/strong><\/a> Caract\u00e9ristiques : bonne qualit\u00e9, prix bas.<br \/>\n100 % pierre naturelle, conserve la beaut\u00e9 des couleurs naturelles.<\/span><\/span><\/p>\n<div style=\"text-align: center;\"><img loading=\"lazy\" decoding=\"async\" class=\"alignnone  wp-image-25347\" src=\"http:\/\/stone-phoenix.com\/wp-content\/uploads\/2023\/12\/Black-Pebble-Stone-6.jpg\" alt=\"\" width=\"810\" height=\"668\" srcset=\"https:\/\/stone-phoenix.com\/wp-content\/uploads\/2023\/12\/Black-Pebble-Stone-6.jpg 895w, https:\/\/stone-phoenix.com\/wp-content\/uploads\/2023\/12\/Black-Pebble-Stone-6-300x247.jpg 300w, https:\/\/stone-phoenix.com\/wp-content\/uploads\/2023\/12\/Black-Pebble-Stone-6-768x633.jpg 768w, https:\/\/stone-phoenix.com\/wp-content\/uploads\/2023\/12\/Black-Pebble-Stone-6-15x12.jpg 15w, https:\/\/stone-phoenix.com\/wp-content\/uploads\/2023\/12\/Black-Pebble-Stone-6-600x495.jpg 600w, https:\/\/stone-phoenix.com\/wp-content\/uploads\/2023\/12\/Black-Pebble-Stone-6-150x124.jpg 150w\" sizes=\"(max-width: 810px) 100vw, 810px\" \/><\/p>\n<p><span style=\"font-size: 16px;\">Pierre naturelle noire phonenix power stone wholesale<\/span><br \/>\n<img loading=\"lazy\" decoding=\"async\" class=\"alignnone  wp-image-25348\" src=\"http:\/\/stone-phoenix.com\/wp-content\/uploads\/2023\/12\/Black-Pebble-Stone-7.jpg\" alt=\"\" width=\"802\" height=\"894\" srcset=\"https:\/\/stone-phoenix.com\/wp-content\/uploads\/2023\/12\/Black-Pebble-Stone-7.jpg 448w, https:\/\/stone-phoenix.com\/wp-content\/uploads\/2023\/12\/Black-Pebble-Stone-7-269x300.jpg 269w, https:\/\/stone-phoenix.com\/wp-content\/uploads\/2023\/12\/Black-Pebble-Stone-7-11x12.jpg 11w, https:\/\/stone-phoenix.com\/wp-content\/uploads\/2023\/12\/Black-Pebble-Stone-7-150x167.jpg 150w\" sizes=\"(max-width: 802px) 100vw, 802px\" \/><img loading=\"lazy\" decoding=\"async\" class=\"alignnone  wp-image-25349\" src=\"http:\/\/stone-phoenix.com\/wp-content\/uploads\/2023\/12\/Black-Pebble-Stone-8.jpg\" alt=\"\" width=\"798\" height=\"1121\" srcset=\"https:\/\/stone-phoenix.com\/wp-content\/uploads\/2023\/12\/Black-Pebble-Stone-8.jpg 445w, https:\/\/stone-phoenix.com\/wp-content\/uploads\/2023\/12\/Black-Pebble-Stone-8-214x300.jpg 214w, https:\/\/stone-phoenix.com\/wp-content\/uploads\/2023\/12\/Black-Pebble-Stone-8-9x12.jpg 9w, https:\/\/stone-phoenix.com\/wp-content\/uploads\/2023\/12\/Black-Pebble-Stone-8-150x211.jpg 150w\" sizes=\"(max-width: 798px) 100vw, 798px\" \/><\/p>\n<p><img loading=\"lazy\" decoding=\"async\" class=\"\" title=\"Paquet de pierres naturelles en galets noirs.jpg\" src=\"http:\/\/stone-phoenix.com\/wp-content\/uploads\/2023\/12\/black-pebble-stone_658ede1eda036.jpeg\" alt=\"\" width=\"801\" height=\"708\" \/><\/p>\n<p><img decoding=\"async\" title=\"phonenix power stone factory.jpg\" src=\"http:\/\/stone-phoenix.com\/wp-content\/uploads\/2023\/12\/black-pebble-stone_658ede1fbab70.jpeg\" alt=\"\" \/><\/div>\n<\/div>","protected":false},"excerpt":{"rendered":"<p>Pierre de galet noire<\/p>\n<p>Num\u00e9ro d'article : Black Pebble Stone 19042212<\/p>\n<p>Pierre de galet noire<\/p>\n<p>Param\u00e8tres du produit<\/p>\n<p>Couleur :<br \/>\nNoir<\/p>\n<p>Taille :<br \/>\nCoupe sur mesure<\/p>\n<p>Original :<br \/>\nLaizhou, Chine<\/p>\n<p>Finish Way :<br \/>\nNormal Poli<\/p>\n<p>Obtenir un devis gratuit<\/p>","protected":false},"featured_media":25341,"template":"","meta":[],"product_cat":[192],"product_tag":[],"_links":{"self":[{"href":"https:\/\/stone-phoenix.com\/fr\/wp-json\/wp\/v2\/product\/22278"}],"collection":[{"href":"https:\/\/stone-phoenix.com\/fr\/wp-json\/wp\/v2\/product"}],"about":[{"href":"https:\/\/stone-phoenix.com\/fr\/wp-json\/wp\/v2\/types\/product"}],"wp:featuredmedia":[{"embeddable":true,"href":"https:\/\/stone-phoenix.com\/fr\/wp-json\/wp\/v2\/media\/25341"}],"wp:attachment":[{"href":"https:\/\/stone-phoenix.com\/fr\/wp-json\/wp\/v2\/media?parent=22278"}],"wp:term":[{"taxonomy":"product_cat","embeddable":true,"href":"https:\/\/stone-phoenix.com\/fr\/wp-json\/wp\/v2\/product_cat?post=22278"},{"taxonomy":"product_tag","embeddable":true,"href":"https:\/\/stone-phoenix.com\/fr\/wp-json\/wp\/v2\/product_tag?post=22278"}],"curies":[{"name":"wp","href":"https:\/\/api.w.org\/{rel}","templated":true}]}}