{"id":22298,"date":"2023-12-29T22:56:37","date_gmt":"2023-12-29T14:56:37","guid":{"rendered":"http:\/\/stone-phoenix.com\/product\/natural-red-color-pebble-stone"},"modified":"2024-03-14T10:17:55","modified_gmt":"2024-03-14T02:17:55","slug":"natural-red-color-pebble-stone","status":"publish","type":"product","link":"https:\/\/stone-phoenix.com\/fr\/produit\/natural-red-color-pebble-stone","title":{"rendered":"Pierre naturelle de couleur rouge"},"content":{"rendered":"<div class=\"c\">\n<p><span style=\"line-height: 200%;\"><span style=\"font-size: 16px;\"><a href=\"http:\/\/www.phonenix%20power%20stonestone.com\/natural-red-color-pebble-stone-p00229p1.html\"><strong>Pierre naturelle de couleur rouge<\/strong><\/a>.<br \/>\nLa plupart des installations ne prennent qu'un jour ! Marchez sur le prochain !<br \/>\nGalets de rivi\u00e8re naturels, plusieurs couleurs disponibles<br \/>\nCouvre les fissures et les joints, installation sans joint, aspect plus propre<br \/>\nPatios, entr\u00e9es, terrasses de piscine, all\u00e9es, sols de garage, jardins, all\u00e9es, etc.<br \/>\n100 % pierre naturelle, conserve la beaut\u00e9 des couleurs naturelles.<br \/>\n<a href=\"http:\/\/www.phonenix%20power%20stonestone.com\/high-polished-red-color-pebble-stone-p00223p1.html\"><strong>Galets rouges de haute qualit\u00e9<\/strong><\/a>:<br \/>\n1. prix bas, haute qualit\u00e9<br \/>\n2. bonne cr\u00e9dibilit\u00e9, bon service<br \/>\n3. livraison dans les d\u00e9lais<\/span><\/span><\/p>\n<div style=\"text-align: center;\"><img loading=\"lazy\" decoding=\"async\" class=\"alignnone size-full wp-image-25340\" src=\"http:\/\/stone-phoenix.com\/wp-content\/uploads\/2023\/12\/Natural-Red-Color-Pebble-Stone-2.jpg\" alt=\"\" width=\"877\" height=\"727\" srcset=\"https:\/\/stone-phoenix.com\/wp-content\/uploads\/2023\/12\/Natural-Red-Color-Pebble-Stone-2.jpg 877w, https:\/\/stone-phoenix.com\/wp-content\/uploads\/2023\/12\/Natural-Red-Color-Pebble-Stone-2-300x249.jpg 300w, https:\/\/stone-phoenix.com\/wp-content\/uploads\/2023\/12\/Natural-Red-Color-Pebble-Stone-2-768x637.jpg 768w, https:\/\/stone-phoenix.com\/wp-content\/uploads\/2023\/12\/Natural-Red-Color-Pebble-Stone-2-14x12.jpg 14w, https:\/\/stone-phoenix.com\/wp-content\/uploads\/2023\/12\/Natural-Red-Color-Pebble-Stone-2-600x497.jpg 600w, https:\/\/stone-phoenix.com\/wp-content\/uploads\/2023\/12\/Natural-Red-Color-Pebble-Stone-2-150x124.jpg 150w\" sizes=\"(max-width: 877px) 100vw, 877px\" \/><\/p>\n<p><span style=\"font-size: 16px;\">Pierre naturelle de couleur rouge<\/span><\/p>\n<p><img decoding=\"async\" title=\"Paquet de pierres naturelles de couleur rouge.jpg\" src=\"http:\/\/stone-phoenix.com\/wp-content\/uploads\/2023\/12\/natural-red-color-pebble-stone_658ede2ab3c93.jpeg\" alt=\"\" \/><\/p>\n<p><img decoding=\"async\" title=\"phonenix power stone factory.jpg\" src=\"http:\/\/stone-phoenix.com\/wp-content\/uploads\/2023\/12\/natural-red-color-pebble-stone_658ede2aed9d4.jpeg\" alt=\"\" \/><\/div>\n<\/div>","protected":false},"excerpt":{"rendered":"<p>Pierre naturelle de couleur rouge<\/p>\n<p>Num\u00e9ro d'article : Pierre de galet de couleur rouge naturelle 19040112<\/p>\n<p>Pierre naturelle de couleur rouge<\/p>\n<p>Param\u00e8tres du produit<\/p>\n<p>Couleur :<br \/>\nPierre naturelle de couleur rouge<\/p>\n<p>Taille :<br \/>\nCoupe sur mesure<\/p>\n<p>Original :<br \/>\nLaizhou, Chine<\/p>\n<p>Finish Way :<br \/>\nPoli<\/p>\n<p>Obtenir un devis gratuit<\/p>","protected":false},"featured_media":25338,"template":"","meta":[],"product_cat":[192],"product_tag":[],"_links":{"self":[{"href":"https:\/\/stone-phoenix.com\/fr\/wp-json\/wp\/v2\/product\/22298"}],"collection":[{"href":"https:\/\/stone-phoenix.com\/fr\/wp-json\/wp\/v2\/product"}],"about":[{"href":"https:\/\/stone-phoenix.com\/fr\/wp-json\/wp\/v2\/types\/product"}],"wp:featuredmedia":[{"embeddable":true,"href":"https:\/\/stone-phoenix.com\/fr\/wp-json\/wp\/v2\/media\/25338"}],"wp:attachment":[{"href":"https:\/\/stone-phoenix.com\/fr\/wp-json\/wp\/v2\/media?parent=22298"}],"wp:term":[{"taxonomy":"product_cat","embeddable":true,"href":"https:\/\/stone-phoenix.com\/fr\/wp-json\/wp\/v2\/product_cat?post=22298"},{"taxonomy":"product_tag","embeddable":true,"href":"https:\/\/stone-phoenix.com\/fr\/wp-json\/wp\/v2\/product_tag?post=22298"}],"curies":[{"name":"wp","href":"https:\/\/api.w.org\/{rel}","templated":true}]}}