{"id":22345,"date":"2023-12-29T22:57:12","date_gmt":"2023-12-29T14:57:12","guid":{"rendered":"http:\/\/stone-phoenix.com\/product\/mix-color-pebble-stone"},"modified":"2024-03-14T10:01:27","modified_gmt":"2024-03-14T02:01:27","slug":"mix-color-pebble-stone-2","status":"publish","type":"product","link":"https:\/\/stone-phoenix.com\/fr\/produit\/mix-color-pebble-stone-2","title":{"rendered":"Mix Color Pebble Stone"},"content":{"rendered":"<div class=\"c\">\n<p><span style=\"line-height: 200%;\"><span style=\"font-size: 16px;\"><a href=\"http:\/\/www.phonenix%20power%20stonestone.com\/natural-mix-color-pebble-stone-p00228p1.html\"><strong>Pierre de galets polis de couleur mixte naturelle<\/strong><\/a>\u00a0.<br \/>\nLa plupart des installations ne prennent qu'une journ\u00e9e. Marchez sur le prochain.<br \/>\nGalets de rivi\u00e8re naturels, plusieurs couleurs disponibles.<br \/>\nCouvre les fissures et les joints, installation sans joint, aspect plus propre.<br \/>\nPatios, entr\u00e9es, terrasses de piscine, jardins, all\u00e9es, grands sols, all\u00e9es, am\u00e9nagements paysagers, etc.<br \/>\nLa haute qualit\u00e9 <a href=\"http:\/\/www.phonenix%20power%20stonestone.com\/mix-color-pebble-stone-wholesale-p00225p1.html\"><strong>m\u00e9lange paysager couleur galets<\/strong><\/a> Caract\u00e9ristiques : bonne qualit\u00e9, prix bas.<br \/>\n100% pierre naturelle, conserve la beaut\u00e9 des couleurs naturelles.<\/span><\/span><\/p>\n<div style=\"text-align: center;\"><img loading=\"lazy\" decoding=\"async\" class=\"alignnone size-full wp-image-25334\" src=\"http:\/\/stone-phoenix.com\/wp-content\/uploads\/2023\/12\/Mix-Color-Pebble-Stone-2.jpg\" alt=\"\" width=\"900\" height=\"1204\" srcset=\"https:\/\/stone-phoenix.com\/wp-content\/uploads\/2023\/12\/Mix-Color-Pebble-Stone-2.jpg 900w, https:\/\/stone-phoenix.com\/wp-content\/uploads\/2023\/12\/Mix-Color-Pebble-Stone-2-224x300.jpg 224w, https:\/\/stone-phoenix.com\/wp-content\/uploads\/2023\/12\/Mix-Color-Pebble-Stone-2-765x1024.jpg 765w, https:\/\/stone-phoenix.com\/wp-content\/uploads\/2023\/12\/Mix-Color-Pebble-Stone-2-768x1027.jpg 768w, https:\/\/stone-phoenix.com\/wp-content\/uploads\/2023\/12\/Mix-Color-Pebble-Stone-2-9x12.jpg 9w, https:\/\/stone-phoenix.com\/wp-content\/uploads\/2023\/12\/Mix-Color-Pebble-Stone-2-600x803.jpg 600w, https:\/\/stone-phoenix.com\/wp-content\/uploads\/2023\/12\/Mix-Color-Pebble-Stone-2-150x201.jpg 150w\" sizes=\"(max-width: 900px) 100vw, 900px\" \/><\/p>\n<p><span style=\"font-size: 16px;\">Galets naturels polis de couleur mixte<\/span><\/p>\n<p><img decoding=\"async\" style=\"width: 600px; height: 530px;\" title=\"Am\u00e9nagements paysagers de haute qualit\u00e9 M\u00e9lange de galets Paquet de pierres.jpg\" src=\"http:\/\/stone-phoenix.com\/wp-content\/uploads\/2023\/12\/mix-color-pebble-stone_658ede4dcd387.jpeg\" alt=\"\" \/><\/p>\n<p><img decoding=\"async\" style=\"width: 600px; height: 350px;\" title=\"phonenix power stone factory.jpg\" src=\"http:\/\/stone-phoenix.com\/wp-content\/uploads\/2023\/12\/mix-color-pebble-stone_658ede4e0c2c8.jpeg\" alt=\"\" \/><\/div>\n<\/div>","protected":false},"excerpt":{"rendered":"<p>Mix Color Pebble Stone<\/p>\n<p>Num\u00e9ro d'article : Phoenix Power Pebble Stone 190401009<\/p>\n<p>Mix Color Pebble Stone<\/p>\n<p>Param\u00e8tres du produit<\/p>\n<p>Couleur :<br \/>\nMix Color Pebble Stone<\/p>\n<p>Taille :<br \/>\nCoupe sur mesure<\/p>\n<p>Original :<br \/>\nLaizhou, Chine<\/p>\n<p>Finish Way :<br \/>\nPoli<\/p>\n<p>Obtenir un devis gratuit<\/p>","protected":false},"featured_media":25332,"template":"","meta":[],"product_cat":[192],"product_tag":[],"_links":{"self":[{"href":"https:\/\/stone-phoenix.com\/fr\/wp-json\/wp\/v2\/product\/22345"}],"collection":[{"href":"https:\/\/stone-phoenix.com\/fr\/wp-json\/wp\/v2\/product"}],"about":[{"href":"https:\/\/stone-phoenix.com\/fr\/wp-json\/wp\/v2\/types\/product"}],"wp:featuredmedia":[{"embeddable":true,"href":"https:\/\/stone-phoenix.com\/fr\/wp-json\/wp\/v2\/media\/25332"}],"wp:attachment":[{"href":"https:\/\/stone-phoenix.com\/fr\/wp-json\/wp\/v2\/media?parent=22345"}],"wp:term":[{"taxonomy":"product_cat","embeddable":true,"href":"https:\/\/stone-phoenix.com\/fr\/wp-json\/wp\/v2\/product_cat?post=22345"},{"taxonomy":"product_tag","embeddable":true,"href":"https:\/\/stone-phoenix.com\/fr\/wp-json\/wp\/v2\/product_tag?post=22345"}],"curies":[{"name":"wp","href":"https:\/\/api.w.org\/{rel}","templated":true}]}}