{"id":22360,"date":"2023-12-29T22:57:23","date_gmt":"2023-12-29T14:57:23","guid":{"rendered":"http:\/\/stone-phoenix.com\/product\/mix-color-pebble-stone-wholesale"},"modified":"2024-03-14T09:56:36","modified_gmt":"2024-03-14T01:56:36","slug":"mix-color-pebble-stone-wholesale","status":"publish","type":"product","link":"https:\/\/stone-phoenix.com\/fr\/produit\/mix-color-pebble-stone-wholesale","title":{"rendered":"Pierre de galets de couleur mixte Commerce de gros"},"content":{"rendered":"<div class=\"c\">\n<p><span style=\"line-height: 200%;\"><span style=\"font-size: 16px;\"><a href=\"http:\/\/www.phonenix%20power%20stonestone.com\/natural-mix-color-pebble-stone-p00228p1.html\"><strong>Pierre de galets de couleur mixte Commerce de gros<\/strong><\/a>.<\/span><\/span><br \/>\n<span style=\"line-height: 200%;\"><span style=\"font-size: 16px;\">Les galets sont largement utilis\u00e9s dans l'am\u00e9nagement paysager, la construction, la d\u00e9coration int\u00e9rieure, les jardins, les patios, les all\u00e9es...<br \/>\nGalets de rivi\u00e8re naturels, plusieurs couleurs disponibles.<br \/>\nCouvre les fissures et les joints, installation sans joint, aspect plus propre.<br \/>\n100% pierre naturelle, conserve la beaut\u00e9 des couleurs naturelles.<br \/>\n<a href=\"http:\/\/www.phonenix%20power%20stonestone.com\/mix-color-pebble-stone-p00226p1.html\"><strong>Pierre naturelle polie de couleur mixte<\/strong><\/a>:<br \/>\n1. prix bas, haute qualit\u00e9 ;<br \/>\n2. bonne cr\u00e9dibilit\u00e9, bon service ;<br \/>\n3. livraison dans les d\u00e9lais.<\/span><\/span><\/p>\n<div style=\"text-align: center;\"><img loading=\"lazy\" decoding=\"async\" class=\"alignnone size-full wp-image-25331\" src=\"http:\/\/stone-phoenix.com\/wp-content\/uploads\/2023\/12\/Mix-Color-Pebble-Stone-Wholesale-2.jpg\" alt=\"\" width=\"898\" height=\"706\" srcset=\"https:\/\/stone-phoenix.com\/wp-content\/uploads\/2023\/12\/Mix-Color-Pebble-Stone-Wholesale-2.jpg 898w, https:\/\/stone-phoenix.com\/wp-content\/uploads\/2023\/12\/Mix-Color-Pebble-Stone-Wholesale-2-300x236.jpg 300w, https:\/\/stone-phoenix.com\/wp-content\/uploads\/2023\/12\/Mix-Color-Pebble-Stone-Wholesale-2-768x604.jpg 768w, https:\/\/stone-phoenix.com\/wp-content\/uploads\/2023\/12\/Mix-Color-Pebble-Stone-Wholesale-2-15x12.jpg 15w, https:\/\/stone-phoenix.com\/wp-content\/uploads\/2023\/12\/Mix-Color-Pebble-Stone-Wholesale-2-600x472.jpg 600w, https:\/\/stone-phoenix.com\/wp-content\/uploads\/2023\/12\/Mix-Color-Pebble-Stone-Wholesale-2-150x118.jpg 150w\" sizes=\"(max-width: 898px) 100vw, 898px\" \/><\/p>\n<p><span style=\"font-size: 16px;\">Pierre de galets de couleur mixte phonenix power stone Wholesale<\/span><\/p>\n<p><img decoding=\"async\" title=\"Paquet de galets de couleur m\u00e9lang\u00e9e de haute qualit\u00e9.jpg\" src=\"http:\/\/stone-phoenix.com\/wp-content\/uploads\/2023\/12\/mix-color-pebble-stone-wholesale_658ede59e49f4.jpeg\" alt=\"\" \/><\/p>\n<p><img decoding=\"async\" title=\"phonenix power stone factory.jpg\" src=\"http:\/\/stone-phoenix.com\/wp-content\/uploads\/2023\/12\/mix-color-pebble-stone-wholesale_658ede5a23f72.jpeg\" alt=\"\" \/><\/div>\n<\/div>","protected":false},"excerpt":{"rendered":"<p>Pierre de galets de couleur mixte Commerce de gros<\/p>\n<p>Num\u00e9ro d'article : Mix Color Pebble Stone Wholesale<\/p>\n<p>Pierre de galets de couleur mixte Commerce de gros<\/p>\n<p>Param\u00e8tres du produit<\/p>\n<p>Couleur :<br \/>\nDiverses couleurs<\/p>\n<p>Taille :<br \/>\nCoupe sur mesure<\/p>\n<p>Original :<br \/>\nLaizhou, Chine<\/p>\n<p>Finish Way :<br \/>\nPoli<\/p>\n<p>Obtenir un devis gratuit<\/p>","protected":false},"featured_media":25329,"template":"","meta":[],"product_cat":[192],"product_tag":[],"_links":{"self":[{"href":"https:\/\/stone-phoenix.com\/fr\/wp-json\/wp\/v2\/product\/22360"}],"collection":[{"href":"https:\/\/stone-phoenix.com\/fr\/wp-json\/wp\/v2\/product"}],"about":[{"href":"https:\/\/stone-phoenix.com\/fr\/wp-json\/wp\/v2\/types\/product"}],"wp:featuredmedia":[{"embeddable":true,"href":"https:\/\/stone-phoenix.com\/fr\/wp-json\/wp\/v2\/media\/25329"}],"wp:attachment":[{"href":"https:\/\/stone-phoenix.com\/fr\/wp-json\/wp\/v2\/media?parent=22360"}],"wp:term":[{"taxonomy":"product_cat","embeddable":true,"href":"https:\/\/stone-phoenix.com\/fr\/wp-json\/wp\/v2\/product_cat?post=22360"},{"taxonomy":"product_tag","embeddable":true,"href":"https:\/\/stone-phoenix.com\/fr\/wp-json\/wp\/v2\/product_tag?post=22360"}],"curies":[{"name":"wp","href":"https:\/\/api.w.org\/{rel}","templated":true}]}}