{"id":22376,"date":"2023-12-29T22:57:35","date_gmt":"2023-12-29T14:57:35","guid":{"rendered":"http:\/\/stone-phoenix.com\/product\/high-white-color-pebble-stone"},"modified":"2024-03-14T09:49:36","modified_gmt":"2024-03-14T01:49:36","slug":"high-white-color-pebble-stone","status":"publish","type":"product","link":"https:\/\/stone-phoenix.com\/fr\/produit\/high-white-color-pebble-stone","title":{"rendered":"Pierre de galets de couleur blanche"},"content":{"rendered":"<div class=\"c\">\n<p><span style=\"line-height: 200%;\"><span style=\"font-size: 16px;\"><a href=\"http:\/\/www.phonenix%20power%20stonestone.com\/high-white-color-pebble-stone-p00224p1.html\"><strong>Pierre de galets de couleur blanche<\/strong><\/a> Phoenix Power stone Wholesale.<br \/>\nLa plupart des installations ne prennent qu'une journ\u00e9e. Marchez le lendemain.<br \/>\nGalets de rivi\u00e8re naturels, plusieurs couleurs disponibles.<br \/>\nCouvre les fissures et les joints, pose sans joint, aspect plus propre.<br \/>\nPatios, entr\u00e9es, terrasses de piscine, gradins, voies d'acc\u00e8s, sols de garage, all\u00e9es, am\u00e9nagement paysager, etc.<br \/>\nLe <a href=\"http:\/\/www.phonenix%20power%20stonestone.com\/mix-color-pebble-stone-wholesale-p00225p1.html\"><strong>am\u00e9nagement paysager galets de couleur blanche<\/strong><\/a> Caract\u00e9ristiques : bonne qualit\u00e9, prix bas.<br \/>\n100% pierre naturelle, conserve la beaut\u00e9 des couleurs naturelles.<\/span><\/span><\/p>\n<div style=\"text-align: center;\"><img loading=\"lazy\" decoding=\"async\" class=\"alignnone size-full wp-image-25328\" src=\"http:\/\/stone-phoenix.com\/wp-content\/uploads\/2023\/12\/High-White-Color-Pebble-Stone-2.jpg\" alt=\"\" width=\"898\" height=\"676\" srcset=\"https:\/\/stone-phoenix.com\/wp-content\/uploads\/2023\/12\/High-White-Color-Pebble-Stone-2.jpg 898w, https:\/\/stone-phoenix.com\/wp-content\/uploads\/2023\/12\/High-White-Color-Pebble-Stone-2-300x226.jpg 300w, https:\/\/stone-phoenix.com\/wp-content\/uploads\/2023\/12\/High-White-Color-Pebble-Stone-2-768x578.jpg 768w, https:\/\/stone-phoenix.com\/wp-content\/uploads\/2023\/12\/High-White-Color-Pebble-Stone-2-16x12.jpg 16w, https:\/\/stone-phoenix.com\/wp-content\/uploads\/2023\/12\/High-White-Color-Pebble-Stone-2-600x452.jpg 600w, https:\/\/stone-phoenix.com\/wp-content\/uploads\/2023\/12\/High-White-Color-Pebble-Stone-2-150x113.jpg 150w\" sizes=\"(max-width: 898px) 100vw, 898px\" \/><\/p>\n<p><span style=\"font-size: 16px;\">Pierre de couleur blanche \u00e0 haute teneur en cailloux phonenix power stone Wholesale<\/span><\/p>\n<p><img decoding=\"async\" title=\"Am\u00e9nagement paysager Couleur blanche Paquet de pierres.jpg\" src=\"http:\/\/stone-phoenix.com\/wp-content\/uploads\/2023\/12\/high-white-color-pebble-stone_658ede655936e.jpeg\" alt=\"\" \/><\/p>\n<p><img decoding=\"async\" title=\"phonenix power stone factory.jpg\" src=\"http:\/\/stone-phoenix.com\/wp-content\/uploads\/2023\/12\/high-white-color-pebble-stone_658ede658f16a.jpeg\" alt=\"\" \/><\/div>\n<\/div>","protected":false},"excerpt":{"rendered":"<p>Pierre de galets de couleur blanche<\/p>\n<p>Num\u00e9ro d'article : Phoenix Power Pebble Stone 190401008<\/p>\n<p>Pierre de galets de couleur blanche<\/p>\n<p>Param\u00e8tres du produit<\/p>\n<p>Couleur :<br \/>\nCouleur blanche<\/p>\n<p>Taille :<br \/>\nCoupe sur mesure<\/p>\n<p>Original :<br \/>\nLaizhou, Chine<\/p>\n<p>Finish Way :<br \/>\nPoli<\/p>\n<p>Obtenir un devis gratuit<\/p>","protected":false},"featured_media":25326,"template":"","meta":[],"product_cat":[192],"product_tag":[],"_links":{"self":[{"href":"https:\/\/stone-phoenix.com\/fr\/wp-json\/wp\/v2\/product\/22376"}],"collection":[{"href":"https:\/\/stone-phoenix.com\/fr\/wp-json\/wp\/v2\/product"}],"about":[{"href":"https:\/\/stone-phoenix.com\/fr\/wp-json\/wp\/v2\/types\/product"}],"wp:featuredmedia":[{"embeddable":true,"href":"https:\/\/stone-phoenix.com\/fr\/wp-json\/wp\/v2\/media\/25326"}],"wp:attachment":[{"href":"https:\/\/stone-phoenix.com\/fr\/wp-json\/wp\/v2\/media?parent=22376"}],"wp:term":[{"taxonomy":"product_cat","embeddable":true,"href":"https:\/\/stone-phoenix.com\/fr\/wp-json\/wp\/v2\/product_cat?post=22376"},{"taxonomy":"product_tag","embeddable":true,"href":"https:\/\/stone-phoenix.com\/fr\/wp-json\/wp\/v2\/product_tag?post=22376"}],"curies":[{"name":"wp","href":"https:\/\/api.w.org\/{rel}","templated":true}]}}